{"id":10,"date":"2024-10-06T20:27:37","date_gmt":"2024-10-06T20:27:37","guid":{"rendered":"https:\/\/frcs-research.com\/home\/"},"modified":"2026-01-28T18:27:08","modified_gmt":"2026-01-28T18:27:08","slug":"home","status":"publish","type":"page","link":"https:\/\/frcs-research.com\/cs\/","title":{"rendered":"Domov"},"content":{"rendered":"<div class=\"wp-block-uagb-container uagb-layout-grid uagb-block-f2002f91 alignfull uagb-is-root-container\"><div class=\"uagb-container-inner-blocks-wrap\">\n<div class=\"wp-block-uagb-info-box uagb-block-180ac6e6 uagb-infobox__content-wrap  uagb-infobox-icon-above-title uagb-infobox-image-valign-top\"><div class=\"uagb-ifb-content\"><div class=\"uagb-ifb-title-wrap\"><h1 class=\"uagb-ifb-title\">V\u00edtejte ve v\u00fdzkumu FRCS: V\u00e1\u0161 d\u016fv\u011bryhodn\u00fd zdroj pro mefedron (4-MMC), 3-MMC a syntetick\u00e9 kathinony<\/h1><\/div><p class=\"uagb-ifb-desc\">Hled\u00e1te? <strong>v\u00fdzkumn\u00e9 chemik\u00e1lie pr\u00e9miov\u00e9 kvality<\/strong>? Na <strong>V\u00fdzkum FRCS<\/strong>, specializujeme se na poskytov\u00e1n\u00ed nejvy\u0161\u0161\u00ed kvality <strong>mefedron (4-MMC)<\/strong>, <strong>3-MMC<\/strong>a dal\u0161\u00ed nejmodern\u011bj\u0161\u00ed <strong>syntetick\u00e9 katinony<\/strong> aby vyhovoval va\u0161im v\u00fdzkumn\u00fdm a experiment\u00e1ln\u00edm pot\u0159eb\u00e1m.<\/p><div class=\"uagb-ifb-button-wrapper wp-block-button\"><a href=\"\/cs\/nakupovat\/\" class=\"uagb-infobox-cta-link wp-block-button__link\" target=\"_self\" rel=\"noopener noreferrer\" onclick=\"return true;\"><span class=\"uagb-inline-editing\">NAKUPOVAT<\/span><svg xmlns=\"https:\/\/www.w3.org\/2000\/svg\" viewbox=\"0 0 448 512\"><path d=\"M438.6 278.6l-160 160C272.4 444.9 264.2 448 256 448s-16.38-3.125-22.62-9.375c-12.5-12.5-12.5-32.75 0-45.25L338.8 288H32C14.33 288 .0016 273.7 .0016 256S14.33 224 32 224h306.8l-105.4-105.4c-12.5-12.5-12.5-32.75 0-45.25s32.75-12.5 45.25 0l160 160C451.1 245.9 451.1 266.1 438.6 278.6z\"><\/path><\/svg><\/a><\/div><\/div><\/div>\n\n\n\n<div class=\"wp-block-uagb-image alignleft uagb-block-28621110 wp-block-uagb-image--layout-default wp-block-uagb-image--effect-static wp-block-uagb-image--align-left aligncenter\"><figure class=\"wp-block-uagb-image__figure\"><img decoding=\"async\" srcset=\"https:\/\/frcs-research.com\/wp-content\/uploads\/2024\/10\/photo_2024-10-09_01-16-43-559x1024.jpg ,https:\/\/frcs-research.com\/wp-content\/uploads\/2024\/10\/photo_2024-10-09_01-16-43.jpg 780w, https:\/\/frcs-research.com\/wp-content\/uploads\/2024\/10\/photo_2024-10-09_01-16-43.jpg 360w\" sizes=\"auto, (max-width: 480px) 150px\" src=\"https:\/\/frcs-research.com\/wp-content\/uploads\/2024\/10\/photo_2024-10-09_01-16-43-559x1024.jpg\" alt=\"ZAKOUPTE 3 MMC ONLINE\" class=\"uag-image-591\" width=\"559\" height=\"653\" title=\"foto_2024-10-09_01-16-43\" loading=\"lazy\" role=\"img\"\/><\/figure><\/div>\n<\/div><\/div>\n\n\n\n<div class=\"wp-block-uagb-container uagb-layout-grid uagb-block-c3878d39 alignfull uagb-is-root-container\"><div class=\"uagb-container-inner-blocks-wrap\">\n<div class=\"wp-block-uagb-image alignleft uagb-block-1c92cac7 wp-block-uagb-image--layout-default wp-block-uagb-image--effect-static wp-block-uagb-image--align-left\"><figure class=\"wp-block-uagb-image__figure\"><img decoding=\"async\" srcset=\"https:\/\/frcs-research.com\/wp-content\/uploads\/2024\/10\/photo_2024-09-17_13-36-27.jpg ,https:\/\/frcs-research.com\/wp-content\/uploads\/2024\/10\/photo_2024-09-17_13-36-27.jpg 780w, https:\/\/frcs-research.com\/wp-content\/uploads\/2024\/10\/photo_2024-09-17_13-36-27.jpg 360w\" sizes=\"auto, (max-width: 480px) 150px\" src=\"https:\/\/frcs-research.com\/wp-content\/uploads\/2024\/10\/photo_2024-09-17_13-36-27.jpg\" alt=\"KOUPIT MEFEDRON ONLINE\" class=\"uag-image-593\" width=\"500\" height=\"500\" title=\"foto_2024-09-17_13-36-27\" loading=\"lazy\" role=\"img\"\/><\/figure><\/div>\n\n\n\n<div class=\"wp-block-uagb-info-box uagb-block-cc48bcab uagb-infobox__content-wrap  uagb-infobox-icon-above-title uagb-infobox-image-valign-top\"><div class=\"uagb-ifb-content\"><div class=\"uagb-ifb-title-wrap\"><h5 class=\"uagb-ifb-title-prefix\">Pro\u010d si vybrat FRCS Research?<\/h5><h2 class=\"uagb-ifb-title\"><strong>Vysoce \u010dist\u00e9 chemik\u00e1lie<\/strong><\/h2><\/div><p class=\"uagb-ifb-desc\">Zaji\u0161\u0165ujeme, aby v\u0161echny na\u0161e produkty, v\u010detn\u011b <strong><a href=\"https:\/\/frcs-research.com\/cs\/product\/prodam-prasek-4-mmc\/\">4-MMC<\/a><\/strong> a <strong><a href=\"https:\/\/frcs-research.com\/cs\/product\/koupit-3-mmc\/\">3-MMC<\/a><\/strong>proch\u00e1zej\u00ed p\u0159\u00edsn\u00fdm testov\u00e1n\u00edm kvality a \u010distoty.<br><strong>Bezpe\u010dn\u00e9 a zabezpe\u010den\u00e9 transakce<\/strong>: V\u00e1\u017e\u00edme si va\u0161eho soukrom\u00ed. Proto poskytujeme <strong>diskr\u00e9tn\u00ed doprava<\/strong> a <strong>mo\u017enosti bezpe\u010dn\u00e9 platby<\/strong>, tak\u017ee va\u0161e nakupov\u00e1n\u00ed bude bezprobl\u00e9mov\u00e9.<br><strong>Rychl\u00e1 celosv\u011btov\u00e1 p\u0159eprava<\/strong>: A\u0165 u\u017e hled\u00e1te <strong>koupit 4-MMC online<\/strong> nebo jin\u00e9 syntetick\u00e9 katinony, kter\u00e9 nab\u00edz\u00edme <strong>rychl\u00e9, spolehliv\u00e9 odesl\u00e1n\u00ed<\/strong> tak\u017ee va\u0161e objedn\u00e1vka doraz\u00ed bezpe\u010dn\u011b a v\u010das.<\/p><div class=\"uagb-ifb-button-wrapper wp-block-button\"><a href=\"\/cs\/nakupovat\/\" class=\"uagb-infobox-cta-link wp-block-button__link\" target=\"_self\" rel=\"noopener noreferrer\" onclick=\"return true;\"><span class=\"uagb-inline-editing\">NAKUPOVAT<\/span><svg xmlns=\"https:\/\/www.w3.org\/2000\/svg\" viewbox=\"0 0 448 512\"><path d=\"M438.6 278.6l-160 160C272.4 444.9 264.2 448 256 448s-16.38-3.125-22.62-9.375c-12.5-12.5-12.5-32.75 0-45.25L338.8 288H32C14.33 288 .0016 273.7 .0016 256S14.33 224 32 224h306.8l-105.4-105.4c-12.5-12.5-12.5-32.75 0-45.25s32.75-12.5 45.25 0l160 160C451.1 245.9 451.1 266.1 438.6 278.6z\"><\/path><\/svg><\/a><\/div><\/div><\/div>\n<\/div><\/div>\n\n\n\n<div class=\"wp-block-uagb-container uagb-block-aee62949 alignfull uagb-is-root-container\"><div class=\"uagb-container-inner-blocks-wrap\">\n<div class=\"wp-block-uagb-advanced-heading uagb-block-5d255cf4\"><h2 class=\"uagb-heading-text\">Co je mefedron (4-MMC)?<\/h2><\/div>\n\n\n\n<p class=\"has-text-align-center\"><strong>mefedron<\/strong>, b\u011b\u017en\u011b zn\u00e1m\u00fd jako <strong>4-MMC<\/strong>, je popul\u00e1rn\u00ed <strong><a href=\"https:\/\/frcs-research.com\/cs\/product-category\/synteticke-katinony\/\">syntetick\u00fd katinon<\/a><\/strong> \u0161iroce pou\u017e\u00edvan\u00e9 ve v\u011bdeck\u00e9m a experiment\u00e1ln\u00edm v\u00fdzkumu. Zn\u00e1m\u00fd pro sv\u00e9 stimula\u010dn\u00ed a empatogenn\u00ed vlastnosti, <strong><a href=\"https:\/\/de.wikipedia.org\/wiki\/Mephedron\">4-MMC<\/a><\/strong> je strukturn\u011b podobn\u00fd katinonov\u00fdm slou\u010denin\u00e1m nalezen\u00fdm v rostlin\u011b khat. V\u011bdci \u010dasto studuj\u00ed jeho \u00fa\u010dinky na chov\u00e1n\u00ed, nervov\u00fd syst\u00e9m a psychostimulaci.<\/p>\n\n\n\n<p class=\"has-text-align-center\">Na <strong>V\u00fdzkum FRCS<\/strong>, nab\u00edz\u00edme <strong>4-MMC na prodej<\/strong> ve sv\u00e9 nej\u010dist\u0161\u00ed podob\u011b. A\u0165 u\u017e prov\u00e1d\u00edte behavior\u00e1ln\u00ed studie nebo chemick\u00e9 anal\u00fdzy, na\u0161e <strong>vysoce \u010dist\u00fd mefedron<\/strong> zaru\u010duje spolehliv\u00e9 v\u00fdsledky.<\/p>\n\n\n\n<div class=\"wp-block-uagb-container uagb-block-32b54f47\">\n<div class=\"wp-block-uagb-info-box uagb-block-dacf7df8 uagb-infobox__content-wrap  uagb-infobox-icon-above-title uagb-infobox-image-valign-top\"><div class=\"uagb-ifb-content\"><div class=\"uagb-ifb-image-content\"><img decoding=\"async\" src=\"https:\/\/frcs-research.com\/wp-content\/uploads\/2024\/10\/photo_2024-10-09_01-18-30.jpg\" alt=\"ZAKOUPTE 4 MMC ONLINE\" width=\"960\" height=\"1280\" loading=\"lazy\"\/><\/div><div class=\"uagb-ifb-title-wrap\"><h4 class=\"uagb-ifb-title\">Koupit 3-MMC \u2013 alternativa mefedronu<\/h4><\/div><p class=\"uagb-ifb-desc\"><strong>3-MMC<\/strong> (3-methylmethcathinone) je dal\u0161\u00ed siln\u00fd <strong>syntetick\u00fd katinon<\/strong> kter\u00e1 si z\u00edskala popularitu jako a <strong>v\u00fdzkumn\u00e1 chemik\u00e1lie<\/strong> d\u00edky sv\u00fdm stimula\u010dn\u00edm a empatogenn\u00edm \u00fa\u010dink\u016fm, podobn\u011b jako 4-MMC. \u010casto je vyhled\u00e1v\u00e1n v\u00fdzkumn\u00edky, kte\u0159\u00ed studuj\u00ed \u00fa\u010dinky nov\u00fdch psychoaktivn\u00edch l\u00e1tek (NPS) na mozek a chov\u00e1n\u00ed.<br>Pokud hled\u00e1te <strong><a href=\"https:\/\/frcs-research.com\/cs\/product\/koupit-3-mmc\/\">3-MMC na prodej<\/a> pro v\u00fdzkumn\u00e9 \u00fa\u010dely<\/strong>, <strong>V\u00fdzkum FRCS<\/strong> je v\u00e1\u0161 d\u016fv\u011bryhodn\u00fd dodavatel. poskytujeme <strong>\u010dist\u00fd, laboratorn\u011b testovan\u00fd 3-MMC<\/strong> pro v\u0161echny va\u0161e experiment\u00e1ln\u00ed pot\u0159eby.<\/p><\/div><\/div>\n\n\n\n<div class=\"wp-block-uagb-info-box uagb-block-bc51b5c7 uagb-infobox__content-wrap  uagb-infobox-icon-above-title uagb-infobox-image-valign-top\"><div class=\"uagb-ifb-content\"><div class=\"uagb-ifb-image-content\"><img decoding=\"async\" src=\"https:\/\/frcs-research.com\/wp-content\/uploads\/2024\/10\/photo_2024-10-09_01-16-43.jpg\" alt=\"ZAKOUPTE 3 MMC ONLINE\" width=\"699\" height=\"1280\" loading=\"lazy\"\/><\/div><div class=\"uagb-ifb-title-wrap\"><h4 class=\"uagb-ifb-title\">Dal\u0161\u00ed obl\u00edben\u00e9 v\u00fdzkumn\u00e9 chemik\u00e1lie<\/h4><\/div><p class=\"uagb-ifb-desc\">Krom\u011b toho <strong>mefedron (4-MMC)<\/strong> a <strong>3-MMC<\/strong>, nab\u00edz\u00edme \u0161irokou \u0161k\u00e1lu syntetick\u00fdch kathinon\u016f a v\u00fdzkumn\u00fdch chemik\u00e1li\u00ed, v\u010detn\u011b:<br><strong><a href=\"https:\/\/frcs-research.com\/cs\/product\/koupit-alfa-pvp\/\">Alfa-PVP<\/a> (\u03b1-pyrolidinopentiofenon)<\/strong><br><strong>MDPHP (3\u2032,4\u2032-methylendioxy-\u03b1-pyrrolidinohexiofenon)<\/strong><br><strong><a href=\"https:\/\/frcs-research.com\/cs\/product\/n-ethylhexedron\/\">NEP (N-ethylpentylon)<\/a><\/strong><br>Ka\u017ed\u00fd z na\u0161ich produkt\u016f poch\u00e1z\u00ed od renomovan\u00fdch v\u00fdrobc\u016f a testov\u00e1n tak, aby spl\u0148oval nejvy\u0161\u0161\u00ed pr\u016fmyslov\u00e9 standardy.<\/p><\/div><\/div>\n\n\n\n<div class=\"wp-block-uagb-info-box uagb-block-273c6546 uagb-infobox__content-wrap  uagb-infobox-icon-above-title uagb-infobox-image-valign-top\"><div class=\"uagb-ifb-content\"><div class=\"uagb-ifb-image-content\"><img decoding=\"async\" src=\"https:\/\/frcs-research.com\/wp-content\/uploads\/2024\/10\/photo_2024-09-17_13-36-27.jpg\" alt=\"\" width=\"450\" height=\"800\" loading=\"lazy\"\/><\/div><div class=\"uagb-ifb-title-wrap\"><h4 class=\"uagb-ifb-title\">Nakupujte bezpe\u010dn\u011b a bezpe\u010dn\u011b pro sv\u00e9 v\u00fdzkumn\u00e9 chemik\u00e1lie<\/h4><\/div><p class=\"uagb-ifb-desc\">Kdy\u017e dojde na n\u00e1kup <strong><a href=\"https:\/\/frcs-research.com\/cs\/jwh-018\/\">v\u00fdzkum chemik\u00e1li\u00ed online<\/a><\/strong>, d\u016fv\u011b\u0159ovat <strong>V\u00fdzkum FRCS<\/strong> pro bezpe\u010dnost, spolehlivost a spokojenost z\u00e1kazn\u00edk\u016f. Zde je to, co n\u00e1s odli\u0161uje:<br><strong>Diskr\u00e9tn\u00ed balen\u00ed<\/strong>: V\u0161echny objedn\u00e1vky jsou pe\u010dliv\u011b zabaleny, aby byla zaji\u0161t\u011bna \u00fapln\u00e1 diskr\u00e9tnost a bezpe\u010dnost b\u011bhem dod\u00e1vky.<br><strong>Konkuren\u010dn\u00ed ceny<\/strong>: Nab\u00edz\u00edme konkurenceschopn\u00e9 ceny bez kompromis\u016f v kvalit\u011b na\u0161ich produkt\u016f.<br><strong>Spolehliv\u00e1 z\u00e1kaznick\u00e1 podpora<\/strong>: M\u00e1te ot\u00e1zky ohledn\u011b <strong><a href=\"https:\/\/frcs-research.com\/cs\/product\/prodam-prasek-4-mmc\/\">n\u00e1kup 4-MMC<\/a><\/strong> nebo n\u011bkterou z na\u0161ich dal\u0161\u00edch chemik\u00e1li\u00ed? N\u00e1\u0161 zku\u0161en\u00fd t\u00fdm je p\u0159ipraven v\u00e1m pomoci na ka\u017ed\u00e9m kroku.<\/p><\/div><\/div>\n<\/div>\n<\/div><\/div>\n\n\n\n<div class=\"wp-block-uagb-container uagb-block-6bb01f93 alignfull uagb-is-root-container\"><div class=\"uagb-container-inner-blocks-wrap\">\n<div class=\"wp-block-uagb-container uagb-block-2628b513\">\n<div class=\"wp-block-uagb-info-box uagb-block-cbe4f093 uagb-infobox__content-wrap  uagb-infobox-icon-above-title uagb-infobox-image-valign-top\"><div class=\"uagb-ifb-content\"><div class=\"uagb-ifb-title-wrap\"><h2 class=\"uagb-ifb-title\"><strong>Vysoce \u010dist\u00fd mefedron<\/strong><\/h2><\/div><p class=\"uagb-ifb-desc\"><strong>Koupit mefedron online<\/strong>, <strong>4-MMC na prodej<\/strong>, <strong>koupit 3-MMC<\/strong>, <strong>v\u00fdzkum chemik\u00e1li\u00ed online<\/strong>, <strong>syntetick\u00e9 katinony<\/strong>, <strong>bezpe\u010dn\u00fd dodavatel v\u00fdzkumn\u00fdch chemik\u00e1li\u00ed<\/strong>, <strong>nakupujte v\u00fdzkumn\u00e9 chemik\u00e1lie bezpe\u010dn\u011b<\/strong>, <strong>Dodavatel mefedronu<\/strong>, <strong>3-MMC koupit online<\/strong>, <strong>objednat syntetick\u00e9 katinony<\/strong>, <a href=\"https:\/\/frcs-research.com\/cs\/koupit-alpha-pvp-online\/\">nakoupit <strong>Alfa-PVP<\/strong><\/a>,<a href=\"https:\/\/frcs-research.com\/cs\/mdphp-freebase\/\"> <strong>koupit MDPHP online<\/strong><\/a>, <strong>nejlep\u0161\u00ed dodavatel syntetick\u00e9ho katinonu<\/strong>, <strong>diskr\u00e9tn\u00ed p\u0159eprava v\u00fdzkumn\u00fdch chemik\u00e1li\u00ed<\/strong>, <a href=\"https:\/\/frcs-research.com\/cs\/koupit-etizolam\/\"><strong>leg\u00e1ln\u00ed v\u00fdzkumn\u00e9 chemik\u00e1lie na prodej<\/strong>.<\/a><\/p><div class=\"uagb-ifb-button-wrapper wp-block-button\"><a href=\"#\" class=\"uagb-infobox-cta-link wp-block-button__link\" target=\"_self\" rel=\"noopener noreferrer\" onclick=\"return false;\"><svg xmlns=\"https:\/\/www.w3.org\/2000\/svg\" viewbox=\"0 0 640 512\"><path d=\"M0 155.2C0 147.9 2.153 140.8 6.188 134.7L81.75 21.37C90.65 8.021 105.6 0 121.7 0H518.3C534.4 0 549.3 8.021 558.2 21.37L633.8 134.7C637.8 140.8 640 147.9 640 155.2C640 175.5 623.5 192 603.2 192H36.84C16.5 192 .0003 175.5 .0003 155.2H0zM64 224H128V384H320V224H384V464C384 490.5 362.5 512 336 512H112C85.49 512 64 490.5 64 464V224zM512 224H576V480C576 497.7 561.7 512 544 512C526.3 512 512 497.7 512 480V224z\"><\/path><\/svg><span class=\"uagb-inline-editing\">NAKUPOVAT<\/span><\/a><\/div><\/div><\/div>\n<\/div>\n\n\n\n<div class=\"wp-block-uagb-image alignleft uagb-block-bfb8266b wp-block-uagb-image--layout-default wp-block-uagb-image--effect-static wp-block-uagb-image--align-left\"><figure class=\"wp-block-uagb-image__figure\"><img decoding=\"async\" srcset=\"https:\/\/frcs-research.com\/wp-content\/uploads\/2024\/10\/1_RpLx7mJH84OMoNkXThkJqQ.jpeg ,https:\/\/frcs-research.com\/wp-content\/uploads\/2024\/10\/1_RpLx7mJH84OMoNkXThkJqQ.jpeg 780w, https:\/\/frcs-research.com\/wp-content\/uploads\/2024\/10\/1_RpLx7mJH84OMoNkXThkJqQ.jpeg 360w\" sizes=\"auto, (max-width: 480px) 150px\" src=\"https:\/\/frcs-research.com\/wp-content\/uploads\/2024\/10\/1_RpLx7mJH84OMoNkXThkJqQ.jpeg\" alt=\"KOUPIT 4 MMC\" class=\"uag-image-598\" width=\"600\" height=\"429\" title=\"1_RpLx7mJH84OMoNkXThkJqQ\" loading=\"lazy\" role=\"img\"\/><\/figure><\/div>\n<\/div><\/div>\n\n\n\n<p><\/p>","protected":false},"excerpt":{"rendered":"<p>What is Mephedrone (4-MMC)? Mephedrone, commonly known as 4-MMC, is a popular synthetic cathinone widely used in scientific and experimental research. Known for its stimulant and empathogenic properties, 4-MMC is&hellip;<a href=\"https:\/\/frcs-research.com\/cs\/\" class=\"more-link\"><span class=\"more-button\">Continue reading<span class=\"screen-reader-text\">Domov<\/span><\/span><\/a><\/p>","protected":false},"author":1,"featured_media":0,"parent":0,"menu_order":0,"comment_status":"closed","ping_status":"closed","template":"","meta":{"_uag_custom_page_level_css":"","footnotes":""},"class_list":["post-10","page","type-page","status-publish","hentry"],"yoast_head":"<!-- This site is optimized with the Yoast SEO plugin v27.1.1 - https:\/\/yoast.com\/product\/yoast-seo-wordpress\/ -->\n<title>Buy 4MMC Safe Online \u2013 High-Quality 4-MMC for Research<\/title>\n<meta name=\"description\" content=\"Buy premium-quality Mephedrone (4-MMC) online at FRCS Research. Trusted supplier of lab-tested Mephedrone for research purposes with secure payments and discreet worldwide shipping.\" \/>\n<meta name=\"robots\" content=\"index, follow, max-snippet:-1, max-image-preview:large, max-video-preview:-1\" \/>\n<link rel=\"canonical\" href=\"https:\/\/frcs-research.com\/cs\/\" \/>\n<meta property=\"og:locale\" content=\"cs_CZ\" \/>\n<meta property=\"og:type\" content=\"article\" \/>\n<meta property=\"og:title\" content=\"Buy 4MMC Safe Online \u2013 High-Quality 4-MMC for Research\" \/>\n<meta property=\"og:description\" content=\"Buy premium-quality Mephedrone (4-MMC) online at FRCS Research. Trusted supplier of lab-tested Mephedrone for research purposes with secure payments and discreet worldwide shipping.\" \/>\n<meta property=\"og:url\" content=\"https:\/\/frcs-research.com\/cs\/\" \/>\n<meta property=\"og:site_name\" content=\"wholesale supplier of research chemicals, 4mmc, 3mmc, MDPHP, Alpha PVP and more\" \/>\n<meta property=\"article:modified_time\" content=\"2026-01-28T18:27:08+00:00\" \/>\n<meta property=\"og:image\" content=\"https:\/\/frcs-research.com\/wp-content\/uploads\/2024\/10\/photo_2024-10-09_01-16-43-559x1024.jpg\" \/>\n<meta name=\"twitter:card\" content=\"summary_large_image\" \/>\n<meta name=\"twitter:label1\" content=\"Odhadovan\u00e1 doba \u010dten\u00ed\" \/>\n\t<meta name=\"twitter:data1\" content=\"4 minuty\" \/>\n<script type=\"application\/ld+json\" class=\"yoast-schema-graph\">{\"@context\":\"https:\/\/schema.org\",\"@graph\":[{\"@type\":\"WebPage\",\"@id\":\"https:\/\/frcs-research.com\/\",\"url\":\"https:\/\/frcs-research.com\/\",\"name\":\"Buy 4MMC Safe Online \u2013 High-Quality 4-MMC for Research\",\"isPartOf\":{\"@id\":\"https:\/\/frcs-research.com\/#website\"},\"primaryImageOfPage\":{\"@id\":\"https:\/\/frcs-research.com\/#primaryimage\"},\"image\":{\"@id\":\"https:\/\/frcs-research.com\/#primaryimage\"},\"thumbnailUrl\":\"https:\/\/frcs-research.com\/wp-content\/uploads\/2024\/10\/photo_2024-10-09_01-16-43-559x1024.jpg\",\"datePublished\":\"2024-10-06T20:27:37+00:00\",\"dateModified\":\"2026-01-28T18:27:08+00:00\",\"description\":\"Buy premium-quality Mephedrone (4-MMC) online at FRCS Research. Trusted supplier of lab-tested Mephedrone for research purposes with secure payments and discreet worldwide shipping.\",\"breadcrumb\":{\"@id\":\"https:\/\/frcs-research.com\/#breadcrumb\"},\"inLanguage\":\"cs\",\"potentialAction\":[{\"@type\":\"ReadAction\",\"target\":[\"https:\/\/frcs-research.com\/\"]}]},{\"@type\":\"ImageObject\",\"inLanguage\":\"cs\",\"@id\":\"https:\/\/frcs-research.com\/#primaryimage\",\"url\":\"https:\/\/frcs-research.com\/wp-content\/uploads\/2024\/10\/photo_2024-10-09_01-16-43-559x1024.jpg\",\"contentUrl\":\"https:\/\/frcs-research.com\/wp-content\/uploads\/2024\/10\/photo_2024-10-09_01-16-43-559x1024.jpg\"},{\"@type\":\"BreadcrumbList\",\"@id\":\"https:\/\/frcs-research.com\/#breadcrumb\",\"itemListElement\":[{\"@type\":\"ListItem\",\"position\":1,\"name\":\"Home\",\"item\":\"https:\/\/frcs-research.com\/\"},{\"@type\":\"ListItem\",\"position\":2,\"name\":\"Home\"}]},{\"@type\":\"WebSite\",\"@id\":\"https:\/\/frcs-research.com\/#website\",\"url\":\"https:\/\/frcs-research.com\/\",\"name\":\"wholesale supplier of research chemicals, 4mmc, 3mmc, MDPHP, Alpha PVP and more\",\"description\":\"Wholesale research chemicals\",\"potentialAction\":[{\"@type\":\"SearchAction\",\"target\":{\"@type\":\"EntryPoint\",\"urlTemplate\":\"https:\/\/frcs-research.com\/?s={search_term_string}\"},\"query-input\":{\"@type\":\"PropertyValueSpecification\",\"valueRequired\":true,\"valueName\":\"search_term_string\"}}],\"inLanguage\":\"cs\"}]}<\/script>\n<!-- \/ Yoast SEO plugin. -->","yoast_head_json":{"title":"Buy 4MMC Safe Online \u2013 High-Quality 4-MMC for Research","description":"Kupte si mefedron (4-MMC) pr\u00e9miov\u00e9 kvality online na FRCS Research. D\u016fv\u011bryhodn\u00fd dodavatel mefedronu testovan\u00e9ho v laborato\u0159i pro v\u00fdzkumn\u00e9 \u00fa\u010dely s bezpe\u010dn\u00fdmi platbami a diskr\u00e9tn\u00ed dopravou po cel\u00e9m sv\u011bt\u011b.","robots":{"index":"index","follow":"follow","max-snippet":"max-snippet:-1","max-image-preview":"max-image-preview:large","max-video-preview":"max-video-preview:-1"},"canonical":"https:\/\/frcs-research.com\/cs\/","og_locale":"cs_CZ","og_type":"article","og_title":"Buy 4MMC Safe Online \u2013 High-Quality 4-MMC for Research","og_description":"Buy premium-quality Mephedrone (4-MMC) online at FRCS Research. Trusted supplier of lab-tested Mephedrone for research purposes with secure payments and discreet worldwide shipping.","og_url":"https:\/\/frcs-research.com\/cs\/","og_site_name":"wholesale supplier of research chemicals, 4mmc, 3mmc, MDPHP, Alpha PVP and more","article_modified_time":"2026-01-28T18:27:08+00:00","og_image":[{"url":"https:\/\/frcs-research.com\/wp-content\/uploads\/2024\/10\/photo_2024-10-09_01-16-43-559x1024.jpg","type":"","width":"","height":""}],"twitter_card":"summary_large_image","twitter_misc":{"Odhadovan\u00e1 doba \u010dten\u00ed":"4 minuty"},"schema":{"@context":"https:\/\/schema.org","@graph":[{"@type":"WebPage","@id":"https:\/\/frcs-research.com\/","url":"https:\/\/frcs-research.com\/","name":"Buy 4MMC Safe Online \u2013 High-Quality 4-MMC for Research","isPartOf":{"@id":"https:\/\/frcs-research.com\/#website"},"primaryImageOfPage":{"@id":"https:\/\/frcs-research.com\/#primaryimage"},"image":{"@id":"https:\/\/frcs-research.com\/#primaryimage"},"thumbnailUrl":"https:\/\/frcs-research.com\/wp-content\/uploads\/2024\/10\/photo_2024-10-09_01-16-43-559x1024.jpg","datePublished":"2024-10-06T20:27:37+00:00","dateModified":"2026-01-28T18:27:08+00:00","description":"Kupte si mefedron (4-MMC) pr\u00e9miov\u00e9 kvality online na FRCS Research. D\u016fv\u011bryhodn\u00fd dodavatel mefedronu testovan\u00e9ho v laborato\u0159i pro v\u00fdzkumn\u00e9 \u00fa\u010dely s bezpe\u010dn\u00fdmi platbami a diskr\u00e9tn\u00ed dopravou po cel\u00e9m sv\u011bt\u011b.","breadcrumb":{"@id":"https:\/\/frcs-research.com\/#breadcrumb"},"inLanguage":"cs","potentialAction":[{"@type":"ReadAction","target":["https:\/\/frcs-research.com\/"]}]},{"@type":"ImageObject","inLanguage":"cs","@id":"https:\/\/frcs-research.com\/#primaryimage","url":"https:\/\/frcs-research.com\/wp-content\/uploads\/2024\/10\/photo_2024-10-09_01-16-43-559x1024.jpg","contentUrl":"https:\/\/frcs-research.com\/wp-content\/uploads\/2024\/10\/photo_2024-10-09_01-16-43-559x1024.jpg"},{"@type":"BreadcrumbList","@id":"https:\/\/frcs-research.com\/#breadcrumb","itemListElement":[{"@type":"ListItem","position":1,"name":"Home","item":"https:\/\/frcs-research.com\/"},{"@type":"ListItem","position":2,"name":"Home"}]},{"@type":"WebSite","@id":"https:\/\/frcs-research.com\/#website","url":"https:\/\/frcs-research.com\/","name":"velkoobchodn\u00ed dodavatel v\u00fdzkumn\u00fdch chemik\u00e1li\u00ed, 4mmc, 3mmc, MDPHP, Alpha PVP a dal\u0161\u00ed","description":"Velkoobchodn\u00ed v\u00fdzkum chemik\u00e1li\u00ed","potentialAction":[{"@type":"SearchAction","target":{"@type":"EntryPoint","urlTemplate":"https:\/\/frcs-research.com\/?s={search_term_string}"},"query-input":{"@type":"PropertyValueSpecification","valueRequired":true,"valueName":"search_term_string"}}],"inLanguage":"cs"}]}},"uagb_featured_image_src":{"full":false,"thumbnail":false,"medium":false,"medium_large":false,"large":false,"1536x1536":false,"2048x2048":false,"trp-custom-language-flag":false,"post-thumbnail":false,"elite-commerce-slider":false,"elite-commerce-hero":false,"elite-commerce-portfolio":false,"woocommerce_thumbnail":false,"woocommerce_single":false,"woocommerce_gallery_thumbnail":false},"uagb_author_info":{"display_name":"Richard Wood","author_link":"https:\/\/frcs-research.com\/cs\/author\/expireddomains1000gmail-com\/"},"uagb_comment_info":0,"uagb_excerpt":"What is Mephedrone (4-MMC)? Mephedrone, commonly known as 4-MMC, is a popular synthetic cathinone widely used in scientific and experimental research. Known for its stimulant and empathogenic properties, 4-MMC is&hellip;Continue readingHome","_links":{"self":[{"href":"https:\/\/frcs-research.com\/cs\/wp-json\/wp\/v2\/pages\/10","targetHints":{"allow":["GET"]}}],"collection":[{"href":"https:\/\/frcs-research.com\/cs\/wp-json\/wp\/v2\/pages"}],"about":[{"href":"https:\/\/frcs-research.com\/cs\/wp-json\/wp\/v2\/types\/page"}],"author":[{"embeddable":true,"href":"https:\/\/frcs-research.com\/cs\/wp-json\/wp\/v2\/users\/1"}],"replies":[{"embeddable":true,"href":"https:\/\/frcs-research.com\/cs\/wp-json\/wp\/v2\/comments?post=10"}],"version-history":[{"count":18,"href":"https:\/\/frcs-research.com\/cs\/wp-json\/wp\/v2\/pages\/10\/revisions"}],"predecessor-version":[{"id":1093,"href":"https:\/\/frcs-research.com\/cs\/wp-json\/wp\/v2\/pages\/10\/revisions\/1093"}],"wp:attachment":[{"href":"https:\/\/frcs-research.com\/cs\/wp-json\/wp\/v2\/media?parent=10"}],"curies":[{"name":"wp","href":"https:\/\/api.w.org\/{rel}","templated":true}]}}