{"id":11,"date":"2024-10-06T20:27:37","date_gmt":"2024-10-06T20:27:37","guid":{"rendered":"https:\/\/frcs-research.com\/about\/"},"modified":"2024-10-13T00:30:47","modified_gmt":"2024-10-13T00:30:47","slug":"mdphp-freebase","status":"publish","type":"page","link":"https:\/\/frcs-research.com\/cs\/mdphp-freebase\/","title":{"rendered":"MDPHP FREEBASE"},"content":{"rendered":"<div class=\"wp-block-uagb-container uagb-block-ddbe5c65 alignfull uagb-is-root-container\"><div class=\"uagb-container-inner-blocks-wrap\">\n<div class=\"wp-block-uagb-advanced-heading uagb-block-fa4e7c56\"><h1 class=\"uagb-heading-text\">Koupit MDPHP online \u2013 vysoce kvalitn\u00ed MDPHP pro v\u00fdzkum ve FRCS Research<\/h1><p class=\"uagb-desc-text\">P\u0159i pohledu na <strong>koupit MDPHP online<\/strong>? V\u00edtejte na <strong><a href=\"https:\/\/frcs-research.com\/cs\/\">V\u00fdzkum FRCS<\/a><\/strong>, v\u00e1\u0161 d\u016fv\u011bryhodn\u00fd zdroj pr\u00e9miov\u00e9 kvality, testovan\u00fd v laborato\u0159i <strong>MDPHP (3\u2032,4\u2032-methylendioxy-\u03b1-pyrrolidinohexiofenon)<\/strong>. Jako p\u0159edn\u00ed dodavatel vysoce \u010dist\u00fdch produkt\u016f <strong>v\u00fdzkumn\u00e9 chemik\u00e1lie<\/strong>, nab\u00edz\u00edme MDPHP pro \u00fa\u010dely v\u011bdeck\u00e9ho a analytick\u00e9ho v\u00fdzkumu, zaji\u0161\u0165uj\u00edc\u00ed bezpe\u010dnost, kvalitu a spolehliv\u00e9 v\u00fdsledky v ka\u017ed\u00e9 zak\u00e1zce.<\/p><\/div>\n<\/div><\/div>\n\n\n\n<div class=\"wp-block-uagb-container uagb-block-f4853f72 alignfull uagb-is-root-container\"><div class=\"uagb-container-inner-blocks-wrap\">\n<div class=\"wp-block-uagb-image uagb-block-066e3443 wp-block-uagb-image--layout-default wp-block-uagb-image--effect-static wp-block-uagb-image--align-none\"><figure class=\"wp-block-uagb-image__figure\"><img decoding=\"async\" srcset=\"https:\/\/frcs-research.com\/wp-content\/uploads\/2024\/10\/photo_2024-10-09_01-29-18-939x1024.jpg ,https:\/\/frcs-research.com\/wp-content\/uploads\/2024\/10\/photo_2024-10-09_01-29-18.jpg 780w, https:\/\/frcs-research.com\/wp-content\/uploads\/2024\/10\/photo_2024-10-09_01-29-18.jpg 360w\" sizes=\"auto, (max-width: 480px) 150px\" src=\"https:\/\/frcs-research.com\/wp-content\/uploads\/2024\/10\/photo_2024-10-09_01-29-18-939x1024.jpg\" alt=\"koupit mdphp online\" class=\"uag-image-607\" width=\"560\" height=\"440\" title=\"foto_2024-10-09_01-29-18\" loading=\"lazy\" role=\"img\"\/><\/figure><\/div>\n\n\n\n<div class=\"wp-block-uagb-container uagb-block-959de5be\">\n<div class=\"wp-block-uagb-advanced-heading uagb-block-a679106e\"><h2 class=\"uagb-heading-text\">Co je MDPHP?<\/h2><p class=\"uagb-desc-text\"><strong>MDPHP<\/strong> je potentn\u00ed <strong><a href=\"http:\/\/encrypted payment methods\">syntetick\u00fd katinon<\/a><\/strong> zn\u00e1m\u00fd pro sv\u00e9 <strong>stimula\u010dn\u00ed vlastnosti<\/strong>. Struktur\u00e1ln\u011b podobn\u00e9 jako u jin\u00fdch v\u00fdzkumn\u00fdch chemik\u00e1li\u00ed <strong><a href=\"https:\/\/frcs-research.com\/cs\/product\/koupit-alfa-pvp\/\">Alfa-PVP<\/a><\/strong> a <strong><a href=\"https:\/\/frcs-research.com\/cs\/product\/mdpv-methylendioxypyrovaleron\/\">MDPV<\/a><\/strong>, MDPHP je \u0161iroce pou\u017e\u00edv\u00e1n ve studi\u00edch zam\u011b\u0159en\u00fdch na jeho \u00fa\u010dinky na <strong>dopamin a norepinefrin<\/strong> v mozku. V\u00fdzkumn\u00edci a laborato\u0159e zkoumaj\u00ed MDPHP, aby pochopili jeho dopad na centr\u00e1ln\u00ed nervov\u00fd syst\u00e9m, co\u017e z n\u011bj \u010din\u00ed d\u016fle\u017eitou chemickou l\u00e1tku pro behavior\u00e1ln\u00ed, neurologick\u00fd a psychostimula\u010dn\u00ed v\u00fdzkum.<\/p><\/div>\n<\/div>\n<\/div><\/div>\n\n\n\n<div class=\"wp-block-uagb-container uagb-layout-grid uagb-block-395f69b9 alignfull uagb-is-root-container\"><div class=\"uagb-container-inner-blocks-wrap\">\n<div class=\"wp-block-uagb-advanced-heading uagb-block-992e1d53\"><h3 class=\"uagb-heading-text\">Pro\u010d si pro n\u00e1kup MDPHP vybrat FRCS Research?<\/h3><p class=\"uagb-desc-text\">Na <strong>V\u00fdzkum FRCS<\/strong>, up\u0159ednost\u0148ujeme kvalitu a \u010distotu na\u0161ich v\u00fdzkumn\u00fdch chemik\u00e1li\u00ed. Kdy\u017e si u n\u00e1s koup\u00edte MDPHP, vyb\u00edr\u00e1te:<br><strong>Vysok\u00e1 \u010distota<\/strong>: N\u00e1\u0161 <strong>MDPHP<\/strong> je z\u00edsk\u00e1v\u00e1n od d\u016fv\u011bryhodn\u00fdch v\u00fdrobc\u016f a testov\u00e1n v laborato\u0159\u00edch, aby bylo zaji\u0161t\u011bno, \u017ee spl\u0148uje nejvy\u0161\u0161\u00ed standardy pro v\u00fdzkumn\u00e9 pou\u017eit\u00ed.<br><strong>Bezpe\u010dn\u00e9 a bezpe\u010dn\u00e9 n\u00e1kupy<\/strong>: Nab\u00edz\u00edme <strong>diskr\u00e9tn\u00ed balen\u00ed<\/strong> a <strong>mo\u017enosti bezpe\u010dn\u00e9 platby<\/strong> chr\u00e1nit va\u0161e soukrom\u00ed a zajistit bezprobl\u00e9mov\u00fd n\u00e1kup.<br><strong>Rychl\u00e9 glob\u00e1ln\u00ed odesl\u00e1n\u00ed<\/strong>: Se spolehliv\u00fdmi a <strong>rychl\u00e9 odesl\u00e1n\u00ed<\/strong>, zajist\u00edme va\u0161i <strong>objedn\u00e1vka MDPHP<\/strong> doraz\u00ed bezpe\u010dn\u011b, bez ohledu na to, kde se nach\u00e1z\u00edte.<\/p><\/div>\n\n\n\n<div class=\"wp-block-uagb-container uagb-block-6d4e5b67\">\n<div class=\"wp-block-uagb-advanced-heading uagb-block-bbe91d67\"><h3 class=\"uagb-heading-text\">Pro\u010d kupovat MDPHP pro v\u00fdzkum?<\/h3><\/div>\n\n\n\n<div class=\"wp-block-uagb-icon-list uagb-block-60b012d5\"><div class=\"uagb-icon-list__wrap\">\n<div class=\"wp-block-uagb-icon-list-child uagb-block-8bcb204e\"><a target=\"_self\" aria-label=\"MDPHP je sou\u010d\u00e1st\u00ed t\u0159\u00eddy syntetick\u00fdch katinon\u016f, co\u017e z n\u011bj \u010din\u00ed zaj\u00edmav\u00fd p\u0159edm\u011bt pro \u0159adu v\u011bdeck\u00fdch studi\u00ed. V\u00fdzkumn\u00edci pou\u017e\u00edvaj\u00ed MDPHP ke zkoum\u00e1n\u00ed: Psychostimula\u010dn\u00ed \u00fa\u010dinky: Pochopen\u00ed toho, jak MDPHP ovliv\u0148uje mozkov\u00e9 syst\u00e9my odm\u011bn a pot\u011b\u0161en\u00ed.\" rel=\"noopener noreferrer\" href=\"#\"> <\/a><span class=\"uagb-icon-list__source-wrap\"><svg xmlns=\"https:\/\/www.w3.org\/2000\/svg\" viewbox=\"0 0 512 512\"><path d=\"M0 256C0 114.6 114.6 0 256 0C397.4 0 512 114.6 512 256C512 397.4 397.4 512 256 512C114.6 512 0 397.4 0 256zM371.8 211.8C382.7 200.9 382.7 183.1 371.8 172.2C360.9 161.3 343.1 161.3 332.2 172.2L224 280.4L179.8 236.2C168.9 225.3 151.1 225.3 140.2 236.2C129.3 247.1 129.3 264.9 140.2 275.8L204.2 339.8C215.1 350.7 232.9 350.7 243.8 339.8L371.8 211.8z\"><\/path><\/svg><\/span><span class=\"uagb-icon-list__label\"><strong>MDPHP<\/strong> je sou\u010d\u00e1st\u00ed <strong>syntetick\u00fd katinon<\/strong> t\u0159\u00edda chemik\u00e1li\u00ed, co\u017e z n\u00ed \u010din\u00ed zaj\u00edmav\u00fd p\u0159edm\u011bt pro \u0159adu v\u011bdeck\u00fdch studi\u00ed. V\u00fdzkumn\u00edci pou\u017e\u00edvaj\u00ed MDPHP ke zkoum\u00e1n\u00ed:<br><strong>Psychostimula\u010dn\u00ed \u00fa\u010dinky<\/strong>: Pochopen\u00ed jak <strong>MDPHP<\/strong> ovliv\u0148uje syst\u00e9my odm\u011bn a pot\u011b\u0161en\u00ed v mozku.<\/span><\/div>\n\n\n\n<div class=\"wp-block-uagb-icon-list-child uagb-block-d18e95cd\"><a target=\"_self\" aria-label=\"Neurologick\u00e9 dr\u00e1hy: Zkoum\u00e1n\u00ed toho, jak MDPHP ovliv\u0148uje neurotransmitery, jako je dopamin a norepinefrin. Pokud prov\u00e1d\u00edte pokro\u010dil\u00fd v\u00fdzkum deriv\u00e1t\u016f kathinonu, MDPHP je cenn\u00e1 slou\u010denina pro zkoum\u00e1n\u00ed \u00fa\u010dink\u016f syntetick\u00fdch stimulant\u016f.\" rel=\"noopener noreferrer\" href=\"#\"> <\/a><span class=\"uagb-icon-list__source-wrap\"><svg xmlns=\"https:\/\/www.w3.org\/2000\/svg\" viewbox=\"0 0 512 512\"><path d=\"M0 256C0 114.6 114.6 0 256 0C397.4 0 512 114.6 512 256C512 397.4 397.4 512 256 512C114.6 512 0 397.4 0 256zM371.8 211.8C382.7 200.9 382.7 183.1 371.8 172.2C360.9 161.3 343.1 161.3 332.2 172.2L224 280.4L179.8 236.2C168.9 225.3 151.1 225.3 140.2 236.2C129.3 247.1 129.3 264.9 140.2 275.8L204.2 339.8C215.1 350.7 232.9 350.7 243.8 339.8L371.8 211.8z\"><\/path><\/svg><\/span><span class=\"uagb-icon-list__label\"><strong>Neurologick\u00e9 dr\u00e1hy<\/strong>: Zkoum\u00e1n\u00ed toho, jak MDPHP ovliv\u0148uje neurotransmitery jako nap\u0159 <strong>dopamin<\/strong> a <strong>norepinefrin<\/strong>.<br>Pokud prov\u00e1d\u00edte pokro\u010dil\u00fd v\u00fdzkum <strong>deriv\u00e1ty kathinonu<\/strong>MDPHP je cenn\u00e1 slou\u010denina pro zkoum\u00e1n\u00ed \u00fa\u010dink\u016f syntetick\u00fdch stimulant\u016f.<\/span><\/div>\n\n\n\n<div class=\"wp-block-uagb-icon-list-child uagb-block-fe34200d\"><a target=\"_self\" aria-label=\"Dopad na chov\u00e1n\u00ed: Studium vlivu slou\u010deniny na aktivitu, motivaci a zam\u011b\u0159en\u00ed.\" rel=\"noopener noreferrer\" href=\"#\"> <\/a><span class=\"uagb-icon-list__source-wrap\"><svg xmlns=\"https:\/\/www.w3.org\/2000\/svg\" viewbox=\"0 0 512 512\"><path d=\"M0 256C0 114.6 114.6 0 256 0C397.4 0 512 114.6 512 256C512 397.4 397.4 512 256 512C114.6 512 0 397.4 0 256zM371.8 211.8C382.7 200.9 382.7 183.1 371.8 172.2C360.9 161.3 343.1 161.3 332.2 172.2L224 280.4L179.8 236.2C168.9 225.3 151.1 225.3 140.2 236.2C129.3 247.1 129.3 264.9 140.2 275.8L204.2 339.8C215.1 350.7 232.9 350.7 243.8 339.8L371.8 211.8z\"><\/path><\/svg><\/span><span class=\"uagb-icon-list__label\"><strong>Dopad na chov\u00e1n\u00ed<\/strong>: Studium vlivu slou\u010deniny na aktivitu, motivaci a zam\u011b\u0159en\u00ed.<\/span><\/div>\n<\/div><\/div>\n<\/div>\n<\/div><\/div>\n\n\n\n<div class=\"wp-block-uagb-container uagb-layout-flex uagb-block-cd23d4e7 alignfull uagb-is-root-container\"><div class=\"uagb-container-inner-blocks-wrap\">\n<div class=\"wp-block-uagb-container uagb-block-38ac57af\">\n<div class=\"wp-block-uagb-advanced-heading uagb-block-ab8e889b\"><h2 class=\"uagb-heading-text\">Koupit MDPHP online \u2013 co o\u010dek\u00e1vat od v\u00fdzkumu FRCS<\/h2><p class=\"uagb-desc-text\">Na <strong>V\u00fdzkum FRCS<\/strong>, garantujeme kvalitu a bezpe\u010dnost, kdy\u017e si u n\u00e1s koup\u00edte MDPHP. Zde je d\u016fvod, pro\u010d n\u00e1m m\u016f\u017eete sv\u011b\u0159it sv\u00e9 v\u00fdzkumn\u00e9 pot\u0159eby:<br><strong>Testov\u00e1no a certifikov\u00e1no<\/strong>: V\u0161echny na\u0161e chemik\u00e1lie, v\u010detn\u011b <strong>MDPHP<\/strong>, jsou testov\u00e1ny na \u010distotu a konzistenci, aby bylo zaji\u0161t\u011bno, \u017ee ve sv\u00fdch studi\u00edch z\u00edsk\u00e1te spolehliv\u00e9 v\u00fdsledky.<br><strong>Zabezpe\u010den\u00e9 transakce<\/strong>: Pou\u017e\u00edv\u00e1me \u0161ifrovan\u00e9 platebn\u00ed metody a procesy bezpe\u010dn\u00e9ho placen\u00ed, abychom zajistili ochranu va\u0161ich informac\u00ed.<br><strong>Diskr\u00e9tn\u00ed doru\u010den\u00ed<\/strong>: Ch\u00e1peme d\u016fle\u017eitost soukrom\u00ed, a proto nab\u00edz\u00edme diskr\u00e9tn\u00ed a spolehlivou p\u0159epravu po cel\u00e9m sv\u011bt\u011b.<\/p><\/div>\n\n\n\n<div class=\"wp-block-uagb-icon-list uagb-block-e61dcdb2\"><div class=\"uagb-icon-list__wrap\"><\/div><\/div>\n<\/div>\n\n\n\n<div class=\"wp-block-uagb-image alignright uagb-block-1bba2fd8 wp-block-uagb-image--layout-default wp-block-uagb-image--effect-static wp-block-uagb-image--align-right\"><figure class=\"wp-block-uagb-image__figure\"><img decoding=\"async\" srcset=\"https:\/\/frcs-research.com\/wp-content\/uploads\/2024\/10\/ghvkbjl-768x1024.jpg ,https:\/\/frcs-research.com\/wp-content\/uploads\/2024\/10\/ghvkbjl.jpg 780w, https:\/\/frcs-research.com\/wp-content\/uploads\/2024\/10\/ghvkbjl.jpg 360w\" sizes=\"auto, (max-width: 480px) 150px\" src=\"https:\/\/frcs-research.com\/wp-content\/uploads\/2024\/10\/ghvkbjl-768x1024.jpg\" alt=\"koupit mdphp\" class=\"uag-image-609\" width=\"560\" height=\"448\" title=\"ghvkbjl\" loading=\"lazy\" role=\"img\"\/><\/figure><\/div>\n<\/div><\/div>","protected":false},"excerpt":{"rendered":"<p>Buy MDPHP Online \u2013 High-Quality MDPHP for Research at FRCS Research Looking to buy MDPHP online? Welcome to FRCS Research, your trusted source for premium, lab-tested MDPHP (3&#8242;,4&#8242;-Methylenedioxy-\u03b1-pyrrolidinohexiophenone). As a&hellip;<a href=\"https:\/\/frcs-research.com\/cs\/mdphp-freebase\/\" class=\"more-link\"><span class=\"more-button\">Continue reading<span class=\"screen-reader-text\">MDPHP FREEBASE<\/span><\/span><\/a><\/p>","protected":false},"author":1,"featured_media":0,"parent":0,"menu_order":0,"comment_status":"closed","ping_status":"closed","template":"","meta":{"_uag_custom_page_level_css":"","footnotes":""},"class_list":["post-11","page","type-page","status-publish","hentry"],"yoast_head":"<!-- This site is optimized with the Yoast SEO plugin v27.1.1 - https:\/\/yoast.com\/product\/yoast-seo-wordpress\/ -->\n<title>Buy MDPHP Online \u2013 High-Quality Research Chemical<\/title>\n<meta name=\"description\" content=\"Buy premium MDPHP online at FRCS Research. Trusted source for lab-tested MDPHP for research purposes, offering secure payments and discreet worldwide shipping.\" \/>\n<meta name=\"robots\" content=\"index, follow, max-snippet:-1, max-image-preview:large, max-video-preview:-1\" \/>\n<link rel=\"canonical\" href=\"https:\/\/frcs-research.com\/cs\/mdphp-freebase\/\" \/>\n<meta property=\"og:locale\" content=\"cs_CZ\" \/>\n<meta property=\"og:type\" content=\"article\" \/>\n<meta property=\"og:title\" content=\"Buy MDPHP Online \u2013 High-Quality Research Chemical\" \/>\n<meta property=\"og:description\" content=\"Buy premium MDPHP online at FRCS Research. Trusted source for lab-tested MDPHP for research purposes, offering secure payments and discreet worldwide shipping.\" \/>\n<meta property=\"og:url\" content=\"https:\/\/frcs-research.com\/cs\/mdphp-freebase\/\" \/>\n<meta property=\"og:site_name\" content=\"wholesale supplier of research chemicals, 4mmc, 3mmc, MDPHP, Alpha PVP and more\" \/>\n<meta property=\"article:modified_time\" content=\"2024-10-13T00:30:47+00:00\" \/>\n<meta property=\"og:image\" content=\"https:\/\/frcs-research.com\/wp-content\/uploads\/2024\/10\/photo_2024-10-09_01-29-18-939x1024.jpg\" \/>\n<meta name=\"twitter:card\" content=\"summary_large_image\" \/>\n<meta name=\"twitter:label1\" content=\"Odhadovan\u00e1 doba \u010dten\u00ed\" \/>\n\t<meta name=\"twitter:data1\" content=\"3 minuty\" \/>\n<script type=\"application\/ld+json\" class=\"yoast-schema-graph\">{\"@context\":\"https:\/\/schema.org\",\"@graph\":[{\"@type\":\"WebPage\",\"@id\":\"https:\/\/frcs-research.com\/mdphp-freebase\/\",\"url\":\"https:\/\/frcs-research.com\/mdphp-freebase\/\",\"name\":\"Buy MDPHP Online \u2013 High-Quality Research Chemical\",\"isPartOf\":{\"@id\":\"https:\/\/frcs-research.com\/#website\"},\"primaryImageOfPage\":{\"@id\":\"https:\/\/frcs-research.com\/mdphp-freebase\/#primaryimage\"},\"image\":{\"@id\":\"https:\/\/frcs-research.com\/mdphp-freebase\/#primaryimage\"},\"thumbnailUrl\":\"https:\/\/frcs-research.com\/wp-content\/uploads\/2024\/10\/photo_2024-10-09_01-29-18-939x1024.jpg\",\"datePublished\":\"2024-10-06T20:27:37+00:00\",\"dateModified\":\"2024-10-13T00:30:47+00:00\",\"description\":\"Buy premium MDPHP online at FRCS Research. Trusted source for lab-tested MDPHP for research purposes, offering secure payments and discreet worldwide shipping.\",\"breadcrumb\":{\"@id\":\"https:\/\/frcs-research.com\/mdphp-freebase\/#breadcrumb\"},\"inLanguage\":\"cs\",\"potentialAction\":[{\"@type\":\"ReadAction\",\"target\":[\"https:\/\/frcs-research.com\/mdphp-freebase\/\"]}]},{\"@type\":\"ImageObject\",\"inLanguage\":\"cs\",\"@id\":\"https:\/\/frcs-research.com\/mdphp-freebase\/#primaryimage\",\"url\":\"https:\/\/frcs-research.com\/wp-content\/uploads\/2024\/10\/photo_2024-10-09_01-29-18-939x1024.jpg\",\"contentUrl\":\"https:\/\/frcs-research.com\/wp-content\/uploads\/2024\/10\/photo_2024-10-09_01-29-18-939x1024.jpg\"},{\"@type\":\"BreadcrumbList\",\"@id\":\"https:\/\/frcs-research.com\/mdphp-freebase\/#breadcrumb\",\"itemListElement\":[{\"@type\":\"ListItem\",\"position\":1,\"name\":\"Home\",\"item\":\"https:\/\/frcs-research.com\/\"},{\"@type\":\"ListItem\",\"position\":2,\"name\":\"MDPHP FREEBASE\"}]},{\"@type\":\"WebSite\",\"@id\":\"https:\/\/frcs-research.com\/#website\",\"url\":\"https:\/\/frcs-research.com\/\",\"name\":\"wholesale supplier of research chemicals, 4mmc, 3mmc, MDPHP, Alpha PVP and more\",\"description\":\"Wholesale research chemicals\",\"potentialAction\":[{\"@type\":\"SearchAction\",\"target\":{\"@type\":\"EntryPoint\",\"urlTemplate\":\"https:\/\/frcs-research.com\/?s={search_term_string}\"},\"query-input\":{\"@type\":\"PropertyValueSpecification\",\"valueRequired\":true,\"valueName\":\"search_term_string\"}}],\"inLanguage\":\"cs\"}]}<\/script>\n<!-- \/ Yoast SEO plugin. -->","yoast_head_json":{"title":"Koupit MDPHP online \u2013 vysoce kvalitn\u00ed chemik\u00e1lie pro v\u00fdzkum","description":"Kupte si pr\u00e9miov\u00e9 MDPHP online na FRCS Research. D\u016fv\u011bryhodn\u00fd zdroj pro laboratorn\u011b testovan\u00e9 MDPHP pro v\u00fdzkumn\u00e9 \u00fa\u010dely, kter\u00fd nab\u00edz\u00ed bezpe\u010dn\u00e9 platby a diskr\u00e9tn\u00ed dopravu po cel\u00e9m sv\u011bt\u011b.","robots":{"index":"index","follow":"follow","max-snippet":"max-snippet:-1","max-image-preview":"max-image-preview:large","max-video-preview":"max-video-preview:-1"},"canonical":"https:\/\/frcs-research.com\/cs\/mdphp-freebase\/","og_locale":"cs_CZ","og_type":"article","og_title":"Buy MDPHP Online \u2013 High-Quality Research Chemical","og_description":"Buy premium MDPHP online at FRCS Research. Trusted source for lab-tested MDPHP for research purposes, offering secure payments and discreet worldwide shipping.","og_url":"https:\/\/frcs-research.com\/cs\/mdphp-freebase\/","og_site_name":"wholesale supplier of research chemicals, 4mmc, 3mmc, MDPHP, Alpha PVP and more","article_modified_time":"2024-10-13T00:30:47+00:00","og_image":[{"url":"https:\/\/frcs-research.com\/wp-content\/uploads\/2024\/10\/photo_2024-10-09_01-29-18-939x1024.jpg","type":"","width":"","height":""}],"twitter_card":"summary_large_image","twitter_misc":{"Odhadovan\u00e1 doba \u010dten\u00ed":"3 minuty"},"schema":{"@context":"https:\/\/schema.org","@graph":[{"@type":"WebPage","@id":"https:\/\/frcs-research.com\/mdphp-freebase\/","url":"https:\/\/frcs-research.com\/mdphp-freebase\/","name":"Koupit MDPHP online \u2013 vysoce kvalitn\u00ed chemik\u00e1lie pro v\u00fdzkum","isPartOf":{"@id":"https:\/\/frcs-research.com\/#website"},"primaryImageOfPage":{"@id":"https:\/\/frcs-research.com\/mdphp-freebase\/#primaryimage"},"image":{"@id":"https:\/\/frcs-research.com\/mdphp-freebase\/#primaryimage"},"thumbnailUrl":"https:\/\/frcs-research.com\/wp-content\/uploads\/2024\/10\/photo_2024-10-09_01-29-18-939x1024.jpg","datePublished":"2024-10-06T20:27:37+00:00","dateModified":"2024-10-13T00:30:47+00:00","description":"Kupte si pr\u00e9miov\u00e9 MDPHP online na FRCS Research. D\u016fv\u011bryhodn\u00fd zdroj pro laboratorn\u011b testovan\u00e9 MDPHP pro v\u00fdzkumn\u00e9 \u00fa\u010dely, kter\u00fd nab\u00edz\u00ed bezpe\u010dn\u00e9 platby a diskr\u00e9tn\u00ed dopravu po cel\u00e9m sv\u011bt\u011b.","breadcrumb":{"@id":"https:\/\/frcs-research.com\/mdphp-freebase\/#breadcrumb"},"inLanguage":"cs","potentialAction":[{"@type":"ReadAction","target":["https:\/\/frcs-research.com\/mdphp-freebase\/"]}]},{"@type":"ImageObject","inLanguage":"cs","@id":"https:\/\/frcs-research.com\/mdphp-freebase\/#primaryimage","url":"https:\/\/frcs-research.com\/wp-content\/uploads\/2024\/10\/photo_2024-10-09_01-29-18-939x1024.jpg","contentUrl":"https:\/\/frcs-research.com\/wp-content\/uploads\/2024\/10\/photo_2024-10-09_01-29-18-939x1024.jpg"},{"@type":"BreadcrumbList","@id":"https:\/\/frcs-research.com\/mdphp-freebase\/#breadcrumb","itemListElement":[{"@type":"ListItem","position":1,"name":"Home","item":"https:\/\/frcs-research.com\/"},{"@type":"ListItem","position":2,"name":"MDPHP FREEBASE"}]},{"@type":"WebSite","@id":"https:\/\/frcs-research.com\/#website","url":"https:\/\/frcs-research.com\/","name":"velkoobchodn\u00ed dodavatel v\u00fdzkumn\u00fdch chemik\u00e1li\u00ed, 4mmc, 3mmc, MDPHP, Alpha PVP a dal\u0161\u00ed","description":"Velkoobchodn\u00ed v\u00fdzkum chemik\u00e1li\u00ed","potentialAction":[{"@type":"SearchAction","target":{"@type":"EntryPoint","urlTemplate":"https:\/\/frcs-research.com\/?s={search_term_string}"},"query-input":{"@type":"PropertyValueSpecification","valueRequired":true,"valueName":"search_term_string"}}],"inLanguage":"cs"}]}},"uagb_featured_image_src":{"full":false,"thumbnail":false,"medium":false,"medium_large":false,"large":false,"1536x1536":false,"2048x2048":false,"trp-custom-language-flag":false,"post-thumbnail":false,"elite-commerce-slider":false,"elite-commerce-hero":false,"elite-commerce-portfolio":false,"woocommerce_thumbnail":false,"woocommerce_single":false,"woocommerce_gallery_thumbnail":false},"uagb_author_info":{"display_name":"Richard Wood","author_link":"https:\/\/frcs-research.com\/cs\/author\/expireddomains1000gmail-com\/"},"uagb_comment_info":0,"uagb_excerpt":"Buy MDPHP Online \u2013 High-Quality MDPHP for Research at FRCS Research Looking to buy MDPHP online? Welcome to FRCS Research, your trusted source for premium, lab-tested MDPHP (3&#8242;,4&#8242;-Methylenedioxy-\u03b1-pyrrolidinohexiophenone). As a&hellip;Continue readingMDPHP FREEBASE","_links":{"self":[{"href":"https:\/\/frcs-research.com\/cs\/wp-json\/wp\/v2\/pages\/11","targetHints":{"allow":["GET"]}}],"collection":[{"href":"https:\/\/frcs-research.com\/cs\/wp-json\/wp\/v2\/pages"}],"about":[{"href":"https:\/\/frcs-research.com\/cs\/wp-json\/wp\/v2\/types\/page"}],"author":[{"embeddable":true,"href":"https:\/\/frcs-research.com\/cs\/wp-json\/wp\/v2\/users\/1"}],"replies":[{"embeddable":true,"href":"https:\/\/frcs-research.com\/cs\/wp-json\/wp\/v2\/comments?post=11"}],"version-history":[{"count":9,"href":"https:\/\/frcs-research.com\/cs\/wp-json\/wp\/v2\/pages\/11\/revisions"}],"predecessor-version":[{"id":780,"href":"https:\/\/frcs-research.com\/cs\/wp-json\/wp\/v2\/pages\/11\/revisions\/780"}],"wp:attachment":[{"href":"https:\/\/frcs-research.com\/cs\/wp-json\/wp\/v2\/media?parent=11"}],"curies":[{"name":"wp","href":"https:\/\/api.w.org\/{rel}","templated":true}]}}