{"id":612,"date":"2024-10-08T23:48:06","date_gmt":"2024-10-08T23:48:06","guid":{"rendered":"https:\/\/frcs-research.com\/mdphp-freebase-2\/"},"modified":"2024-10-09T00:42:43","modified_gmt":"2024-10-09T00:42:43","slug":"koupit-flualprazolam-online","status":"publish","type":"page","link":"https:\/\/frcs-research.com\/cs\/koupit-flualprazolam-online\/","title":{"rendered":"Koupit Flualprazolam online"},"content":{"rendered":"<h1 class=\"wp-block-heading\">Koupit Flualprazolam online \u2013 vysoce kvalitn\u00ed flualprazolam pro v\u00fdzkum ve FRCS Research<\/h1>\n\n\n\n<div class=\"wp-block-uagb-container uagb-block-ddbe5c65 alignfull uagb-is-root-container\"><div class=\"uagb-container-inner-blocks-wrap\">\n<div class=\"wp-block-uagb-advanced-heading uagb-block-fa4e7c56\"><h1 class=\"uagb-heading-text\">Koupit Flualprazolam online \u2013 vysoce kvalitn\u00ed flualprazolam pro v\u00fdzkum ve FRCS Research<\/h1><p class=\"uagb-desc-text\">Hled\u00e1te? <strong>koupit Flualprazolam online<\/strong> pro v\u00fdzkumn\u00e9 \u00fa\u010dely? Na <strong>V\u00fdzkum FRCS<\/strong>, jsme hrd\u00ed na to, \u017ee m\u016f\u017eeme nab\u00eddnout pr\u00e9miovou kvalitu <strong>flualprazolam<\/strong>, siln\u00fd benzodiazepinov\u00fd analog, pro laboratorn\u00ed a v\u011bdeck\u00fd v\u00fdzkum. Zam\u011b\u0159ujeme se na poskytov\u00e1n\u00ed <strong>vysoce \u010dist\u00e9 v\u00fdzkumn\u00e9 chemik\u00e1lie<\/strong> kter\u00e9 spl\u0148uj\u00ed nejvy\u0161\u0161\u00ed pr\u016fmyslov\u00e9 standardy a zaji\u0161\u0165uj\u00ed, \u017ee v\u00e1\u0161 v\u00fdzkum p\u0159inese spolehliv\u00e9 a konzistentn\u00ed v\u00fdsledky.<\/p><\/div>\n<\/div><\/div>\n\n\n\n<div class=\"wp-block-uagb-container uagb-block-f4853f72 alignfull uagb-is-root-container\"><div class=\"uagb-container-inner-blocks-wrap\">\n<div class=\"wp-block-uagb-image uagb-block-066e3443 wp-block-uagb-image--layout-default wp-block-uagb-image--effect-static wp-block-uagb-image--align-none\"><figure class=\"wp-block-uagb-image__figure\"><img decoding=\"async\" srcset=\"https:\/\/frcs-research.com\/wp-content\/uploads\/2024\/10\/ket-powder.jpg ,https:\/\/frcs-research.com\/wp-content\/uploads\/2024\/10\/ket-powder.jpg 780w, https:\/\/frcs-research.com\/wp-content\/uploads\/2024\/10\/ket-powder.jpg 360w\" sizes=\"auto, (max-width: 480px) 150px\" src=\"https:\/\/frcs-research.com\/wp-content\/uploads\/2024\/10\/ket-powder.jpg\" alt=\"\" class=\"uag-image-616\" width=\"560\" height=\"440\" title=\"ket-pr\u00e1\u0161ek\" loading=\"lazy\" role=\"img\"\/><\/figure><\/div>\n\n\n\n<div class=\"wp-block-uagb-container uagb-block-959de5be\">\n<div class=\"wp-block-uagb-advanced-heading uagb-block-a679106e\"><h2 class=\"uagb-heading-text\">Co je Flualprazolam?<\/h2><p class=\"uagb-desc-text\">Flualprazolam je siln\u00fd benzodiazepinov\u00fd deriv\u00e1t, zn\u00e1m\u00fd pro sv\u00e9 sedativn\u00ed, anxiolytick\u00e9 a hypnotick\u00e9 vlastnosti. Struktur\u00e1ln\u011b je p\u0159\u00edbuzn\u00fd s Alprazolamem (Xanax), ale je pova\u017eov\u00e1n za je\u0161t\u011b \u00fa\u010dinn\u011bj\u0161\u00ed. V\u00fdzkumn\u00edci pou\u017e\u00edvaj\u00ed Flualprazolam ke studiu jeho \u00fa\u010dink\u016f na GABA receptory a jeho potenci\u00e1ln\u00edch aplikac\u00ed p\u0159i l\u00e9\u010db\u011b \u00fazkosti, nespavosti a dal\u0161\u00edch stav\u016f souvisej\u00edc\u00edch s centr\u00e1ln\u00edm nervov\u00fdm syst\u00e9mem. Ve spole\u010dnosti FRCS Research poskytujeme Flualprazolam k prodeji, abychom v\u00fdzkumn\u00edk\u016fm pomohli l\u00e9pe porozum\u011bt jeho farmakologick\u00e9mu profilu a jeho potenci\u00e1lu. \u00fa\u010dinky na chov\u00e1n\u00ed a pozn\u00e1v\u00e1n\u00ed.<\/p><\/div>\n<\/div>\n<\/div><\/div>\n\n\n\n<div class=\"wp-block-uagb-container uagb-layout-grid uagb-block-395f69b9 alignfull uagb-is-root-container\"><div class=\"uagb-container-inner-blocks-wrap\">\n<div class=\"wp-block-uagb-advanced-heading uagb-block-992e1d53\"><h3 class=\"uagb-heading-text\">Pro\u010d koupit Flualprazolam od FRCS Research?<\/h3><p class=\"uagb-desc-text\">P\u0159i n\u00e1kupu <strong>flualprazolam<\/strong> z <strong>V\u00fdzkum FRCS<\/strong>, vyb\u00edr\u00e1te si d\u016fv\u011bryhodn\u00e9ho a spolehliv\u00e9ho dodavatele. Zde je to, co n\u00e1s odli\u0161uje:<br><strong>Vysok\u00e1 \u010distota<\/strong>: N\u00e1\u0161 <strong>flualprazolam<\/strong> je pe\u010dliv\u011b z\u00edsk\u00e1v\u00e1n od renomovan\u00fdch v\u00fdrobc\u016f a proch\u00e1z\u00ed p\u0159\u00edsn\u00fdm testov\u00e1n\u00edm, aby byla zaji\u0161t\u011bna jeho \u010distota a \u00fa\u010dinnost.<br><strong>Bezpe\u010dn\u00e9 a bezpe\u010dn\u00e9 objedn\u00e1v\u00e1n\u00ed<\/strong>: Poskytujeme zabezpe\u010denou platformu se \u0161ifrovan\u00fdmi platebn\u00edmi metodami, kter\u00e9 zaji\u0161\u0165uj\u00ed, \u017ee va\u0161e transakce je soukrom\u00e1 a chr\u00e1n\u011bn\u00e1.<br><strong>Diskr\u00e9tn\u00ed doprava<\/strong>: Nab\u00edz\u00edme <strong>diskr\u00e9tn\u00ed balen\u00ed<\/strong> a <strong>celosv\u011btovou p\u0159epravu<\/strong>, zaji\u0161t\u011bn\u00ed va\u0161eho <strong>flualprazolam<\/strong> objedn\u00e1vka doraz\u00ed bezpe\u010dn\u011b a rychle.<br><strong>Rychl\u00e9 dod\u00e1n\u00ed<\/strong>: Up\u0159ednost\u0148ujeme rychl\u00e9 a spolehliv\u00e9 dod\u00e1n\u00ed, abyste sv\u00e9 v\u00fdzkumn\u00e9 chemik\u00e1lie dostali rychle, bez ohledu na to, kde se nach\u00e1z\u00edte.<\/p><\/div>\n\n\n\n<div class=\"wp-block-uagb-container uagb-block-6d4e5b67\">\n<div class=\"wp-block-uagb-advanced-heading uagb-block-bbe91d67\"><h3 class=\"uagb-heading-text\">Flualprazolam pro v\u00fdzkumn\u00e9 \u00fa\u010dely<\/h3><\/div>\n\n\n\n<div class=\"wp-block-uagb-icon-list uagb-block-60b012d5\"><div class=\"uagb-icon-list__wrap\">\n<div class=\"wp-block-uagb-icon-list-child uagb-block-8bcb204e\"><a target=\"_self\" aria-label=\"Flualprazolam je popul\u00e1rn\u00ed slou\u010denina mezi v\u00fdzkumn\u00edky studuj\u00edc\u00edmi benzodiazepinov\u00e1 analoga. Jeho s\u00edla a interakce s receptory GABA-A z n\u011bj \u010din\u00ed ide\u00e1ln\u00ed prost\u0159edek pro studium anxiolytick\u00fdch, sedativn\u00edch a hypnotick\u00fdch \u00fa\u010dink\u016f. Pokud v\u00e1\u0161 v\u00fdzkum zahrnuje zkoum\u00e1n\u00ed toho, jak benzodiazepiny ovliv\u0148uj\u00ed \u00fazkost, poruchy sp\u00e1nku nebo neurologick\u00e9 stavy, je Flualprazolam nezbytnou chemickou l\u00e1tkou pro va\u0161e experimenty. Kl\u00ed\u010dov\u00e9 vlastnosti na\u0161eho flualprazolamu: Vysok\u00e1 \u00fa\u010dinnost: Siln\u00e1 slou\u010denina, kter\u00e1 nab\u00edz\u00ed konzistentn\u00ed v\u00fdsledky ve v\u00fdzkumn\u00fdch aplikac\u00edch. V\u00fdzkumn\u00e9 vyu\u017eit\u00ed: N\u00e1\u0161 Flualprazolam se prod\u00e1v\u00e1 pouze pro laboratorn\u00ed pou\u017eit\u00ed a nen\u00ed ur\u010den pro lidskou spot\u0159ebu nebo l\u00e9ka\u0159sk\u00e9 pou\u017eit\u00ed. Glob\u00e1ln\u00ed dostupnost: Flualprazolam zas\u00edl\u00e1me do cel\u00e9ho sv\u011bta, zajistit, aby v\u00fdzkumn\u00ed pracovn\u00edci po cel\u00e9m sv\u011bt\u011b m\u011bli p\u0159\u00edstup k na\u0161im vysoce kvalitn\u00edm produkt\u016fm.\" rel=\"noopener noreferrer\" href=\"#\"> <\/a><span class=\"uagb-icon-list__source-wrap\"><svg xmlns=\"https:\/\/www.w3.org\/2000\/svg\" viewbox=\"0 0 512 512\"><path d=\"M0 256C0 114.6 114.6 0 256 0C397.4 0 512 114.6 512 256C512 397.4 397.4 512 256 512C114.6 512 0 397.4 0 256zM371.8 211.8C382.7 200.9 382.7 183.1 371.8 172.2C360.9 161.3 343.1 161.3 332.2 172.2L224 280.4L179.8 236.2C168.9 225.3 151.1 225.3 140.2 236.2C129.3 247.1 129.3 264.9 140.2 275.8L204.2 339.8C215.1 350.7 232.9 350.7 243.8 339.8L371.8 211.8z\"><\/path><\/svg><\/span><span class=\"uagb-icon-list__label\">Flualprazolam je popul\u00e1rn\u00ed slou\u010denina mezi v\u00fdzkumn\u00edky studuj\u00edc\u00edmi benzodiazepinov\u00e1 analoga. Jeho s\u00edla a interakce s receptory GABA-A z n\u011bj \u010din\u00ed ide\u00e1ln\u00ed prost\u0159edek pro studium anxiolytick\u00fdch, sedativn\u00edch a hypnotick\u00fdch \u00fa\u010dink\u016f. Pokud v\u00e1\u0161 v\u00fdzkum zahrnuje zkoum\u00e1n\u00ed toho, jak benzodiazepiny ovliv\u0148uj\u00ed \u00fazkost, poruchy sp\u00e1nku nebo neurologick\u00e9 stavy, je Flualprazolam nezbytnou chemickou l\u00e1tkou pro va\u0161e experimenty. Kl\u00ed\u010dov\u00e9 vlastnosti na\u0161eho flualprazolamu: Vysok\u00e1 \u00fa\u010dinnost: Siln\u00e1 slou\u010denina, kter\u00e1 nab\u00edz\u00ed konzistentn\u00ed v\u00fdsledky ve v\u00fdzkumn\u00fdch aplikac\u00edch. V\u00fdzkumn\u00e9 vyu\u017eit\u00ed: N\u00e1\u0161 Flualprazolam se prod\u00e1v\u00e1 pouze pro laboratorn\u00ed pou\u017eit\u00ed a nen\u00ed ur\u010den pro lidskou spot\u0159ebu nebo l\u00e9ka\u0159sk\u00e9 pou\u017eit\u00ed. Glob\u00e1ln\u00ed dostupnost: Flualprazolam zas\u00edl\u00e1me do cel\u00e9ho sv\u011bta, zajistit, aby v\u00fdzkumn\u00ed pracovn\u00edci po cel\u00e9m sv\u011bt\u011b m\u011bli p\u0159\u00edstup k na\u0161im vysoce kvalitn\u00edm produkt\u016fm.<\/span><\/div>\n<\/div><\/div>\n<\/div>\n<\/div><\/div>\n\n\n\n<div class=\"wp-block-uagb-container uagb-layout-flex uagb-block-cd23d4e7 alignfull uagb-is-root-container\"><div class=\"uagb-container-inner-blocks-wrap\">\n<div class=\"wp-block-uagb-container uagb-block-38ac57af\">\n<div class=\"wp-block-uagb-advanced-heading uagb-block-ab8e889b\"><h2 class=\"uagb-heading-text\">Objednejte si Flualprazolam online bezpe\u010dn\u011b<\/h2><p class=\"uagb-desc-text\">A\u017e budete p\u0159ipraveni <strong>koupit Flualprazolam online<\/strong>, <strong>V\u00fdzkum FRCS<\/strong> je va\u0161\u00edm d\u016fv\u011bryhodn\u00fdm dodavatelem <strong>vysoce \u010dist\u00e9 analogy benzodiazepin\u016f<\/strong>. Se zam\u011b\u0159en\u00edm na <strong>kvalitn\u00ed<\/strong>, <strong>bezpe\u010dnost<\/strong>a <strong>diskr\u00e9tn\u00ed servis<\/strong>, poskytujeme bezpe\u010dn\u00e9 prost\u0159ed\u00ed pro objedn\u00e1v\u00e1n\u00ed v\u00fdzkumn\u00fdch chemik\u00e1li\u00ed.<br>Zde je d\u016fvod, pro\u010d m\u016f\u017eete v\u011b\u0159it <strong>V\u00fdzkum FRCS<\/strong>:<br><strong>Zabezpe\u010den\u00e9 transakce<\/strong>: Pou\u017e\u00edv\u00e1me \u0161ifrovan\u00e9 platebn\u00ed metody, abychom zajistili, \u017ee va\u0161e transakce bude bezpe\u010dn\u00e1 a soukrom\u00e1.<br><strong>Konkuren\u010dn\u00ed ceny<\/strong>: Nab\u00edz\u00edme jedny z nejlep\u0161\u00edch cen za <strong>flualprazolam<\/strong> a dal\u0161\u00ed v\u00fdzkumn\u00e9 chemik\u00e1lie bez kompromis\u016f v kvalit\u011b.<br><strong>Rychl\u00e9 a diskr\u00e9tn\u00ed dod\u00e1n\u00ed<\/strong>: Va\u0161e objedn\u00e1vky odes\u00edl\u00e1me diskr\u00e9tn\u011b, abychom chr\u00e1nili va\u0161e soukrom\u00ed, s rychl\u00fdm doru\u010den\u00edm, abychom zajistili, \u017ee v\u00e1\u0161 pr\u016fzkum nebude zdr\u017een.<strong>Testov\u00e1no a certifikov\u00e1no<\/strong>: V\u0161echny na\u0161e chemik\u00e1lie, v\u010detn\u011b <strong>MDPHP<\/strong>, jsou testov\u00e1ny na \u010distotu a konzistenci, aby bylo zaji\u0161t\u011bno, \u017ee ve sv\u00fdch studi\u00edch z\u00edsk\u00e1te spolehliv\u00e9 v\u00fdsledky.<br><strong>Zabezpe\u010den\u00e9 transakce<\/strong>: Pou\u017e\u00edv\u00e1me \u0161ifrovan\u00e9 platebn\u00ed metody a procesy bezpe\u010dn\u00e9ho placen\u00ed, abychom zajistili ochranu va\u0161ich informac\u00ed.<br><strong>Diskr\u00e9tn\u00ed doru\u010den\u00ed<\/strong>: Ch\u00e1peme d\u016fle\u017eitost soukrom\u00ed, a proto nab\u00edz\u00edme diskr\u00e9tn\u00ed a spolehlivou p\u0159epravu po cel\u00e9m sv\u011bt\u011b.<\/p><\/div>\n\n\n\n<div class=\"wp-block-uagb-icon-list uagb-block-e61dcdb2\"><div class=\"uagb-icon-list__wrap\">\n<div class=\"wp-block-uagb-icon-list-child uagb-block-56a9cd56\"><span class=\"uagb-icon-list__source-wrap\"><svg xmlns=\"https:\/\/www.w3.org\/2000\/svg\" viewbox=\"0 0 512 512\"><path d=\"M256 0C114.6 0 0 114.6 0 256c0 141.4 114.6 256 256 256s256-114.6 256-256C512 114.6 397.4 0 256 0zM406.6 278.6l-103.1 103.1c-12.5 12.5-32.75 12.5-45.25 0s-12.5-32.75 0-45.25L306.8 288H128C110.3 288 96 273.7 96 256s14.31-32 32-32h178.8l-49.38-49.38c-12.5-12.5-12.5-32.75 0-45.25s32.75-12.5 45.25 0l103.1 103.1C414.6 241.3 416 251.1 416 256C416 260.9 414.6 270.7 406.6 278.6z\"><\/path><\/svg><\/span><span class=\"uagb-icon-list__label\">Polo\u017eka seznamu<\/span><\/div>\n\n\n\n<div class=\"wp-block-uagb-icon-list-child uagb-block-5cb900a0\"><span class=\"uagb-icon-list__source-wrap\"><svg xmlns=\"https:\/\/www.w3.org\/2000\/svg\" viewbox=\"0 0 512 512\"><path d=\"M256 0C114.6 0 0 114.6 0 256c0 141.4 114.6 256 256 256s256-114.6 256-256C512 114.6 397.4 0 256 0zM406.6 278.6l-103.1 103.1c-12.5 12.5-32.75 12.5-45.25 0s-12.5-32.75 0-45.25L306.8 288H128C110.3 288 96 273.7 96 256s14.31-32 32-32h178.8l-49.38-49.38c-12.5-12.5-12.5-32.75 0-45.25s32.75-12.5 45.25 0l103.1 103.1C414.6 241.3 416 251.1 416 256C416 260.9 414.6 270.7 406.6 278.6z\"><\/path><\/svg><\/span><span class=\"uagb-icon-list__label\">Polo\u017eka seznamu<\/span><\/div>\n\n\n\n<div class=\"wp-block-uagb-icon-list-child uagb-block-e14a2666\"><span class=\"uagb-icon-list__source-wrap\"><svg xmlns=\"https:\/\/www.w3.org\/2000\/svg\" viewbox=\"0 0 512 512\"><path d=\"M256 0C114.6 0 0 114.6 0 256c0 141.4 114.6 256 256 256s256-114.6 256-256C512 114.6 397.4 0 256 0zM406.6 278.6l-103.1 103.1c-12.5 12.5-32.75 12.5-45.25 0s-12.5-32.75 0-45.25L306.8 288H128C110.3 288 96 273.7 96 256s14.31-32 32-32h178.8l-49.38-49.38c-12.5-12.5-12.5-32.75 0-45.25s32.75-12.5 45.25 0l103.1 103.1C414.6 241.3 416 251.1 416 256C416 260.9 414.6 270.7 406.6 278.6z\"><\/path><\/svg><\/span><span class=\"uagb-icon-list__label\">Polo\u017eka seznamu<\/span><\/div>\n<\/div><\/div>\n<\/div>\n\n\n\n<div class=\"wp-block-uagb-image alignright uagb-block-1bba2fd8 wp-block-uagb-image--layout-default wp-block-uagb-image--effect-static wp-block-uagb-image--align-right\"><figure class=\"wp-block-uagb-image__figure\"><img decoding=\"async\" srcset=\"https:\/\/frcs-research.com\/wp-content\/uploads\/2024\/10\/ghvkbjl-768x1024.jpg ,https:\/\/frcs-research.com\/wp-content\/uploads\/2024\/10\/ghvkbjl.jpg 780w, https:\/\/frcs-research.com\/wp-content\/uploads\/2024\/10\/ghvkbjl.jpg 360w\" sizes=\"auto, (max-width: 480px) 150px\" src=\"https:\/\/frcs-research.com\/wp-content\/uploads\/2024\/10\/ghvkbjl-768x1024.jpg\" alt=\"koupit mdphp\" class=\"uag-image-609\" width=\"560\" height=\"448\" title=\"ghvkbjl\" loading=\"lazy\" role=\"img\"\/><\/figure><\/div>\n<\/div><\/div>\n\n\n\n<p><\/p>","protected":false},"excerpt":{"rendered":"<p>Buy Flualprazolam Online \u2013 High-Quality Flualprazolam for Research at FRCS Research Buy Flualprazolam Online \u2013 High-Quality Flualprazolam for Research at FRCS Research Are you looking to buy Flualprazolam online for&hellip;<a href=\"https:\/\/frcs-research.com\/cs\/koupit-flualprazolam-online\/\" class=\"more-link\"><span class=\"more-button\">Continue reading<span class=\"screen-reader-text\">Koupit Flualprazolam online<\/span><\/span><\/a><\/p>","protected":false},"author":1,"featured_media":0,"parent":0,"menu_order":0,"comment_status":"closed","ping_status":"closed","template":"","meta":{"_uag_custom_page_level_css":"","footnotes":""},"class_list":["post-612","page","type-page","status-publish","hentry"],"yoast_head":"<!-- This site is optimized with the Yoast SEO plugin v27.1.1 - https:\/\/yoast.com\/product\/yoast-seo-wordpress\/ -->\n<title>Buy Flualprazolam Online \u2013 Premium Research Chemical<\/title>\n<meta name=\"description\" content=\"Buy high-purity Flualprazolam online at FRCS Research. Trusted supplier offering lab-tested Flualprazolam for research with secure payments and discreet worldwide shipping.\" \/>\n<meta name=\"robots\" content=\"index, follow, max-snippet:-1, max-image-preview:large, max-video-preview:-1\" \/>\n<link rel=\"canonical\" href=\"https:\/\/frcs-research.com\/cs\/koupit-flualprazolam-online\/\" \/>\n<meta property=\"og:locale\" content=\"cs_CZ\" \/>\n<meta property=\"og:type\" content=\"article\" \/>\n<meta property=\"og:title\" content=\"Buy Flualprazolam Online \u2013 Premium Research Chemical\" \/>\n<meta property=\"og:description\" content=\"Buy high-purity Flualprazolam online at FRCS Research. Trusted supplier offering lab-tested Flualprazolam for research with secure payments and discreet worldwide shipping.\" \/>\n<meta property=\"og:url\" content=\"https:\/\/frcs-research.com\/cs\/koupit-flualprazolam-online\/\" \/>\n<meta property=\"og:site_name\" content=\"wholesale supplier of research chemicals, 4mmc, 3mmc, MDPHP, Alpha PVP and more\" \/>\n<meta property=\"article:modified_time\" content=\"2024-10-09T00:42:43+00:00\" \/>\n<meta property=\"og:image\" content=\"https:\/\/frcs-research.com\/wp-content\/uploads\/2024\/10\/ket-powder.jpg\" \/>\n<meta name=\"twitter:card\" content=\"summary_large_image\" \/>\n<meta name=\"twitter:label1\" content=\"Odhadovan\u00e1 doba \u010dten\u00ed\" \/>\n\t<meta name=\"twitter:data1\" content=\"3 minuty\" \/>\n<script type=\"application\/ld+json\" class=\"yoast-schema-graph\">{\"@context\":\"https:\/\/schema.org\",\"@graph\":[{\"@type\":\"WebPage\",\"@id\":\"https:\/\/frcs-research.com\/buy-flualprazolam-online\/\",\"url\":\"https:\/\/frcs-research.com\/buy-flualprazolam-online\/\",\"name\":\"Buy Flualprazolam Online \u2013 Premium Research Chemical\",\"isPartOf\":{\"@id\":\"https:\/\/frcs-research.com\/#website\"},\"primaryImageOfPage\":{\"@id\":\"https:\/\/frcs-research.com\/buy-flualprazolam-online\/#primaryimage\"},\"image\":{\"@id\":\"https:\/\/frcs-research.com\/buy-flualprazolam-online\/#primaryimage\"},\"thumbnailUrl\":\"https:\/\/frcs-research.com\/wp-content\/uploads\/2024\/10\/ket-powder.jpg\",\"datePublished\":\"2024-10-08T23:48:06+00:00\",\"dateModified\":\"2024-10-09T00:42:43+00:00\",\"description\":\"Buy high-purity Flualprazolam online at FRCS Research. Trusted supplier offering lab-tested Flualprazolam for research with secure payments and discreet worldwide shipping.\",\"breadcrumb\":{\"@id\":\"https:\/\/frcs-research.com\/buy-flualprazolam-online\/#breadcrumb\"},\"inLanguage\":\"cs\",\"potentialAction\":[{\"@type\":\"ReadAction\",\"target\":[\"https:\/\/frcs-research.com\/buy-flualprazolam-online\/\"]}]},{\"@type\":\"ImageObject\",\"inLanguage\":\"cs\",\"@id\":\"https:\/\/frcs-research.com\/buy-flualprazolam-online\/#primaryimage\",\"url\":\"https:\/\/frcs-research.com\/wp-content\/uploads\/2024\/10\/ket-powder.jpg\",\"contentUrl\":\"https:\/\/frcs-research.com\/wp-content\/uploads\/2024\/10\/ket-powder.jpg\"},{\"@type\":\"BreadcrumbList\",\"@id\":\"https:\/\/frcs-research.com\/buy-flualprazolam-online\/#breadcrumb\",\"itemListElement\":[{\"@type\":\"ListItem\",\"position\":1,\"name\":\"Home\",\"item\":\"https:\/\/frcs-research.com\/\"},{\"@type\":\"ListItem\",\"position\":2,\"name\":\"Buy Flualprazolam Online\"}]},{\"@type\":\"WebSite\",\"@id\":\"https:\/\/frcs-research.com\/#website\",\"url\":\"https:\/\/frcs-research.com\/\",\"name\":\"wholesale supplier of research chemicals, 4mmc, 3mmc, MDPHP, Alpha PVP and more\",\"description\":\"Wholesale research chemicals\",\"potentialAction\":[{\"@type\":\"SearchAction\",\"target\":{\"@type\":\"EntryPoint\",\"urlTemplate\":\"https:\/\/frcs-research.com\/?s={search_term_string}\"},\"query-input\":{\"@type\":\"PropertyValueSpecification\",\"valueRequired\":true,\"valueName\":\"search_term_string\"}}],\"inLanguage\":\"cs\"}]}<\/script>\n<!-- \/ Yoast SEO plugin. -->","yoast_head_json":{"title":"Koupit Flualprazolam Online \u2013 Premium Research Chemical","description":"Nakupujte vysoce \u010dist\u00fd flualprazolam online na FRCS Research. D\u016fv\u011bryhodn\u00fd dodavatel nab\u00edzej\u00edc\u00ed laboratorn\u011b testovan\u00fd Flualprazolam pro v\u00fdzkum s bezpe\u010dn\u00fdmi platbami a diskr\u00e9tn\u00ed dopravou po cel\u00e9m sv\u011bt\u011b.","robots":{"index":"index","follow":"follow","max-snippet":"max-snippet:-1","max-image-preview":"max-image-preview:large","max-video-preview":"max-video-preview:-1"},"canonical":"https:\/\/frcs-research.com\/cs\/koupit-flualprazolam-online\/","og_locale":"cs_CZ","og_type":"article","og_title":"Buy Flualprazolam Online \u2013 Premium Research Chemical","og_description":"Buy high-purity Flualprazolam online at FRCS Research. Trusted supplier offering lab-tested Flualprazolam for research with secure payments and discreet worldwide shipping.","og_url":"https:\/\/frcs-research.com\/cs\/koupit-flualprazolam-online\/","og_site_name":"wholesale supplier of research chemicals, 4mmc, 3mmc, MDPHP, Alpha PVP and more","article_modified_time":"2024-10-09T00:42:43+00:00","og_image":[{"url":"https:\/\/frcs-research.com\/wp-content\/uploads\/2024\/10\/ket-powder.jpg","type":"","width":"","height":""}],"twitter_card":"summary_large_image","twitter_misc":{"Odhadovan\u00e1 doba \u010dten\u00ed":"3 minuty"},"schema":{"@context":"https:\/\/schema.org","@graph":[{"@type":"WebPage","@id":"https:\/\/frcs-research.com\/buy-flualprazolam-online\/","url":"https:\/\/frcs-research.com\/buy-flualprazolam-online\/","name":"Koupit Flualprazolam Online \u2013 Premium Research Chemical","isPartOf":{"@id":"https:\/\/frcs-research.com\/#website"},"primaryImageOfPage":{"@id":"https:\/\/frcs-research.com\/buy-flualprazolam-online\/#primaryimage"},"image":{"@id":"https:\/\/frcs-research.com\/buy-flualprazolam-online\/#primaryimage"},"thumbnailUrl":"https:\/\/frcs-research.com\/wp-content\/uploads\/2024\/10\/ket-powder.jpg","datePublished":"2024-10-08T23:48:06+00:00","dateModified":"2024-10-09T00:42:43+00:00","description":"Nakupujte vysoce \u010dist\u00fd flualprazolam online na FRCS Research. D\u016fv\u011bryhodn\u00fd dodavatel nab\u00edzej\u00edc\u00ed laboratorn\u011b testovan\u00fd Flualprazolam pro v\u00fdzkum s bezpe\u010dn\u00fdmi platbami a diskr\u00e9tn\u00ed dopravou po cel\u00e9m sv\u011bt\u011b.","breadcrumb":{"@id":"https:\/\/frcs-research.com\/buy-flualprazolam-online\/#breadcrumb"},"inLanguage":"cs","potentialAction":[{"@type":"ReadAction","target":["https:\/\/frcs-research.com\/buy-flualprazolam-online\/"]}]},{"@type":"ImageObject","inLanguage":"cs","@id":"https:\/\/frcs-research.com\/buy-flualprazolam-online\/#primaryimage","url":"https:\/\/frcs-research.com\/wp-content\/uploads\/2024\/10\/ket-powder.jpg","contentUrl":"https:\/\/frcs-research.com\/wp-content\/uploads\/2024\/10\/ket-powder.jpg"},{"@type":"BreadcrumbList","@id":"https:\/\/frcs-research.com\/buy-flualprazolam-online\/#breadcrumb","itemListElement":[{"@type":"ListItem","position":1,"name":"Home","item":"https:\/\/frcs-research.com\/"},{"@type":"ListItem","position":2,"name":"Buy Flualprazolam Online"}]},{"@type":"WebSite","@id":"https:\/\/frcs-research.com\/#website","url":"https:\/\/frcs-research.com\/","name":"velkoobchodn\u00ed dodavatel v\u00fdzkumn\u00fdch chemik\u00e1li\u00ed, 4mmc, 3mmc, MDPHP, Alpha PVP a dal\u0161\u00ed","description":"Velkoobchodn\u00ed v\u00fdzkum chemik\u00e1li\u00ed","potentialAction":[{"@type":"SearchAction","target":{"@type":"EntryPoint","urlTemplate":"https:\/\/frcs-research.com\/?s={search_term_string}"},"query-input":{"@type":"PropertyValueSpecification","valueRequired":true,"valueName":"search_term_string"}}],"inLanguage":"cs"}]}},"uagb_featured_image_src":{"full":false,"thumbnail":false,"medium":false,"medium_large":false,"large":false,"1536x1536":false,"2048x2048":false,"trp-custom-language-flag":false,"post-thumbnail":false,"elite-commerce-slider":false,"elite-commerce-hero":false,"elite-commerce-portfolio":false,"woocommerce_thumbnail":false,"woocommerce_single":false,"woocommerce_gallery_thumbnail":false},"uagb_author_info":{"display_name":"Richard Wood","author_link":"https:\/\/frcs-research.com\/cs\/author\/expireddomains1000gmail-com\/"},"uagb_comment_info":0,"uagb_excerpt":"Buy Flualprazolam Online \u2013 High-Quality Flualprazolam for Research at FRCS Research Buy Flualprazolam Online \u2013 High-Quality Flualprazolam for Research at FRCS Research Are you looking to buy Flualprazolam online for&hellip;Continue readingBuy Flualprazolam Online","_links":{"self":[{"href":"https:\/\/frcs-research.com\/cs\/wp-json\/wp\/v2\/pages\/612","targetHints":{"allow":["GET"]}}],"collection":[{"href":"https:\/\/frcs-research.com\/cs\/wp-json\/wp\/v2\/pages"}],"about":[{"href":"https:\/\/frcs-research.com\/cs\/wp-json\/wp\/v2\/types\/page"}],"author":[{"embeddable":true,"href":"https:\/\/frcs-research.com\/cs\/wp-json\/wp\/v2\/users\/1"}],"replies":[{"embeddable":true,"href":"https:\/\/frcs-research.com\/cs\/wp-json\/wp\/v2\/comments?post=612"}],"version-history":[{"count":6,"href":"https:\/\/frcs-research.com\/cs\/wp-json\/wp\/v2\/pages\/612\/revisions"}],"predecessor-version":[{"id":645,"href":"https:\/\/frcs-research.com\/cs\/wp-json\/wp\/v2\/pages\/612\/revisions\/645"}],"wp:attachment":[{"href":"https:\/\/frcs-research.com\/cs\/wp-json\/wp\/v2\/media?parent=612"}],"curies":[{"name":"wp","href":"https:\/\/api.w.org\/{rel}","templated":true}]}}