{"id":665,"date":"2024-10-12T18:59:31","date_gmt":"2024-10-12T18:59:31","guid":{"rendered":"https:\/\/frcs-research.com\/?page_id=665"},"modified":"2024-10-13T00:36:41","modified_gmt":"2024-10-13T00:36:41","slug":"jwh-018","status":"publish","type":"page","link":"https:\/\/frcs-research.com\/cs\/jwh-018\/","title":{"rendered":"JWH-018"},"content":{"rendered":"<div class=\"wp-block-uagb-container uagb-block-ddbe5c65 alignfull uagb-is-root-container\"><div class=\"uagb-container-inner-blocks-wrap\">\n<div class=\"wp-block-uagb-advanced-heading uagb-block-fa4e7c56\"><h1 class=\"uagb-heading-text\">Koupit JWH-018, 5F-ADB a syntetick\u00e9 kanabinoidy na FRCS Research<\/h1><p class=\"uagb-desc-text\"><strong>V\u00edtejte ve v\u00fdzkumu FRCS<\/strong>, v\u00e1\u0161 d\u016fv\u011bryhodn\u00fd online zdroj vysok\u00e9 kvality <a href=\"https:\/\/frcs-research.com\/cs\/product-category\/synteticke-katinony\/\">syntetick\u00e9 kanabinoidy<\/a>. Specializujeme se na poskytov\u00e1n\u00ed v\u00fdzkumn\u00fdch kanabinoid\u016f jako nap\u0159 <strong>JWH-018<\/strong>, <strong>5F-ADB<\/strong>a dal\u0161\u00ed \u00fa\u010dinn\u00e9 slou\u010deniny pro v\u011bdeck\u00e9 a akademick\u00e9 studie.<\/p><\/div>\n<\/div><\/div>\n\n\n\n<div class=\"wp-block-uagb-container uagb-block-f4853f72 alignfull uagb-is-root-container\"><div class=\"uagb-container-inner-blocks-wrap\">\n<div class=\"wp-block-uagb-image uagb-block-6ad7b79b wp-block-uagb-image--layout-default wp-block-uagb-image--effect-static wp-block-uagb-image--align-none\"><figure class=\"wp-block-uagb-image__figure\"><img decoding=\"async\" srcset=\"https:\/\/frcs-research.com\/wp-content\/uploads\/2024\/10\/4f084c3c-9e95-433f-a05f-3aba860dfa89.webp ,https:\/\/frcs-research.com\/wp-content\/uploads\/2024\/10\/4f084c3c-9e95-433f-a05f-3aba860dfa89.webp 780w, https:\/\/frcs-research.com\/wp-content\/uploads\/2024\/10\/4f084c3c-9e95-433f-a05f-3aba860dfa89.webp 360w\" sizes=\"auto, (max-width: 480px) 150px\" src=\"https:\/\/frcs-research.com\/wp-content\/uploads\/2024\/10\/4f084c3c-9e95-433f-a05f-3aba860dfa89.webp\" alt=\"\" class=\"uag-image-673\" width=\"939\" height=\"1024\" title=\"4f084c3c-9e95-433f-a05f-3aba860dfa89\" loading=\"lazy\" role=\"img\"\/><\/figure><\/div>\n\n\n\n<div class=\"wp-block-uagb-container uagb-block-959de5be\">\n<div class=\"wp-block-uagb-advanced-heading uagb-block-a679106e\"><h2 class=\"uagb-heading-text\"><strong>Kupte si JWH-018 online pro v\u00fdzkum<\/strong><\/h2><p class=\"uagb-desc-text\">Chcete koupit JWH-018 online? Ve FRCS Research nab\u00edz\u00edme \u010dist\u00fd JWH-018, obl\u00edben\u00fd syntetick\u00fd kanabinoid zn\u00e1m\u00fd pro sv\u00e9 siln\u00e9 psychoaktivn\u00ed vlastnosti. JWH-018 se \u010dasto pou\u017e\u00edv\u00e1 ve studi\u00edch zkoumaj\u00edc\u00edch interakce kanabinoidn\u00edch receptor\u016f a \u00fa\u010dinky alternativ THC. N\u00e1\u0161 JWH-018 je testov\u00e1n na kvalitu a \u010distotu, tak\u017ee je ide\u00e1ln\u00ed pro legitimn\u00ed v\u00fdzkumn\u00e9 \u00fa\u010dely.<\/p><\/div>\n<\/div>\n<\/div><\/div>\n\n\n\n<div class=\"wp-block-uagb-container uagb-layout-grid uagb-block-395f69b9 alignfull uagb-is-root-container\"><div class=\"uagb-container-inner-blocks-wrap\">\n<div class=\"wp-block-uagb-advanced-heading uagb-block-992e1d53\"><h3 class=\"uagb-heading-text\"><strong>Kupte si 5F-ADB \u2013 siln\u00fd kanabinoid pro v\u00fdzkum<\/strong><\/h3><p class=\"uagb-desc-text\">Ve FRCS Research m\u016f\u017eete tak\u00e9 <strong>koupit 5F-ADB<\/strong>, syntetick\u00fd kanabinoid uzn\u00e1van\u00fd pro svou silnou vazebnou afinitu k receptor\u016fm CB1 a CB2. 5F-ADB je \u0161iroce studov\u00e1n pro sv\u00e9 siln\u00e9 \u00fa\u010dinky a je kl\u00ed\u010dovou slou\u010deninou ve v\u00fdzkumu zkoumaj\u00edc\u00edm dopady syntetick\u00fdch alternativ k THC. Zaji\u0161\u0165ujeme, aby v\u0161echny na\u0161e produkty 5F-ADB spl\u0148ovaly nejvy\u0161\u0161\u00ed standardy \u010distoty a konzistence.<\/p><\/div>\n\n\n\n<div class=\"wp-block-uagb-container uagb-block-6d4e5b67\">\n<div class=\"wp-block-uagb-advanced-heading uagb-block-bbe91d67\"><h3 class=\"uagb-heading-text\"><strong>Prozkoumejte n\u00e1\u0161 v\u00fdb\u011br syntetick\u00fdch kanabinoid\u016f<\/strong><\/h3><\/div>\n\n\n\n<p>Krom\u011b JWH-018 a 5F-ADB nab\u00edz\u00ed FRCS Research celou \u0159adu dal\u0161\u00edch <strong>syntetick\u00e9 kanabinoidy<\/strong> na prodej. A\u0165 u\u017e studujete interakce s receptory nebo \u00fa\u010dinky analog\u016f THC, na\u0161e rozs\u00e1hl\u00e1 sb\u00edrka obsahuje vysoce \u017e\u00e1dan\u00e9 chemik\u00e1lie, jako jsou <strong>AM-2201<\/strong>, <strong>XLR-11<\/strong>a <strong>AKB48<\/strong>. Na\u0161e produkty jsou speci\u00e1ln\u011b navr\u017eeny pro v\u00fdzkumn\u00e9 pou\u017eit\u00ed a zaji\u0161\u0165uj\u00ed, \u017ee poka\u017ed\u00e9 z\u00edsk\u00e1te spolehliv\u00e9 a konzistentn\u00ed v\u00fdsledky.<\/p>\n<\/div>\n<\/div><\/div>\n\n\n\n<div class=\"wp-block-uagb-container uagb-layout-flex uagb-block-cd23d4e7 alignfull uagb-is-root-container\"><div class=\"uagb-container-inner-blocks-wrap\">\n<div class=\"wp-block-uagb-container uagb-block-38ac57af\">\n<div class=\"wp-block-uagb-advanced-heading uagb-block-ab8e889b\"><h2 class=\"uagb-heading-text\"><strong>Pro\u010d si vybrat FRCS Research?<\/strong><\/h2><p class=\"uagb-desc-text\"><strong>Vysoce kvalitn\u00ed produkty<\/strong>: V\u0161echny na\u0161e syntetick\u00e9 kanabinoidy podl\u00e9haj\u00ed p\u0159\u00edsn\u00e9 kontrole kvality, aby bylo zaji\u0161t\u011bno, \u017ee pro sv\u00e9 studie dostanete pouze ty nejlep\u0161\u00ed slou\u010deniny.<br><strong>Bezpe\u010dn\u00e1 a diskr\u00e9tn\u00ed doprava<\/strong>: V\u00e1\u017e\u00edme si va\u0161eho soukrom\u00ed a nab\u00edz\u00edme rychlou a diskr\u00e9tn\u00ed dopravu po cel\u00e9m sv\u011bt\u011b.<br><strong>Konkuren\u010dn\u00ed ceny<\/strong>: Z\u00edskejte pr\u00e9miov\u00e9 v\u00fdzkumn\u00e9 chemik\u00e1lie za dostupn\u00e9 ceny, ani\u017e byste museli ob\u011btovat kvalitu.<br><strong>Z\u00e1kaznick\u00e1 podpora<\/strong>: N\u00e1\u0161 specializovan\u00fd t\u00fdm je zde v\u017edy, aby v\u00e1m pomohl zodpov\u011bd\u011bt jak\u00e9koli ot\u00e1zky a provedl v\u00e1s procesem n\u00e1kupu.<strong>Testov\u00e1no a certifikov\u00e1no<\/strong>: V\u0161echny na\u0161e chemik\u00e1lie, v\u010detn\u011b <strong>MDPHP<\/strong>, jsou testov\u00e1ny na \u010distotu a konzistenci, aby bylo zaji\u0161t\u011bno, \u017ee ve sv\u00fdch studi\u00edch z\u00edsk\u00e1te spolehliv\u00e9 v\u00fdsledky.<br><strong>Zabezpe\u010den\u00e9 transakce<\/strong>: Pou\u017e\u00edv\u00e1me \u0161ifrovan\u00e9 platebn\u00ed metody a procesy bezpe\u010dn\u00e9ho placen\u00ed, abychom zajistili ochranu va\u0161ich informac\u00ed.<br><strong>Diskr\u00e9tn\u00ed doru\u010den\u00ed<\/strong>: Ch\u00e1peme d\u016fle\u017eitost soukrom\u00ed, a proto nab\u00edz\u00edme diskr\u00e9tn\u00ed a spolehlivou p\u0159epravu po cel\u00e9m sv\u011bt\u011b.<\/p><\/div>\n<\/div>\n\n\n\n<div class=\"wp-block-uagb-image alignright uagb-block-1bba2fd8 wp-block-uagb-image--layout-default wp-block-uagb-image--effect-static wp-block-uagb-image--align-right\"><figure class=\"wp-block-uagb-image__figure\"><img decoding=\"async\" srcset=\"https:\/\/frcs-research.com\/wp-content\/uploads\/2024\/10\/54384971.2.jpg ,https:\/\/frcs-research.com\/wp-content\/uploads\/2024\/10\/54384971.2.jpg 780w, https:\/\/frcs-research.com\/wp-content\/uploads\/2024\/10\/54384971.2.jpg 360w\" sizes=\"auto, (max-width: 480px) 150px\" src=\"https:\/\/frcs-research.com\/wp-content\/uploads\/2024\/10\/54384971.2.jpg\" alt=\"\" class=\"uag-image-677\" width=\"560\" height=\"448\" title=\"54384971.2\" loading=\"lazy\" role=\"img\"\/><\/figure><\/div>\n<\/div><\/div>","protected":false},"excerpt":{"rendered":"<p>Buy JWH-018, 5F-ADB, and Synthetic Cannabinoids at FRCS Research Welcome to FRCS Research, your trusted online source for high-quality synthetic cannabinoids. We specialize in providing research-grade cannabinoids such as JWH-018,&hellip;<a href=\"https:\/\/frcs-research.com\/cs\/jwh-018\/\" class=\"more-link\"><span class=\"more-button\">Continue reading<span class=\"screen-reader-text\">JWH-018<\/span><\/span><\/a><\/p>","protected":false},"author":1,"featured_media":673,"parent":0,"menu_order":0,"comment_status":"closed","ping_status":"closed","template":"","meta":{"_uag_custom_page_level_css":"","footnotes":""},"class_list":["post-665","page","type-page","status-publish","has-post-thumbnail","hentry"],"yoast_head":"<!-- This site is optimized with the Yoast SEO plugin v27.1.1 - https:\/\/yoast.com\/product\/yoast-seo-wordpress\/ -->\n<title>Buy JWH-018, 5F-ADB &amp; Synthetic Cannabinoids Online<\/title>\n<meta name=\"description\" content=\"Purchase JWH-018, 5F-ADB, and other synthetic cannabinoids from FRCS Research. High-quality products for research purposes with fast, discreet shipping.\" \/>\n<meta name=\"robots\" content=\"index, follow, max-snippet:-1, max-image-preview:large, max-video-preview:-1\" \/>\n<link rel=\"canonical\" href=\"https:\/\/frcs-research.com\/cs\/jwh-018\/\" \/>\n<meta property=\"og:locale\" content=\"cs_CZ\" \/>\n<meta property=\"og:type\" content=\"article\" \/>\n<meta property=\"og:title\" content=\"Buy JWH-018, 5F-ADB &amp; Synthetic Cannabinoids Online\" \/>\n<meta property=\"og:description\" content=\"Purchase JWH-018, 5F-ADB, and other synthetic cannabinoids from FRCS Research. High-quality products for research purposes with fast, discreet shipping.\" \/>\n<meta property=\"og:url\" content=\"https:\/\/frcs-research.com\/cs\/jwh-018\/\" \/>\n<meta property=\"og:site_name\" content=\"wholesale supplier of research chemicals, 4mmc, 3mmc, MDPHP, Alpha PVP and more\" \/>\n<meta property=\"article:modified_time\" content=\"2024-10-13T00:36:41+00:00\" \/>\n<meta property=\"og:image\" content=\"https:\/\/frcs-research.com\/wp-content\/uploads\/2024\/10\/4f084c3c-9e95-433f-a05f-3aba860dfa89.webp\" \/>\n\t<meta property=\"og:image:width\" content=\"1024\" \/>\n\t<meta property=\"og:image:height\" content=\"1024\" \/>\n\t<meta property=\"og:image:type\" content=\"image\/webp\" \/>\n<meta name=\"twitter:card\" content=\"summary_large_image\" \/>\n<meta name=\"twitter:label1\" content=\"Odhadovan\u00e1 doba \u010dten\u00ed\" \/>\n\t<meta name=\"twitter:data1\" content=\"3 minuty\" \/>\n<script type=\"application\/ld+json\" class=\"yoast-schema-graph\">{\"@context\":\"https:\/\/schema.org\",\"@graph\":[{\"@type\":\"WebPage\",\"@id\":\"https:\/\/frcs-research.com\/jwh-018\/\",\"url\":\"https:\/\/frcs-research.com\/jwh-018\/\",\"name\":\"Buy JWH-018, 5F-ADB & Synthetic Cannabinoids Online\",\"isPartOf\":{\"@id\":\"https:\/\/frcs-research.com\/#website\"},\"primaryImageOfPage\":{\"@id\":\"https:\/\/frcs-research.com\/jwh-018\/#primaryimage\"},\"image\":{\"@id\":\"https:\/\/frcs-research.com\/jwh-018\/#primaryimage\"},\"thumbnailUrl\":\"https:\/\/frcs-research.com\/wp-content\/uploads\/2024\/10\/4f084c3c-9e95-433f-a05f-3aba860dfa89.webp\",\"datePublished\":\"2024-10-12T18:59:31+00:00\",\"dateModified\":\"2024-10-13T00:36:41+00:00\",\"description\":\"Purchase JWH-018, 5F-ADB, and other synthetic cannabinoids from FRCS Research. High-quality products for research purposes with fast, discreet shipping.\",\"breadcrumb\":{\"@id\":\"https:\/\/frcs-research.com\/jwh-018\/#breadcrumb\"},\"inLanguage\":\"cs\",\"potentialAction\":[{\"@type\":\"ReadAction\",\"target\":[\"https:\/\/frcs-research.com\/jwh-018\/\"]}]},{\"@type\":\"ImageObject\",\"inLanguage\":\"cs\",\"@id\":\"https:\/\/frcs-research.com\/jwh-018\/#primaryimage\",\"url\":\"https:\/\/frcs-research.com\/wp-content\/uploads\/2024\/10\/4f084c3c-9e95-433f-a05f-3aba860dfa89.webp\",\"contentUrl\":\"https:\/\/frcs-research.com\/wp-content\/uploads\/2024\/10\/4f084c3c-9e95-433f-a05f-3aba860dfa89.webp\",\"width\":1024,\"height\":1024},{\"@type\":\"BreadcrumbList\",\"@id\":\"https:\/\/frcs-research.com\/jwh-018\/#breadcrumb\",\"itemListElement\":[{\"@type\":\"ListItem\",\"position\":1,\"name\":\"Home\",\"item\":\"https:\/\/frcs-research.com\/\"},{\"@type\":\"ListItem\",\"position\":2,\"name\":\"JWH-018\"}]},{\"@type\":\"WebSite\",\"@id\":\"https:\/\/frcs-research.com\/#website\",\"url\":\"https:\/\/frcs-research.com\/\",\"name\":\"wholesale supplier of research chemicals, 4mmc, 3mmc, MDPHP, Alpha PVP and more\",\"description\":\"Wholesale research chemicals\",\"potentialAction\":[{\"@type\":\"SearchAction\",\"target\":{\"@type\":\"EntryPoint\",\"urlTemplate\":\"https:\/\/frcs-research.com\/?s={search_term_string}\"},\"query-input\":{\"@type\":\"PropertyValueSpecification\",\"valueRequired\":true,\"valueName\":\"search_term_string\"}}],\"inLanguage\":\"cs\"}]}<\/script>\n<!-- \/ Yoast SEO plugin. -->","yoast_head_json":{"title":"Kupte si JWH-018, 5F-ADB a syntetick\u00e9 kanabinoidy online","description":"Kupte si JWH-018, 5F-ADB a dal\u0161\u00ed syntetick\u00e9 kanabinoidy od FRCS Research. Vysoce kvalitn\u00ed produkty pro v\u00fdzkumn\u00e9 \u00fa\u010dely s rychlou a diskr\u00e9tn\u00ed dopravou.","robots":{"index":"index","follow":"follow","max-snippet":"max-snippet:-1","max-image-preview":"max-image-preview:large","max-video-preview":"max-video-preview:-1"},"canonical":"https:\/\/frcs-research.com\/cs\/jwh-018\/","og_locale":"cs_CZ","og_type":"article","og_title":"Buy JWH-018, 5F-ADB & Synthetic Cannabinoids Online","og_description":"Purchase JWH-018, 5F-ADB, and other synthetic cannabinoids from FRCS Research. High-quality products for research purposes with fast, discreet shipping.","og_url":"https:\/\/frcs-research.com\/cs\/jwh-018\/","og_site_name":"wholesale supplier of research chemicals, 4mmc, 3mmc, MDPHP, Alpha PVP and more","article_modified_time":"2024-10-13T00:36:41+00:00","og_image":[{"width":1024,"height":1024,"url":"https:\/\/frcs-research.com\/wp-content\/uploads\/2024\/10\/4f084c3c-9e95-433f-a05f-3aba860dfa89.webp","type":"image\/webp"}],"twitter_card":"summary_large_image","twitter_misc":{"Odhadovan\u00e1 doba \u010dten\u00ed":"3 minuty"},"schema":{"@context":"https:\/\/schema.org","@graph":[{"@type":"WebPage","@id":"https:\/\/frcs-research.com\/jwh-018\/","url":"https:\/\/frcs-research.com\/jwh-018\/","name":"Kupte si JWH-018, 5F-ADB a syntetick\u00e9 kanabinoidy online","isPartOf":{"@id":"https:\/\/frcs-research.com\/#website"},"primaryImageOfPage":{"@id":"https:\/\/frcs-research.com\/jwh-018\/#primaryimage"},"image":{"@id":"https:\/\/frcs-research.com\/jwh-018\/#primaryimage"},"thumbnailUrl":"https:\/\/frcs-research.com\/wp-content\/uploads\/2024\/10\/4f084c3c-9e95-433f-a05f-3aba860dfa89.webp","datePublished":"2024-10-12T18:59:31+00:00","dateModified":"2024-10-13T00:36:41+00:00","description":"Kupte si JWH-018, 5F-ADB a dal\u0161\u00ed syntetick\u00e9 kanabinoidy od FRCS Research. Vysoce kvalitn\u00ed produkty pro v\u00fdzkumn\u00e9 \u00fa\u010dely s rychlou a diskr\u00e9tn\u00ed dopravou.","breadcrumb":{"@id":"https:\/\/frcs-research.com\/jwh-018\/#breadcrumb"},"inLanguage":"cs","potentialAction":[{"@type":"ReadAction","target":["https:\/\/frcs-research.com\/jwh-018\/"]}]},{"@type":"ImageObject","inLanguage":"cs","@id":"https:\/\/frcs-research.com\/jwh-018\/#primaryimage","url":"https:\/\/frcs-research.com\/wp-content\/uploads\/2024\/10\/4f084c3c-9e95-433f-a05f-3aba860dfa89.webp","contentUrl":"https:\/\/frcs-research.com\/wp-content\/uploads\/2024\/10\/4f084c3c-9e95-433f-a05f-3aba860dfa89.webp","width":1024,"height":1024},{"@type":"BreadcrumbList","@id":"https:\/\/frcs-research.com\/jwh-018\/#breadcrumb","itemListElement":[{"@type":"ListItem","position":1,"name":"Home","item":"https:\/\/frcs-research.com\/"},{"@type":"ListItem","position":2,"name":"JWH-018"}]},{"@type":"WebSite","@id":"https:\/\/frcs-research.com\/#website","url":"https:\/\/frcs-research.com\/","name":"velkoobchodn\u00ed dodavatel v\u00fdzkumn\u00fdch chemik\u00e1li\u00ed, 4mmc, 3mmc, MDPHP, Alpha PVP a dal\u0161\u00ed","description":"Velkoobchodn\u00ed v\u00fdzkum chemik\u00e1li\u00ed","potentialAction":[{"@type":"SearchAction","target":{"@type":"EntryPoint","urlTemplate":"https:\/\/frcs-research.com\/?s={search_term_string}"},"query-input":{"@type":"PropertyValueSpecification","valueRequired":true,"valueName":"search_term_string"}}],"inLanguage":"cs"}]}},"uagb_featured_image_src":{"full":["https:\/\/frcs-research.com\/wp-content\/uploads\/2024\/10\/4f084c3c-9e95-433f-a05f-3aba860dfa89.webp",1024,1024,false],"thumbnail":["https:\/\/frcs-research.com\/wp-content\/uploads\/2024\/10\/4f084c3c-9e95-433f-a05f-3aba860dfa89-150x150.webp",150,150,true],"medium":["https:\/\/frcs-research.com\/wp-content\/uploads\/2024\/10\/4f084c3c-9e95-433f-a05f-3aba860dfa89-300x300.webp",300,300,true],"medium_large":["https:\/\/frcs-research.com\/wp-content\/uploads\/2024\/10\/4f084c3c-9e95-433f-a05f-3aba860dfa89-768x768.webp",768,768,true],"large":["https:\/\/frcs-research.com\/wp-content\/uploads\/2024\/10\/4f084c3c-9e95-433f-a05f-3aba860dfa89.webp",1024,1024,false],"1536x1536":["https:\/\/frcs-research.com\/wp-content\/uploads\/2024\/10\/4f084c3c-9e95-433f-a05f-3aba860dfa89.webp",1024,1024,false],"2048x2048":["https:\/\/frcs-research.com\/wp-content\/uploads\/2024\/10\/4f084c3c-9e95-433f-a05f-3aba860dfa89.webp",1024,1024,false],"trp-custom-language-flag":["https:\/\/frcs-research.com\/wp-content\/uploads\/2024\/10\/4f084c3c-9e95-433f-a05f-3aba860dfa89.webp",12,12,false],"post-thumbnail":["https:\/\/frcs-research.com\/wp-content\/uploads\/2024\/10\/4f084c3c-9e95-433f-a05f-3aba860dfa89.webp",620,620,false],"elite-commerce-slider":["https:\/\/frcs-research.com\/wp-content\/uploads\/2024\/10\/4f084c3c-9e95-433f-a05f-3aba860dfa89.webp",1000,1000,false],"elite-commerce-hero":["https:\/\/frcs-research.com\/wp-content\/uploads\/2024\/10\/4f084c3c-9e95-433f-a05f-3aba860dfa89.webp",600,600,false],"elite-commerce-portfolio":["https:\/\/frcs-research.com\/wp-content\/uploads\/2024\/10\/4f084c3c-9e95-433f-a05f-3aba860dfa89.webp",400,400,false],"woocommerce_thumbnail":["https:\/\/frcs-research.com\/wp-content\/uploads\/2024\/10\/4f084c3c-9e95-433f-a05f-3aba860dfa89-300x300.webp",300,300,true],"woocommerce_single":["https:\/\/frcs-research.com\/wp-content\/uploads\/2024\/10\/4f084c3c-9e95-433f-a05f-3aba860dfa89-600x600.webp",600,600,true],"woocommerce_gallery_thumbnail":["https:\/\/frcs-research.com\/wp-content\/uploads\/2024\/10\/4f084c3c-9e95-433f-a05f-3aba860dfa89-100x100.webp",100,100,true]},"uagb_author_info":{"display_name":"Richard Wood","author_link":"https:\/\/frcs-research.com\/cs\/author\/expireddomains1000gmail-com\/"},"uagb_comment_info":0,"uagb_excerpt":"Buy JWH-018, 5F-ADB, and Synthetic Cannabinoids at FRCS Research Welcome to FRCS Research, your trusted online source for high-quality synthetic cannabinoids. We specialize in providing research-grade cannabinoids such as JWH-018,&hellip;Continue readingJWH-018","_links":{"self":[{"href":"https:\/\/frcs-research.com\/cs\/wp-json\/wp\/v2\/pages\/665","targetHints":{"allow":["GET"]}}],"collection":[{"href":"https:\/\/frcs-research.com\/cs\/wp-json\/wp\/v2\/pages"}],"about":[{"href":"https:\/\/frcs-research.com\/cs\/wp-json\/wp\/v2\/types\/page"}],"author":[{"embeddable":true,"href":"https:\/\/frcs-research.com\/cs\/wp-json\/wp\/v2\/users\/1"}],"replies":[{"embeddable":true,"href":"https:\/\/frcs-research.com\/cs\/wp-json\/wp\/v2\/comments?post=665"}],"version-history":[{"count":9,"href":"https:\/\/frcs-research.com\/cs\/wp-json\/wp\/v2\/pages\/665\/revisions"}],"predecessor-version":[{"id":783,"href":"https:\/\/frcs-research.com\/cs\/wp-json\/wp\/v2\/pages\/665\/revisions\/783"}],"wp:featuredmedia":[{"embeddable":true,"href":"https:\/\/frcs-research.com\/cs\/wp-json\/wp\/v2\/media\/673"}],"wp:attachment":[{"href":"https:\/\/frcs-research.com\/cs\/wp-json\/wp\/v2\/media?parent=665"}],"curies":[{"name":"wp","href":"https:\/\/api.w.org\/{rel}","templated":true}]}}