{"id":682,"date":"2024-10-12T19:22:08","date_gmt":"2024-10-12T19:22:08","guid":{"rendered":"https:\/\/frcs-research.com\/?page_id=682"},"modified":"2024-10-12T19:27:53","modified_gmt":"2024-10-12T19:27:53","slug":"koupit-etizolam","status":"publish","type":"page","link":"https:\/\/frcs-research.com\/cs\/koupit-etizolam\/","title":{"rendered":"Kupte si Etizolam, Flualprazolam a Clonazolam"},"content":{"rendered":"<div class=\"wp-block-uagb-container uagb-block-ddbe5c65 alignfull uagb-is-root-container\"><div class=\"uagb-container-inner-blocks-wrap\">\n<div class=\"wp-block-uagb-advanced-heading uagb-block-fa4e7c56\"><h1 class=\"uagb-heading-text\">Kupte si Etizolam, Flualprazolam a Clonazolam online na FRCS Research<\/h1><p class=\"uagb-desc-text\">V\u00edtejte ve FRCS Research, va\u0161em d\u016fv\u011bryhodn\u00e9m zdroji vysoce kvalitn\u00edch benzodiazepinov\u00fdch analog\u016f. Specializujeme se na nab\u00eddku prvot\u0159\u00eddn\u00edch v\u00fdzkumn\u00fdch chemik\u00e1li\u00ed, jako je Etizolam, Flualprazolam a Clonazolam, \u0161iroce pou\u017e\u00edvan\u00e9 pro akademick\u00e9 a v\u011bdeck\u00e9 v\u00fdzkumn\u00e9 \u00fa\u010dely.<\/p><\/div>\n<\/div><\/div>\n\n\n\n<div class=\"wp-block-uagb-container uagb-block-f4853f72 alignfull uagb-is-root-container\"><div class=\"uagb-container-inner-blocks-wrap\">\n<div class=\"wp-block-uagb-image uagb-block-6ad7b79b wp-block-uagb-image--layout-default wp-block-uagb-image--effect-static wp-block-uagb-image--align-none\"><figure class=\"wp-block-uagb-image__figure\"><img decoding=\"async\" srcset=\"https:\/\/frcs-research.com\/wp-content\/uploads\/2024\/10\/201810181043065236899.jpg ,https:\/\/frcs-research.com\/wp-content\/uploads\/2024\/10\/201810181043065236899.jpg 780w, https:\/\/frcs-research.com\/wp-content\/uploads\/2024\/10\/201810181043065236899.jpg 360w\" sizes=\"auto, (max-width: 480px) 150px\" src=\"https:\/\/frcs-research.com\/wp-content\/uploads\/2024\/10\/201810181043065236899.jpg\" alt=\"\" class=\"uag-image-685\" width=\"939\" height=\"1024\" title=\"201810181043065236899\" loading=\"lazy\" role=\"img\"\/><\/figure><\/div>\n\n\n\n<div class=\"wp-block-uagb-container uagb-block-959de5be\">\n<div class=\"wp-block-uagb-advanced-heading uagb-block-a679106e\"><h2 class=\"uagb-heading-text\"><strong>Koupit Etizolam online pro v\u00fdzkum<\/strong><\/h2><p class=\"uagb-desc-text\">Pokud hled\u00e1te <strong>koupit Etizolam online<\/strong>, jste na spr\u00e1vn\u00e9m m\u00edst\u011b. <strong>Etizolam<\/strong> je siln\u00fd benzodiazepinov\u00fd analog pou\u017e\u00edvan\u00fd ve studi\u00edch zam\u011b\u0159en\u00fdch na \u00fazkost, sedaci a fungov\u00e1n\u00ed GABA receptor\u016f. Ve spole\u010dnosti FRCS Research poskytujeme Etizolam nejvy\u0161\u0161\u00ed \u010distoty, co\u017e zaji\u0161\u0165uje, \u017ee v\u00e1\u0161 v\u00fdzkum je zalo\u017een na spolehliv\u00fdch v\u00fdsledc\u00edch. Up\u0159ednost\u0148ujeme bezpe\u010dnost, kvalitu a rychl\u00e9 dod\u00e1n\u00ed, d\u00edky \u010demu\u017e jsme nejlep\u0161\u00ed volbou pro n\u00e1kup <strong>Etizolam pro v\u00fdzkum<\/strong>.<\/p><\/div>\n<\/div>\n<\/div><\/div>\n\n\n\n<div class=\"wp-block-uagb-container uagb-layout-grid uagb-block-395f69b9 alignfull uagb-is-root-container\"><div class=\"uagb-container-inner-blocks-wrap\">\n<div class=\"wp-block-uagb-advanced-heading uagb-block-992e1d53\"><h3 class=\"uagb-heading-text\"><strong>Objednejte si flualprazolam \u2013 \u00fa\u010dinn\u00fd analog benzodiazepinu<\/strong><\/h3><p class=\"uagb-desc-text\">P\u0159i pohledu na <strong>koupit Flualprazolam<\/strong> pro v\u00e1\u0161 v\u00fdzkum? FRCS Research nab\u00edz\u00ed <strong>flualprazolam<\/strong>, siln\u00fd sedativum a anxiolytick\u00fd analog se siln\u00fdmi \u00fa\u010dinky, \u010dasto studovan\u00fd v oblasti farmakologie. Flualprazolam, zn\u00e1m\u00fd pro svou intenzivn\u00ed s\u00edlu a dlouhotrvaj\u00edc\u00ed \u00fa\u010dinky, je kl\u00ed\u010dovou l\u00e1tkou pro v\u00fdzkum trankviliz\u00e9r\u016f a sedativn\u00edch slou\u010denin. Poskytujeme rychlou p\u0159epravu a p\u0159\u00edsnou kontrolu kvality, abychom zajistili va\u0161i <strong>flualprazolam<\/strong> je p\u0159ipravena pro laboratorn\u00ed pou\u017eit\u00ed.<\/p><\/div>\n\n\n\n<div class=\"wp-block-uagb-container uagb-block-6d4e5b67\">\n<div class=\"wp-block-uagb-advanced-heading uagb-block-bbe91d67\"><h3 class=\"uagb-heading-text\"><strong>Kupte si klonazolam online \u2013 pro spolehliv\u00fd v\u00fdzkum<\/strong><\/h3><\/div>\n\n\n\n<p>Ve FRCS Research m\u016f\u017eete tak\u00e9 <strong>koupit Clonazolam<\/strong>, dal\u0161\u00ed siln\u00fd benzodiazepinov\u00fd analog zn\u00e1m\u00fd pro sv\u00e9 siln\u00e9 sedativn\u00ed a anti-\u00fazkostn\u00e9 vlastnosti. Klonazolam je nezbytn\u00fd pro v\u00fdzkumn\u00edky, kte\u0159\u00ed studuj\u00ed vliv benzodiazepin\u016f na modulaci neurotransmiter\u016f a poruchy sp\u00e1nku. V\u0161echny na\u0161e <strong>klonazolam<\/strong> produkty jsou laboratorn\u011b testov\u00e1ny na \u010distotu, tak\u017ee m\u016f\u017eete d\u016fv\u011b\u0159ovat kvalit\u011b sv\u00e9ho n\u00e1kupu pro pot\u0159eby va\u0161eho v\u00fdzkumu.<\/p>\n<\/div>\n<\/div><\/div>\n\n\n\n<div class=\"wp-block-uagb-container uagb-layout-flex uagb-block-cd23d4e7 alignfull uagb-is-root-container\"><div class=\"uagb-container-inner-blocks-wrap\">\n<div class=\"wp-block-uagb-container uagb-block-38ac57af\">\n<div class=\"wp-block-uagb-advanced-heading uagb-block-ab8e889b\"><h2 class=\"uagb-heading-text\"><strong>Pro\u010d si vybrat FRCS Research?<\/strong><\/h2><p class=\"uagb-desc-text\">Vysoce \u010dist\u00e9 produkty: Ka\u017ed\u00fd benzodiazepinov\u00fd analog, kter\u00fd prod\u00e1v\u00e1me, proch\u00e1z\u00ed p\u0159\u00edsn\u00fdm testov\u00e1n\u00edm kvality, aby bylo zaji\u0161t\u011bno, \u017ee spl\u0148uje nejvy\u0161\u0161\u00ed standardy v\u011bdeck\u00e9ho v\u00fdzkumu. Diskr\u00e9tn\u00ed doprava: Ch\u00e1peme pot\u0159ebu soukrom\u00ed, a proto nab\u00edz\u00edme rychlou a diskr\u00e9tn\u00ed celosv\u011btovou p\u0159epravu v\u0161ech objedn\u00e1vek. Platba: Poskytujeme bezpe\u010dn\u00e9 platebn\u00ed mo\u017enosti, kter\u00e9 v\u00e1m d\u00e1vaj\u00ed klid p\u0159i objedn\u00e1v\u00e1n\u00ed v\u00fdzkumn\u00fdch chemik\u00e1li\u00ed. Spolehliv\u00e1 z\u00e1kaznick\u00e1 podpora: N\u00e1\u0161 t\u00fdm je k dispozici, aby v\u00e1m pomohl s jak\u00fdmikoli dotazy, od podrobnost\u00ed o produktu po objedn\u00e1vku sledov\u00e1n\u00ed, zaji\u0161\u0165uj\u00edc\u00ed hladk\u00fd z\u00e1\u017eitek.<\/p><\/div>\n\n\n\n<p><strong>Objednejte je\u0161t\u011b dnes<\/strong> z FRCS Research a p\u0159\u00edstup ve vysok\u00e9 kvalit\u011b <strong>Etizolam<\/strong>, <strong>flualprazolam<\/strong>a <strong>klonazolam<\/strong> pro v\u00e1\u0161 v\u00fdzkum. Rychl\u00e9 dod\u00e1n\u00ed, bezpe\u010dn\u00e1 platba a \u0161pi\u010dkov\u00e9 produkty d\u011blaj\u00ed z FRCS Research va\u0161i ide\u00e1ln\u00ed volbu pro benzodiazepinov\u00e9 analogy.<\/p>\n<\/div>\n\n\n\n<div class=\"wp-block-uagb-image alignright uagb-block-1bba2fd8 wp-block-uagb-image--layout-default wp-block-uagb-image--effect-static wp-block-uagb-image--align-right\"><figure class=\"wp-block-uagb-image__figure\"><img decoding=\"async\" srcset=\"https:\/\/frcs-research.com\/wp-content\/uploads\/2024\/10\/H73718925bafc45c5a22e001d6b5420d9w.jpg_300x300.avif ,https:\/\/frcs-research.com\/wp-content\/uploads\/2024\/10\/H73718925bafc45c5a22e001d6b5420d9w.jpg_300x300.avif 780w, https:\/\/frcs-research.com\/wp-content\/uploads\/2024\/10\/H73718925bafc45c5a22e001d6b5420d9w.jpg_300x300.avif 360w\" sizes=\"auto, (max-width: 480px) 150px\" src=\"https:\/\/frcs-research.com\/wp-content\/uploads\/2024\/10\/H73718925bafc45c5a22e001d6b5420d9w.jpg_300x300.avif\" alt=\"koupit etizolam\" class=\"uag-image-687\" width=\"560\" height=\"448\" title=\"H73718925bafc45c5a22e001d6b5420d9w.jpg_300x300\" loading=\"lazy\" role=\"img\"\/><\/figure><\/div>\n<\/div><\/div>","protected":false},"excerpt":{"rendered":"<p>Buy Etizolam, Flualprazolam, and Clonazolam Online at FRCS Research Welcome to FRCS Research, your trusted source for high-quality benzodiazepine analogs. We specialize in offering premium-grade research chemicals like Etizolam, Flualprazolam,&hellip;<a href=\"https:\/\/frcs-research.com\/cs\/koupit-etizolam\/\" class=\"more-link\"><span class=\"more-button\">Continue reading<span class=\"screen-reader-text\">Kupte si Etizolam, Flualprazolam a Clonazolam<\/span><\/span><\/a><\/p>","protected":false},"author":1,"featured_media":685,"parent":0,"menu_order":0,"comment_status":"closed","ping_status":"closed","template":"","meta":{"_uag_custom_page_level_css":"","footnotes":""},"class_list":["post-682","page","type-page","status-publish","has-post-thumbnail","hentry"],"yoast_head":"<!-- This site is optimized with the Yoast SEO plugin v27.1.1 - https:\/\/yoast.com\/product\/yoast-seo-wordpress\/ -->\n<title>Buy Etizolam, Flualprazolam, and Clonazolam Online<\/title>\n<meta name=\"description\" content=\"Buy Etizolam, Flualprazolam, and Clonazolam for research at FRCS Research. High-purity benzodiazepine analogs with fast, discreet shipping. Shop now!\" \/>\n<meta name=\"robots\" content=\"index, follow, max-snippet:-1, max-image-preview:large, max-video-preview:-1\" \/>\n<link rel=\"canonical\" href=\"https:\/\/frcs-research.com\/cs\/koupit-etizolam\/\" \/>\n<meta property=\"og:locale\" content=\"cs_CZ\" \/>\n<meta property=\"og:type\" content=\"article\" \/>\n<meta property=\"og:title\" content=\"Buy Etizolam, Flualprazolam, and Clonazolam Online\" \/>\n<meta property=\"og:description\" content=\"Buy Etizolam, Flualprazolam, and Clonazolam for research at FRCS Research. High-purity benzodiazepine analogs with fast, discreet shipping. Shop now!\" \/>\n<meta property=\"og:url\" content=\"https:\/\/frcs-research.com\/cs\/koupit-etizolam\/\" \/>\n<meta property=\"og:site_name\" content=\"wholesale supplier of research chemicals, 4mmc, 3mmc, MDPHP, Alpha PVP and more\" \/>\n<meta property=\"article:modified_time\" content=\"2024-10-12T19:27:53+00:00\" \/>\n<meta property=\"og:image\" content=\"https:\/\/frcs-research.com\/wp-content\/uploads\/2024\/10\/201810181043065236899.jpg\" \/>\n\t<meta property=\"og:image:width\" content=\"350\" \/>\n\t<meta property=\"og:image:height\" content=\"350\" \/>\n\t<meta property=\"og:image:type\" content=\"image\/jpeg\" \/>\n<meta name=\"twitter:card\" content=\"summary_large_image\" \/>\n<meta name=\"twitter:label1\" content=\"Odhadovan\u00e1 doba \u010dten\u00ed\" \/>\n\t<meta name=\"twitter:data1\" content=\"3 minuty\" \/>\n<script type=\"application\/ld+json\" class=\"yoast-schema-graph\">{\"@context\":\"https:\/\/schema.org\",\"@graph\":[{\"@type\":\"WebPage\",\"@id\":\"https:\/\/frcs-research.com\/buy-etizolam\/\",\"url\":\"https:\/\/frcs-research.com\/buy-etizolam\/\",\"name\":\"Buy Etizolam, Flualprazolam, and Clonazolam Online\",\"isPartOf\":{\"@id\":\"https:\/\/frcs-research.com\/#website\"},\"primaryImageOfPage\":{\"@id\":\"https:\/\/frcs-research.com\/buy-etizolam\/#primaryimage\"},\"image\":{\"@id\":\"https:\/\/frcs-research.com\/buy-etizolam\/#primaryimage\"},\"thumbnailUrl\":\"https:\/\/frcs-research.com\/wp-content\/uploads\/2024\/10\/201810181043065236899.jpg\",\"datePublished\":\"2024-10-12T19:22:08+00:00\",\"dateModified\":\"2024-10-12T19:27:53+00:00\",\"description\":\"Buy Etizolam, Flualprazolam, and Clonazolam for research at FRCS Research. High-purity benzodiazepine analogs with fast, discreet shipping. Shop now!\",\"breadcrumb\":{\"@id\":\"https:\/\/frcs-research.com\/buy-etizolam\/#breadcrumb\"},\"inLanguage\":\"cs\",\"potentialAction\":[{\"@type\":\"ReadAction\",\"target\":[\"https:\/\/frcs-research.com\/buy-etizolam\/\"]}]},{\"@type\":\"ImageObject\",\"inLanguage\":\"cs\",\"@id\":\"https:\/\/frcs-research.com\/buy-etizolam\/#primaryimage\",\"url\":\"https:\/\/frcs-research.com\/wp-content\/uploads\/2024\/10\/201810181043065236899.jpg\",\"contentUrl\":\"https:\/\/frcs-research.com\/wp-content\/uploads\/2024\/10\/201810181043065236899.jpg\",\"width\":350,\"height\":350},{\"@type\":\"BreadcrumbList\",\"@id\":\"https:\/\/frcs-research.com\/buy-etizolam\/#breadcrumb\",\"itemListElement\":[{\"@type\":\"ListItem\",\"position\":1,\"name\":\"Home\",\"item\":\"https:\/\/frcs-research.com\/\"},{\"@type\":\"ListItem\",\"position\":2,\"name\":\"Buy Etizolam, Flualprazolam, and Clonazolam\"}]},{\"@type\":\"WebSite\",\"@id\":\"https:\/\/frcs-research.com\/#website\",\"url\":\"https:\/\/frcs-research.com\/\",\"name\":\"wholesale supplier of research chemicals, 4mmc, 3mmc, MDPHP, Alpha PVP and more\",\"description\":\"Wholesale research chemicals\",\"potentialAction\":[{\"@type\":\"SearchAction\",\"target\":{\"@type\":\"EntryPoint\",\"urlTemplate\":\"https:\/\/frcs-research.com\/?s={search_term_string}\"},\"query-input\":{\"@type\":\"PropertyValueSpecification\",\"valueRequired\":true,\"valueName\":\"search_term_string\"}}],\"inLanguage\":\"cs\"}]}<\/script>\n<!-- \/ Yoast SEO plugin. -->","yoast_head_json":{"title":"Koupit Etizolam, Flualprazolam a Clonazolam online","description":"Kupte si Etizolam, Flualprazolam a Clonazolam pro v\u00fdzkum ve FRCS Research. Vysoce \u010dist\u00e9 benzodiazepinov\u00e9 analogy s rychlou a diskr\u00e9tn\u00ed dopravou. Nakupujte nyn\u00ed!","robots":{"index":"index","follow":"follow","max-snippet":"max-snippet:-1","max-image-preview":"max-image-preview:large","max-video-preview":"max-video-preview:-1"},"canonical":"https:\/\/frcs-research.com\/cs\/koupit-etizolam\/","og_locale":"cs_CZ","og_type":"article","og_title":"Buy Etizolam, Flualprazolam, and Clonazolam Online","og_description":"Buy Etizolam, Flualprazolam, and Clonazolam for research at FRCS Research. High-purity benzodiazepine analogs with fast, discreet shipping. Shop now!","og_url":"https:\/\/frcs-research.com\/cs\/koupit-etizolam\/","og_site_name":"wholesale supplier of research chemicals, 4mmc, 3mmc, MDPHP, Alpha PVP and more","article_modified_time":"2024-10-12T19:27:53+00:00","og_image":[{"width":350,"height":350,"url":"https:\/\/frcs-research.com\/wp-content\/uploads\/2024\/10\/201810181043065236899.jpg","type":"image\/jpeg"}],"twitter_card":"summary_large_image","twitter_misc":{"Odhadovan\u00e1 doba \u010dten\u00ed":"3 minuty"},"schema":{"@context":"https:\/\/schema.org","@graph":[{"@type":"WebPage","@id":"https:\/\/frcs-research.com\/buy-etizolam\/","url":"https:\/\/frcs-research.com\/buy-etizolam\/","name":"Koupit Etizolam, Flualprazolam a Clonazolam online","isPartOf":{"@id":"https:\/\/frcs-research.com\/#website"},"primaryImageOfPage":{"@id":"https:\/\/frcs-research.com\/buy-etizolam\/#primaryimage"},"image":{"@id":"https:\/\/frcs-research.com\/buy-etizolam\/#primaryimage"},"thumbnailUrl":"https:\/\/frcs-research.com\/wp-content\/uploads\/2024\/10\/201810181043065236899.jpg","datePublished":"2024-10-12T19:22:08+00:00","dateModified":"2024-10-12T19:27:53+00:00","description":"Kupte si Etizolam, Flualprazolam a Clonazolam pro v\u00fdzkum ve FRCS Research. Vysoce \u010dist\u00e9 benzodiazepinov\u00e9 analogy s rychlou a diskr\u00e9tn\u00ed dopravou. Nakupujte nyn\u00ed!","breadcrumb":{"@id":"https:\/\/frcs-research.com\/buy-etizolam\/#breadcrumb"},"inLanguage":"cs","potentialAction":[{"@type":"ReadAction","target":["https:\/\/frcs-research.com\/buy-etizolam\/"]}]},{"@type":"ImageObject","inLanguage":"cs","@id":"https:\/\/frcs-research.com\/buy-etizolam\/#primaryimage","url":"https:\/\/frcs-research.com\/wp-content\/uploads\/2024\/10\/201810181043065236899.jpg","contentUrl":"https:\/\/frcs-research.com\/wp-content\/uploads\/2024\/10\/201810181043065236899.jpg","width":350,"height":350},{"@type":"BreadcrumbList","@id":"https:\/\/frcs-research.com\/buy-etizolam\/#breadcrumb","itemListElement":[{"@type":"ListItem","position":1,"name":"Home","item":"https:\/\/frcs-research.com\/"},{"@type":"ListItem","position":2,"name":"Buy Etizolam, Flualprazolam, and Clonazolam"}]},{"@type":"WebSite","@id":"https:\/\/frcs-research.com\/#website","url":"https:\/\/frcs-research.com\/","name":"velkoobchodn\u00ed dodavatel v\u00fdzkumn\u00fdch chemik\u00e1li\u00ed, 4mmc, 3mmc, MDPHP, Alpha PVP a dal\u0161\u00ed","description":"Velkoobchodn\u00ed v\u00fdzkum chemik\u00e1li\u00ed","potentialAction":[{"@type":"SearchAction","target":{"@type":"EntryPoint","urlTemplate":"https:\/\/frcs-research.com\/?s={search_term_string}"},"query-input":{"@type":"PropertyValueSpecification","valueRequired":true,"valueName":"search_term_string"}}],"inLanguage":"cs"}]}},"uagb_featured_image_src":{"full":["https:\/\/frcs-research.com\/wp-content\/uploads\/2024\/10\/201810181043065236899.jpg",350,350,false],"thumbnail":["https:\/\/frcs-research.com\/wp-content\/uploads\/2024\/10\/201810181043065236899-150x150.jpg",150,150,true],"medium":["https:\/\/frcs-research.com\/wp-content\/uploads\/2024\/10\/201810181043065236899-300x300.jpg",300,300,true],"medium_large":["https:\/\/frcs-research.com\/wp-content\/uploads\/2024\/10\/201810181043065236899.jpg",350,350,false],"large":["https:\/\/frcs-research.com\/wp-content\/uploads\/2024\/10\/201810181043065236899.jpg",350,350,false],"1536x1536":["https:\/\/frcs-research.com\/wp-content\/uploads\/2024\/10\/201810181043065236899.jpg",350,350,false],"2048x2048":["https:\/\/frcs-research.com\/wp-content\/uploads\/2024\/10\/201810181043065236899.jpg",350,350,false],"trp-custom-language-flag":["https:\/\/frcs-research.com\/wp-content\/uploads\/2024\/10\/201810181043065236899.jpg",12,12,false],"post-thumbnail":["https:\/\/frcs-research.com\/wp-content\/uploads\/2024\/10\/201810181043065236899.jpg",350,350,false],"elite-commerce-slider":["https:\/\/frcs-research.com\/wp-content\/uploads\/2024\/10\/201810181043065236899.jpg",350,350,false],"elite-commerce-hero":["https:\/\/frcs-research.com\/wp-content\/uploads\/2024\/10\/201810181043065236899.jpg",350,350,false],"elite-commerce-portfolio":["https:\/\/frcs-research.com\/wp-content\/uploads\/2024\/10\/201810181043065236899.jpg",350,350,false],"woocommerce_thumbnail":["https:\/\/frcs-research.com\/wp-content\/uploads\/2024\/10\/201810181043065236899-300x300.jpg",300,300,true],"woocommerce_single":["https:\/\/frcs-research.com\/wp-content\/uploads\/2024\/10\/201810181043065236899.jpg",350,350,false],"woocommerce_gallery_thumbnail":["https:\/\/frcs-research.com\/wp-content\/uploads\/2024\/10\/201810181043065236899-100x100.jpg",100,100,true]},"uagb_author_info":{"display_name":"Richard Wood","author_link":"https:\/\/frcs-research.com\/cs\/author\/expireddomains1000gmail-com\/"},"uagb_comment_info":0,"uagb_excerpt":"Buy Etizolam, Flualprazolam, and Clonazolam Online at FRCS Research Welcome to FRCS Research, your trusted source for high-quality benzodiazepine analogs. We specialize in offering premium-grade research chemicals like Etizolam, Flualprazolam,&hellip;Continue readingBuy Etizolam, Flualprazolam, and Clonazolam","_links":{"self":[{"href":"https:\/\/frcs-research.com\/cs\/wp-json\/wp\/v2\/pages\/682","targetHints":{"allow":["GET"]}}],"collection":[{"href":"https:\/\/frcs-research.com\/cs\/wp-json\/wp\/v2\/pages"}],"about":[{"href":"https:\/\/frcs-research.com\/cs\/wp-json\/wp\/v2\/types\/page"}],"author":[{"embeddable":true,"href":"https:\/\/frcs-research.com\/cs\/wp-json\/wp\/v2\/users\/1"}],"replies":[{"embeddable":true,"href":"https:\/\/frcs-research.com\/cs\/wp-json\/wp\/v2\/comments?post=682"}],"version-history":[{"count":3,"href":"https:\/\/frcs-research.com\/cs\/wp-json\/wp\/v2\/pages\/682\/revisions"}],"predecessor-version":[{"id":689,"href":"https:\/\/frcs-research.com\/cs\/wp-json\/wp\/v2\/pages\/682\/revisions\/689"}],"wp:featuredmedia":[{"embeddable":true,"href":"https:\/\/frcs-research.com\/cs\/wp-json\/wp\/v2\/media\/685"}],"wp:attachment":[{"href":"https:\/\/frcs-research.com\/cs\/wp-json\/wp\/v2\/media?parent=682"}],"curies":[{"name":"wp","href":"https:\/\/api.w.org\/{rel}","templated":true}]}}