{"id":1107,"date":"2026-01-29T18:52:33","date_gmt":"2026-01-29T18:52:33","guid":{"rendered":"https:\/\/frcs-research.com\/?post_type=product&#038;p=1107"},"modified":"2026-04-20T17:02:40","modified_gmt":"2026-04-20T17:02:40","slug":"ivory-wave-bath-salts","status":"publish","type":"product","link":"https:\/\/frcs-research.com\/cs\/product\/ivory-wave-bath-salts\/","title":{"rendered":"Ivory Wave Bath Salts"},"content":{"rendered":"<h3 style=\"text-align: center\"><strong>Buy Ivory Wave Bath Salts Online<\/strong><\/h3>\n<p>Buy Ivory Wave Bath Salts is a tried and tested product that is ultra concentrated. Only a small amount of it can be used to achieve the purpose. A pack of it will go a long way. But then, we would like to recommend that you store its remaining content in the re-sealable original packaging. Don\u2019t keep it in a high temperature and moist place. Choose a dry and cool place to ensure its freshness and quality. Excessively high temperature can degrade the quality of the bath salt.<\/p>\n<p>If you\u2019re looking for pure and quality herbal highs, choose only Express Highs. We\u2019re your reliable source of the latest and safest legal highs on the market. But even with a wide range of collection, we can ensure that each product in our store is topnotch quality, second to none. We have a systematic method in choosing bath salts before putting them up for sale. Our quality assurance team tries each of them for standards, purity and safety<a href=\"https:\/\/stiiizycartsonline.com\/shop\/\">.<\/a><\/p>\n<p>Another new bath salt in our growing collection of legal highs is Ivory Wave Ultra. It\u2019s a concentrated new addition in our bath salts category. Bath Salts fans around the world have been raving about it in their reviews and for reasons. For one, it is an extra concentrated product that they can use with ease by just following the simple directions on the label. Then, they can add some to bath water before soaking into it for a relaxing and rejuvenating bath. Many have also noted that it could help them remove dead skin cells and stimulate the growth of new skin cells.<\/p>\n<p>Chemists designed and worked on it in an approved laboratory. The content of every pack is pure bath salts. No <a href=\"https:\/\/researchchemicalshop.com\/shop\/\">GMOs<\/a>, fillers or extenders are added to the bath salts.<\/p>\n<h4><strong>Disclaimer :<\/strong><br \/> Express Highs shall not be liable for any consequences arising from the misuse of this product. It is the customer\u2019s sole responsibility. Read and follow the instructions on the label closely. NOT FOR HUMAN CONSUMPTION. Please check your local laws, it is your responsibility the legislation about these products in your country. Buy Ivory Wave Bath Salts Online<\/h4>","protected":false},"excerpt":{"rendered":"<p>Buy Ivory Wave Bath Salts Online Buy Ivory Wave Bath Salts is a tried and tested product that is ultra concentrated. Only a small amount of it can be used&hellip;<\/p>\n<p class=\"product woocommerce add_to_cart_inline\" style=\"border:4px solid #ccc; padding: 12px;\"><span class=\"woocommerce-Price-amount amount\" aria-hidden=\"true\"><bdi><span class=\"woocommerce-Price-currencySymbol\">&euro;<\/span>150.00<\/bdi><\/span> <span aria-hidden=\"true\">&ndash;<\/span> <span class=\"woocommerce-Price-amount amount\" aria-hidden=\"true\"><bdi><span class=\"woocommerce-Price-currencySymbol\">&euro;<\/span>700.00<\/bdi><\/span><span class=\"screen-reader-text\" data-no-translation=\"\" data-trp-gettext=\"\">Rozp\u011bt\u00ed cen: &euro;150.00 a\u017e &euro;700.00<\/span><a href=\"https:\/\/frcs-research.com\/cs\/product\/ivory-wave-bath-salts\/\" aria-describedby=\"woocommerce_loop_add_to_cart_link_describedby_1107\" data-quantity=\"1\" class=\"button product_type_variable add_to_cart_button\" data-product_id=\"1107\" data-product_sku=\"\" aria-label=\"Vyberte nastaven\u00ed pro \u201eIvory Wave Bath Salts\u201c\" rel=\"nofollow\" data-no-translation=\"\" data-trp-gettext=\"\" data-no-translation-aria-label=\"\">V\u00fdb\u011br mo\u017enost\u00ed<\/a>\t<span id=\"woocommerce_loop_add_to_cart_link_describedby_1107\" class=\"screen-reader-text\"><br \/>\n\t\tTento produkt m\u00e1 v\u00edce variant. Mo\u017enosti lze vybrat na str\u00e1nce produktu\t<\/span><\/p>","protected":false},"featured_media":1133,"comment_status":"closed","ping_status":"closed","template":"","meta":{"_uag_custom_page_level_css":""},"product_brand":[],"product_cat":[329],"product_tag":[330,331,332,333,334,357,358,359,338,360,361,339,340,341,362,363,364,365,366,367,368,369,342,343,344,345,370,349,350,351,352,353,354,371,372],"class_list":{"0":"post-1107","1":"product","2":"type-product","3":"status-publish","4":"has-post-thumbnail","6":"product_cat-bath-salts","7":"product_tag-bath-salts","8":"product_tag-bath-salts-drug","9":"product_tag-bath-salts-drugs","10":"product_tag-bath-salts-for-bath","11":"product_tag-best-bath-salts","12":"product_tag-buy-concentrated-ivory-wave-bath-salts-500mg","13":"product_tag-buy-ivory-wave-bath-salts","14":"product_tag-buy-ivory-wave-bath-salts-online","15":"product_tag-cbd-bath-salts","16":"product_tag-concentrated-ivory-wave-bath-salts-500mg","17":"product_tag-concentrated-ivory-wave-bath-salts-fl","18":"product_tag-diy-bath-salts","19":"product_tag-how-to-make-bath-salts","20":"product_tag-how-to-use-bath-salts","21":"product_tag-ivory-wave-bath-salts","22":"product_tag-ivory-wave-bath-salts-500mg-pack","23":"product_tag-ivory-wave-bath-salts-buy","24":"product_tag-ivory-wave-bath-salts-online","25":"product_tag-ivory-wave-bath-salts-review","26":"product_tag-ivory-wave-bath-salts-sale","27":"product_tag-ivory-wave-bath-salts-walmart","28":"product_tag-ivory-wave-bath-salts-wholesale","29":"product_tag-lavender-bath-salts","30":"product_tag-magnesium-bath-salts","31":"product_tag-people-on-bath-salts","32":"product_tag-smoking-bath-salts","33":"product_tag-usa","34":"product_tag-vicks-bath-salts","35":"product_tag-what-are-bath-salts","36":"product_tag-what-are-bath-salts-drug","37":"product_tag-what-are-bath-salts-used-for","38":"product_tag-what-do-bath-salts-do","39":"product_tag-what-is-bath-salts","40":"product_tag-where-can-i-buy-ivory-wave-bath-salts","41":"product_tag-where-to-buy-ivory-wave-bath-salts","43":"first","44":"instock","45":"shipping-taxable","46":"purchasable","47":"product-type-variable"},"yoast_head":"<!-- This site is optimized with the Yoast SEO plugin v27.1.1 - https:\/\/yoast.com\/product\/yoast-seo-wordpress\/ -->\n<title>Ivory Wave Bath Salts - wholesale supplier of research chemicals, 4mmc, 3mmc, MDPHP, Alpha PVP and more<\/title>\n<meta name=\"robots\" content=\"index, follow, max-snippet:-1, max-image-preview:large, max-video-preview:-1\" \/>\n<link rel=\"canonical\" href=\"https:\/\/frcs-research.com\/cs\/product\/ivory-wave-bath-salts\/\" \/>\n<meta property=\"og:locale\" content=\"cs_CZ\" \/>\n<meta property=\"og:type\" content=\"article\" \/>\n<meta property=\"og:title\" content=\"Ivory Wave Bath Salts - wholesale supplier of research chemicals, 4mmc, 3mmc, MDPHP, Alpha PVP and more\" \/>\n<meta property=\"og:description\" content=\"Buy Ivory Wave Bath Salts Online Buy Ivory Wave Bath Salts is a tried and tested product that is ultra concentrated. Only a small amount of it can be used&hellip;&euro;150.00 &ndash; &euro;700.00Rozp\u011bt\u00ed cen: &euro;150.00 a\u017e &euro;700.00V\u00fdb\u011br mo\u017enost\u00ed  Tento produkt m\u00e1 v\u00edce variant. Mo\u017enosti lze vybrat na str\u00e1nce produktu\" \/>\n<meta property=\"og:url\" content=\"https:\/\/frcs-research.com\/cs\/product\/ivory-wave-bath-salts\/\" \/>\n<meta property=\"og:site_name\" content=\"wholesale supplier of research chemicals, 4mmc, 3mmc, MDPHP, Alpha PVP and more\" \/>\n<meta property=\"article:modified_time\" content=\"2026-04-20T17:02:40+00:00\" \/>\n<meta name=\"twitter:card\" content=\"summary_large_image\" \/>\n<meta name=\"twitter:label1\" content=\"Dostupnost\" \/>\n\t<meta name=\"twitter:data1\" content=\"Skladem\" \/>\n<script type=\"application\/ld+json\" class=\"yoast-schema-graph\">{\"@context\":\"https:\/\/schema.org\",\"@graph\":[{\"@type\":[\"WebPage\",\"ItemPage\"],\"@id\":\"https:\/\/frcs-research.com\/product\/ivory-wave-bath-salts\/\",\"url\":\"https:\/\/frcs-research.com\/product\/ivory-wave-bath-salts\/\",\"name\":\"Ivory Wave Bath Salts - wholesale supplier of research chemicals, 4mmc, 3mmc, MDPHP, Alpha PVP and more\",\"isPartOf\":{\"@id\":\"https:\/\/frcs-research.com\/#website\"},\"primaryImageOfPage\":{\"@id\":\"https:\/\/frcs-research.com\/product\/ivory-wave-bath-salts\/#primaryimage\"},\"image\":{\"@id\":\"https:\/\/frcs-research.com\/product\/ivory-wave-bath-salts\/#primaryimage\"},\"thumbnailUrl\":\"https:\/\/frcs-research.com\/wp-content\/uploads\/2026\/01\/Ivory-Wave-Bath-Salts-500mg.jpeg\",\"datePublished\":\"2026-01-29T18:52:33+00:00\",\"dateModified\":\"2026-04-20T17:02:40+00:00\",\"breadcrumb\":{\"@id\":\"https:\/\/frcs-research.com\/product\/ivory-wave-bath-salts\/#breadcrumb\"},\"inLanguage\":\"cs\",\"potentialAction\":[{\"@type\":\"ReadAction\",\"target\":[\"https:\/\/frcs-research.com\/product\/ivory-wave-bath-salts\/\"]}]},{\"@type\":\"ImageObject\",\"inLanguage\":\"cs\",\"@id\":\"https:\/\/frcs-research.com\/product\/ivory-wave-bath-salts\/#primaryimage\",\"url\":\"https:\/\/frcs-research.com\/wp-content\/uploads\/2026\/01\/Ivory-Wave-Bath-Salts-500mg.jpeg\",\"contentUrl\":\"https:\/\/frcs-research.com\/wp-content\/uploads\/2026\/01\/Ivory-Wave-Bath-Salts-500mg.jpeg\",\"width\":600,\"height\":447},{\"@type\":\"BreadcrumbList\",\"@id\":\"https:\/\/frcs-research.com\/product\/ivory-wave-bath-salts\/#breadcrumb\",\"itemListElement\":[{\"@type\":\"ListItem\",\"position\":1,\"name\":\"Home\",\"item\":\"https:\/\/frcs-research.com\/\"},{\"@type\":\"ListItem\",\"position\":2,\"name\":\"Shop\",\"item\":\"https:\/\/frcs-research.com\/shop\/\"},{\"@type\":\"ListItem\",\"position\":3,\"name\":\"Ivory Wave Bath Salts\"}]},{\"@type\":\"WebSite\",\"@id\":\"https:\/\/frcs-research.com\/#website\",\"url\":\"https:\/\/frcs-research.com\/\",\"name\":\"wholesale supplier of research chemicals, 4mmc, 3mmc, MDPHP, Alpha PVP and more\",\"description\":\"Wholesale research chemicals\",\"potentialAction\":[{\"@type\":\"SearchAction\",\"target\":{\"@type\":\"EntryPoint\",\"urlTemplate\":\"https:\/\/frcs-research.com\/?s={search_term_string}\"},\"query-input\":{\"@type\":\"PropertyValueSpecification\",\"valueRequired\":true,\"valueName\":\"search_term_string\"}}],\"inLanguage\":\"cs\"}]}<\/script>\n<meta property=\"og:availability\" content=\"instock\" \/>\n<meta property=\"product:availability\" content=\"instock\" \/>\n<meta property=\"product:condition\" content=\"new\" \/>\n<!-- \/ Yoast SEO plugin. -->","yoast_head_json":{"title":"Ivory Wave Bath Salts - wholesale supplier of research chemicals, 4mmc, 3mmc, MDPHP, Alpha PVP and more","robots":{"index":"index","follow":"follow","max-snippet":"max-snippet:-1","max-image-preview":"max-image-preview:large","max-video-preview":"max-video-preview:-1"},"canonical":"https:\/\/frcs-research.com\/cs\/product\/ivory-wave-bath-salts\/","og_locale":"cs_CZ","og_type":"article","og_title":"Ivory Wave Bath Salts - wholesale supplier of research chemicals, 4mmc, 3mmc, MDPHP, Alpha PVP and more","og_description":"Buy Ivory Wave Bath Salts Online Buy Ivory Wave Bath Salts is a tried and tested product that is ultra concentrated. Only a small amount of it can be used&hellip;&euro;150.00 &ndash; &euro;700.00Rozp\u011bt\u00ed cen: &euro;150.00 a\u017e &euro;700.00V\u00fdb\u011br mo\u017enost\u00ed  Tento produkt m\u00e1 v\u00edce variant. Mo\u017enosti lze vybrat na str\u00e1nce produktu","og_url":"https:\/\/frcs-research.com\/cs\/product\/ivory-wave-bath-salts\/","og_site_name":"wholesale supplier of research chemicals, 4mmc, 3mmc, MDPHP, Alpha PVP and more","article_modified_time":"2026-04-20T17:02:40+00:00","twitter_card":"summary_large_image","twitter_misc":{"Dostupnost":"Skladem"},"schema":{"@context":"https:\/\/schema.org","@graph":[{"@type":["WebPage","ItemPage"],"@id":"https:\/\/frcs-research.com\/product\/ivory-wave-bath-salts\/","url":"https:\/\/frcs-research.com\/product\/ivory-wave-bath-salts\/","name":"Ivory Wave Bath Salts - wholesale supplier of research chemicals, 4mmc, 3mmc, MDPHP, Alpha PVP and more","isPartOf":{"@id":"https:\/\/frcs-research.com\/#website"},"primaryImageOfPage":{"@id":"https:\/\/frcs-research.com\/product\/ivory-wave-bath-salts\/#primaryimage"},"image":{"@id":"https:\/\/frcs-research.com\/product\/ivory-wave-bath-salts\/#primaryimage"},"thumbnailUrl":"https:\/\/frcs-research.com\/wp-content\/uploads\/2026\/01\/Ivory-Wave-Bath-Salts-500mg.jpeg","datePublished":"2026-01-29T18:52:33+00:00","dateModified":"2026-04-20T17:02:40+00:00","breadcrumb":{"@id":"https:\/\/frcs-research.com\/product\/ivory-wave-bath-salts\/#breadcrumb"},"inLanguage":"cs","potentialAction":[{"@type":"ReadAction","target":["https:\/\/frcs-research.com\/product\/ivory-wave-bath-salts\/"]}]},{"@type":"ImageObject","inLanguage":"cs","@id":"https:\/\/frcs-research.com\/product\/ivory-wave-bath-salts\/#primaryimage","url":"https:\/\/frcs-research.com\/wp-content\/uploads\/2026\/01\/Ivory-Wave-Bath-Salts-500mg.jpeg","contentUrl":"https:\/\/frcs-research.com\/wp-content\/uploads\/2026\/01\/Ivory-Wave-Bath-Salts-500mg.jpeg","width":600,"height":447},{"@type":"BreadcrumbList","@id":"https:\/\/frcs-research.com\/product\/ivory-wave-bath-salts\/#breadcrumb","itemListElement":[{"@type":"ListItem","position":1,"name":"Home","item":"https:\/\/frcs-research.com\/"},{"@type":"ListItem","position":2,"name":"Shop","item":"https:\/\/frcs-research.com\/shop\/"},{"@type":"ListItem","position":3,"name":"Ivory Wave Bath Salts"}]},{"@type":"WebSite","@id":"https:\/\/frcs-research.com\/#website","url":"https:\/\/frcs-research.com\/","name":"velkoobchodn\u00ed dodavatel v\u00fdzkumn\u00fdch chemik\u00e1li\u00ed, 4mmc, 3mmc, MDPHP, Alpha PVP a dal\u0161\u00ed","description":"Velkoobchodn\u00ed v\u00fdzkum chemik\u00e1li\u00ed","potentialAction":[{"@type":"SearchAction","target":{"@type":"EntryPoint","urlTemplate":"https:\/\/frcs-research.com\/?s={search_term_string}"},"query-input":{"@type":"PropertyValueSpecification","valueRequired":true,"valueName":"search_term_string"}}],"inLanguage":"cs"}]},"og_availability":"instock","product_availability":"instock","product_condition":"new"},"uagb_featured_image_src":{"full":["https:\/\/frcs-research.com\/wp-content\/uploads\/2026\/01\/Ivory-Wave-Bath-Salts-500mg.jpeg",600,447,false],"thumbnail":["https:\/\/frcs-research.com\/wp-content\/uploads\/2026\/01\/Ivory-Wave-Bath-Salts-500mg-150x150.jpeg",150,150,true],"medium":["https:\/\/frcs-research.com\/wp-content\/uploads\/2026\/01\/Ivory-Wave-Bath-Salts-500mg-300x224.jpeg",300,224,true],"medium_large":["https:\/\/frcs-research.com\/wp-content\/uploads\/2026\/01\/Ivory-Wave-Bath-Salts-500mg.jpeg",600,447,false],"large":["https:\/\/frcs-research.com\/wp-content\/uploads\/2026\/01\/Ivory-Wave-Bath-Salts-500mg.jpeg",600,447,false],"1536x1536":["https:\/\/frcs-research.com\/wp-content\/uploads\/2026\/01\/Ivory-Wave-Bath-Salts-500mg.jpeg",600,447,false],"2048x2048":["https:\/\/frcs-research.com\/wp-content\/uploads\/2026\/01\/Ivory-Wave-Bath-Salts-500mg.jpeg",600,447,false],"trp-custom-language-flag":["https:\/\/frcs-research.com\/wp-content\/uploads\/2026\/01\/Ivory-Wave-Bath-Salts-500mg-16x12.jpeg",16,12,true],"post-thumbnail":["https:\/\/frcs-research.com\/wp-content\/uploads\/2026\/01\/Ivory-Wave-Bath-Salts-500mg.jpeg",600,447,false],"elite-commerce-slider":["https:\/\/frcs-research.com\/wp-content\/uploads\/2026\/01\/Ivory-Wave-Bath-Salts-500mg.jpeg",600,447,false],"elite-commerce-hero":["https:\/\/frcs-research.com\/wp-content\/uploads\/2026\/01\/Ivory-Wave-Bath-Salts-500mg.jpeg",600,447,false],"elite-commerce-portfolio":["https:\/\/frcs-research.com\/wp-content\/uploads\/2026\/01\/Ivory-Wave-Bath-Salts-500mg-400x298.jpeg",400,298,true],"woocommerce_thumbnail":["https:\/\/frcs-research.com\/wp-content\/uploads\/2026\/01\/Ivory-Wave-Bath-Salts-500mg-300x300.jpeg",300,300,true],"woocommerce_single":["https:\/\/frcs-research.com\/wp-content\/uploads\/2026\/01\/Ivory-Wave-Bath-Salts-500mg.jpeg",600,447,false],"woocommerce_gallery_thumbnail":["https:\/\/frcs-research.com\/wp-content\/uploads\/2026\/01\/Ivory-Wave-Bath-Salts-500mg-100x100.jpeg",100,100,true]},"uagb_author_info":{"display_name":"Richard Wood","author_link":"https:\/\/frcs-research.com\/cs\/author\/"},"uagb_comment_info":97,"uagb_excerpt":"Buy Ivory Wave Bath Salts Online Buy Ivory Wave Bath Salts is a tried and tested product that is ultra concentrated. Only a small amount of it can be used&hellip;&euro;150.00 &ndash; &euro;700.00Rozp\u011bt\u00ed cen: &euro;150.00 a\u017e &euro;700.00V\u00fdb\u011br mo\u017enost\u00ed Tento produkt m\u00e1 v\u00edce variant. Mo\u017enosti lze vybrat na str\u00e1nce produktu","_links":{"self":[{"href":"https:\/\/frcs-research.com\/cs\/wp-json\/wp\/v2\/product\/1107","targetHints":{"allow":["GET"]}}],"collection":[{"href":"https:\/\/frcs-research.com\/cs\/wp-json\/wp\/v2\/product"}],"about":[{"href":"https:\/\/frcs-research.com\/cs\/wp-json\/wp\/v2\/types\/product"}],"replies":[{"embeddable":true,"href":"https:\/\/frcs-research.com\/cs\/wp-json\/wp\/v2\/comments?post=1107"}],"wp:featuredmedia":[{"embeddable":true,"href":"https:\/\/frcs-research.com\/cs\/wp-json\/wp\/v2\/media\/1133"}],"wp:attachment":[{"href":"https:\/\/frcs-research.com\/cs\/wp-json\/wp\/v2\/media?parent=1107"}],"wp:term":[{"taxonomy":"product_brand","embeddable":true,"href":"https:\/\/frcs-research.com\/cs\/wp-json\/wp\/v2\/product_brand?post=1107"},{"taxonomy":"product_cat","embeddable":true,"href":"https:\/\/frcs-research.com\/cs\/wp-json\/wp\/v2\/product_cat?post=1107"},{"taxonomy":"product_tag","embeddable":true,"href":"https:\/\/frcs-research.com\/cs\/wp-json\/wp\/v2\/product_tag?post=1107"}],"curies":[{"name":"wp","href":"https:\/\/api.w.org\/{rel}","templated":true}]}}