{"id":1144,"date":"2026-01-29T18:52:54","date_gmt":"2026-01-29T18:52:54","guid":{"rendered":"https:\/\/frcs-research.com\/?post_type=product&#038;p=1144"},"modified":"2026-04-20T12:52:37","modified_gmt":"2026-04-20T12:52:37","slug":"vanilasky-bath-salts","status":"publish","type":"product","link":"https:\/\/frcs-research.com\/cs\/product\/vanilasky-bath-salts\/","title":{"rendered":"VanilaSky Bath Salts"},"content":{"rendered":"<h3 style=\"text-align: center\"><strong>VanilaSky Bath Salts<\/strong><\/h3>\n<p>VanilaSky Bath Salts\u00a0is smart because you can save money and get a better selection. Moreover, you can also find options that fit your needs<a href=\"https:\/\/lostfarmediblesshop.com\/shop\/\">.<\/a> For example, if you are constantly on your feet during the day, whether you play sports, workout or because of your current job, then your body needs help recovering. This is why people always buy from us. However, we can provide you top notch customer service, fast shipping and reliable quantities. The minimum you must order is <a href=\"https:\/\/researchchemicalshop.com\/shop\/\">50<\/a> pieces.<\/p>","protected":false},"excerpt":{"rendered":"<p>VanilaSky Bath Salts VanilaSky Bath Salts\u00a0is smart because you can save money and get a better selection. Moreover, you can also find options that fit your needs. For example, if&hellip;<\/p>\n<p class=\"product woocommerce add_to_cart_inline\" style=\"border:4px solid #ccc; padding: 12px;\"><span class=\"woocommerce-Price-amount amount\" aria-hidden=\"true\"><bdi><span class=\"woocommerce-Price-currencySymbol\">&euro;<\/span>150.00<\/bdi><\/span> <span aria-hidden=\"true\">&ndash;<\/span> <span class=\"woocommerce-Price-amount amount\" aria-hidden=\"true\"><bdi><span class=\"woocommerce-Price-currencySymbol\">&euro;<\/span>700.00<\/bdi><\/span><span class=\"screen-reader-text\" data-no-translation=\"\" data-trp-gettext=\"\">Rozp\u011bt\u00ed cen: &euro;150.00 a\u017e &euro;700.00<\/span><a href=\"https:\/\/frcs-research.com\/cs\/product\/vanilasky-bath-salts\/\" aria-describedby=\"woocommerce_loop_add_to_cart_link_describedby_1144\" data-quantity=\"1\" class=\"button product_type_variable add_to_cart_button\" data-product_id=\"1144\" data-product_sku=\"\" aria-label=\"Vyberte nastaven\u00ed pro \u201eVanilaSky Bath Salts\u201c\" rel=\"nofollow\" data-no-translation=\"\" data-trp-gettext=\"\" data-no-translation-aria-label=\"\">V\u00fdb\u011br mo\u017enost\u00ed<\/a>\t<span id=\"woocommerce_loop_add_to_cart_link_describedby_1144\" class=\"screen-reader-text\"><br \/>\n\t\tTento produkt m\u00e1 v\u00edce variant. Mo\u017enosti lze vybrat na str\u00e1nce produktu\t<\/span><\/p>","protected":false},"featured_media":1172,"comment_status":"closed","ping_status":"closed","template":"","meta":{"_uag_custom_page_level_css":""},"product_brand":[],"product_cat":[329],"product_tag":[330,331,332,333,334,338,339,340,341,342,343,344,345,396,349,350,351,352,353,354],"class_list":{"0":"post-1144","1":"product","2":"type-product","3":"status-publish","4":"has-post-thumbnail","6":"product_cat-bath-salts","7":"product_tag-bath-salts","8":"product_tag-bath-salts-drug","9":"product_tag-bath-salts-drugs","10":"product_tag-bath-salts-for-bath","11":"product_tag-best-bath-salts","12":"product_tag-cbd-bath-salts","13":"product_tag-diy-bath-salts","14":"product_tag-how-to-make-bath-salts","15":"product_tag-how-to-use-bath-salts","16":"product_tag-lavender-bath-salts","17":"product_tag-magnesium-bath-salts","18":"product_tag-people-on-bath-salts","19":"product_tag-smoking-bath-salts","20":"product_tag-vanilasky-bath-salts","21":"product_tag-vicks-bath-salts","22":"product_tag-what-are-bath-salts","23":"product_tag-what-are-bath-salts-drug","24":"product_tag-what-are-bath-salts-used-for","25":"product_tag-what-do-bath-salts-do","26":"product_tag-what-is-bath-salts","28":"first","29":"instock","30":"shipping-taxable","31":"purchasable","32":"product-type-variable"},"yoast_head":"<!-- This site is optimized with the Yoast SEO plugin v27.1.1 - https:\/\/yoast.com\/product\/yoast-seo-wordpress\/ -->\n<title>VanilaSky Bath Salts - wholesale supplier of research chemicals, 4mmc, 3mmc, MDPHP, Alpha PVP and more<\/title>\n<meta name=\"robots\" content=\"index, follow, max-snippet:-1, max-image-preview:large, max-video-preview:-1\" \/>\n<link rel=\"canonical\" href=\"https:\/\/frcs-research.com\/cs\/product\/vanilasky-bath-salts\/\" \/>\n<meta property=\"og:locale\" content=\"cs_CZ\" \/>\n<meta property=\"og:type\" content=\"article\" \/>\n<meta property=\"og:title\" content=\"VanilaSky Bath Salts - wholesale supplier of research chemicals, 4mmc, 3mmc, MDPHP, Alpha PVP and more\" \/>\n<meta property=\"og:description\" content=\"VanilaSky Bath Salts VanilaSky Bath Salts\u00a0is smart because you can save money and get a better selection. Moreover, you can also find options that fit your needs. For example, if&hellip;&euro;150.00 &ndash; &euro;700.00Rozp\u011bt\u00ed cen: &euro;150.00 a\u017e &euro;700.00V\u00fdb\u011br mo\u017enost\u00ed  Tento produkt m\u00e1 v\u00edce variant. Mo\u017enosti lze vybrat na str\u00e1nce produktu\" \/>\n<meta property=\"og:url\" content=\"https:\/\/frcs-research.com\/cs\/product\/vanilasky-bath-salts\/\" \/>\n<meta property=\"og:site_name\" content=\"wholesale supplier of research chemicals, 4mmc, 3mmc, MDPHP, Alpha PVP and more\" \/>\n<meta property=\"article:modified_time\" content=\"2026-04-20T12:52:37+00:00\" \/>\n<meta name=\"twitter:card\" content=\"summary_large_image\" \/>\n<meta name=\"twitter:label1\" content=\"Dostupnost\" \/>\n\t<meta name=\"twitter:data1\" content=\"Skladem\" \/>\n<script type=\"application\/ld+json\" class=\"yoast-schema-graph\">{\"@context\":\"https:\/\/schema.org\",\"@graph\":[{\"@type\":[\"WebPage\",\"ItemPage\"],\"@id\":\"https:\/\/frcs-research.com\/product\/vanilasky-bath-salts\/\",\"url\":\"https:\/\/frcs-research.com\/product\/vanilasky-bath-salts\/\",\"name\":\"VanilaSky Bath Salts - wholesale supplier of research chemicals, 4mmc, 3mmc, MDPHP, Alpha PVP and more\",\"isPartOf\":{\"@id\":\"https:\/\/frcs-research.com\/#website\"},\"primaryImageOfPage\":{\"@id\":\"https:\/\/frcs-research.com\/product\/vanilasky-bath-salts\/#primaryimage\"},\"image\":{\"@id\":\"https:\/\/frcs-research.com\/product\/vanilasky-bath-salts\/#primaryimage\"},\"thumbnailUrl\":\"https:\/\/frcs-research.com\/wp-content\/uploads\/2026\/01\/VanilaSky-Bath-Salts.jpg\",\"datePublished\":\"2026-01-29T18:52:54+00:00\",\"dateModified\":\"2026-04-20T12:52:37+00:00\",\"breadcrumb\":{\"@id\":\"https:\/\/frcs-research.com\/product\/vanilasky-bath-salts\/#breadcrumb\"},\"inLanguage\":\"cs\",\"potentialAction\":[{\"@type\":\"ReadAction\",\"target\":[\"https:\/\/frcs-research.com\/product\/vanilasky-bath-salts\/\"]}]},{\"@type\":\"ImageObject\",\"inLanguage\":\"cs\",\"@id\":\"https:\/\/frcs-research.com\/product\/vanilasky-bath-salts\/#primaryimage\",\"url\":\"https:\/\/frcs-research.com\/wp-content\/uploads\/2026\/01\/VanilaSky-Bath-Salts.jpg\",\"contentUrl\":\"https:\/\/frcs-research.com\/wp-content\/uploads\/2026\/01\/VanilaSky-Bath-Salts.jpg\",\"width\":600,\"height\":465},{\"@type\":\"BreadcrumbList\",\"@id\":\"https:\/\/frcs-research.com\/product\/vanilasky-bath-salts\/#breadcrumb\",\"itemListElement\":[{\"@type\":\"ListItem\",\"position\":1,\"name\":\"Home\",\"item\":\"https:\/\/frcs-research.com\/\"},{\"@type\":\"ListItem\",\"position\":2,\"name\":\"Shop\",\"item\":\"https:\/\/frcs-research.com\/shop\/\"},{\"@type\":\"ListItem\",\"position\":3,\"name\":\"VanilaSky Bath Salts\"}]},{\"@type\":\"WebSite\",\"@id\":\"https:\/\/frcs-research.com\/#website\",\"url\":\"https:\/\/frcs-research.com\/\",\"name\":\"wholesale supplier of research chemicals, 4mmc, 3mmc, MDPHP, Alpha PVP and more\",\"description\":\"Wholesale research chemicals\",\"potentialAction\":[{\"@type\":\"SearchAction\",\"target\":{\"@type\":\"EntryPoint\",\"urlTemplate\":\"https:\/\/frcs-research.com\/?s={search_term_string}\"},\"query-input\":{\"@type\":\"PropertyValueSpecification\",\"valueRequired\":true,\"valueName\":\"search_term_string\"}}],\"inLanguage\":\"cs\"}]}<\/script>\n<meta property=\"og:availability\" content=\"instock\" \/>\n<meta property=\"product:availability\" content=\"instock\" \/>\n<meta property=\"product:condition\" content=\"new\" \/>\n<!-- \/ Yoast SEO plugin. -->","yoast_head_json":{"title":"VanilaSky Bath Salts - wholesale supplier of research chemicals, 4mmc, 3mmc, MDPHP, Alpha PVP and more","robots":{"index":"index","follow":"follow","max-snippet":"max-snippet:-1","max-image-preview":"max-image-preview:large","max-video-preview":"max-video-preview:-1"},"canonical":"https:\/\/frcs-research.com\/cs\/product\/vanilasky-bath-salts\/","og_locale":"cs_CZ","og_type":"article","og_title":"VanilaSky Bath Salts - wholesale supplier of research chemicals, 4mmc, 3mmc, MDPHP, Alpha PVP and more","og_description":"VanilaSky Bath Salts VanilaSky Bath Salts\u00a0is smart because you can save money and get a better selection. Moreover, you can also find options that fit your needs. For example, if&hellip;&euro;150.00 &ndash; &euro;700.00Rozp\u011bt\u00ed cen: &euro;150.00 a\u017e &euro;700.00V\u00fdb\u011br mo\u017enost\u00ed  Tento produkt m\u00e1 v\u00edce variant. Mo\u017enosti lze vybrat na str\u00e1nce produktu","og_url":"https:\/\/frcs-research.com\/cs\/product\/vanilasky-bath-salts\/","og_site_name":"wholesale supplier of research chemicals, 4mmc, 3mmc, MDPHP, Alpha PVP and more","article_modified_time":"2026-04-20T12:52:37+00:00","twitter_card":"summary_large_image","twitter_misc":{"Dostupnost":"Skladem"},"schema":{"@context":"https:\/\/schema.org","@graph":[{"@type":["WebPage","ItemPage"],"@id":"https:\/\/frcs-research.com\/product\/vanilasky-bath-salts\/","url":"https:\/\/frcs-research.com\/product\/vanilasky-bath-salts\/","name":"VanilaSky Bath Salts - wholesale supplier of research chemicals, 4mmc, 3mmc, MDPHP, Alpha PVP and more","isPartOf":{"@id":"https:\/\/frcs-research.com\/#website"},"primaryImageOfPage":{"@id":"https:\/\/frcs-research.com\/product\/vanilasky-bath-salts\/#primaryimage"},"image":{"@id":"https:\/\/frcs-research.com\/product\/vanilasky-bath-salts\/#primaryimage"},"thumbnailUrl":"https:\/\/frcs-research.com\/wp-content\/uploads\/2026\/01\/VanilaSky-Bath-Salts.jpg","datePublished":"2026-01-29T18:52:54+00:00","dateModified":"2026-04-20T12:52:37+00:00","breadcrumb":{"@id":"https:\/\/frcs-research.com\/product\/vanilasky-bath-salts\/#breadcrumb"},"inLanguage":"cs","potentialAction":[{"@type":"ReadAction","target":["https:\/\/frcs-research.com\/product\/vanilasky-bath-salts\/"]}]},{"@type":"ImageObject","inLanguage":"cs","@id":"https:\/\/frcs-research.com\/product\/vanilasky-bath-salts\/#primaryimage","url":"https:\/\/frcs-research.com\/wp-content\/uploads\/2026\/01\/VanilaSky-Bath-Salts.jpg","contentUrl":"https:\/\/frcs-research.com\/wp-content\/uploads\/2026\/01\/VanilaSky-Bath-Salts.jpg","width":600,"height":465},{"@type":"BreadcrumbList","@id":"https:\/\/frcs-research.com\/product\/vanilasky-bath-salts\/#breadcrumb","itemListElement":[{"@type":"ListItem","position":1,"name":"Home","item":"https:\/\/frcs-research.com\/"},{"@type":"ListItem","position":2,"name":"Shop","item":"https:\/\/frcs-research.com\/shop\/"},{"@type":"ListItem","position":3,"name":"VanilaSky Bath Salts"}]},{"@type":"WebSite","@id":"https:\/\/frcs-research.com\/#website","url":"https:\/\/frcs-research.com\/","name":"velkoobchodn\u00ed dodavatel v\u00fdzkumn\u00fdch chemik\u00e1li\u00ed, 4mmc, 3mmc, MDPHP, Alpha PVP a dal\u0161\u00ed","description":"Velkoobchodn\u00ed v\u00fdzkum chemik\u00e1li\u00ed","potentialAction":[{"@type":"SearchAction","target":{"@type":"EntryPoint","urlTemplate":"https:\/\/frcs-research.com\/?s={search_term_string}"},"query-input":{"@type":"PropertyValueSpecification","valueRequired":true,"valueName":"search_term_string"}}],"inLanguage":"cs"}]},"og_availability":"instock","product_availability":"instock","product_condition":"new"},"uagb_featured_image_src":{"full":["https:\/\/frcs-research.com\/wp-content\/uploads\/2026\/01\/VanilaSky-Bath-Salts.jpg",600,465,false],"thumbnail":["https:\/\/frcs-research.com\/wp-content\/uploads\/2026\/01\/VanilaSky-Bath-Salts-150x150.jpg",150,150,true],"medium":["https:\/\/frcs-research.com\/wp-content\/uploads\/2026\/01\/VanilaSky-Bath-Salts-300x233.jpg",300,233,true],"medium_large":["https:\/\/frcs-research.com\/wp-content\/uploads\/2026\/01\/VanilaSky-Bath-Salts.jpg",600,465,false],"large":["https:\/\/frcs-research.com\/wp-content\/uploads\/2026\/01\/VanilaSky-Bath-Salts.jpg",600,465,false],"1536x1536":["https:\/\/frcs-research.com\/wp-content\/uploads\/2026\/01\/VanilaSky-Bath-Salts.jpg",600,465,false],"2048x2048":["https:\/\/frcs-research.com\/wp-content\/uploads\/2026\/01\/VanilaSky-Bath-Salts.jpg",600,465,false],"trp-custom-language-flag":["https:\/\/frcs-research.com\/wp-content\/uploads\/2026\/01\/VanilaSky-Bath-Salts-15x12.jpg",15,12,true],"post-thumbnail":["https:\/\/frcs-research.com\/wp-content\/uploads\/2026\/01\/VanilaSky-Bath-Salts.jpg",600,465,false],"elite-commerce-slider":["https:\/\/frcs-research.com\/wp-content\/uploads\/2026\/01\/VanilaSky-Bath-Salts.jpg",600,465,false],"elite-commerce-hero":["https:\/\/frcs-research.com\/wp-content\/uploads\/2026\/01\/VanilaSky-Bath-Salts.jpg",600,465,false],"elite-commerce-portfolio":["https:\/\/frcs-research.com\/wp-content\/uploads\/2026\/01\/VanilaSky-Bath-Salts-400x310.jpg",400,310,true],"woocommerce_thumbnail":["https:\/\/frcs-research.com\/wp-content\/uploads\/2026\/01\/VanilaSky-Bath-Salts-300x300.jpg",300,300,true],"woocommerce_single":["https:\/\/frcs-research.com\/wp-content\/uploads\/2026\/01\/VanilaSky-Bath-Salts.jpg",600,465,false],"woocommerce_gallery_thumbnail":["https:\/\/frcs-research.com\/wp-content\/uploads\/2026\/01\/VanilaSky-Bath-Salts-100x100.jpg",100,100,true]},"uagb_author_info":{"display_name":"Richard Wood","author_link":"https:\/\/frcs-research.com\/cs\/author\/"},"uagb_comment_info":117,"uagb_excerpt":"VanilaSky Bath Salts VanilaSky Bath Salts\u00a0is smart because you can save money and get a better selection. Moreover, you can also find options that fit your needs. For example, if&hellip;&euro;150.00 &ndash; &euro;700.00Rozp\u011bt\u00ed cen: &euro;150.00 a\u017e &euro;700.00V\u00fdb\u011br mo\u017enost\u00ed Tento produkt m\u00e1 v\u00edce variant. Mo\u017enosti lze vybrat na str\u00e1nce produktu","_links":{"self":[{"href":"https:\/\/frcs-research.com\/cs\/wp-json\/wp\/v2\/product\/1144","targetHints":{"allow":["GET"]}}],"collection":[{"href":"https:\/\/frcs-research.com\/cs\/wp-json\/wp\/v2\/product"}],"about":[{"href":"https:\/\/frcs-research.com\/cs\/wp-json\/wp\/v2\/types\/product"}],"replies":[{"embeddable":true,"href":"https:\/\/frcs-research.com\/cs\/wp-json\/wp\/v2\/comments?post=1144"}],"wp:featuredmedia":[{"embeddable":true,"href":"https:\/\/frcs-research.com\/cs\/wp-json\/wp\/v2\/media\/1172"}],"wp:attachment":[{"href":"https:\/\/frcs-research.com\/cs\/wp-json\/wp\/v2\/media?parent=1144"}],"wp:term":[{"taxonomy":"product_brand","embeddable":true,"href":"https:\/\/frcs-research.com\/cs\/wp-json\/wp\/v2\/product_brand?post=1144"},{"taxonomy":"product_cat","embeddable":true,"href":"https:\/\/frcs-research.com\/cs\/wp-json\/wp\/v2\/product_cat?post=1144"},{"taxonomy":"product_tag","embeddable":true,"href":"https:\/\/frcs-research.com\/cs\/wp-json\/wp\/v2\/product_tag?post=1144"}],"curies":[{"name":"wp","href":"https:\/\/api.w.org\/{rel}","templated":true}]}}