{"id":1147,"date":"2026-01-29T18:52:54","date_gmt":"2026-01-29T18:52:54","guid":{"rendered":"https:\/\/frcs-research.com\/?post_type=product&#038;p=1147"},"modified":"2026-04-03T16:52:29","modified_gmt":"2026-04-03T16:52:29","slug":"jwh-018","status":"publish","type":"product","link":"https:\/\/frcs-research.com\/cs\/product\/jwh-018\/","title":{"rendered":"JWH-018"},"content":{"rendered":"<h2 style=\"text-align: center\"><strong>Buy JWH-018 Online<\/strong><\/h2>\n<p>Buy JWH-018 Online the high is very spacey, it takes 10-20 minutes to get full effects so its easy to redose. The duration of the effects were about 2 hours at nearly a peak and 1-2 hour come down which is nice but I feel like it lasts a bit too long. It\u2019s spacey but it lacks a body high. The high feels limited compared to jwh-018 and cannabis. You can get very sleepy if you consume too much like JWH-018 but it\u2019s more of a knock <a href=\"https:\/\/researchchemicalshop.com\/shop\/\">out<\/a> benzo sleepy. The JWH-018 high is similair to cannabis, THJ-018 high is similair to JWH-018, so THJ-018\u2019s effects were quite pleasant but not as enjoyable as JWH-018.<\/p>\n<p>Tested this compound THJ-018, and it did produce stoned cannabis like effects but not as cannabis like as akb-48 or any of JWH series it felt more like a unnatural \u2018high\u2019 than a natural cannabis type of high. And it produced worrying pain in kidney region, needless to say i will not be putting this substance into my body ever again it felt\/tasted toxic and unsafe to consume due to the kidney pain it caused for me.<\/p>\n<p>Never in the history of mankind has there been so much information about THJ-018 as there is today thanks to the internet. However, this access to everything related to THJ-018 is not always easy. Saturation, poor usability, and the difficulty to discern between correct and incorrect information about THJ-018 are often difficult to overcome. That\u2019s what motivated us to create a reliable, safe and effective site<a href=\"https:\/\/lifemedspharmacy.uk\/shop\/\">.<\/a><\/p>\n<div class=\"char\"><strong>SPECIFICATION<\/strong><\/div>\n<div class=\"specification\">\n<div class=\"sprow\"><span class=\"spname\">Product Name :\u00a0<\/span><span class=\"sptext\">THJ-018<\/span><\/div>\n<div class=\"sprow\"><span class=\"spname\">IUPAC Name :\u00a0<\/span><span class=\"sptext\">1-naphthalenyl(1-pentyl-1H-indazol-3-yl)-methanone<\/span><\/div>\n<div class=\"sprow\"><span class=\"spname\">Other Names :\u00a0<\/span><span class=\"sptext\">1-naphthalenyl(1-pentyl-1H-indazol-3-yl)-methanone<\/span><\/div>\n<div class=\"sprow\"><span class=\"spname\">Cas Number :\u00a0<\/span><span class=\"sptext\">1364933-55-0<\/span><\/div>\n<div class=\"sprow\"><span class=\"spname\">Molecular Formula :\u00a0<\/span><span class=\"sptext\">C23H22N2O<\/span><\/div>\n<div class=\"sprow\"><span class=\"spname\">Molar Mass :\u00a0<\/span><span class=\"sptext\">342.4 g\/mol<\/span><\/div>\n<div class=\"sprow\"><span class=\"spname\">Effect :\u00a0<\/span><span class=\"sptext\">stimulant, psychedelic<\/span><\/div>\n<div class=\"sprow\"><span class=\"spname\">Purity of the substance :\u00a0<\/span><span class=\"sptext\">99.9%<\/span><\/div>\n<div class=\"sprow\"><span class=\"spname\">Physical properties :\u00a0<\/span><span class=\"sptext\">Crystals, Powder<\/span><\/div>\n<\/p><\/div>\n<p>We have one of the best chemical shop around USA, UK and around the globe.<\/p>","protected":false},"excerpt":{"rendered":"<p>Buy JWH-018 Online Buy JWH-018 Online the high is very spacey, it takes 10-20 minutes to get full effects so its easy to redose. The duration of the effects were&hellip;<\/p>\n<p class=\"product woocommerce add_to_cart_inline\" style=\"border:4px solid #ccc; padding: 12px;\"><span class=\"woocommerce-Price-amount amount\" aria-hidden=\"true\"><bdi><span class=\"woocommerce-Price-currencySymbol\">&euro;<\/span>190.00<\/bdi><\/span> <span aria-hidden=\"true\">&ndash;<\/span> <span class=\"woocommerce-Price-amount amount\" aria-hidden=\"true\"><bdi><span class=\"woocommerce-Price-currencySymbol\">&euro;<\/span>2,900.00<\/bdi><\/span><span class=\"screen-reader-text\" data-no-translation=\"\" data-trp-gettext=\"\">Rozp\u011bt\u00ed cen: &euro;190.00 a\u017e &euro;2,900.00<\/span><a href=\"https:\/\/frcs-research.com\/cs\/product\/jwh-018\/\" aria-describedby=\"woocommerce_loop_add_to_cart_link_describedby_1147\" data-quantity=\"1\" class=\"button product_type_variable add_to_cart_button\" data-product_id=\"1147\" data-product_sku=\"\" aria-label=\"Vyberte nastaven\u00ed pro \u201eJWH-018\u201c\" rel=\"nofollow\" data-no-translation=\"\" data-trp-gettext=\"\" data-no-translation-aria-label=\"\">V\u00fdb\u011br mo\u017enost\u00ed<\/a>\t<span id=\"woocommerce_loop_add_to_cart_link_describedby_1147\" class=\"screen-reader-text\"><br \/>\n\t\tTento produkt m\u00e1 v\u00edce variant. Mo\u017enosti lze vybrat na str\u00e1nce produktu\t<\/span><\/p>","protected":false},"featured_media":1173,"comment_status":"closed","ping_status":"closed","template":"","meta":{"_uag_custom_page_level_css":""},"product_brand":[],"product_cat":[25],"product_tag":[397,398,399,400,401,402,403,404,405,406,407,408,409,410,411,412,413,414,415,416,417,418,419,420,421,422,423,424,425,426,427,428,429,430,431,432,433,434,435,436,437,438,439,440,441,442,443,444,445,446,447,448,449,450,451,452,453,454,455,456,457],"class_list":{"0":"post-1147","1":"product","2":"type-product","3":"status-publish","4":"has-post-thumbnail","6":"product_cat-synthetic-cannabinoids","7":"product_tag-2c-research-chemical","8":"product_tag-buy-jwh-018","9":"product_tag-buy-jwh-018-online","10":"product_tag-buy-research-chemical","11":"product_tag-buy-research-chemicals","12":"product_tag-buy-research-chemicals-online","13":"product_tag-cabergoline-research-chemical","14":"product_tag-canadian-research-chemicals","15":"product_tag-domestic-research-chemicals","16":"product_tag-enclomiphene-research-chemical","17":"product_tag-how-is-jwh-018-made","18":"product_tag-jwh-series-online","19":"product_tag-jwh-018","20":"product_tag-jwh-018-buy","21":"product_tag-jwh-018-for-sale","22":"product_tag-jwh-018-for-sale-indonesia","23":"product_tag-jwh-018-ingredients","24":"product_tag-jwh-018-near-me","25":"product_tag-jwh-018-online","26":"product_tag-jwh-018-powder","27":"product_tag-jwh-018-powder-for-sale-online","28":"product_tag-jwh-018-pyrolysis","29":"product_tag-jwh-018-spray","30":"product_tag-jwh-018-synthesis","31":"product_tag-legal-research-chemicals","32":"product_tag-opioid-research-chemicals","33":"product_tag-order-jwh-018","34":"product_tag-order-research-chemicals","35":"product_tag-quality-research-chemicals","36":"product_tag-reddit-research-chemicals","37":"product_tag-research-chemical","38":"product_tag-research-chemical-drugs","39":"product_tag-research-chemical-forum","40":"product_tag-research-chemical-opiates","41":"product_tag-research-chemical-reddit","42":"product_tag-research-chemical-shop","43":"product_tag-research-chemical-sources","44":"product_tag-research-chemical-store","45":"product_tag-research-chemical-supply","46":"product_tag-research-chemical-vendor-usa","47":"product_tag-research-chemical-vendors","48":"product_tag-research-chemical-vendors-reddit","49":"product_tag-research-chemicals","50":"product_tag-research-chemicals-for-sale","51":"product_tag-research-chemicals-kopen","52":"product_tag-research-chemicals-online","53":"product_tag-research-chemicals-reddit","54":"product_tag-research-chemicals-sale","55":"product_tag-research-chemicals-store","56":"product_tag-semaglutide-research-chemical","57":"product_tag-sunnyside-research-chemicals","58":"product_tag-synthesis-of-jwh-018","59":"product_tag-tadalafil-research-chemical","60":"product_tag-tirzepatide-research-chemical","61":"product_tag-tirzepatide-research-chemical-for-sale","62":"product_tag-toronto-research-chemicals","63":"product_tag-what-are-research-chemicals","64":"product_tag-where-can-i-find-jwh-018","65":"product_tag-where-to-buy-jwh-018","66":"product_tag-where-to-buy-research-chemicals","67":"product_tag-where-to-get-jwh-018","69":"first","70":"instock","71":"shipping-taxable","72":"purchasable","73":"product-type-variable"},"yoast_head":"<!-- This site is optimized with the Yoast SEO plugin v27.1.1 - https:\/\/yoast.com\/product\/yoast-seo-wordpress\/ -->\n<title>JWH-018 - wholesale supplier of research chemicals, 4mmc, 3mmc, MDPHP, Alpha PVP and more<\/title>\n<meta name=\"robots\" content=\"index, follow, max-snippet:-1, max-image-preview:large, max-video-preview:-1\" \/>\n<link rel=\"canonical\" href=\"https:\/\/frcs-research.com\/cs\/product\/jwh-018\/\" \/>\n<meta property=\"og:locale\" content=\"cs_CZ\" \/>\n<meta property=\"og:type\" content=\"article\" \/>\n<meta property=\"og:title\" content=\"JWH-018 - wholesale supplier of research chemicals, 4mmc, 3mmc, MDPHP, Alpha PVP and more\" \/>\n<meta property=\"og:description\" content=\"Buy JWH-018 Online Buy JWH-018 Online the high is very spacey, it takes 10-20 minutes to get full effects so its easy to redose. The duration of the effects were&hellip;&euro;190.00 &ndash; &euro;2,900.00Rozp\u011bt\u00ed cen: &euro;190.00 a\u017e &euro;2,900.00V\u00fdb\u011br mo\u017enost\u00ed  Tento produkt m\u00e1 v\u00edce variant. Mo\u017enosti lze vybrat na str\u00e1nce produktu\" \/>\n<meta property=\"og:url\" content=\"https:\/\/frcs-research.com\/cs\/product\/jwh-018\/\" \/>\n<meta property=\"og:site_name\" content=\"wholesale supplier of research chemicals, 4mmc, 3mmc, MDPHP, Alpha PVP and more\" \/>\n<meta property=\"article:modified_time\" content=\"2026-04-03T16:52:29+00:00\" \/>\n<meta name=\"twitter:card\" content=\"summary_large_image\" \/>\n<meta name=\"twitter:label1\" content=\"Dostupnost\" \/>\n\t<meta name=\"twitter:data1\" content=\"Skladem\" \/>\n<script type=\"application\/ld+json\" class=\"yoast-schema-graph\">{\"@context\":\"https:\/\/schema.org\",\"@graph\":[{\"@type\":[\"WebPage\",\"ItemPage\"],\"@id\":\"https:\/\/frcs-research.com\/product\/jwh-018\/\",\"url\":\"https:\/\/frcs-research.com\/product\/jwh-018\/\",\"name\":\"JWH-018 - wholesale supplier of research chemicals, 4mmc, 3mmc, MDPHP, Alpha PVP and more\",\"isPartOf\":{\"@id\":\"https:\/\/frcs-research.com\/#website\"},\"primaryImageOfPage\":{\"@id\":\"https:\/\/frcs-research.com\/product\/jwh-018\/#primaryimage\"},\"image\":{\"@id\":\"https:\/\/frcs-research.com\/product\/jwh-018\/#primaryimage\"},\"thumbnailUrl\":\"https:\/\/frcs-research.com\/wp-content\/uploads\/2026\/01\/THJ-018.png\",\"datePublished\":\"2026-01-29T18:52:54+00:00\",\"dateModified\":\"2026-04-03T16:52:29+00:00\",\"breadcrumb\":{\"@id\":\"https:\/\/frcs-research.com\/product\/jwh-018\/#breadcrumb\"},\"inLanguage\":\"cs\",\"potentialAction\":[{\"@type\":\"ReadAction\",\"target\":[\"https:\/\/frcs-research.com\/product\/jwh-018\/\"]}]},{\"@type\":\"ImageObject\",\"inLanguage\":\"cs\",\"@id\":\"https:\/\/frcs-research.com\/product\/jwh-018\/#primaryimage\",\"url\":\"https:\/\/frcs-research.com\/wp-content\/uploads\/2026\/01\/THJ-018.png\",\"contentUrl\":\"https:\/\/frcs-research.com\/wp-content\/uploads\/2026\/01\/THJ-018.png\",\"width\":480,\"height\":392},{\"@type\":\"BreadcrumbList\",\"@id\":\"https:\/\/frcs-research.com\/product\/jwh-018\/#breadcrumb\",\"itemListElement\":[{\"@type\":\"ListItem\",\"position\":1,\"name\":\"Home\",\"item\":\"https:\/\/frcs-research.com\/\"},{\"@type\":\"ListItem\",\"position\":2,\"name\":\"Shop\",\"item\":\"https:\/\/frcs-research.com\/shop\/\"},{\"@type\":\"ListItem\",\"position\":3,\"name\":\"JWH-018\"}]},{\"@type\":\"WebSite\",\"@id\":\"https:\/\/frcs-research.com\/#website\",\"url\":\"https:\/\/frcs-research.com\/\",\"name\":\"wholesale supplier of research chemicals, 4mmc, 3mmc, MDPHP, Alpha PVP and more\",\"description\":\"Wholesale research chemicals\",\"potentialAction\":[{\"@type\":\"SearchAction\",\"target\":{\"@type\":\"EntryPoint\",\"urlTemplate\":\"https:\/\/frcs-research.com\/?s={search_term_string}\"},\"query-input\":{\"@type\":\"PropertyValueSpecification\",\"valueRequired\":true,\"valueName\":\"search_term_string\"}}],\"inLanguage\":\"cs\"}]}<\/script>\n<meta property=\"og:availability\" content=\"instock\" \/>\n<meta property=\"product:availability\" content=\"instock\" \/>\n<meta property=\"product:condition\" content=\"new\" \/>\n<!-- \/ Yoast SEO plugin. -->","yoast_head_json":{"title":"JWH-018 - wholesale supplier of research chemicals, 4mmc, 3mmc, MDPHP, Alpha PVP and more","robots":{"index":"index","follow":"follow","max-snippet":"max-snippet:-1","max-image-preview":"max-image-preview:large","max-video-preview":"max-video-preview:-1"},"canonical":"https:\/\/frcs-research.com\/cs\/product\/jwh-018\/","og_locale":"cs_CZ","og_type":"article","og_title":"JWH-018 - wholesale supplier of research chemicals, 4mmc, 3mmc, MDPHP, Alpha PVP and more","og_description":"Buy JWH-018 Online Buy JWH-018 Online the high is very spacey, it takes 10-20 minutes to get full effects so its easy to redose. The duration of the effects were&hellip;&euro;190.00 &ndash; &euro;2,900.00Rozp\u011bt\u00ed cen: &euro;190.00 a\u017e &euro;2,900.00V\u00fdb\u011br mo\u017enost\u00ed  Tento produkt m\u00e1 v\u00edce variant. Mo\u017enosti lze vybrat na str\u00e1nce produktu","og_url":"https:\/\/frcs-research.com\/cs\/product\/jwh-018\/","og_site_name":"wholesale supplier of research chemicals, 4mmc, 3mmc, MDPHP, Alpha PVP and more","article_modified_time":"2026-04-03T16:52:29+00:00","twitter_card":"summary_large_image","twitter_misc":{"Dostupnost":"Skladem"},"schema":{"@context":"https:\/\/schema.org","@graph":[{"@type":["WebPage","ItemPage"],"@id":"https:\/\/frcs-research.com\/product\/jwh-018\/","url":"https:\/\/frcs-research.com\/product\/jwh-018\/","name":"JWH-018 - wholesale supplier of research chemicals, 4mmc, 3mmc, MDPHP, Alpha PVP and more","isPartOf":{"@id":"https:\/\/frcs-research.com\/#website"},"primaryImageOfPage":{"@id":"https:\/\/frcs-research.com\/product\/jwh-018\/#primaryimage"},"image":{"@id":"https:\/\/frcs-research.com\/product\/jwh-018\/#primaryimage"},"thumbnailUrl":"https:\/\/frcs-research.com\/wp-content\/uploads\/2026\/01\/THJ-018.png","datePublished":"2026-01-29T18:52:54+00:00","dateModified":"2026-04-03T16:52:29+00:00","breadcrumb":{"@id":"https:\/\/frcs-research.com\/product\/jwh-018\/#breadcrumb"},"inLanguage":"cs","potentialAction":[{"@type":"ReadAction","target":["https:\/\/frcs-research.com\/product\/jwh-018\/"]}]},{"@type":"ImageObject","inLanguage":"cs","@id":"https:\/\/frcs-research.com\/product\/jwh-018\/#primaryimage","url":"https:\/\/frcs-research.com\/wp-content\/uploads\/2026\/01\/THJ-018.png","contentUrl":"https:\/\/frcs-research.com\/wp-content\/uploads\/2026\/01\/THJ-018.png","width":480,"height":392},{"@type":"BreadcrumbList","@id":"https:\/\/frcs-research.com\/product\/jwh-018\/#breadcrumb","itemListElement":[{"@type":"ListItem","position":1,"name":"Home","item":"https:\/\/frcs-research.com\/"},{"@type":"ListItem","position":2,"name":"Shop","item":"https:\/\/frcs-research.com\/shop\/"},{"@type":"ListItem","position":3,"name":"JWH-018"}]},{"@type":"WebSite","@id":"https:\/\/frcs-research.com\/#website","url":"https:\/\/frcs-research.com\/","name":"velkoobchodn\u00ed dodavatel v\u00fdzkumn\u00fdch chemik\u00e1li\u00ed, 4mmc, 3mmc, MDPHP, Alpha PVP a dal\u0161\u00ed","description":"Velkoobchodn\u00ed v\u00fdzkum chemik\u00e1li\u00ed","potentialAction":[{"@type":"SearchAction","target":{"@type":"EntryPoint","urlTemplate":"https:\/\/frcs-research.com\/?s={search_term_string}"},"query-input":{"@type":"PropertyValueSpecification","valueRequired":true,"valueName":"search_term_string"}}],"inLanguage":"cs"}]},"og_availability":"instock","product_availability":"instock","product_condition":"new"},"uagb_featured_image_src":{"full":["https:\/\/frcs-research.com\/wp-content\/uploads\/2026\/01\/THJ-018.png",480,392,false],"thumbnail":["https:\/\/frcs-research.com\/wp-content\/uploads\/2026\/01\/THJ-018-150x150.png",150,150,true],"medium":["https:\/\/frcs-research.com\/wp-content\/uploads\/2026\/01\/THJ-018-300x245.png",300,245,true],"medium_large":["https:\/\/frcs-research.com\/wp-content\/uploads\/2026\/01\/THJ-018.png",480,392,false],"large":["https:\/\/frcs-research.com\/wp-content\/uploads\/2026\/01\/THJ-018.png",480,392,false],"1536x1536":["https:\/\/frcs-research.com\/wp-content\/uploads\/2026\/01\/THJ-018.png",480,392,false],"2048x2048":["https:\/\/frcs-research.com\/wp-content\/uploads\/2026\/01\/THJ-018.png",480,392,false],"trp-custom-language-flag":["https:\/\/frcs-research.com\/wp-content\/uploads\/2026\/01\/THJ-018-15x12.png",15,12,true],"post-thumbnail":["https:\/\/frcs-research.com\/wp-content\/uploads\/2026\/01\/THJ-018.png",480,392,false],"elite-commerce-slider":["https:\/\/frcs-research.com\/wp-content\/uploads\/2026\/01\/THJ-018.png",480,392,false],"elite-commerce-hero":["https:\/\/frcs-research.com\/wp-content\/uploads\/2026\/01\/THJ-018.png",480,392,false],"elite-commerce-portfolio":["https:\/\/frcs-research.com\/wp-content\/uploads\/2026\/01\/THJ-018-400x327.png",400,327,true],"woocommerce_thumbnail":["https:\/\/frcs-research.com\/wp-content\/uploads\/2026\/01\/THJ-018-300x300.png",300,300,true],"woocommerce_single":["https:\/\/frcs-research.com\/wp-content\/uploads\/2026\/01\/THJ-018.png",480,392,false],"woocommerce_gallery_thumbnail":["https:\/\/frcs-research.com\/wp-content\/uploads\/2026\/01\/THJ-018-100x100.png",100,100,true]},"uagb_author_info":{"display_name":"Richard Wood","author_link":"https:\/\/frcs-research.com\/cs\/author\/"},"uagb_comment_info":71,"uagb_excerpt":"Buy JWH-018 Online Buy JWH-018 Online the high is very spacey, it takes 10-20 minutes to get full effects so its easy to redose. The duration of the effects were&hellip;&euro;190.00 &ndash; &euro;2,900.00Rozp\u011bt\u00ed cen: &euro;190.00 a\u017e &euro;2,900.00V\u00fdb\u011br mo\u017enost\u00ed Tento produkt m\u00e1 v\u00edce variant. Mo\u017enosti lze vybrat na str\u00e1nce produktu","_links":{"self":[{"href":"https:\/\/frcs-research.com\/cs\/wp-json\/wp\/v2\/product\/1147","targetHints":{"allow":["GET"]}}],"collection":[{"href":"https:\/\/frcs-research.com\/cs\/wp-json\/wp\/v2\/product"}],"about":[{"href":"https:\/\/frcs-research.com\/cs\/wp-json\/wp\/v2\/types\/product"}],"replies":[{"embeddable":true,"href":"https:\/\/frcs-research.com\/cs\/wp-json\/wp\/v2\/comments?post=1147"}],"wp:featuredmedia":[{"embeddable":true,"href":"https:\/\/frcs-research.com\/cs\/wp-json\/wp\/v2\/media\/1173"}],"wp:attachment":[{"href":"https:\/\/frcs-research.com\/cs\/wp-json\/wp\/v2\/media?parent=1147"}],"wp:term":[{"taxonomy":"product_brand","embeddable":true,"href":"https:\/\/frcs-research.com\/cs\/wp-json\/wp\/v2\/product_brand?post=1147"},{"taxonomy":"product_cat","embeddable":true,"href":"https:\/\/frcs-research.com\/cs\/wp-json\/wp\/v2\/product_cat?post=1147"},{"taxonomy":"product_tag","embeddable":true,"href":"https:\/\/frcs-research.com\/cs\/wp-json\/wp\/v2\/product_tag?post=1147"}],"curies":[{"name":"wp","href":"https:\/\/api.w.org\/{rel}","templated":true}]}}