{"id":1266,"date":"2026-01-29T18:53:43","date_gmt":"2026-01-29T18:53:43","guid":{"rendered":"https:\/\/frcs-research.com\/?post_type=product&#038;p=1266"},"modified":"2026-04-23T02:32:19","modified_gmt":"2026-04-23T02:32:19","slug":"5-methylethylone","status":"publish","type":"product","link":"https:\/\/frcs-research.com\/cs\/product\/5-methylethylone\/","title":{"rendered":"5-Methylethylone"},"content":{"rendered":"<div class=\"woocommerce-product-details__short-description\">\n<div class=\"woocommerce-product-details__short-description\">\n<div class=\"woocommerce-product-details__short-description\">\n<h3 style=\"text-align: center\"><strong>5-Methylethylone<\/strong><\/h3>\n<p>5-Methylethylone has a full IUPAC name of 2-(Ethylamino)-1-(7-methyl-1,3-benzodioxol-5-yl)-1-propanonewhich belongs to a class of research chemicals called central nervous system stimulants. The research chemical called 5-Methylethylone belongs to phenethylamine and amphetamine chemical classes and has the molecular formula C13H17NO3 \u2022 <a href=\"https:\/\/researchchemicalshop.com\/shop\/\">HCl<\/a>. Potentially entactogenic and a monoamine releasing agent. The formula weight has the value 235.28 g\/mol. is an empathogen, stimulant and psychedelic drug of the amphetamine, phenethylamine, and cathinone chemical classes. It is structurally related to ethylone, a novel designer drug.<\/p>\n<p>This is a cathinone drug and analogue of Ethylone. Very little data exists about the pharmacological properties, metabolism, and toxicity of it, it is reasonable to assume it has an effect profile similar to other stimulants of the cathionone class, with a slightly higher potency than Ethylone<a href=\"https:\/\/newlinepharmacy.uk\/shop\/\">.<\/a><\/p>\n<\/p><\/div>\n<\/p><\/div>\n<\/p><\/div>","protected":false},"excerpt":{"rendered":"<p>5-Methylethylone 5-Methylethylone has a full IUPAC name of 2-(Ethylamino)-1-(7-methyl-1,3-benzodioxol-5-yl)-1-propanonewhich belongs to a class of research chemicals called central nervous system stimulants. The research chemical called 5-Methylethylone belongs to phenethylamine and&hellip;<\/p>\n<p class=\"product woocommerce add_to_cart_inline\" style=\"border:4px solid #ccc; padding: 12px;\"><span class=\"woocommerce-Price-amount amount\" aria-hidden=\"true\"><bdi><span class=\"woocommerce-Price-currencySymbol\">&euro;<\/span>160.00<\/bdi><\/span> <span aria-hidden=\"true\">&ndash;<\/span> <span class=\"woocommerce-Price-amount amount\" aria-hidden=\"true\"><bdi><span class=\"woocommerce-Price-currencySymbol\">&euro;<\/span>2,600.00<\/bdi><\/span><span class=\"screen-reader-text\" data-no-translation=\"\" data-trp-gettext=\"\">Rozp\u011bt\u00ed cen: &euro;160.00 a\u017e &euro;2,600.00<\/span><a href=\"https:\/\/frcs-research.com\/cs\/product\/5-methylethylone\/\" aria-describedby=\"woocommerce_loop_add_to_cart_link_describedby_1266\" data-quantity=\"1\" class=\"button product_type_variable add_to_cart_button\" data-product_id=\"1266\" data-product_sku=\"\" aria-label=\"Vyberte nastaven\u00ed pro \u201e5-Methylethylone\u201c\" rel=\"nofollow\" data-no-translation=\"\" data-trp-gettext=\"\" data-no-translation-aria-label=\"\">V\u00fdb\u011br mo\u017enost\u00ed<\/a>\t<span id=\"woocommerce_loop_add_to_cart_link_describedby_1266\" class=\"screen-reader-text\"><br \/>\n\t\tTento produkt m\u00e1 v\u00edce variant. Mo\u017enosti lze vybrat na str\u00e1nce produktu\t<\/span><\/p>","protected":false},"featured_media":1278,"comment_status":"closed","ping_status":"closed","template":"","meta":{"_uag_custom_page_level_css":""},"product_brand":[],"product_cat":[25],"product_tag":[397,693,694,400,401,402,403,404,405,406,421,422,424,425,426,427,428,429,430,431,432,433,434,435,436,437,438,439,440,441,442,443,444,445,446,447,449,450,451,452,453,456],"class_list":{"0":"post-1266","1":"product","2":"type-product","3":"status-publish","4":"has-post-thumbnail","6":"product_cat-synthetic-cannabinoids","7":"product_tag-2c-research-chemical","8":"product_tag-5-methyl-ethylone","9":"product_tag-5-methylethylone","10":"product_tag-buy-research-chemical","11":"product_tag-buy-research-chemicals","12":"product_tag-buy-research-chemicals-online","13":"product_tag-cabergoline-research-chemical","14":"product_tag-canadian-research-chemicals","15":"product_tag-domestic-research-chemicals","16":"product_tag-enclomiphene-research-chemical","17":"product_tag-legal-research-chemicals","18":"product_tag-opioid-research-chemicals","19":"product_tag-order-research-chemicals","20":"product_tag-quality-research-chemicals","21":"product_tag-reddit-research-chemicals","22":"product_tag-research-chemical","23":"product_tag-research-chemical-drugs","24":"product_tag-research-chemical-forum","25":"product_tag-research-chemical-opiates","26":"product_tag-research-chemical-reddit","27":"product_tag-research-chemical-shop","28":"product_tag-research-chemical-sources","29":"product_tag-research-chemical-store","30":"product_tag-research-chemical-supply","31":"product_tag-research-chemical-vendor-usa","32":"product_tag-research-chemical-vendors","33":"product_tag-research-chemical-vendors-reddit","34":"product_tag-research-chemicals","35":"product_tag-research-chemicals-for-sale","36":"product_tag-research-chemicals-kopen","37":"product_tag-research-chemicals-online","38":"product_tag-research-chemicals-reddit","39":"product_tag-research-chemicals-sale","40":"product_tag-research-chemicals-store","41":"product_tag-semaglutide-research-chemical","42":"product_tag-sunnyside-research-chemicals","43":"product_tag-tadalafil-research-chemical","44":"product_tag-tirzepatide-research-chemical","45":"product_tag-tirzepatide-research-chemical-for-sale","46":"product_tag-toronto-research-chemicals","47":"product_tag-what-are-research-chemicals","48":"product_tag-where-to-buy-research-chemicals","50":"first","51":"instock","52":"shipping-taxable","53":"purchasable","54":"product-type-variable"},"yoast_head":"<!-- This site is optimized with the Yoast SEO plugin v27.1.1 - https:\/\/yoast.com\/product\/yoast-seo-wordpress\/ -->\n<title>5-Methylethylone - wholesale supplier of research chemicals, 4mmc, 3mmc, MDPHP, Alpha PVP and more<\/title>\n<meta name=\"robots\" content=\"index, follow, max-snippet:-1, max-image-preview:large, max-video-preview:-1\" \/>\n<link rel=\"canonical\" href=\"https:\/\/frcs-research.com\/cs\/product\/5-methylethylone\/\" \/>\n<meta property=\"og:locale\" content=\"cs_CZ\" \/>\n<meta property=\"og:type\" content=\"article\" \/>\n<meta property=\"og:title\" content=\"5-Methylethylone - wholesale supplier of research chemicals, 4mmc, 3mmc, MDPHP, Alpha PVP and more\" \/>\n<meta property=\"og:description\" content=\"5-Methylethylone 5-Methylethylone has a full IUPAC name of 2-(Ethylamino)-1-(7-methyl-1,3-benzodioxol-5-yl)-1-propanonewhich belongs to a class of research chemicals called central nervous system stimulants. The research chemical called 5-Methylethylone belongs to phenethylamine and&hellip;&euro;160.00 &ndash; &euro;2,600.00Rozp\u011bt\u00ed cen: &euro;160.00 a\u017e &euro;2,600.00V\u00fdb\u011br mo\u017enost\u00ed  Tento produkt m\u00e1 v\u00edce variant. Mo\u017enosti lze vybrat na str\u00e1nce produktu\" \/>\n<meta property=\"og:url\" content=\"https:\/\/frcs-research.com\/cs\/product\/5-methylethylone\/\" \/>\n<meta property=\"og:site_name\" content=\"wholesale supplier of research chemicals, 4mmc, 3mmc, MDPHP, Alpha PVP and more\" \/>\n<meta property=\"article:modified_time\" content=\"2026-04-23T02:32:19+00:00\" \/>\n<meta name=\"twitter:card\" content=\"summary_large_image\" \/>\n<meta name=\"twitter:label1\" content=\"Dostupnost\" \/>\n\t<meta name=\"twitter:data1\" content=\"Skladem\" \/>\n<script type=\"application\/ld+json\" class=\"yoast-schema-graph\">{\"@context\":\"https:\/\/schema.org\",\"@graph\":[{\"@type\":[\"WebPage\",\"ItemPage\"],\"@id\":\"https:\/\/frcs-research.com\/product\/5-methylethylone\/\",\"url\":\"https:\/\/frcs-research.com\/product\/5-methylethylone\/\",\"name\":\"5-Methylethylone - wholesale supplier of research chemicals, 4mmc, 3mmc, MDPHP, Alpha PVP and more\",\"isPartOf\":{\"@id\":\"https:\/\/frcs-research.com\/#website\"},\"primaryImageOfPage\":{\"@id\":\"https:\/\/frcs-research.com\/product\/5-methylethylone\/#primaryimage\"},\"image\":{\"@id\":\"https:\/\/frcs-research.com\/product\/5-methylethylone\/#primaryimage\"},\"thumbnailUrl\":\"https:\/\/frcs-research.com\/wp-content\/uploads\/2026\/01\/5-Methylethylone.jpg\",\"datePublished\":\"2026-01-29T18:53:43+00:00\",\"dateModified\":\"2026-04-23T02:32:19+00:00\",\"breadcrumb\":{\"@id\":\"https:\/\/frcs-research.com\/product\/5-methylethylone\/#breadcrumb\"},\"inLanguage\":\"cs\",\"potentialAction\":[{\"@type\":\"ReadAction\",\"target\":[\"https:\/\/frcs-research.com\/product\/5-methylethylone\/\"]}]},{\"@type\":\"ImageObject\",\"inLanguage\":\"cs\",\"@id\":\"https:\/\/frcs-research.com\/product\/5-methylethylone\/#primaryimage\",\"url\":\"https:\/\/frcs-research.com\/wp-content\/uploads\/2026\/01\/5-Methylethylone.jpg\",\"contentUrl\":\"https:\/\/frcs-research.com\/wp-content\/uploads\/2026\/01\/5-Methylethylone.jpg\",\"width\":225,\"height\":225},{\"@type\":\"BreadcrumbList\",\"@id\":\"https:\/\/frcs-research.com\/product\/5-methylethylone\/#breadcrumb\",\"itemListElement\":[{\"@type\":\"ListItem\",\"position\":1,\"name\":\"Home\",\"item\":\"https:\/\/frcs-research.com\/\"},{\"@type\":\"ListItem\",\"position\":2,\"name\":\"Shop\",\"item\":\"https:\/\/frcs-research.com\/shop\/\"},{\"@type\":\"ListItem\",\"position\":3,\"name\":\"5-Methylethylone\"}]},{\"@type\":\"WebSite\",\"@id\":\"https:\/\/frcs-research.com\/#website\",\"url\":\"https:\/\/frcs-research.com\/\",\"name\":\"wholesale supplier of research chemicals, 4mmc, 3mmc, MDPHP, Alpha PVP and more\",\"description\":\"Wholesale research chemicals\",\"potentialAction\":[{\"@type\":\"SearchAction\",\"target\":{\"@type\":\"EntryPoint\",\"urlTemplate\":\"https:\/\/frcs-research.com\/?s={search_term_string}\"},\"query-input\":{\"@type\":\"PropertyValueSpecification\",\"valueRequired\":true,\"valueName\":\"search_term_string\"}}],\"inLanguage\":\"cs\"}]}<\/script>\n<meta property=\"og:availability\" content=\"instock\" \/>\n<meta property=\"product:availability\" content=\"instock\" \/>\n<meta property=\"product:condition\" content=\"new\" \/>\n<!-- \/ Yoast SEO plugin. -->","yoast_head_json":{"title":"5-Methylethylone - wholesale supplier of research chemicals, 4mmc, 3mmc, MDPHP, Alpha PVP and more","robots":{"index":"index","follow":"follow","max-snippet":"max-snippet:-1","max-image-preview":"max-image-preview:large","max-video-preview":"max-video-preview:-1"},"canonical":"https:\/\/frcs-research.com\/cs\/product\/5-methylethylone\/","og_locale":"cs_CZ","og_type":"article","og_title":"5-Methylethylone - wholesale supplier of research chemicals, 4mmc, 3mmc, MDPHP, Alpha PVP and more","og_description":"5-Methylethylone 5-Methylethylone has a full IUPAC name of 2-(Ethylamino)-1-(7-methyl-1,3-benzodioxol-5-yl)-1-propanonewhich belongs to a class of research chemicals called central nervous system stimulants. The research chemical called 5-Methylethylone belongs to phenethylamine and&hellip;&euro;160.00 &ndash; &euro;2,600.00Rozp\u011bt\u00ed cen: &euro;160.00 a\u017e &euro;2,600.00V\u00fdb\u011br mo\u017enost\u00ed  Tento produkt m\u00e1 v\u00edce variant. Mo\u017enosti lze vybrat na str\u00e1nce produktu","og_url":"https:\/\/frcs-research.com\/cs\/product\/5-methylethylone\/","og_site_name":"wholesale supplier of research chemicals, 4mmc, 3mmc, MDPHP, Alpha PVP and more","article_modified_time":"2026-04-23T02:32:19+00:00","twitter_card":"summary_large_image","twitter_misc":{"Dostupnost":"Skladem"},"schema":{"@context":"https:\/\/schema.org","@graph":[{"@type":["WebPage","ItemPage"],"@id":"https:\/\/frcs-research.com\/product\/5-methylethylone\/","url":"https:\/\/frcs-research.com\/product\/5-methylethylone\/","name":"5-Methylethylone - wholesale supplier of research chemicals, 4mmc, 3mmc, MDPHP, Alpha PVP and more","isPartOf":{"@id":"https:\/\/frcs-research.com\/#website"},"primaryImageOfPage":{"@id":"https:\/\/frcs-research.com\/product\/5-methylethylone\/#primaryimage"},"image":{"@id":"https:\/\/frcs-research.com\/product\/5-methylethylone\/#primaryimage"},"thumbnailUrl":"https:\/\/frcs-research.com\/wp-content\/uploads\/2026\/01\/5-Methylethylone.jpg","datePublished":"2026-01-29T18:53:43+00:00","dateModified":"2026-04-23T02:32:19+00:00","breadcrumb":{"@id":"https:\/\/frcs-research.com\/product\/5-methylethylone\/#breadcrumb"},"inLanguage":"cs","potentialAction":[{"@type":"ReadAction","target":["https:\/\/frcs-research.com\/product\/5-methylethylone\/"]}]},{"@type":"ImageObject","inLanguage":"cs","@id":"https:\/\/frcs-research.com\/product\/5-methylethylone\/#primaryimage","url":"https:\/\/frcs-research.com\/wp-content\/uploads\/2026\/01\/5-Methylethylone.jpg","contentUrl":"https:\/\/frcs-research.com\/wp-content\/uploads\/2026\/01\/5-Methylethylone.jpg","width":225,"height":225},{"@type":"BreadcrumbList","@id":"https:\/\/frcs-research.com\/product\/5-methylethylone\/#breadcrumb","itemListElement":[{"@type":"ListItem","position":1,"name":"Home","item":"https:\/\/frcs-research.com\/"},{"@type":"ListItem","position":2,"name":"Shop","item":"https:\/\/frcs-research.com\/shop\/"},{"@type":"ListItem","position":3,"name":"5-Methylethylone"}]},{"@type":"WebSite","@id":"https:\/\/frcs-research.com\/#website","url":"https:\/\/frcs-research.com\/","name":"velkoobchodn\u00ed dodavatel v\u00fdzkumn\u00fdch chemik\u00e1li\u00ed, 4mmc, 3mmc, MDPHP, Alpha PVP a dal\u0161\u00ed","description":"Velkoobchodn\u00ed v\u00fdzkum chemik\u00e1li\u00ed","potentialAction":[{"@type":"SearchAction","target":{"@type":"EntryPoint","urlTemplate":"https:\/\/frcs-research.com\/?s={search_term_string}"},"query-input":{"@type":"PropertyValueSpecification","valueRequired":true,"valueName":"search_term_string"}}],"inLanguage":"cs"}]},"og_availability":"instock","product_availability":"instock","product_condition":"new"},"uagb_featured_image_src":{"full":["https:\/\/frcs-research.com\/wp-content\/uploads\/2026\/01\/5-Methylethylone.jpg",225,225,false],"thumbnail":["https:\/\/frcs-research.com\/wp-content\/uploads\/2026\/01\/5-Methylethylone-150x150.jpg",150,150,true],"medium":["https:\/\/frcs-research.com\/wp-content\/uploads\/2026\/01\/5-Methylethylone.jpg",225,225,false],"medium_large":["https:\/\/frcs-research.com\/wp-content\/uploads\/2026\/01\/5-Methylethylone.jpg",225,225,false],"large":["https:\/\/frcs-research.com\/wp-content\/uploads\/2026\/01\/5-Methylethylone.jpg",225,225,false],"1536x1536":["https:\/\/frcs-research.com\/wp-content\/uploads\/2026\/01\/5-Methylethylone.jpg",225,225,false],"2048x2048":["https:\/\/frcs-research.com\/wp-content\/uploads\/2026\/01\/5-Methylethylone.jpg",225,225,false],"trp-custom-language-flag":["https:\/\/frcs-research.com\/wp-content\/uploads\/2026\/01\/5-Methylethylone-12x12.jpg",12,12,true],"post-thumbnail":["https:\/\/frcs-research.com\/wp-content\/uploads\/2026\/01\/5-Methylethylone.jpg",225,225,false],"elite-commerce-slider":["https:\/\/frcs-research.com\/wp-content\/uploads\/2026\/01\/5-Methylethylone.jpg",225,225,false],"elite-commerce-hero":["https:\/\/frcs-research.com\/wp-content\/uploads\/2026\/01\/5-Methylethylone.jpg",225,225,false],"elite-commerce-portfolio":["https:\/\/frcs-research.com\/wp-content\/uploads\/2026\/01\/5-Methylethylone.jpg",225,225,false],"woocommerce_thumbnail":["https:\/\/frcs-research.com\/wp-content\/uploads\/2026\/01\/5-Methylethylone.jpg",225,225,false],"woocommerce_single":["https:\/\/frcs-research.com\/wp-content\/uploads\/2026\/01\/5-Methylethylone.jpg",225,225,false],"woocommerce_gallery_thumbnail":["https:\/\/frcs-research.com\/wp-content\/uploads\/2026\/01\/5-Methylethylone-100x100.jpg",100,100,true]},"uagb_author_info":{"display_name":"Richard Wood","author_link":"https:\/\/frcs-research.com\/cs\/author\/"},"uagb_comment_info":88,"uagb_excerpt":"5-Methylethylone 5-Methylethylone has a full IUPAC name of 2-(Ethylamino)-1-(7-methyl-1,3-benzodioxol-5-yl)-1-propanonewhich belongs to a class of research chemicals called central nervous system stimulants. The research chemical called 5-Methylethylone belongs to phenethylamine and&hellip;&euro;160.00 &ndash; &euro;2,600.00Rozp\u011bt\u00ed cen: &euro;160.00 a\u017e &euro;2,600.00V\u00fdb\u011br mo\u017enost\u00ed Tento produkt m\u00e1 v\u00edce variant. Mo\u017enosti lze vybrat na str\u00e1nce produktu","_links":{"self":[{"href":"https:\/\/frcs-research.com\/cs\/wp-json\/wp\/v2\/product\/1266","targetHints":{"allow":["GET"]}}],"collection":[{"href":"https:\/\/frcs-research.com\/cs\/wp-json\/wp\/v2\/product"}],"about":[{"href":"https:\/\/frcs-research.com\/cs\/wp-json\/wp\/v2\/types\/product"}],"replies":[{"embeddable":true,"href":"https:\/\/frcs-research.com\/cs\/wp-json\/wp\/v2\/comments?post=1266"}],"wp:featuredmedia":[{"embeddable":true,"href":"https:\/\/frcs-research.com\/cs\/wp-json\/wp\/v2\/media\/1278"}],"wp:attachment":[{"href":"https:\/\/frcs-research.com\/cs\/wp-json\/wp\/v2\/media?parent=1266"}],"wp:term":[{"taxonomy":"product_brand","embeddable":true,"href":"https:\/\/frcs-research.com\/cs\/wp-json\/wp\/v2\/product_brand?post=1266"},{"taxonomy":"product_cat","embeddable":true,"href":"https:\/\/frcs-research.com\/cs\/wp-json\/wp\/v2\/product_cat?post=1266"},{"taxonomy":"product_tag","embeddable":true,"href":"https:\/\/frcs-research.com\/cs\/wp-json\/wp\/v2\/product_tag?post=1266"}],"curies":[{"name":"wp","href":"https:\/\/api.w.org\/{rel}","templated":true}]}}