{"id":1306,"date":"2026-01-29T18:53:58","date_gmt":"2026-01-29T18:53:58","guid":{"rendered":"https:\/\/frcs-research.com\/?post_type=product&#038;p=1306"},"modified":"2026-04-03T18:32:19","modified_gmt":"2026-04-03T18:32:19","slug":"3-meo-pcp","status":"publish","type":"product","link":"https:\/\/frcs-research.com\/cs\/product\/3-meo-pcp\/","title":{"rendered":"3-MeO-PCP"},"content":{"rendered":"<div class=\"woocommerce-product-details__short-description\">\n<div class=\"woocommerce-product-details__short-description\">\n<h3 style=\"text-align: center\"><strong>3-MeO-PCP<\/strong><\/h3>\n<p>3-MeO-PCP with the formal name of 1-[1-(3-methoxyphenyl)cyclohexyl]-piperidine is classified as a dissociative compound. 3-Methoxyphencyclidine (commonly known as 3-MeO-PCP or 3-MeO) is a lesser-known novel dissociative substance of the arylcyclohexylamine class that produces dissociative, anesthetic, and hallucinogenic effects when administered. 3-MeO-PCP ,\u00a0 It is structurally related to arylcyclohexylamines like PCP, MXE, and 3-MeO-PCE was first synthesized in <a href=\"https:\/\/researchchemicalshop.com\/shop\/\">1979<\/a> to investigate the structure-activity relationship of phencyclidine (PCP) derivatives<a href=\"https:\/\/wholemeltextractsonline.com\/shop\/\">.<\/a><\/p>\n<\/p><\/div>\n<\/p><\/div>\n","protected":false},"excerpt":{"rendered":"<p>3-MeO-PCP 3-MeO-PCP with the formal name of 1-[1-(3-methoxyphenyl)cyclohexyl]-piperidine is classified as a dissociative compound. 3-Methoxyphencyclidine (commonly known as 3-MeO-PCP or 3-MeO) is a lesser-known novel dissociative substance of the arylcyclohexylamine&hellip;<\/p>\n<p class=\"product woocommerce add_to_cart_inline \" style=\"border:4px solid #ccc; padding: 12px;\"><span class=\"woocommerce-Price-amount amount\" aria-hidden=\"true\"><bdi><span class=\"woocommerce-Price-currencySymbol\">&euro;<\/span>160.00<\/bdi><\/span> <span aria-hidden=\"true\">&ndash;<\/span> <span class=\"woocommerce-Price-amount amount\" aria-hidden=\"true\"><bdi><span class=\"woocommerce-Price-currencySymbol\">&euro;<\/span>2,600.00<\/bdi><\/span><span class=\"screen-reader-text\">Rozp\u011bt\u00ed cen: &euro;160.00 a\u017e &euro;2,600.00<\/span><a href=\"https:\/\/frcs-research.com\/cs\/product\/3-meo-pcp\/\" aria-describedby=\"woocommerce_loop_add_to_cart_link_describedby_1306\" data-quantity=\"1\" class=\"button product_type_variable add_to_cart_button\" data-product_id=\"1306\" data-product_sku=\"\" aria-label=\"Vyberte nastaven\u00ed pro &bdquo;3-MeO-PCP&ldquo;\" rel=\"nofollow\">V\u00fdb\u011br mo\u017enost\u00ed<\/a>\t<span id=\"woocommerce_loop_add_to_cart_link_describedby_1306\" class=\"screen-reader-text\"><br \/>\n\t\tTento produkt m\u00e1 v\u00edce variant. Mo\u017enosti lze vybrat na str\u00e1nce produktu\t<\/span><\/p>\n","protected":false},"featured_media":1313,"comment_status":"closed","ping_status":"closed","template":"","meta":{"_uag_custom_page_level_css":""},"product_brand":[],"product_cat":[25],"product_tag":[397,755,756,757,758,759,760,761,762,763,764,765,766,153,400,401,402,403,404,405,406,767,768,769,421,422,424,770,425,426,427,428,429,430,431,432,433,434,435,436,437,438,439,440,441,442,443,444,445,446,447,449,450,451,452,771,772,453,773,456],"class_list":{"0":"post-1306","1":"product","2":"type-product","3":"status-publish","4":"has-post-thumbnail","6":"product_cat-synthetic-cannabinoids","7":"product_tag-2c-research-chemical","8":"product_tag-3-meo-pcp","9":"product_tag-3-meo-pcp-and-mdma","10":"product_tag-3-meo-pcp-brain-damage","11":"product_tag-3-meo-pcp-dosage","12":"product_tag-3-meo-pcp-hcl","13":"product_tag-3-meo-pcp-high","14":"product_tag-3-meo-pcp-hydrochloride","15":"product_tag-3-meo-pcp-in-a-joint","16":"product_tag-3-meo-pcp-oral","17":"product_tag-3-meo-pcp-volumetric-dosing","18":"product_tag-3-meo-pcp-wiki","19":"product_tag-buy-3-meo-pcp-hydrochloride","20":"product_tag-buy-3-meo-pcp-online","21":"product_tag-buy-research-chemical","22":"product_tag-buy-research-chemicals","23":"product_tag-buy-research-chemicals-online","24":"product_tag-cabergoline-research-chemical","25":"product_tag-canadian-research-chemicals","26":"product_tag-domestic-research-chemicals","27":"product_tag-enclomiphene-research-chemical","28":"product_tag-home-3-meo-pcp-3-meo-pcp","29":"product_tag-is-3-meo-pcp-legal","30":"product_tag-iv-3-meo-pcp","31":"product_tag-legal-research-chemicals","32":"product_tag-opioid-research-chemicals","33":"product_tag-order-research-chemicals","34":"product_tag-psychonaut-3-meo-pcp","35":"product_tag-quality-research-chemicals","36":"product_tag-reddit-research-chemicals","37":"product_tag-research-chemical","38":"product_tag-research-chemical-drugs","39":"product_tag-research-chemical-forum","40":"product_tag-research-chemical-opiates","41":"product_tag-research-chemical-reddit","42":"product_tag-research-chemical-shop","43":"product_tag-research-chemical-sources","44":"product_tag-research-chemical-store","45":"product_tag-research-chemical-supply","46":"product_tag-research-chemical-vendor-usa","47":"product_tag-research-chemical-vendors","48":"product_tag-research-chemical-vendors-reddit","49":"product_tag-research-chemicals","50":"product_tag-research-chemicals-for-sale","51":"product_tag-research-chemicals-kopen","52":"product_tag-research-chemicals-online","53":"product_tag-research-chemicals-reddit","54":"product_tag-research-chemicals-sale","55":"product_tag-research-chemicals-store","56":"product_tag-semaglutide-research-chemical","57":"product_tag-sunnyside-research-chemicals","58":"product_tag-tadalafil-research-chemical","59":"product_tag-tirzepatide-research-chemical","60":"product_tag-tirzepatide-research-chemical-for-sale","61":"product_tag-toronto-research-chemicals","62":"product_tag-vaping-3-meo-pcp","63":"product_tag-vice-3-meo-pcp","64":"product_tag-what-are-research-chemicals","65":"product_tag-what-is-3-meo-pcp","66":"product_tag-where-to-buy-research-chemicals","68":"first","69":"instock","70":"shipping-taxable","71":"purchasable","72":"product-type-variable"},"yoast_head":"<!-- This site is optimized with the Yoast SEO plugin v27.1.1 - https:\/\/yoast.com\/product\/yoast-seo-wordpress\/ -->\n<title>3-MeO-PCP - wholesale supplier of research chemicals, 4mmc, 3mmc, MDPHP, Alpha PVP and more<\/title>\n<meta name=\"robots\" content=\"index, follow, max-snippet:-1, max-image-preview:large, max-video-preview:-1\" \/>\n<link rel=\"canonical\" href=\"https:\/\/frcs-research.com\/cs\/product\/3-meo-pcp\/\" \/>\n<meta property=\"og:locale\" content=\"cs_CZ\" \/>\n<meta property=\"og:type\" content=\"article\" \/>\n<meta property=\"og:title\" content=\"3-MeO-PCP - wholesale supplier of research chemicals, 4mmc, 3mmc, MDPHP, Alpha PVP and more\" \/>\n<meta property=\"og:description\" content=\"3-MeO-PCP 3-MeO-PCP with the formal name of 1-[1-(3-methoxyphenyl)cyclohexyl]-piperidine is classified as a dissociative compound. 3-Methoxyphencyclidine (commonly known as 3-MeO-PCP or 3-MeO) is a lesser-known novel dissociative substance of the arylcyclohexylamine&hellip;&euro;160.00 &ndash; &euro;2,600.00Rozp\u011bt\u00ed cen: &euro;160.00 a\u017e &euro;2,600.00V\u00fdb\u011br mo\u017enost\u00ed  Tento produkt m\u00e1 v\u00edce variant. Mo\u017enosti lze vybrat na str\u00e1nce produktu\" \/>\n<meta property=\"og:url\" content=\"https:\/\/frcs-research.com\/cs\/product\/3-meo-pcp\/\" \/>\n<meta property=\"og:site_name\" content=\"wholesale supplier of research chemicals, 4mmc, 3mmc, MDPHP, Alpha PVP and more\" \/>\n<meta property=\"article:modified_time\" content=\"2026-04-03T18:32:19+00:00\" \/>\n<meta name=\"twitter:card\" content=\"summary_large_image\" \/>\n<meta name=\"twitter:label1\" content=\"Dostupnost\" \/>\n\t<meta name=\"twitter:data1\" content=\"Skladem\" \/>\n<script type=\"application\/ld+json\" class=\"yoast-schema-graph\">{\"@context\":\"https:\/\/schema.org\",\"@graph\":[{\"@type\":[\"WebPage\",\"ItemPage\"],\"@id\":\"https:\/\/frcs-research.com\/product\/3-meo-pcp\/\",\"url\":\"https:\/\/frcs-research.com\/product\/3-meo-pcp\/\",\"name\":\"3-MeO-PCP - wholesale supplier of research chemicals, 4mmc, 3mmc, MDPHP, Alpha PVP and more\",\"isPartOf\":{\"@id\":\"https:\/\/frcs-research.com\/#website\"},\"primaryImageOfPage\":{\"@id\":\"https:\/\/frcs-research.com\/product\/3-meo-pcp\/#primaryimage\"},\"image\":{\"@id\":\"https:\/\/frcs-research.com\/product\/3-meo-pcp\/#primaryimage\"},\"thumbnailUrl\":\"https:\/\/frcs-research.com\/wp-content\/uploads\/2026\/01\/3-MeO-PCP.jpg\",\"datePublished\":\"2026-01-29T18:53:58+00:00\",\"dateModified\":\"2026-04-03T18:32:19+00:00\",\"breadcrumb\":{\"@id\":\"https:\/\/frcs-research.com\/product\/3-meo-pcp\/#breadcrumb\"},\"inLanguage\":\"cs\",\"potentialAction\":[{\"@type\":\"ReadAction\",\"target\":[\"https:\/\/frcs-research.com\/product\/3-meo-pcp\/\"]}]},{\"@type\":\"ImageObject\",\"inLanguage\":\"cs\",\"@id\":\"https:\/\/frcs-research.com\/product\/3-meo-pcp\/#primaryimage\",\"url\":\"https:\/\/frcs-research.com\/wp-content\/uploads\/2026\/01\/3-MeO-PCP.jpg\",\"contentUrl\":\"https:\/\/frcs-research.com\/wp-content\/uploads\/2026\/01\/3-MeO-PCP.jpg\",\"width\":500,\"height\":400},{\"@type\":\"BreadcrumbList\",\"@id\":\"https:\/\/frcs-research.com\/product\/3-meo-pcp\/#breadcrumb\",\"itemListElement\":[{\"@type\":\"ListItem\",\"position\":1,\"name\":\"Home\",\"item\":\"https:\/\/frcs-research.com\/\"},{\"@type\":\"ListItem\",\"position\":2,\"name\":\"Shop\",\"item\":\"https:\/\/frcs-research.com\/shop\/\"},{\"@type\":\"ListItem\",\"position\":3,\"name\":\"3-MeO-PCP\"}]},{\"@type\":\"WebSite\",\"@id\":\"https:\/\/frcs-research.com\/#website\",\"url\":\"https:\/\/frcs-research.com\/\",\"name\":\"wholesale supplier of research chemicals, 4mmc, 3mmc, MDPHP, Alpha PVP and more\",\"description\":\"Wholesale research chemicals\",\"potentialAction\":[{\"@type\":\"SearchAction\",\"target\":{\"@type\":\"EntryPoint\",\"urlTemplate\":\"https:\/\/frcs-research.com\/?s={search_term_string}\"},\"query-input\":{\"@type\":\"PropertyValueSpecification\",\"valueRequired\":true,\"valueName\":\"search_term_string\"}}],\"inLanguage\":\"cs\"}]}<\/script>\n<meta property=\"og:availability\" content=\"instock\" \/>\n<meta property=\"product:availability\" content=\"instock\" \/>\n<meta property=\"product:condition\" content=\"new\" \/>\n<!-- \/ Yoast SEO plugin. -->","yoast_head_json":{"title":"3-MeO-PCP - wholesale supplier of research chemicals, 4mmc, 3mmc, MDPHP, Alpha PVP and more","robots":{"index":"index","follow":"follow","max-snippet":"max-snippet:-1","max-image-preview":"max-image-preview:large","max-video-preview":"max-video-preview:-1"},"canonical":"https:\/\/frcs-research.com\/cs\/product\/3-meo-pcp\/","og_locale":"cs_CZ","og_type":"article","og_title":"3-MeO-PCP - wholesale supplier of research chemicals, 4mmc, 3mmc, MDPHP, Alpha PVP and more","og_description":"3-MeO-PCP 3-MeO-PCP with the formal name of 1-[1-(3-methoxyphenyl)cyclohexyl]-piperidine is classified as a dissociative compound. 3-Methoxyphencyclidine (commonly known as 3-MeO-PCP or 3-MeO) is a lesser-known novel dissociative substance of the arylcyclohexylamine&hellip;&euro;160.00 &ndash; &euro;2,600.00Rozp\u011bt\u00ed cen: &euro;160.00 a\u017e &euro;2,600.00V\u00fdb\u011br mo\u017enost\u00ed  Tento produkt m\u00e1 v\u00edce variant. Mo\u017enosti lze vybrat na str\u00e1nce produktu","og_url":"https:\/\/frcs-research.com\/cs\/product\/3-meo-pcp\/","og_site_name":"wholesale supplier of research chemicals, 4mmc, 3mmc, MDPHP, Alpha PVP and more","article_modified_time":"2026-04-03T18:32:19+00:00","twitter_card":"summary_large_image","twitter_misc":{"Dostupnost":"Skladem"},"schema":{"@context":"https:\/\/schema.org","@graph":[{"@type":["WebPage","ItemPage"],"@id":"https:\/\/frcs-research.com\/product\/3-meo-pcp\/","url":"https:\/\/frcs-research.com\/product\/3-meo-pcp\/","name":"3-MeO-PCP - wholesale supplier of research chemicals, 4mmc, 3mmc, MDPHP, Alpha PVP and more","isPartOf":{"@id":"https:\/\/frcs-research.com\/#website"},"primaryImageOfPage":{"@id":"https:\/\/frcs-research.com\/product\/3-meo-pcp\/#primaryimage"},"image":{"@id":"https:\/\/frcs-research.com\/product\/3-meo-pcp\/#primaryimage"},"thumbnailUrl":"https:\/\/frcs-research.com\/wp-content\/uploads\/2026\/01\/3-MeO-PCP.jpg","datePublished":"2026-01-29T18:53:58+00:00","dateModified":"2026-04-03T18:32:19+00:00","breadcrumb":{"@id":"https:\/\/frcs-research.com\/product\/3-meo-pcp\/#breadcrumb"},"inLanguage":"cs","potentialAction":[{"@type":"ReadAction","target":["https:\/\/frcs-research.com\/product\/3-meo-pcp\/"]}]},{"@type":"ImageObject","inLanguage":"cs","@id":"https:\/\/frcs-research.com\/product\/3-meo-pcp\/#primaryimage","url":"https:\/\/frcs-research.com\/wp-content\/uploads\/2026\/01\/3-MeO-PCP.jpg","contentUrl":"https:\/\/frcs-research.com\/wp-content\/uploads\/2026\/01\/3-MeO-PCP.jpg","width":500,"height":400},{"@type":"BreadcrumbList","@id":"https:\/\/frcs-research.com\/product\/3-meo-pcp\/#breadcrumb","itemListElement":[{"@type":"ListItem","position":1,"name":"Home","item":"https:\/\/frcs-research.com\/"},{"@type":"ListItem","position":2,"name":"Shop","item":"https:\/\/frcs-research.com\/shop\/"},{"@type":"ListItem","position":3,"name":"3-MeO-PCP"}]},{"@type":"WebSite","@id":"https:\/\/frcs-research.com\/#website","url":"https:\/\/frcs-research.com\/","name":"velkoobchodn\u00ed dodavatel v\u00fdzkumn\u00fdch chemik\u00e1li\u00ed, 4mmc, 3mmc, MDPHP, Alpha PVP a dal\u0161\u00ed","description":"Velkoobchodn\u00ed v\u00fdzkum chemik\u00e1li\u00ed","potentialAction":[{"@type":"SearchAction","target":{"@type":"EntryPoint","urlTemplate":"https:\/\/frcs-research.com\/?s={search_term_string}"},"query-input":{"@type":"PropertyValueSpecification","valueRequired":true,"valueName":"search_term_string"}}],"inLanguage":"cs"}]},"og_availability":"instock","product_availability":"instock","product_condition":"new"},"uagb_featured_image_src":{"full":["https:\/\/frcs-research.com\/wp-content\/uploads\/2026\/01\/3-MeO-PCP.jpg",500,400,false],"thumbnail":["https:\/\/frcs-research.com\/wp-content\/uploads\/2026\/01\/3-MeO-PCP-150x150.jpg",150,150,true],"medium":["https:\/\/frcs-research.com\/wp-content\/uploads\/2026\/01\/3-MeO-PCP-300x240.jpg",300,240,true],"medium_large":["https:\/\/frcs-research.com\/wp-content\/uploads\/2026\/01\/3-MeO-PCP.jpg",500,400,false],"large":["https:\/\/frcs-research.com\/wp-content\/uploads\/2026\/01\/3-MeO-PCP.jpg",500,400,false],"1536x1536":["https:\/\/frcs-research.com\/wp-content\/uploads\/2026\/01\/3-MeO-PCP.jpg",500,400,false],"2048x2048":["https:\/\/frcs-research.com\/wp-content\/uploads\/2026\/01\/3-MeO-PCP.jpg",500,400,false],"trp-custom-language-flag":["https:\/\/frcs-research.com\/wp-content\/uploads\/2026\/01\/3-MeO-PCP-15x12.jpg",15,12,true],"post-thumbnail":["https:\/\/frcs-research.com\/wp-content\/uploads\/2026\/01\/3-MeO-PCP.jpg",500,400,false],"elite-commerce-slider":["https:\/\/frcs-research.com\/wp-content\/uploads\/2026\/01\/3-MeO-PCP.jpg",500,400,false],"elite-commerce-hero":["https:\/\/frcs-research.com\/wp-content\/uploads\/2026\/01\/3-MeO-PCP.jpg",500,400,false],"elite-commerce-portfolio":["https:\/\/frcs-research.com\/wp-content\/uploads\/2026\/01\/3-MeO-PCP-400x320.jpg",400,320,true],"woocommerce_thumbnail":["https:\/\/frcs-research.com\/wp-content\/uploads\/2026\/01\/3-MeO-PCP-300x300.jpg",300,300,true],"woocommerce_single":["https:\/\/frcs-research.com\/wp-content\/uploads\/2026\/01\/3-MeO-PCP.jpg",500,400,false],"woocommerce_gallery_thumbnail":["https:\/\/frcs-research.com\/wp-content\/uploads\/2026\/01\/3-MeO-PCP-100x100.jpg",100,100,true]},"uagb_author_info":{"display_name":"Richard Wood","author_link":"https:\/\/frcs-research.com\/cs\/author\/"},"uagb_comment_info":90,"uagb_excerpt":"3-MeO-PCP 3-MeO-PCP with the formal name of 1-[1-(3-methoxyphenyl)cyclohexyl]-piperidine is classified as a dissociative compound. 3-Methoxyphencyclidine (commonly known as 3-MeO-PCP or 3-MeO) is a lesser-known novel dissociative substance of the arylcyclohexylamine&hellip;&euro;160.00 &ndash; &euro;2,600.00Rozp\u011bt\u00ed cen: &euro;160.00 a\u017e &euro;2,600.00V\u00fdb\u011br mo\u017enost\u00ed Tento produkt m\u00e1 v\u00edce variant. Mo\u017enosti lze vybrat na str\u00e1nce produktu","_links":{"self":[{"href":"https:\/\/frcs-research.com\/cs\/wp-json\/wp\/v2\/product\/1306","targetHints":{"allow":["GET"]}}],"collection":[{"href":"https:\/\/frcs-research.com\/cs\/wp-json\/wp\/v2\/product"}],"about":[{"href":"https:\/\/frcs-research.com\/cs\/wp-json\/wp\/v2\/types\/product"}],"replies":[{"embeddable":true,"href":"https:\/\/frcs-research.com\/cs\/wp-json\/wp\/v2\/comments?post=1306"}],"wp:featuredmedia":[{"embeddable":true,"href":"https:\/\/frcs-research.com\/cs\/wp-json\/wp\/v2\/media\/1313"}],"wp:attachment":[{"href":"https:\/\/frcs-research.com\/cs\/wp-json\/wp\/v2\/media?parent=1306"}],"wp:term":[{"taxonomy":"product_brand","embeddable":true,"href":"https:\/\/frcs-research.com\/cs\/wp-json\/wp\/v2\/product_brand?post=1306"},{"taxonomy":"product_cat","embeddable":true,"href":"https:\/\/frcs-research.com\/cs\/wp-json\/wp\/v2\/product_cat?post=1306"},{"taxonomy":"product_tag","embeddable":true,"href":"https:\/\/frcs-research.com\/cs\/wp-json\/wp\/v2\/product_tag?post=1306"}],"curies":[{"name":"wp","href":"https:\/\/api.w.org\/{rel}","templated":true}]}}