{"id":1338,"date":"2026-01-29T18:54:12","date_gmt":"2026-01-29T18:54:12","guid":{"rendered":"https:\/\/frcs-research.com\/?post_type=product&#038;p=1338"},"modified":"2026-04-18T18:02:29","modified_gmt":"2026-04-18T18:02:29","slug":"4-cmc","status":"publish","type":"product","link":"https:\/\/frcs-research.com\/cs\/product\/4-cmc\/","title":{"rendered":"4-CMC"},"content":{"rendered":"<div class=\"woocommerce-product-details__short-description\">\n<h3 style=\"text-align: center\"><strong>4-CMC<\/strong><\/h3>\n<p>4-CMC is a highly neurotoxic substance that selectively kills neurons and 4-CA is the methylcathinone derivative of 4-CA. Chlorine-substituted cathinones (or amphetamines) are sometimes highly neurotoxic (brain-damaging), which is why 4-CA is suspected of being a potent neurotoxin. It is quite possible that the toxic effects also occur in it, which is why it is really not recommended to consume! Because of its structural similarity to mephedrone (4-MMC), 4-CA is marketed as a mephedrone replacement. Nothing is known about the actual toxicity as there are no scientific studies on this substance.<\/p>\n<p>It is quite possible that the toxic effects also occur in it, which is why it is really not recommended to consume! 4-CMC is a highly neurotoxic substance that selectively kills neurons and 4-<a href=\"https:\/\/researchchemicalshop.com\/shop\/\">CA<\/a> is the methylcathinone derivative of 4-CA. Even user reports are hard to find because many consumers avoid this new psychoactive substance because of its potential harmfulness. Because of its structural similarity to mephedrone (4-MMC), 4-CA is marketed as a mephedrone replacement<a href=\"https:\/\/sauceessentialsshop.com\/shop\/\">.<\/a><\/p>\n<\/p><\/div>","protected":false},"excerpt":{"rendered":"<p>4-CMC 4-CMC is a highly neurotoxic substance that selectively kills neurons and 4-CA is the methylcathinone derivative of 4-CA. Chlorine-substituted cathinones (or amphetamines) are sometimes highly neurotoxic (brain-damaging), which is&hellip;<\/p>\n<p class=\"product woocommerce add_to_cart_inline\" style=\"border:4px solid #ccc; padding: 12px;\"><span class=\"woocommerce-Price-amount amount\" aria-hidden=\"true\"><bdi><span class=\"woocommerce-Price-currencySymbol\">&euro;<\/span>160.00<\/bdi><\/span> <span aria-hidden=\"true\">&ndash;<\/span> <span class=\"woocommerce-Price-amount amount\" aria-hidden=\"true\"><bdi><span class=\"woocommerce-Price-currencySymbol\">&euro;<\/span>2,600.00<\/bdi><\/span><span class=\"screen-reader-text\" data-no-translation=\"\" data-trp-gettext=\"\">Rozp\u011bt\u00ed cen: &euro;160.00 a\u017e &euro;2,600.00<\/span><a href=\"https:\/\/frcs-research.com\/cs\/product\/4-cmc\/\" aria-describedby=\"woocommerce_loop_add_to_cart_link_describedby_1338\" data-quantity=\"1\" class=\"button product_type_variable add_to_cart_button\" data-product_id=\"1338\" data-product_sku=\"\" aria-label=\"Vyberte nastaven\u00ed pro \u201e4-CMC\u201c\" rel=\"nofollow\" data-no-translation=\"\" data-trp-gettext=\"\" data-no-translation-aria-label=\"\">V\u00fdb\u011br mo\u017enost\u00ed<\/a>\t<span id=\"woocommerce_loop_add_to_cart_link_describedby_1338\" class=\"screen-reader-text\"><br \/>\n\t\tTento produkt m\u00e1 v\u00edce variant. Mo\u017enosti lze vybrat na str\u00e1nce produktu\t<\/span><\/p>","protected":false},"featured_media":1347,"comment_status":"closed","ping_status":"closed","template":"","meta":{"_uag_custom_page_level_css":""},"product_brand":[],"product_cat":[25],"product_tag":[397,831,832,833,834,835,836,837,838,839,840,841,842,843,844,845,846,847,848,400,401,402,403,404,405,406,421,422,424,425,426,427,428,429,430,431,432,433,434,435,436,437,438,439,440,441,442,443,444,445,446,849,447,449,450,451,452,453,850,456],"class_list":{"0":"post-1338","1":"product","2":"type-product","3":"status-publish","4":"has-post-thumbnail","6":"product_cat-synthetic-cannabinoids","7":"product_tag-2c-research-chemical","8":"product_tag-4-cmc","9":"product_tag-4-cmc-buy","10":"product_tag-4-cmc-crystal","11":"product_tag-4-cmc-dosage","12":"product_tag-4-cmc-drug","13":"product_tag-4-cmc-dzialanie","14":"product_tag-4-cmc-experience","15":"product_tag-4-cmc-fine-crystal","16":"product_tag-4-cmc-flashback","17":"product_tag-4-cmc-glass-crystal","18":"product_tag-4-cmc-hyperreal","19":"product_tag-4-cmc-legal-status","20":"product_tag-4-cmc-psychonaut","21":"product_tag-4-cmc-reddit","22":"product_tag-4-cmc-shop","23":"product_tag-4-cmc-sklep","24":"product_tag-4-cmc-wiki","25":"product_tag-bulk-4-cmc","26":"product_tag-buy-research-chemical","27":"product_tag-buy-research-chemicals","28":"product_tag-buy-research-chemicals-online","29":"product_tag-cabergoline-research-chemical","30":"product_tag-canadian-research-chemicals","31":"product_tag-domestic-research-chemicals","32":"product_tag-enclomiphene-research-chemical","33":"product_tag-legal-research-chemicals","34":"product_tag-opioid-research-chemicals","35":"product_tag-order-research-chemicals","36":"product_tag-quality-research-chemicals","37":"product_tag-reddit-research-chemicals","38":"product_tag-research-chemical","39":"product_tag-research-chemical-drugs","40":"product_tag-research-chemical-forum","41":"product_tag-research-chemical-opiates","42":"product_tag-research-chemical-reddit","43":"product_tag-research-chemical-shop","44":"product_tag-research-chemical-sources","45":"product_tag-research-chemical-store","46":"product_tag-research-chemical-supply","47":"product_tag-research-chemical-vendor-usa","48":"product_tag-research-chemical-vendors","49":"product_tag-research-chemical-vendors-reddit","50":"product_tag-research-chemicals","51":"product_tag-research-chemicals-for-sale","52":"product_tag-research-chemicals-kopen","53":"product_tag-research-chemicals-online","54":"product_tag-research-chemicals-reddit","55":"product_tag-research-chemicals-sale","56":"product_tag-research-chemicals-store","57":"product_tag-semaglutide-research-chemical","58":"product_tag-shop-4-cmc","59":"product_tag-sunnyside-research-chemicals","60":"product_tag-tadalafil-research-chemical","61":"product_tag-tirzepatide-research-chemical","62":"product_tag-tirzepatide-research-chemical-for-sale","63":"product_tag-toronto-research-chemicals","64":"product_tag-what-are-research-chemicals","65":"product_tag-what-is-4-cmc","66":"product_tag-where-to-buy-research-chemicals","68":"first","69":"instock","70":"shipping-taxable","71":"purchasable","72":"product-type-variable"},"yoast_head":"<!-- This site is optimized with the Yoast SEO plugin v27.1.1 - https:\/\/yoast.com\/product\/yoast-seo-wordpress\/ -->\n<title>4-CMC - wholesale supplier of research chemicals, 4mmc, 3mmc, MDPHP, Alpha PVP and more<\/title>\n<meta name=\"robots\" content=\"index, follow, max-snippet:-1, max-image-preview:large, max-video-preview:-1\" \/>\n<link rel=\"canonical\" href=\"https:\/\/frcs-research.com\/cs\/product\/4-cmc\/\" \/>\n<meta property=\"og:locale\" content=\"cs_CZ\" \/>\n<meta property=\"og:type\" content=\"article\" \/>\n<meta property=\"og:title\" content=\"4-CMC - wholesale supplier of research chemicals, 4mmc, 3mmc, MDPHP, Alpha PVP and more\" \/>\n<meta property=\"og:description\" content=\"4-CMC 4-CMC is a highly neurotoxic substance that selectively kills neurons and 4-CA is the methylcathinone derivative of 4-CA. Chlorine-substituted cathinones (or amphetamines) are sometimes highly neurotoxic (brain-damaging), which is&hellip;&euro;160.00 &ndash; &euro;2,600.00Rozp\u011bt\u00ed cen: &euro;160.00 a\u017e &euro;2,600.00V\u00fdb\u011br mo\u017enost\u00ed  Tento produkt m\u00e1 v\u00edce variant. Mo\u017enosti lze vybrat na str\u00e1nce produktu\" \/>\n<meta property=\"og:url\" content=\"https:\/\/frcs-research.com\/cs\/product\/4-cmc\/\" \/>\n<meta property=\"og:site_name\" content=\"wholesale supplier of research chemicals, 4mmc, 3mmc, MDPHP, Alpha PVP and more\" \/>\n<meta property=\"article:modified_time\" content=\"2026-04-18T18:02:29+00:00\" \/>\n<meta name=\"twitter:card\" content=\"summary_large_image\" \/>\n<meta name=\"twitter:label1\" content=\"Dostupnost\" \/>\n\t<meta name=\"twitter:data1\" content=\"Skladem\" \/>\n<script type=\"application\/ld+json\" class=\"yoast-schema-graph\">{\"@context\":\"https:\/\/schema.org\",\"@graph\":[{\"@type\":[\"WebPage\",\"ItemPage\"],\"@id\":\"https:\/\/frcs-research.com\/product\/4-cmc\/\",\"url\":\"https:\/\/frcs-research.com\/product\/4-cmc\/\",\"name\":\"4-CMC - wholesale supplier of research chemicals, 4mmc, 3mmc, MDPHP, Alpha PVP and more\",\"isPartOf\":{\"@id\":\"https:\/\/frcs-research.com\/#website\"},\"primaryImageOfPage\":{\"@id\":\"https:\/\/frcs-research.com\/product\/4-cmc\/#primaryimage\"},\"image\":{\"@id\":\"https:\/\/frcs-research.com\/product\/4-cmc\/#primaryimage\"},\"thumbnailUrl\":\"https:\/\/frcs-research.com\/wp-content\/uploads\/2026\/01\/4-CMC.jpg\",\"datePublished\":\"2026-01-29T18:54:12+00:00\",\"dateModified\":\"2026-04-18T18:02:29+00:00\",\"breadcrumb\":{\"@id\":\"https:\/\/frcs-research.com\/product\/4-cmc\/#breadcrumb\"},\"inLanguage\":\"cs\",\"potentialAction\":[{\"@type\":\"ReadAction\",\"target\":[\"https:\/\/frcs-research.com\/product\/4-cmc\/\"]}]},{\"@type\":\"ImageObject\",\"inLanguage\":\"cs\",\"@id\":\"https:\/\/frcs-research.com\/product\/4-cmc\/#primaryimage\",\"url\":\"https:\/\/frcs-research.com\/wp-content\/uploads\/2026\/01\/4-CMC.jpg\",\"contentUrl\":\"https:\/\/frcs-research.com\/wp-content\/uploads\/2026\/01\/4-CMC.jpg\",\"width\":500,\"height\":400},{\"@type\":\"BreadcrumbList\",\"@id\":\"https:\/\/frcs-research.com\/product\/4-cmc\/#breadcrumb\",\"itemListElement\":[{\"@type\":\"ListItem\",\"position\":1,\"name\":\"Home\",\"item\":\"https:\/\/frcs-research.com\/\"},{\"@type\":\"ListItem\",\"position\":2,\"name\":\"Shop\",\"item\":\"https:\/\/frcs-research.com\/shop\/\"},{\"@type\":\"ListItem\",\"position\":3,\"name\":\"4-CMC\"}]},{\"@type\":\"WebSite\",\"@id\":\"https:\/\/frcs-research.com\/#website\",\"url\":\"https:\/\/frcs-research.com\/\",\"name\":\"wholesale supplier of research chemicals, 4mmc, 3mmc, MDPHP, Alpha PVP and more\",\"description\":\"Wholesale research chemicals\",\"potentialAction\":[{\"@type\":\"SearchAction\",\"target\":{\"@type\":\"EntryPoint\",\"urlTemplate\":\"https:\/\/frcs-research.com\/?s={search_term_string}\"},\"query-input\":{\"@type\":\"PropertyValueSpecification\",\"valueRequired\":true,\"valueName\":\"search_term_string\"}}],\"inLanguage\":\"cs\"}]}<\/script>\n<meta property=\"og:availability\" content=\"instock\" \/>\n<meta property=\"product:availability\" content=\"instock\" \/>\n<meta property=\"product:condition\" content=\"new\" \/>\n<!-- \/ Yoast SEO plugin. -->","yoast_head_json":{"title":"4-CMC - wholesale supplier of research chemicals, 4mmc, 3mmc, MDPHP, Alpha PVP and more","robots":{"index":"index","follow":"follow","max-snippet":"max-snippet:-1","max-image-preview":"max-image-preview:large","max-video-preview":"max-video-preview:-1"},"canonical":"https:\/\/frcs-research.com\/cs\/product\/4-cmc\/","og_locale":"cs_CZ","og_type":"article","og_title":"4-CMC - wholesale supplier of research chemicals, 4mmc, 3mmc, MDPHP, Alpha PVP and more","og_description":"4-CMC 4-CMC is a highly neurotoxic substance that selectively kills neurons and 4-CA is the methylcathinone derivative of 4-CA. Chlorine-substituted cathinones (or amphetamines) are sometimes highly neurotoxic (brain-damaging), which is&hellip;&euro;160.00 &ndash; &euro;2,600.00Rozp\u011bt\u00ed cen: &euro;160.00 a\u017e &euro;2,600.00V\u00fdb\u011br mo\u017enost\u00ed  Tento produkt m\u00e1 v\u00edce variant. Mo\u017enosti lze vybrat na str\u00e1nce produktu","og_url":"https:\/\/frcs-research.com\/cs\/product\/4-cmc\/","og_site_name":"wholesale supplier of research chemicals, 4mmc, 3mmc, MDPHP, Alpha PVP and more","article_modified_time":"2026-04-18T18:02:29+00:00","twitter_card":"summary_large_image","twitter_misc":{"Dostupnost":"Skladem"},"schema":{"@context":"https:\/\/schema.org","@graph":[{"@type":["WebPage","ItemPage"],"@id":"https:\/\/frcs-research.com\/product\/4-cmc\/","url":"https:\/\/frcs-research.com\/product\/4-cmc\/","name":"4-CMC - wholesale supplier of research chemicals, 4mmc, 3mmc, MDPHP, Alpha PVP and more","isPartOf":{"@id":"https:\/\/frcs-research.com\/#website"},"primaryImageOfPage":{"@id":"https:\/\/frcs-research.com\/product\/4-cmc\/#primaryimage"},"image":{"@id":"https:\/\/frcs-research.com\/product\/4-cmc\/#primaryimage"},"thumbnailUrl":"https:\/\/frcs-research.com\/wp-content\/uploads\/2026\/01\/4-CMC.jpg","datePublished":"2026-01-29T18:54:12+00:00","dateModified":"2026-04-18T18:02:29+00:00","breadcrumb":{"@id":"https:\/\/frcs-research.com\/product\/4-cmc\/#breadcrumb"},"inLanguage":"cs","potentialAction":[{"@type":"ReadAction","target":["https:\/\/frcs-research.com\/product\/4-cmc\/"]}]},{"@type":"ImageObject","inLanguage":"cs","@id":"https:\/\/frcs-research.com\/product\/4-cmc\/#primaryimage","url":"https:\/\/frcs-research.com\/wp-content\/uploads\/2026\/01\/4-CMC.jpg","contentUrl":"https:\/\/frcs-research.com\/wp-content\/uploads\/2026\/01\/4-CMC.jpg","width":500,"height":400},{"@type":"BreadcrumbList","@id":"https:\/\/frcs-research.com\/product\/4-cmc\/#breadcrumb","itemListElement":[{"@type":"ListItem","position":1,"name":"Home","item":"https:\/\/frcs-research.com\/"},{"@type":"ListItem","position":2,"name":"Shop","item":"https:\/\/frcs-research.com\/shop\/"},{"@type":"ListItem","position":3,"name":"4-CMC"}]},{"@type":"WebSite","@id":"https:\/\/frcs-research.com\/#website","url":"https:\/\/frcs-research.com\/","name":"velkoobchodn\u00ed dodavatel v\u00fdzkumn\u00fdch chemik\u00e1li\u00ed, 4mmc, 3mmc, MDPHP, Alpha PVP a dal\u0161\u00ed","description":"Velkoobchodn\u00ed v\u00fdzkum chemik\u00e1li\u00ed","potentialAction":[{"@type":"SearchAction","target":{"@type":"EntryPoint","urlTemplate":"https:\/\/frcs-research.com\/?s={search_term_string}"},"query-input":{"@type":"PropertyValueSpecification","valueRequired":true,"valueName":"search_term_string"}}],"inLanguage":"cs"}]},"og_availability":"instock","product_availability":"instock","product_condition":"new"},"uagb_featured_image_src":{"full":["https:\/\/frcs-research.com\/wp-content\/uploads\/2026\/01\/4-CMC.jpg",500,400,false],"thumbnail":["https:\/\/frcs-research.com\/wp-content\/uploads\/2026\/01\/4-CMC-150x150.jpg",150,150,true],"medium":["https:\/\/frcs-research.com\/wp-content\/uploads\/2026\/01\/4-CMC-300x240.jpg",300,240,true],"medium_large":["https:\/\/frcs-research.com\/wp-content\/uploads\/2026\/01\/4-CMC.jpg",500,400,false],"large":["https:\/\/frcs-research.com\/wp-content\/uploads\/2026\/01\/4-CMC.jpg",500,400,false],"1536x1536":["https:\/\/frcs-research.com\/wp-content\/uploads\/2026\/01\/4-CMC.jpg",500,400,false],"2048x2048":["https:\/\/frcs-research.com\/wp-content\/uploads\/2026\/01\/4-CMC.jpg",500,400,false],"trp-custom-language-flag":["https:\/\/frcs-research.com\/wp-content\/uploads\/2026\/01\/4-CMC-15x12.jpg",15,12,true],"post-thumbnail":["https:\/\/frcs-research.com\/wp-content\/uploads\/2026\/01\/4-CMC.jpg",500,400,false],"elite-commerce-slider":["https:\/\/frcs-research.com\/wp-content\/uploads\/2026\/01\/4-CMC.jpg",500,400,false],"elite-commerce-hero":["https:\/\/frcs-research.com\/wp-content\/uploads\/2026\/01\/4-CMC.jpg",500,400,false],"elite-commerce-portfolio":["https:\/\/frcs-research.com\/wp-content\/uploads\/2026\/01\/4-CMC-400x320.jpg",400,320,true],"woocommerce_thumbnail":["https:\/\/frcs-research.com\/wp-content\/uploads\/2026\/01\/4-CMC-300x300.jpg",300,300,true],"woocommerce_single":["https:\/\/frcs-research.com\/wp-content\/uploads\/2026\/01\/4-CMC.jpg",500,400,false],"woocommerce_gallery_thumbnail":["https:\/\/frcs-research.com\/wp-content\/uploads\/2026\/01\/4-CMC-100x100.jpg",100,100,true]},"uagb_author_info":{"display_name":"Richard Wood","author_link":"https:\/\/frcs-research.com\/cs\/author\/"},"uagb_comment_info":92,"uagb_excerpt":"4-CMC 4-CMC is a highly neurotoxic substance that selectively kills neurons and 4-CA is the methylcathinone derivative of 4-CA. Chlorine-substituted cathinones (or amphetamines) are sometimes highly neurotoxic (brain-damaging), which is&hellip;&euro;160.00 &ndash; &euro;2,600.00Rozp\u011bt\u00ed cen: &euro;160.00 a\u017e &euro;2,600.00V\u00fdb\u011br mo\u017enost\u00ed Tento produkt m\u00e1 v\u00edce variant. Mo\u017enosti lze vybrat na str\u00e1nce produktu","_links":{"self":[{"href":"https:\/\/frcs-research.com\/cs\/wp-json\/wp\/v2\/product\/1338","targetHints":{"allow":["GET"]}}],"collection":[{"href":"https:\/\/frcs-research.com\/cs\/wp-json\/wp\/v2\/product"}],"about":[{"href":"https:\/\/frcs-research.com\/cs\/wp-json\/wp\/v2\/types\/product"}],"replies":[{"embeddable":true,"href":"https:\/\/frcs-research.com\/cs\/wp-json\/wp\/v2\/comments?post=1338"}],"wp:featuredmedia":[{"embeddable":true,"href":"https:\/\/frcs-research.com\/cs\/wp-json\/wp\/v2\/media\/1347"}],"wp:attachment":[{"href":"https:\/\/frcs-research.com\/cs\/wp-json\/wp\/v2\/media?parent=1338"}],"wp:term":[{"taxonomy":"product_brand","embeddable":true,"href":"https:\/\/frcs-research.com\/cs\/wp-json\/wp\/v2\/product_brand?post=1338"},{"taxonomy":"product_cat","embeddable":true,"href":"https:\/\/frcs-research.com\/cs\/wp-json\/wp\/v2\/product_cat?post=1338"},{"taxonomy":"product_tag","embeddable":true,"href":"https:\/\/frcs-research.com\/cs\/wp-json\/wp\/v2\/product_tag?post=1338"}],"curies":[{"name":"wp","href":"https:\/\/api.w.org\/{rel}","templated":true}]}}