{"id":1363,"date":"2026-01-29T18:54:26","date_gmt":"2026-01-29T18:54:26","guid":{"rendered":"https:\/\/frcs-research.com\/?post_type=product&#038;p=1363"},"modified":"2026-04-22T12:22:39","modified_gmt":"2026-04-22T12:22:39","slug":"methedrone","status":"publish","type":"product","link":"https:\/\/frcs-research.com\/cs\/product\/methedrone\/","title":{"rendered":"Methedrone"},"content":{"rendered":"<h3 style=\"text-align: center\"><strong>Methedrone<\/strong><\/h3>\n<p>Methedrone is a psychoactive drug and like all other psychoactive drugs, it affects the functioning of the human brain in order to enhance its activity due to its apparent addictive nature and its use by people for recreational purposes but it is available for commercial use at various physical and online stores around the world. \u00a0The standard storage temperature of this drug is -20oC while the shipping temperature for it is around <a href=\"https:\/\/researchchemicalshop.com\/shop\/\">20oC<\/a> to room temperature, purity found to be greater than 98% in its purest forms while impurities in the range of 1-2%.<\/p>\n<p>Methedrone is a potent agent of the central nervous system which has made it an attractive choice for people looking to enhance their cognitive creativity and physical activity. It has structural similarities with Mephedrone while it has functional similarities with the drugs of cathinone class. It has also found applications in the field of forensics as its hydrochloride compound in various forensic applications exists in the form of powder or tablets<a href=\"https:\/\/newlinepharmacy.uk\/shop\/\">.<\/a><\/p>\n<h3>Product Information<\/h3>\n<table class=\"shop_attributes\" width=\"941\">\n<tbody>\n<tr>\n<th>Synonyms<\/th>\n<td>4-methoxymethcathinone ; bk-PMMA ; PMMC ;methoxyphedrine<\/td>\n<\/tr>\n<tr>\n<th>IUPAC<\/th>\n<td>(RS)-1-(4-methoxyphenyl)-2-(methylamino)propan-1-one<\/td>\n<\/tr>\n<tr>\n<th>Formula<\/th>\n<td>C11H15NO2.HCI<\/td>\n<\/tr>\n<tr>\n<th>Molecular weight<\/th>\n<td>229.7 g\/mol<\/td>\n<\/tr>\n<tr>\n<th>CAS<\/th>\n<td>879665-92-6<\/td>\n<\/tr>\n<tr>\n<th>Vzhled<\/th>\n<td>white powder , small chrystals<\/td>\n<\/tr>\n<tr>\n<th>Purity<\/th>\n<td>\u2265 99%<\/td>\n<\/tr>\n<\/tbody>\n<\/table>","protected":false},"excerpt":{"rendered":"<p>Methedrone Methedrone is a psychoactive drug and like all other psychoactive drugs, it affects the functioning of the human brain in order to enhance its activity due to its apparent&hellip;<\/p>\n<p class=\"product woocommerce add_to_cart_inline\" style=\"border:4px solid #ccc; padding: 12px;\"><span class=\"woocommerce-Price-amount amount\" aria-hidden=\"true\"><bdi><span class=\"woocommerce-Price-currencySymbol\">&euro;<\/span>150.00<\/bdi><\/span> <span aria-hidden=\"true\">&ndash;<\/span> <span class=\"woocommerce-Price-amount amount\" aria-hidden=\"true\"><bdi><span class=\"woocommerce-Price-currencySymbol\">&euro;<\/span>2,500.00<\/bdi><\/span><span class=\"screen-reader-text\" data-no-translation=\"\" data-trp-gettext=\"\">Rozp\u011bt\u00ed cen: &euro;150.00 a\u017e &euro;2,500.00<\/span><a href=\"https:\/\/frcs-research.com\/cs\/product\/methedrone\/\" aria-describedby=\"woocommerce_loop_add_to_cart_link_describedby_1363\" data-quantity=\"1\" class=\"button product_type_variable add_to_cart_button\" data-product_id=\"1363\" data-product_sku=\"\" aria-label=\"Vyberte nastaven\u00ed pro \u201eMethedrone\u201c\" rel=\"nofollow\" data-no-translation=\"\" data-trp-gettext=\"\" data-no-translation-aria-label=\"\">V\u00fdb\u011br mo\u017enost\u00ed<\/a>\t<span id=\"woocommerce_loop_add_to_cart_link_describedby_1363\" class=\"screen-reader-text\"><br \/>\n\t\tTento produkt m\u00e1 v\u00edce variant. Mo\u017enosti lze vybrat na str\u00e1nce produktu\t<\/span><\/p>","protected":false},"featured_media":1380,"comment_status":"closed","ping_status":"closed","template":"","meta":{"_uag_custom_page_level_css":""},"product_brand":[],"product_cat":[25],"product_tag":[397,888,889,400,401,402,403,404,405,406,421,890,891,892,893,894,895,896,897,422,424,425,426,427,428,429,430,431,432,433,434,435,436,437,438,439,440,441,442,443,444,445,446,447,449,450,451,452,453,898,456],"class_list":{"0":"post-1363","1":"product","2":"type-product","3":"status-publish","4":"has-post-thumbnail","6":"product_cat-synthetic-cannabinoids","7":"product_tag-2c-research-chemical","8":"product_tag-buy-methedrone","9":"product_tag-buy-methedrone-online","10":"product_tag-buy-research-chemical","11":"product_tag-buy-research-chemicals","12":"product_tag-buy-research-chemicals-online","13":"product_tag-cabergoline-research-chemical","14":"product_tag-canadian-research-chemicals","15":"product_tag-domestic-research-chemicals","16":"product_tag-enclomiphene-research-chemical","17":"product_tag-legal-research-chemicals","18":"product_tag-methedrone","19":"product_tag-methedrone-dosage-pills","20":"product_tag-methedrone-drug","21":"product_tag-methedrone-effects","22":"product_tag-methedrone-erowid","23":"product_tag-methedrone-for-sale","24":"product_tag-methedrone-reddit","25":"product_tag-methedrone-vs-mephedrone","26":"product_tag-opioid-research-chemicals","27":"product_tag-order-research-chemicals","28":"product_tag-quality-research-chemicals","29":"product_tag-reddit-research-chemicals","30":"product_tag-research-chemical","31":"product_tag-research-chemical-drugs","32":"product_tag-research-chemical-forum","33":"product_tag-research-chemical-opiates","34":"product_tag-research-chemical-reddit","35":"product_tag-research-chemical-shop","36":"product_tag-research-chemical-sources","37":"product_tag-research-chemical-store","38":"product_tag-research-chemical-supply","39":"product_tag-research-chemical-vendor-usa","40":"product_tag-research-chemical-vendors","41":"product_tag-research-chemical-vendors-reddit","42":"product_tag-research-chemicals","43":"product_tag-research-chemicals-for-sale","44":"product_tag-research-chemicals-kopen","45":"product_tag-research-chemicals-online","46":"product_tag-research-chemicals-reddit","47":"product_tag-research-chemicals-sale","48":"product_tag-research-chemicals-store","49":"product_tag-semaglutide-research-chemical","50":"product_tag-sunnyside-research-chemicals","51":"product_tag-tadalafil-research-chemical","52":"product_tag-tirzepatide-research-chemical","53":"product_tag-tirzepatide-research-chemical-for-sale","54":"product_tag-toronto-research-chemicals","55":"product_tag-what-are-research-chemicals","56":"product_tag-what-is-methedrone","57":"product_tag-where-to-buy-research-chemicals","59":"first","60":"instock","61":"shipping-taxable","62":"purchasable","63":"product-type-variable"},"yoast_head":"<!-- This site is optimized with the Yoast SEO plugin v27.1.1 - https:\/\/yoast.com\/product\/yoast-seo-wordpress\/ -->\n<title>Methedrone - wholesale supplier of research chemicals, 4mmc, 3mmc, MDPHP, Alpha PVP and more<\/title>\n<meta name=\"robots\" content=\"index, follow, max-snippet:-1, max-image-preview:large, max-video-preview:-1\" \/>\n<link rel=\"canonical\" href=\"https:\/\/frcs-research.com\/cs\/product\/methedrone\/\" \/>\n<meta property=\"og:locale\" content=\"cs_CZ\" \/>\n<meta property=\"og:type\" content=\"article\" \/>\n<meta property=\"og:title\" content=\"Methedrone - wholesale supplier of research chemicals, 4mmc, 3mmc, MDPHP, Alpha PVP and more\" \/>\n<meta property=\"og:description\" content=\"Methedrone Methedrone is a psychoactive drug and like all other psychoactive drugs, it affects the functioning of the human brain in order to enhance its activity due to its apparent&hellip;&euro;150.00 &ndash; &euro;2,500.00Rozp\u011bt\u00ed cen: &euro;150.00 a\u017e &euro;2,500.00V\u00fdb\u011br mo\u017enost\u00ed  Tento produkt m\u00e1 v\u00edce variant. Mo\u017enosti lze vybrat na str\u00e1nce produktu\" \/>\n<meta property=\"og:url\" content=\"https:\/\/frcs-research.com\/cs\/product\/methedrone\/\" \/>\n<meta property=\"og:site_name\" content=\"wholesale supplier of research chemicals, 4mmc, 3mmc, MDPHP, Alpha PVP and more\" \/>\n<meta property=\"article:modified_time\" content=\"2026-04-22T12:22:39+00:00\" \/>\n<meta name=\"twitter:card\" content=\"summary_large_image\" \/>\n<meta name=\"twitter:label1\" content=\"Dostupnost\" \/>\n\t<meta name=\"twitter:data1\" content=\"Skladem\" \/>\n<script type=\"application\/ld+json\" class=\"yoast-schema-graph\">{\"@context\":\"https:\/\/schema.org\",\"@graph\":[{\"@type\":[\"WebPage\",\"ItemPage\"],\"@id\":\"https:\/\/frcs-research.com\/product\/methedrone\/\",\"url\":\"https:\/\/frcs-research.com\/product\/methedrone\/\",\"name\":\"Methedrone - wholesale supplier of research chemicals, 4mmc, 3mmc, MDPHP, Alpha PVP and more\",\"isPartOf\":{\"@id\":\"https:\/\/frcs-research.com\/#website\"},\"primaryImageOfPage\":{\"@id\":\"https:\/\/frcs-research.com\/product\/methedrone\/#primaryimage\"},\"image\":{\"@id\":\"https:\/\/frcs-research.com\/product\/methedrone\/#primaryimage\"},\"thumbnailUrl\":\"https:\/\/frcs-research.com\/wp-content\/uploads\/2026\/01\/Methedrone.jpg\",\"datePublished\":\"2026-01-29T18:54:26+00:00\",\"dateModified\":\"2026-04-22T12:22:39+00:00\",\"breadcrumb\":{\"@id\":\"https:\/\/frcs-research.com\/product\/methedrone\/#breadcrumb\"},\"inLanguage\":\"cs\",\"potentialAction\":[{\"@type\":\"ReadAction\",\"target\":[\"https:\/\/frcs-research.com\/product\/methedrone\/\"]}]},{\"@type\":\"ImageObject\",\"inLanguage\":\"cs\",\"@id\":\"https:\/\/frcs-research.com\/product\/methedrone\/#primaryimage\",\"url\":\"https:\/\/frcs-research.com\/wp-content\/uploads\/2026\/01\/Methedrone.jpg\",\"contentUrl\":\"https:\/\/frcs-research.com\/wp-content\/uploads\/2026\/01\/Methedrone.jpg\",\"width\":225,\"height\":225},{\"@type\":\"BreadcrumbList\",\"@id\":\"https:\/\/frcs-research.com\/product\/methedrone\/#breadcrumb\",\"itemListElement\":[{\"@type\":\"ListItem\",\"position\":1,\"name\":\"Home\",\"item\":\"https:\/\/frcs-research.com\/\"},{\"@type\":\"ListItem\",\"position\":2,\"name\":\"Shop\",\"item\":\"https:\/\/frcs-research.com\/shop\/\"},{\"@type\":\"ListItem\",\"position\":3,\"name\":\"Methedrone\"}]},{\"@type\":\"WebSite\",\"@id\":\"https:\/\/frcs-research.com\/#website\",\"url\":\"https:\/\/frcs-research.com\/\",\"name\":\"wholesale supplier of research chemicals, 4mmc, 3mmc, MDPHP, Alpha PVP and more\",\"description\":\"Wholesale research chemicals\",\"potentialAction\":[{\"@type\":\"SearchAction\",\"target\":{\"@type\":\"EntryPoint\",\"urlTemplate\":\"https:\/\/frcs-research.com\/?s={search_term_string}\"},\"query-input\":{\"@type\":\"PropertyValueSpecification\",\"valueRequired\":true,\"valueName\":\"search_term_string\"}}],\"inLanguage\":\"cs\"}]}<\/script>\n<meta property=\"og:availability\" content=\"instock\" \/>\n<meta property=\"product:availability\" content=\"instock\" \/>\n<meta property=\"product:condition\" content=\"new\" \/>\n<!-- \/ Yoast SEO plugin. -->","yoast_head_json":{"title":"Methedrone - wholesale supplier of research chemicals, 4mmc, 3mmc, MDPHP, Alpha PVP and more","robots":{"index":"index","follow":"follow","max-snippet":"max-snippet:-1","max-image-preview":"max-image-preview:large","max-video-preview":"max-video-preview:-1"},"canonical":"https:\/\/frcs-research.com\/cs\/product\/methedrone\/","og_locale":"cs_CZ","og_type":"article","og_title":"Methedrone - wholesale supplier of research chemicals, 4mmc, 3mmc, MDPHP, Alpha PVP and more","og_description":"Methedrone Methedrone is a psychoactive drug and like all other psychoactive drugs, it affects the functioning of the human brain in order to enhance its activity due to its apparent&hellip;&euro;150.00 &ndash; &euro;2,500.00Rozp\u011bt\u00ed cen: &euro;150.00 a\u017e &euro;2,500.00V\u00fdb\u011br mo\u017enost\u00ed  Tento produkt m\u00e1 v\u00edce variant. Mo\u017enosti lze vybrat na str\u00e1nce produktu","og_url":"https:\/\/frcs-research.com\/cs\/product\/methedrone\/","og_site_name":"wholesale supplier of research chemicals, 4mmc, 3mmc, MDPHP, Alpha PVP and more","article_modified_time":"2026-04-22T12:22:39+00:00","twitter_card":"summary_large_image","twitter_misc":{"Dostupnost":"Skladem"},"schema":{"@context":"https:\/\/schema.org","@graph":[{"@type":["WebPage","ItemPage"],"@id":"https:\/\/frcs-research.com\/product\/methedrone\/","url":"https:\/\/frcs-research.com\/product\/methedrone\/","name":"Methedrone - wholesale supplier of research chemicals, 4mmc, 3mmc, MDPHP, Alpha PVP and more","isPartOf":{"@id":"https:\/\/frcs-research.com\/#website"},"primaryImageOfPage":{"@id":"https:\/\/frcs-research.com\/product\/methedrone\/#primaryimage"},"image":{"@id":"https:\/\/frcs-research.com\/product\/methedrone\/#primaryimage"},"thumbnailUrl":"https:\/\/frcs-research.com\/wp-content\/uploads\/2026\/01\/Methedrone.jpg","datePublished":"2026-01-29T18:54:26+00:00","dateModified":"2026-04-22T12:22:39+00:00","breadcrumb":{"@id":"https:\/\/frcs-research.com\/product\/methedrone\/#breadcrumb"},"inLanguage":"cs","potentialAction":[{"@type":"ReadAction","target":["https:\/\/frcs-research.com\/product\/methedrone\/"]}]},{"@type":"ImageObject","inLanguage":"cs","@id":"https:\/\/frcs-research.com\/product\/methedrone\/#primaryimage","url":"https:\/\/frcs-research.com\/wp-content\/uploads\/2026\/01\/Methedrone.jpg","contentUrl":"https:\/\/frcs-research.com\/wp-content\/uploads\/2026\/01\/Methedrone.jpg","width":225,"height":225},{"@type":"BreadcrumbList","@id":"https:\/\/frcs-research.com\/product\/methedrone\/#breadcrumb","itemListElement":[{"@type":"ListItem","position":1,"name":"Home","item":"https:\/\/frcs-research.com\/"},{"@type":"ListItem","position":2,"name":"Shop","item":"https:\/\/frcs-research.com\/shop\/"},{"@type":"ListItem","position":3,"name":"Methedrone"}]},{"@type":"WebSite","@id":"https:\/\/frcs-research.com\/#website","url":"https:\/\/frcs-research.com\/","name":"velkoobchodn\u00ed dodavatel v\u00fdzkumn\u00fdch chemik\u00e1li\u00ed, 4mmc, 3mmc, MDPHP, Alpha PVP a dal\u0161\u00ed","description":"Velkoobchodn\u00ed v\u00fdzkum chemik\u00e1li\u00ed","potentialAction":[{"@type":"SearchAction","target":{"@type":"EntryPoint","urlTemplate":"https:\/\/frcs-research.com\/?s={search_term_string}"},"query-input":{"@type":"PropertyValueSpecification","valueRequired":true,"valueName":"search_term_string"}}],"inLanguage":"cs"}]},"og_availability":"instock","product_availability":"instock","product_condition":"new"},"uagb_featured_image_src":{"full":["https:\/\/frcs-research.com\/wp-content\/uploads\/2026\/01\/Methedrone.jpg",225,225,false],"thumbnail":["https:\/\/frcs-research.com\/wp-content\/uploads\/2026\/01\/Methedrone-150x150.jpg",150,150,true],"medium":["https:\/\/frcs-research.com\/wp-content\/uploads\/2026\/01\/Methedrone.jpg",225,225,false],"medium_large":["https:\/\/frcs-research.com\/wp-content\/uploads\/2026\/01\/Methedrone.jpg",225,225,false],"large":["https:\/\/frcs-research.com\/wp-content\/uploads\/2026\/01\/Methedrone.jpg",225,225,false],"1536x1536":["https:\/\/frcs-research.com\/wp-content\/uploads\/2026\/01\/Methedrone.jpg",225,225,false],"2048x2048":["https:\/\/frcs-research.com\/wp-content\/uploads\/2026\/01\/Methedrone.jpg",225,225,false],"trp-custom-language-flag":["https:\/\/frcs-research.com\/wp-content\/uploads\/2026\/01\/Methedrone-12x12.jpg",12,12,true],"post-thumbnail":["https:\/\/frcs-research.com\/wp-content\/uploads\/2026\/01\/Methedrone.jpg",225,225,false],"elite-commerce-slider":["https:\/\/frcs-research.com\/wp-content\/uploads\/2026\/01\/Methedrone.jpg",225,225,false],"elite-commerce-hero":["https:\/\/frcs-research.com\/wp-content\/uploads\/2026\/01\/Methedrone.jpg",225,225,false],"elite-commerce-portfolio":["https:\/\/frcs-research.com\/wp-content\/uploads\/2026\/01\/Methedrone.jpg",225,225,false],"woocommerce_thumbnail":["https:\/\/frcs-research.com\/wp-content\/uploads\/2026\/01\/Methedrone.jpg",225,225,false],"woocommerce_single":["https:\/\/frcs-research.com\/wp-content\/uploads\/2026\/01\/Methedrone.jpg",225,225,false],"woocommerce_gallery_thumbnail":["https:\/\/frcs-research.com\/wp-content\/uploads\/2026\/01\/Methedrone-100x100.jpg",100,100,true]},"uagb_author_info":{"display_name":"Richard Wood","author_link":"https:\/\/frcs-research.com\/cs\/author\/"},"uagb_comment_info":102,"uagb_excerpt":"Methedrone Methedrone is a psychoactive drug and like all other psychoactive drugs, it affects the functioning of the human brain in order to enhance its activity due to its apparent&hellip;&euro;150.00 &ndash; &euro;2,500.00Rozp\u011bt\u00ed cen: &euro;150.00 a\u017e &euro;2,500.00V\u00fdb\u011br mo\u017enost\u00ed Tento produkt m\u00e1 v\u00edce variant. Mo\u017enosti lze vybrat na str\u00e1nce produktu","_links":{"self":[{"href":"https:\/\/frcs-research.com\/cs\/wp-json\/wp\/v2\/product\/1363","targetHints":{"allow":["GET"]}}],"collection":[{"href":"https:\/\/frcs-research.com\/cs\/wp-json\/wp\/v2\/product"}],"about":[{"href":"https:\/\/frcs-research.com\/cs\/wp-json\/wp\/v2\/types\/product"}],"replies":[{"embeddable":true,"href":"https:\/\/frcs-research.com\/cs\/wp-json\/wp\/v2\/comments?post=1363"}],"wp:featuredmedia":[{"embeddable":true,"href":"https:\/\/frcs-research.com\/cs\/wp-json\/wp\/v2\/media\/1380"}],"wp:attachment":[{"href":"https:\/\/frcs-research.com\/cs\/wp-json\/wp\/v2\/media?parent=1363"}],"wp:term":[{"taxonomy":"product_brand","embeddable":true,"href":"https:\/\/frcs-research.com\/cs\/wp-json\/wp\/v2\/product_brand?post=1363"},{"taxonomy":"product_cat","embeddable":true,"href":"https:\/\/frcs-research.com\/cs\/wp-json\/wp\/v2\/product_cat?post=1363"},{"taxonomy":"product_tag","embeddable":true,"href":"https:\/\/frcs-research.com\/cs\/wp-json\/wp\/v2\/product_tag?post=1363"}],"curies":[{"name":"wp","href":"https:\/\/api.w.org\/{rel}","templated":true}]}}