{"id":1389,"date":"2026-01-29T18:54:43","date_gmt":"2026-01-29T18:54:43","guid":{"rendered":"https:\/\/frcs-research.com\/?post_type=product&#038;p=1389"},"modified":"2026-04-20T18:32:30","modified_gmt":"2026-04-20T18:32:30","slug":"mdai","status":"publish","type":"product","link":"https:\/\/frcs-research.com\/cs\/product\/mdai\/","title":{"rendered":"MDAI"},"content":{"rendered":"<h3 style=\"text-align: center\"><strong>MDAI<\/strong><\/h3>\n<p>MDAI is a designer drug with potential physiological and psychoactive effects and has the molecular formula C<sub><small>10<\/small><\/sub>H<sub><small>11<\/small><\/sub>NO<sub><small>2<\/small><\/sub> \u2022 HCl. The formula weight has the value 213.7 g\/mol. This chemical is quite new so the toxicological and physiological properties of it are not known.\u2028 Phenethylamine derivates like 5,6-Methylenedioxy-2-aminoindane might have stimulant and entactogen properties<a href=\"https:\/\/lostfarmediblesshop.com\/shop\/\">.<\/a><\/p>\n<h2>How To Buy MDAI Online?<\/h2>\n<p>We offers you the possibility to get it online without hassles or awkwardness. We work endlessly to make sure you save money every time you order online from our research chemicals <a href=\"https:\/\/researchchemicalshop.com\/shop\/\">shop<\/a>. Our goal is to make our clients pay less and get more.<\/p>\n<h2>Product Information<\/h2>\n<table class=\"shop_attributes\" width=\"896\">\n<tbody>\n<tr>\n<th>Synonyms<\/th>\n<td>5,6-Methylenedioxy-2-aminoindane<\/td>\n<\/tr>\n<tr>\n<th>IUPAC<\/th>\n<td>6,\u200b7-\u200bdihydro-\u200b5H-\u200bindeno[5,\u200b6-\u200bd]-\u200b1,\u200b3-\u200bdioxol-\u200b6-\u200bamine,\u200b monohydrochloride<\/td>\n<\/tr>\n<tr>\n<th>Formula<\/th>\n<td>10H11NO2 \u2022 HCl<\/td>\n<\/tr>\n<tr>\n<th>Molecular weight<\/th>\n<td>213.7 g\/mol<\/td>\n<\/tr>\n<tr>\n<th>CAS<\/th>\n<td>155344-90-4<\/td>\n<\/tr>\n<tr>\n<th>Appearance<\/th>\n<td>A crystalline solid<\/td>\n<\/tr>\n<tr>\n<th>Purity<\/th>\n<td>\u226598%<\/td>\n<\/tr>\n<\/tbody>\n<\/table>\n","protected":false},"excerpt":{"rendered":"<p>MDAI MDAI is a designer drug with potential physiological and psychoactive effects and has the molecular formula C10H11NO2 \u2022 HCl. The formula weight has the value 213.7 g\/mol. This chemical&hellip;<\/p>\n<p class=\"product woocommerce add_to_cart_inline\" style=\"border:4px solid #ccc; padding: 12px;\"><span class=\"woocommerce-Price-amount amount\" aria-hidden=\"true\"><bdi><span class=\"woocommerce-Price-currencySymbol\">&euro;<\/span>150.00<\/bdi><\/span> <span aria-hidden=\"true\">&ndash;<\/span> <span class=\"woocommerce-Price-amount amount\" aria-hidden=\"true\"><bdi><span class=\"woocommerce-Price-currencySymbol\">&euro;<\/span>2,500.00<\/bdi><\/span><span class=\"screen-reader-text\" data-no-translation=\"\" data-trp-gettext=\"\">Rozp\u011bt\u00ed cen: &euro;150.00 a\u017e &euro;2,500.00<\/span><a href=\"https:\/\/frcs-research.com\/cs\/product\/mdai\/\" aria-describedby=\"woocommerce_loop_add_to_cart_link_describedby_1389\" data-quantity=\"1\" class=\"button product_type_variable add_to_cart_button\" data-product_id=\"1389\" data-product_sku=\"\" aria-label=\"Vyberte nastaven\u00ed pro \u201eMDAI\u201c\" rel=\"nofollow\" data-no-translation=\"\" data-trp-gettext=\"\" data-no-translation-aria-label=\"\">V\u00fdb\u011br mo\u017enost\u00ed<\/a>\t<span id=\"woocommerce_loop_add_to_cart_link_describedby_1389\" class=\"screen-reader-text\"><br \/>\n\t\tTento produkt m\u00e1 v\u00edce variant. Mo\u017enosti lze vybrat na str\u00e1nce produktu\t<\/span><\/p>","protected":false},"featured_media":1413,"comment_status":"closed","ping_status":"closed","template":"","meta":{"_uag_custom_page_level_css":""},"product_brand":[],"product_cat":[25],"product_tag":[397,400,401,402,403,404,405,406,940,421,941,942,943,944,945,946,947,948,949,950,951,952,953,954,955,956,957,958,422,424,425,426,427,428,429,430,431,432,433,434,435,436,437,438,439,440,441,442,443,444,445,446,959,447,449,450,451,452,453,456],"class_list":{"0":"post-1389","1":"product","2":"type-product","3":"status-publish","4":"has-post-thumbnail","6":"product_cat-synthetic-cannabinoids","7":"product_tag-2c-research-chemical","8":"product_tag-buy-research-chemical","9":"product_tag-buy-research-chemicals","10":"product_tag-buy-research-chemicals-online","11":"product_tag-cabergoline-research-chemical","12":"product_tag-canadian-research-chemicals","13":"product_tag-domestic-research-chemicals","14":"product_tag-enclomiphene-research-chemical","15":"product_tag-is-mdai-a-good-stock-to-buy","16":"product_tag-legal-research-chemicals","17":"product_tag-mdai","18":"product_tag-mdai-coin","19":"product_tag-mdai-crypto","20":"product_tag-mdai-earnings","21":"product_tag-mdai-news","22":"product_tag-mdai-research-chemical","23":"product_tag-mdai-short-interest","24":"product_tag-mdai-stock","25":"product_tag-mdai-stock-forecast","26":"product_tag-mdai-stock-news","27":"product_tag-mdai-stock-prediction-2025","28":"product_tag-mdai-stock-price","29":"product_tag-mdai-stock-price-target","30":"product_tag-mdai-stock-stocktwits","31":"product_tag-mdai-stocktwits","32":"product_tag-mdai-ticker","33":"product_tag-mdai-token","34":"product_tag-nasdaq-mdai","35":"product_tag-opioid-research-chemicals","36":"product_tag-order-research-chemicals","37":"product_tag-quality-research-chemicals","38":"product_tag-reddit-research-chemicals","39":"product_tag-research-chemical","40":"product_tag-research-chemical-drugs","41":"product_tag-research-chemical-forum","42":"product_tag-research-chemical-opiates","43":"product_tag-research-chemical-reddit","44":"product_tag-research-chemical-shop","45":"product_tag-research-chemical-sources","46":"product_tag-research-chemical-store","47":"product_tag-research-chemical-supply","48":"product_tag-research-chemical-vendor-usa","49":"product_tag-research-chemical-vendors","50":"product_tag-research-chemical-vendors-reddit","51":"product_tag-research-chemicals","52":"product_tag-research-chemicals-for-sale","53":"product_tag-research-chemicals-kopen","54":"product_tag-research-chemicals-online","55":"product_tag-research-chemicals-reddit","56":"product_tag-research-chemicals-sale","57":"product_tag-research-chemicals-store","58":"product_tag-semaglutide-research-chemical","59":"product_tag-stocktwits-mdai","60":"product_tag-sunnyside-research-chemicals","61":"product_tag-tadalafil-research-chemical","62":"product_tag-tirzepatide-research-chemical","63":"product_tag-tirzepatide-research-chemical-for-sale","64":"product_tag-toronto-research-chemicals","65":"product_tag-what-are-research-chemicals","66":"product_tag-where-to-buy-research-chemicals","68":"first","69":"instock","70":"shipping-taxable","71":"purchasable","72":"product-type-variable"},"yoast_head":"<!-- This site is optimized with the Yoast SEO plugin v27.1.1 - https:\/\/yoast.com\/product\/yoast-seo-wordpress\/ -->\n<title>MDAI - wholesale supplier of research chemicals, 4mmc, 3mmc, MDPHP, Alpha PVP and more<\/title>\n<meta name=\"robots\" content=\"index, follow, max-snippet:-1, max-image-preview:large, max-video-preview:-1\" \/>\n<link rel=\"canonical\" href=\"https:\/\/frcs-research.com\/cs\/product\/mdai\/\" \/>\n<meta property=\"og:locale\" content=\"cs_CZ\" \/>\n<meta property=\"og:type\" content=\"article\" \/>\n<meta property=\"og:title\" content=\"MDAI - wholesale supplier of research chemicals, 4mmc, 3mmc, MDPHP, Alpha PVP and more\" \/>\n<meta property=\"og:description\" content=\"MDAI MDAI is a designer drug with potential physiological and psychoactive effects and has the molecular formula C10H11NO2 \u2022 HCl. The formula weight has the value 213.7 g\/mol. This chemical&hellip;&euro;150.00 &ndash; &euro;2,500.00Rozp\u011bt\u00ed cen: &euro;150.00 a\u017e &euro;2,500.00V\u00fdb\u011br mo\u017enost\u00ed  Tento produkt m\u00e1 v\u00edce variant. Mo\u017enosti lze vybrat na str\u00e1nce produktu\" \/>\n<meta property=\"og:url\" content=\"https:\/\/frcs-research.com\/cs\/product\/mdai\/\" \/>\n<meta property=\"og:site_name\" content=\"wholesale supplier of research chemicals, 4mmc, 3mmc, MDPHP, Alpha PVP and more\" \/>\n<meta property=\"article:modified_time\" content=\"2026-04-20T18:32:30+00:00\" \/>\n<meta name=\"twitter:card\" content=\"summary_large_image\" \/>\n<meta name=\"twitter:label1\" content=\"Dostupnost\" \/>\n\t<meta name=\"twitter:data1\" content=\"Skladem\" \/>\n<script type=\"application\/ld+json\" class=\"yoast-schema-graph\">{\"@context\":\"https:\/\/schema.org\",\"@graph\":[{\"@type\":[\"WebPage\",\"ItemPage\"],\"@id\":\"https:\/\/frcs-research.com\/product\/mdai\/\",\"url\":\"https:\/\/frcs-research.com\/product\/mdai\/\",\"name\":\"MDAI - wholesale supplier of research chemicals, 4mmc, 3mmc, MDPHP, Alpha PVP and more\",\"isPartOf\":{\"@id\":\"https:\/\/frcs-research.com\/#website\"},\"primaryImageOfPage\":{\"@id\":\"https:\/\/frcs-research.com\/product\/mdai\/#primaryimage\"},\"image\":{\"@id\":\"https:\/\/frcs-research.com\/product\/mdai\/#primaryimage\"},\"thumbnailUrl\":\"https:\/\/frcs-research.com\/wp-content\/uploads\/2026\/01\/MDAI.jpg\",\"datePublished\":\"2026-01-29T18:54:43+00:00\",\"dateModified\":\"2026-04-20T18:32:30+00:00\",\"breadcrumb\":{\"@id\":\"https:\/\/frcs-research.com\/product\/mdai\/#breadcrumb\"},\"inLanguage\":\"cs\",\"potentialAction\":[{\"@type\":\"ReadAction\",\"target\":[\"https:\/\/frcs-research.com\/product\/mdai\/\"]}]},{\"@type\":\"ImageObject\",\"inLanguage\":\"cs\",\"@id\":\"https:\/\/frcs-research.com\/product\/mdai\/#primaryimage\",\"url\":\"https:\/\/frcs-research.com\/wp-content\/uploads\/2026\/01\/MDAI.jpg\",\"contentUrl\":\"https:\/\/frcs-research.com\/wp-content\/uploads\/2026\/01\/MDAI.jpg\",\"width\":267,\"height\":363},{\"@type\":\"BreadcrumbList\",\"@id\":\"https:\/\/frcs-research.com\/product\/mdai\/#breadcrumb\",\"itemListElement\":[{\"@type\":\"ListItem\",\"position\":1,\"name\":\"Home\",\"item\":\"https:\/\/frcs-research.com\/\"},{\"@type\":\"ListItem\",\"position\":2,\"name\":\"Shop\",\"item\":\"https:\/\/frcs-research.com\/shop\/\"},{\"@type\":\"ListItem\",\"position\":3,\"name\":\"MDAI\"}]},{\"@type\":\"WebSite\",\"@id\":\"https:\/\/frcs-research.com\/#website\",\"url\":\"https:\/\/frcs-research.com\/\",\"name\":\"wholesale supplier of research chemicals, 4mmc, 3mmc, MDPHP, Alpha PVP and more\",\"description\":\"Wholesale research chemicals\",\"potentialAction\":[{\"@type\":\"SearchAction\",\"target\":{\"@type\":\"EntryPoint\",\"urlTemplate\":\"https:\/\/frcs-research.com\/?s={search_term_string}\"},\"query-input\":{\"@type\":\"PropertyValueSpecification\",\"valueRequired\":true,\"valueName\":\"search_term_string\"}}],\"inLanguage\":\"cs\"}]}<\/script>\n<meta property=\"og:availability\" content=\"instock\" \/>\n<meta property=\"product:availability\" content=\"instock\" \/>\n<meta property=\"product:condition\" content=\"new\" \/>\n<!-- \/ Yoast SEO plugin. -->","yoast_head_json":{"title":"MDAI - wholesale supplier of research chemicals, 4mmc, 3mmc, MDPHP, Alpha PVP and more","robots":{"index":"index","follow":"follow","max-snippet":"max-snippet:-1","max-image-preview":"max-image-preview:large","max-video-preview":"max-video-preview:-1"},"canonical":"https:\/\/frcs-research.com\/cs\/product\/mdai\/","og_locale":"cs_CZ","og_type":"article","og_title":"MDAI - wholesale supplier of research chemicals, 4mmc, 3mmc, MDPHP, Alpha PVP and more","og_description":"MDAI MDAI is a designer drug with potential physiological and psychoactive effects and has the molecular formula C10H11NO2 \u2022 HCl. The formula weight has the value 213.7 g\/mol. This chemical&hellip;&euro;150.00 &ndash; &euro;2,500.00Rozp\u011bt\u00ed cen: &euro;150.00 a\u017e &euro;2,500.00V\u00fdb\u011br mo\u017enost\u00ed  Tento produkt m\u00e1 v\u00edce variant. Mo\u017enosti lze vybrat na str\u00e1nce produktu","og_url":"https:\/\/frcs-research.com\/cs\/product\/mdai\/","og_site_name":"wholesale supplier of research chemicals, 4mmc, 3mmc, MDPHP, Alpha PVP and more","article_modified_time":"2026-04-20T18:32:30+00:00","twitter_card":"summary_large_image","twitter_misc":{"Dostupnost":"Skladem"},"schema":{"@context":"https:\/\/schema.org","@graph":[{"@type":["WebPage","ItemPage"],"@id":"https:\/\/frcs-research.com\/product\/mdai\/","url":"https:\/\/frcs-research.com\/product\/mdai\/","name":"MDAI - wholesale supplier of research chemicals, 4mmc, 3mmc, MDPHP, Alpha PVP and more","isPartOf":{"@id":"https:\/\/frcs-research.com\/#website"},"primaryImageOfPage":{"@id":"https:\/\/frcs-research.com\/product\/mdai\/#primaryimage"},"image":{"@id":"https:\/\/frcs-research.com\/product\/mdai\/#primaryimage"},"thumbnailUrl":"https:\/\/frcs-research.com\/wp-content\/uploads\/2026\/01\/MDAI.jpg","datePublished":"2026-01-29T18:54:43+00:00","dateModified":"2026-04-20T18:32:30+00:00","breadcrumb":{"@id":"https:\/\/frcs-research.com\/product\/mdai\/#breadcrumb"},"inLanguage":"cs","potentialAction":[{"@type":"ReadAction","target":["https:\/\/frcs-research.com\/product\/mdai\/"]}]},{"@type":"ImageObject","inLanguage":"cs","@id":"https:\/\/frcs-research.com\/product\/mdai\/#primaryimage","url":"https:\/\/frcs-research.com\/wp-content\/uploads\/2026\/01\/MDAI.jpg","contentUrl":"https:\/\/frcs-research.com\/wp-content\/uploads\/2026\/01\/MDAI.jpg","width":267,"height":363},{"@type":"BreadcrumbList","@id":"https:\/\/frcs-research.com\/product\/mdai\/#breadcrumb","itemListElement":[{"@type":"ListItem","position":1,"name":"Home","item":"https:\/\/frcs-research.com\/"},{"@type":"ListItem","position":2,"name":"Shop","item":"https:\/\/frcs-research.com\/shop\/"},{"@type":"ListItem","position":3,"name":"MDAI"}]},{"@type":"WebSite","@id":"https:\/\/frcs-research.com\/#website","url":"https:\/\/frcs-research.com\/","name":"velkoobchodn\u00ed dodavatel v\u00fdzkumn\u00fdch chemik\u00e1li\u00ed, 4mmc, 3mmc, MDPHP, Alpha PVP a dal\u0161\u00ed","description":"Velkoobchodn\u00ed v\u00fdzkum chemik\u00e1li\u00ed","potentialAction":[{"@type":"SearchAction","target":{"@type":"EntryPoint","urlTemplate":"https:\/\/frcs-research.com\/?s={search_term_string}"},"query-input":{"@type":"PropertyValueSpecification","valueRequired":true,"valueName":"search_term_string"}}],"inLanguage":"cs"}]},"og_availability":"instock","product_availability":"instock","product_condition":"new"},"uagb_featured_image_src":{"full":["https:\/\/frcs-research.com\/wp-content\/uploads\/2026\/01\/MDAI.jpg",267,363,false],"thumbnail":["https:\/\/frcs-research.com\/wp-content\/uploads\/2026\/01\/MDAI-150x150.jpg",150,150,true],"medium":["https:\/\/frcs-research.com\/wp-content\/uploads\/2026\/01\/MDAI-221x300.jpg",221,300,true],"medium_large":["https:\/\/frcs-research.com\/wp-content\/uploads\/2026\/01\/MDAI.jpg",267,363,false],"large":["https:\/\/frcs-research.com\/wp-content\/uploads\/2026\/01\/MDAI.jpg",267,363,false],"1536x1536":["https:\/\/frcs-research.com\/wp-content\/uploads\/2026\/01\/MDAI.jpg",267,363,false],"2048x2048":["https:\/\/frcs-research.com\/wp-content\/uploads\/2026\/01\/MDAI.jpg",267,363,false],"trp-custom-language-flag":["https:\/\/frcs-research.com\/wp-content\/uploads\/2026\/01\/MDAI-9x12.jpg",9,12,true],"post-thumbnail":["https:\/\/frcs-research.com\/wp-content\/uploads\/2026\/01\/MDAI.jpg",267,363,false],"elite-commerce-slider":["https:\/\/frcs-research.com\/wp-content\/uploads\/2026\/01\/MDAI.jpg",267,363,false],"elite-commerce-hero":["https:\/\/frcs-research.com\/wp-content\/uploads\/2026\/01\/MDAI.jpg",267,363,false],"elite-commerce-portfolio":["https:\/\/frcs-research.com\/wp-content\/uploads\/2026\/01\/MDAI.jpg",267,363,false],"woocommerce_thumbnail":["https:\/\/frcs-research.com\/wp-content\/uploads\/2026\/01\/MDAI-267x300.jpg",267,300,true],"woocommerce_single":["https:\/\/frcs-research.com\/wp-content\/uploads\/2026\/01\/MDAI.jpg",267,363,false],"woocommerce_gallery_thumbnail":["https:\/\/frcs-research.com\/wp-content\/uploads\/2026\/01\/MDAI-100x100.jpg",100,100,true]},"uagb_author_info":{"display_name":"Richard Wood","author_link":"https:\/\/frcs-research.com\/cs\/author\/"},"uagb_comment_info":98,"uagb_excerpt":"MDAI MDAI is a designer drug with potential physiological and psychoactive effects and has the molecular formula C10H11NO2 \u2022 HCl. The formula weight has the value 213.7 g\/mol. This chemical&hellip;&euro;150.00 &ndash; &euro;2,500.00Rozp\u011bt\u00ed cen: &euro;150.00 a\u017e &euro;2,500.00V\u00fdb\u011br mo\u017enost\u00ed Tento produkt m\u00e1 v\u00edce variant. Mo\u017enosti lze vybrat na str\u00e1nce produktu","_links":{"self":[{"href":"https:\/\/frcs-research.com\/cs\/wp-json\/wp\/v2\/product\/1389","targetHints":{"allow":["GET"]}}],"collection":[{"href":"https:\/\/frcs-research.com\/cs\/wp-json\/wp\/v2\/product"}],"about":[{"href":"https:\/\/frcs-research.com\/cs\/wp-json\/wp\/v2\/types\/product"}],"replies":[{"embeddable":true,"href":"https:\/\/frcs-research.com\/cs\/wp-json\/wp\/v2\/comments?post=1389"}],"wp:featuredmedia":[{"embeddable":true,"href":"https:\/\/frcs-research.com\/cs\/wp-json\/wp\/v2\/media\/1413"}],"wp:attachment":[{"href":"https:\/\/frcs-research.com\/cs\/wp-json\/wp\/v2\/media?parent=1389"}],"wp:term":[{"taxonomy":"product_brand","embeddable":true,"href":"https:\/\/frcs-research.com\/cs\/wp-json\/wp\/v2\/product_brand?post=1389"},{"taxonomy":"product_cat","embeddable":true,"href":"https:\/\/frcs-research.com\/cs\/wp-json\/wp\/v2\/product_cat?post=1389"},{"taxonomy":"product_tag","embeddable":true,"href":"https:\/\/frcs-research.com\/cs\/wp-json\/wp\/v2\/product_tag?post=1389"}],"curies":[{"name":"wp","href":"https:\/\/api.w.org\/{rel}","templated":true}]}}