{"id":1435,"date":"2026-01-29T18:54:56","date_gmt":"2026-01-29T18:54:56","guid":{"rendered":"https:\/\/frcs-research.com\/?post_type=product&#038;p=1435"},"modified":"2026-04-05T00:32:29","modified_gmt":"2026-04-05T00:32:29","slug":"ethylone","status":"publish","type":"product","link":"https:\/\/frcs-research.com\/cs\/product\/ethylone\/","title":{"rendered":"Ethylone"},"content":{"rendered":"<h3 style=\"text-align: center\"><strong>Ethylone<\/strong><\/h3>\n<p>Ethylone is also called MDEC or bk-MDEA belongs entactogen, stimulant, amphetamine, and psychedelic of the phenethylamine, and cathinone chemical classes. We have two forms of it, one is white crystal,the other one is white powder one. They are both pure, over 99.6%. The dosage ranges from 100 up to 200 mg, beginners had better not exceed 120 mg. In order to avoid nausea and vomiting, it should be taken on an empty stomach<a href=\"https:\/\/frydcartsdisposableshop.com\/shop\/\">.<\/a><\/p>\n<p>It began to be found from 2011, so less human use report. Usually,ethylone counts to be less potent than its relative methylone. Regular it is often taken orally, insufflating is possible but not recommended. The dosage can be measured similar like MDMA, this means 1 mg\/kg is a lower dosage and 1,5 mg\/kg is a medium dosage.<\/p>\n<p>We offers you the possibility to get it online without hassles or awkwardness. We work endlessly to make sure you save money every time you order online from our research chemicals <a href=\"https:\/\/researchchemicalshop.com\/shop\/\">nakupovat<\/a>. Our goal is to make our clients pay less and get more.<\/p>","protected":false},"excerpt":{"rendered":"<p>Ethylone Ethylone is also called MDEC or bk-MDEA belongs entactogen, stimulant, amphetamine, and psychedelic of the phenethylamine, and cathinone chemical classes. We have two forms of it, one is white&hellip;<\/p>\n<p class=\"product woocommerce add_to_cart_inline\" style=\"border:4px solid #ccc; padding: 12px;\"><span class=\"woocommerce-Price-amount amount\" aria-hidden=\"true\"><bdi><span class=\"woocommerce-Price-currencySymbol\">&euro;<\/span>150.00<\/bdi><\/span> <span aria-hidden=\"true\">&ndash;<\/span> <span class=\"woocommerce-Price-amount amount\" aria-hidden=\"true\"><bdi><span class=\"woocommerce-Price-currencySymbol\">&euro;<\/span>2,500.00<\/bdi><\/span><span class=\"screen-reader-text\" data-no-translation=\"\" data-trp-gettext=\"\">Rozp\u011bt\u00ed cen: &euro;150.00 a\u017e &euro;2,500.00<\/span><a href=\"https:\/\/frcs-research.com\/cs\/product\/ethylone\/\" aria-describedby=\"woocommerce_loop_add_to_cart_link_describedby_1435\" data-quantity=\"1\" class=\"button product_type_variable add_to_cart_button\" data-product_id=\"1435\" data-product_sku=\"\" aria-label=\"Vyberte nastaven\u00ed pro \u201eEthylone\u201c\" rel=\"nofollow\" data-no-translation=\"\" data-trp-gettext=\"\" data-no-translation-aria-label=\"\">V\u00fdb\u011br mo\u017enost\u00ed<\/a>\t<span id=\"woocommerce_loop_add_to_cart_link_describedby_1435\" class=\"screen-reader-text\"><br \/>\n\t\tTento produkt m\u00e1 v\u00edce variant. Mo\u017enosti lze vybrat na str\u00e1nce produktu\t<\/span><\/p>","protected":false},"featured_media":1449,"comment_status":"closed","ping_status":"closed","template":"","meta":{"_uag_custom_page_level_css":""},"product_brand":[],"product_cat":[25],"product_tag":[397,1015,1016,1017,400,401,402,403,404,405,406,1018,1019,1020,1021,1022,1023,1024,1025,1026,1027,1028,1029,1030,1031,421,1032,422,424,425,426,427,428,429,430,431,432,433,434,435,436,437,438,439,440,441,442,443,444,445,446,447,449,450,451,452,453,1033,456],"class_list":{"0":"post-1435","1":"product","2":"type-product","3":"status-publish","4":"has-post-thumbnail","6":"product_cat-synthetic-cannabinoids","7":"product_tag-2c-research-chemical","8":"product_tag-5-methyl-ethylone-erowid","9":"product_tag-5-methyl-ethylone-dosage","10":"product_tag-buy-ethylone","11":"product_tag-buy-research-chemical","12":"product_tag-buy-research-chemicals","13":"product_tag-buy-research-chemicals-online","14":"product_tag-cabergoline-research-chemical","15":"product_tag-canadian-research-chemicals","16":"product_tag-domestic-research-chemicals","17":"product_tag-enclomiphene-research-chemical","18":"product_tag-ethylone","19":"product_tag-ethylone-crystal","20":"product_tag-ethylone-dosage","21":"product_tag-ethylone-drug","22":"product_tag-ethylone-experience-report","23":"product_tag-ethylone-for-sale","24":"product_tag-ethylone-meaning","25":"product_tag-ethylone-side-effects","26":"product_tag-ethylone-street-name","27":"product_tag-ethylone-structure","28":"product_tag-ethylone-synthesis","29":"product_tag-ethylone-withdrawel","30":"product_tag-is-ethylone-illegal","31":"product_tag-is-ethylone-illegal-in-the-us","32":"product_tag-legal-research-chemicals","33":"product_tag-methyl-ethylone","34":"product_tag-opioid-research-chemicals","35":"product_tag-order-research-chemicals","36":"product_tag-quality-research-chemicals","37":"product_tag-reddit-research-chemicals","38":"product_tag-research-chemical","39":"product_tag-research-chemical-drugs","40":"product_tag-research-chemical-forum","41":"product_tag-research-chemical-opiates","42":"product_tag-research-chemical-reddit","43":"product_tag-research-chemical-shop","44":"product_tag-research-chemical-sources","45":"product_tag-research-chemical-store","46":"product_tag-research-chemical-supply","47":"product_tag-research-chemical-vendor-usa","48":"product_tag-research-chemical-vendors","49":"product_tag-research-chemical-vendors-reddit","50":"product_tag-research-chemicals","51":"product_tag-research-chemicals-for-sale","52":"product_tag-research-chemicals-kopen","53":"product_tag-research-chemicals-online","54":"product_tag-research-chemicals-reddit","55":"product_tag-research-chemicals-sale","56":"product_tag-research-chemicals-store","57":"product_tag-semaglutide-research-chemical","58":"product_tag-sunnyside-research-chemicals","59":"product_tag-tadalafil-research-chemical","60":"product_tag-tirzepatide-research-chemical","61":"product_tag-tirzepatide-research-chemical-for-sale","62":"product_tag-toronto-research-chemicals","63":"product_tag-what-are-research-chemicals","64":"product_tag-what-is-ethylone","65":"product_tag-where-to-buy-research-chemicals","67":"first","68":"instock","69":"shipping-taxable","70":"purchasable","71":"product-type-variable"},"yoast_head":"<!-- This site is optimized with the Yoast SEO plugin v27.1.1 - https:\/\/yoast.com\/product\/yoast-seo-wordpress\/ -->\n<title>Ethylone - wholesale supplier of research chemicals, 4mmc, 3mmc, MDPHP, Alpha PVP and more<\/title>\n<meta name=\"robots\" content=\"index, follow, max-snippet:-1, max-image-preview:large, max-video-preview:-1\" \/>\n<link rel=\"canonical\" href=\"https:\/\/frcs-research.com\/cs\/product\/ethylone\/\" \/>\n<meta property=\"og:locale\" content=\"cs_CZ\" \/>\n<meta property=\"og:type\" content=\"article\" \/>\n<meta property=\"og:title\" content=\"Ethylone - wholesale supplier of research chemicals, 4mmc, 3mmc, MDPHP, Alpha PVP and more\" \/>\n<meta property=\"og:description\" content=\"Ethylone Ethylone is also called MDEC or bk-MDEA belongs entactogen, stimulant, amphetamine, and psychedelic of the phenethylamine, and cathinone chemical classes. We have two forms of it, one is white&hellip;&euro;150.00 &ndash; &euro;2,500.00Rozp\u011bt\u00ed cen: &euro;150.00 a\u017e &euro;2,500.00V\u00fdb\u011br mo\u017enost\u00ed  Tento produkt m\u00e1 v\u00edce variant. Mo\u017enosti lze vybrat na str\u00e1nce produktu\" \/>\n<meta property=\"og:url\" content=\"https:\/\/frcs-research.com\/cs\/product\/ethylone\/\" \/>\n<meta property=\"og:site_name\" content=\"wholesale supplier of research chemicals, 4mmc, 3mmc, MDPHP, Alpha PVP and more\" \/>\n<meta property=\"article:modified_time\" content=\"2026-04-05T00:32:29+00:00\" \/>\n<meta name=\"twitter:card\" content=\"summary_large_image\" \/>\n<meta name=\"twitter:label1\" content=\"Dostupnost\" \/>\n\t<meta name=\"twitter:data1\" content=\"Skladem\" \/>\n<script type=\"application\/ld+json\" class=\"yoast-schema-graph\">{\"@context\":\"https:\/\/schema.org\",\"@graph\":[{\"@type\":[\"WebPage\",\"ItemPage\"],\"@id\":\"https:\/\/frcs-research.com\/product\/ethylone\/\",\"url\":\"https:\/\/frcs-research.com\/product\/ethylone\/\",\"name\":\"Ethylone - wholesale supplier of research chemicals, 4mmc, 3mmc, MDPHP, Alpha PVP and more\",\"isPartOf\":{\"@id\":\"https:\/\/frcs-research.com\/#website\"},\"primaryImageOfPage\":{\"@id\":\"https:\/\/frcs-research.com\/product\/ethylone\/#primaryimage\"},\"image\":{\"@id\":\"https:\/\/frcs-research.com\/product\/ethylone\/#primaryimage\"},\"thumbnailUrl\":\"https:\/\/frcs-research.com\/wp-content\/uploads\/2026\/01\/Ethylone.png\",\"datePublished\":\"2026-01-29T18:54:56+00:00\",\"dateModified\":\"2026-04-05T00:32:29+00:00\",\"breadcrumb\":{\"@id\":\"https:\/\/frcs-research.com\/product\/ethylone\/#breadcrumb\"},\"inLanguage\":\"cs\",\"potentialAction\":[{\"@type\":\"ReadAction\",\"target\":[\"https:\/\/frcs-research.com\/product\/ethylone\/\"]}]},{\"@type\":\"ImageObject\",\"inLanguage\":\"cs\",\"@id\":\"https:\/\/frcs-research.com\/product\/ethylone\/#primaryimage\",\"url\":\"https:\/\/frcs-research.com\/wp-content\/uploads\/2026\/01\/Ethylone.png\",\"contentUrl\":\"https:\/\/frcs-research.com\/wp-content\/uploads\/2026\/01\/Ethylone.png\",\"width\":768,\"height\":768},{\"@type\":\"BreadcrumbList\",\"@id\":\"https:\/\/frcs-research.com\/product\/ethylone\/#breadcrumb\",\"itemListElement\":[{\"@type\":\"ListItem\",\"position\":1,\"name\":\"Home\",\"item\":\"https:\/\/frcs-research.com\/\"},{\"@type\":\"ListItem\",\"position\":2,\"name\":\"Shop\",\"item\":\"https:\/\/frcs-research.com\/shop\/\"},{\"@type\":\"ListItem\",\"position\":3,\"name\":\"Ethylone\"}]},{\"@type\":\"WebSite\",\"@id\":\"https:\/\/frcs-research.com\/#website\",\"url\":\"https:\/\/frcs-research.com\/\",\"name\":\"wholesale supplier of research chemicals, 4mmc, 3mmc, MDPHP, Alpha PVP and more\",\"description\":\"Wholesale research chemicals\",\"potentialAction\":[{\"@type\":\"SearchAction\",\"target\":{\"@type\":\"EntryPoint\",\"urlTemplate\":\"https:\/\/frcs-research.com\/?s={search_term_string}\"},\"query-input\":{\"@type\":\"PropertyValueSpecification\",\"valueRequired\":true,\"valueName\":\"search_term_string\"}}],\"inLanguage\":\"cs\"}]}<\/script>\n<meta property=\"og:availability\" content=\"instock\" \/>\n<meta property=\"product:availability\" content=\"instock\" \/>\n<meta property=\"product:condition\" content=\"new\" \/>\n<!-- \/ Yoast SEO plugin. -->","yoast_head_json":{"title":"Ethylone - wholesale supplier of research chemicals, 4mmc, 3mmc, MDPHP, Alpha PVP and more","robots":{"index":"index","follow":"follow","max-snippet":"max-snippet:-1","max-image-preview":"max-image-preview:large","max-video-preview":"max-video-preview:-1"},"canonical":"https:\/\/frcs-research.com\/cs\/product\/ethylone\/","og_locale":"cs_CZ","og_type":"article","og_title":"Ethylone - wholesale supplier of research chemicals, 4mmc, 3mmc, MDPHP, Alpha PVP and more","og_description":"Ethylone Ethylone is also called MDEC or bk-MDEA belongs entactogen, stimulant, amphetamine, and psychedelic of the phenethylamine, and cathinone chemical classes. We have two forms of it, one is white&hellip;&euro;150.00 &ndash; &euro;2,500.00Rozp\u011bt\u00ed cen: &euro;150.00 a\u017e &euro;2,500.00V\u00fdb\u011br mo\u017enost\u00ed  Tento produkt m\u00e1 v\u00edce variant. Mo\u017enosti lze vybrat na str\u00e1nce produktu","og_url":"https:\/\/frcs-research.com\/cs\/product\/ethylone\/","og_site_name":"wholesale supplier of research chemicals, 4mmc, 3mmc, MDPHP, Alpha PVP and more","article_modified_time":"2026-04-05T00:32:29+00:00","twitter_card":"summary_large_image","twitter_misc":{"Dostupnost":"Skladem"},"schema":{"@context":"https:\/\/schema.org","@graph":[{"@type":["WebPage","ItemPage"],"@id":"https:\/\/frcs-research.com\/product\/ethylone\/","url":"https:\/\/frcs-research.com\/product\/ethylone\/","name":"Ethylone - wholesale supplier of research chemicals, 4mmc, 3mmc, MDPHP, Alpha PVP and more","isPartOf":{"@id":"https:\/\/frcs-research.com\/#website"},"primaryImageOfPage":{"@id":"https:\/\/frcs-research.com\/product\/ethylone\/#primaryimage"},"image":{"@id":"https:\/\/frcs-research.com\/product\/ethylone\/#primaryimage"},"thumbnailUrl":"https:\/\/frcs-research.com\/wp-content\/uploads\/2026\/01\/Ethylone.png","datePublished":"2026-01-29T18:54:56+00:00","dateModified":"2026-04-05T00:32:29+00:00","breadcrumb":{"@id":"https:\/\/frcs-research.com\/product\/ethylone\/#breadcrumb"},"inLanguage":"cs","potentialAction":[{"@type":"ReadAction","target":["https:\/\/frcs-research.com\/product\/ethylone\/"]}]},{"@type":"ImageObject","inLanguage":"cs","@id":"https:\/\/frcs-research.com\/product\/ethylone\/#primaryimage","url":"https:\/\/frcs-research.com\/wp-content\/uploads\/2026\/01\/Ethylone.png","contentUrl":"https:\/\/frcs-research.com\/wp-content\/uploads\/2026\/01\/Ethylone.png","width":768,"height":768},{"@type":"BreadcrumbList","@id":"https:\/\/frcs-research.com\/product\/ethylone\/#breadcrumb","itemListElement":[{"@type":"ListItem","position":1,"name":"Home","item":"https:\/\/frcs-research.com\/"},{"@type":"ListItem","position":2,"name":"Shop","item":"https:\/\/frcs-research.com\/shop\/"},{"@type":"ListItem","position":3,"name":"Ethylone"}]},{"@type":"WebSite","@id":"https:\/\/frcs-research.com\/#website","url":"https:\/\/frcs-research.com\/","name":"velkoobchodn\u00ed dodavatel v\u00fdzkumn\u00fdch chemik\u00e1li\u00ed, 4mmc, 3mmc, MDPHP, Alpha PVP a dal\u0161\u00ed","description":"Velkoobchodn\u00ed v\u00fdzkum chemik\u00e1li\u00ed","potentialAction":[{"@type":"SearchAction","target":{"@type":"EntryPoint","urlTemplate":"https:\/\/frcs-research.com\/?s={search_term_string}"},"query-input":{"@type":"PropertyValueSpecification","valueRequired":true,"valueName":"search_term_string"}}],"inLanguage":"cs"}]},"og_availability":"instock","product_availability":"instock","product_condition":"new"},"uagb_featured_image_src":{"full":["https:\/\/frcs-research.com\/wp-content\/uploads\/2026\/01\/Ethylone.png",768,768,false],"thumbnail":["https:\/\/frcs-research.com\/wp-content\/uploads\/2026\/01\/Ethylone-150x150.png",150,150,true],"medium":["https:\/\/frcs-research.com\/wp-content\/uploads\/2026\/01\/Ethylone-300x300.png",300,300,true],"medium_large":["https:\/\/frcs-research.com\/wp-content\/uploads\/2026\/01\/Ethylone.png",768,768,false],"large":["https:\/\/frcs-research.com\/wp-content\/uploads\/2026\/01\/Ethylone.png",768,768,false],"1536x1536":["https:\/\/frcs-research.com\/wp-content\/uploads\/2026\/01\/Ethylone.png",768,768,false],"2048x2048":["https:\/\/frcs-research.com\/wp-content\/uploads\/2026\/01\/Ethylone.png",768,768,false],"trp-custom-language-flag":["https:\/\/frcs-research.com\/wp-content\/uploads\/2026\/01\/Ethylone-12x12.png",12,12,true],"post-thumbnail":["https:\/\/frcs-research.com\/wp-content\/uploads\/2026\/01\/Ethylone-620x620.png",620,620,true],"elite-commerce-slider":["https:\/\/frcs-research.com\/wp-content\/uploads\/2026\/01\/Ethylone.png",768,768,false],"elite-commerce-hero":["https:\/\/frcs-research.com\/wp-content\/uploads\/2026\/01\/Ethylone-600x600.png",600,600,true],"elite-commerce-portfolio":["https:\/\/frcs-research.com\/wp-content\/uploads\/2026\/01\/Ethylone-400x400.png",400,400,true],"woocommerce_thumbnail":["https:\/\/frcs-research.com\/wp-content\/uploads\/2026\/01\/Ethylone-300x300.png",300,300,true],"woocommerce_single":["https:\/\/frcs-research.com\/wp-content\/uploads\/2026\/01\/Ethylone-600x600.png",600,600,true],"woocommerce_gallery_thumbnail":["https:\/\/frcs-research.com\/wp-content\/uploads\/2026\/01\/Ethylone-100x100.png",100,100,true]},"uagb_author_info":{"display_name":"Richard Wood","author_link":"https:\/\/frcs-research.com\/cs\/author\/"},"uagb_comment_info":78,"uagb_excerpt":"Ethylone Ethylone is also called MDEC or bk-MDEA belongs entactogen, stimulant, amphetamine, and psychedelic of the phenethylamine, and cathinone chemical classes. We have two forms of it, one is white&hellip;&euro;150.00 &ndash; &euro;2,500.00Rozp\u011bt\u00ed cen: &euro;150.00 a\u017e &euro;2,500.00V\u00fdb\u011br mo\u017enost\u00ed Tento produkt m\u00e1 v\u00edce variant. Mo\u017enosti lze vybrat na str\u00e1nce produktu","_links":{"self":[{"href":"https:\/\/frcs-research.com\/cs\/wp-json\/wp\/v2\/product\/1435","targetHints":{"allow":["GET"]}}],"collection":[{"href":"https:\/\/frcs-research.com\/cs\/wp-json\/wp\/v2\/product"}],"about":[{"href":"https:\/\/frcs-research.com\/cs\/wp-json\/wp\/v2\/types\/product"}],"replies":[{"embeddable":true,"href":"https:\/\/frcs-research.com\/cs\/wp-json\/wp\/v2\/comments?post=1435"}],"wp:featuredmedia":[{"embeddable":true,"href":"https:\/\/frcs-research.com\/cs\/wp-json\/wp\/v2\/media\/1449"}],"wp:attachment":[{"href":"https:\/\/frcs-research.com\/cs\/wp-json\/wp\/v2\/media?parent=1435"}],"wp:term":[{"taxonomy":"product_brand","embeddable":true,"href":"https:\/\/frcs-research.com\/cs\/wp-json\/wp\/v2\/product_brand?post=1435"},{"taxonomy":"product_cat","embeddable":true,"href":"https:\/\/frcs-research.com\/cs\/wp-json\/wp\/v2\/product_cat?post=1435"},{"taxonomy":"product_tag","embeddable":true,"href":"https:\/\/frcs-research.com\/cs\/wp-json\/wp\/v2\/product_tag?post=1435"}],"curies":[{"name":"wp","href":"https:\/\/api.w.org\/{rel}","templated":true}]}}