{"id":1442,"date":"2026-01-29T18:54:56","date_gmt":"2026-01-29T18:54:56","guid":{"rendered":"https:\/\/frcs-research.com\/?post_type=product&#038;p=1442"},"modified":"2026-04-04T04:12:43","modified_gmt":"2026-04-04T04:12:43","slug":"dapoxetine","status":"publish","type":"product","link":"https:\/\/frcs-research.com\/cs\/product\/dapoxetine\/","title":{"rendered":"Dapoxetine"},"content":{"rendered":"<h3 style=\"text-align: center\"><strong>Dapoxetine<\/strong><\/h3>\n<p>Dapoxetine is the first compound developed specifically for the treatment of premature ejaculation in men between\u00a0 18\u201364 years old. It works by inhibiting the serotonin transporter, increasing serotonin\u2019s action at the post synaptic cleft, and as a consequence promoting ejaculatory delay<a href=\"https:\/\/favoritedisposableshop.com\/shop\/\">.<\/a><\/p>\n<h2>How To Buy Dapoxetine Online ?<\/h2>\n<p>We offers you the possibility to get it online without hassles or awkwardness. We work endlessly to make sure you save money every time you order online from our research chemicals <a href=\"https:\/\/researchchemicalshop.com\/shop\/\">nakupovat<\/a>. Our goal is to make our clients pay less and get more.<\/p>\n<h2>Product Information<\/h2>\n<table class=\"shop_attributes\">\n<tbody>\n<tr>\n<th>Synonyms<\/th>\n<td>(S)-N,N-dimethyl-3-(naphthalen-1-yloxy)-1-phenylpropan-1-amine<\/td>\n<\/tr>\n<tr>\n<th>IUPAC<\/th>\n<td>(S)-N,N-dimethyl-3-(naphthalen-1-yloxy)-1-phenylpropan-1-amine<\/td>\n<\/tr>\n<tr>\n<th>Formula<\/th>\n<td>C21H23NO<\/td>\n<\/tr>\n<tr>\n<th>Molecular weight<\/th>\n<td>305.413<\/td>\n<\/tr>\n<tr>\n<th>CAS<\/th>\n<td>119356-77-3<\/td>\n<\/tr>\n<tr>\n<th>Purity<\/th>\n<td>\u226598%<\/td>\n<\/tr>\n<\/tbody>\n<\/table>","protected":false},"excerpt":{"rendered":"<p>Dapoxetine Dapoxetine is the first compound developed specifically for the treatment of premature ejaculation in men between\u00a0 18\u201364 years old. It works by inhibiting the serotonin transporter, increasing serotonin\u2019s action&hellip;<\/p>\n<p class=\"product woocommerce add_to_cart_inline\" style=\"border:4px solid #ccc; padding: 12px;\"><span class=\"woocommerce-Price-amount amount\" aria-hidden=\"true\"><bdi><span class=\"woocommerce-Price-currencySymbol\">&euro;<\/span>160.00<\/bdi><\/span> <span aria-hidden=\"true\">&ndash;<\/span> <span class=\"woocommerce-Price-amount amount\" aria-hidden=\"true\"><bdi><span class=\"woocommerce-Price-currencySymbol\">&euro;<\/span>2,550.00<\/bdi><\/span><span class=\"screen-reader-text\" data-no-translation=\"\" data-trp-gettext=\"\">Rozp\u011bt\u00ed cen: &euro;160.00 a\u017e &euro;2,550.00<\/span><a href=\"https:\/\/frcs-research.com\/cs\/product\/dapoxetine\/\" aria-describedby=\"woocommerce_loop_add_to_cart_link_describedby_1442\" data-quantity=\"1\" class=\"button product_type_variable add_to_cart_button\" data-product_id=\"1442\" data-product_sku=\"\" aria-label=\"Vyberte nastaven\u00ed pro \u201eDapoxetine\u201c\" rel=\"nofollow\" data-no-translation=\"\" data-trp-gettext=\"\" data-no-translation-aria-label=\"\">V\u00fdb\u011br mo\u017enost\u00ed<\/a>\t<span id=\"woocommerce_loop_add_to_cart_link_describedby_1442\" class=\"screen-reader-text\"><br \/>\n\t\tTento produkt m\u00e1 v\u00edce variant. Mo\u017enosti lze vybrat na str\u00e1nce produktu\t<\/span><\/p>","protected":false},"featured_media":1450,"comment_status":"closed","ping_status":"closed","template":"","meta":{"_uag_custom_page_level_css":""},"product_brand":[],"product_cat":[25],"product_tag":[397,1034,400,401,402,403,404,1035,1036,1037,1038,1039,1040,1041,1042,1043,1044,1045,1046,1047,405,406,1048,421,422,424,1049,425,426,427,428,429,430,431,432,433,434,435,436,437,438,439,440,441,442,443,444,445,446,447,1050,1051,449,450,451,452,453,1052,456,1053],"class_list":{"0":"post-1442","1":"product","2":"type-product","3":"status-publish","4":"has-post-thumbnail","6":"product_cat-synthetic-cannabinoids","7":"product_tag-2c-research-chemical","8":"product_tag-buy-dapoxetine","9":"product_tag-buy-research-chemical","10":"product_tag-buy-research-chemicals","11":"product_tag-buy-research-chemicals-online","12":"product_tag-cabergoline-research-chemical","13":"product_tag-canadian-research-chemicals","14":"product_tag-cialis-with-dapoxetine-60mg","15":"product_tag-dapoxetine","16":"product_tag-dapoxetine-sildenafil","17":"product_tag-dapoxetine-tadalafil","18":"product_tag-dapoxetine-30mg","19":"product_tag-dapoxetine-60mg","20":"product_tag-dapoxetine-dosage","21":"product_tag-dapoxetine-for-premature-ejaculation","22":"product_tag-dapoxetine-hcl","23":"product_tag-dapoxetine-online","24":"product_tag-dapoxetine-price","25":"product_tag-dapoxetine-priligy","26":"product_tag-dapoxetine-side-effects","27":"product_tag-domestic-research-chemicals","28":"product_tag-enclomiphene-research-chemical","29":"product_tag-how-long-does-dapoxetine-make-you-last","30":"product_tag-legal-research-chemicals","31":"product_tag-opioid-research-chemicals","32":"product_tag-order-research-chemicals","33":"product_tag-priligy-dapoxetine","34":"product_tag-quality-research-chemicals","35":"product_tag-reddit-research-chemicals","36":"product_tag-research-chemical","37":"product_tag-research-chemical-drugs","38":"product_tag-research-chemical-forum","39":"product_tag-research-chemical-opiates","40":"product_tag-research-chemical-reddit","41":"product_tag-research-chemical-shop","42":"product_tag-research-chemical-sources","43":"product_tag-research-chemical-store","44":"product_tag-research-chemical-supply","45":"product_tag-research-chemical-vendor-usa","46":"product_tag-research-chemical-vendors","47":"product_tag-research-chemical-vendors-reddit","48":"product_tag-research-chemicals","49":"product_tag-research-chemicals-for-sale","50":"product_tag-research-chemicals-kopen","51":"product_tag-research-chemicals-online","52":"product_tag-research-chemicals-reddit","53":"product_tag-research-chemicals-sale","54":"product_tag-research-chemicals-store","55":"product_tag-semaglutide-research-chemical","56":"product_tag-sunnyside-research-chemicals","57":"product_tag-tadalafil-and-dapoxetine","58":"product_tag-tadalafil-dapoxetine","59":"product_tag-tadalafil-research-chemical","60":"product_tag-tirzepatide-research-chemical","61":"product_tag-tirzepatide-research-chemical-for-sale","62":"product_tag-toronto-research-chemicals","63":"product_tag-what-are-research-chemicals","64":"product_tag-where-can-i-buy-dapoxetine","65":"product_tag-where-to-buy-research-chemicals","66":"product_tag-why-is-dapoxetine-banned-in-the-us","68":"first","69":"instock","70":"shipping-taxable","71":"purchasable","72":"product-type-variable"},"yoast_head":"<!-- This site is optimized with the Yoast SEO plugin v27.1.1 - https:\/\/yoast.com\/product\/yoast-seo-wordpress\/ -->\n<title>Dapoxetine - wholesale supplier of research chemicals, 4mmc, 3mmc, MDPHP, Alpha PVP and more<\/title>\n<meta name=\"robots\" content=\"index, follow, max-snippet:-1, max-image-preview:large, max-video-preview:-1\" \/>\n<link rel=\"canonical\" href=\"https:\/\/frcs-research.com\/cs\/product\/dapoxetine\/\" \/>\n<meta property=\"og:locale\" content=\"cs_CZ\" \/>\n<meta property=\"og:type\" content=\"article\" \/>\n<meta property=\"og:title\" content=\"Dapoxetine - wholesale supplier of research chemicals, 4mmc, 3mmc, MDPHP, Alpha PVP and more\" \/>\n<meta property=\"og:description\" content=\"Dapoxetine Dapoxetine is the first compound developed specifically for the treatment of premature ejaculation in men between\u00a0 18\u201364 years old. It works by inhibiting the serotonin transporter, increasing serotonin\u2019s action&hellip;&euro;160.00 &ndash; &euro;2,550.00Rozp\u011bt\u00ed cen: &euro;160.00 a\u017e &euro;2,550.00V\u00fdb\u011br mo\u017enost\u00ed  Tento produkt m\u00e1 v\u00edce variant. Mo\u017enosti lze vybrat na str\u00e1nce produktu\" \/>\n<meta property=\"og:url\" content=\"https:\/\/frcs-research.com\/cs\/product\/dapoxetine\/\" \/>\n<meta property=\"og:site_name\" content=\"wholesale supplier of research chemicals, 4mmc, 3mmc, MDPHP, Alpha PVP and more\" \/>\n<meta property=\"article:modified_time\" content=\"2026-04-04T04:12:43+00:00\" \/>\n<meta name=\"twitter:card\" content=\"summary_large_image\" \/>\n<meta name=\"twitter:label1\" content=\"Dostupnost\" \/>\n\t<meta name=\"twitter:data1\" content=\"Skladem\" \/>\n<script type=\"application\/ld+json\" class=\"yoast-schema-graph\">{\"@context\":\"https:\/\/schema.org\",\"@graph\":[{\"@type\":[\"WebPage\",\"ItemPage\"],\"@id\":\"https:\/\/frcs-research.com\/product\/dapoxetine\/\",\"url\":\"https:\/\/frcs-research.com\/product\/dapoxetine\/\",\"name\":\"Dapoxetine - wholesale supplier of research chemicals, 4mmc, 3mmc, MDPHP, Alpha PVP and more\",\"isPartOf\":{\"@id\":\"https:\/\/frcs-research.com\/#website\"},\"primaryImageOfPage\":{\"@id\":\"https:\/\/frcs-research.com\/product\/dapoxetine\/#primaryimage\"},\"image\":{\"@id\":\"https:\/\/frcs-research.com\/product\/dapoxetine\/#primaryimage\"},\"thumbnailUrl\":\"https:\/\/frcs-research.com\/wp-content\/uploads\/2026\/01\/Dapoxetine.jpg\",\"datePublished\":\"2026-01-29T18:54:56+00:00\",\"dateModified\":\"2026-04-04T04:12:43+00:00\",\"breadcrumb\":{\"@id\":\"https:\/\/frcs-research.com\/product\/dapoxetine\/#breadcrumb\"},\"inLanguage\":\"cs\",\"potentialAction\":[{\"@type\":\"ReadAction\",\"target\":[\"https:\/\/frcs-research.com\/product\/dapoxetine\/\"]}]},{\"@type\":\"ImageObject\",\"inLanguage\":\"cs\",\"@id\":\"https:\/\/frcs-research.com\/product\/dapoxetine\/#primaryimage\",\"url\":\"https:\/\/frcs-research.com\/wp-content\/uploads\/2026\/01\/Dapoxetine.jpg\",\"contentUrl\":\"https:\/\/frcs-research.com\/wp-content\/uploads\/2026\/01\/Dapoxetine.jpg\",\"width\":650,\"height\":650},{\"@type\":\"BreadcrumbList\",\"@id\":\"https:\/\/frcs-research.com\/product\/dapoxetine\/#breadcrumb\",\"itemListElement\":[{\"@type\":\"ListItem\",\"position\":1,\"name\":\"Home\",\"item\":\"https:\/\/frcs-research.com\/\"},{\"@type\":\"ListItem\",\"position\":2,\"name\":\"Shop\",\"item\":\"https:\/\/frcs-research.com\/shop\/\"},{\"@type\":\"ListItem\",\"position\":3,\"name\":\"Dapoxetine\"}]},{\"@type\":\"WebSite\",\"@id\":\"https:\/\/frcs-research.com\/#website\",\"url\":\"https:\/\/frcs-research.com\/\",\"name\":\"wholesale supplier of research chemicals, 4mmc, 3mmc, MDPHP, Alpha PVP and more\",\"description\":\"Wholesale research chemicals\",\"potentialAction\":[{\"@type\":\"SearchAction\",\"target\":{\"@type\":\"EntryPoint\",\"urlTemplate\":\"https:\/\/frcs-research.com\/?s={search_term_string}\"},\"query-input\":{\"@type\":\"PropertyValueSpecification\",\"valueRequired\":true,\"valueName\":\"search_term_string\"}}],\"inLanguage\":\"cs\"}]}<\/script>\n<meta property=\"og:availability\" content=\"instock\" \/>\n<meta property=\"product:availability\" content=\"instock\" \/>\n<meta property=\"product:condition\" content=\"new\" \/>\n<!-- \/ Yoast SEO plugin. -->","yoast_head_json":{"title":"Dapoxetine - wholesale supplier of research chemicals, 4mmc, 3mmc, MDPHP, Alpha PVP and more","robots":{"index":"index","follow":"follow","max-snippet":"max-snippet:-1","max-image-preview":"max-image-preview:large","max-video-preview":"max-video-preview:-1"},"canonical":"https:\/\/frcs-research.com\/cs\/product\/dapoxetine\/","og_locale":"cs_CZ","og_type":"article","og_title":"Dapoxetine - wholesale supplier of research chemicals, 4mmc, 3mmc, MDPHP, Alpha PVP and more","og_description":"Dapoxetine Dapoxetine is the first compound developed specifically for the treatment of premature ejaculation in men between\u00a0 18\u201364 years old. It works by inhibiting the serotonin transporter, increasing serotonin\u2019s action&hellip;&euro;160.00 &ndash; &euro;2,550.00Rozp\u011bt\u00ed cen: &euro;160.00 a\u017e &euro;2,550.00V\u00fdb\u011br mo\u017enost\u00ed  Tento produkt m\u00e1 v\u00edce variant. Mo\u017enosti lze vybrat na str\u00e1nce produktu","og_url":"https:\/\/frcs-research.com\/cs\/product\/dapoxetine\/","og_site_name":"wholesale supplier of research chemicals, 4mmc, 3mmc, MDPHP, Alpha PVP and more","article_modified_time":"2026-04-04T04:12:43+00:00","twitter_card":"summary_large_image","twitter_misc":{"Dostupnost":"Skladem"},"schema":{"@context":"https:\/\/schema.org","@graph":[{"@type":["WebPage","ItemPage"],"@id":"https:\/\/frcs-research.com\/product\/dapoxetine\/","url":"https:\/\/frcs-research.com\/product\/dapoxetine\/","name":"Dapoxetine - wholesale supplier of research chemicals, 4mmc, 3mmc, MDPHP, Alpha PVP and more","isPartOf":{"@id":"https:\/\/frcs-research.com\/#website"},"primaryImageOfPage":{"@id":"https:\/\/frcs-research.com\/product\/dapoxetine\/#primaryimage"},"image":{"@id":"https:\/\/frcs-research.com\/product\/dapoxetine\/#primaryimage"},"thumbnailUrl":"https:\/\/frcs-research.com\/wp-content\/uploads\/2026\/01\/Dapoxetine.jpg","datePublished":"2026-01-29T18:54:56+00:00","dateModified":"2026-04-04T04:12:43+00:00","breadcrumb":{"@id":"https:\/\/frcs-research.com\/product\/dapoxetine\/#breadcrumb"},"inLanguage":"cs","potentialAction":[{"@type":"ReadAction","target":["https:\/\/frcs-research.com\/product\/dapoxetine\/"]}]},{"@type":"ImageObject","inLanguage":"cs","@id":"https:\/\/frcs-research.com\/product\/dapoxetine\/#primaryimage","url":"https:\/\/frcs-research.com\/wp-content\/uploads\/2026\/01\/Dapoxetine.jpg","contentUrl":"https:\/\/frcs-research.com\/wp-content\/uploads\/2026\/01\/Dapoxetine.jpg","width":650,"height":650},{"@type":"BreadcrumbList","@id":"https:\/\/frcs-research.com\/product\/dapoxetine\/#breadcrumb","itemListElement":[{"@type":"ListItem","position":1,"name":"Home","item":"https:\/\/frcs-research.com\/"},{"@type":"ListItem","position":2,"name":"Shop","item":"https:\/\/frcs-research.com\/shop\/"},{"@type":"ListItem","position":3,"name":"Dapoxetine"}]},{"@type":"WebSite","@id":"https:\/\/frcs-research.com\/#website","url":"https:\/\/frcs-research.com\/","name":"velkoobchodn\u00ed dodavatel v\u00fdzkumn\u00fdch chemik\u00e1li\u00ed, 4mmc, 3mmc, MDPHP, Alpha PVP a dal\u0161\u00ed","description":"Velkoobchodn\u00ed v\u00fdzkum chemik\u00e1li\u00ed","potentialAction":[{"@type":"SearchAction","target":{"@type":"EntryPoint","urlTemplate":"https:\/\/frcs-research.com\/?s={search_term_string}"},"query-input":{"@type":"PropertyValueSpecification","valueRequired":true,"valueName":"search_term_string"}}],"inLanguage":"cs"}]},"og_availability":"instock","product_availability":"instock","product_condition":"new"},"uagb_featured_image_src":{"full":["https:\/\/frcs-research.com\/wp-content\/uploads\/2026\/01\/Dapoxetine.jpg",650,650,false],"thumbnail":["https:\/\/frcs-research.com\/wp-content\/uploads\/2026\/01\/Dapoxetine-150x150.jpg",150,150,true],"medium":["https:\/\/frcs-research.com\/wp-content\/uploads\/2026\/01\/Dapoxetine-300x300.jpg",300,300,true],"medium_large":["https:\/\/frcs-research.com\/wp-content\/uploads\/2026\/01\/Dapoxetine.jpg",650,650,false],"large":["https:\/\/frcs-research.com\/wp-content\/uploads\/2026\/01\/Dapoxetine.jpg",650,650,false],"1536x1536":["https:\/\/frcs-research.com\/wp-content\/uploads\/2026\/01\/Dapoxetine.jpg",650,650,false],"2048x2048":["https:\/\/frcs-research.com\/wp-content\/uploads\/2026\/01\/Dapoxetine.jpg",650,650,false],"trp-custom-language-flag":["https:\/\/frcs-research.com\/wp-content\/uploads\/2026\/01\/Dapoxetine-12x12.jpg",12,12,true],"post-thumbnail":["https:\/\/frcs-research.com\/wp-content\/uploads\/2026\/01\/Dapoxetine-620x620.jpg",620,620,true],"elite-commerce-slider":["https:\/\/frcs-research.com\/wp-content\/uploads\/2026\/01\/Dapoxetine.jpg",650,650,false],"elite-commerce-hero":["https:\/\/frcs-research.com\/wp-content\/uploads\/2026\/01\/Dapoxetine-600x600.jpg",600,600,true],"elite-commerce-portfolio":["https:\/\/frcs-research.com\/wp-content\/uploads\/2026\/01\/Dapoxetine-400x400.jpg",400,400,true],"woocommerce_thumbnail":["https:\/\/frcs-research.com\/wp-content\/uploads\/2026\/01\/Dapoxetine-300x300.jpg",300,300,true],"woocommerce_single":["https:\/\/frcs-research.com\/wp-content\/uploads\/2026\/01\/Dapoxetine-600x600.jpg",600,600,true],"woocommerce_gallery_thumbnail":["https:\/\/frcs-research.com\/wp-content\/uploads\/2026\/01\/Dapoxetine-100x100.jpg",100,100,true]},"uagb_author_info":{"display_name":"Richard Wood","author_link":"https:\/\/frcs-research.com\/cs\/author\/"},"uagb_comment_info":82,"uagb_excerpt":"Dapoxetine Dapoxetine is the first compound developed specifically for the treatment of premature ejaculation in men between\u00a0 18\u201364 years old. It works by inhibiting the serotonin transporter, increasing serotonin\u2019s action&hellip;&euro;160.00 &ndash; &euro;2,550.00Rozp\u011bt\u00ed cen: &euro;160.00 a\u017e &euro;2,550.00V\u00fdb\u011br mo\u017enost\u00ed Tento produkt m\u00e1 v\u00edce variant. Mo\u017enosti lze vybrat na str\u00e1nce produktu","_links":{"self":[{"href":"https:\/\/frcs-research.com\/cs\/wp-json\/wp\/v2\/product\/1442","targetHints":{"allow":["GET"]}}],"collection":[{"href":"https:\/\/frcs-research.com\/cs\/wp-json\/wp\/v2\/product"}],"about":[{"href":"https:\/\/frcs-research.com\/cs\/wp-json\/wp\/v2\/types\/product"}],"replies":[{"embeddable":true,"href":"https:\/\/frcs-research.com\/cs\/wp-json\/wp\/v2\/comments?post=1442"}],"wp:featuredmedia":[{"embeddable":true,"href":"https:\/\/frcs-research.com\/cs\/wp-json\/wp\/v2\/media\/1450"}],"wp:attachment":[{"href":"https:\/\/frcs-research.com\/cs\/wp-json\/wp\/v2\/media?parent=1442"}],"wp:term":[{"taxonomy":"product_brand","embeddable":true,"href":"https:\/\/frcs-research.com\/cs\/wp-json\/wp\/v2\/product_brand?post=1442"},{"taxonomy":"product_cat","embeddable":true,"href":"https:\/\/frcs-research.com\/cs\/wp-json\/wp\/v2\/product_cat?post=1442"},{"taxonomy":"product_tag","embeddable":true,"href":"https:\/\/frcs-research.com\/cs\/wp-json\/wp\/v2\/product_tag?post=1442"}],"curies":[{"name":"wp","href":"https:\/\/api.w.org\/{rel}","templated":true}]}}