{"id":1556,"date":"2026-01-29T18:56:06","date_gmt":"2026-01-29T18:56:06","guid":{"rendered":"https:\/\/frcs-research.com\/?post_type=product&#038;p=1556"},"modified":"2026-04-20T17:12:26","modified_gmt":"2026-04-20T17:12:26","slug":"2-fma","status":"publish","type":"product","link":"https:\/\/frcs-research.com\/cs\/product\/2-fma\/","title":{"rendered":"2-FMA"},"content":{"rendered":"<h3 style=\"text-align: center\"><strong>2-FMA<\/strong><\/h3>\n<p>2-<wbr \/>FMA or 2-<wbr \/>Fluoromethamphetamine is a stimulant drug related to methamphetamine and 2-<wbr \/>fluoroamphetamine. Through little is known of the pharmacological properties of fluoro methoxy substituted. Amphetamines,It\u00a0has been identified as a component of designer drugs sold as \u201clegal high\u201d replacements for restricted substances. The hydrochloride formulation of this compound. It is intended for use as a standard for the forensic analysis of samples that may contain\u00a0 2-Fluoromethamphetamine. <span style=\"font-size: 14.4px\">Although the research chemical 2-<\/span><span style=\"font-size: 14.4px\">Fluoromethamphetamine has not been formally studied on the same level as traditional amphetamines. Studies show that it acts as both a dopamine and norepinephrine releasing agent<a href=\"https:\/\/timelessvapesshop.com\/shop\/\">. <\/a><\/span><\/p>\n<p><span style=\"font-size: 14.4px\">This means it effectively increases the levels of norepinephrine and dopamine. This allows dopamine and norepinephrine to accumulate, resulting in\u00a0 stimulating and euphoric outcomes in chemical studies. <\/span><span style=\"font-size: 14.4px\"><a href=\"https:\/\/researchchemicalshop.com\/shop\/\">Store<\/a> in a dry and cool place for maximum shelf-life. When handling research chemicals ensure to always take the proper precautions in the laboratory. In addition\u00a0 like wiping down surfaces and wearing gloves, a mask &#038; protective clothing.<\/span><span style=\"font-size: 14.4px\"> It has structural similarities with methamphetamine and is related to 3-FA, and 4-FMA. <\/span><span style=\"font-size: 14.4px\">Although 2-FMA has not been formally studied for a very long time on the same level as traditional amphetamines, it is becoming more popular on the research chemical market these days. 2 fma vs adderall<\/span><\/p>\n<div class=\"woocommerce-tabs wc-tabs-wrapper\">\n<div id=\"tab-description\" class=\"woocommerce-Tabs-panel woocommerce-Tabs-panel--description panel entry-content wc-tab\" role=\"tabpanel\" aria-labelledby=\"tab-title-description\">\n<div class=\"woocommerce-product-details__short-description\">\n<div class=\"woocommerce-product-details__short-description\">\n<div class=\"woocommerce-product-details__short-description\">\n<h2>How To Buy 2-FMA Online<\/h2>\n<p>2-Fluoromethamphetamine can be purchased here on the silk-roads.co website. We sell premium quality 2-Fluoromethamphetamine, typically in pellets. However, we often have other substance forms available, so feel free to contact us to see if we have your preferred substance form in stock. You must be at least 18 years old to buy 2-Fluoromethamphetamine from us.<\/p>\n<\/p><\/div>\n<\/p><\/div>\n<\/p><\/div>\n<\/p><\/div>\n<\/p><\/div>","protected":false},"excerpt":{"rendered":"<p>2-FMA 2-FMA or 2-Fluoromethamphetamine is a stimulant drug related to methamphetamine and 2-fluoroamphetamine. Through little is known of the pharmacological properties of fluoro methoxy substituted. Amphetamines,It\u00a0has been identified as a&hellip;<\/p>\n<p class=\"product woocommerce add_to_cart_inline\" style=\"border:4px solid #ccc; padding: 12px;\"><span class=\"woocommerce-Price-amount amount\" aria-hidden=\"true\"><bdi><span class=\"woocommerce-Price-currencySymbol\">&euro;<\/span>150.00<\/bdi><\/span> <span aria-hidden=\"true\">&ndash;<\/span> <span class=\"woocommerce-Price-amount amount\" aria-hidden=\"true\"><bdi><span class=\"woocommerce-Price-currencySymbol\">&euro;<\/span>2,500.00<\/bdi><\/span><span class=\"screen-reader-text\" data-no-translation=\"\" data-trp-gettext=\"\">Rozp\u011bt\u00ed cen: &euro;150.00 a\u017e &euro;2,500.00<\/span><a href=\"https:\/\/frcs-research.com\/cs\/product\/2-fma\/\" aria-describedby=\"woocommerce_loop_add_to_cart_link_describedby_1556\" data-quantity=\"1\" class=\"button product_type_variable add_to_cart_button\" data-product_id=\"1556\" data-product_sku=\"\" aria-label=\"Vyberte nastaven\u00ed pro \u201e2-FMA\u201c\" rel=\"nofollow\" data-no-translation=\"\" data-trp-gettext=\"\" data-no-translation-aria-label=\"\">V\u00fdb\u011br mo\u017enost\u00ed<\/a>\t<span id=\"woocommerce_loop_add_to_cart_link_describedby_1556\" class=\"screen-reader-text\"><br \/>\n\t\tTento produkt m\u00e1 v\u00edce variant. Mo\u017enosti lze vybrat na str\u00e1nce produktu\t<\/span><\/p>","protected":false},"featured_media":1578,"comment_status":"closed","ping_status":"closed","template":"","meta":{"_uag_custom_page_level_css":""},"product_brand":[],"product_cat":[25],"product_tag":[1228,1229,1230,1231,1232,1233,1234,1235,1236,1237,1238,1239,1240,1241,397,1242,1243,1244,1245,1246,400,401,402,403,404,405,406,421,422,424,425,426,427,428,429,430,431,432,433,434,435,436,437,438,439,440,441,442,443,444,445,446,447,449,450,451,452,453,456],"class_list":{"0":"post-1556","1":"product","2":"type-product","3":"status-publish","4":"has-post-thumbnail","6":"product_cat-synthetic-cannabinoids","7":"product_tag-2-fa-2-fma","8":"product_tag-2-fma","9":"product_tag-2-fma-buy","10":"product_tag-2-fma-buy-us","11":"product_tag-2-fma-effet","12":"product_tag-2-fma-for-sale","13":"product_tag-2-fma-kaufen","14":"product_tag-2-fma-kopen","15":"product_tag-2-fma-pellets","16":"product_tag-2-fma-powder","17":"product_tag-2-fma-psychonaut","18":"product_tag-2-fma-reddit","19":"product_tag-2-fma-source","20":"product_tag-2-fma-werking","21":"product_tag-2c-research-chemical","22":"product_tag-3-fma-vs-2-fma","23":"product_tag-acheter-2-fma","24":"product_tag-buy-2-fma","25":"product_tag-buy-2-fma-reddit","26":"product_tag-buy-pure-2-fma-for-sale-online","27":"product_tag-buy-research-chemical","28":"product_tag-buy-research-chemicals","29":"product_tag-buy-research-chemicals-online","30":"product_tag-cabergoline-research-chemical","31":"product_tag-canadian-research-chemicals","32":"product_tag-domestic-research-chemicals","33":"product_tag-enclomiphene-research-chemical","34":"product_tag-legal-research-chemicals","35":"product_tag-opioid-research-chemicals","36":"product_tag-order-research-chemicals","37":"product_tag-quality-research-chemicals","38":"product_tag-reddit-research-chemicals","39":"product_tag-research-chemical","40":"product_tag-research-chemical-drugs","41":"product_tag-research-chemical-forum","42":"product_tag-research-chemical-opiates","43":"product_tag-research-chemical-reddit","44":"product_tag-research-chemical-shop","45":"product_tag-research-chemical-sources","46":"product_tag-research-chemical-store","47":"product_tag-research-chemical-supply","48":"product_tag-research-chemical-vendor-usa","49":"product_tag-research-chemical-vendors","50":"product_tag-research-chemical-vendors-reddit","51":"product_tag-research-chemicals","52":"product_tag-research-chemicals-for-sale","53":"product_tag-research-chemicals-kopen","54":"product_tag-research-chemicals-online","55":"product_tag-research-chemicals-reddit","56":"product_tag-research-chemicals-sale","57":"product_tag-research-chemicals-store","58":"product_tag-semaglutide-research-chemical","59":"product_tag-sunnyside-research-chemicals","60":"product_tag-tadalafil-research-chemical","61":"product_tag-tirzepatide-research-chemical","62":"product_tag-tirzepatide-research-chemical-for-sale","63":"product_tag-toronto-research-chemicals","64":"product_tag-what-are-research-chemicals","65":"product_tag-where-to-buy-research-chemicals","67":"first","68":"instock","69":"shipping-taxable","70":"purchasable","71":"product-type-variable"},"yoast_head":"<!-- This site is optimized with the Yoast SEO plugin v27.1.1 - https:\/\/yoast.com\/product\/yoast-seo-wordpress\/ -->\n<title>2-FMA - wholesale supplier of research chemicals, 4mmc, 3mmc, MDPHP, Alpha PVP and more<\/title>\n<meta name=\"robots\" content=\"index, follow, max-snippet:-1, max-image-preview:large, max-video-preview:-1\" \/>\n<link rel=\"canonical\" href=\"https:\/\/frcs-research.com\/cs\/product\/2-fma\/\" \/>\n<meta property=\"og:locale\" content=\"cs_CZ\" \/>\n<meta property=\"og:type\" content=\"article\" \/>\n<meta property=\"og:title\" content=\"2-FMA - wholesale supplier of research chemicals, 4mmc, 3mmc, MDPHP, Alpha PVP and more\" \/>\n<meta property=\"og:description\" content=\"2-FMA 2-FMA or 2-Fluoromethamphetamine is a stimulant drug related to methamphetamine and 2-fluoroamphetamine. Through little is known of the pharmacological properties of fluoro methoxy substituted. Amphetamines,It\u00a0has been identified as a&hellip;&euro;150.00 &ndash; &euro;2,500.00Rozp\u011bt\u00ed cen: &euro;150.00 a\u017e &euro;2,500.00V\u00fdb\u011br mo\u017enost\u00ed  Tento produkt m\u00e1 v\u00edce variant. Mo\u017enosti lze vybrat na str\u00e1nce produktu\" \/>\n<meta property=\"og:url\" content=\"https:\/\/frcs-research.com\/cs\/product\/2-fma\/\" \/>\n<meta property=\"og:site_name\" content=\"wholesale supplier of research chemicals, 4mmc, 3mmc, MDPHP, Alpha PVP and more\" \/>\n<meta property=\"article:modified_time\" content=\"2026-04-20T17:12:26+00:00\" \/>\n<meta name=\"twitter:card\" content=\"summary_large_image\" \/>\n<meta name=\"twitter:label1\" content=\"Dostupnost\" \/>\n\t<meta name=\"twitter:data1\" content=\"Skladem\" \/>\n<script type=\"application\/ld+json\" class=\"yoast-schema-graph\">{\"@context\":\"https:\/\/schema.org\",\"@graph\":[{\"@type\":[\"WebPage\",\"ItemPage\"],\"@id\":\"https:\/\/frcs-research.com\/product\/2-fma\/\",\"url\":\"https:\/\/frcs-research.com\/product\/2-fma\/\",\"name\":\"2-FMA - wholesale supplier of research chemicals, 4mmc, 3mmc, MDPHP, Alpha PVP and more\",\"isPartOf\":{\"@id\":\"https:\/\/frcs-research.com\/#website\"},\"primaryImageOfPage\":{\"@id\":\"https:\/\/frcs-research.com\/product\/2-fma\/#primaryimage\"},\"image\":{\"@id\":\"https:\/\/frcs-research.com\/product\/2-fma\/#primaryimage\"},\"thumbnailUrl\":\"https:\/\/frcs-research.com\/wp-content\/uploads\/2026\/01\/2-FMA.jpg\",\"datePublished\":\"2026-01-29T18:56:06+00:00\",\"dateModified\":\"2026-04-20T17:12:26+00:00\",\"breadcrumb\":{\"@id\":\"https:\/\/frcs-research.com\/product\/2-fma\/#breadcrumb\"},\"inLanguage\":\"cs\",\"potentialAction\":[{\"@type\":\"ReadAction\",\"target\":[\"https:\/\/frcs-research.com\/product\/2-fma\/\"]}]},{\"@type\":\"ImageObject\",\"inLanguage\":\"cs\",\"@id\":\"https:\/\/frcs-research.com\/product\/2-fma\/#primaryimage\",\"url\":\"https:\/\/frcs-research.com\/wp-content\/uploads\/2026\/01\/2-FMA.jpg\",\"contentUrl\":\"https:\/\/frcs-research.com\/wp-content\/uploads\/2026\/01\/2-FMA.jpg\",\"width\":640,\"height\":640},{\"@type\":\"BreadcrumbList\",\"@id\":\"https:\/\/frcs-research.com\/product\/2-fma\/#breadcrumb\",\"itemListElement\":[{\"@type\":\"ListItem\",\"position\":1,\"name\":\"Home\",\"item\":\"https:\/\/frcs-research.com\/\"},{\"@type\":\"ListItem\",\"position\":2,\"name\":\"Shop\",\"item\":\"https:\/\/frcs-research.com\/shop\/\"},{\"@type\":\"ListItem\",\"position\":3,\"name\":\"2-FMA\"}]},{\"@type\":\"WebSite\",\"@id\":\"https:\/\/frcs-research.com\/#website\",\"url\":\"https:\/\/frcs-research.com\/\",\"name\":\"wholesale supplier of research chemicals, 4mmc, 3mmc, MDPHP, Alpha PVP and more\",\"description\":\"Wholesale research chemicals\",\"potentialAction\":[{\"@type\":\"SearchAction\",\"target\":{\"@type\":\"EntryPoint\",\"urlTemplate\":\"https:\/\/frcs-research.com\/?s={search_term_string}\"},\"query-input\":{\"@type\":\"PropertyValueSpecification\",\"valueRequired\":true,\"valueName\":\"search_term_string\"}}],\"inLanguage\":\"cs\"}]}<\/script>\n<meta property=\"og:availability\" content=\"instock\" \/>\n<meta property=\"product:availability\" content=\"instock\" \/>\n<meta property=\"product:condition\" content=\"new\" \/>\n<!-- \/ Yoast SEO plugin. -->","yoast_head_json":{"title":"2-FMA - wholesale supplier of research chemicals, 4mmc, 3mmc, MDPHP, Alpha PVP and more","robots":{"index":"index","follow":"follow","max-snippet":"max-snippet:-1","max-image-preview":"max-image-preview:large","max-video-preview":"max-video-preview:-1"},"canonical":"https:\/\/frcs-research.com\/cs\/product\/2-fma\/","og_locale":"cs_CZ","og_type":"article","og_title":"2-FMA - wholesale supplier of research chemicals, 4mmc, 3mmc, MDPHP, Alpha PVP and more","og_description":"2-FMA 2-FMA or 2-Fluoromethamphetamine is a stimulant drug related to methamphetamine and 2-fluoroamphetamine. Through little is known of the pharmacological properties of fluoro methoxy substituted. Amphetamines,It\u00a0has been identified as a&hellip;&euro;150.00 &ndash; &euro;2,500.00Rozp\u011bt\u00ed cen: &euro;150.00 a\u017e &euro;2,500.00V\u00fdb\u011br mo\u017enost\u00ed  Tento produkt m\u00e1 v\u00edce variant. Mo\u017enosti lze vybrat na str\u00e1nce produktu","og_url":"https:\/\/frcs-research.com\/cs\/product\/2-fma\/","og_site_name":"wholesale supplier of research chemicals, 4mmc, 3mmc, MDPHP, Alpha PVP and more","article_modified_time":"2026-04-20T17:12:26+00:00","twitter_card":"summary_large_image","twitter_misc":{"Dostupnost":"Skladem"},"schema":{"@context":"https:\/\/schema.org","@graph":[{"@type":["WebPage","ItemPage"],"@id":"https:\/\/frcs-research.com\/product\/2-fma\/","url":"https:\/\/frcs-research.com\/product\/2-fma\/","name":"2-FMA - wholesale supplier of research chemicals, 4mmc, 3mmc, MDPHP, Alpha PVP and more","isPartOf":{"@id":"https:\/\/frcs-research.com\/#website"},"primaryImageOfPage":{"@id":"https:\/\/frcs-research.com\/product\/2-fma\/#primaryimage"},"image":{"@id":"https:\/\/frcs-research.com\/product\/2-fma\/#primaryimage"},"thumbnailUrl":"https:\/\/frcs-research.com\/wp-content\/uploads\/2026\/01\/2-FMA.jpg","datePublished":"2026-01-29T18:56:06+00:00","dateModified":"2026-04-20T17:12:26+00:00","breadcrumb":{"@id":"https:\/\/frcs-research.com\/product\/2-fma\/#breadcrumb"},"inLanguage":"cs","potentialAction":[{"@type":"ReadAction","target":["https:\/\/frcs-research.com\/product\/2-fma\/"]}]},{"@type":"ImageObject","inLanguage":"cs","@id":"https:\/\/frcs-research.com\/product\/2-fma\/#primaryimage","url":"https:\/\/frcs-research.com\/wp-content\/uploads\/2026\/01\/2-FMA.jpg","contentUrl":"https:\/\/frcs-research.com\/wp-content\/uploads\/2026\/01\/2-FMA.jpg","width":640,"height":640},{"@type":"BreadcrumbList","@id":"https:\/\/frcs-research.com\/product\/2-fma\/#breadcrumb","itemListElement":[{"@type":"ListItem","position":1,"name":"Home","item":"https:\/\/frcs-research.com\/"},{"@type":"ListItem","position":2,"name":"Shop","item":"https:\/\/frcs-research.com\/shop\/"},{"@type":"ListItem","position":3,"name":"2-FMA"}]},{"@type":"WebSite","@id":"https:\/\/frcs-research.com\/#website","url":"https:\/\/frcs-research.com\/","name":"velkoobchodn\u00ed dodavatel v\u00fdzkumn\u00fdch chemik\u00e1li\u00ed, 4mmc, 3mmc, MDPHP, Alpha PVP a dal\u0161\u00ed","description":"Velkoobchodn\u00ed v\u00fdzkum chemik\u00e1li\u00ed","potentialAction":[{"@type":"SearchAction","target":{"@type":"EntryPoint","urlTemplate":"https:\/\/frcs-research.com\/?s={search_term_string}"},"query-input":{"@type":"PropertyValueSpecification","valueRequired":true,"valueName":"search_term_string"}}],"inLanguage":"cs"}]},"og_availability":"instock","product_availability":"instock","product_condition":"new"},"uagb_featured_image_src":{"full":["https:\/\/frcs-research.com\/wp-content\/uploads\/2026\/01\/2-FMA.jpg",640,640,false],"thumbnail":["https:\/\/frcs-research.com\/wp-content\/uploads\/2026\/01\/2-FMA-150x150.jpg",150,150,true],"medium":["https:\/\/frcs-research.com\/wp-content\/uploads\/2026\/01\/2-FMA-300x300.jpg",300,300,true],"medium_large":["https:\/\/frcs-research.com\/wp-content\/uploads\/2026\/01\/2-FMA.jpg",640,640,false],"large":["https:\/\/frcs-research.com\/wp-content\/uploads\/2026\/01\/2-FMA.jpg",640,640,false],"1536x1536":["https:\/\/frcs-research.com\/wp-content\/uploads\/2026\/01\/2-FMA.jpg",640,640,false],"2048x2048":["https:\/\/frcs-research.com\/wp-content\/uploads\/2026\/01\/2-FMA.jpg",640,640,false],"trp-custom-language-flag":["https:\/\/frcs-research.com\/wp-content\/uploads\/2026\/01\/2-FMA-12x12.jpg",12,12,true],"post-thumbnail":["https:\/\/frcs-research.com\/wp-content\/uploads\/2026\/01\/2-FMA-620x620.jpg",620,620,true],"elite-commerce-slider":["https:\/\/frcs-research.com\/wp-content\/uploads\/2026\/01\/2-FMA.jpg",640,640,false],"elite-commerce-hero":["https:\/\/frcs-research.com\/wp-content\/uploads\/2026\/01\/2-FMA-600x600.jpg",600,600,true],"elite-commerce-portfolio":["https:\/\/frcs-research.com\/wp-content\/uploads\/2026\/01\/2-FMA-400x400.jpg",400,400,true],"woocommerce_thumbnail":["https:\/\/frcs-research.com\/wp-content\/uploads\/2026\/01\/2-FMA-300x300.jpg",300,300,true],"woocommerce_single":["https:\/\/frcs-research.com\/wp-content\/uploads\/2026\/01\/2-FMA-600x600.jpg",600,600,true],"woocommerce_gallery_thumbnail":["https:\/\/frcs-research.com\/wp-content\/uploads\/2026\/01\/2-FMA-100x100.jpg",100,100,true]},"uagb_author_info":{"display_name":"Richard Wood","author_link":"https:\/\/frcs-research.com\/cs\/author\/"},"uagb_comment_info":87,"uagb_excerpt":"2-FMA 2-FMA or 2-Fluoromethamphetamine is a stimulant drug related to methamphetamine and 2-fluoroamphetamine. Through little is known of the pharmacological properties of fluoro methoxy substituted. Amphetamines,It\u00a0has been identified as a&hellip;&euro;150.00 &ndash; &euro;2,500.00Rozp\u011bt\u00ed cen: &euro;150.00 a\u017e &euro;2,500.00V\u00fdb\u011br mo\u017enost\u00ed Tento produkt m\u00e1 v\u00edce variant. Mo\u017enosti lze vybrat na str\u00e1nce produktu","_links":{"self":[{"href":"https:\/\/frcs-research.com\/cs\/wp-json\/wp\/v2\/product\/1556","targetHints":{"allow":["GET"]}}],"collection":[{"href":"https:\/\/frcs-research.com\/cs\/wp-json\/wp\/v2\/product"}],"about":[{"href":"https:\/\/frcs-research.com\/cs\/wp-json\/wp\/v2\/types\/product"}],"replies":[{"embeddable":true,"href":"https:\/\/frcs-research.com\/cs\/wp-json\/wp\/v2\/comments?post=1556"}],"wp:featuredmedia":[{"embeddable":true,"href":"https:\/\/frcs-research.com\/cs\/wp-json\/wp\/v2\/media\/1578"}],"wp:attachment":[{"href":"https:\/\/frcs-research.com\/cs\/wp-json\/wp\/v2\/media?parent=1556"}],"wp:term":[{"taxonomy":"product_brand","embeddable":true,"href":"https:\/\/frcs-research.com\/cs\/wp-json\/wp\/v2\/product_brand?post=1556"},{"taxonomy":"product_cat","embeddable":true,"href":"https:\/\/frcs-research.com\/cs\/wp-json\/wp\/v2\/product_cat?post=1556"},{"taxonomy":"product_tag","embeddable":true,"href":"https:\/\/frcs-research.com\/cs\/wp-json\/wp\/v2\/product_tag?post=1556"}],"curies":[{"name":"wp","href":"https:\/\/api.w.org\/{rel}","templated":true}]}}