{"id":1581,"date":"2026-01-29T18:56:20","date_gmt":"2026-01-29T18:56:20","guid":{"rendered":"https:\/\/frcs-research.com\/?post_type=product&#038;p=1581"},"modified":"2026-04-20T00:32:36","modified_gmt":"2026-04-20T00:32:36","slug":"2-fa","status":"publish","type":"product","link":"https:\/\/frcs-research.com\/cs\/product\/2-fa\/","title":{"rendered":"2-FA"},"content":{"rendered":"<h3 style=\"text-align: center\"><strong>2-FA<\/strong><\/h3>\n<p>2-FA is contemplated on a similar level as conventional amphetamines, it is protected to expect that simply like other substituted amphetamines with substitutions at comparative situations (with the outstanding special case of 4-FA), it in all likelihood demonstrations principally as both a dopamine and norepinephrine discharging operator. This implies it successfully expands the degrees of the norepinephrine and dopamine synapses in the cerebrum by official to and halfway hindering the transporter proteins that typically clear those monoamines from the synaptic split<a href=\"https:\/\/sauceessentialsshop.com\/shop\/\">. <\/a><\/p>\n<p>This enables dopamine and norepinephrine to aggregate inside the mind to extra-endogenous levels, bringing about invigorating, propelling and euphoric impacts. We offers you the possibility to get it online without hassles or awkwardness. We work endlessly to make sure you save money every time you order online from our research chemicals <a href=\"https:\/\/researchchemicalshop.com\/shop\/\">nakupovat<\/a>. Our goal is to make our clients pay less and get more.<\/p>\n<h2>Product Information<\/h2>\n<ul>\n<li>Chemical Name \u2013 1-(2-Fluorophenyl)propan-2-amine<\/li>\n<li>CAS \u2013 1716-60-5<\/li>\n<li>Formula \u2013 C9H12FN<\/li>\n<li>Molar mass \u2013 153.196 g\/mol<\/li>\n<li>Purity \u2013 \u226599.8%<\/li>\n<li>Appearance \u2013 white crystalline formula<\/li>\n<li>Storage : -20\u00b0<\/li>\n<li>Stability \u2013 2 Years<\/li>\n<\/ul>","protected":false},"excerpt":{"rendered":"<p>2-FA 2-FA is contemplated on a similar level as conventional amphetamines, it is protected to expect that simply like other substituted amphetamines with substitutions at comparative situations (with the outstanding&hellip;<\/p>\n<p class=\"product woocommerce add_to_cart_inline\" style=\"border:4px solid #ccc; padding: 12px;\"><span class=\"woocommerce-Price-amount amount\" aria-hidden=\"true\"><bdi><span class=\"woocommerce-Price-currencySymbol\">&euro;<\/span>150.00<\/bdi><\/span> <span aria-hidden=\"true\">&ndash;<\/span> <span class=\"woocommerce-Price-amount amount\" aria-hidden=\"true\"><bdi><span class=\"woocommerce-Price-currencySymbol\">&euro;<\/span>2,500.00<\/bdi><\/span><span class=\"screen-reader-text\" data-no-translation=\"\" data-trp-gettext=\"\">Rozp\u011bt\u00ed cen: &euro;150.00 a\u017e &euro;2,500.00<\/span><a href=\"https:\/\/frcs-research.com\/cs\/product\/2-fa\/\" aria-describedby=\"woocommerce_loop_add_to_cart_link_describedby_1581\" data-quantity=\"1\" class=\"button product_type_variable add_to_cart_button\" data-product_id=\"1581\" data-product_sku=\"\" aria-label=\"Vyberte nastaven\u00ed pro \u201e2-FA\u201c\" rel=\"nofollow\" data-no-translation=\"\" data-trp-gettext=\"\" data-no-translation-aria-label=\"\">V\u00fdb\u011br mo\u017enost\u00ed<\/a>\t<span id=\"woocommerce_loop_add_to_cart_link_describedby_1581\" class=\"screen-reader-text\"><br \/>\n\t\tTento produkt m\u00e1 v\u00edce variant. Mo\u017enosti lze vybrat na str\u00e1nce produktu\t<\/span><\/p>","protected":false},"featured_media":1588,"comment_status":"closed","ping_status":"closed","template":"","meta":{"_uag_custom_page_level_css":""},"product_brand":[],"product_cat":[25],"product_tag":[1284,1228,1285,1286,1287,1288,1289,212,1290,1291,1292,1293,1294,1295,1296,1297,1298,397,1299,1300,400,401,402,403,404,405,406,1301,421,422,424,425,426,427,428,429,430,431,432,433,434,435,436,437,438,439,440,441,442,443,444,445,446,447,449,450,451,452,453,456],"class_list":{"0":"post-1581","1":"product","2":"type-product","3":"status-publish","4":"has-post-thumbnail","6":"product_cat-synthetic-cannabinoids","7":"product_tag-2-fa","8":"product_tag-2-fa-2-fma","9":"product_tag-2-fa-buy","10":"product_tag-2-fa-code","11":"product_tag-2-fa-code-kucoin","12":"product_tag-2-fa-dosage","13":"product_tag-2-fa-drug","14":"product_tag-2-fa-for-sale","15":"product_tag-2-fa-iv","16":"product_tag-2-fa-kaufen","17":"product_tag-2-fa-kopen","18":"product_tag-2-fa-legal-status","19":"product_tag-2-fa-legality","20":"product_tag-2-fa-required","21":"product_tag-2-fa-research-chemical","22":"product_tag-2-fa-vs-2-fma-reddit","23":"product_tag-2-fa-wiki","24":"product_tag-2c-research-chemical","25":"product_tag-buy-2-fa","26":"product_tag-buy-2-fa-usa","27":"product_tag-buy-research-chemical","28":"product_tag-buy-research-chemicals","29":"product_tag-buy-research-chemicals-online","30":"product_tag-cabergoline-research-chemical","31":"product_tag-canadian-research-chemicals","32":"product_tag-domestic-research-chemicals","33":"product_tag-enclomiphene-research-chemical","34":"product_tag-kucoin-2-fa-code","35":"product_tag-legal-research-chemicals","36":"product_tag-opioid-research-chemicals","37":"product_tag-order-research-chemicals","38":"product_tag-quality-research-chemicals","39":"product_tag-reddit-research-chemicals","40":"product_tag-research-chemical","41":"product_tag-research-chemical-drugs","42":"product_tag-research-chemical-forum","43":"product_tag-research-chemical-opiates","44":"product_tag-research-chemical-reddit","45":"product_tag-research-chemical-shop","46":"product_tag-research-chemical-sources","47":"product_tag-research-chemical-store","48":"product_tag-research-chemical-supply","49":"product_tag-research-chemical-vendor-usa","50":"product_tag-research-chemical-vendors","51":"product_tag-research-chemical-vendors-reddit","52":"product_tag-research-chemicals","53":"product_tag-research-chemicals-for-sale","54":"product_tag-research-chemicals-kopen","55":"product_tag-research-chemicals-online","56":"product_tag-research-chemicals-reddit","57":"product_tag-research-chemicals-sale","58":"product_tag-research-chemicals-store","59":"product_tag-semaglutide-research-chemical","60":"product_tag-sunnyside-research-chemicals","61":"product_tag-tadalafil-research-chemical","62":"product_tag-tirzepatide-research-chemical","63":"product_tag-tirzepatide-research-chemical-for-sale","64":"product_tag-toronto-research-chemicals","65":"product_tag-what-are-research-chemicals","66":"product_tag-where-to-buy-research-chemicals","68":"first","69":"instock","70":"shipping-taxable","71":"purchasable","72":"product-type-variable"},"yoast_head":"<!-- This site is optimized with the Yoast SEO plugin v27.1.1 - https:\/\/yoast.com\/product\/yoast-seo-wordpress\/ -->\n<title>2-FA - wholesale supplier of research chemicals, 4mmc, 3mmc, MDPHP, Alpha PVP and more<\/title>\n<meta name=\"robots\" content=\"index, follow, max-snippet:-1, max-image-preview:large, max-video-preview:-1\" \/>\n<link rel=\"canonical\" href=\"https:\/\/frcs-research.com\/cs\/product\/2-fa\/\" \/>\n<meta property=\"og:locale\" content=\"cs_CZ\" \/>\n<meta property=\"og:type\" content=\"article\" \/>\n<meta property=\"og:title\" content=\"2-FA - wholesale supplier of research chemicals, 4mmc, 3mmc, MDPHP, Alpha PVP and more\" \/>\n<meta property=\"og:description\" content=\"2-FA 2-FA is contemplated on a similar level as conventional amphetamines, it is protected to expect that simply like other substituted amphetamines with substitutions at comparative situations (with the outstanding&hellip;&euro;150.00 &ndash; &euro;2,500.00Rozp\u011bt\u00ed cen: &euro;150.00 a\u017e &euro;2,500.00V\u00fdb\u011br mo\u017enost\u00ed  Tento produkt m\u00e1 v\u00edce variant. Mo\u017enosti lze vybrat na str\u00e1nce produktu\" \/>\n<meta property=\"og:url\" content=\"https:\/\/frcs-research.com\/cs\/product\/2-fa\/\" \/>\n<meta property=\"og:site_name\" content=\"wholesale supplier of research chemicals, 4mmc, 3mmc, MDPHP, Alpha PVP and more\" \/>\n<meta property=\"article:modified_time\" content=\"2026-04-20T00:32:36+00:00\" \/>\n<meta name=\"twitter:card\" content=\"summary_large_image\" \/>\n<meta name=\"twitter:label1\" content=\"Dostupnost\" \/>\n\t<meta name=\"twitter:data1\" content=\"Skladem\" \/>\n<script type=\"application\/ld+json\" class=\"yoast-schema-graph\">{\"@context\":\"https:\/\/schema.org\",\"@graph\":[{\"@type\":[\"WebPage\",\"ItemPage\"],\"@id\":\"https:\/\/frcs-research.com\/product\/2-fa\/\",\"url\":\"https:\/\/frcs-research.com\/product\/2-fa\/\",\"name\":\"2-FA - wholesale supplier of research chemicals, 4mmc, 3mmc, MDPHP, Alpha PVP and more\",\"isPartOf\":{\"@id\":\"https:\/\/frcs-research.com\/#website\"},\"primaryImageOfPage\":{\"@id\":\"https:\/\/frcs-research.com\/product\/2-fa\/#primaryimage\"},\"image\":{\"@id\":\"https:\/\/frcs-research.com\/product\/2-fa\/#primaryimage\"},\"thumbnailUrl\":\"https:\/\/frcs-research.com\/wp-content\/uploads\/2026\/01\/2-FA.jpg\",\"datePublished\":\"2026-01-29T18:56:20+00:00\",\"dateModified\":\"2026-04-20T00:32:36+00:00\",\"breadcrumb\":{\"@id\":\"https:\/\/frcs-research.com\/product\/2-fa\/#breadcrumb\"},\"inLanguage\":\"cs\",\"potentialAction\":[{\"@type\":\"ReadAction\",\"target\":[\"https:\/\/frcs-research.com\/product\/2-fa\/\"]}]},{\"@type\":\"ImageObject\",\"inLanguage\":\"cs\",\"@id\":\"https:\/\/frcs-research.com\/product\/2-fa\/#primaryimage\",\"url\":\"https:\/\/frcs-research.com\/wp-content\/uploads\/2026\/01\/2-FA.jpg\",\"contentUrl\":\"https:\/\/frcs-research.com\/wp-content\/uploads\/2026\/01\/2-FA.jpg\",\"width\":600,\"height\":600},{\"@type\":\"BreadcrumbList\",\"@id\":\"https:\/\/frcs-research.com\/product\/2-fa\/#breadcrumb\",\"itemListElement\":[{\"@type\":\"ListItem\",\"position\":1,\"name\":\"Home\",\"item\":\"https:\/\/frcs-research.com\/\"},{\"@type\":\"ListItem\",\"position\":2,\"name\":\"Shop\",\"item\":\"https:\/\/frcs-research.com\/shop\/\"},{\"@type\":\"ListItem\",\"position\":3,\"name\":\"2-FA\"}]},{\"@type\":\"WebSite\",\"@id\":\"https:\/\/frcs-research.com\/#website\",\"url\":\"https:\/\/frcs-research.com\/\",\"name\":\"wholesale supplier of research chemicals, 4mmc, 3mmc, MDPHP, Alpha PVP and more\",\"description\":\"Wholesale research chemicals\",\"potentialAction\":[{\"@type\":\"SearchAction\",\"target\":{\"@type\":\"EntryPoint\",\"urlTemplate\":\"https:\/\/frcs-research.com\/?s={search_term_string}\"},\"query-input\":{\"@type\":\"PropertyValueSpecification\",\"valueRequired\":true,\"valueName\":\"search_term_string\"}}],\"inLanguage\":\"cs\"}]}<\/script>\n<meta property=\"og:availability\" content=\"instock\" \/>\n<meta property=\"product:availability\" content=\"instock\" \/>\n<meta property=\"product:condition\" content=\"new\" \/>\n<!-- \/ Yoast SEO plugin. -->","yoast_head_json":{"title":"2-FA - wholesale supplier of research chemicals, 4mmc, 3mmc, MDPHP, Alpha PVP and more","robots":{"index":"index","follow":"follow","max-snippet":"max-snippet:-1","max-image-preview":"max-image-preview:large","max-video-preview":"max-video-preview:-1"},"canonical":"https:\/\/frcs-research.com\/cs\/product\/2-fa\/","og_locale":"cs_CZ","og_type":"article","og_title":"2-FA - wholesale supplier of research chemicals, 4mmc, 3mmc, MDPHP, Alpha PVP and more","og_description":"2-FA 2-FA is contemplated on a similar level as conventional amphetamines, it is protected to expect that simply like other substituted amphetamines with substitutions at comparative situations (with the outstanding&hellip;&euro;150.00 &ndash; &euro;2,500.00Rozp\u011bt\u00ed cen: &euro;150.00 a\u017e &euro;2,500.00V\u00fdb\u011br mo\u017enost\u00ed  Tento produkt m\u00e1 v\u00edce variant. Mo\u017enosti lze vybrat na str\u00e1nce produktu","og_url":"https:\/\/frcs-research.com\/cs\/product\/2-fa\/","og_site_name":"wholesale supplier of research chemicals, 4mmc, 3mmc, MDPHP, Alpha PVP and more","article_modified_time":"2026-04-20T00:32:36+00:00","twitter_card":"summary_large_image","twitter_misc":{"Dostupnost":"Skladem"},"schema":{"@context":"https:\/\/schema.org","@graph":[{"@type":["WebPage","ItemPage"],"@id":"https:\/\/frcs-research.com\/product\/2-fa\/","url":"https:\/\/frcs-research.com\/product\/2-fa\/","name":"2-FA - wholesale supplier of research chemicals, 4mmc, 3mmc, MDPHP, Alpha PVP and more","isPartOf":{"@id":"https:\/\/frcs-research.com\/#website"},"primaryImageOfPage":{"@id":"https:\/\/frcs-research.com\/product\/2-fa\/#primaryimage"},"image":{"@id":"https:\/\/frcs-research.com\/product\/2-fa\/#primaryimage"},"thumbnailUrl":"https:\/\/frcs-research.com\/wp-content\/uploads\/2026\/01\/2-FA.jpg","datePublished":"2026-01-29T18:56:20+00:00","dateModified":"2026-04-20T00:32:36+00:00","breadcrumb":{"@id":"https:\/\/frcs-research.com\/product\/2-fa\/#breadcrumb"},"inLanguage":"cs","potentialAction":[{"@type":"ReadAction","target":["https:\/\/frcs-research.com\/product\/2-fa\/"]}]},{"@type":"ImageObject","inLanguage":"cs","@id":"https:\/\/frcs-research.com\/product\/2-fa\/#primaryimage","url":"https:\/\/frcs-research.com\/wp-content\/uploads\/2026\/01\/2-FA.jpg","contentUrl":"https:\/\/frcs-research.com\/wp-content\/uploads\/2026\/01\/2-FA.jpg","width":600,"height":600},{"@type":"BreadcrumbList","@id":"https:\/\/frcs-research.com\/product\/2-fa\/#breadcrumb","itemListElement":[{"@type":"ListItem","position":1,"name":"Home","item":"https:\/\/frcs-research.com\/"},{"@type":"ListItem","position":2,"name":"Shop","item":"https:\/\/frcs-research.com\/shop\/"},{"@type":"ListItem","position":3,"name":"2-FA"}]},{"@type":"WebSite","@id":"https:\/\/frcs-research.com\/#website","url":"https:\/\/frcs-research.com\/","name":"velkoobchodn\u00ed dodavatel v\u00fdzkumn\u00fdch chemik\u00e1li\u00ed, 4mmc, 3mmc, MDPHP, Alpha PVP a dal\u0161\u00ed","description":"Velkoobchodn\u00ed v\u00fdzkum chemik\u00e1li\u00ed","potentialAction":[{"@type":"SearchAction","target":{"@type":"EntryPoint","urlTemplate":"https:\/\/frcs-research.com\/?s={search_term_string}"},"query-input":{"@type":"PropertyValueSpecification","valueRequired":true,"valueName":"search_term_string"}}],"inLanguage":"cs"}]},"og_availability":"instock","product_availability":"instock","product_condition":"new"},"uagb_featured_image_src":{"full":["https:\/\/frcs-research.com\/wp-content\/uploads\/2026\/01\/2-FA.jpg",600,600,false],"thumbnail":["https:\/\/frcs-research.com\/wp-content\/uploads\/2026\/01\/2-FA-150x150.jpg",150,150,true],"medium":["https:\/\/frcs-research.com\/wp-content\/uploads\/2026\/01\/2-FA-300x300.jpg",300,300,true],"medium_large":["https:\/\/frcs-research.com\/wp-content\/uploads\/2026\/01\/2-FA.jpg",600,600,false],"large":["https:\/\/frcs-research.com\/wp-content\/uploads\/2026\/01\/2-FA.jpg",600,600,false],"1536x1536":["https:\/\/frcs-research.com\/wp-content\/uploads\/2026\/01\/2-FA.jpg",600,600,false],"2048x2048":["https:\/\/frcs-research.com\/wp-content\/uploads\/2026\/01\/2-FA.jpg",600,600,false],"trp-custom-language-flag":["https:\/\/frcs-research.com\/wp-content\/uploads\/2026\/01\/2-FA-12x12.jpg",12,12,true],"post-thumbnail":["https:\/\/frcs-research.com\/wp-content\/uploads\/2026\/01\/2-FA.jpg",600,600,false],"elite-commerce-slider":["https:\/\/frcs-research.com\/wp-content\/uploads\/2026\/01\/2-FA.jpg",600,600,false],"elite-commerce-hero":["https:\/\/frcs-research.com\/wp-content\/uploads\/2026\/01\/2-FA.jpg",600,600,false],"elite-commerce-portfolio":["https:\/\/frcs-research.com\/wp-content\/uploads\/2026\/01\/2-FA-400x400.jpg",400,400,true],"woocommerce_thumbnail":["https:\/\/frcs-research.com\/wp-content\/uploads\/2026\/01\/2-FA-300x300.jpg",300,300,true],"woocommerce_single":["https:\/\/frcs-research.com\/wp-content\/uploads\/2026\/01\/2-FA.jpg",600,600,false],"woocommerce_gallery_thumbnail":["https:\/\/frcs-research.com\/wp-content\/uploads\/2026\/01\/2-FA-100x100.jpg",100,100,true]},"uagb_author_info":{"display_name":"Richard Wood","author_link":"https:\/\/frcs-research.com\/cs\/author\/"},"uagb_comment_info":112,"uagb_excerpt":"2-FA 2-FA is contemplated on a similar level as conventional amphetamines, it is protected to expect that simply like other substituted amphetamines with substitutions at comparative situations (with the outstanding&hellip;&euro;150.00 &ndash; &euro;2,500.00Rozp\u011bt\u00ed cen: &euro;150.00 a\u017e &euro;2,500.00V\u00fdb\u011br mo\u017enost\u00ed Tento produkt m\u00e1 v\u00edce variant. Mo\u017enosti lze vybrat na str\u00e1nce produktu","_links":{"self":[{"href":"https:\/\/frcs-research.com\/cs\/wp-json\/wp\/v2\/product\/1581","targetHints":{"allow":["GET"]}}],"collection":[{"href":"https:\/\/frcs-research.com\/cs\/wp-json\/wp\/v2\/product"}],"about":[{"href":"https:\/\/frcs-research.com\/cs\/wp-json\/wp\/v2\/types\/product"}],"replies":[{"embeddable":true,"href":"https:\/\/frcs-research.com\/cs\/wp-json\/wp\/v2\/comments?post=1581"}],"wp:featuredmedia":[{"embeddable":true,"href":"https:\/\/frcs-research.com\/cs\/wp-json\/wp\/v2\/media\/1588"}],"wp:attachment":[{"href":"https:\/\/frcs-research.com\/cs\/wp-json\/wp\/v2\/media?parent=1581"}],"wp:term":[{"taxonomy":"product_brand","embeddable":true,"href":"https:\/\/frcs-research.com\/cs\/wp-json\/wp\/v2\/product_brand?post=1581"},{"taxonomy":"product_cat","embeddable":true,"href":"https:\/\/frcs-research.com\/cs\/wp-json\/wp\/v2\/product_cat?post=1581"},{"taxonomy":"product_tag","embeddable":true,"href":"https:\/\/frcs-research.com\/cs\/wp-json\/wp\/v2\/product_tag?post=1581"}],"curies":[{"name":"wp","href":"https:\/\/api.w.org\/{rel}","templated":true}]}}