{"id":695,"date":"2024-10-12T19:52:29","date_gmt":"2024-10-12T19:52:29","guid":{"rendered":"https:\/\/frcs-research.com\/?post_type=product&#038;p=695"},"modified":"2026-04-03T14:12:55","modified_gmt":"2026-04-03T14:12:55","slug":"alprazolam","status":"publish","type":"product","link":"https:\/\/frcs-research.com\/cs\/product\/alprazolam\/","title":{"rendered":"Alprazolam (Xanax) pr\u00e1\u0161ek"},"content":{"rendered":"<h1>Koupit pr\u00e1\u0161ek Alprayolam<\/h1>\n<p>Hled\u00e1te koupit <strong>Alprazolamov\u00fd pr\u00e1\u0161ek<\/strong> online? Tento siln\u00fd benzodiazepin, zn\u00e1m\u00fd jako Xanax, je \u00fa\u010dinn\u00fd p\u0159i zvl\u00e1d\u00e1n\u00ed \u00fazkostn\u00fdch a panick\u00fdch poruch. N\u00e1\u0161 vysoce kvalitn\u00ed pr\u00e1\u0161ek Xanax je k dispozici pro bezpe\u010dn\u00fd n\u00e1kup. Objednejte nyn\u00ed pro rychlou \u00falevu.<\/p>\n<p>V\u00edtejte na <a href=\"https:\/\/frcs-research.com\/cs\/\">FRCResearch<\/a>, v\u00e1\u0161 d\u016fv\u011bryhodn\u00fd zdroj pro <strong>Alprazolamov\u00fd pr\u00e1\u0161ek<\/strong>! Xanax je \u0161iroce uzn\u00e1v\u00e1n pro sv\u00e9 rychl\u00e9 p\u016fsoben\u00ed p\u0159i zm\u00edr\u0148ov\u00e1n\u00ed \u00fazkosti a z\u00e1chvat\u016f paniky. N\u00e1\u0161 prvot\u0159\u00eddn\u00ed pr\u00e1\u0161kov\u00fd Alprazolam umo\u017e\u0148uje p\u0159esn\u00e9 d\u00e1vkov\u00e1n\u00ed p\u0159izp\u016fsoben\u00e9 va\u0161im pot\u0159eb\u00e1m. Kdy\u017e si u n\u00e1s koup\u00edte pr\u00e1\u0161ek Alprazolam, m\u016f\u017eete o\u010dek\u00e1vat diskr\u00e9tn\u00ed balen\u00ed, rychl\u00e9 odesl\u00e1n\u00ed a \u0161pi\u010dkov\u00fd z\u00e1kaznick\u00fd servis. Nenechte se zadr\u017eet \u00fazkost\u00ed \u2013 objednejte si pr\u00e1\u0161ek Xanax je\u0161t\u011b dnes a z\u00edskejte kontrolu!<\/p>","protected":false},"excerpt":{"rendered":"<p>Buy Alprayolam powder Looking to buy Alprazolam powder online? Known as Xanax, this potent benzodiazepine is effective for managing anxiety and panic disorders. Our high-quality Xanax powder is available for&hellip;<\/p>\n<p class=\"product woocommerce add_to_cart_inline\" style=\"border:4px solid #ccc; padding: 12px;\"><del aria-hidden=\"true\"><span class=\"woocommerce-Price-amount amount\"><bdi><span class=\"woocommerce-Price-currencySymbol\">&euro;<\/span>2,200.00<\/bdi><\/span><\/del> <span class=\"screen-reader-text\" data-no-translation=\"\" data-trp-gettext=\"\">P\u016fvodn\u00ed cena byla: &euro;2,200.00.<\/span><ins aria-hidden=\"true\"><span class=\"woocommerce-Price-amount amount\"><bdi><span class=\"woocommerce-Price-currencySymbol\">&euro;<\/span>2,100.00<\/bdi><\/span><\/ins><span class=\"screen-reader-text\" data-no-translation=\"\" data-trp-gettext=\"\">Aktu\u00e1ln\u00ed cena je: &euro;2,100.00.<\/span><a href=\"\/cs\/wp-json\/wp\/v2\/product\/695?add-to-cart=695\" aria-describedby=\"woocommerce_loop_add_to_cart_link_describedby_695\" data-quantity=\"1\" class=\"button product_type_simple add_to_cart_button ajax_add_to_cart\" data-product_id=\"695\" data-product_sku=\"\" aria-label=\"P\u0159idat do ko\u0161\u00edku: \u201cAlprazolam (Xanax) Powder\u201d\" rel=\"nofollow\" data-success_message=\"\u201eAlprazolam (Xanax) Powder\u201c byl p\u0159id\u00e1n do va\u0161eho ko\u0161\u00edku\" data-no-translation=\"\" data-trp-gettext=\"\" data-no-translation-aria-label=\"\" data-no-translation-data-success_message=\"\">P\u0159idat do ko\u0161\u00edku<\/a>\t<span id=\"woocommerce_loop_add_to_cart_link_describedby_695\" class=\"screen-reader-text\"><br \/>\n\t\t\t<\/span><\/p>","protected":false},"featured_media":698,"comment_status":"open","ping_status":"closed","template":"","meta":{"_uag_custom_page_level_css":""},"product_brand":[],"product_cat":[27],"product_tag":[255,248,30,254,249,256,32,250,251,31,253,252],"class_list":{"0":"post-695","1":"product","2":"type-product","3":"status-publish","4":"has-post-thumbnail","6":"product_cat-benzodiazepine-analogs","7":"product_tag-alprazolam-for-anxiety","8":"product_tag-alprazolam-powder","9":"product_tag-buy-alprazolam-online","10":"product_tag-buy-alprazolam-powder","11":"product_tag-buy-xanax-online","12":"product_tag-buy-xanax-prescription-online","13":"product_tag-order-xanax-for-anxiety-relief","14":"product_tag-order-xanax-powder","15":"product_tag-purchase-xanax","16":"product_tag-purchase-xanax-securely","17":"product_tag-where-to-buy-xanax","18":"product_tag-xanax-for-sale","20":"first","21":"instock","22":"sale","23":"shipping-taxable","24":"purchasable","25":"product-type-simple"},"yoast_head":"<!-- This site is optimized with the Yoast SEO plugin v27.1.1 - https:\/\/yoast.com\/product\/yoast-seo-wordpress\/ -->\n<title>Buy Alprazolam powder Online for Fast Anxiety Relief<\/title>\n<meta name=\"description\" content=\"Looking to buy Alprazolam powder? Known as Xanax, this effective benzodiazepine provides rapid relief for anxiety and panic disorders.\" \/>\n<meta name=\"robots\" content=\"index, follow, max-snippet:-1, max-image-preview:large, max-video-preview:-1\" \/>\n<link rel=\"canonical\" href=\"https:\/\/frcs-research.com\/cs\/product\/alprazolam\/\" \/>\n<meta property=\"og:locale\" content=\"cs_CZ\" \/>\n<meta property=\"og:type\" content=\"article\" \/>\n<meta property=\"og:title\" content=\"Buy Alprazolam powder Online for Fast Anxiety Relief\" \/>\n<meta property=\"og:description\" content=\"Looking to buy Alprazolam powder? Known as Xanax, this effective benzodiazepine provides rapid relief for anxiety and panic disorders.\" \/>\n<meta property=\"og:url\" content=\"https:\/\/frcs-research.com\/cs\/product\/alprazolam\/\" \/>\n<meta property=\"og:site_name\" content=\"wholesale supplier of research chemicals, 4mmc, 3mmc, MDPHP, Alpha PVP and more\" \/>\n<meta property=\"article:modified_time\" content=\"2026-04-03T14:12:55+00:00\" \/>\n<meta property=\"og:image\" content=\"https:\/\/frcs-research.com\/wp-content\/uploads\/2024\/10\/images.jpg\" \/>\n\t<meta property=\"og:image:width\" content=\"225\" \/>\n\t<meta property=\"og:image:height\" content=\"225\" \/>\n\t<meta property=\"og:image:type\" content=\"image\/jpeg\" \/>\n<meta name=\"twitter:card\" content=\"summary_large_image\" \/>\n<meta name=\"twitter:label1\" content=\"Cena\" \/>\n\t<meta name=\"twitter:data1\" content=\"&euro;2,100.00\" \/>\n\t<meta name=\"twitter:label2\" content=\"Dostupnost\" \/>\n\t<meta name=\"twitter:data2\" content=\"Skladem\" \/>\n<script type=\"application\/ld+json\" class=\"yoast-schema-graph\">{\"@context\":\"https:\/\/schema.org\",\"@graph\":[{\"@type\":[\"WebPage\",\"ItemPage\"],\"@id\":\"https:\/\/frcs-research.com\/product\/alprazolam\/\",\"url\":\"https:\/\/frcs-research.com\/product\/alprazolam\/\",\"name\":\"Buy Alprazolam powder Online for Fast Anxiety Relief\",\"isPartOf\":{\"@id\":\"https:\/\/frcs-research.com\/#website\"},\"primaryImageOfPage\":{\"@id\":\"https:\/\/frcs-research.com\/product\/alprazolam\/#primaryimage\"},\"image\":{\"@id\":\"https:\/\/frcs-research.com\/product\/alprazolam\/#primaryimage\"},\"thumbnailUrl\":\"https:\/\/frcs-research.com\/wp-content\/uploads\/2024\/10\/images.jpg\",\"datePublished\":\"2024-10-12T19:52:29+00:00\",\"dateModified\":\"2026-04-03T14:12:55+00:00\",\"description\":\"Looking to buy Alprazolam powder? Known as Xanax, this effective benzodiazepine provides rapid relief for anxiety and panic disorders.\",\"breadcrumb\":{\"@id\":\"https:\/\/frcs-research.com\/product\/alprazolam\/#breadcrumb\"},\"inLanguage\":\"cs\",\"potentialAction\":[{\"@type\":\"ReadAction\",\"target\":[\"https:\/\/frcs-research.com\/product\/alprazolam\/\"]}]},{\"@type\":\"ImageObject\",\"inLanguage\":\"cs\",\"@id\":\"https:\/\/frcs-research.com\/product\/alprazolam\/#primaryimage\",\"url\":\"https:\/\/frcs-research.com\/wp-content\/uploads\/2024\/10\/images.jpg\",\"contentUrl\":\"https:\/\/frcs-research.com\/wp-content\/uploads\/2024\/10\/images.jpg\",\"width\":225,\"height\":225},{\"@type\":\"BreadcrumbList\",\"@id\":\"https:\/\/frcs-research.com\/product\/alprazolam\/#breadcrumb\",\"itemListElement\":[{\"@type\":\"ListItem\",\"position\":1,\"name\":\"Home\",\"item\":\"https:\/\/frcs-research.com\/\"},{\"@type\":\"ListItem\",\"position\":2,\"name\":\"Shop\",\"item\":\"https:\/\/frcs-research.com\/shop\/\"},{\"@type\":\"ListItem\",\"position\":3,\"name\":\"Alprazolam (Xanax) Powder\"}]},{\"@type\":\"WebSite\",\"@id\":\"https:\/\/frcs-research.com\/#website\",\"url\":\"https:\/\/frcs-research.com\/\",\"name\":\"wholesale supplier of research chemicals, 4mmc, 3mmc, MDPHP, Alpha PVP and more\",\"description\":\"Wholesale research chemicals\",\"potentialAction\":[{\"@type\":\"SearchAction\",\"target\":{\"@type\":\"EntryPoint\",\"urlTemplate\":\"https:\/\/frcs-research.com\/?s={search_term_string}\"},\"query-input\":{\"@type\":\"PropertyValueSpecification\",\"valueRequired\":true,\"valueName\":\"search_term_string\"}}],\"inLanguage\":\"cs\"}]}<\/script>\n<meta property=\"product:price:amount\" content=\"2100.00\" \/>\n<meta property=\"product:price:currency\" content=\"EUR\" \/>\n<meta property=\"og:availability\" content=\"instock\" \/>\n<meta property=\"product:availability\" content=\"instock\" \/>\n<meta property=\"product:condition\" content=\"new\" \/>\n<!-- \/ Yoast SEO plugin. -->","yoast_head_json":{"title":"Koupit pr\u00e1\u0161ek Alprazolam online pro rychlou \u00falevu od \u00fazkosti","description":"Chcete si koupit pr\u00e1\u0161ek Alprazolam? Tento \u00fa\u010dinn\u00fd benzodiazepin, zn\u00e1m\u00fd jako Xanax, poskytuje rychlou \u00falevu p\u0159i \u00fazkostn\u00fdch a panick\u00fdch poruch\u00e1ch.","robots":{"index":"index","follow":"follow","max-snippet":"max-snippet:-1","max-image-preview":"max-image-preview:large","max-video-preview":"max-video-preview:-1"},"canonical":"https:\/\/frcs-research.com\/cs\/product\/alprazolam\/","og_locale":"cs_CZ","og_type":"article","og_title":"Buy Alprazolam powder Online for Fast Anxiety Relief","og_description":"Looking to buy Alprazolam powder? Known as Xanax, this effective benzodiazepine provides rapid relief for anxiety and panic disorders.","og_url":"https:\/\/frcs-research.com\/cs\/product\/alprazolam\/","og_site_name":"wholesale supplier of research chemicals, 4mmc, 3mmc, MDPHP, Alpha PVP and more","article_modified_time":"2026-04-03T14:12:55+00:00","og_image":[{"width":225,"height":225,"url":"https:\/\/frcs-research.com\/wp-content\/uploads\/2024\/10\/images.jpg","type":"image\/jpeg"}],"twitter_card":"summary_large_image","twitter_misc":{"Cena":"&euro;2,100.00","Dostupnost":"Skladem"},"schema":{"@context":"https:\/\/schema.org","@graph":[{"@type":["WebPage","ItemPage"],"@id":"https:\/\/frcs-research.com\/product\/alprazolam\/","url":"https:\/\/frcs-research.com\/product\/alprazolam\/","name":"Koupit pr\u00e1\u0161ek Alprazolam online pro rychlou \u00falevu od \u00fazkosti","isPartOf":{"@id":"https:\/\/frcs-research.com\/#website"},"primaryImageOfPage":{"@id":"https:\/\/frcs-research.com\/product\/alprazolam\/#primaryimage"},"image":{"@id":"https:\/\/frcs-research.com\/product\/alprazolam\/#primaryimage"},"thumbnailUrl":"https:\/\/frcs-research.com\/wp-content\/uploads\/2024\/10\/images.jpg","datePublished":"2024-10-12T19:52:29+00:00","dateModified":"2026-04-03T14:12:55+00:00","description":"Chcete si koupit pr\u00e1\u0161ek Alprazolam? Tento \u00fa\u010dinn\u00fd benzodiazepin, zn\u00e1m\u00fd jako Xanax, poskytuje rychlou \u00falevu p\u0159i \u00fazkostn\u00fdch a panick\u00fdch poruch\u00e1ch.","breadcrumb":{"@id":"https:\/\/frcs-research.com\/product\/alprazolam\/#breadcrumb"},"inLanguage":"cs","potentialAction":[{"@type":"ReadAction","target":["https:\/\/frcs-research.com\/product\/alprazolam\/"]}]},{"@type":"ImageObject","inLanguage":"cs","@id":"https:\/\/frcs-research.com\/product\/alprazolam\/#primaryimage","url":"https:\/\/frcs-research.com\/wp-content\/uploads\/2024\/10\/images.jpg","contentUrl":"https:\/\/frcs-research.com\/wp-content\/uploads\/2024\/10\/images.jpg","width":225,"height":225},{"@type":"BreadcrumbList","@id":"https:\/\/frcs-research.com\/product\/alprazolam\/#breadcrumb","itemListElement":[{"@type":"ListItem","position":1,"name":"Home","item":"https:\/\/frcs-research.com\/"},{"@type":"ListItem","position":2,"name":"Shop","item":"https:\/\/frcs-research.com\/shop\/"},{"@type":"ListItem","position":3,"name":"Alprazolam (Xanax) Powder"}]},{"@type":"WebSite","@id":"https:\/\/frcs-research.com\/#website","url":"https:\/\/frcs-research.com\/","name":"velkoobchodn\u00ed dodavatel v\u00fdzkumn\u00fdch chemik\u00e1li\u00ed, 4mmc, 3mmc, MDPHP, Alpha PVP a dal\u0161\u00ed","description":"Velkoobchodn\u00ed v\u00fdzkum chemik\u00e1li\u00ed","potentialAction":[{"@type":"SearchAction","target":{"@type":"EntryPoint","urlTemplate":"https:\/\/frcs-research.com\/?s={search_term_string}"},"query-input":{"@type":"PropertyValueSpecification","valueRequired":true,"valueName":"search_term_string"}}],"inLanguage":"cs"}]},"product_price_amount":"2100.00","product_price_currency":"EUR","og_availability":"instock","product_availability":"instock","product_condition":"new"},"uagb_featured_image_src":{"full":["https:\/\/frcs-research.com\/wp-content\/uploads\/2024\/10\/images.jpg",225,225,false],"thumbnail":["https:\/\/frcs-research.com\/wp-content\/uploads\/2024\/10\/images-150x150.jpg",150,150,true],"medium":["https:\/\/frcs-research.com\/wp-content\/uploads\/2024\/10\/images.jpg",225,225,false],"medium_large":["https:\/\/frcs-research.com\/wp-content\/uploads\/2024\/10\/images.jpg",225,225,false],"large":["https:\/\/frcs-research.com\/wp-content\/uploads\/2024\/10\/images.jpg",225,225,false],"1536x1536":["https:\/\/frcs-research.com\/wp-content\/uploads\/2024\/10\/images.jpg",225,225,false],"2048x2048":["https:\/\/frcs-research.com\/wp-content\/uploads\/2024\/10\/images.jpg",225,225,false],"trp-custom-language-flag":["https:\/\/frcs-research.com\/wp-content\/uploads\/2024\/10\/images.jpg",12,12,false],"post-thumbnail":["https:\/\/frcs-research.com\/wp-content\/uploads\/2024\/10\/images.jpg",225,225,false],"elite-commerce-slider":["https:\/\/frcs-research.com\/wp-content\/uploads\/2024\/10\/images.jpg",225,225,false],"elite-commerce-hero":["https:\/\/frcs-research.com\/wp-content\/uploads\/2024\/10\/images.jpg",225,225,false],"elite-commerce-portfolio":["https:\/\/frcs-research.com\/wp-content\/uploads\/2024\/10\/images.jpg",225,225,false],"woocommerce_thumbnail":["https:\/\/frcs-research.com\/wp-content\/uploads\/2024\/10\/images.jpg",225,225,false],"woocommerce_single":["https:\/\/frcs-research.com\/wp-content\/uploads\/2024\/10\/images.jpg",225,225,false],"woocommerce_gallery_thumbnail":["https:\/\/frcs-research.com\/wp-content\/uploads\/2024\/10\/images-100x100.jpg",100,100,true]},"uagb_author_info":{"display_name":"Richard Wood","author_link":"https:\/\/frcs-research.com\/cs\/author\/"},"uagb_comment_info":774,"uagb_excerpt":"Buy Alprayolam powder Looking to buy Alprazolam powder online? Known as Xanax, this potent benzodiazepine is effective for managing anxiety and panic disorders. Our high-quality Xanax powder is available for&hellip;&euro;2,200.00 P\u016fvodn\u00ed cena byla: &euro;2,200.00.&euro;2,100.00Aktu\u00e1ln\u00ed cena je: &euro;2,100.00.P\u0159idat do ko\u0161\u00edku","_links":{"self":[{"href":"https:\/\/frcs-research.com\/cs\/wp-json\/wp\/v2\/product\/695","targetHints":{"allow":["GET"]}}],"collection":[{"href":"https:\/\/frcs-research.com\/cs\/wp-json\/wp\/v2\/product"}],"about":[{"href":"https:\/\/frcs-research.com\/cs\/wp-json\/wp\/v2\/types\/product"}],"replies":[{"embeddable":true,"href":"https:\/\/frcs-research.com\/cs\/wp-json\/wp\/v2\/comments?post=695"}],"wp:featuredmedia":[{"embeddable":true,"href":"https:\/\/frcs-research.com\/cs\/wp-json\/wp\/v2\/media\/698"}],"wp:attachment":[{"href":"https:\/\/frcs-research.com\/cs\/wp-json\/wp\/v2\/media?parent=695"}],"wp:term":[{"taxonomy":"product_brand","embeddable":true,"href":"https:\/\/frcs-research.com\/cs\/wp-json\/wp\/v2\/product_brand?post=695"},{"taxonomy":"product_cat","embeddable":true,"href":"https:\/\/frcs-research.com\/cs\/wp-json\/wp\/v2\/product_cat?post=695"},{"taxonomy":"product_tag","embeddable":true,"href":"https:\/\/frcs-research.com\/cs\/wp-json\/wp\/v2\/product_tag?post=695"}],"curies":[{"name":"wp","href":"https:\/\/api.w.org\/{rel}","templated":true}]}}