{"id":701,"date":"2024-10-12T20:12:57","date_gmt":"2024-10-12T20:12:57","guid":{"rendered":"https:\/\/frcs-research.com\/?post_type=product&#038;p=701"},"modified":"2026-04-03T13:12:34","modified_gmt":"2026-04-03T13:12:34","slug":"koupit-klonazepamovy-prasek","status":"publish","type":"product","link":"https:\/\/frcs-research.com\/cs\/product\/koupit-klonazepamovy-prasek\/","title":{"rendered":"Clonazepam (Klonopin) pr\u00e1\u0161ek"},"content":{"rendered":"<h1>Kupte si pr\u00e1\u0161ek Clonazepam online \u2013 \u00fa\u010dinn\u00e1 l\u00e9\u010dba panick\u00e9 poruchy<\/h1>\n<p>&nbsp;<\/p>\n<p>Hled\u00e1te koupit <strong>Klonazepamov\u00fd pr\u00e1\u0161ek<\/strong> online? Tento benzodiazepin, zn\u00e1m\u00fd jako Klonopin, nab\u00edz\u00ed dlouhodobou \u00falevu p\u0159i panick\u00fdch poruch\u00e1ch a \u00fazkosti. Objednejte nyn\u00ed z d\u016fv\u011bryhodn\u00fdch zdroj\u016f pro kvalitu a bezpe\u010dnost!\u201d<\/p>\n<p>V\u00edtejte na <a href=\"https:\/\/frcs-research.com\/cs\/\">FRCResearch<\/a>, v\u00e1\u0161 obl\u00edben\u00fd zdroj pro <strong>Klonazepamov\u00fd pr\u00e1\u0161ek<\/strong>! Klonopin je dob\u0159e zn\u00e1m\u00fd pro svou \u00fa\u010dinnost p\u0159i zvl\u00e1d\u00e1n\u00ed panick\u00fdch poruch a \u00fazkosti. N\u00e1\u0161 vysoce kvalitn\u00ed pr\u00e1\u0161kov\u00fd Clonazepam umo\u017e\u0148uje p\u0159esn\u00e9 d\u00e1vkov\u00e1n\u00ed p\u0159izp\u016fsoben\u00e9 va\u0161im pot\u0159eb\u00e1m. Kdy\u017e si u n\u00e1s objedn\u00e1te pr\u00e1\u0161ek Klonopin, z\u00edsk\u00e1te rychlou dopravu, diskr\u00e9tn\u00ed balen\u00ed a vynikaj\u00edc\u00ed z\u00e1kaznick\u00fd servis. P\u0159evezm\u011bte kontrolu nad svou \u00fazkost\u00ed je\u0161t\u011b dnes<\/p>","protected":false},"excerpt":{"rendered":"<p>Buy Clonazepam Powder Online &#8211; Effective Panic Disorder Treatment &nbsp; Looking to buy Clonazepam powder online? Known as Klonopin, this benzodiazepine offers long-lasting relief for panic disorders and anxiety. Order&hellip;<\/p>\n<p class=\"product woocommerce add_to_cart_inline\" style=\"border:4px solid #ccc; padding: 12px;\"><del aria-hidden=\"true\"><span class=\"woocommerce-Price-amount amount\"><bdi><span class=\"woocommerce-Price-currencySymbol\">&euro;<\/span>1,400.00<\/bdi><\/span><\/del> <span class=\"screen-reader-text\" data-no-translation=\"\" data-trp-gettext=\"\">P\u016fvodn\u00ed cena byla: &euro;1,400.00.<\/span><ins aria-hidden=\"true\"><span class=\"woocommerce-Price-amount amount\"><bdi><span class=\"woocommerce-Price-currencySymbol\">&euro;<\/span>1,250.00<\/bdi><\/span><\/ins><span class=\"screen-reader-text\" data-no-translation=\"\" data-trp-gettext=\"\">Aktu\u00e1ln\u00ed cena je: &euro;1,250.00.<\/span><a href=\"\/cs\/wp-json\/wp\/v2\/product\/701?add-to-cart=701\" aria-describedby=\"woocommerce_loop_add_to_cart_link_describedby_701\" data-quantity=\"1\" class=\"button product_type_simple add_to_cart_button ajax_add_to_cart\" data-product_id=\"701\" data-product_sku=\"\" aria-label=\"P\u0159idat do ko\u0161\u00edku: \u201cClonazepam (Klonopin) Powder\u201d\" rel=\"nofollow\" data-success_message=\"\u201eClonazepam (Klonopin) Powder\u201c byl p\u0159id\u00e1n do va\u0161eho ko\u0161\u00edku\" data-no-translation=\"\" data-trp-gettext=\"\" data-no-translation-aria-label=\"\" data-no-translation-data-success_message=\"\">P\u0159idat do ko\u0161\u00edku<\/a>\t<span id=\"woocommerce_loop_add_to_cart_link_describedby_701\" class=\"screen-reader-text\"><br \/>\n\t\t\t<\/span><\/p>","protected":false},"featured_media":702,"comment_status":"open","ping_status":"closed","template":"","meta":{"_uag_custom_page_level_css":""},"product_brand":[],"product_cat":[27],"product_tag":[],"class_list":{"0":"post-701","1":"product","2":"type-product","3":"status-publish","4":"has-post-thumbnail","6":"product_cat-benzodiazepine-analogs","8":"first","9":"instock","10":"sale","11":"shipping-taxable","12":"purchasable","13":"product-type-simple"},"yoast_head":"<!-- This site is optimized with the Yoast SEO plugin v27.1.1 - https:\/\/yoast.com\/product\/yoast-seo-wordpress\/ -->\n<title>Buy Clonazepam Powder Online - Effective Panic Disorder Treat<\/title>\n<meta name=\"description\" content=\"&quot;Looking to buy Clonazepam powder online? Known as Klonopin, this benzodiazepine offers long-lasting relief for panic disorders and anxiety.\" \/>\n<meta name=\"robots\" content=\"index, follow, max-snippet:-1, max-image-preview:large, max-video-preview:-1\" \/>\n<link rel=\"canonical\" href=\"https:\/\/frcs-research.com\/cs\/product\/koupit-klonazepamovy-prasek\/\" \/>\n<meta property=\"og:locale\" content=\"cs_CZ\" \/>\n<meta property=\"og:type\" content=\"article\" \/>\n<meta property=\"og:title\" content=\"Buy Clonazepam Powder Online - Effective Panic Disorder Treat\" \/>\n<meta property=\"og:description\" content=\"&quot;Looking to buy Clonazepam powder online? Known as Klonopin, this benzodiazepine offers long-lasting relief for panic disorders and anxiety.\" \/>\n<meta property=\"og:url\" content=\"https:\/\/frcs-research.com\/cs\/product\/koupit-klonazepamovy-prasek\/\" \/>\n<meta property=\"og:site_name\" content=\"wholesale supplier of research chemicals, 4mmc, 3mmc, MDPHP, Alpha PVP and more\" \/>\n<meta property=\"article:modified_time\" content=\"2026-04-03T13:12:34+00:00\" \/>\n<meta property=\"og:image\" content=\"https:\/\/frcs-research.com\/wp-content\/uploads\/2024\/10\/download-3.jpg\" \/>\n\t<meta property=\"og:image:width\" content=\"225\" \/>\n\t<meta property=\"og:image:height\" content=\"225\" \/>\n\t<meta property=\"og:image:type\" content=\"image\/jpeg\" \/>\n<meta name=\"twitter:card\" content=\"summary_large_image\" \/>\n<meta name=\"twitter:label1\" content=\"Cena\" \/>\n\t<meta name=\"twitter:data1\" content=\"&euro;1,250.00\" \/>\n\t<meta name=\"twitter:label2\" content=\"Dostupnost\" \/>\n\t<meta name=\"twitter:data2\" content=\"Skladem\" \/>\n<script type=\"application\/ld+json\" class=\"yoast-schema-graph\">{\"@context\":\"https:\/\/schema.org\",\"@graph\":[{\"@type\":[\"WebPage\",\"ItemPage\"],\"@id\":\"https:\/\/frcs-research.com\/product\/buy-clonazepam-powder\/\",\"url\":\"https:\/\/frcs-research.com\/product\/buy-clonazepam-powder\/\",\"name\":\"Buy Clonazepam Powder Online - Effective Panic Disorder Treat\",\"isPartOf\":{\"@id\":\"https:\/\/frcs-research.com\/#website\"},\"primaryImageOfPage\":{\"@id\":\"https:\/\/frcs-research.com\/product\/buy-clonazepam-powder\/#primaryimage\"},\"image\":{\"@id\":\"https:\/\/frcs-research.com\/product\/buy-clonazepam-powder\/#primaryimage\"},\"thumbnailUrl\":\"https:\/\/frcs-research.com\/wp-content\/uploads\/2024\/10\/download-3.jpg\",\"datePublished\":\"2024-10-12T20:12:57+00:00\",\"dateModified\":\"2026-04-03T13:12:34+00:00\",\"description\":\"\\\"Looking to buy Clonazepam powder online? Known as Klonopin, this benzodiazepine offers long-lasting relief for panic disorders and anxiety.\",\"breadcrumb\":{\"@id\":\"https:\/\/frcs-research.com\/product\/buy-clonazepam-powder\/#breadcrumb\"},\"inLanguage\":\"cs\",\"potentialAction\":[{\"@type\":\"ReadAction\",\"target\":[\"https:\/\/frcs-research.com\/product\/buy-clonazepam-powder\/\"]}]},{\"@type\":\"ImageObject\",\"inLanguage\":\"cs\",\"@id\":\"https:\/\/frcs-research.com\/product\/buy-clonazepam-powder\/#primaryimage\",\"url\":\"https:\/\/frcs-research.com\/wp-content\/uploads\/2024\/10\/download-3.jpg\",\"contentUrl\":\"https:\/\/frcs-research.com\/wp-content\/uploads\/2024\/10\/download-3.jpg\",\"width\":225,\"height\":225,\"caption\":\"Clonazepam (Klonopin) Powder\"},{\"@type\":\"BreadcrumbList\",\"@id\":\"https:\/\/frcs-research.com\/product\/buy-clonazepam-powder\/#breadcrumb\",\"itemListElement\":[{\"@type\":\"ListItem\",\"position\":1,\"name\":\"Home\",\"item\":\"https:\/\/frcs-research.com\/\"},{\"@type\":\"ListItem\",\"position\":2,\"name\":\"Shop\",\"item\":\"https:\/\/frcs-research.com\/shop\/\"},{\"@type\":\"ListItem\",\"position\":3,\"name\":\"Clonazepam (Klonopin) Powder\"}]},{\"@type\":\"WebSite\",\"@id\":\"https:\/\/frcs-research.com\/#website\",\"url\":\"https:\/\/frcs-research.com\/\",\"name\":\"wholesale supplier of research chemicals, 4mmc, 3mmc, MDPHP, Alpha PVP and more\",\"description\":\"Wholesale research chemicals\",\"potentialAction\":[{\"@type\":\"SearchAction\",\"target\":{\"@type\":\"EntryPoint\",\"urlTemplate\":\"https:\/\/frcs-research.com\/?s={search_term_string}\"},\"query-input\":{\"@type\":\"PropertyValueSpecification\",\"valueRequired\":true,\"valueName\":\"search_term_string\"}}],\"inLanguage\":\"cs\"}]}<\/script>\n<meta property=\"product:price:amount\" content=\"1250.00\" \/>\n<meta property=\"product:price:currency\" content=\"EUR\" \/>\n<meta property=\"og:availability\" content=\"instock\" \/>\n<meta property=\"product:availability\" content=\"instock\" \/>\n<meta property=\"product:condition\" content=\"new\" \/>\n<!-- \/ Yoast SEO plugin. -->","yoast_head_json":{"title":"Kupte si pr\u00e1\u0161ek Clonazepam online \u2013 \u00fa\u010dinn\u00e1 l\u00e9\u010dba panick\u00e9 poruchy","description":"&quot;Chcete koupit Clonazepam pr\u00e1\u0161ek online? Zn\u00e1m\u00fd jako Klonopin, tento benzodiazepin nab\u00edz\u00ed dlouhotrvaj\u00edc\u00ed \u00falevu p\u0159i panick\u00fdch poruch\u00e1ch a \u00fazkosti.","robots":{"index":"index","follow":"follow","max-snippet":"max-snippet:-1","max-image-preview":"max-image-preview:large","max-video-preview":"max-video-preview:-1"},"canonical":"https:\/\/frcs-research.com\/cs\/product\/koupit-klonazepamovy-prasek\/","og_locale":"cs_CZ","og_type":"article","og_title":"Buy Clonazepam Powder Online - Effective Panic Disorder Treat","og_description":"\"Looking to buy Clonazepam powder online? Known as Klonopin, this benzodiazepine offers long-lasting relief for panic disorders and anxiety.","og_url":"https:\/\/frcs-research.com\/cs\/product\/koupit-klonazepamovy-prasek\/","og_site_name":"wholesale supplier of research chemicals, 4mmc, 3mmc, MDPHP, Alpha PVP and more","article_modified_time":"2026-04-03T13:12:34+00:00","og_image":[{"width":225,"height":225,"url":"https:\/\/frcs-research.com\/wp-content\/uploads\/2024\/10\/download-3.jpg","type":"image\/jpeg"}],"twitter_card":"summary_large_image","twitter_misc":{"Cena":"&euro;1,250.00","Dostupnost":"Skladem"},"schema":{"@context":"https:\/\/schema.org","@graph":[{"@type":["WebPage","ItemPage"],"@id":"https:\/\/frcs-research.com\/product\/buy-clonazepam-powder\/","url":"https:\/\/frcs-research.com\/product\/buy-clonazepam-powder\/","name":"Kupte si pr\u00e1\u0161ek Clonazepam online \u2013 \u00fa\u010dinn\u00e1 l\u00e9\u010dba panick\u00e9 poruchy","isPartOf":{"@id":"https:\/\/frcs-research.com\/#website"},"primaryImageOfPage":{"@id":"https:\/\/frcs-research.com\/product\/buy-clonazepam-powder\/#primaryimage"},"image":{"@id":"https:\/\/frcs-research.com\/product\/buy-clonazepam-powder\/#primaryimage"},"thumbnailUrl":"https:\/\/frcs-research.com\/wp-content\/uploads\/2024\/10\/download-3.jpg","datePublished":"2024-10-12T20:12:57+00:00","dateModified":"2026-04-03T13:12:34+00:00","description":"&quot;Chcete koupit Clonazepam pr\u00e1\u0161ek online? Zn\u00e1m\u00fd jako Klonopin, tento benzodiazepin nab\u00edz\u00ed dlouhotrvaj\u00edc\u00ed \u00falevu p\u0159i panick\u00fdch poruch\u00e1ch a \u00fazkosti.","breadcrumb":{"@id":"https:\/\/frcs-research.com\/product\/buy-clonazepam-powder\/#breadcrumb"},"inLanguage":"cs","potentialAction":[{"@type":"ReadAction","target":["https:\/\/frcs-research.com\/product\/buy-clonazepam-powder\/"]}]},{"@type":"ImageObject","inLanguage":"cs","@id":"https:\/\/frcs-research.com\/product\/buy-clonazepam-powder\/#primaryimage","url":"https:\/\/frcs-research.com\/wp-content\/uploads\/2024\/10\/download-3.jpg","contentUrl":"https:\/\/frcs-research.com\/wp-content\/uploads\/2024\/10\/download-3.jpg","width":225,"height":225,"caption":"Clonazepam (Klonopin) Powder"},{"@type":"BreadcrumbList","@id":"https:\/\/frcs-research.com\/product\/buy-clonazepam-powder\/#breadcrumb","itemListElement":[{"@type":"ListItem","position":1,"name":"Home","item":"https:\/\/frcs-research.com\/"},{"@type":"ListItem","position":2,"name":"Shop","item":"https:\/\/frcs-research.com\/shop\/"},{"@type":"ListItem","position":3,"name":"Clonazepam (Klonopin) Powder"}]},{"@type":"WebSite","@id":"https:\/\/frcs-research.com\/#website","url":"https:\/\/frcs-research.com\/","name":"velkoobchodn\u00ed dodavatel v\u00fdzkumn\u00fdch chemik\u00e1li\u00ed, 4mmc, 3mmc, MDPHP, Alpha PVP a dal\u0161\u00ed","description":"Velkoobchodn\u00ed v\u00fdzkum chemik\u00e1li\u00ed","potentialAction":[{"@type":"SearchAction","target":{"@type":"EntryPoint","urlTemplate":"https:\/\/frcs-research.com\/?s={search_term_string}"},"query-input":{"@type":"PropertyValueSpecification","valueRequired":true,"valueName":"search_term_string"}}],"inLanguage":"cs"}]},"product_price_amount":"1250.00","product_price_currency":"EUR","og_availability":"instock","product_availability":"instock","product_condition":"new"},"uagb_featured_image_src":{"full":["https:\/\/frcs-research.com\/wp-content\/uploads\/2024\/10\/download-3.jpg",225,225,false],"thumbnail":["https:\/\/frcs-research.com\/wp-content\/uploads\/2024\/10\/download-3-150x150.jpg",150,150,true],"medium":["https:\/\/frcs-research.com\/wp-content\/uploads\/2024\/10\/download-3.jpg",225,225,false],"medium_large":["https:\/\/frcs-research.com\/wp-content\/uploads\/2024\/10\/download-3.jpg",225,225,false],"large":["https:\/\/frcs-research.com\/wp-content\/uploads\/2024\/10\/download-3.jpg",225,225,false],"1536x1536":["https:\/\/frcs-research.com\/wp-content\/uploads\/2024\/10\/download-3.jpg",225,225,false],"2048x2048":["https:\/\/frcs-research.com\/wp-content\/uploads\/2024\/10\/download-3.jpg",225,225,false],"trp-custom-language-flag":["https:\/\/frcs-research.com\/wp-content\/uploads\/2024\/10\/download-3.jpg",12,12,false],"post-thumbnail":["https:\/\/frcs-research.com\/wp-content\/uploads\/2024\/10\/download-3.jpg",225,225,false],"elite-commerce-slider":["https:\/\/frcs-research.com\/wp-content\/uploads\/2024\/10\/download-3.jpg",225,225,false],"elite-commerce-hero":["https:\/\/frcs-research.com\/wp-content\/uploads\/2024\/10\/download-3.jpg",225,225,false],"elite-commerce-portfolio":["https:\/\/frcs-research.com\/wp-content\/uploads\/2024\/10\/download-3.jpg",225,225,false],"woocommerce_thumbnail":["https:\/\/frcs-research.com\/wp-content\/uploads\/2024\/10\/download-3.jpg",225,225,false],"woocommerce_single":["https:\/\/frcs-research.com\/wp-content\/uploads\/2024\/10\/download-3.jpg",225,225,false],"woocommerce_gallery_thumbnail":["https:\/\/frcs-research.com\/wp-content\/uploads\/2024\/10\/download-3-100x100.jpg",100,100,true]},"uagb_author_info":{"display_name":"Richard Wood","author_link":"https:\/\/frcs-research.com\/cs\/author\/"},"uagb_comment_info":801,"uagb_excerpt":"Buy Clonazepam Powder Online &#8211; Effective Panic Disorder Treatment &nbsp; Looking to buy Clonazepam powder online? Known as Klonopin, this benzodiazepine offers long-lasting relief for panic disorders and anxiety. Order&hellip;&euro;1,400.00 P\u016fvodn\u00ed cena byla: &euro;1,400.00.&euro;1,250.00Aktu\u00e1ln\u00ed cena je: &euro;1,250.00.P\u0159idat do ko\u0161\u00edku","_links":{"self":[{"href":"https:\/\/frcs-research.com\/cs\/wp-json\/wp\/v2\/product\/701","targetHints":{"allow":["GET"]}}],"collection":[{"href":"https:\/\/frcs-research.com\/cs\/wp-json\/wp\/v2\/product"}],"about":[{"href":"https:\/\/frcs-research.com\/cs\/wp-json\/wp\/v2\/types\/product"}],"replies":[{"embeddable":true,"href":"https:\/\/frcs-research.com\/cs\/wp-json\/wp\/v2\/comments?post=701"}],"wp:featuredmedia":[{"embeddable":true,"href":"https:\/\/frcs-research.com\/cs\/wp-json\/wp\/v2\/media\/702"}],"wp:attachment":[{"href":"https:\/\/frcs-research.com\/cs\/wp-json\/wp\/v2\/media?parent=701"}],"wp:term":[{"taxonomy":"product_brand","embeddable":true,"href":"https:\/\/frcs-research.com\/cs\/wp-json\/wp\/v2\/product_brand?post=701"},{"taxonomy":"product_cat","embeddable":true,"href":"https:\/\/frcs-research.com\/cs\/wp-json\/wp\/v2\/product_cat?post=701"},{"taxonomy":"product_tag","embeddable":true,"href":"https:\/\/frcs-research.com\/cs\/wp-json\/wp\/v2\/product_tag?post=701"}],"curies":[{"name":"wp","href":"https:\/\/api.w.org\/{rel}","templated":true}]}}