{"id":708,"date":"2024-10-12T20:36:24","date_gmt":"2024-10-12T20:36:24","guid":{"rendered":"https:\/\/frcs-research.com\/?post_type=product&#038;p=708"},"modified":"2026-04-02T02:02:24","modified_gmt":"2026-04-02T02:02:24","slug":"koupit-prasek-zolpidemu","status":"publish","type":"product","link":"https:\/\/frcs-research.com\/cs\/product\/koupit-prasek-zolpidemu\/","title":{"rendered":"Zolpidem (Ambien) pr\u00e1\u0161ek"},"content":{"rendered":"<h1>Kupte si Zolpidem pr\u00e1\u0161ek online \u2013 \u00fa\u010dinn\u00e1 pomoc p\u0159i sp\u00e1nku<\/h1>\n<p>N\u00e1kup <strong>Zolpidem pr\u00e1\u0161ek<\/strong> online pro \u00fa\u010dinnou l\u00e9\u010dbu nespavosti. Ambien v\u00e1m pom\u016f\u017ee rychle usnout. Nakupujte nyn\u00ed od d\u016fv\u011bryhodn\u00fdch prodejc\u016f pro klidn\u00e9 noci!\u201c<\/p>\n<p>Na <a href=\"https:\/\/frcs-research.com\/cs\/\">FRCResearch<\/a>, poskytujeme vysoce kvalitn\u00ed <strong>Zolpidem pr\u00e1\u0161ek<\/strong> pro ty, kte\u0159\u00ed bojuj\u00ed s nespavost\u00ed. Tato rychle p\u016fsob\u00edc\u00ed pom\u016fcka na span\u00ed, zn\u00e1m\u00e1 jako Ambien, zaji\u0161\u0165uje, \u017ee m\u016f\u017eete rychle usnout a u\u017e\u00edt si klidnou noc. N\u00e1\u0161 pr\u00e1\u0161kov\u00fd Zolpidem umo\u017e\u0148uje p\u0159esn\u00e9 d\u00e1vkov\u00e1n\u00ed, co\u017e v\u00e1m d\u00e1v\u00e1 kontrolu nad sp\u00e1nkem. D\u00edky diskr\u00e9tn\u00edmu balen\u00ed a rychl\u00e9mu odesl\u00e1n\u00ed je objedn\u00e1n\u00ed pr\u00e1\u0161ku Zolpidem od n\u00e1s bezpe\u010dn\u00e9 a bezprobl\u00e9mov\u00e9. Nenechte bezesn\u00e9 noci ovlivnit v\u00e1\u0161 \u017eivot \u2013 kupte si pr\u00e1\u0161ek Zolpidem je\u0161t\u011b dnes!<\/p>","protected":false},"excerpt":{"rendered":"<p>Buy Zolpidem Powder Online &#8211; Effective Sleep Aid Purchase Zolpidem powder online for effective insomnia treatment. Ambien helps you fall asleep quickly. Buy now from trusted vendors for restful nights!&#8221;&hellip;<\/p>\n<p class=\"product woocommerce add_to_cart_inline\" style=\"border:4px solid #ccc; padding: 12px;\"><del aria-hidden=\"true\"><span class=\"woocommerce-Price-amount amount\"><bdi><span class=\"woocommerce-Price-currencySymbol\">&euro;<\/span>1,400.00<\/bdi><\/span><\/del> <span class=\"screen-reader-text\" data-no-translation=\"\" data-trp-gettext=\"\">P\u016fvodn\u00ed cena byla: &euro;1,400.00.<\/span><ins aria-hidden=\"true\"><span class=\"woocommerce-Price-amount amount\"><bdi><span class=\"woocommerce-Price-currencySymbol\">&euro;<\/span>1,300.00<\/bdi><\/span><\/ins><span class=\"screen-reader-text\" data-no-translation=\"\" data-trp-gettext=\"\">Aktu\u00e1ln\u00ed cena je: &euro;1,300.00.<\/span><a href=\"\/cs\/wp-json\/wp\/v2\/product\/708?add-to-cart=708\" aria-describedby=\"woocommerce_loop_add_to_cart_link_describedby_708\" data-quantity=\"1\" class=\"button product_type_simple add_to_cart_button ajax_add_to_cart\" data-product_id=\"708\" data-product_sku=\"\" aria-label=\"P\u0159idat do ko\u0161\u00edku: \u201cZolpidem (Ambien) Powder\u201d\" rel=\"nofollow\" data-success_message=\"\u201eZolpidem (Ambien) Powder\u201c byl p\u0159id\u00e1n do va\u0161eho ko\u0161\u00edku\" data-no-translation=\"\" data-trp-gettext=\"\" data-no-translation-aria-label=\"\" data-no-translation-data-success_message=\"\">P\u0159idat do ko\u0161\u00edku<\/a>\t<span id=\"woocommerce_loop_add_to_cart_link_describedby_708\" class=\"screen-reader-text\"><br \/>\n\t\t\t<\/span><\/p>","protected":false},"featured_media":709,"comment_status":"open","ping_status":"closed","template":"","meta":{"_uag_custom_page_level_css":""},"product_brand":[],"product_cat":[27],"product_tag":[],"class_list":{"0":"post-708","1":"product","2":"type-product","3":"status-publish","4":"has-post-thumbnail","6":"product_cat-benzodiazepine-analogs","8":"first","9":"instock","10":"sale","11":"shipping-taxable","12":"purchasable","13":"product-type-simple"},"yoast_head":"<!-- This site is optimized with the Yoast SEO plugin v27.1.1 - https:\/\/yoast.com\/product\/yoast-seo-wordpress\/ -->\n<title>Buy Zolpidem Powder Online - Effective Sleep Aid<\/title>\n<meta name=\"description\" content=\"Purchase Zolpidem powder online for effective insomnia treatment. Ambien helps you fall asleep quickly. Buy now from trusted vendors for restful nights\" \/>\n<meta name=\"robots\" content=\"index, follow, max-snippet:-1, max-image-preview:large, max-video-preview:-1\" \/>\n<link rel=\"canonical\" href=\"https:\/\/frcs-research.com\/cs\/product\/koupit-prasek-zolpidemu\/\" \/>\n<meta property=\"og:locale\" content=\"cs_CZ\" \/>\n<meta property=\"og:type\" content=\"article\" \/>\n<meta property=\"og:title\" content=\"Buy Zolpidem Powder Online - Effective Sleep Aid\" \/>\n<meta property=\"og:description\" content=\"Purchase Zolpidem powder online for effective insomnia treatment. Ambien helps you fall asleep quickly. Buy now from trusted vendors for restful nights\" \/>\n<meta property=\"og:url\" content=\"https:\/\/frcs-research.com\/cs\/product\/koupit-prasek-zolpidemu\/\" \/>\n<meta property=\"og:site_name\" content=\"wholesale supplier of research chemicals, 4mmc, 3mmc, MDPHP, Alpha PVP and more\" \/>\n<meta property=\"article:modified_time\" content=\"2026-04-02T02:02:24+00:00\" \/>\n<meta property=\"og:image\" content=\"https:\/\/frcs-research.com\/wp-content\/uploads\/2024\/10\/199343154704198.jpg\" \/>\n\t<meta property=\"og:image:width\" content=\"300\" \/>\n\t<meta property=\"og:image:height\" content=\"300\" \/>\n\t<meta property=\"og:image:type\" content=\"image\/jpeg\" \/>\n<meta name=\"twitter:card\" content=\"summary_large_image\" \/>\n<meta name=\"twitter:label1\" content=\"Cena\" \/>\n\t<meta name=\"twitter:data1\" content=\"&euro;1,300.00\" \/>\n\t<meta name=\"twitter:label2\" content=\"Dostupnost\" \/>\n\t<meta name=\"twitter:data2\" content=\"Skladem\" \/>\n<script type=\"application\/ld+json\" class=\"yoast-schema-graph\">{\"@context\":\"https:\/\/schema.org\",\"@graph\":[{\"@type\":[\"WebPage\",\"ItemPage\"],\"@id\":\"https:\/\/frcs-research.com\/product\/purchase-zolpidem-powder\/\",\"url\":\"https:\/\/frcs-research.com\/product\/purchase-zolpidem-powder\/\",\"name\":\"Buy Zolpidem Powder Online - Effective Sleep Aid\",\"isPartOf\":{\"@id\":\"https:\/\/frcs-research.com\/#website\"},\"primaryImageOfPage\":{\"@id\":\"https:\/\/frcs-research.com\/product\/purchase-zolpidem-powder\/#primaryimage\"},\"image\":{\"@id\":\"https:\/\/frcs-research.com\/product\/purchase-zolpidem-powder\/#primaryimage\"},\"thumbnailUrl\":\"https:\/\/frcs-research.com\/wp-content\/uploads\/2024\/10\/199343154704198.jpg\",\"datePublished\":\"2024-10-12T20:36:24+00:00\",\"dateModified\":\"2026-04-02T02:02:24+00:00\",\"description\":\"Purchase Zolpidem powder online for effective insomnia treatment. Ambien helps you fall asleep quickly. Buy now from trusted vendors for restful nights\",\"breadcrumb\":{\"@id\":\"https:\/\/frcs-research.com\/product\/purchase-zolpidem-powder\/#breadcrumb\"},\"inLanguage\":\"cs\",\"potentialAction\":[{\"@type\":\"ReadAction\",\"target\":[\"https:\/\/frcs-research.com\/product\/purchase-zolpidem-powder\/\"]}]},{\"@type\":\"ImageObject\",\"inLanguage\":\"cs\",\"@id\":\"https:\/\/frcs-research.com\/product\/purchase-zolpidem-powder\/#primaryimage\",\"url\":\"https:\/\/frcs-research.com\/wp-content\/uploads\/2024\/10\/199343154704198.jpg\",\"contentUrl\":\"https:\/\/frcs-research.com\/wp-content\/uploads\/2024\/10\/199343154704198.jpg\",\"width\":300,\"height\":300,\"caption\":\"Purchase Zolpidem powder\"},{\"@type\":\"BreadcrumbList\",\"@id\":\"https:\/\/frcs-research.com\/product\/purchase-zolpidem-powder\/#breadcrumb\",\"itemListElement\":[{\"@type\":\"ListItem\",\"position\":1,\"name\":\"Home\",\"item\":\"https:\/\/frcs-research.com\/\"},{\"@type\":\"ListItem\",\"position\":2,\"name\":\"Shop\",\"item\":\"https:\/\/frcs-research.com\/shop\/\"},{\"@type\":\"ListItem\",\"position\":3,\"name\":\"Zolpidem (Ambien) Powder\"}]},{\"@type\":\"WebSite\",\"@id\":\"https:\/\/frcs-research.com\/#website\",\"url\":\"https:\/\/frcs-research.com\/\",\"name\":\"wholesale supplier of research chemicals, 4mmc, 3mmc, MDPHP, Alpha PVP and more\",\"description\":\"Wholesale research chemicals\",\"potentialAction\":[{\"@type\":\"SearchAction\",\"target\":{\"@type\":\"EntryPoint\",\"urlTemplate\":\"https:\/\/frcs-research.com\/?s={search_term_string}\"},\"query-input\":{\"@type\":\"PropertyValueSpecification\",\"valueRequired\":true,\"valueName\":\"search_term_string\"}}],\"inLanguage\":\"cs\"}]}<\/script>\n<meta property=\"product:price:amount\" content=\"1300.00\" \/>\n<meta property=\"product:price:currency\" content=\"EUR\" \/>\n<meta property=\"og:availability\" content=\"instock\" \/>\n<meta property=\"product:availability\" content=\"instock\" \/>\n<meta property=\"product:condition\" content=\"new\" \/>\n<!-- \/ Yoast SEO plugin. -->","yoast_head_json":{"title":"Kupte si Zolpidem pr\u00e1\u0161ek online \u2013 \u00fa\u010dinn\u00e1 pomoc p\u0159i sp\u00e1nku","description":"Kupte si pr\u00e1\u0161ek Zolpidem online pro \u00fa\u010dinnou l\u00e9\u010dbu nespavosti. Ambien v\u00e1m pom\u016f\u017ee rychle usnout. Nakupujte nyn\u00ed od d\u016fv\u011bryhodn\u00fdch prodejc\u016f pro klidn\u00e9 noci","robots":{"index":"index","follow":"follow","max-snippet":"max-snippet:-1","max-image-preview":"max-image-preview:large","max-video-preview":"max-video-preview:-1"},"canonical":"https:\/\/frcs-research.com\/cs\/product\/koupit-prasek-zolpidemu\/","og_locale":"cs_CZ","og_type":"article","og_title":"Buy Zolpidem Powder Online - Effective Sleep Aid","og_description":"Purchase Zolpidem powder online for effective insomnia treatment. Ambien helps you fall asleep quickly. Buy now from trusted vendors for restful nights","og_url":"https:\/\/frcs-research.com\/cs\/product\/koupit-prasek-zolpidemu\/","og_site_name":"wholesale supplier of research chemicals, 4mmc, 3mmc, MDPHP, Alpha PVP and more","article_modified_time":"2026-04-02T02:02:24+00:00","og_image":[{"width":300,"height":300,"url":"https:\/\/frcs-research.com\/wp-content\/uploads\/2024\/10\/199343154704198.jpg","type":"image\/jpeg"}],"twitter_card":"summary_large_image","twitter_misc":{"Cena":"&euro;1,300.00","Dostupnost":"Skladem"},"schema":{"@context":"https:\/\/schema.org","@graph":[{"@type":["WebPage","ItemPage"],"@id":"https:\/\/frcs-research.com\/product\/purchase-zolpidem-powder\/","url":"https:\/\/frcs-research.com\/product\/purchase-zolpidem-powder\/","name":"Kupte si Zolpidem pr\u00e1\u0161ek online \u2013 \u00fa\u010dinn\u00e1 pomoc p\u0159i sp\u00e1nku","isPartOf":{"@id":"https:\/\/frcs-research.com\/#website"},"primaryImageOfPage":{"@id":"https:\/\/frcs-research.com\/product\/purchase-zolpidem-powder\/#primaryimage"},"image":{"@id":"https:\/\/frcs-research.com\/product\/purchase-zolpidem-powder\/#primaryimage"},"thumbnailUrl":"https:\/\/frcs-research.com\/wp-content\/uploads\/2024\/10\/199343154704198.jpg","datePublished":"2024-10-12T20:36:24+00:00","dateModified":"2026-04-02T02:02:24+00:00","description":"Kupte si pr\u00e1\u0161ek Zolpidem online pro \u00fa\u010dinnou l\u00e9\u010dbu nespavosti. Ambien v\u00e1m pom\u016f\u017ee rychle usnout. Nakupujte nyn\u00ed od d\u016fv\u011bryhodn\u00fdch prodejc\u016f pro klidn\u00e9 noci","breadcrumb":{"@id":"https:\/\/frcs-research.com\/product\/purchase-zolpidem-powder\/#breadcrumb"},"inLanguage":"cs","potentialAction":[{"@type":"ReadAction","target":["https:\/\/frcs-research.com\/product\/purchase-zolpidem-powder\/"]}]},{"@type":"ImageObject","inLanguage":"cs","@id":"https:\/\/frcs-research.com\/product\/purchase-zolpidem-powder\/#primaryimage","url":"https:\/\/frcs-research.com\/wp-content\/uploads\/2024\/10\/199343154704198.jpg","contentUrl":"https:\/\/frcs-research.com\/wp-content\/uploads\/2024\/10\/199343154704198.jpg","width":300,"height":300,"caption":"Purchase Zolpidem powder"},{"@type":"BreadcrumbList","@id":"https:\/\/frcs-research.com\/product\/purchase-zolpidem-powder\/#breadcrumb","itemListElement":[{"@type":"ListItem","position":1,"name":"Home","item":"https:\/\/frcs-research.com\/"},{"@type":"ListItem","position":2,"name":"Shop","item":"https:\/\/frcs-research.com\/shop\/"},{"@type":"ListItem","position":3,"name":"Zolpidem (Ambien) Powder"}]},{"@type":"WebSite","@id":"https:\/\/frcs-research.com\/#website","url":"https:\/\/frcs-research.com\/","name":"velkoobchodn\u00ed dodavatel v\u00fdzkumn\u00fdch chemik\u00e1li\u00ed, 4mmc, 3mmc, MDPHP, Alpha PVP a dal\u0161\u00ed","description":"Velkoobchodn\u00ed v\u00fdzkum chemik\u00e1li\u00ed","potentialAction":[{"@type":"SearchAction","target":{"@type":"EntryPoint","urlTemplate":"https:\/\/frcs-research.com\/?s={search_term_string}"},"query-input":{"@type":"PropertyValueSpecification","valueRequired":true,"valueName":"search_term_string"}}],"inLanguage":"cs"}]},"product_price_amount":"1300.00","product_price_currency":"EUR","og_availability":"instock","product_availability":"instock","product_condition":"new"},"uagb_featured_image_src":{"full":["https:\/\/frcs-research.com\/wp-content\/uploads\/2024\/10\/199343154704198.jpg",300,300,false],"thumbnail":["https:\/\/frcs-research.com\/wp-content\/uploads\/2024\/10\/199343154704198-150x150.jpg",150,150,true],"medium":["https:\/\/frcs-research.com\/wp-content\/uploads\/2024\/10\/199343154704198.jpg",300,300,false],"medium_large":["https:\/\/frcs-research.com\/wp-content\/uploads\/2024\/10\/199343154704198.jpg",300,300,false],"large":["https:\/\/frcs-research.com\/wp-content\/uploads\/2024\/10\/199343154704198.jpg",300,300,false],"1536x1536":["https:\/\/frcs-research.com\/wp-content\/uploads\/2024\/10\/199343154704198.jpg",300,300,false],"2048x2048":["https:\/\/frcs-research.com\/wp-content\/uploads\/2024\/10\/199343154704198.jpg",300,300,false],"trp-custom-language-flag":["https:\/\/frcs-research.com\/wp-content\/uploads\/2024\/10\/199343154704198.jpg",12,12,false],"post-thumbnail":["https:\/\/frcs-research.com\/wp-content\/uploads\/2024\/10\/199343154704198.jpg",300,300,false],"elite-commerce-slider":["https:\/\/frcs-research.com\/wp-content\/uploads\/2024\/10\/199343154704198.jpg",300,300,false],"elite-commerce-hero":["https:\/\/frcs-research.com\/wp-content\/uploads\/2024\/10\/199343154704198.jpg",300,300,false],"elite-commerce-portfolio":["https:\/\/frcs-research.com\/wp-content\/uploads\/2024\/10\/199343154704198.jpg",300,300,false],"woocommerce_thumbnail":["https:\/\/frcs-research.com\/wp-content\/uploads\/2024\/10\/199343154704198.jpg",300,300,false],"woocommerce_single":["https:\/\/frcs-research.com\/wp-content\/uploads\/2024\/10\/199343154704198.jpg",300,300,false],"woocommerce_gallery_thumbnail":["https:\/\/frcs-research.com\/wp-content\/uploads\/2024\/10\/199343154704198-100x100.jpg",100,100,true]},"uagb_author_info":{"display_name":"Richard Wood","author_link":"https:\/\/frcs-research.com\/cs\/author\/"},"uagb_comment_info":724,"uagb_excerpt":"Buy Zolpidem Powder Online &#8211; Effective Sleep Aid Purchase Zolpidem powder online for effective insomnia treatment. Ambien helps you fall asleep quickly. Buy now from trusted vendors for restful nights!&#8221;&hellip;&euro;1,400.00 P\u016fvodn\u00ed cena byla: &euro;1,400.00.&euro;1,300.00Aktu\u00e1ln\u00ed cena je: &euro;1,300.00.P\u0159idat do ko\u0161\u00edku","_links":{"self":[{"href":"https:\/\/frcs-research.com\/cs\/wp-json\/wp\/v2\/product\/708","targetHints":{"allow":["GET"]}}],"collection":[{"href":"https:\/\/frcs-research.com\/cs\/wp-json\/wp\/v2\/product"}],"about":[{"href":"https:\/\/frcs-research.com\/cs\/wp-json\/wp\/v2\/types\/product"}],"replies":[{"embeddable":true,"href":"https:\/\/frcs-research.com\/cs\/wp-json\/wp\/v2\/comments?post=708"}],"wp:featuredmedia":[{"embeddable":true,"href":"https:\/\/frcs-research.com\/cs\/wp-json\/wp\/v2\/media\/709"}],"wp:attachment":[{"href":"https:\/\/frcs-research.com\/cs\/wp-json\/wp\/v2\/media?parent=708"}],"wp:term":[{"taxonomy":"product_brand","embeddable":true,"href":"https:\/\/frcs-research.com\/cs\/wp-json\/wp\/v2\/product_brand?post=708"},{"taxonomy":"product_cat","embeddable":true,"href":"https:\/\/frcs-research.com\/cs\/wp-json\/wp\/v2\/product_cat?post=708"},{"taxonomy":"product_tag","embeddable":true,"href":"https:\/\/frcs-research.com\/cs\/wp-json\/wp\/v2\/product_tag?post=708"}],"curies":[{"name":"wp","href":"https:\/\/api.w.org\/{rel}","templated":true}]}}