{"id":718,"date":"2024-10-12T21:18:27","date_gmt":"2024-10-12T21:18:27","guid":{"rendered":"https:\/\/frcs-research.com\/?post_type=product&#038;p=718"},"modified":"2026-04-18T19:12:31","modified_gmt":"2026-04-18T19:12:31","slug":"koupit-am-2201","status":"publish","type":"product","link":"https:\/\/frcs-research.com\/cs\/product\/koupit-am-2201\/","title":{"rendered":"XLR-11"},"content":{"rendered":"<h1>Koupit XLR-11, koupit XLR-11 online, syntetick\u00e9 kanabinoidy jako XLR-11<\/h1>\n<p><strong>XLR-11<\/strong> je syntetick\u00fd kanabinoid \u010dasto pou\u017e\u00edvan\u00fd v <strong>laboratorn\u00ed v\u00fdzkum<\/strong> studovat interakci mezi syntetick\u00fdmi kanabinoidy a kanabinoidn\u00edmi receptory. Zn\u00e1m\u00fd pro jeho <strong>siln\u00e9 \u00fa\u010dinky<\/strong>XLR-11 se b\u011b\u017en\u011b pou\u017e\u00edv\u00e1 v akademick\u00e9m a farmaceutick\u00e9m v\u00fdzkumu. Na <strong>V\u00fdzkum FRCS<\/strong>, poskytujeme <a href=\"https:\/\/frcs-research.com\/cs\/product\/koupit-am-2201\/\"><strong>XLR-11 pr\u00e1\u0161ek<\/strong><\/a> ve sv\u00e9 nej\u010dist\u0161\u00ed podob\u011b, zaji\u0161\u0165uj\u00edc\u00ed v\u00fdzkumn\u00edk\u016fm spolehliv\u00e9 v\u00fdsledky.<\/p>\n<h4><strong>Pro\u010d zvolit v\u00fdzkum FRCS pro syntetick\u00e9 kanabinoidy?<\/strong><\/h4>\n<p>&nbsp;<\/p>\n<ol>\n<li><strong>Produkty nejvy\u0161\u0161\u00ed kvality<\/strong>: Specializujeme se na poskytov\u00e1n\u00ed pouze <strong>syntetick\u00e9 kanabinoidy nejvy\u0161\u0161\u00ed kvality<\/strong>. Ka\u017ed\u00fd produkt je p\u0159\u00edsn\u011b testov\u00e1n na \u010distotu a konzistenci, co\u017e zaji\u0161\u0165uje, \u017ee obdr\u017e\u00edte \u0161pi\u010dkov\u00e9 chemik\u00e1lie pro pot\u0159eby va\u0161eho v\u00fdzkumu. A\u0165 u\u017e hled\u00e1te <strong>JWH-018<\/strong>, <strong>5F-ADB<\/strong>, nebo jin\u00e9 syntetick\u00e9 kanabinoidy, m\u016f\u017eete se spolehnout, \u017ee na\u0161e produkty spl\u0148uj\u00ed ty nejvy\u0161\u0161\u00ed standardy.<\/li>\n<li><strong>Diskr\u00e9tn\u00ed doprava<\/strong>: V\u00e1\u017e\u00edme si va\u0161eho soukrom\u00ed a zaji\u0161\u0165ujeme, aby byly v\u0161echny objedn\u00e1vky zabaleny diskr\u00e9tn\u011b, bez uveden\u00ed obsahu. N\u00e1\u0161 <strong>diskr\u00e9tn\u00ed doprava<\/strong> zaji\u0161\u0165uje, \u017ee va\u0161e syntetick\u00e9 kanabinoidy doraz\u00ed bezpe\u010dn\u011b a bezpe\u010dn\u011b, a\u0165 jste kdekoli. Zas\u00edl\u00e1me do cel\u00e9ho sv\u011bta, v\u010detn\u011b Evropy, USA a d\u00e1le.<\/li>\n<li><strong>Bezpe\u010dn\u00fd online n\u00e1kup<\/strong>: Objedn\u00e1vka od <a href=\"https:\/\/frcs-research.com\/cs\/\"><strong>V\u00fdzkum FRCS<\/strong><\/a> je rychl\u00fd, snadn\u00fd a bezpe\u010dn\u00fd. Na\u0161e webov\u00e9 str\u00e1nky jsou vybaveny nejnov\u011bj\u0161\u00edmi bezpe\u010dnostn\u00edmi opat\u0159en\u00edmi, kter\u00e1 zaji\u0161\u0165uj\u00ed, \u017ee va\u0161e osobn\u00ed \u00fadaje a platebn\u00ed \u00fadaje budou v\u017edy chr\u00e1n\u011bny.<\/li>\n<li><strong>\u0160irok\u00fd v\u00fdb\u011br syntetick\u00fdch kanabinoid\u016f<\/strong>: N\u00e1\u0161 v\u00fdb\u011br zahrnuje <a href=\"https:\/\/frcs-research.com\/cs\/product\/koupit-jwh-018-online\/\"><strong>JWH-018<\/strong><\/a>, <a href=\"https:\/\/frcs-research.com\/cs\/product\/5f-adb\/\"><strong>5F-ADB<\/strong><\/a>, <a href=\"https:\/\/frcs-research.com\/cs\/product\/ab-fubinaca\/\"><strong>AB-FUBINACA<\/strong><\/a>, <a href=\"https:\/\/frcs-research.com\/cs\/product\/koupit-prasek-am-2201\/\"><strong>AM-2201<\/strong><\/a>a dal\u0161\u00ed <a href=\"https:\/\/frcs-research.com\/cs\/product-category\/synteticke-kanabinoidy\/\"><strong>syntetick\u00e9 kanabinoidy<\/strong><\/a> kter\u00e9 se b\u011b\u017en\u011b pou\u017e\u00edvaj\u00ed v <strong>v\u00fdzkumn\u00e9 studie<\/strong>. A\u0165 u\u017e zkoum\u00e1te <strong>interakce kanabinoidn\u00edch receptor\u016f<\/strong> nebo zkoum\u00e1n\u00ed psychoaktivn\u00edch vlastnost\u00ed t\u011bchto slou\u010denin, m\u00e1me produkty, kter\u00e9 pot\u0159ebujete.<\/li>\n<\/ol>","protected":false},"excerpt":{"rendered":"<p>Buy XLR-11, purchase XLR-11 online, synthetic cannabinoids like XLR-11 XLR-11 is a synthetic cannabinoid frequently used in laboratory research to study the interaction between synthetic cannabinoids and cannabinoid receptors. Known&hellip;<\/p>\n<p class=\"product woocommerce add_to_cart_inline\" style=\"border:4px solid #ccc; padding: 12px;\"><a href=\"https:\/\/frcs-research.com\/cs\/product\/koupit-am-2201\/\" aria-describedby=\"woocommerce_loop_add_to_cart_link_describedby_718\" data-quantity=\"1\" class=\"button product_type_simple\" data-product_id=\"718\" data-product_sku=\"\" aria-label=\"Zjistit v\u00edce o \u201eXLR-11\u201c\" rel=\"nofollow\" data-success_message=\"\" data-no-translation=\"\" data-trp-gettext=\"\" data-no-translation-aria-label=\"\">\u010ct\u011bte v\u00edce<\/a>\t<span id=\"woocommerce_loop_add_to_cart_link_describedby_718\" class=\"screen-reader-text\"><br \/>\n\t\t\t<\/span><\/p>","protected":false},"featured_media":719,"comment_status":"open","ping_status":"closed","template":"","meta":{"_uag_custom_page_level_css":""},"product_brand":[],"product_cat":[25],"product_tag":[121,123,120,122],"class_list":{"0":"post-718","1":"product","2":"type-product","3":"status-publish","4":"has-post-thumbnail","6":"product_cat-synthetic-cannabinoids","7":"product_tag-1-pentyl-3-1-adamantylindazole","8":"product_tag-jwh-122","9":"product_tag-n-1-adamantyl-1-pentyl-1h-indazole-3-carboxamide","10":"product_tag-xlr-11","12":"first","13":"instock","14":"shipping-taxable","15":"product-type-simple"},"yoast_head":"<!-- This site is optimized with the Yoast SEO plugin v27.1.1 - https:\/\/yoast.com\/product\/yoast-seo-wordpress\/ -->\n<title>Buy XLR-11 - wholesale supplier of research chemicals, 4mmc, 3mmc, MDPHP, Alpha PVP and more<\/title>\n<meta name=\"description\" content=\"Explore XLR-11 synthetic cannabinoids at FRCS Research. Purchase high-quality XLR-11 powder with fast, discreet worldwide shipping. Perfect for laboratory research\" \/>\n<meta name=\"robots\" content=\"index, follow, max-snippet:-1, max-image-preview:large, max-video-preview:-1\" \/>\n<link rel=\"canonical\" href=\"https:\/\/frcs-research.com\/cs\/product\/koupit-am-2201\/\" \/>\n<meta property=\"og:locale\" content=\"cs_CZ\" \/>\n<meta property=\"og:type\" content=\"article\" \/>\n<meta property=\"og:title\" content=\"Buy XLR-11 - wholesale supplier of research chemicals, 4mmc, 3mmc, MDPHP, Alpha PVP and more\" \/>\n<meta property=\"og:description\" content=\"Explore XLR-11 synthetic cannabinoids at FRCS Research. Purchase high-quality XLR-11 powder with fast, discreet worldwide shipping. Perfect for laboratory research\" \/>\n<meta property=\"og:url\" content=\"https:\/\/frcs-research.com\/cs\/product\/koupit-am-2201\/\" \/>\n<meta property=\"og:site_name\" content=\"wholesale supplier of research chemicals, 4mmc, 3mmc, MDPHP, Alpha PVP and more\" \/>\n<meta property=\"article:modified_time\" content=\"2026-04-18T19:12:31+00:00\" \/>\n<meta property=\"og:image\" content=\"https:\/\/frcs-research.com\/wp-content\/uploads\/2024\/10\/5f-adb.jpeg\" \/>\n\t<meta property=\"og:image:width\" content=\"600\" \/>\n\t<meta property=\"og:image:height\" content=\"600\" \/>\n\t<meta property=\"og:image:type\" content=\"image\/jpeg\" \/>\n<meta name=\"twitter:card\" content=\"summary_large_image\" \/>\n<meta name=\"twitter:label1\" content=\"Cena\" \/>\n\t<meta name=\"twitter:data1\" content=\"\" \/>\n\t<meta name=\"twitter:label2\" content=\"Dostupnost\" \/>\n\t<meta name=\"twitter:data2\" content=\"Skladem\" \/>\n<script type=\"application\/ld+json\" class=\"yoast-schema-graph\">{\"@context\":\"https:\/\/schema.org\",\"@graph\":[{\"@type\":[\"WebPage\",\"ItemPage\"],\"@id\":\"https:\/\/frcs-research.com\/product\/buy-am-2201\/\",\"url\":\"https:\/\/frcs-research.com\/product\/buy-am-2201\/\",\"name\":\"Buy XLR-11 - wholesale supplier of research chemicals, 4mmc, 3mmc, MDPHP, Alpha PVP and more\",\"isPartOf\":{\"@id\":\"https:\/\/frcs-research.com\/#website\"},\"primaryImageOfPage\":{\"@id\":\"https:\/\/frcs-research.com\/product\/buy-am-2201\/#primaryimage\"},\"image\":{\"@id\":\"https:\/\/frcs-research.com\/product\/buy-am-2201\/#primaryimage\"},\"thumbnailUrl\":\"https:\/\/frcs-research.com\/wp-content\/uploads\/2024\/10\/5f-adb.jpeg\",\"datePublished\":\"2024-10-12T21:18:27+00:00\",\"dateModified\":\"2026-04-18T19:12:31+00:00\",\"description\":\"Explore XLR-11 synthetic cannabinoids at FRCS Research. Purchase high-quality XLR-11 powder with fast, discreet worldwide shipping. Perfect for laboratory research\",\"breadcrumb\":{\"@id\":\"https:\/\/frcs-research.com\/product\/buy-am-2201\/#breadcrumb\"},\"inLanguage\":\"cs\",\"potentialAction\":[{\"@type\":\"ReadAction\",\"target\":[\"https:\/\/frcs-research.com\/product\/buy-am-2201\/\"]}]},{\"@type\":\"ImageObject\",\"inLanguage\":\"cs\",\"@id\":\"https:\/\/frcs-research.com\/product\/buy-am-2201\/#primaryimage\",\"url\":\"https:\/\/frcs-research.com\/wp-content\/uploads\/2024\/10\/5f-adb.jpeg\",\"contentUrl\":\"https:\/\/frcs-research.com\/wp-content\/uploads\/2024\/10\/5f-adb.jpeg\",\"width\":600,\"height\":600,\"caption\":\"Buy XLR-11\"},{\"@type\":\"BreadcrumbList\",\"@id\":\"https:\/\/frcs-research.com\/product\/buy-am-2201\/#breadcrumb\",\"itemListElement\":[{\"@type\":\"ListItem\",\"position\":1,\"name\":\"Home\",\"item\":\"https:\/\/frcs-research.com\/\"},{\"@type\":\"ListItem\",\"position\":2,\"name\":\"Shop\",\"item\":\"https:\/\/frcs-research.com\/shop\/\"},{\"@type\":\"ListItem\",\"position\":3,\"name\":\"XLR-11\"}]},{\"@type\":\"WebSite\",\"@id\":\"https:\/\/frcs-research.com\/#website\",\"url\":\"https:\/\/frcs-research.com\/\",\"name\":\"wholesale supplier of research chemicals, 4mmc, 3mmc, MDPHP, Alpha PVP and more\",\"description\":\"Wholesale research chemicals\",\"potentialAction\":[{\"@type\":\"SearchAction\",\"target\":{\"@type\":\"EntryPoint\",\"urlTemplate\":\"https:\/\/frcs-research.com\/?s={search_term_string}\"},\"query-input\":{\"@type\":\"PropertyValueSpecification\",\"valueRequired\":true,\"valueName\":\"search_term_string\"}}],\"inLanguage\":\"cs\"}]}<\/script>\n<meta property=\"product:price:currency\" content=\"EUR\" \/>\n<meta property=\"og:availability\" content=\"instock\" \/>\n<meta property=\"product:availability\" content=\"instock\" \/>\n<meta property=\"product:condition\" content=\"new\" \/>\n<!-- \/ Yoast SEO plugin. -->","yoast_head_json":{"title":"Koupit XLR-11 - velkoobchodn\u00ed dodavatel v\u00fdzkumn\u00fdch chemik\u00e1li\u00ed, 4mmc, 3mmc, MDPHP, Alpha PVP a dal\u0161\u00ed","description":"Prozkoumejte XLR-11 syntetick\u00e9 kanabinoidy na FRCS Research. Kupte si vysoce kvalitn\u00ed pr\u00e1\u0161ek XLR-11 s rychlou a diskr\u00e9tn\u00ed dopravou po cel\u00e9m sv\u011bt\u011b. Ide\u00e1ln\u00ed pro laboratorn\u00ed v\u00fdzkum","robots":{"index":"index","follow":"follow","max-snippet":"max-snippet:-1","max-image-preview":"max-image-preview:large","max-video-preview":"max-video-preview:-1"},"canonical":"https:\/\/frcs-research.com\/cs\/product\/koupit-am-2201\/","og_locale":"cs_CZ","og_type":"article","og_title":"Buy XLR-11 - wholesale supplier of research chemicals, 4mmc, 3mmc, MDPHP, Alpha PVP and more","og_description":"Explore XLR-11 synthetic cannabinoids at FRCS Research. Purchase high-quality XLR-11 powder with fast, discreet worldwide shipping. Perfect for laboratory research","og_url":"https:\/\/frcs-research.com\/cs\/product\/koupit-am-2201\/","og_site_name":"wholesale supplier of research chemicals, 4mmc, 3mmc, MDPHP, Alpha PVP and more","article_modified_time":"2026-04-18T19:12:31+00:00","og_image":[{"width":600,"height":600,"url":"https:\/\/frcs-research.com\/wp-content\/uploads\/2024\/10\/5f-adb.jpeg","type":"image\/jpeg"}],"twitter_card":"summary_large_image","twitter_misc":{"Cena":"","Dostupnost":"Skladem"},"schema":{"@context":"https:\/\/schema.org","@graph":[{"@type":["WebPage","ItemPage"],"@id":"https:\/\/frcs-research.com\/product\/buy-am-2201\/","url":"https:\/\/frcs-research.com\/product\/buy-am-2201\/","name":"Koupit XLR-11 - velkoobchodn\u00ed dodavatel v\u00fdzkumn\u00fdch chemik\u00e1li\u00ed, 4mmc, 3mmc, MDPHP, Alpha PVP a dal\u0161\u00ed","isPartOf":{"@id":"https:\/\/frcs-research.com\/#website"},"primaryImageOfPage":{"@id":"https:\/\/frcs-research.com\/product\/buy-am-2201\/#primaryimage"},"image":{"@id":"https:\/\/frcs-research.com\/product\/buy-am-2201\/#primaryimage"},"thumbnailUrl":"https:\/\/frcs-research.com\/wp-content\/uploads\/2024\/10\/5f-adb.jpeg","datePublished":"2024-10-12T21:18:27+00:00","dateModified":"2026-04-18T19:12:31+00:00","description":"Prozkoumejte XLR-11 syntetick\u00e9 kanabinoidy na FRCS Research. Kupte si vysoce kvalitn\u00ed pr\u00e1\u0161ek XLR-11 s rychlou a diskr\u00e9tn\u00ed dopravou po cel\u00e9m sv\u011bt\u011b. Ide\u00e1ln\u00ed pro laboratorn\u00ed v\u00fdzkum","breadcrumb":{"@id":"https:\/\/frcs-research.com\/product\/buy-am-2201\/#breadcrumb"},"inLanguage":"cs","potentialAction":[{"@type":"ReadAction","target":["https:\/\/frcs-research.com\/product\/buy-am-2201\/"]}]},{"@type":"ImageObject","inLanguage":"cs","@id":"https:\/\/frcs-research.com\/product\/buy-am-2201\/#primaryimage","url":"https:\/\/frcs-research.com\/wp-content\/uploads\/2024\/10\/5f-adb.jpeg","contentUrl":"https:\/\/frcs-research.com\/wp-content\/uploads\/2024\/10\/5f-adb.jpeg","width":600,"height":600,"caption":"Buy XLR-11"},{"@type":"BreadcrumbList","@id":"https:\/\/frcs-research.com\/product\/buy-am-2201\/#breadcrumb","itemListElement":[{"@type":"ListItem","position":1,"name":"Home","item":"https:\/\/frcs-research.com\/"},{"@type":"ListItem","position":2,"name":"Shop","item":"https:\/\/frcs-research.com\/shop\/"},{"@type":"ListItem","position":3,"name":"XLR-11"}]},{"@type":"WebSite","@id":"https:\/\/frcs-research.com\/#website","url":"https:\/\/frcs-research.com\/","name":"velkoobchodn\u00ed dodavatel v\u00fdzkumn\u00fdch chemik\u00e1li\u00ed, 4mmc, 3mmc, MDPHP, Alpha PVP a dal\u0161\u00ed","description":"Velkoobchodn\u00ed v\u00fdzkum chemik\u00e1li\u00ed","potentialAction":[{"@type":"SearchAction","target":{"@type":"EntryPoint","urlTemplate":"https:\/\/frcs-research.com\/?s={search_term_string}"},"query-input":{"@type":"PropertyValueSpecification","valueRequired":true,"valueName":"search_term_string"}}],"inLanguage":"cs"}]},"product_price_currency":"EUR","og_availability":"instock","product_availability":"instock","product_condition":"new"},"uagb_featured_image_src":{"full":["https:\/\/frcs-research.com\/wp-content\/uploads\/2024\/10\/5f-adb.jpeg",600,600,false],"thumbnail":["https:\/\/frcs-research.com\/wp-content\/uploads\/2024\/10\/5f-adb-150x150.jpeg",150,150,true],"medium":["https:\/\/frcs-research.com\/wp-content\/uploads\/2024\/10\/5f-adb-300x300.jpeg",300,300,true],"medium_large":["https:\/\/frcs-research.com\/wp-content\/uploads\/2024\/10\/5f-adb.jpeg",600,600,false],"large":["https:\/\/frcs-research.com\/wp-content\/uploads\/2024\/10\/5f-adb.jpeg",600,600,false],"1536x1536":["https:\/\/frcs-research.com\/wp-content\/uploads\/2024\/10\/5f-adb.jpeg",600,600,false],"2048x2048":["https:\/\/frcs-research.com\/wp-content\/uploads\/2024\/10\/5f-adb.jpeg",600,600,false],"trp-custom-language-flag":["https:\/\/frcs-research.com\/wp-content\/uploads\/2024\/10\/5f-adb.jpeg",12,12,false],"post-thumbnail":["https:\/\/frcs-research.com\/wp-content\/uploads\/2024\/10\/5f-adb.jpeg",600,600,false],"elite-commerce-slider":["https:\/\/frcs-research.com\/wp-content\/uploads\/2024\/10\/5f-adb.jpeg",600,600,false],"elite-commerce-hero":["https:\/\/frcs-research.com\/wp-content\/uploads\/2024\/10\/5f-adb.jpeg",600,600,false],"elite-commerce-portfolio":["https:\/\/frcs-research.com\/wp-content\/uploads\/2024\/10\/5f-adb.jpeg",400,400,false],"woocommerce_thumbnail":["https:\/\/frcs-research.com\/wp-content\/uploads\/2024\/10\/5f-adb-300x300.jpeg",300,300,true],"woocommerce_single":["https:\/\/frcs-research.com\/wp-content\/uploads\/2024\/10\/5f-adb.jpeg",600,600,false],"woocommerce_gallery_thumbnail":["https:\/\/frcs-research.com\/wp-content\/uploads\/2024\/10\/5f-adb-100x100.jpeg",100,100,true]},"uagb_author_info":{"display_name":"Richard Wood","author_link":"https:\/\/frcs-research.com\/cs\/author\/"},"uagb_comment_info":812,"uagb_excerpt":"Buy XLR-11, purchase XLR-11 online, synthetic cannabinoids like XLR-11 XLR-11 is a synthetic cannabinoid frequently used in laboratory research to study the interaction between synthetic cannabinoids and cannabinoid receptors. Known&hellip;\u010ct\u011bte v\u00edce","_links":{"self":[{"href":"https:\/\/frcs-research.com\/cs\/wp-json\/wp\/v2\/product\/718","targetHints":{"allow":["GET"]}}],"collection":[{"href":"https:\/\/frcs-research.com\/cs\/wp-json\/wp\/v2\/product"}],"about":[{"href":"https:\/\/frcs-research.com\/cs\/wp-json\/wp\/v2\/types\/product"}],"replies":[{"embeddable":true,"href":"https:\/\/frcs-research.com\/cs\/wp-json\/wp\/v2\/comments?post=718"}],"wp:featuredmedia":[{"embeddable":true,"href":"https:\/\/frcs-research.com\/cs\/wp-json\/wp\/v2\/media\/719"}],"wp:attachment":[{"href":"https:\/\/frcs-research.com\/cs\/wp-json\/wp\/v2\/media?parent=718"}],"wp:term":[{"taxonomy":"product_brand","embeddable":true,"href":"https:\/\/frcs-research.com\/cs\/wp-json\/wp\/v2\/product_brand?post=718"},{"taxonomy":"product_cat","embeddable":true,"href":"https:\/\/frcs-research.com\/cs\/wp-json\/wp\/v2\/product_cat?post=718"},{"taxonomy":"product_tag","embeddable":true,"href":"https:\/\/frcs-research.com\/cs\/wp-json\/wp\/v2\/product_tag?post=718"}],"curies":[{"name":"wp","href":"https:\/\/api.w.org\/{rel}","templated":true}]}}