{"id":726,"date":"2024-10-12T21:45:11","date_gmt":"2024-10-12T21:45:11","guid":{"rendered":"https:\/\/frcs-research.com\/?post_type=product&#038;p=726"},"modified":"2026-04-03T09:42:28","modified_gmt":"2026-04-03T09:42:28","slug":"mdpv-methylendioxypyrovaleron","status":"publish","type":"product","link":"https:\/\/frcs-research.com\/cs\/product\/mdpv-methylendioxypyrovaleron\/","title":{"rendered":"MDPV (methylendioxypyrovaleron)"},"content":{"rendered":"<h1>Koupit MDPV (Methylendioxypyrovaleron) pr\u00e1\u0161ek<\/h1>\n<p>MDPV, vysoce \u00fa\u010dinn\u00fd <strong>povzbuzuj\u00edc\u00ed<\/strong> z <strong>rodina kathinon\u016f<\/strong>, je zn\u00e1m\u00fd pro sv\u00e9 siln\u00e9 energizuj\u00edc\u00ed \u00fa\u010dinky, p\u016fsob\u00ed jako a <strong>inhibitor zp\u011btn\u00e9ho vychyt\u00e1v\u00e1n\u00ed dopaminu<\/strong>. V\u00fdzkumn\u00edci oce\u0148uj\u00ed MDPV pro studium jeho intenzivn\u00edch \u00fa\u010dink\u016f na centr\u00e1ln\u00ed nervov\u00fd syst\u00e9m a chov\u00e1n\u00ed. Pokud hled\u00e1te <strong>koupit MDPV<\/strong> pro v\u00fdzkumn\u00e9 \u00fa\u010dely, <strong>V\u00fdzkum FRCS<\/strong> poskytuje nejkvalitn\u011bj\u0161\u00ed MDPV pr\u00e1\u0161ek, dostupn\u00fd pro <strong>diskr\u00e9tn\u00ed glob\u00e1ln\u00ed p\u0159eprava<\/strong>.<\/p>\n<ul>\n<li><strong>Kl\u00ed\u010dov\u00e1 slova<\/strong>: koupit MDPV, MDPV pr\u00e1\u0161ek na prodej, koupit methylendioxypyrovaleron, v\u00fdzkumn\u00e9 chemik\u00e1lie MDPV.<\/li>\n<li><strong>V\u00fdzva k akci<\/strong>: N\u00e1kup <strong>MDPV<\/strong> pr\u00e1\u0161ek z <strong>V\u00fdzkum FRCS<\/strong> pro produkty nejvy\u0161\u0161\u00ed kvality a rychl\u00e9, diskr\u00e9tn\u00ed dod\u00e1n\u00ed po cel\u00e9m sv\u011bt\u011b.<\/li>\n<\/ul>","protected":false},"excerpt":{"rendered":"<p>Buy MDPV (Methylenedioxypyrovalerone) Powder MDPV, a highly potent stimulant from the cathinone family, is renowned for its powerful energizing effects, acting as a dopamine reuptake inhibitor. Researchers value MDPV for&hellip;<\/p>\n<p class=\"product woocommerce add_to_cart_inline\" style=\"border:4px solid #ccc; padding: 12px;\"><del aria-hidden=\"true\"><span class=\"woocommerce-Price-amount amount\"><bdi><span class=\"woocommerce-Price-currencySymbol\">&euro;<\/span>2,400.00<\/bdi><\/span><\/del> <span class=\"screen-reader-text\" data-no-translation=\"\" data-trp-gettext=\"\">P\u016fvodn\u00ed cena byla: &euro;2,400.00.<\/span><ins aria-hidden=\"true\"><span class=\"woocommerce-Price-amount amount\"><bdi><span class=\"woocommerce-Price-currencySymbol\">&euro;<\/span>2,110.00<\/bdi><\/span><\/ins><span class=\"screen-reader-text\" data-no-translation=\"\" data-trp-gettext=\"\">Aktu\u00e1ln\u00ed cena je: &euro;2,110.00.<\/span><a href=\"\/cs\/wp-json\/wp\/v2\/product\/726?add-to-cart=726\" aria-describedby=\"woocommerce_loop_add_to_cart_link_describedby_726\" data-quantity=\"1\" class=\"button product_type_simple add_to_cart_button ajax_add_to_cart\" data-product_id=\"726\" data-product_sku=\"\" aria-label=\"P\u0159idat do ko\u0161\u00edku: \u201cMDPV (Methylenedioxypyrovalerone)\u201d\" rel=\"nofollow\" data-success_message=\"\u201eMDPV (Methylenedioxypyrovalerone)\u201c byl p\u0159id\u00e1n do va\u0161eho ko\u0161\u00edku\" data-no-translation=\"\" data-trp-gettext=\"\" data-no-translation-aria-label=\"\" data-no-translation-data-success_message=\"\">P\u0159idat do ko\u0161\u00edku<\/a>\t<span id=\"woocommerce_loop_add_to_cart_link_describedby_726\" class=\"screen-reader-text\"><br \/>\n\t\t\t<\/span><\/p>","protected":false},"featured_media":727,"comment_status":"open","ping_status":"closed","template":"","meta":{"_uag_custom_page_level_css":""},"product_brand":[],"product_cat":[26],"product_tag":[],"class_list":{"0":"post-726","1":"product","2":"type-product","3":"status-publish","4":"has-post-thumbnail","6":"product_cat-synthetic-cathinones","8":"first","9":"instock","10":"sale","11":"shipping-taxable","12":"purchasable","13":"product-type-simple"},"yoast_head":"<!-- This site is optimized with the Yoast SEO plugin v27.1.1 - https:\/\/yoast.com\/product\/yoast-seo-wordpress\/ -->\n<title>MDPV powder for sale from FRCS Research for top-quality<\/title>\n<meta name=\"description\" content=\"MDPV powder for sale at FRCS Research. Buy methylenedioxypyrovalerone for research with discreet shipping worldwide. Secure your order today\" \/>\n<meta name=\"robots\" content=\"index, follow, max-snippet:-1, max-image-preview:large, max-video-preview:-1\" \/>\n<link rel=\"canonical\" href=\"https:\/\/frcs-research.com\/cs\/product\/mdpv-methylendioxypyrovaleron\/\" \/>\n<meta property=\"og:locale\" content=\"cs_CZ\" \/>\n<meta property=\"og:type\" content=\"article\" \/>\n<meta property=\"og:title\" content=\"MDPV powder for sale from FRCS Research for top-quality\" \/>\n<meta property=\"og:description\" content=\"MDPV powder for sale at FRCS Research. Buy methylenedioxypyrovalerone for research with discreet shipping worldwide. Secure your order today\" \/>\n<meta property=\"og:url\" content=\"https:\/\/frcs-research.com\/cs\/product\/mdpv-methylendioxypyrovaleron\/\" \/>\n<meta property=\"og:site_name\" content=\"wholesale supplier of research chemicals, 4mmc, 3mmc, MDPHP, Alpha PVP and more\" \/>\n<meta property=\"article:modified_time\" content=\"2026-04-03T09:42:28+00:00\" \/>\n<meta property=\"og:image\" content=\"https:\/\/frcs-research.com\/wp-content\/uploads\/2024\/10\/66472efb31d2820171120152316_53120.jpg\" \/>\n\t<meta property=\"og:image:width\" content=\"400\" \/>\n\t<meta property=\"og:image:height\" content=\"400\" \/>\n\t<meta property=\"og:image:type\" content=\"image\/jpeg\" \/>\n<meta name=\"twitter:card\" content=\"summary_large_image\" \/>\n<meta name=\"twitter:label1\" content=\"Cena\" \/>\n\t<meta name=\"twitter:data1\" content=\"&euro;2,110.00\" \/>\n\t<meta name=\"twitter:label2\" content=\"Dostupnost\" \/>\n\t<meta name=\"twitter:data2\" content=\"Skladem\" \/>\n<script type=\"application\/ld+json\" class=\"yoast-schema-graph\">{\"@context\":\"https:\/\/schema.org\",\"@graph\":[{\"@type\":[\"WebPage\",\"ItemPage\"],\"@id\":\"https:\/\/frcs-research.com\/product\/mdpv-methylenedioxypyrovalerone\/\",\"url\":\"https:\/\/frcs-research.com\/product\/mdpv-methylenedioxypyrovalerone\/\",\"name\":\"MDPV powder for sale from FRCS Research for top-quality\",\"isPartOf\":{\"@id\":\"https:\/\/frcs-research.com\/#website\"},\"primaryImageOfPage\":{\"@id\":\"https:\/\/frcs-research.com\/product\/mdpv-methylenedioxypyrovalerone\/#primaryimage\"},\"image\":{\"@id\":\"https:\/\/frcs-research.com\/product\/mdpv-methylenedioxypyrovalerone\/#primaryimage\"},\"thumbnailUrl\":\"https:\/\/frcs-research.com\/wp-content\/uploads\/2024\/10\/66472efb31d2820171120152316_53120.jpg\",\"datePublished\":\"2024-10-12T21:45:11+00:00\",\"dateModified\":\"2026-04-03T09:42:28+00:00\",\"description\":\"MDPV powder for sale at FRCS Research. Buy methylenedioxypyrovalerone for research with discreet shipping worldwide. Secure your order today\",\"breadcrumb\":{\"@id\":\"https:\/\/frcs-research.com\/product\/mdpv-methylenedioxypyrovalerone\/#breadcrumb\"},\"inLanguage\":\"cs\",\"potentialAction\":[{\"@type\":\"ReadAction\",\"target\":[\"https:\/\/frcs-research.com\/product\/mdpv-methylenedioxypyrovalerone\/\"]}]},{\"@type\":\"ImageObject\",\"inLanguage\":\"cs\",\"@id\":\"https:\/\/frcs-research.com\/product\/mdpv-methylenedioxypyrovalerone\/#primaryimage\",\"url\":\"https:\/\/frcs-research.com\/wp-content\/uploads\/2024\/10\/66472efb31d2820171120152316_53120.jpg\",\"contentUrl\":\"https:\/\/frcs-research.com\/wp-content\/uploads\/2024\/10\/66472efb31d2820171120152316_53120.jpg\",\"width\":400,\"height\":400,\"caption\":\"MDPV powder for sale\"},{\"@type\":\"BreadcrumbList\",\"@id\":\"https:\/\/frcs-research.com\/product\/mdpv-methylenedioxypyrovalerone\/#breadcrumb\",\"itemListElement\":[{\"@type\":\"ListItem\",\"position\":1,\"name\":\"Home\",\"item\":\"https:\/\/frcs-research.com\/\"},{\"@type\":\"ListItem\",\"position\":2,\"name\":\"Shop\",\"item\":\"https:\/\/frcs-research.com\/shop\/\"},{\"@type\":\"ListItem\",\"position\":3,\"name\":\"MDPV (Methylenedioxypyrovalerone)\"}]},{\"@type\":\"WebSite\",\"@id\":\"https:\/\/frcs-research.com\/#website\",\"url\":\"https:\/\/frcs-research.com\/\",\"name\":\"wholesale supplier of research chemicals, 4mmc, 3mmc, MDPHP, Alpha PVP and more\",\"description\":\"Wholesale research chemicals\",\"potentialAction\":[{\"@type\":\"SearchAction\",\"target\":{\"@type\":\"EntryPoint\",\"urlTemplate\":\"https:\/\/frcs-research.com\/?s={search_term_string}\"},\"query-input\":{\"@type\":\"PropertyValueSpecification\",\"valueRequired\":true,\"valueName\":\"search_term_string\"}}],\"inLanguage\":\"cs\"}]}<\/script>\n<meta property=\"product:price:amount\" content=\"2110.00\" \/>\n<meta property=\"product:price:currency\" content=\"EUR\" \/>\n<meta property=\"og:availability\" content=\"instock\" \/>\n<meta property=\"product:availability\" content=\"instock\" \/>\n<meta property=\"product:condition\" content=\"new\" \/>\n<!-- \/ Yoast SEO plugin. -->","yoast_head_json":{"title":"MDPV pr\u00e1\u0161ek na prodej od FRCS Research pro \u0161pi\u010dkovou kvalitu","description":"MDPV pr\u00e1\u0161ek na prodej na FRCS Research. Kupte si methylendioxypyrovaleron pro v\u00fdzkum s diskr\u00e9tn\u00ed dopravou po cel\u00e9m sv\u011bt\u011b. Zajist\u011bte svou objedn\u00e1vku je\u0161t\u011b dnes","robots":{"index":"index","follow":"follow","max-snippet":"max-snippet:-1","max-image-preview":"max-image-preview:large","max-video-preview":"max-video-preview:-1"},"canonical":"https:\/\/frcs-research.com\/cs\/product\/mdpv-methylendioxypyrovaleron\/","og_locale":"cs_CZ","og_type":"article","og_title":"MDPV powder for sale from FRCS Research for top-quality","og_description":"MDPV powder for sale at FRCS Research. Buy methylenedioxypyrovalerone for research with discreet shipping worldwide. Secure your order today","og_url":"https:\/\/frcs-research.com\/cs\/product\/mdpv-methylendioxypyrovaleron\/","og_site_name":"wholesale supplier of research chemicals, 4mmc, 3mmc, MDPHP, Alpha PVP and more","article_modified_time":"2026-04-03T09:42:28+00:00","og_image":[{"width":400,"height":400,"url":"https:\/\/frcs-research.com\/wp-content\/uploads\/2024\/10\/66472efb31d2820171120152316_53120.jpg","type":"image\/jpeg"}],"twitter_card":"summary_large_image","twitter_misc":{"Cena":"&euro;2,110.00","Dostupnost":"Skladem"},"schema":{"@context":"https:\/\/schema.org","@graph":[{"@type":["WebPage","ItemPage"],"@id":"https:\/\/frcs-research.com\/product\/mdpv-methylenedioxypyrovalerone\/","url":"https:\/\/frcs-research.com\/product\/mdpv-methylenedioxypyrovalerone\/","name":"MDPV pr\u00e1\u0161ek na prodej od FRCS Research pro \u0161pi\u010dkovou kvalitu","isPartOf":{"@id":"https:\/\/frcs-research.com\/#website"},"primaryImageOfPage":{"@id":"https:\/\/frcs-research.com\/product\/mdpv-methylenedioxypyrovalerone\/#primaryimage"},"image":{"@id":"https:\/\/frcs-research.com\/product\/mdpv-methylenedioxypyrovalerone\/#primaryimage"},"thumbnailUrl":"https:\/\/frcs-research.com\/wp-content\/uploads\/2024\/10\/66472efb31d2820171120152316_53120.jpg","datePublished":"2024-10-12T21:45:11+00:00","dateModified":"2026-04-03T09:42:28+00:00","description":"MDPV pr\u00e1\u0161ek na prodej na FRCS Research. Kupte si methylendioxypyrovaleron pro v\u00fdzkum s diskr\u00e9tn\u00ed dopravou po cel\u00e9m sv\u011bt\u011b. Zajist\u011bte svou objedn\u00e1vku je\u0161t\u011b dnes","breadcrumb":{"@id":"https:\/\/frcs-research.com\/product\/mdpv-methylenedioxypyrovalerone\/#breadcrumb"},"inLanguage":"cs","potentialAction":[{"@type":"ReadAction","target":["https:\/\/frcs-research.com\/product\/mdpv-methylenedioxypyrovalerone\/"]}]},{"@type":"ImageObject","inLanguage":"cs","@id":"https:\/\/frcs-research.com\/product\/mdpv-methylenedioxypyrovalerone\/#primaryimage","url":"https:\/\/frcs-research.com\/wp-content\/uploads\/2024\/10\/66472efb31d2820171120152316_53120.jpg","contentUrl":"https:\/\/frcs-research.com\/wp-content\/uploads\/2024\/10\/66472efb31d2820171120152316_53120.jpg","width":400,"height":400,"caption":"MDPV powder for sale"},{"@type":"BreadcrumbList","@id":"https:\/\/frcs-research.com\/product\/mdpv-methylenedioxypyrovalerone\/#breadcrumb","itemListElement":[{"@type":"ListItem","position":1,"name":"Home","item":"https:\/\/frcs-research.com\/"},{"@type":"ListItem","position":2,"name":"Shop","item":"https:\/\/frcs-research.com\/shop\/"},{"@type":"ListItem","position":3,"name":"MDPV (Methylenedioxypyrovalerone)"}]},{"@type":"WebSite","@id":"https:\/\/frcs-research.com\/#website","url":"https:\/\/frcs-research.com\/","name":"velkoobchodn\u00ed dodavatel v\u00fdzkumn\u00fdch chemik\u00e1li\u00ed, 4mmc, 3mmc, MDPHP, Alpha PVP a dal\u0161\u00ed","description":"Velkoobchodn\u00ed v\u00fdzkum chemik\u00e1li\u00ed","potentialAction":[{"@type":"SearchAction","target":{"@type":"EntryPoint","urlTemplate":"https:\/\/frcs-research.com\/?s={search_term_string}"},"query-input":{"@type":"PropertyValueSpecification","valueRequired":true,"valueName":"search_term_string"}}],"inLanguage":"cs"}]},"product_price_amount":"2110.00","product_price_currency":"EUR","og_availability":"instock","product_availability":"instock","product_condition":"new"},"uagb_featured_image_src":{"full":["https:\/\/frcs-research.com\/wp-content\/uploads\/2024\/10\/66472efb31d2820171120152316_53120.jpg",400,400,false],"thumbnail":["https:\/\/frcs-research.com\/wp-content\/uploads\/2024\/10\/66472efb31d2820171120152316_53120-150x150.jpg",150,150,true],"medium":["https:\/\/frcs-research.com\/wp-content\/uploads\/2024\/10\/66472efb31d2820171120152316_53120-300x300.jpg",300,300,true],"medium_large":["https:\/\/frcs-research.com\/wp-content\/uploads\/2024\/10\/66472efb31d2820171120152316_53120.jpg",400,400,false],"large":["https:\/\/frcs-research.com\/wp-content\/uploads\/2024\/10\/66472efb31d2820171120152316_53120.jpg",400,400,false],"1536x1536":["https:\/\/frcs-research.com\/wp-content\/uploads\/2024\/10\/66472efb31d2820171120152316_53120.jpg",400,400,false],"2048x2048":["https:\/\/frcs-research.com\/wp-content\/uploads\/2024\/10\/66472efb31d2820171120152316_53120.jpg",400,400,false],"trp-custom-language-flag":["https:\/\/frcs-research.com\/wp-content\/uploads\/2024\/10\/66472efb31d2820171120152316_53120.jpg",12,12,false],"post-thumbnail":["https:\/\/frcs-research.com\/wp-content\/uploads\/2024\/10\/66472efb31d2820171120152316_53120.jpg",400,400,false],"elite-commerce-slider":["https:\/\/frcs-research.com\/wp-content\/uploads\/2024\/10\/66472efb31d2820171120152316_53120.jpg",400,400,false],"elite-commerce-hero":["https:\/\/frcs-research.com\/wp-content\/uploads\/2024\/10\/66472efb31d2820171120152316_53120.jpg",400,400,false],"elite-commerce-portfolio":["https:\/\/frcs-research.com\/wp-content\/uploads\/2024\/10\/66472efb31d2820171120152316_53120.jpg",400,400,false],"woocommerce_thumbnail":["https:\/\/frcs-research.com\/wp-content\/uploads\/2024\/10\/66472efb31d2820171120152316_53120-300x300.jpg",300,300,true],"woocommerce_single":["https:\/\/frcs-research.com\/wp-content\/uploads\/2024\/10\/66472efb31d2820171120152316_53120.jpg",400,400,false],"woocommerce_gallery_thumbnail":["https:\/\/frcs-research.com\/wp-content\/uploads\/2024\/10\/66472efb31d2820171120152316_53120-100x100.jpg",100,100,true]},"uagb_author_info":{"display_name":"Richard Wood","author_link":"https:\/\/frcs-research.com\/cs\/author\/"},"uagb_comment_info":746,"uagb_excerpt":"Buy MDPV (Methylenedioxypyrovalerone) Powder MDPV, a highly potent stimulant from the cathinone family, is renowned for its powerful energizing effects, acting as a dopamine reuptake inhibitor. Researchers value MDPV for&hellip;&euro;2,400.00 P\u016fvodn\u00ed cena byla: &euro;2,400.00.&euro;2,110.00Aktu\u00e1ln\u00ed cena je: &euro;2,110.00.P\u0159idat do ko\u0161\u00edku","_links":{"self":[{"href":"https:\/\/frcs-research.com\/cs\/wp-json\/wp\/v2\/product\/726","targetHints":{"allow":["GET"]}}],"collection":[{"href":"https:\/\/frcs-research.com\/cs\/wp-json\/wp\/v2\/product"}],"about":[{"href":"https:\/\/frcs-research.com\/cs\/wp-json\/wp\/v2\/types\/product"}],"replies":[{"embeddable":true,"href":"https:\/\/frcs-research.com\/cs\/wp-json\/wp\/v2\/comments?post=726"}],"wp:featuredmedia":[{"embeddable":true,"href":"https:\/\/frcs-research.com\/cs\/wp-json\/wp\/v2\/media\/727"}],"wp:attachment":[{"href":"https:\/\/frcs-research.com\/cs\/wp-json\/wp\/v2\/media?parent=726"}],"wp:term":[{"taxonomy":"product_brand","embeddable":true,"href":"https:\/\/frcs-research.com\/cs\/wp-json\/wp\/v2\/product_brand?post=726"},{"taxonomy":"product_cat","embeddable":true,"href":"https:\/\/frcs-research.com\/cs\/wp-json\/wp\/v2\/product_cat?post=726"},{"taxonomy":"product_tag","embeddable":true,"href":"https:\/\/frcs-research.com\/cs\/wp-json\/wp\/v2\/product_tag?post=726"}],"curies":[{"name":"wp","href":"https:\/\/api.w.org\/{rel}","templated":true}]}}