{"id":728,"date":"2024-10-12T21:48:40","date_gmt":"2024-10-12T21:48:40","guid":{"rendered":"https:\/\/frcs-research.com\/?post_type=product&#038;p=728"},"modified":"2026-04-03T23:33:15","modified_gmt":"2026-04-03T23:33:15","slug":"koupit-alfa-pvp","status":"publish","type":"product","link":"https:\/\/frcs-research.com\/cs\/product\/koupit-alfa-pvp\/","title":{"rendered":"Alpha PvP 1kg"},"content":{"rendered":"<h1>Objednejte si \u03b1-PVP (alfa-pyrolidinopentiofenon) online<\/h1>\n<p>B\u011b\u017en\u011b ozna\u010dovan\u00e9 jako \u201eflakka\u201c, Buy <strong>a-PVP<\/strong> je siln\u00fd syntetick\u00fd stimulant. Je dob\u0159e zn\u00e1m\u00fd jak ve v\u00fdzkumn\u00fdch, tak v rekrea\u010dn\u00edch komunit\u00e1ch pro svou schopnost p\u016fsobit jako a <strong>inhibitor zp\u011btn\u00e9ho vychyt\u00e1v\u00e1n\u00ed norepinefrinu-dopaminu<\/strong>. \u03b1-PVP je zvl\u00e1\u0161t\u011b u\u017eite\u010dn\u00fd ve v\u00fdzkumu zam\u011b\u0159en\u00e9m na studium <strong>kognitivn\u00ed chov\u00e1n\u00ed<\/strong> a <strong>neurochemick\u00e9 interakce<\/strong>. <strong>V\u00fdzkum FRCS<\/strong> poskytuje <strong>a-PVP pr\u00e1\u0161ek<\/strong> ve sv\u00e9 nej\u010dist\u0161\u00ed podob\u011b pro <strong>v\u00fdzkumn\u00e9 vyu\u017eit\u00ed<\/strong>.<\/p>\n<ul>\n<li><strong>Kl\u00ed\u010dov\u00e1 slova<\/strong>: koupit alfa-PVP, flakka na prodej, koupit alfa-PVP pr\u00e1\u0161ek, koupit syntetick\u00e9 katinony.<\/li>\n<li><strong>V\u00fdzva k akci<\/strong>: Zajist\u011bte si objedn\u00e1vku <strong>a-PVP<\/strong> z <strong>V\u00fdzkum FRCS<\/strong> a u\u017eijte si diskr\u00e9tn\u00ed dopravu a bezpe\u010dnou online platbu.<\/li>\n<\/ul>","protected":false},"excerpt":{"rendered":"<p>Order \u03b1-PVP (Alpha-Pyrrolidinopentiophenone) Online Commonly referred to as &#8220;flakka,&#8221; Buy \u03b1-PVP is a powerful synthetic stimulant. It is well-known in both research and recreational communities for its ability to act&hellip;<\/p>\n<p class=\"product woocommerce add_to_cart_inline\" style=\"border:4px solid #ccc; padding: 12px;\"><del aria-hidden=\"true\"><span class=\"woocommerce-Price-amount amount\"><bdi><span class=\"woocommerce-Price-currencySymbol\">&euro;<\/span>2,800.00<\/bdi><\/span><\/del> <span class=\"screen-reader-text\" data-no-translation=\"\" data-trp-gettext=\"\">P\u016fvodn\u00ed cena byla: &euro;2,800.00.<\/span><ins aria-hidden=\"true\"><span class=\"woocommerce-Price-amount amount\"><bdi><span class=\"woocommerce-Price-currencySymbol\">&euro;<\/span>2,400.00<\/bdi><\/span><\/ins><span class=\"screen-reader-text\" data-no-translation=\"\" data-trp-gettext=\"\">Aktu\u00e1ln\u00ed cena je: &euro;2,400.00.<\/span><a href=\"\/cs\/wp-json\/wp\/v2\/product\/728?add-to-cart=728\" aria-describedby=\"woocommerce_loop_add_to_cart_link_describedby_728\" data-quantity=\"1\" class=\"button product_type_simple add_to_cart_button ajax_add_to_cart\" data-product_id=\"728\" data-product_sku=\"\" aria-label=\"P\u0159idat do ko\u0161\u00edku: \u201cAlpha PvP 1kg\u201d\" rel=\"nofollow\" data-success_message=\"\u201eAlpha PvP 1kg\u201c byl p\u0159id\u00e1n do va\u0161eho ko\u0161\u00edku\" data-no-translation=\"\" data-trp-gettext=\"\" data-no-translation-aria-label=\"\" data-no-translation-data-success_message=\"\">P\u0159idat do ko\u0161\u00edku<\/a>\t<span id=\"woocommerce_loop_add_to_cart_link_describedby_728\" class=\"screen-reader-text\"><br \/>\n\t\t\t<\/span><\/p>","protected":false},"featured_media":729,"comment_status":"open","ping_status":"closed","template":"","meta":{"_uag_custom_page_level_css":""},"product_brand":[],"product_cat":[26],"product_tag":[285,283,273,286,279,276,284,282,272,275,280,278,281,277,274],"class_list":{"0":"post-728","1":"product","2":"type-product","3":"status-publish","4":"has-post-thumbnail","6":"product_cat-synthetic-cathinones","7":"product_tag-alpha-pvp-bulk-buy","8":"product_tag-alpha-pvp-distributor","9":"product_tag-alpha-pvp-for-sale","10":"product_tag-alpha-pvp-reviews","11":"product_tag-alpha-pvp-shipping","12":"product_tag-alpha-pvp-vendor","13":"product_tag-best-place-to-buy-alpha-pvp","14":"product_tag-buy-alpha-pvp-legally","15":"product_tag-buy-alpha-pvp-online","16":"product_tag-buy-alpha-pvp-powder","17":"product_tag-buy-pure-alpha-pvp","18":"product_tag-buy-research-chemicals-alpha-pvp","19":"product_tag-cheap-alpha-pvp-for-sale","20":"product_tag-order-alpha-pvp","21":"product_tag-purchase-alpha-pvp","23":"first","24":"instock","25":"sale","26":"shipping-taxable","27":"purchasable","28":"product-type-simple"},"yoast_head":"<!-- This site is optimized with the Yoast SEO plugin v27.1.1 - https:\/\/yoast.com\/product\/yoast-seo-wordpress\/ -->\n<title>Buy \u03b1-PVP (Flakka) Powder | Top-Quality Research Chemicals<\/title>\n<meta name=\"description\" content=\"Buy alpha PVP (Flakka) powder online at FRCS Research. Get high-purity alpha-PVP for research with fast and secure worldwide shipping. Perfect for lab studies. Order today!\" \/>\n<meta name=\"robots\" content=\"index, follow, max-snippet:-1, max-image-preview:large, max-video-preview:-1\" \/>\n<link rel=\"canonical\" href=\"https:\/\/frcs-research.com\/cs\/product\/koupit-alfa-pvp\/\" \/>\n<meta property=\"og:locale\" content=\"cs_CZ\" \/>\n<meta property=\"og:type\" content=\"article\" \/>\n<meta property=\"og:title\" content=\"Buy \u03b1-PVP (Flakka) Powder | Top-Quality Research Chemicals\" \/>\n<meta property=\"og:description\" content=\"Buy alpha PVP (Flakka) powder online at FRCS Research. Get high-purity alpha-PVP for research with fast and secure worldwide shipping. Perfect for lab studies. Order today!\" \/>\n<meta property=\"og:url\" content=\"https:\/\/frcs-research.com\/cs\/product\/koupit-alfa-pvp\/\" \/>\n<meta property=\"og:site_name\" content=\"wholesale supplier of research chemicals, 4mmc, 3mmc, MDPHP, Alpha PVP and more\" \/>\n<meta property=\"article:modified_time\" content=\"2026-04-03T23:33:15+00:00\" \/>\n<meta property=\"og:image\" content=\"https:\/\/frcs-research.com\/wp-content\/uploads\/2024\/10\/Flakka.jpg\" \/>\n\t<meta property=\"og:image:width\" content=\"374\" \/>\n\t<meta property=\"og:image:height\" content=\"374\" \/>\n\t<meta property=\"og:image:type\" content=\"image\/jpeg\" \/>\n<meta name=\"twitter:card\" content=\"summary_large_image\" \/>\n<meta name=\"twitter:label1\" content=\"Cena\" \/>\n\t<meta name=\"twitter:data1\" content=\"&euro;2,400.00\" \/>\n\t<meta name=\"twitter:label2\" content=\"Dostupnost\" \/>\n\t<meta name=\"twitter:data2\" content=\"Skladem\" \/>\n<script type=\"application\/ld+json\" class=\"yoast-schema-graph\">{\"@context\":\"https:\/\/schema.org\",\"@graph\":[{\"@type\":[\"WebPage\",\"ItemPage\"],\"@id\":\"https:\/\/frcs-research.com\/product\/buy-alpha-pvp\/\",\"url\":\"https:\/\/frcs-research.com\/product\/buy-alpha-pvp\/\",\"name\":\"Buy \u03b1-PVP (Flakka) Powder | Top-Quality Research Chemicals\",\"isPartOf\":{\"@id\":\"https:\/\/frcs-research.com\/#website\"},\"primaryImageOfPage\":{\"@id\":\"https:\/\/frcs-research.com\/product\/buy-alpha-pvp\/#primaryimage\"},\"image\":{\"@id\":\"https:\/\/frcs-research.com\/product\/buy-alpha-pvp\/#primaryimage\"},\"thumbnailUrl\":\"https:\/\/frcs-research.com\/wp-content\/uploads\/2024\/10\/Flakka.jpg\",\"datePublished\":\"2024-10-12T21:48:40+00:00\",\"dateModified\":\"2026-04-03T23:33:15+00:00\",\"description\":\"Buy alpha PVP (Flakka) powder online at FRCS Research. Get high-purity alpha-PVP for research with fast and secure worldwide shipping. Perfect for lab studies. Order today!\",\"breadcrumb\":{\"@id\":\"https:\/\/frcs-research.com\/product\/buy-alpha-pvp\/#breadcrumb\"},\"inLanguage\":\"cs\",\"potentialAction\":[{\"@type\":\"ReadAction\",\"target\":[\"https:\/\/frcs-research.com\/product\/buy-alpha-pvp\/\"]}]},{\"@type\":\"ImageObject\",\"inLanguage\":\"cs\",\"@id\":\"https:\/\/frcs-research.com\/product\/buy-alpha-pvp\/#primaryimage\",\"url\":\"https:\/\/frcs-research.com\/wp-content\/uploads\/2024\/10\/Flakka.jpg\",\"contentUrl\":\"https:\/\/frcs-research.com\/wp-content\/uploads\/2024\/10\/Flakka.jpg\",\"width\":374,\"height\":374,\"caption\":\"Buy alpha pvp\"},{\"@type\":\"BreadcrumbList\",\"@id\":\"https:\/\/frcs-research.com\/product\/buy-alpha-pvp\/#breadcrumb\",\"itemListElement\":[{\"@type\":\"ListItem\",\"position\":1,\"name\":\"Home\",\"item\":\"https:\/\/frcs-research.com\/\"},{\"@type\":\"ListItem\",\"position\":2,\"name\":\"Shop\",\"item\":\"https:\/\/frcs-research.com\/shop\/\"},{\"@type\":\"ListItem\",\"position\":3,\"name\":\"Alpha PvP 1kg\"}]},{\"@type\":\"WebSite\",\"@id\":\"https:\/\/frcs-research.com\/#website\",\"url\":\"https:\/\/frcs-research.com\/\",\"name\":\"wholesale supplier of research chemicals, 4mmc, 3mmc, MDPHP, Alpha PVP and more\",\"description\":\"Wholesale research chemicals\",\"potentialAction\":[{\"@type\":\"SearchAction\",\"target\":{\"@type\":\"EntryPoint\",\"urlTemplate\":\"https:\/\/frcs-research.com\/?s={search_term_string}\"},\"query-input\":{\"@type\":\"PropertyValueSpecification\",\"valueRequired\":true,\"valueName\":\"search_term_string\"}}],\"inLanguage\":\"cs\"}]}<\/script>\n<meta property=\"product:price:amount\" content=\"2400.00\" \/>\n<meta property=\"product:price:currency\" content=\"EUR\" \/>\n<meta property=\"og:availability\" content=\"instock\" \/>\n<meta property=\"product:availability\" content=\"instock\" \/>\n<meta property=\"product:condition\" content=\"new\" \/>\n<!-- \/ Yoast SEO plugin. -->","yoast_head_json":{"title":"Prod\u00e1m \u03b1-PVP (Flakka) Powder | Vysoce kvalitn\u00ed v\u00fdzkumn\u00e9 chemik\u00e1lie","description":"Kupte si pr\u00e1\u0161ek alfa PVP (Flakka) online na FRCS Research. Z\u00edskejte vysoce \u010dist\u00fd alfa-PVP pro v\u00fdzkum s rychlou a bezpe\u010dnou celosv\u011btovou dopravou. Ide\u00e1ln\u00ed pro laboratorn\u00ed studie. Objednejte je\u0161t\u011b dnes!","robots":{"index":"index","follow":"follow","max-snippet":"max-snippet:-1","max-image-preview":"max-image-preview:large","max-video-preview":"max-video-preview:-1"},"canonical":"https:\/\/frcs-research.com\/cs\/product\/koupit-alfa-pvp\/","og_locale":"cs_CZ","og_type":"article","og_title":"Buy \u03b1-PVP (Flakka) Powder | Top-Quality Research Chemicals","og_description":"Buy alpha PVP (Flakka) powder online at FRCS Research. Get high-purity alpha-PVP for research with fast and secure worldwide shipping. Perfect for lab studies. Order today!","og_url":"https:\/\/frcs-research.com\/cs\/product\/koupit-alfa-pvp\/","og_site_name":"wholesale supplier of research chemicals, 4mmc, 3mmc, MDPHP, Alpha PVP and more","article_modified_time":"2026-04-03T23:33:15+00:00","og_image":[{"width":374,"height":374,"url":"https:\/\/frcs-research.com\/wp-content\/uploads\/2024\/10\/Flakka.jpg","type":"image\/jpeg"}],"twitter_card":"summary_large_image","twitter_misc":{"Cena":"&euro;2,400.00","Dostupnost":"Skladem"},"schema":{"@context":"https:\/\/schema.org","@graph":[{"@type":["WebPage","ItemPage"],"@id":"https:\/\/frcs-research.com\/product\/buy-alpha-pvp\/","url":"https:\/\/frcs-research.com\/product\/buy-alpha-pvp\/","name":"Prod\u00e1m \u03b1-PVP (Flakka) Powder | Vysoce kvalitn\u00ed v\u00fdzkumn\u00e9 chemik\u00e1lie","isPartOf":{"@id":"https:\/\/frcs-research.com\/#website"},"primaryImageOfPage":{"@id":"https:\/\/frcs-research.com\/product\/buy-alpha-pvp\/#primaryimage"},"image":{"@id":"https:\/\/frcs-research.com\/product\/buy-alpha-pvp\/#primaryimage"},"thumbnailUrl":"https:\/\/frcs-research.com\/wp-content\/uploads\/2024\/10\/Flakka.jpg","datePublished":"2024-10-12T21:48:40+00:00","dateModified":"2026-04-03T23:33:15+00:00","description":"Kupte si pr\u00e1\u0161ek alfa PVP (Flakka) online na FRCS Research. Z\u00edskejte vysoce \u010dist\u00fd alfa-PVP pro v\u00fdzkum s rychlou a bezpe\u010dnou celosv\u011btovou dopravou. Ide\u00e1ln\u00ed pro laboratorn\u00ed studie. Objednejte je\u0161t\u011b dnes!","breadcrumb":{"@id":"https:\/\/frcs-research.com\/product\/buy-alpha-pvp\/#breadcrumb"},"inLanguage":"cs","potentialAction":[{"@type":"ReadAction","target":["https:\/\/frcs-research.com\/product\/buy-alpha-pvp\/"]}]},{"@type":"ImageObject","inLanguage":"cs","@id":"https:\/\/frcs-research.com\/product\/buy-alpha-pvp\/#primaryimage","url":"https:\/\/frcs-research.com\/wp-content\/uploads\/2024\/10\/Flakka.jpg","contentUrl":"https:\/\/frcs-research.com\/wp-content\/uploads\/2024\/10\/Flakka.jpg","width":374,"height":374,"caption":"Buy alpha pvp"},{"@type":"BreadcrumbList","@id":"https:\/\/frcs-research.com\/product\/buy-alpha-pvp\/#breadcrumb","itemListElement":[{"@type":"ListItem","position":1,"name":"Home","item":"https:\/\/frcs-research.com\/"},{"@type":"ListItem","position":2,"name":"Shop","item":"https:\/\/frcs-research.com\/shop\/"},{"@type":"ListItem","position":3,"name":"Alpha PvP 1kg"}]},{"@type":"WebSite","@id":"https:\/\/frcs-research.com\/#website","url":"https:\/\/frcs-research.com\/","name":"velkoobchodn\u00ed dodavatel v\u00fdzkumn\u00fdch chemik\u00e1li\u00ed, 4mmc, 3mmc, MDPHP, Alpha PVP a dal\u0161\u00ed","description":"Velkoobchodn\u00ed v\u00fdzkum chemik\u00e1li\u00ed","potentialAction":[{"@type":"SearchAction","target":{"@type":"EntryPoint","urlTemplate":"https:\/\/frcs-research.com\/?s={search_term_string}"},"query-input":{"@type":"PropertyValueSpecification","valueRequired":true,"valueName":"search_term_string"}}],"inLanguage":"cs"}]},"product_price_amount":"2400.00","product_price_currency":"EUR","og_availability":"instock","product_availability":"instock","product_condition":"new"},"uagb_featured_image_src":{"full":["https:\/\/frcs-research.com\/wp-content\/uploads\/2024\/10\/Flakka.jpg",374,374,false],"thumbnail":["https:\/\/frcs-research.com\/wp-content\/uploads\/2024\/10\/Flakka-150x150.jpg",150,150,true],"medium":["https:\/\/frcs-research.com\/wp-content\/uploads\/2024\/10\/Flakka-300x300.jpg",300,300,true],"medium_large":["https:\/\/frcs-research.com\/wp-content\/uploads\/2024\/10\/Flakka.jpg",374,374,false],"large":["https:\/\/frcs-research.com\/wp-content\/uploads\/2024\/10\/Flakka.jpg",374,374,false],"1536x1536":["https:\/\/frcs-research.com\/wp-content\/uploads\/2024\/10\/Flakka.jpg",374,374,false],"2048x2048":["https:\/\/frcs-research.com\/wp-content\/uploads\/2024\/10\/Flakka.jpg",374,374,false],"trp-custom-language-flag":["https:\/\/frcs-research.com\/wp-content\/uploads\/2024\/10\/Flakka.jpg",12,12,false],"post-thumbnail":["https:\/\/frcs-research.com\/wp-content\/uploads\/2024\/10\/Flakka.jpg",374,374,false],"elite-commerce-slider":["https:\/\/frcs-research.com\/wp-content\/uploads\/2024\/10\/Flakka.jpg",374,374,false],"elite-commerce-hero":["https:\/\/frcs-research.com\/wp-content\/uploads\/2024\/10\/Flakka.jpg",374,374,false],"elite-commerce-portfolio":["https:\/\/frcs-research.com\/wp-content\/uploads\/2024\/10\/Flakka.jpg",374,374,false],"woocommerce_thumbnail":["https:\/\/frcs-research.com\/wp-content\/uploads\/2024\/10\/Flakka-300x300.jpg",300,300,true],"woocommerce_single":["https:\/\/frcs-research.com\/wp-content\/uploads\/2024\/10\/Flakka.jpg",374,374,false],"woocommerce_gallery_thumbnail":["https:\/\/frcs-research.com\/wp-content\/uploads\/2024\/10\/Flakka-100x100.jpg",100,100,true]},"uagb_author_info":{"display_name":"Richard Wood","author_link":"https:\/\/frcs-research.com\/cs\/author\/"},"uagb_comment_info":1212,"uagb_excerpt":"Order \u03b1-PVP (Alpha-Pyrrolidinopentiophenone) Online Commonly referred to as &#8220;flakka,&#8221; Buy \u03b1-PVP is a powerful synthetic stimulant. It is well-known in both research and recreational communities for its ability to act&hellip;&euro;2,800.00 P\u016fvodn\u00ed cena byla: &euro;2,800.00.&euro;2,400.00Aktu\u00e1ln\u00ed cena je: &euro;2,400.00.P\u0159idat do ko\u0161\u00edku","_links":{"self":[{"href":"https:\/\/frcs-research.com\/cs\/wp-json\/wp\/v2\/product\/728","targetHints":{"allow":["GET"]}}],"collection":[{"href":"https:\/\/frcs-research.com\/cs\/wp-json\/wp\/v2\/product"}],"about":[{"href":"https:\/\/frcs-research.com\/cs\/wp-json\/wp\/v2\/types\/product"}],"replies":[{"embeddable":true,"href":"https:\/\/frcs-research.com\/cs\/wp-json\/wp\/v2\/comments?post=728"}],"wp:featuredmedia":[{"embeddable":true,"href":"https:\/\/frcs-research.com\/cs\/wp-json\/wp\/v2\/media\/729"}],"wp:attachment":[{"href":"https:\/\/frcs-research.com\/cs\/wp-json\/wp\/v2\/media?parent=728"}],"wp:term":[{"taxonomy":"product_brand","embeddable":true,"href":"https:\/\/frcs-research.com\/cs\/wp-json\/wp\/v2\/product_brand?post=728"},{"taxonomy":"product_cat","embeddable":true,"href":"https:\/\/frcs-research.com\/cs\/wp-json\/wp\/v2\/product_cat?post=728"},{"taxonomy":"product_tag","embeddable":true,"href":"https:\/\/frcs-research.com\/cs\/wp-json\/wp\/v2\/product_tag?post=728"}],"curies":[{"name":"wp","href":"https:\/\/api.w.org\/{rel}","templated":true}]}}