{"id":730,"date":"2024-10-12T21:53:13","date_gmt":"2024-10-12T21:53:13","guid":{"rendered":"https:\/\/frcs-research.com\/?post_type=product&#038;p=730"},"modified":"2026-04-03T11:22:22","modified_gmt":"2026-04-03T11:22:22","slug":"n-ethylhexedron","status":"publish","type":"product","link":"https:\/\/frcs-research.com\/cs\/product\/n-ethylhexedron\/","title":{"rendered":"N-Ethylhexedrone 1kg"},"content":{"rendered":"<h3><strong>Koupit pr\u00e1\u0161ek N-Ethylhexedrone online<\/strong><\/h3>\n<p>N-Ethylhexedron je siln\u00fd stimulant v <strong>rodina kathinon\u016f<\/strong>, zn\u00e1m\u00fd pro sv\u00e9 euforick\u00e9 a energizuj\u00edc\u00ed \u00fa\u010dinky. \u010casto se pou\u017e\u00edv\u00e1 v <strong>v\u00fdzkum<\/strong>, je chemicky podobn\u00fd <strong>a-PVP<\/strong> a dal\u0161\u00ed obl\u00edben\u00e9 syntetick\u00e9 stimulanty. Na <strong>V\u00fdzkum FRCS<\/strong>, nab\u00edz\u00edme <strong>N-ethylhexedronov\u00fd pr\u00e1\u0161ek<\/strong> ve sv\u00e9 nejvy\u0161\u0161\u00ed \u010distot\u011b, ide\u00e1ln\u00ed pro <strong>laboratorn\u00ed studie<\/strong> a v\u011bdeck\u00e9 \u00fa\u010dely. A\u0165 u\u017e zkoum\u00e1te jeho stimula\u010dn\u00ed \u00fa\u010dinky nebo zkoum\u00e1te jeho p\u016fsoben\u00ed na <strong>centr\u00e1ln\u00ed nervov\u00fd syst\u00e9m<\/strong>, tato slou\u010denina je skv\u011bl\u00fdm dopl\u0148kem do ka\u017ed\u00e9 laborato\u0159e.<\/p>\n<ul>\n<li><strong>Kl\u00ed\u010dov\u00e1 slova<\/strong>: koupit N-Ethylhexedrone, N-Ethylhexedrone na prodej, koupit syntetick\u00e9 stimulanty, objednat v\u00fdzkumn\u00e9 chemik\u00e1lie online.<\/li>\n<li><strong>V\u00fdzva k akci<\/strong>: Objedn\u00e1vka <strong>N-ethylhexedronov\u00fd pr\u00e1\u0161ek<\/strong> z <strong>V\u00fdzkum FRCS<\/strong> a za\u017eijte rychlou a bezpe\u010dnou p\u0159epravu po cel\u00e9m sv\u011bt\u011b.<\/li>\n<\/ul>","protected":false},"excerpt":{"rendered":"<p>Buy N-Ethylhexedrone Powder Online N-Ethylhexedrone is a potent stimulant in the cathinone family, known for its euphoric and energizing effects. Often used in research, it is chemically similar to \u03b1-PVP&hellip;<\/p>\n<p class=\"product woocommerce add_to_cart_inline\" style=\"border:4px solid #ccc; padding: 12px;\"><del aria-hidden=\"true\"><span class=\"woocommerce-Price-amount amount\"><bdi><span class=\"woocommerce-Price-currencySymbol\">&euro;<\/span>2,700.00<\/bdi><\/span><\/del> <span class=\"screen-reader-text\" data-no-translation=\"\" data-trp-gettext=\"\">P\u016fvodn\u00ed cena byla: &euro;2,700.00.<\/span><ins aria-hidden=\"true\"><span class=\"woocommerce-Price-amount amount\"><bdi><span class=\"woocommerce-Price-currencySymbol\">&euro;<\/span>2,350.00<\/bdi><\/span><\/ins><span class=\"screen-reader-text\" data-no-translation=\"\" data-trp-gettext=\"\">Aktu\u00e1ln\u00ed cena je: &euro;2,350.00.<\/span><a href=\"\/cs\/wp-json\/wp\/v2\/product\/730?add-to-cart=730\" aria-describedby=\"woocommerce_loop_add_to_cart_link_describedby_730\" data-quantity=\"1\" class=\"button product_type_simple add_to_cart_button ajax_add_to_cart\" data-product_id=\"730\" data-product_sku=\"\" aria-label=\"P\u0159idat do ko\u0161\u00edku: \u201cN-Ethylhexedrone 1kg\u201d\" rel=\"nofollow\" data-success_message=\"\u201eN-Ethylhexedrone 1kg\u201c byl p\u0159id\u00e1n do va\u0161eho ko\u0161\u00edku\" data-no-translation=\"\" data-trp-gettext=\"\" data-no-translation-aria-label=\"\" data-no-translation-data-success_message=\"\">P\u0159idat do ko\u0161\u00edku<\/a>\t<span id=\"woocommerce_loop_add_to_cart_link_describedby_730\" class=\"screen-reader-text\"><br \/>\n\t\t\t<\/span><\/p>","protected":false},"featured_media":731,"comment_status":"open","ping_status":"closed","template":"","meta":{"_uag_custom_page_level_css":""},"product_brand":[],"product_cat":[26],"product_tag":[],"class_list":{"0":"post-730","1":"product","2":"type-product","3":"status-publish","4":"has-post-thumbnail","6":"product_cat-synthetic-cathinones","8":"first","9":"instock","10":"sale","11":"shipping-taxable","12":"purchasable","13":"product-type-simple"},"yoast_head":"<!-- This site is optimized with the Yoast SEO plugin v27.1.1 - https:\/\/yoast.com\/product\/yoast-seo-wordpress\/ -->\n<title>Buy N-Ethylhexedrone Powder | Top-Quality Stimulant for Research<\/title>\n<meta name=\"description\" content=\"Buy N-Ethylhexedrone Powder high-purity for research from FRCS Research. Fast, discreet shipping available worldwide. Secure your research chemicals today!\" \/>\n<meta name=\"robots\" content=\"index, follow, max-snippet:-1, max-image-preview:large, max-video-preview:-1\" \/>\n<link rel=\"canonical\" href=\"https:\/\/frcs-research.com\/cs\/product\/n-ethylhexedron\/\" \/>\n<meta property=\"og:locale\" content=\"cs_CZ\" \/>\n<meta property=\"og:type\" content=\"article\" \/>\n<meta property=\"og:title\" content=\"Buy N-Ethylhexedrone Powder | Top-Quality Stimulant for Research\" \/>\n<meta property=\"og:description\" content=\"Buy N-Ethylhexedrone Powder high-purity for research from FRCS Research. Fast, discreet shipping available worldwide. Secure your research chemicals today!\" \/>\n<meta property=\"og:url\" content=\"https:\/\/frcs-research.com\/cs\/product\/n-ethylhexedron\/\" \/>\n<meta property=\"og:site_name\" content=\"wholesale supplier of research chemicals, 4mmc, 3mmc, MDPHP, Alpha PVP and more\" \/>\n<meta property=\"article:modified_time\" content=\"2026-04-03T11:22:22+00:00\" \/>\n<meta property=\"og:image\" content=\"https:\/\/frcs-research.com\/wp-content\/uploads\/2024\/10\/Buy-4-CEC-Crystals-300x300-1.jpg\" \/>\n\t<meta property=\"og:image:width\" content=\"300\" \/>\n\t<meta property=\"og:image:height\" content=\"300\" \/>\n\t<meta property=\"og:image:type\" content=\"image\/jpeg\" \/>\n<meta name=\"twitter:card\" content=\"summary_large_image\" \/>\n<meta name=\"twitter:label1\" content=\"Cena\" \/>\n\t<meta name=\"twitter:data1\" content=\"&euro;2,350.00\" \/>\n\t<meta name=\"twitter:label2\" content=\"Dostupnost\" \/>\n\t<meta name=\"twitter:data2\" content=\"Skladem\" \/>\n<script type=\"application\/ld+json\" class=\"yoast-schema-graph\">{\"@context\":\"https:\/\/schema.org\",\"@graph\":[{\"@type\":[\"WebPage\",\"ItemPage\"],\"@id\":\"https:\/\/frcs-research.com\/product\/n-ethylhexedrone\/\",\"url\":\"https:\/\/frcs-research.com\/product\/n-ethylhexedrone\/\",\"name\":\"Buy N-Ethylhexedrone Powder | Top-Quality Stimulant for Research\",\"isPartOf\":{\"@id\":\"https:\/\/frcs-research.com\/#website\"},\"primaryImageOfPage\":{\"@id\":\"https:\/\/frcs-research.com\/product\/n-ethylhexedrone\/#primaryimage\"},\"image\":{\"@id\":\"https:\/\/frcs-research.com\/product\/n-ethylhexedrone\/#primaryimage\"},\"thumbnailUrl\":\"https:\/\/frcs-research.com\/wp-content\/uploads\/2024\/10\/Buy-4-CEC-Crystals-300x300-1.jpg\",\"datePublished\":\"2024-10-12T21:53:13+00:00\",\"dateModified\":\"2026-04-03T11:22:22+00:00\",\"description\":\"Buy N-Ethylhexedrone Powder high-purity for research from FRCS Research. Fast, discreet shipping available worldwide. Secure your research chemicals today!\",\"breadcrumb\":{\"@id\":\"https:\/\/frcs-research.com\/product\/n-ethylhexedrone\/#breadcrumb\"},\"inLanguage\":\"cs\",\"potentialAction\":[{\"@type\":\"ReadAction\",\"target\":[\"https:\/\/frcs-research.com\/product\/n-ethylhexedrone\/\"]}]},{\"@type\":\"ImageObject\",\"inLanguage\":\"cs\",\"@id\":\"https:\/\/frcs-research.com\/product\/n-ethylhexedrone\/#primaryimage\",\"url\":\"https:\/\/frcs-research.com\/wp-content\/uploads\/2024\/10\/Buy-4-CEC-Crystals-300x300-1.jpg\",\"contentUrl\":\"https:\/\/frcs-research.com\/wp-content\/uploads\/2024\/10\/Buy-4-CEC-Crystals-300x300-1.jpg\",\"width\":300,\"height\":300,\"caption\":\"Buy N-Ethylhexedrone\"},{\"@type\":\"BreadcrumbList\",\"@id\":\"https:\/\/frcs-research.com\/product\/n-ethylhexedrone\/#breadcrumb\",\"itemListElement\":[{\"@type\":\"ListItem\",\"position\":1,\"name\":\"Home\",\"item\":\"https:\/\/frcs-research.com\/\"},{\"@type\":\"ListItem\",\"position\":2,\"name\":\"Shop\",\"item\":\"https:\/\/frcs-research.com\/shop\/\"},{\"@type\":\"ListItem\",\"position\":3,\"name\":\"N-Ethylhexedrone 1kg\"}]},{\"@type\":\"WebSite\",\"@id\":\"https:\/\/frcs-research.com\/#website\",\"url\":\"https:\/\/frcs-research.com\/\",\"name\":\"wholesale supplier of research chemicals, 4mmc, 3mmc, MDPHP, Alpha PVP and more\",\"description\":\"Wholesale research chemicals\",\"potentialAction\":[{\"@type\":\"SearchAction\",\"target\":{\"@type\":\"EntryPoint\",\"urlTemplate\":\"https:\/\/frcs-research.com\/?s={search_term_string}\"},\"query-input\":{\"@type\":\"PropertyValueSpecification\",\"valueRequired\":true,\"valueName\":\"search_term_string\"}}],\"inLanguage\":\"cs\"}]}<\/script>\n<meta property=\"product:price:amount\" content=\"2350.00\" \/>\n<meta property=\"product:price:currency\" content=\"EUR\" \/>\n<meta property=\"og:availability\" content=\"instock\" \/>\n<meta property=\"product:availability\" content=\"instock\" \/>\n<meta property=\"product:condition\" content=\"new\" \/>\n<!-- \/ Yoast SEO plugin. -->","yoast_head_json":{"title":"Koupit N-Ethylhexedron Powder | Vysoce kvalitn\u00ed stimulant pro v\u00fdzkum","description":"Kupte si N-Ethylhexedronov\u00fd pr\u00e1\u0161ek vysok\u00e9 \u010distoty pro v\u00fdzkum od FRCS Research. Rychl\u00e1, diskr\u00e9tn\u00ed doprava dostupn\u00e1 po cel\u00e9m sv\u011bt\u011b. Zabezpe\u010dte sv\u00e9 v\u00fdzkumn\u00e9 chemik\u00e1lie je\u0161t\u011b dnes!","robots":{"index":"index","follow":"follow","max-snippet":"max-snippet:-1","max-image-preview":"max-image-preview:large","max-video-preview":"max-video-preview:-1"},"canonical":"https:\/\/frcs-research.com\/cs\/product\/n-ethylhexedron\/","og_locale":"cs_CZ","og_type":"article","og_title":"Buy N-Ethylhexedrone Powder | Top-Quality Stimulant for Research","og_description":"Buy N-Ethylhexedrone Powder high-purity for research from FRCS Research. Fast, discreet shipping available worldwide. Secure your research chemicals today!","og_url":"https:\/\/frcs-research.com\/cs\/product\/n-ethylhexedron\/","og_site_name":"wholesale supplier of research chemicals, 4mmc, 3mmc, MDPHP, Alpha PVP and more","article_modified_time":"2026-04-03T11:22:22+00:00","og_image":[{"width":300,"height":300,"url":"https:\/\/frcs-research.com\/wp-content\/uploads\/2024\/10\/Buy-4-CEC-Crystals-300x300-1.jpg","type":"image\/jpeg"}],"twitter_card":"summary_large_image","twitter_misc":{"Cena":"&euro;2,350.00","Dostupnost":"Skladem"},"schema":{"@context":"https:\/\/schema.org","@graph":[{"@type":["WebPage","ItemPage"],"@id":"https:\/\/frcs-research.com\/product\/n-ethylhexedrone\/","url":"https:\/\/frcs-research.com\/product\/n-ethylhexedrone\/","name":"Koupit N-Ethylhexedron Powder | Vysoce kvalitn\u00ed stimulant pro v\u00fdzkum","isPartOf":{"@id":"https:\/\/frcs-research.com\/#website"},"primaryImageOfPage":{"@id":"https:\/\/frcs-research.com\/product\/n-ethylhexedrone\/#primaryimage"},"image":{"@id":"https:\/\/frcs-research.com\/product\/n-ethylhexedrone\/#primaryimage"},"thumbnailUrl":"https:\/\/frcs-research.com\/wp-content\/uploads\/2024\/10\/Buy-4-CEC-Crystals-300x300-1.jpg","datePublished":"2024-10-12T21:53:13+00:00","dateModified":"2026-04-03T11:22:22+00:00","description":"Kupte si N-Ethylhexedronov\u00fd pr\u00e1\u0161ek vysok\u00e9 \u010distoty pro v\u00fdzkum od FRCS Research. Rychl\u00e1, diskr\u00e9tn\u00ed doprava dostupn\u00e1 po cel\u00e9m sv\u011bt\u011b. Zabezpe\u010dte sv\u00e9 v\u00fdzkumn\u00e9 chemik\u00e1lie je\u0161t\u011b dnes!","breadcrumb":{"@id":"https:\/\/frcs-research.com\/product\/n-ethylhexedrone\/#breadcrumb"},"inLanguage":"cs","potentialAction":[{"@type":"ReadAction","target":["https:\/\/frcs-research.com\/product\/n-ethylhexedrone\/"]}]},{"@type":"ImageObject","inLanguage":"cs","@id":"https:\/\/frcs-research.com\/product\/n-ethylhexedrone\/#primaryimage","url":"https:\/\/frcs-research.com\/wp-content\/uploads\/2024\/10\/Buy-4-CEC-Crystals-300x300-1.jpg","contentUrl":"https:\/\/frcs-research.com\/wp-content\/uploads\/2024\/10\/Buy-4-CEC-Crystals-300x300-1.jpg","width":300,"height":300,"caption":"Buy N-Ethylhexedrone"},{"@type":"BreadcrumbList","@id":"https:\/\/frcs-research.com\/product\/n-ethylhexedrone\/#breadcrumb","itemListElement":[{"@type":"ListItem","position":1,"name":"Home","item":"https:\/\/frcs-research.com\/"},{"@type":"ListItem","position":2,"name":"Shop","item":"https:\/\/frcs-research.com\/shop\/"},{"@type":"ListItem","position":3,"name":"N-Ethylhexedrone 1kg"}]},{"@type":"WebSite","@id":"https:\/\/frcs-research.com\/#website","url":"https:\/\/frcs-research.com\/","name":"velkoobchodn\u00ed dodavatel v\u00fdzkumn\u00fdch chemik\u00e1li\u00ed, 4mmc, 3mmc, MDPHP, Alpha PVP a dal\u0161\u00ed","description":"Velkoobchodn\u00ed v\u00fdzkum chemik\u00e1li\u00ed","potentialAction":[{"@type":"SearchAction","target":{"@type":"EntryPoint","urlTemplate":"https:\/\/frcs-research.com\/?s={search_term_string}"},"query-input":{"@type":"PropertyValueSpecification","valueRequired":true,"valueName":"search_term_string"}}],"inLanguage":"cs"}]},"product_price_amount":"2350.00","product_price_currency":"EUR","og_availability":"instock","product_availability":"instock","product_condition":"new"},"uagb_featured_image_src":{"full":["https:\/\/frcs-research.com\/wp-content\/uploads\/2024\/10\/Buy-4-CEC-Crystals-300x300-1.jpg",300,300,false],"thumbnail":["https:\/\/frcs-research.com\/wp-content\/uploads\/2024\/10\/Buy-4-CEC-Crystals-300x300-1-150x150.jpg",150,150,true],"medium":["https:\/\/frcs-research.com\/wp-content\/uploads\/2024\/10\/Buy-4-CEC-Crystals-300x300-1.jpg",300,300,false],"medium_large":["https:\/\/frcs-research.com\/wp-content\/uploads\/2024\/10\/Buy-4-CEC-Crystals-300x300-1.jpg",300,300,false],"large":["https:\/\/frcs-research.com\/wp-content\/uploads\/2024\/10\/Buy-4-CEC-Crystals-300x300-1.jpg",300,300,false],"1536x1536":["https:\/\/frcs-research.com\/wp-content\/uploads\/2024\/10\/Buy-4-CEC-Crystals-300x300-1.jpg",300,300,false],"2048x2048":["https:\/\/frcs-research.com\/wp-content\/uploads\/2024\/10\/Buy-4-CEC-Crystals-300x300-1.jpg",300,300,false],"trp-custom-language-flag":["https:\/\/frcs-research.com\/wp-content\/uploads\/2024\/10\/Buy-4-CEC-Crystals-300x300-1.jpg",12,12,false],"post-thumbnail":["https:\/\/frcs-research.com\/wp-content\/uploads\/2024\/10\/Buy-4-CEC-Crystals-300x300-1.jpg",300,300,false],"elite-commerce-slider":["https:\/\/frcs-research.com\/wp-content\/uploads\/2024\/10\/Buy-4-CEC-Crystals-300x300-1.jpg",300,300,false],"elite-commerce-hero":["https:\/\/frcs-research.com\/wp-content\/uploads\/2024\/10\/Buy-4-CEC-Crystals-300x300-1.jpg",300,300,false],"elite-commerce-portfolio":["https:\/\/frcs-research.com\/wp-content\/uploads\/2024\/10\/Buy-4-CEC-Crystals-300x300-1.jpg",300,300,false],"woocommerce_thumbnail":["https:\/\/frcs-research.com\/wp-content\/uploads\/2024\/10\/Buy-4-CEC-Crystals-300x300-1.jpg",300,300,false],"woocommerce_single":["https:\/\/frcs-research.com\/wp-content\/uploads\/2024\/10\/Buy-4-CEC-Crystals-300x300-1.jpg",300,300,false],"woocommerce_gallery_thumbnail":["https:\/\/frcs-research.com\/wp-content\/uploads\/2024\/10\/Buy-4-CEC-Crystals-300x300-1-100x100.jpg",100,100,true]},"uagb_author_info":{"display_name":"Richard Wood","author_link":"https:\/\/frcs-research.com\/cs\/author\/"},"uagb_comment_info":757,"uagb_excerpt":"Buy N-Ethylhexedrone Powder Online N-Ethylhexedrone is a potent stimulant in the cathinone family, known for its euphoric and energizing effects. Often used in research, it is chemically similar to \u03b1-PVP&hellip;&euro;2,700.00 P\u016fvodn\u00ed cena byla: &euro;2,700.00.&euro;2,350.00Aktu\u00e1ln\u00ed cena je: &euro;2,350.00.P\u0159idat do ko\u0161\u00edku","_links":{"self":[{"href":"https:\/\/frcs-research.com\/cs\/wp-json\/wp\/v2\/product\/730","targetHints":{"allow":["GET"]}}],"collection":[{"href":"https:\/\/frcs-research.com\/cs\/wp-json\/wp\/v2\/product"}],"about":[{"href":"https:\/\/frcs-research.com\/cs\/wp-json\/wp\/v2\/types\/product"}],"replies":[{"embeddable":true,"href":"https:\/\/frcs-research.com\/cs\/wp-json\/wp\/v2\/comments?post=730"}],"wp:featuredmedia":[{"embeddable":true,"href":"https:\/\/frcs-research.com\/cs\/wp-json\/wp\/v2\/media\/731"}],"wp:attachment":[{"href":"https:\/\/frcs-research.com\/cs\/wp-json\/wp\/v2\/media?parent=730"}],"wp:term":[{"taxonomy":"product_brand","embeddable":true,"href":"https:\/\/frcs-research.com\/cs\/wp-json\/wp\/v2\/product_brand?post=730"},{"taxonomy":"product_cat","embeddable":true,"href":"https:\/\/frcs-research.com\/cs\/wp-json\/wp\/v2\/product_cat?post=730"},{"taxonomy":"product_tag","embeddable":true,"href":"https:\/\/frcs-research.com\/cs\/wp-json\/wp\/v2\/product_tag?post=730"}],"curies":[{"name":"wp","href":"https:\/\/api.w.org\/{rel}","templated":true}]}}