{"id":735,"date":"2024-10-12T22:10:25","date_gmt":"2024-10-12T22:10:25","guid":{"rendered":"https:\/\/frcs-research.com\/?post_type=product&#038;p=735"},"modified":"2026-04-05T01:12:35","modified_gmt":"2026-04-05T01:12:35","slug":"koupit-ketaminovy-prasek","status":"publish","type":"product","link":"https:\/\/frcs-research.com\/cs\/product\/koupit-ketaminovy-prasek\/","title":{"rendered":"Ketamine 1kg"},"content":{"rendered":"<h1>Objednejte si ketaminov\u00fd pr\u00e1\u0161ek pro v\u00fdzkum<\/h1>\n<p>Pokud hled\u00e1te <strong>koupit ketaminov\u00fd pr\u00e1\u0161ek<\/strong> pro va\u0161e v\u00fdzkumn\u00e9 pot\u0159eby jste na spr\u00e1vn\u00e9m m\u00edst\u011b. <strong>ketamin<\/strong> je vysoce \u00fa\u010dinn\u00fd <strong>disociativn\u00ed anestetikum<\/strong> \u0161iroce pou\u017e\u00edv\u00e1n v klinick\u00fdch i v\u011bdeck\u00fdch studi\u00edch. Je nezbytn\u00fd pro zkoum\u00e1n\u00ed jeho \u00fa\u010dink\u016f na <strong>NMDA receptor<\/strong>neuroplasticita a jej\u00ed potenci\u00e1ln\u00ed aplikace v l\u00e9\u010db\u011b <strong>deprese<\/strong> a <strong>chronick\u00e1 bolest<\/strong>. <strong>V\u00fdzkum FRCS<\/strong> poskytuje vysoce \u010dist\u00fd ketamin speci\u00e1ln\u011b pro v\u00fdzkumn\u00e9 \u00fa\u010dely a zaji\u0161\u0165uje, \u017ee obdr\u017e\u00edte produkt, kter\u00fd spl\u0148uje p\u0159\u00edsn\u00e9 standardy va\u0161\u00ed laborato\u0159e.<\/p>\n<table>\n<thead>\n<tr>\n<th><strong>Vlastnictv\u00ed<\/strong><\/th>\n<th><strong>Specifikace<\/strong><\/th>\n<\/tr>\n<\/thead>\n<tbody>\n<tr>\n<td><strong>Chemick\u00fd n\u00e1zev<\/strong><\/td>\n<td>(RS)-2-(2-chlorfenyl)-2-(methylamino)cyklohexanon hydrochlorid<\/td>\n<\/tr>\n<tr>\n<td><strong>Molekul\u00e1rn\u00ed vzorec<\/strong><\/td>\n<td>C13H16ClNO.HCl<\/td>\n<\/tr>\n<tr>\n<td><strong>Molekulov\u00e1 hmotnost<\/strong><\/td>\n<td>274,2 g\/mol<\/td>\n<\/tr>\n<tr>\n<td><strong>Vzhled<\/strong><\/td>\n<td>B\u00edl\u00fd krystalick\u00fd pr\u00e1\u0161ek nebo \u010dir\u00e1 tekutina pro injek\u010dn\u00ed roztoky<\/td>\n<\/tr>\n<tr>\n<td><strong>Rozpustnost<\/strong><\/td>\n<td>Vysoce rozpustn\u00fd ve vod\u011b; typicky pod\u00e1van\u00e9 ve fyziologick\u00e9m roztoku nebo jin\u00fdch vodn\u00fdch roztoc\u00edch<\/td>\n<\/tr>\n<tr>\n<td><strong>Bod t\u00e1n\u00ed<\/strong><\/td>\n<td>266-267 \u00b0C (hydrochloridov\u00e1 s\u016fl)<\/td>\n<\/tr>\n<tr>\n<td><strong>Mechanismus p\u016fsoben\u00ed<\/strong><\/td>\n<td>P\u0159edev\u0161\u00edm an <strong>Antagonista NMDA receptoru<\/strong>se sekund\u00e1rn\u00edm \u00fa\u010dinkem na opioidn\u00ed receptory a monoaminergn\u00ed syst\u00e9my<\/td>\n<\/tr>\n<tr>\n<td><strong>L\u00e9ka\u0159sk\u00e9 pou\u017eit\u00ed<\/strong><\/td>\n<td>\u2013 Navozen\u00ed a udr\u017eov\u00e1n\u00ed anest\u00e9zie<br \/>\n\u2013 L\u00e9\u010dba bolesti u chronick\u00fdch a akutn\u00edch stav\u016f<br \/>\n\u2013 L\u00e9\u010dba deprese a PTSD v n\u00edzk\u00fdch d\u00e1vk\u00e1ch<\/td>\n<\/tr>\n<tr>\n<td><strong>Administra\u010dn\u00ed cesty<\/strong><\/td>\n<td>Intraven\u00f3zn\u00ed (IV), intramuskul\u00e1rn\u00ed (IM), or\u00e1ln\u00ed, naz\u00e1ln\u00ed (pod l\u00e9ka\u0159sk\u00fdm dohledem)<\/td>\n<\/tr>\n<tr>\n<td><strong>N\u00e1stup \u00fa\u010dink\u016f<\/strong><\/td>\n<td>Rychl\u00fd n\u00e1stup, typicky b\u011bhem n\u011bkolika minut p\u0159i IV nebo IM pod\u00e1n\u00ed<\/td>\n<\/tr>\n<tr>\n<td><strong>Doba trv\u00e1n\u00ed efekt\u016f<\/strong><\/td>\n<td>Li\u0161\u00ed se podle d\u00e1vky a cesty: anestetick\u00e9 \u00fa\u010dinky trvaj\u00ed 10-20 minut IV, a\u017e 1 hodinu IM; \u00faleva od bolesti a antidepresivn\u00ed \u00fa\u010dinky mohou trvat d\u00e9le<\/td>\n<\/tr>\n<tr>\n<td><strong>Vedlej\u0161\u00ed \u00fa\u010dinky<\/strong><\/td>\n<td>Nevolnost, z\u00e1vrat\u011b, zmatenost, halucinace, disociace, zv\u00fd\u0161en\u00fd krevn\u00ed tlak; riziko zneu\u017eit\u00ed p\u0159i nel\u00e9ka\u0159sk\u00e9m pou\u017eit\u00ed<\/td>\n<\/tr>\n<tr>\n<td><strong>Pr\u00e1vn\u00ed stav<\/strong><\/td>\n<td>Klasifikov\u00e1no jako a <strong>Kontrolovan\u00e1 l\u00e1tka seznamu III<\/strong> v USA leg\u00e1ln\u011b pou\u017e\u00edv\u00e1n pouze na p\u0159edpis nebo v l\u00e9ka\u0159sk\u00e9m prost\u0159ed\u00ed; jsou \u010dasto celosv\u011btov\u011b omezeny<\/td>\n<\/tr>\n<\/tbody>\n<\/table>\n<p>&nbsp;<\/p>\n<table>\n<thead>\n<tr>\n<th><strong>Typ<\/strong><\/th>\n<th><strong>Jm\u00e9na \/ Identifik\u00e1tory<\/strong><\/th>\n<\/tr>\n<\/thead>\n<tbody>\n<tr>\n<td><strong>Obecn\u00e1 jm\u00e9na<\/strong><\/td>\n<td>Ketamin, ketamin hydrochlorid<\/td>\n<\/tr>\n<tr>\n<td><strong>N\u00e1zvy zna\u010dek<\/strong><\/td>\n<td>Ketalar, Ketaject, Ketavet, Vetalar<\/td>\n<\/tr>\n<tr>\n<td><strong>N\u00e1zvy ulic<\/strong><\/td>\n<td>Speci\u00e1ln\u00ed K, K, Kit Kat, Vitamin K, Cat Valium<\/td>\n<\/tr>\n<tr>\n<td><strong>Chemick\u00e9 n\u00e1zvy<\/strong><\/td>\n<td>(RS)-2-(2-chlorfenyl)-2-(methylamino)cyklohexanon hydrochlorid, 2-(0-chlorfenyl)-2-(methylamino)cyklohexanon<\/td>\n<\/tr>\n<tr>\n<td><strong>\u010c\u00edslo CAS<\/strong><\/td>\n<td>6740-88-1<\/td>\n<\/tr>\n<tr>\n<td><strong>Synonyma ve v\u00fdzkumu<\/strong><\/td>\n<td>CI-581, CI-581a<\/td>\n<\/tr>\n<\/tbody>\n<\/table>\n<p><strong>Kl\u00ed\u010dov\u00e1 slova<\/strong>: objedn\u00e1vka ketaminu online, n\u00e1kup chemik\u00e1lie pro v\u00fdzkum ketaminu, ketamin pro v\u00fdzkumn\u00e9 \u00fa\u010dely, ketamin vysok\u00e9 \u010distoty na prodej.<\/p>\n<ul>\n<li><strong>V\u00fdzva k akci<\/strong>: Kupte vysoce \u010dist\u00e9 <strong>ketaminov\u00fd pr\u00e1\u0161ek<\/strong> z <a href=\"https:\/\/frcs-research.com\/cs\/\"><strong>V\u00fdzkum FRCS<\/strong><\/a> a prozkoumat jeho hlubok\u00e9 aplikace v <strong>neuroplasticita<\/strong> a <strong>anest\u00e9zie<\/strong> v\u00fdzkum. Bezpe\u010dn\u00e1, diskr\u00e9tn\u00ed doprava dostupn\u00e1 po cel\u00e9m sv\u011bt\u011b.<\/li>\n<\/ul>","protected":false},"excerpt":{"rendered":"<div style=\"max-width: 300px; padding: 20px; border: 1px solid #ddd; border-radius: 5px; text-align: center;\">\n<h4>Kontaktujte n\u00e1s ohledn\u011b produktu<\/h4>\n<p><!-- WhatsApp Contact --><\/p>\n<p class=\"product woocommerce add_to_cart_inline\" style=\"border:4px solid #ccc; padding: 12px;\"><del aria-hidden=\"true\"><span class=\"woocommerce-Price-amount amount\"><bdi><span class=\"woocommerce-Price-currencySymbol\">&euro;<\/span>5,600.00<\/bdi><\/span><\/del> <span class=\"screen-reader-text\" data-no-translation=\"\" data-trp-gettext=\"\">P\u016fvodn\u00ed cena byla: &euro;5,600.00.<\/span><ins aria-hidden=\"true\"><span class=\"woocommerce-Price-amount amount\"><bdi><span class=\"woocommerce-Price-currencySymbol\">&euro;<\/span>5,300.00<\/bdi><\/span><\/ins><span class=\"screen-reader-text\" data-no-translation=\"\" data-trp-gettext=\"\">Aktu\u00e1ln\u00ed cena je: &euro;5,300.00.<\/span><a href=\"\/cs\/wp-json\/wp\/v2\/product\/735?add-to-cart=735\" aria-describedby=\"woocommerce_loop_add_to_cart_link_describedby_735\" data-quantity=\"1\" class=\"button product_type_simple add_to_cart_button ajax_add_to_cart\" data-product_id=\"735\" data-product_sku=\"\" aria-label=\"P\u0159idat do ko\u0161\u00edku: \u201cKetamine 1kg\u201d\" rel=\"nofollow\" data-success_message=\"\u201eKetamine 1kg\u201c byl p\u0159id\u00e1n do va\u0161eho ko\u0161\u00edku\" data-no-translation=\"\" data-trp-gettext=\"\" data-no-translation-aria-label=\"\" data-no-translation-data-success_message=\"\">P\u0159idat do ko\u0161\u00edku<\/a>\t<span id=\"woocommerce_loop_add_to_cart_link_describedby_735\" class=\"screen-reader-text\"><br \/>\n\t\t\t<\/span>\n<\/p>\n<p><!-- Email Contact --><\/p>\n<p class=\"product woocommerce add_to_cart_inline\" style=\"border:4px solid #ccc; padding: 12px;\"><del aria-hidden=\"true\"><span class=\"woocommerce-Price-amount amount\"><bdi><span class=\"woocommerce-Price-currencySymbol\">&euro;<\/span>5,600.00<\/bdi><\/span><\/del> <span class=\"screen-reader-text\" data-no-translation=\"\" data-trp-gettext=\"\">P\u016fvodn\u00ed cena byla: &euro;5,600.00.<\/span><ins aria-hidden=\"true\"><span class=\"woocommerce-Price-amount amount\"><bdi><span class=\"woocommerce-Price-currencySymbol\">&euro;<\/span>5,300.00<\/bdi><\/span><\/ins><span class=\"screen-reader-text\" data-no-translation=\"\" data-trp-gettext=\"\">Aktu\u00e1ln\u00ed cena je: &euro;5,300.00.<\/span><a href=\"\/cs\/wp-json\/wp\/v2\/product\/735?add-to-cart=735\" aria-describedby=\"woocommerce_loop_add_to_cart_link_describedby_735\" data-quantity=\"1\" class=\"button product_type_simple add_to_cart_button ajax_add_to_cart\" data-product_id=\"735\" data-product_sku=\"\" aria-label=\"P\u0159idat do ko\u0161\u00edku: \u201cKetamine 1kg\u201d\" rel=\"nofollow\" data-success_message=\"\u201eKetamine 1kg\u201c byl p\u0159id\u00e1n do va\u0161eho ko\u0161\u00edku\" data-no-translation=\"\" data-trp-gettext=\"\" data-no-translation-aria-label=\"\" data-no-translation-data-success_message=\"\">P\u0159idat do ko\u0161\u00edku<\/a>\t<span id=\"woocommerce_loop_add_to_cart_link_describedby_735\" class=\"screen-reader-text\"><br \/>\n\t\t\t<\/span>\n<\/p>\n<\/div>\n<p>&hellip;<\/p>\n<p class=\"product woocommerce add_to_cart_inline\" style=\"border:4px solid #ccc; padding: 12px;\"><del aria-hidden=\"true\"><span class=\"woocommerce-Price-amount amount\"><bdi><span class=\"woocommerce-Price-currencySymbol\">&euro;<\/span>5,600.00<\/bdi><\/span><\/del> <span class=\"screen-reader-text\" data-no-translation=\"\" data-trp-gettext=\"\">P\u016fvodn\u00ed cena byla: &euro;5,600.00.<\/span><ins aria-hidden=\"true\"><span class=\"woocommerce-Price-amount amount\"><bdi><span class=\"woocommerce-Price-currencySymbol\">&euro;<\/span>5,300.00<\/bdi><\/span><\/ins><span class=\"screen-reader-text\" data-no-translation=\"\" data-trp-gettext=\"\">Aktu\u00e1ln\u00ed cena je: &euro;5,300.00.<\/span><a href=\"\/cs\/wp-json\/wp\/v2\/product\/735?add-to-cart=735\" aria-describedby=\"woocommerce_loop_add_to_cart_link_describedby_735\" data-quantity=\"1\" class=\"button product_type_simple add_to_cart_button ajax_add_to_cart\" data-product_id=\"735\" data-product_sku=\"\" aria-label=\"P\u0159idat do ko\u0161\u00edku: \u201cKetamine 1kg\u201d\" rel=\"nofollow\" data-success_message=\"\u201eKetamine 1kg\u201c byl p\u0159id\u00e1n do va\u0161eho ko\u0161\u00edku\" data-no-translation=\"\" data-trp-gettext=\"\" data-no-translation-aria-label=\"\" data-no-translation-data-success_message=\"\">P\u0159idat do ko\u0161\u00edku<\/a>\t<span id=\"woocommerce_loop_add_to_cart_link_describedby_735\" class=\"screen-reader-text\"><br \/>\n\t\t\t<\/span><\/p>","protected":false},"featured_media":736,"comment_status":"open","ping_status":"closed","template":"","meta":{"_uag_custom_page_level_css":""},"product_brand":[],"product_cat":[28],"product_tag":[],"class_list":{"0":"post-735","1":"product","2":"type-product","3":"status-publish","4":"has-post-thumbnail","6":"product_cat-dissociatives","8":"first","9":"instock","10":"sale","11":"shipping-taxable","12":"purchasable","13":"product-type-simple"},"yoast_head":"<!-- This site is optimized with the Yoast SEO plugin v27.1.1 - https:\/\/yoast.com\/product\/yoast-seo-wordpress\/ -->\n<title>Buy Ketamine Powder High-Purity for Research | FRCS Research<\/title>\n<meta name=\"description\" content=\"Buy ketamine powder for research at FRCS Research. Ideal for studying neuroplasticity and chronic pain treatment. Secure online ordering and discreet shipping available.\" \/>\n<meta name=\"robots\" content=\"index, follow, max-snippet:-1, max-image-preview:large, max-video-preview:-1\" \/>\n<link rel=\"canonical\" href=\"https:\/\/frcs-research.com\/cs\/product\/koupit-ketaminovy-prasek\/\" \/>\n<meta property=\"og:locale\" content=\"cs_CZ\" \/>\n<meta property=\"og:type\" content=\"article\" \/>\n<meta property=\"og:title\" content=\"Buy Ketamine Powder High-Purity for Research | FRCS Research\" \/>\n<meta property=\"og:description\" content=\"Buy ketamine powder for research at FRCS Research. Ideal for studying neuroplasticity and chronic pain treatment. Secure online ordering and discreet shipping available.\" \/>\n<meta property=\"og:url\" content=\"https:\/\/frcs-research.com\/cs\/product\/koupit-ketaminovy-prasek\/\" \/>\n<meta property=\"og:site_name\" content=\"wholesale supplier of research chemicals, 4mmc, 3mmc, MDPHP, Alpha PVP and more\" \/>\n<meta property=\"article:modified_time\" content=\"2026-04-05T01:12:35+00:00\" \/>\n<meta property=\"og:image\" content=\"https:\/\/frcs-research.com\/wp-content\/uploads\/2024\/10\/OIP.jpg\" \/>\n\t<meta property=\"og:image:width\" content=\"474\" \/>\n\t<meta property=\"og:image:height\" content=\"283\" \/>\n\t<meta property=\"og:image:type\" content=\"image\/jpeg\" \/>\n<meta name=\"twitter:card\" content=\"summary_large_image\" \/>\n<meta name=\"twitter:label1\" content=\"Cena\" \/>\n\t<meta name=\"twitter:data1\" content=\"&euro;5,300.00\" \/>\n\t<meta name=\"twitter:label2\" content=\"Dostupnost\" \/>\n\t<meta name=\"twitter:data2\" content=\"Skladem\" \/>\n<script type=\"application\/ld+json\" class=\"yoast-schema-graph\">{\"@context\":\"https:\/\/schema.org\",\"@graph\":[{\"@type\":[\"WebPage\",\"ItemPage\"],\"@id\":\"https:\/\/frcs-research.com\/product\/buy-ketamine-powder\/\",\"url\":\"https:\/\/frcs-research.com\/product\/buy-ketamine-powder\/\",\"name\":\"Buy Ketamine Powder High-Purity for Research | FRCS Research\",\"isPartOf\":{\"@id\":\"https:\/\/frcs-research.com\/#website\"},\"primaryImageOfPage\":{\"@id\":\"https:\/\/frcs-research.com\/product\/buy-ketamine-powder\/#primaryimage\"},\"image\":{\"@id\":\"https:\/\/frcs-research.com\/product\/buy-ketamine-powder\/#primaryimage\"},\"thumbnailUrl\":\"https:\/\/frcs-research.com\/wp-content\/uploads\/2024\/10\/OIP.jpg\",\"datePublished\":\"2024-10-12T22:10:25+00:00\",\"dateModified\":\"2026-04-05T01:12:35+00:00\",\"description\":\"Buy ketamine powder for research at FRCS Research. Ideal for studying neuroplasticity and chronic pain treatment. Secure online ordering and discreet shipping available.\",\"breadcrumb\":{\"@id\":\"https:\/\/frcs-research.com\/product\/buy-ketamine-powder\/#breadcrumb\"},\"inLanguage\":\"cs\",\"potentialAction\":[{\"@type\":\"ReadAction\",\"target\":[\"https:\/\/frcs-research.com\/product\/buy-ketamine-powder\/\"]}]},{\"@type\":\"ImageObject\",\"inLanguage\":\"cs\",\"@id\":\"https:\/\/frcs-research.com\/product\/buy-ketamine-powder\/#primaryimage\",\"url\":\"https:\/\/frcs-research.com\/wp-content\/uploads\/2024\/10\/OIP.jpg\",\"contentUrl\":\"https:\/\/frcs-research.com\/wp-content\/uploads\/2024\/10\/OIP.jpg\",\"width\":474,\"height\":283,\"caption\":\"Buy Ketamine Powder\"},{\"@type\":\"BreadcrumbList\",\"@id\":\"https:\/\/frcs-research.com\/product\/buy-ketamine-powder\/#breadcrumb\",\"itemListElement\":[{\"@type\":\"ListItem\",\"position\":1,\"name\":\"Home\",\"item\":\"https:\/\/frcs-research.com\/\"},{\"@type\":\"ListItem\",\"position\":2,\"name\":\"Shop\",\"item\":\"https:\/\/frcs-research.com\/shop\/\"},{\"@type\":\"ListItem\",\"position\":3,\"name\":\"Ketamine 1kg\"}]},{\"@type\":\"WebSite\",\"@id\":\"https:\/\/frcs-research.com\/#website\",\"url\":\"https:\/\/frcs-research.com\/\",\"name\":\"wholesale supplier of research chemicals, 4mmc, 3mmc, MDPHP, Alpha PVP and more\",\"description\":\"Wholesale research chemicals\",\"potentialAction\":[{\"@type\":\"SearchAction\",\"target\":{\"@type\":\"EntryPoint\",\"urlTemplate\":\"https:\/\/frcs-research.com\/?s={search_term_string}\"},\"query-input\":{\"@type\":\"PropertyValueSpecification\",\"valueRequired\":true,\"valueName\":\"search_term_string\"}}],\"inLanguage\":\"cs\"}]}<\/script>\n<meta property=\"product:price:amount\" content=\"5300.00\" \/>\n<meta property=\"product:price:currency\" content=\"EUR\" \/>\n<meta property=\"og:availability\" content=\"instock\" \/>\n<meta property=\"product:availability\" content=\"instock\" \/>\n<meta property=\"product:condition\" content=\"new\" \/>\n<!-- \/ Yoast SEO plugin. -->","yoast_head_json":{"title":"Koupit Ketaminov\u00fd pr\u00e1\u0161ek s vysokou \u010distotou pro v\u00fdzkum | V\u00fdzkum FRCS","description":"Kupte si ketaminov\u00fd pr\u00e1\u0161ek pro v\u00fdzkum ve FRCS Research. Ide\u00e1ln\u00ed pro studium neuroplasticity a l\u00e9\u010dby chronick\u00e9 bolesti. Bezpe\u010dn\u00e9 online objedn\u00e1v\u00e1n\u00ed a diskr\u00e9tn\u00ed doprava k dispozici.","robots":{"index":"index","follow":"follow","max-snippet":"max-snippet:-1","max-image-preview":"max-image-preview:large","max-video-preview":"max-video-preview:-1"},"canonical":"https:\/\/frcs-research.com\/cs\/product\/koupit-ketaminovy-prasek\/","og_locale":"cs_CZ","og_type":"article","og_title":"Buy Ketamine Powder High-Purity for Research | FRCS Research","og_description":"Buy ketamine powder for research at FRCS Research. Ideal for studying neuroplasticity and chronic pain treatment. Secure online ordering and discreet shipping available.","og_url":"https:\/\/frcs-research.com\/cs\/product\/koupit-ketaminovy-prasek\/","og_site_name":"wholesale supplier of research chemicals, 4mmc, 3mmc, MDPHP, Alpha PVP and more","article_modified_time":"2026-04-05T01:12:35+00:00","og_image":[{"width":474,"height":283,"url":"https:\/\/frcs-research.com\/wp-content\/uploads\/2024\/10\/OIP.jpg","type":"image\/jpeg"}],"twitter_card":"summary_large_image","twitter_misc":{"Cena":"&euro;5,300.00","Dostupnost":"Skladem"},"schema":{"@context":"https:\/\/schema.org","@graph":[{"@type":["WebPage","ItemPage"],"@id":"https:\/\/frcs-research.com\/product\/buy-ketamine-powder\/","url":"https:\/\/frcs-research.com\/product\/buy-ketamine-powder\/","name":"Koupit Ketaminov\u00fd pr\u00e1\u0161ek s vysokou \u010distotou pro v\u00fdzkum | V\u00fdzkum FRCS","isPartOf":{"@id":"https:\/\/frcs-research.com\/#website"},"primaryImageOfPage":{"@id":"https:\/\/frcs-research.com\/product\/buy-ketamine-powder\/#primaryimage"},"image":{"@id":"https:\/\/frcs-research.com\/product\/buy-ketamine-powder\/#primaryimage"},"thumbnailUrl":"https:\/\/frcs-research.com\/wp-content\/uploads\/2024\/10\/OIP.jpg","datePublished":"2024-10-12T22:10:25+00:00","dateModified":"2026-04-05T01:12:35+00:00","description":"Kupte si ketaminov\u00fd pr\u00e1\u0161ek pro v\u00fdzkum ve FRCS Research. Ide\u00e1ln\u00ed pro studium neuroplasticity a l\u00e9\u010dby chronick\u00e9 bolesti. Bezpe\u010dn\u00e9 online objedn\u00e1v\u00e1n\u00ed a diskr\u00e9tn\u00ed doprava k dispozici.","breadcrumb":{"@id":"https:\/\/frcs-research.com\/product\/buy-ketamine-powder\/#breadcrumb"},"inLanguage":"cs","potentialAction":[{"@type":"ReadAction","target":["https:\/\/frcs-research.com\/product\/buy-ketamine-powder\/"]}]},{"@type":"ImageObject","inLanguage":"cs","@id":"https:\/\/frcs-research.com\/product\/buy-ketamine-powder\/#primaryimage","url":"https:\/\/frcs-research.com\/wp-content\/uploads\/2024\/10\/OIP.jpg","contentUrl":"https:\/\/frcs-research.com\/wp-content\/uploads\/2024\/10\/OIP.jpg","width":474,"height":283,"caption":"Buy Ketamine Powder"},{"@type":"BreadcrumbList","@id":"https:\/\/frcs-research.com\/product\/buy-ketamine-powder\/#breadcrumb","itemListElement":[{"@type":"ListItem","position":1,"name":"Home","item":"https:\/\/frcs-research.com\/"},{"@type":"ListItem","position":2,"name":"Shop","item":"https:\/\/frcs-research.com\/shop\/"},{"@type":"ListItem","position":3,"name":"Ketamine 1kg"}]},{"@type":"WebSite","@id":"https:\/\/frcs-research.com\/#website","url":"https:\/\/frcs-research.com\/","name":"velkoobchodn\u00ed dodavatel v\u00fdzkumn\u00fdch chemik\u00e1li\u00ed, 4mmc, 3mmc, MDPHP, Alpha PVP a dal\u0161\u00ed","description":"Velkoobchodn\u00ed v\u00fdzkum chemik\u00e1li\u00ed","potentialAction":[{"@type":"SearchAction","target":{"@type":"EntryPoint","urlTemplate":"https:\/\/frcs-research.com\/?s={search_term_string}"},"query-input":{"@type":"PropertyValueSpecification","valueRequired":true,"valueName":"search_term_string"}}],"inLanguage":"cs"}]},"product_price_amount":"5300.00","product_price_currency":"EUR","og_availability":"instock","product_availability":"instock","product_condition":"new"},"uagb_featured_image_src":{"full":["https:\/\/frcs-research.com\/wp-content\/uploads\/2024\/10\/OIP.jpg",474,283,false],"thumbnail":["https:\/\/frcs-research.com\/wp-content\/uploads\/2024\/10\/OIP-150x150.jpg",150,150,true],"medium":["https:\/\/frcs-research.com\/wp-content\/uploads\/2024\/10\/OIP-300x179.jpg",300,179,true],"medium_large":["https:\/\/frcs-research.com\/wp-content\/uploads\/2024\/10\/OIP.jpg",474,283,false],"large":["https:\/\/frcs-research.com\/wp-content\/uploads\/2024\/10\/OIP.jpg",474,283,false],"1536x1536":["https:\/\/frcs-research.com\/wp-content\/uploads\/2024\/10\/OIP.jpg",474,283,false],"2048x2048":["https:\/\/frcs-research.com\/wp-content\/uploads\/2024\/10\/OIP.jpg",474,283,false],"trp-custom-language-flag":["https:\/\/frcs-research.com\/wp-content\/uploads\/2024\/10\/OIP.jpg",18,12,false],"post-thumbnail":["https:\/\/frcs-research.com\/wp-content\/uploads\/2024\/10\/OIP.jpg",474,283,false],"elite-commerce-slider":["https:\/\/frcs-research.com\/wp-content\/uploads\/2024\/10\/OIP.jpg",474,283,false],"elite-commerce-hero":["https:\/\/frcs-research.com\/wp-content\/uploads\/2024\/10\/OIP.jpg",474,283,false],"elite-commerce-portfolio":["https:\/\/frcs-research.com\/wp-content\/uploads\/2024\/10\/OIP.jpg",400,239,false],"woocommerce_thumbnail":["https:\/\/frcs-research.com\/wp-content\/uploads\/2024\/10\/OIP-300x283.jpg",300,283,true],"woocommerce_single":["https:\/\/frcs-research.com\/wp-content\/uploads\/2024\/10\/OIP.jpg",474,283,false],"woocommerce_gallery_thumbnail":["https:\/\/frcs-research.com\/wp-content\/uploads\/2024\/10\/OIP-100x100.jpg",100,100,true]},"uagb_author_info":{"display_name":"Richard Wood","author_link":"https:\/\/frcs-research.com\/cs\/author\/"},"uagb_comment_info":841,"uagb_excerpt":"Contact Us for Product Inquiry &euro;5,600.00 P\u016fvodn\u00ed cena byla: &euro;5,600.00.&euro;5,300.00Aktu\u00e1ln\u00ed cena je: &euro;5,300.00.P\u0159idat do ko\u0161\u00edku &euro;5,600.00 P\u016fvodn\u00ed cena byla: &euro;5,600.00.&euro;5,300.00Aktu\u00e1ln\u00ed cena je: &euro;5,300.00.P\u0159idat do ko\u0161\u00edku &hellip;&euro;5,600.00 P\u016fvodn\u00ed cena byla: &euro;5,600.00.&euro;5,300.00Aktu\u00e1ln\u00ed cena je: &euro;5,300.00.P\u0159idat do ko\u0161\u00edku","_links":{"self":[{"href":"https:\/\/frcs-research.com\/cs\/wp-json\/wp\/v2\/product\/735","targetHints":{"allow":["GET"]}}],"collection":[{"href":"https:\/\/frcs-research.com\/cs\/wp-json\/wp\/v2\/product"}],"about":[{"href":"https:\/\/frcs-research.com\/cs\/wp-json\/wp\/v2\/types\/product"}],"replies":[{"embeddable":true,"href":"https:\/\/frcs-research.com\/cs\/wp-json\/wp\/v2\/comments?post=735"}],"wp:featuredmedia":[{"embeddable":true,"href":"https:\/\/frcs-research.com\/cs\/wp-json\/wp\/v2\/media\/736"}],"wp:attachment":[{"href":"https:\/\/frcs-research.com\/cs\/wp-json\/wp\/v2\/media?parent=735"}],"wp:term":[{"taxonomy":"product_brand","embeddable":true,"href":"https:\/\/frcs-research.com\/cs\/wp-json\/wp\/v2\/product_brand?post=735"},{"taxonomy":"product_cat","embeddable":true,"href":"https:\/\/frcs-research.com\/cs\/wp-json\/wp\/v2\/product_cat?post=735"},{"taxonomy":"product_tag","embeddable":true,"href":"https:\/\/frcs-research.com\/cs\/wp-json\/wp\/v2\/product_tag?post=735"}],"curies":[{"name":"wp","href":"https:\/\/api.w.org\/{rel}","templated":true}]}}