{"id":739,"date":"2024-10-12T22:16:14","date_gmt":"2024-10-12T22:16:14","guid":{"rendered":"https:\/\/frcs-research.com\/?post_type=product&#038;p=739"},"modified":"2026-04-05T09:12:37","modified_gmt":"2026-04-05T09:12:37","slug":"koupit-methoxetamin","status":"publish","type":"product","link":"https:\/\/frcs-research.com\/cs\/product\/koupit-methoxetamin\/","title":{"rendered":"Methoxetamine (MXE) 100g"},"content":{"rendered":"<h3><strong>Kupte si methoxetamin (MXE) pr\u00e1\u0161ek online<\/strong><\/h3>\n<p>P\u0159i pohledu na <strong>koupit pr\u00e1\u0161ek methoxetaminu (MXE).<\/strong> pro v\u00e1\u0161 v\u00fdzkum? <strong>Methoxetamin<\/strong> je pozoruhodn\u00e1 disociativn\u00ed v\u00fdzkumn\u00e1 chemick\u00e1 l\u00e1tka zn\u00e1m\u00e1 pro svou strukturn\u00ed podobnost s <strong>ketamin<\/strong>, nab\u00edzej\u00edc\u00ed jedine\u010dn\u00e9 vlastnosti pro studium <strong>NMDA receptor<\/strong> interakce. Pozornost si z\u00edskal pro sv\u00e9 aplikace v kognitivn\u00edch a behavior\u00e1ln\u00edch studi\u00edch. <strong>V\u00fdzkum FRCS<\/strong> poskytuje vysokou \u010distotu <strong>MXE pr\u00e1\u0161ek<\/strong> speci\u00e1ln\u011b pro v\u00fdzkumn\u00e9 \u00fa\u010dely, zaji\u0161\u0165uj\u00edc\u00ed konzistenci a kvalitu pro va\u0161e laboratorn\u00ed experimenty.<\/p>\n<ul>\n<li><strong>Kl\u00ed\u010dov\u00e1 slova<\/strong>: koupit MXE online, koupit methoxetamin, MXE pr\u00e1\u0161ek na prodej, v\u00fdzkumn\u00e9 chemik\u00e1lie MXE.<\/li>\n<li><strong>V\u00fdzva k akci<\/strong>: Zabezpe\u010dte sv\u00e9 <strong>methoxetaminov\u00fd pr\u00e1\u0161ek<\/strong> z <strong>V\u00fdzkum FRCS<\/strong> a t\u011b\u017eit z diskr\u00e9tn\u00ed glob\u00e1ln\u00ed p\u0159epravy. Ide\u00e1ln\u00ed pro <strong>kognitivn\u00ed a behavior\u00e1ln\u00ed v\u00fdzkum<\/strong>.<\/li>\n<\/ul>","protected":false},"excerpt":{"rendered":"<p>Purchase Methoxetamine (MXE) Powder Online Looking to buy methoxetamine (MXE) powder for your research? Methoxetamine is a notable dissociative research chemical known for its structural similarity to ketamine, offering unique&hellip;<\/p>\n<p class=\"product woocommerce add_to_cart_inline\" style=\"border:4px solid #ccc; padding: 12px;\"><del aria-hidden=\"true\"><span class=\"woocommerce-Price-amount amount\"><bdi><span class=\"woocommerce-Price-currencySymbol\">&euro;<\/span>280.00<\/bdi><\/span><\/del> <span class=\"screen-reader-text\" data-no-translation=\"\" data-trp-gettext=\"\">P\u016fvodn\u00ed cena byla: &euro;280.00.<\/span><ins aria-hidden=\"true\"><span class=\"woocommerce-Price-amount amount\"><bdi><span class=\"woocommerce-Price-currencySymbol\">&euro;<\/span>265.00<\/bdi><\/span><\/ins><span class=\"screen-reader-text\" data-no-translation=\"\" data-trp-gettext=\"\">Aktu\u00e1ln\u00ed cena je: &euro;265.00.<\/span><a href=\"\/cs\/wp-json\/wp\/v2\/product\/739?add-to-cart=739\" aria-describedby=\"woocommerce_loop_add_to_cart_link_describedby_739\" data-quantity=\"1\" class=\"button product_type_simple add_to_cart_button ajax_add_to_cart\" data-product_id=\"739\" data-product_sku=\"\" aria-label=\"P\u0159idat do ko\u0161\u00edku: \u201cMethoxetamine (MXE) 100g\u201d\" rel=\"nofollow\" data-success_message=\"\u201eMethoxetamine (MXE) 100g\u201c byl p\u0159id\u00e1n do va\u0161eho ko\u0161\u00edku\" data-no-translation=\"\" data-trp-gettext=\"\" data-no-translation-aria-label=\"\" data-no-translation-data-success_message=\"\">P\u0159idat do ko\u0161\u00edku<\/a>\t<span id=\"woocommerce_loop_add_to_cart_link_describedby_739\" class=\"screen-reader-text\"><br \/>\n\t\t\t<\/span><\/p>","protected":false},"featured_media":740,"comment_status":"open","ping_status":"closed","template":"","meta":{"_uag_custom_page_level_css":""},"product_brand":[],"product_cat":[28],"product_tag":[208,194,206,199,197,201,207,202,204,198,200,195,205,203,196],"class_list":{"0":"post-739","1":"product","2":"type-product","3":"status-publish","4":"has-post-thumbnail","6":"product_cat-dissociatives","7":"product_tag-buy-methoxetamine-in-bulk","8":"product_tag-buy-methoxetamine-online","9":"product_tag-buy-methoxetamine-safely","10":"product_tag-buy-methoxetamine-usa","11":"product_tag-buy-mxe-online-legally","12":"product_tag-buy-mxe-powder","13":"product_tag-find-methoxetamine-online","14":"product_tag-methoxetamine-for-sale","15":"product_tag-methoxetamine-online-shop","16":"product_tag-methoxetamine-vendors","17":"product_tag-order-methoxetamine-europe","18":"product_tag-order-mxe","19":"product_tag-purchase-mxe-powder","20":"product_tag-where-to-buy-mxe-online","21":"product_tag-where-to-purchase-methoxetamine","23":"first","24":"instock","25":"sale","26":"shipping-taxable","27":"purchasable","28":"product-type-simple"},"yoast_head":"<!-- This site is optimized with the Yoast SEO plugin v27.1.1 - https:\/\/yoast.com\/product\/yoast-seo-wordpress\/ -->\n<title>Buy Methoxetamine (MXE) Powder Online for Research<\/title>\n<meta name=\"description\" content=\"Buy methoxetamine (MXE) high purity powder for research at FRCS Research. Ideal for cognitive and behavioral studies. Enjoy secure shipping options.\" \/>\n<meta name=\"robots\" content=\"index, follow, max-snippet:-1, max-image-preview:large, max-video-preview:-1\" \/>\n<link rel=\"canonical\" href=\"https:\/\/frcs-research.com\/cs\/product\/koupit-methoxetamin\/\" \/>\n<meta property=\"og:locale\" content=\"cs_CZ\" \/>\n<meta property=\"og:type\" content=\"article\" \/>\n<meta property=\"og:title\" content=\"Buy Methoxetamine (MXE) Powder Online for Research\" \/>\n<meta property=\"og:description\" content=\"Buy methoxetamine (MXE) high purity powder for research at FRCS Research. Ideal for cognitive and behavioral studies. Enjoy secure shipping options.\" \/>\n<meta property=\"og:url\" content=\"https:\/\/frcs-research.com\/cs\/product\/koupit-methoxetamin\/\" \/>\n<meta property=\"og:site_name\" content=\"wholesale supplier of research chemicals, 4mmc, 3mmc, MDPHP, Alpha PVP and more\" \/>\n<meta property=\"article:modified_time\" content=\"2026-04-05T09:12:37+00:00\" \/>\n<meta property=\"og:image\" content=\"https:\/\/frcs-research.com\/wp-content\/uploads\/2024\/10\/methoxetamine-powder-1642738.jpg\" \/>\n\t<meta property=\"og:image:width\" content=\"420\" \/>\n\t<meta property=\"og:image:height\" content=\"314\" \/>\n\t<meta property=\"og:image:type\" content=\"image\/jpeg\" \/>\n<meta name=\"twitter:card\" content=\"summary_large_image\" \/>\n<meta name=\"twitter:label1\" content=\"Cena\" \/>\n\t<meta name=\"twitter:data1\" content=\"&euro;265.00\" \/>\n\t<meta name=\"twitter:label2\" content=\"Dostupnost\" \/>\n\t<meta name=\"twitter:data2\" content=\"Skladem\" \/>\n<script type=\"application\/ld+json\" class=\"yoast-schema-graph\">{\"@context\":\"https:\/\/schema.org\",\"@graph\":[{\"@type\":[\"WebPage\",\"ItemPage\"],\"@id\":\"https:\/\/frcs-research.com\/product\/buy-methoxetamine\/\",\"url\":\"https:\/\/frcs-research.com\/product\/buy-methoxetamine\/\",\"name\":\"Buy Methoxetamine (MXE) Powder Online for Research\",\"isPartOf\":{\"@id\":\"https:\/\/frcs-research.com\/#website\"},\"primaryImageOfPage\":{\"@id\":\"https:\/\/frcs-research.com\/product\/buy-methoxetamine\/#primaryimage\"},\"image\":{\"@id\":\"https:\/\/frcs-research.com\/product\/buy-methoxetamine\/#primaryimage\"},\"thumbnailUrl\":\"https:\/\/frcs-research.com\/wp-content\/uploads\/2024\/10\/methoxetamine-powder-1642738.jpg\",\"datePublished\":\"2024-10-12T22:16:14+00:00\",\"dateModified\":\"2026-04-05T09:12:37+00:00\",\"description\":\"Buy methoxetamine (MXE) high purity powder for research at FRCS Research. Ideal for cognitive and behavioral studies. Enjoy secure shipping options.\",\"breadcrumb\":{\"@id\":\"https:\/\/frcs-research.com\/product\/buy-methoxetamine\/#breadcrumb\"},\"inLanguage\":\"cs\",\"potentialAction\":[{\"@type\":\"ReadAction\",\"target\":[\"https:\/\/frcs-research.com\/product\/buy-methoxetamine\/\"]}]},{\"@type\":\"ImageObject\",\"inLanguage\":\"cs\",\"@id\":\"https:\/\/frcs-research.com\/product\/buy-methoxetamine\/#primaryimage\",\"url\":\"https:\/\/frcs-research.com\/wp-content\/uploads\/2024\/10\/methoxetamine-powder-1642738.jpg\",\"contentUrl\":\"https:\/\/frcs-research.com\/wp-content\/uploads\/2024\/10\/methoxetamine-powder-1642738.jpg\",\"width\":420,\"height\":314,\"caption\":\"buy methoxetamine\"},{\"@type\":\"BreadcrumbList\",\"@id\":\"https:\/\/frcs-research.com\/product\/buy-methoxetamine\/#breadcrumb\",\"itemListElement\":[{\"@type\":\"ListItem\",\"position\":1,\"name\":\"Home\",\"item\":\"https:\/\/frcs-research.com\/\"},{\"@type\":\"ListItem\",\"position\":2,\"name\":\"Shop\",\"item\":\"https:\/\/frcs-research.com\/shop\/\"},{\"@type\":\"ListItem\",\"position\":3,\"name\":\"Methoxetamine (MXE) 100g\"}]},{\"@type\":\"WebSite\",\"@id\":\"https:\/\/frcs-research.com\/#website\",\"url\":\"https:\/\/frcs-research.com\/\",\"name\":\"wholesale supplier of research chemicals, 4mmc, 3mmc, MDPHP, Alpha PVP and more\",\"description\":\"Wholesale research chemicals\",\"potentialAction\":[{\"@type\":\"SearchAction\",\"target\":{\"@type\":\"EntryPoint\",\"urlTemplate\":\"https:\/\/frcs-research.com\/?s={search_term_string}\"},\"query-input\":{\"@type\":\"PropertyValueSpecification\",\"valueRequired\":true,\"valueName\":\"search_term_string\"}}],\"inLanguage\":\"cs\"}]}<\/script>\n<meta property=\"product:price:amount\" content=\"265.00\" \/>\n<meta property=\"product:price:currency\" content=\"EUR\" \/>\n<meta property=\"og:availability\" content=\"instock\" \/>\n<meta property=\"product:availability\" content=\"instock\" \/>\n<meta property=\"product:condition\" content=\"new\" \/>\n<!-- \/ Yoast SEO plugin. -->","yoast_head_json":{"title":"Kupte si methoxetamin (MXE) pr\u00e1\u0161ek online pro v\u00fdzkum","description":"Kupte si methoxetamin (MXE) vysoce \u010dist\u00fd pr\u00e1\u0161ek pro v\u00fdzkum ve FRCS Research. Ide\u00e1ln\u00ed pro kognitivn\u00ed a behavior\u00e1ln\u00ed studie. Vyu\u017eijte mo\u017enosti bezpe\u010dn\u00e9 dopravy.","robots":{"index":"index","follow":"follow","max-snippet":"max-snippet:-1","max-image-preview":"max-image-preview:large","max-video-preview":"max-video-preview:-1"},"canonical":"https:\/\/frcs-research.com\/cs\/product\/koupit-methoxetamin\/","og_locale":"cs_CZ","og_type":"article","og_title":"Buy Methoxetamine (MXE) Powder Online for Research","og_description":"Buy methoxetamine (MXE) high purity powder for research at FRCS Research. Ideal for cognitive and behavioral studies. Enjoy secure shipping options.","og_url":"https:\/\/frcs-research.com\/cs\/product\/koupit-methoxetamin\/","og_site_name":"wholesale supplier of research chemicals, 4mmc, 3mmc, MDPHP, Alpha PVP and more","article_modified_time":"2026-04-05T09:12:37+00:00","og_image":[{"width":420,"height":314,"url":"https:\/\/frcs-research.com\/wp-content\/uploads\/2024\/10\/methoxetamine-powder-1642738.jpg","type":"image\/jpeg"}],"twitter_card":"summary_large_image","twitter_misc":{"Cena":"&euro;265.00","Dostupnost":"Skladem"},"schema":{"@context":"https:\/\/schema.org","@graph":[{"@type":["WebPage","ItemPage"],"@id":"https:\/\/frcs-research.com\/product\/buy-methoxetamine\/","url":"https:\/\/frcs-research.com\/product\/buy-methoxetamine\/","name":"Kupte si methoxetamin (MXE) pr\u00e1\u0161ek online pro v\u00fdzkum","isPartOf":{"@id":"https:\/\/frcs-research.com\/#website"},"primaryImageOfPage":{"@id":"https:\/\/frcs-research.com\/product\/buy-methoxetamine\/#primaryimage"},"image":{"@id":"https:\/\/frcs-research.com\/product\/buy-methoxetamine\/#primaryimage"},"thumbnailUrl":"https:\/\/frcs-research.com\/wp-content\/uploads\/2024\/10\/methoxetamine-powder-1642738.jpg","datePublished":"2024-10-12T22:16:14+00:00","dateModified":"2026-04-05T09:12:37+00:00","description":"Kupte si methoxetamin (MXE) vysoce \u010dist\u00fd pr\u00e1\u0161ek pro v\u00fdzkum ve FRCS Research. Ide\u00e1ln\u00ed pro kognitivn\u00ed a behavior\u00e1ln\u00ed studie. Vyu\u017eijte mo\u017enosti bezpe\u010dn\u00e9 dopravy.","breadcrumb":{"@id":"https:\/\/frcs-research.com\/product\/buy-methoxetamine\/#breadcrumb"},"inLanguage":"cs","potentialAction":[{"@type":"ReadAction","target":["https:\/\/frcs-research.com\/product\/buy-methoxetamine\/"]}]},{"@type":"ImageObject","inLanguage":"cs","@id":"https:\/\/frcs-research.com\/product\/buy-methoxetamine\/#primaryimage","url":"https:\/\/frcs-research.com\/wp-content\/uploads\/2024\/10\/methoxetamine-powder-1642738.jpg","contentUrl":"https:\/\/frcs-research.com\/wp-content\/uploads\/2024\/10\/methoxetamine-powder-1642738.jpg","width":420,"height":314,"caption":"buy methoxetamine"},{"@type":"BreadcrumbList","@id":"https:\/\/frcs-research.com\/product\/buy-methoxetamine\/#breadcrumb","itemListElement":[{"@type":"ListItem","position":1,"name":"Home","item":"https:\/\/frcs-research.com\/"},{"@type":"ListItem","position":2,"name":"Shop","item":"https:\/\/frcs-research.com\/shop\/"},{"@type":"ListItem","position":3,"name":"Methoxetamine (MXE) 100g"}]},{"@type":"WebSite","@id":"https:\/\/frcs-research.com\/#website","url":"https:\/\/frcs-research.com\/","name":"velkoobchodn\u00ed dodavatel v\u00fdzkumn\u00fdch chemik\u00e1li\u00ed, 4mmc, 3mmc, MDPHP, Alpha PVP a dal\u0161\u00ed","description":"Velkoobchodn\u00ed v\u00fdzkum chemik\u00e1li\u00ed","potentialAction":[{"@type":"SearchAction","target":{"@type":"EntryPoint","urlTemplate":"https:\/\/frcs-research.com\/?s={search_term_string}"},"query-input":{"@type":"PropertyValueSpecification","valueRequired":true,"valueName":"search_term_string"}}],"inLanguage":"cs"}]},"product_price_amount":"265.00","product_price_currency":"EUR","og_availability":"instock","product_availability":"instock","product_condition":"new"},"uagb_featured_image_src":{"full":["https:\/\/frcs-research.com\/wp-content\/uploads\/2024\/10\/methoxetamine-powder-1642738.jpg",420,314,false],"thumbnail":["https:\/\/frcs-research.com\/wp-content\/uploads\/2024\/10\/methoxetamine-powder-1642738-150x150.jpg",150,150,true],"medium":["https:\/\/frcs-research.com\/wp-content\/uploads\/2024\/10\/methoxetamine-powder-1642738-300x224.jpg",300,224,true],"medium_large":["https:\/\/frcs-research.com\/wp-content\/uploads\/2024\/10\/methoxetamine-powder-1642738.jpg",420,314,false],"large":["https:\/\/frcs-research.com\/wp-content\/uploads\/2024\/10\/methoxetamine-powder-1642738.jpg",420,314,false],"1536x1536":["https:\/\/frcs-research.com\/wp-content\/uploads\/2024\/10\/methoxetamine-powder-1642738.jpg",420,314,false],"2048x2048":["https:\/\/frcs-research.com\/wp-content\/uploads\/2024\/10\/methoxetamine-powder-1642738.jpg",420,314,false],"trp-custom-language-flag":["https:\/\/frcs-research.com\/wp-content\/uploads\/2024\/10\/methoxetamine-powder-1642738.jpg",16,12,false],"post-thumbnail":["https:\/\/frcs-research.com\/wp-content\/uploads\/2024\/10\/methoxetamine-powder-1642738.jpg",420,314,false],"elite-commerce-slider":["https:\/\/frcs-research.com\/wp-content\/uploads\/2024\/10\/methoxetamine-powder-1642738.jpg",420,314,false],"elite-commerce-hero":["https:\/\/frcs-research.com\/wp-content\/uploads\/2024\/10\/methoxetamine-powder-1642738.jpg",420,314,false],"elite-commerce-portfolio":["https:\/\/frcs-research.com\/wp-content\/uploads\/2024\/10\/methoxetamine-powder-1642738.jpg",400,299,false],"woocommerce_thumbnail":["https:\/\/frcs-research.com\/wp-content\/uploads\/2024\/10\/methoxetamine-powder-1642738-300x300.jpg",300,300,true],"woocommerce_single":["https:\/\/frcs-research.com\/wp-content\/uploads\/2024\/10\/methoxetamine-powder-1642738.jpg",420,314,false],"woocommerce_gallery_thumbnail":["https:\/\/frcs-research.com\/wp-content\/uploads\/2024\/10\/methoxetamine-powder-1642738-100x100.jpg",100,100,true]},"uagb_author_info":{"display_name":"Richard Wood","author_link":"https:\/\/frcs-research.com\/cs\/author\/"},"uagb_comment_info":780,"uagb_excerpt":"Purchase Methoxetamine (MXE) Powder Online Looking to buy methoxetamine (MXE) powder for your research? Methoxetamine is a notable dissociative research chemical known for its structural similarity to ketamine, offering unique&hellip;&euro;280.00 P\u016fvodn\u00ed cena byla: &euro;280.00.&euro;265.00Aktu\u00e1ln\u00ed cena je: &euro;265.00.P\u0159idat do ko\u0161\u00edku","_links":{"self":[{"href":"https:\/\/frcs-research.com\/cs\/wp-json\/wp\/v2\/product\/739","targetHints":{"allow":["GET"]}}],"collection":[{"href":"https:\/\/frcs-research.com\/cs\/wp-json\/wp\/v2\/product"}],"about":[{"href":"https:\/\/frcs-research.com\/cs\/wp-json\/wp\/v2\/types\/product"}],"replies":[{"embeddable":true,"href":"https:\/\/frcs-research.com\/cs\/wp-json\/wp\/v2\/comments?post=739"}],"wp:featuredmedia":[{"embeddable":true,"href":"https:\/\/frcs-research.com\/cs\/wp-json\/wp\/v2\/media\/740"}],"wp:attachment":[{"href":"https:\/\/frcs-research.com\/cs\/wp-json\/wp\/v2\/media?parent=739"}],"wp:term":[{"taxonomy":"product_brand","embeddable":true,"href":"https:\/\/frcs-research.com\/cs\/wp-json\/wp\/v2\/product_brand?post=739"},{"taxonomy":"product_cat","embeddable":true,"href":"https:\/\/frcs-research.com\/cs\/wp-json\/wp\/v2\/product_cat?post=739"},{"taxonomy":"product_tag","embeddable":true,"href":"https:\/\/frcs-research.com\/cs\/wp-json\/wp\/v2\/product_tag?post=739"}],"curies":[{"name":"wp","href":"https:\/\/api.w.org\/{rel}","templated":true}]}}