{"id":743,"date":"2024-10-12T22:22:26","date_gmt":"2024-10-12T22:22:26","guid":{"rendered":"https:\/\/frcs-research.com\/?post_type=product&#038;p=743"},"modified":"2026-04-21T03:12:22","modified_gmt":"2026-04-21T03:12:22","slug":"koupit-3-meo-pcp-prasek","status":"publish","type":"product","link":"https:\/\/frcs-research.com\/cs\/product\/koupit-3-meo-pcp-prasek\/","title":{"rendered":"3-MeO-PCP 1kg"},"content":{"rendered":"<h3><strong>Koupit 3-MeO-PCP online pro v\u00fdzkum<\/strong><\/h3>\n<p>Pokud chcete <strong>koupit 3-MeO-PCP online<\/strong> pro va\u0161e v\u00fdzkumn\u00e9 pot\u0159eby, <strong>3-MeO-PCP<\/strong> je cenn\u00e1 disociativn\u00ed v\u00fdzkumn\u00e1 chemick\u00e1 l\u00e1tka odvozen\u00e1 od <strong>PCP<\/strong>. Nab\u00edz\u00ed jedine\u010dn\u00e9 vlastnosti, kter\u00e9 jsou prosp\u011b\u0161n\u00e9 pro studium <strong>neuropsychiatrick\u00e9 poruchy<\/strong> a pochopen\u00ed \u00fa\u010dink\u016f na chov\u00e1n\u00ed. Jako potent <strong>NMDA receptor<\/strong> antagonista, slou\u017e\u00ed jako z\u00e1sadn\u00ed n\u00e1stroj pro v\u00fdzkumn\u00edky zkoumaj\u00edc\u00ed slo\u017eitost mozkov\u00fdch funkc\u00ed a du\u0161evn\u00edho zdrav\u00ed. <strong>V\u00fdzkum FRCS<\/strong> nab\u00edz\u00ed vysokou \u010distotu <strong>3-MeO-PCP pr\u00e1\u0161ek<\/strong> pro v\u00fdzkumn\u00e9 \u00fa\u010dely, zaji\u0161t\u011bn\u00ed kvality a \u00fa\u010dinnosti.<\/p>\n<ul>\n<li><strong>Kl\u00ed\u010dov\u00e1 slova<\/strong>: koupit pr\u00e1\u0161ek 3-MeO-PCP, 3-MeO-PCP na prodej, koupit v\u00fdzkumnou chemik\u00e1lii 3-MeO-PCP, v\u00fdzkumn\u00e9 chemik\u00e1lie PCP.<\/li>\n<li><strong>V\u00fdzva k akci<\/strong>: Kupujte vysoce kvalitn\u00ed <strong>3-MeO-PCP<\/strong> z <strong>V\u00fdzkum FRCS<\/strong>. Z\u00edskejte bezpe\u010dn\u00e9 a diskr\u00e9tn\u00ed doru\u010den\u00ed <strong>neuropsychiatrick\u00e9<\/strong> a <strong>behavior\u00e1ln\u00ed studie<\/strong>.<\/li>\n<\/ul>","protected":false},"excerpt":{"rendered":"<p>Buy 3-MeO-PCP Online for Research If you want to buy 3-MeO-PCP online for your research needs, 3-MeO-PCP is a valuable dissociative research chemical derived from PCP. It offers unique properties&hellip;<\/p>\n<p class=\"product woocommerce add_to_cart_inline\" style=\"border:4px solid #ccc; padding: 12px;\"><del aria-hidden=\"true\"><span class=\"woocommerce-Price-amount amount\"><bdi><span class=\"woocommerce-Price-currencySymbol\">&euro;<\/span>2,000.00<\/bdi><\/span><\/del> <span class=\"screen-reader-text\" data-no-translation=\"\" data-trp-gettext=\"\">P\u016fvodn\u00ed cena byla: &euro;2,000.00.<\/span><ins aria-hidden=\"true\"><span class=\"woocommerce-Price-amount amount\"><bdi><span class=\"woocommerce-Price-currencySymbol\">&euro;<\/span>1,400.00<\/bdi><\/span><\/ins><span class=\"screen-reader-text\" data-no-translation=\"\" data-trp-gettext=\"\">Aktu\u00e1ln\u00ed cena je: &euro;1,400.00.<\/span><a href=\"\/cs\/wp-json\/wp\/v2\/product\/743?add-to-cart=743\" aria-describedby=\"woocommerce_loop_add_to_cart_link_describedby_743\" data-quantity=\"1\" class=\"button product_type_simple add_to_cart_button ajax_add_to_cart\" data-product_id=\"743\" data-product_sku=\"\" aria-label=\"P\u0159idat do ko\u0161\u00edku: \u201c3-MeO-PCP 1kg\u201d\" rel=\"nofollow\" data-success_message=\"\u201e3-MeO-PCP 1kg\u201c byl p\u0159id\u00e1n do va\u0161eho ko\u0161\u00edku\" data-no-translation=\"\" data-trp-gettext=\"\" data-no-translation-aria-label=\"\" data-no-translation-data-success_message=\"\">P\u0159idat do ko\u0161\u00edku<\/a>\t<span id=\"woocommerce_loop_add_to_cart_link_describedby_743\" class=\"screen-reader-text\"><br \/>\n\t\t\t<\/span><\/p>","protected":false},"featured_media":744,"comment_status":"open","ping_status":"closed","template":"","meta":{"_uag_custom_page_level_css":""},"product_brand":[],"product_cat":[28],"product_tag":[157,161,155,165,167,163,158,160,153,159,162,166,154,156,164],"class_list":{"0":"post-743","1":"product","2":"type-product","3":"status-publish","4":"has-post-thumbnail","6":"product_cat-dissociatives","7":"product_tag-3-meo-pcp-buy","8":"product_tag-3-meo-pcp-delivery","9":"product_tag-3-meo-pcp-for-sale","10":"product_tag-3-meo-pcp-high-quality","11":"product_tag-3-meo-pcp-near-me","12":"product_tag-3-meo-pcp-online-shop","13":"product_tag-3-meo-pcp-vendor","14":"product_tag-buy-3-meo-pcp-europe","15":"product_tag-buy-3-meo-pcp-online","16":"product_tag-buy-3-meo-pcp-usa","17":"product_tag-cheap-3-meo-pcp","18":"product_tag-order-3-meo-pcp-crystals","19":"product_tag-order-3-meo-pcp-powder","20":"product_tag-purchase-3-meo-pcp","21":"product_tag-where-to-buy-3-meo-pcp","23":"first","24":"instock","25":"sale","26":"shipping-taxable","27":"purchasable","28":"product-type-simple"},"yoast_head":"<!-- This site is optimized with the Yoast SEO plugin v27.1.1 - https:\/\/yoast.com\/product\/yoast-seo-wordpress\/ -->\n<title>Buy 3-MeO-PCP Powder for Research | FRCS Research<\/title>\n<meta name=\"description\" content=\"Purchase 3-MeO-PCP powder for your research needs at FRCS Research. High-quality dissociative for neuropsychiatric studies with discreet shipping options.\" \/>\n<meta name=\"robots\" content=\"index, follow, max-snippet:-1, max-image-preview:large, max-video-preview:-1\" \/>\n<link rel=\"canonical\" href=\"https:\/\/frcs-research.com\/cs\/product\/koupit-3-meo-pcp-prasek\/\" \/>\n<meta property=\"og:locale\" content=\"cs_CZ\" \/>\n<meta property=\"og:type\" content=\"article\" \/>\n<meta property=\"og:title\" content=\"Buy 3-MeO-PCP Powder for Research | FRCS Research\" \/>\n<meta property=\"og:description\" content=\"Purchase 3-MeO-PCP powder for your research needs at FRCS Research. High-quality dissociative for neuropsychiatric studies with discreet shipping options.\" \/>\n<meta property=\"og:url\" content=\"https:\/\/frcs-research.com\/cs\/product\/koupit-3-meo-pcp-prasek\/\" \/>\n<meta property=\"og:site_name\" content=\"wholesale supplier of research chemicals, 4mmc, 3mmc, MDPHP, Alpha PVP and more\" \/>\n<meta property=\"article:modified_time\" content=\"2026-04-21T03:12:22+00:00\" \/>\n<meta property=\"og:image\" content=\"https:\/\/frcs-research.com\/wp-content\/uploads\/2024\/10\/6apb.png\" \/>\n\t<meta property=\"og:image:width\" content=\"600\" \/>\n\t<meta property=\"og:image:height\" content=\"400\" \/>\n\t<meta property=\"og:image:type\" content=\"image\/png\" \/>\n<meta name=\"twitter:card\" content=\"summary_large_image\" \/>\n<meta name=\"twitter:label1\" content=\"Cena\" \/>\n\t<meta name=\"twitter:data1\" content=\"&euro;1,400.00\" \/>\n\t<meta name=\"twitter:label2\" content=\"Dostupnost\" \/>\n\t<meta name=\"twitter:data2\" content=\"Skladem\" \/>\n<script type=\"application\/ld+json\" class=\"yoast-schema-graph\">{\"@context\":\"https:\/\/schema.org\",\"@graph\":[{\"@type\":[\"WebPage\",\"ItemPage\"],\"@id\":\"https:\/\/frcs-research.com\/product\/buy-3-meo-pcp-powder\/\",\"url\":\"https:\/\/frcs-research.com\/product\/buy-3-meo-pcp-powder\/\",\"name\":\"Buy 3-MeO-PCP Powder for Research | FRCS Research\",\"isPartOf\":{\"@id\":\"https:\/\/frcs-research.com\/#website\"},\"primaryImageOfPage\":{\"@id\":\"https:\/\/frcs-research.com\/product\/buy-3-meo-pcp-powder\/#primaryimage\"},\"image\":{\"@id\":\"https:\/\/frcs-research.com\/product\/buy-3-meo-pcp-powder\/#primaryimage\"},\"thumbnailUrl\":\"https:\/\/frcs-research.com\/wp-content\/uploads\/2024\/10\/6apb.png\",\"datePublished\":\"2024-10-12T22:22:26+00:00\",\"dateModified\":\"2026-04-21T03:12:22+00:00\",\"description\":\"Purchase 3-MeO-PCP powder for your research needs at FRCS Research. High-quality dissociative for neuropsychiatric studies with discreet shipping options.\",\"breadcrumb\":{\"@id\":\"https:\/\/frcs-research.com\/product\/buy-3-meo-pcp-powder\/#breadcrumb\"},\"inLanguage\":\"cs\",\"potentialAction\":[{\"@type\":\"ReadAction\",\"target\":[\"https:\/\/frcs-research.com\/product\/buy-3-meo-pcp-powder\/\"]}]},{\"@type\":\"ImageObject\",\"inLanguage\":\"cs\",\"@id\":\"https:\/\/frcs-research.com\/product\/buy-3-meo-pcp-powder\/#primaryimage\",\"url\":\"https:\/\/frcs-research.com\/wp-content\/uploads\/2024\/10\/6apb.png\",\"contentUrl\":\"https:\/\/frcs-research.com\/wp-content\/uploads\/2024\/10\/6apb.png\",\"width\":600,\"height\":400,\"caption\":\"Buy 3-MeO-PCP Powder\"},{\"@type\":\"BreadcrumbList\",\"@id\":\"https:\/\/frcs-research.com\/product\/buy-3-meo-pcp-powder\/#breadcrumb\",\"itemListElement\":[{\"@type\":\"ListItem\",\"position\":1,\"name\":\"Home\",\"item\":\"https:\/\/frcs-research.com\/\"},{\"@type\":\"ListItem\",\"position\":2,\"name\":\"Shop\",\"item\":\"https:\/\/frcs-research.com\/shop\/\"},{\"@type\":\"ListItem\",\"position\":3,\"name\":\"3-MeO-PCP 1kg\"}]},{\"@type\":\"WebSite\",\"@id\":\"https:\/\/frcs-research.com\/#website\",\"url\":\"https:\/\/frcs-research.com\/\",\"name\":\"wholesale supplier of research chemicals, 4mmc, 3mmc, MDPHP, Alpha PVP and more\",\"description\":\"Wholesale research chemicals\",\"potentialAction\":[{\"@type\":\"SearchAction\",\"target\":{\"@type\":\"EntryPoint\",\"urlTemplate\":\"https:\/\/frcs-research.com\/?s={search_term_string}\"},\"query-input\":{\"@type\":\"PropertyValueSpecification\",\"valueRequired\":true,\"valueName\":\"search_term_string\"}}],\"inLanguage\":\"cs\"}]}<\/script>\n<meta property=\"product:price:amount\" content=\"1400.00\" \/>\n<meta property=\"product:price:currency\" content=\"EUR\" \/>\n<meta property=\"og:availability\" content=\"instock\" \/>\n<meta property=\"product:availability\" content=\"instock\" \/>\n<meta property=\"product:condition\" content=\"new\" \/>\n<!-- \/ Yoast SEO plugin. -->","yoast_head_json":{"title":"Koupit 3-MeO-PCP pr\u00e1\u0161ek pro v\u00fdzkum | V\u00fdzkum FRCS","description":"Kupte si pr\u00e1\u0161ek 3-MeO-PCP pro sv\u00e9 v\u00fdzkumn\u00e9 pot\u0159eby ve spole\u010dnosti FRCS Research. Vysoce kvalitn\u00ed disociativn\u00ed pro neuropsychiatrick\u00e9 studie s diskr\u00e9tn\u00edmi mo\u017enostmi dopravy.","robots":{"index":"index","follow":"follow","max-snippet":"max-snippet:-1","max-image-preview":"max-image-preview:large","max-video-preview":"max-video-preview:-1"},"canonical":"https:\/\/frcs-research.com\/cs\/product\/koupit-3-meo-pcp-prasek\/","og_locale":"cs_CZ","og_type":"article","og_title":"Buy 3-MeO-PCP Powder for Research | FRCS Research","og_description":"Purchase 3-MeO-PCP powder for your research needs at FRCS Research. High-quality dissociative for neuropsychiatric studies with discreet shipping options.","og_url":"https:\/\/frcs-research.com\/cs\/product\/koupit-3-meo-pcp-prasek\/","og_site_name":"wholesale supplier of research chemicals, 4mmc, 3mmc, MDPHP, Alpha PVP and more","article_modified_time":"2026-04-21T03:12:22+00:00","og_image":[{"width":600,"height":400,"url":"https:\/\/frcs-research.com\/wp-content\/uploads\/2024\/10\/6apb.png","type":"image\/png"}],"twitter_card":"summary_large_image","twitter_misc":{"Cena":"&euro;1,400.00","Dostupnost":"Skladem"},"schema":{"@context":"https:\/\/schema.org","@graph":[{"@type":["WebPage","ItemPage"],"@id":"https:\/\/frcs-research.com\/product\/buy-3-meo-pcp-powder\/","url":"https:\/\/frcs-research.com\/product\/buy-3-meo-pcp-powder\/","name":"Koupit 3-MeO-PCP pr\u00e1\u0161ek pro v\u00fdzkum | V\u00fdzkum FRCS","isPartOf":{"@id":"https:\/\/frcs-research.com\/#website"},"primaryImageOfPage":{"@id":"https:\/\/frcs-research.com\/product\/buy-3-meo-pcp-powder\/#primaryimage"},"image":{"@id":"https:\/\/frcs-research.com\/product\/buy-3-meo-pcp-powder\/#primaryimage"},"thumbnailUrl":"https:\/\/frcs-research.com\/wp-content\/uploads\/2024\/10\/6apb.png","datePublished":"2024-10-12T22:22:26+00:00","dateModified":"2026-04-21T03:12:22+00:00","description":"Kupte si pr\u00e1\u0161ek 3-MeO-PCP pro sv\u00e9 v\u00fdzkumn\u00e9 pot\u0159eby ve spole\u010dnosti FRCS Research. Vysoce kvalitn\u00ed disociativn\u00ed pro neuropsychiatrick\u00e9 studie s diskr\u00e9tn\u00edmi mo\u017enostmi dopravy.","breadcrumb":{"@id":"https:\/\/frcs-research.com\/product\/buy-3-meo-pcp-powder\/#breadcrumb"},"inLanguage":"cs","potentialAction":[{"@type":"ReadAction","target":["https:\/\/frcs-research.com\/product\/buy-3-meo-pcp-powder\/"]}]},{"@type":"ImageObject","inLanguage":"cs","@id":"https:\/\/frcs-research.com\/product\/buy-3-meo-pcp-powder\/#primaryimage","url":"https:\/\/frcs-research.com\/wp-content\/uploads\/2024\/10\/6apb.png","contentUrl":"https:\/\/frcs-research.com\/wp-content\/uploads\/2024\/10\/6apb.png","width":600,"height":400,"caption":"Buy 3-MeO-PCP Powder"},{"@type":"BreadcrumbList","@id":"https:\/\/frcs-research.com\/product\/buy-3-meo-pcp-powder\/#breadcrumb","itemListElement":[{"@type":"ListItem","position":1,"name":"Home","item":"https:\/\/frcs-research.com\/"},{"@type":"ListItem","position":2,"name":"Shop","item":"https:\/\/frcs-research.com\/shop\/"},{"@type":"ListItem","position":3,"name":"3-MeO-PCP 1kg"}]},{"@type":"WebSite","@id":"https:\/\/frcs-research.com\/#website","url":"https:\/\/frcs-research.com\/","name":"velkoobchodn\u00ed dodavatel v\u00fdzkumn\u00fdch chemik\u00e1li\u00ed, 4mmc, 3mmc, MDPHP, Alpha PVP a dal\u0161\u00ed","description":"Velkoobchodn\u00ed v\u00fdzkum chemik\u00e1li\u00ed","potentialAction":[{"@type":"SearchAction","target":{"@type":"EntryPoint","urlTemplate":"https:\/\/frcs-research.com\/?s={search_term_string}"},"query-input":{"@type":"PropertyValueSpecification","valueRequired":true,"valueName":"search_term_string"}}],"inLanguage":"cs"}]},"product_price_amount":"1400.00","product_price_currency":"EUR","og_availability":"instock","product_availability":"instock","product_condition":"new"},"uagb_featured_image_src":{"full":["https:\/\/frcs-research.com\/wp-content\/uploads\/2024\/10\/6apb.png",600,400,false],"thumbnail":["https:\/\/frcs-research.com\/wp-content\/uploads\/2024\/10\/6apb-150x150.png",150,150,true],"medium":["https:\/\/frcs-research.com\/wp-content\/uploads\/2024\/10\/6apb-300x200.png",300,200,true],"medium_large":["https:\/\/frcs-research.com\/wp-content\/uploads\/2024\/10\/6apb.png",600,400,false],"large":["https:\/\/frcs-research.com\/wp-content\/uploads\/2024\/10\/6apb.png",600,400,false],"1536x1536":["https:\/\/frcs-research.com\/wp-content\/uploads\/2024\/10\/6apb.png",600,400,false],"2048x2048":["https:\/\/frcs-research.com\/wp-content\/uploads\/2024\/10\/6apb.png",600,400,false],"trp-custom-language-flag":["https:\/\/frcs-research.com\/wp-content\/uploads\/2024\/10\/6apb.png",18,12,false],"post-thumbnail":["https:\/\/frcs-research.com\/wp-content\/uploads\/2024\/10\/6apb.png",600,400,false],"elite-commerce-slider":["https:\/\/frcs-research.com\/wp-content\/uploads\/2024\/10\/6apb.png",600,400,false],"elite-commerce-hero":["https:\/\/frcs-research.com\/wp-content\/uploads\/2024\/10\/6apb.png",600,400,false],"elite-commerce-portfolio":["https:\/\/frcs-research.com\/wp-content\/uploads\/2024\/10\/6apb.png",400,267,false],"woocommerce_thumbnail":["https:\/\/frcs-research.com\/wp-content\/uploads\/2024\/10\/6apb-300x300.png",300,300,true],"woocommerce_single":["https:\/\/frcs-research.com\/wp-content\/uploads\/2024\/10\/6apb.png",600,400,false],"woocommerce_gallery_thumbnail":["https:\/\/frcs-research.com\/wp-content\/uploads\/2024\/10\/6apb-100x100.png",100,100,true]},"uagb_author_info":{"display_name":"Richard Wood","author_link":"https:\/\/frcs-research.com\/cs\/author\/"},"uagb_comment_info":784,"uagb_excerpt":"Buy 3-MeO-PCP Online for Research If you want to buy 3-MeO-PCP online for your research needs, 3-MeO-PCP is a valuable dissociative research chemical derived from PCP. It offers unique properties&hellip;&euro;2,000.00 P\u016fvodn\u00ed cena byla: &euro;2,000.00.&euro;1,400.00Aktu\u00e1ln\u00ed cena je: &euro;1,400.00.P\u0159idat do ko\u0161\u00edku","_links":{"self":[{"href":"https:\/\/frcs-research.com\/cs\/wp-json\/wp\/v2\/product\/743","targetHints":{"allow":["GET"]}}],"collection":[{"href":"https:\/\/frcs-research.com\/cs\/wp-json\/wp\/v2\/product"}],"about":[{"href":"https:\/\/frcs-research.com\/cs\/wp-json\/wp\/v2\/types\/product"}],"replies":[{"embeddable":true,"href":"https:\/\/frcs-research.com\/cs\/wp-json\/wp\/v2\/comments?post=743"}],"wp:featuredmedia":[{"embeddable":true,"href":"https:\/\/frcs-research.com\/cs\/wp-json\/wp\/v2\/media\/744"}],"wp:attachment":[{"href":"https:\/\/frcs-research.com\/cs\/wp-json\/wp\/v2\/media?parent=743"}],"wp:term":[{"taxonomy":"product_brand","embeddable":true,"href":"https:\/\/frcs-research.com\/cs\/wp-json\/wp\/v2\/product_brand?post=743"},{"taxonomy":"product_cat","embeddable":true,"href":"https:\/\/frcs-research.com\/cs\/wp-json\/wp\/v2\/product_cat?post=743"},{"taxonomy":"product_tag","embeddable":true,"href":"https:\/\/frcs-research.com\/cs\/wp-json\/wp\/v2\/product_tag?post=743"}],"curies":[{"name":"wp","href":"https:\/\/api.w.org\/{rel}","templated":true}]}}