{"id":746,"date":"2024-10-12T22:29:08","date_gmt":"2024-10-12T22:29:08","guid":{"rendered":"https:\/\/frcs-research.com\/?post_type=product&#038;p=746"},"modified":"2026-04-03T01:52:28","modified_gmt":"2026-04-03T01:52:28","slug":"koupit-lsd-online","status":"publish","type":"product","link":"https:\/\/frcs-research.com\/cs\/product\/koupit-lsd-online\/","title":{"rendered":"LSD 10z"},"content":{"rendered":"<h1>Koupit LSD s vysokou \u010distotou online | V\u00fdzkum FRCS<\/h1>\n<p>Pokud hled\u00e1te <strong>koupit LSD online<\/strong>, <strong>Diethylamid kyseliny lysergov\u00e9<\/strong> (LSD) je siln\u00e1 psychedelick\u00e1 v\u00fdzkumn\u00e1 chemick\u00e1 l\u00e1tka zn\u00e1m\u00e1 pro sv\u00e9 hlubok\u00e9 \u00fa\u010dinky na vn\u00edm\u00e1n\u00ed, pozn\u00e1v\u00e1n\u00ed a v\u011bdom\u00ed. LSD, p\u016fvodn\u011b syntetizovan\u00e9 ve 30. letech 20. stolet\u00ed z n\u00e1melov\u00fdch alkaloid\u016f, se stalo z\u00e1kladem psychedelick\u00e9ho v\u00fdzkumu.<\/p>\n<p>LSD funguje prim\u00e1rn\u011b interakc\u00ed se serotoninov\u00fdmi receptory v mozku, co\u017e m\u016f\u017ee v\u00e9st ke zm\u011bn\u011bn\u00fdm smyslov\u00fdm pro\u017eitk\u016fm, zv\u00fd\u0161en\u00fdm emo\u010dn\u00edm stav\u016fm a vizu\u00e1ln\u00edm halucinac\u00edm. Ned\u00e1vn\u00e9 studie nazna\u010duj\u00ed, \u017ee LSD m\u016f\u017ee m\u00edt terapeutick\u00fd potenci\u00e1l p\u0159i l\u00e9\u010db\u011b stav\u016f, jako je \u00fazkost, deprese a PTSD. Jak v\u00fdzkumn\u00edci pokra\u010duj\u00ed ve zkoum\u00e1n\u00ed jeho \u00fa\u010dink\u016f, v\u00fdrazn\u011b vzrostla popt\u00e1vka po vysoce \u010dist\u00e9m LSD pro v\u00fdzkumn\u00e9 \u00fa\u010dely.<\/p>\n<p>Na <strong>V\u00fdzkum FRCS<\/strong>, nab\u00edz\u00edme vysoce kvalitn\u00ed pr\u00e1\u0161ek LSD vhodn\u00fd pro laboratorn\u00ed anal\u00fdzy a v\u011bdeck\u00e9 studie. A\u0165 u\u017e zkoum\u00e1te jeho farmakologick\u00e9 \u00fa\u010dinky nebo zkoum\u00e1te jeho terapeutick\u00e9 aplikace, n\u00e1\u0161 produkt LSD je navr\u017een tak, aby spl\u0148oval p\u0159\u00edsn\u00e9 standardy v\u011bdeck\u00e9ho b\u00e1d\u00e1n\u00ed.<\/p>\n<h4>koupit LSD online, koupit pr\u00e1\u0161ek LSD, vysoce \u010dist\u00e9 LSD pro v\u00fdzkum, chemik\u00e1lie pro v\u00fdzkum LSD.<\/h4>\n<h4>Popis metadat:<\/h4>\n<p>\u201eNakupujte vysoce \u010dist\u00e9 LSD online na FRCS Research. Prozkoumejte jeho hlubok\u00e9 \u00fa\u010dinky v psychedelick\u00e9m v\u00fdzkumu. Bezpe\u010dn\u00e1 a diskr\u00e9tn\u00ed doprava dostupn\u00e1 po cel\u00e9m sv\u011bt\u011b.\u201d<\/p>","protected":false},"excerpt":{"rendered":"<p>Buy High-Purity LSD Online | FRCS Research If you\u2019re looking to buy LSD online, Lysergic Acid Diethylamide (LSD) is a powerful psychedelic research chemical known for its profound effects on&hellip;<\/p>\n<p class=\"product woocommerce add_to_cart_inline\" style=\"border:4px solid #ccc; padding: 12px;\"><span class=\"woocommerce-Price-amount amount\"><bdi><span class=\"woocommerce-Price-currencySymbol\">&euro;<\/span>210.00<\/bdi><\/span><a href=\"\/cs\/wp-json\/wp\/v2\/product\/746?add-to-cart=746\" aria-describedby=\"woocommerce_loop_add_to_cart_link_describedby_746\" data-quantity=\"1\" class=\"button product_type_simple add_to_cart_button ajax_add_to_cart\" data-product_id=\"746\" data-product_sku=\"\" aria-label=\"P\u0159idat do ko\u0161\u00edku: \u201cLSD 10z\u201d\" rel=\"nofollow\" data-success_message=\"\u201eLSD 10z\u201c byl p\u0159id\u00e1n do va\u0161eho ko\u0161\u00edku\" data-no-translation=\"\" data-trp-gettext=\"\" data-no-translation-aria-label=\"\" data-no-translation-data-success_message=\"\">P\u0159idat do ko\u0161\u00edku<\/a>\t<span id=\"woocommerce_loop_add_to_cart_link_describedby_746\" class=\"screen-reader-text\"><br \/>\n\t\t\t<\/span><\/p>","protected":false},"featured_media":747,"comment_status":"open","ping_status":"closed","template":"","meta":{"_uag_custom_page_level_css":""},"product_brand":[],"product_cat":[29],"product_tag":[93,99,94,97,91,96,98,92,100,95],"class_list":{"0":"post-746","1":"product","2":"type-product","3":"status-publish","4":"has-post-thumbnail","6":"product_cat-psychedelics","7":"product_tag-acid-dreams","8":"product_tag-euphoria-drops","9":"product_tag-lsd-elixir","10":"product_tag-lsd-journey","11":"product_tag-lsd-pure","12":"product_tag-lsd-vibes","13":"product_tag-lucid-acid","14":"product_tag-lysergic-bliss","15":"product_tag-mind-expander","16":"product_tag-psychedelic-liquid","18":"first","19":"instock","20":"shipping-taxable","21":"purchasable","22":"product-type-simple"},"yoast_head":"<!-- This site is optimized with the Yoast SEO plugin v27.1.1 - https:\/\/yoast.com\/product\/yoast-seo-wordpress\/ -->\n<title>Buy High-Purity LSD Online | FRCS Research<\/title>\n<meta name=\"description\" content=\"Purchase high-purity LSD online at FRCS Research. Explore its profound effects in psychedelic research. Secure and discreet shipping available worldwide\" \/>\n<meta name=\"robots\" content=\"index, follow, max-snippet:-1, max-image-preview:large, max-video-preview:-1\" \/>\n<link rel=\"canonical\" href=\"https:\/\/frcs-research.com\/cs\/product\/koupit-lsd-online\/\" \/>\n<meta property=\"og:locale\" content=\"cs_CZ\" \/>\n<meta property=\"og:type\" content=\"article\" \/>\n<meta property=\"og:title\" content=\"Buy High-Purity LSD Online | FRCS Research\" \/>\n<meta property=\"og:description\" content=\"Purchase high-purity LSD online at FRCS Research. Explore its profound effects in psychedelic research. Secure and discreet shipping available worldwide\" \/>\n<meta property=\"og:url\" content=\"https:\/\/frcs-research.com\/cs\/product\/koupit-lsd-online\/\" \/>\n<meta property=\"og:site_name\" content=\"wholesale supplier of research chemicals, 4mmc, 3mmc, MDPHP, Alpha PVP and more\" \/>\n<meta property=\"article:modified_time\" content=\"2026-04-03T01:52:28+00:00\" \/>\n<meta property=\"og:image\" content=\"https:\/\/frcs-research.com\/wp-content\/uploads\/2024\/10\/OIP-3.jpg\" \/>\n\t<meta property=\"og:image:width\" content=\"474\" \/>\n\t<meta property=\"og:image:height\" content=\"296\" \/>\n\t<meta property=\"og:image:type\" content=\"image\/jpeg\" \/>\n<meta name=\"twitter:card\" content=\"summary_large_image\" \/>\n<meta name=\"twitter:label1\" content=\"Cena\" \/>\n\t<meta name=\"twitter:data1\" content=\"&euro;210.00\" \/>\n\t<meta name=\"twitter:label2\" content=\"Dostupnost\" \/>\n\t<meta name=\"twitter:data2\" content=\"Skladem\" \/>\n<script type=\"application\/ld+json\" class=\"yoast-schema-graph\">{\"@context\":\"https:\/\/schema.org\",\"@graph\":[{\"@type\":[\"WebPage\",\"ItemPage\"],\"@id\":\"https:\/\/frcs-research.com\/product\/buy-lsd-online\/\",\"url\":\"https:\/\/frcs-research.com\/product\/buy-lsd-online\/\",\"name\":\"Buy High-Purity LSD Online | FRCS Research\",\"isPartOf\":{\"@id\":\"https:\/\/frcs-research.com\/#website\"},\"primaryImageOfPage\":{\"@id\":\"https:\/\/frcs-research.com\/product\/buy-lsd-online\/#primaryimage\"},\"image\":{\"@id\":\"https:\/\/frcs-research.com\/product\/buy-lsd-online\/#primaryimage\"},\"thumbnailUrl\":\"https:\/\/frcs-research.com\/wp-content\/uploads\/2024\/10\/OIP-3.jpg\",\"datePublished\":\"2024-10-12T22:29:08+00:00\",\"dateModified\":\"2026-04-03T01:52:28+00:00\",\"description\":\"Purchase high-purity LSD online at FRCS Research. Explore its profound effects in psychedelic research. Secure and discreet shipping available worldwide\",\"breadcrumb\":{\"@id\":\"https:\/\/frcs-research.com\/product\/buy-lsd-online\/#breadcrumb\"},\"inLanguage\":\"cs\",\"potentialAction\":[{\"@type\":\"ReadAction\",\"target\":[\"https:\/\/frcs-research.com\/product\/buy-lsd-online\/\"]}]},{\"@type\":\"ImageObject\",\"inLanguage\":\"cs\",\"@id\":\"https:\/\/frcs-research.com\/product\/buy-lsd-online\/#primaryimage\",\"url\":\"https:\/\/frcs-research.com\/wp-content\/uploads\/2024\/10\/OIP-3.jpg\",\"contentUrl\":\"https:\/\/frcs-research.com\/wp-content\/uploads\/2024\/10\/OIP-3.jpg\",\"width\":474,\"height\":296,\"caption\":\"Buy High-Purity LSD Online\"},{\"@type\":\"BreadcrumbList\",\"@id\":\"https:\/\/frcs-research.com\/product\/buy-lsd-online\/#breadcrumb\",\"itemListElement\":[{\"@type\":\"ListItem\",\"position\":1,\"name\":\"Home\",\"item\":\"https:\/\/frcs-research.com\/\"},{\"@type\":\"ListItem\",\"position\":2,\"name\":\"Shop\",\"item\":\"https:\/\/frcs-research.com\/shop\/\"},{\"@type\":\"ListItem\",\"position\":3,\"name\":\"LSD 10z\"}]},{\"@type\":\"WebSite\",\"@id\":\"https:\/\/frcs-research.com\/#website\",\"url\":\"https:\/\/frcs-research.com\/\",\"name\":\"wholesale supplier of research chemicals, 4mmc, 3mmc, MDPHP, Alpha PVP and more\",\"description\":\"Wholesale research chemicals\",\"potentialAction\":[{\"@type\":\"SearchAction\",\"target\":{\"@type\":\"EntryPoint\",\"urlTemplate\":\"https:\/\/frcs-research.com\/?s={search_term_string}\"},\"query-input\":{\"@type\":\"PropertyValueSpecification\",\"valueRequired\":true,\"valueName\":\"search_term_string\"}}],\"inLanguage\":\"cs\"}]}<\/script>\n<meta property=\"product:price:amount\" content=\"210.00\" \/>\n<meta property=\"product:price:currency\" content=\"EUR\" \/>\n<meta property=\"og:availability\" content=\"instock\" \/>\n<meta property=\"product:availability\" content=\"instock\" \/>\n<meta property=\"product:condition\" content=\"new\" \/>\n<!-- \/ Yoast SEO plugin. -->","yoast_head_json":{"title":"Koupit LSD s vysokou \u010distotou online | V\u00fdzkum FRCS","description":"Nakupujte vysoce \u010dist\u00e9 LSD online na FRCS Research. Prozkoumejte jeho hlubok\u00e9 \u00fa\u010dinky v psychedelick\u00e9m v\u00fdzkumu. Bezpe\u010dn\u00e1 a diskr\u00e9tn\u00ed doprava dostupn\u00e1 po cel\u00e9m sv\u011bt\u011b","robots":{"index":"index","follow":"follow","max-snippet":"max-snippet:-1","max-image-preview":"max-image-preview:large","max-video-preview":"max-video-preview:-1"},"canonical":"https:\/\/frcs-research.com\/cs\/product\/koupit-lsd-online\/","og_locale":"cs_CZ","og_type":"article","og_title":"Buy High-Purity LSD Online | FRCS Research","og_description":"Purchase high-purity LSD online at FRCS Research. Explore its profound effects in psychedelic research. Secure and discreet shipping available worldwide","og_url":"https:\/\/frcs-research.com\/cs\/product\/koupit-lsd-online\/","og_site_name":"wholesale supplier of research chemicals, 4mmc, 3mmc, MDPHP, Alpha PVP and more","article_modified_time":"2026-04-03T01:52:28+00:00","og_image":[{"width":474,"height":296,"url":"https:\/\/frcs-research.com\/wp-content\/uploads\/2024\/10\/OIP-3.jpg","type":"image\/jpeg"}],"twitter_card":"summary_large_image","twitter_misc":{"Cena":"&euro;210.00","Dostupnost":"Skladem"},"schema":{"@context":"https:\/\/schema.org","@graph":[{"@type":["WebPage","ItemPage"],"@id":"https:\/\/frcs-research.com\/product\/buy-lsd-online\/","url":"https:\/\/frcs-research.com\/product\/buy-lsd-online\/","name":"Koupit LSD s vysokou \u010distotou online | V\u00fdzkum FRCS","isPartOf":{"@id":"https:\/\/frcs-research.com\/#website"},"primaryImageOfPage":{"@id":"https:\/\/frcs-research.com\/product\/buy-lsd-online\/#primaryimage"},"image":{"@id":"https:\/\/frcs-research.com\/product\/buy-lsd-online\/#primaryimage"},"thumbnailUrl":"https:\/\/frcs-research.com\/wp-content\/uploads\/2024\/10\/OIP-3.jpg","datePublished":"2024-10-12T22:29:08+00:00","dateModified":"2026-04-03T01:52:28+00:00","description":"Nakupujte vysoce \u010dist\u00e9 LSD online na FRCS Research. Prozkoumejte jeho hlubok\u00e9 \u00fa\u010dinky v psychedelick\u00e9m v\u00fdzkumu. Bezpe\u010dn\u00e1 a diskr\u00e9tn\u00ed doprava dostupn\u00e1 po cel\u00e9m sv\u011bt\u011b","breadcrumb":{"@id":"https:\/\/frcs-research.com\/product\/buy-lsd-online\/#breadcrumb"},"inLanguage":"cs","potentialAction":[{"@type":"ReadAction","target":["https:\/\/frcs-research.com\/product\/buy-lsd-online\/"]}]},{"@type":"ImageObject","inLanguage":"cs","@id":"https:\/\/frcs-research.com\/product\/buy-lsd-online\/#primaryimage","url":"https:\/\/frcs-research.com\/wp-content\/uploads\/2024\/10\/OIP-3.jpg","contentUrl":"https:\/\/frcs-research.com\/wp-content\/uploads\/2024\/10\/OIP-3.jpg","width":474,"height":296,"caption":"Buy High-Purity LSD Online"},{"@type":"BreadcrumbList","@id":"https:\/\/frcs-research.com\/product\/buy-lsd-online\/#breadcrumb","itemListElement":[{"@type":"ListItem","position":1,"name":"Home","item":"https:\/\/frcs-research.com\/"},{"@type":"ListItem","position":2,"name":"Shop","item":"https:\/\/frcs-research.com\/shop\/"},{"@type":"ListItem","position":3,"name":"LSD 10z"}]},{"@type":"WebSite","@id":"https:\/\/frcs-research.com\/#website","url":"https:\/\/frcs-research.com\/","name":"velkoobchodn\u00ed dodavatel v\u00fdzkumn\u00fdch chemik\u00e1li\u00ed, 4mmc, 3mmc, MDPHP, Alpha PVP a dal\u0161\u00ed","description":"Velkoobchodn\u00ed v\u00fdzkum chemik\u00e1li\u00ed","potentialAction":[{"@type":"SearchAction","target":{"@type":"EntryPoint","urlTemplate":"https:\/\/frcs-research.com\/?s={search_term_string}"},"query-input":{"@type":"PropertyValueSpecification","valueRequired":true,"valueName":"search_term_string"}}],"inLanguage":"cs"}]},"product_price_amount":"210.00","product_price_currency":"EUR","og_availability":"instock","product_availability":"instock","product_condition":"new"},"uagb_featured_image_src":{"full":["https:\/\/frcs-research.com\/wp-content\/uploads\/2024\/10\/OIP-3.jpg",474,296,false],"thumbnail":["https:\/\/frcs-research.com\/wp-content\/uploads\/2024\/10\/OIP-3-150x150.jpg",150,150,true],"medium":["https:\/\/frcs-research.com\/wp-content\/uploads\/2024\/10\/OIP-3-300x187.jpg",300,187,true],"medium_large":["https:\/\/frcs-research.com\/wp-content\/uploads\/2024\/10\/OIP-3.jpg",474,296,false],"large":["https:\/\/frcs-research.com\/wp-content\/uploads\/2024\/10\/OIP-3.jpg",474,296,false],"1536x1536":["https:\/\/frcs-research.com\/wp-content\/uploads\/2024\/10\/OIP-3.jpg",474,296,false],"2048x2048":["https:\/\/frcs-research.com\/wp-content\/uploads\/2024\/10\/OIP-3.jpg",474,296,false],"trp-custom-language-flag":["https:\/\/frcs-research.com\/wp-content\/uploads\/2024\/10\/OIP-3.jpg",18,12,false],"post-thumbnail":["https:\/\/frcs-research.com\/wp-content\/uploads\/2024\/10\/OIP-3.jpg",474,296,false],"elite-commerce-slider":["https:\/\/frcs-research.com\/wp-content\/uploads\/2024\/10\/OIP-3.jpg",474,296,false],"elite-commerce-hero":["https:\/\/frcs-research.com\/wp-content\/uploads\/2024\/10\/OIP-3.jpg",474,296,false],"elite-commerce-portfolio":["https:\/\/frcs-research.com\/wp-content\/uploads\/2024\/10\/OIP-3.jpg",400,250,false],"woocommerce_thumbnail":["https:\/\/frcs-research.com\/wp-content\/uploads\/2024\/10\/OIP-3-300x296.jpg",300,296,true],"woocommerce_single":["https:\/\/frcs-research.com\/wp-content\/uploads\/2024\/10\/OIP-3.jpg",474,296,false],"woocommerce_gallery_thumbnail":["https:\/\/frcs-research.com\/wp-content\/uploads\/2024\/10\/OIP-3-100x100.jpg",100,100,true]},"uagb_author_info":{"display_name":"Richard Wood","author_link":"https:\/\/frcs-research.com\/cs\/author\/"},"uagb_comment_info":778,"uagb_excerpt":"Buy High-Purity LSD Online | FRCS Research If you\u2019re looking to buy LSD online, Lysergic Acid Diethylamide (LSD) is a powerful psychedelic research chemical known for its profound effects on&hellip;&euro;210.00P\u0159idat do ko\u0161\u00edku","_links":{"self":[{"href":"https:\/\/frcs-research.com\/cs\/wp-json\/wp\/v2\/product\/746","targetHints":{"allow":["GET"]}}],"collection":[{"href":"https:\/\/frcs-research.com\/cs\/wp-json\/wp\/v2\/product"}],"about":[{"href":"https:\/\/frcs-research.com\/cs\/wp-json\/wp\/v2\/types\/product"}],"replies":[{"embeddable":true,"href":"https:\/\/frcs-research.com\/cs\/wp-json\/wp\/v2\/comments?post=746"}],"wp:featuredmedia":[{"embeddable":true,"href":"https:\/\/frcs-research.com\/cs\/wp-json\/wp\/v2\/media\/747"}],"wp:attachment":[{"href":"https:\/\/frcs-research.com\/cs\/wp-json\/wp\/v2\/media?parent=746"}],"wp:term":[{"taxonomy":"product_brand","embeddable":true,"href":"https:\/\/frcs-research.com\/cs\/wp-json\/wp\/v2\/product_brand?post=746"},{"taxonomy":"product_cat","embeddable":true,"href":"https:\/\/frcs-research.com\/cs\/wp-json\/wp\/v2\/product_cat?post=746"},{"taxonomy":"product_tag","embeddable":true,"href":"https:\/\/frcs-research.com\/cs\/wp-json\/wp\/v2\/product_tag?post=746"}],"curies":[{"name":"wp","href":"https:\/\/api.w.org\/{rel}","templated":true}]}}