{"id":749,"date":"2024-10-12T22:33:45","date_gmt":"2024-10-12T22:33:45","guid":{"rendered":"https:\/\/frcs-research.com\/?post_type=product&#038;p=749"},"modified":"2026-04-23T23:02:51","modified_gmt":"2026-04-23T23:02:51","slug":"koupit-psilocybin","status":"publish","type":"product","link":"https:\/\/frcs-research.com\/cs\/product\/koupit-psilocybin\/","title":{"rendered":"Psilocybin 1 kg"},"content":{"rendered":"<h4>Koupit Psilocybin houby pr\u00e1\u0161ek online | V\u00fdzkum FRCS<\/h4>\n<h4><\/h4>\n<p>Pokud chcete <strong>koupit psilocybin<\/strong> pro v\u00fdzkumn\u00e9 \u00fa\u010dely nehledejte nic jin\u00e9ho ne\u017e <strong>psilocybinov\u00e9 houby<\/strong>. Tato p\u0159irozen\u011b se vyskytuj\u00edc\u00ed psychedelick\u00e1 slou\u010denina, kter\u00e1 se nach\u00e1z\u00ed v r\u016fzn\u00fdch druz\u00edch hub, je zn\u00e1m\u00e1 sv\u00fdmi pozoruhodn\u00fdmi \u00fa\u010dinky na n\u00e1ladu, vn\u00edm\u00e1n\u00ed a v\u011bdom\u00ed.<\/p>\n<p>V\u00fdzkum uk\u00e1zal, \u017ee psilocybin m\u016f\u017ee b\u00fdt \u00fa\u010dinn\u00fd p\u0159i l\u00e9\u010db\u011b \u00fazkosti, deprese a PTSD. Slou\u010denina p\u016fsob\u00ed interakc\u00ed se serotoninov\u00fdmi receptory, co\u017e vede ke zm\u011bn\u00e1m my\u0161lenkov\u00fdch vzorc\u016f a emo\u010dn\u00edch stav\u016f. Jak v\u011bdeck\u00e1 komunita st\u00e1le v\u00edce uzn\u00e1v\u00e1 jej\u00ed terapeutick\u00fd potenci\u00e1l, popt\u00e1vka po vysoce kvalitn\u00edch produktech psilocybinu prudce vzrostla.<\/p>\n<p>Na <strong>V\u00fdzkum FRCS<\/strong>, poskytujeme vysoce kvalitn\u00ed pr\u00e1\u0161ek z hub psilocybin ur\u010den\u00fd pro v\u011bdeck\u00fd v\u00fdzkum a studium. N\u00e1\u0161 z\u00e1vazek k \u010distot\u011b zaji\u0161\u0165uje, \u017ee obdr\u017e\u00edte produkt, kter\u00fd spl\u0148uje va\u0161e v\u00fdzkumn\u00e9 pot\u0159eby.<\/p>\n<h4><\/h4>\n<p>&#8220;.&#8221;<\/p>","protected":false},"excerpt":{"rendered":"<p>Buy Psilocybin Mushrooms Powder Online | FRCS Research If you want to buy psilocybin for research purposes, look no further than psilocybin mushrooms. This naturally occurring psychedelic compound, found in&hellip;<\/p>\n<p class=\"product woocommerce add_to_cart_inline\" style=\"border:4px solid #ccc; padding: 12px;\"><del aria-hidden=\"true\"><span class=\"woocommerce-Price-amount amount\"><bdi><span class=\"woocommerce-Price-currencySymbol\">&euro;<\/span>4,000.00<\/bdi><\/span><\/del> <span class=\"screen-reader-text\" data-no-translation=\"\" data-trp-gettext=\"\">P\u016fvodn\u00ed cena byla: &euro;4,000.00.<\/span><ins aria-hidden=\"true\"><span class=\"woocommerce-Price-amount amount\"><bdi><span class=\"woocommerce-Price-currencySymbol\">&euro;<\/span>3,800.00<\/bdi><\/span><\/ins><span class=\"screen-reader-text\" data-no-translation=\"\" data-trp-gettext=\"\">Aktu\u00e1ln\u00ed cena je: &euro;3,800.00.<\/span><a href=\"\/cs\/wp-json\/wp\/v2\/product\/749?add-to-cart=749\" aria-describedby=\"woocommerce_loop_add_to_cart_link_describedby_749\" data-quantity=\"1\" class=\"button product_type_simple add_to_cart_button ajax_add_to_cart\" data-product_id=\"749\" data-product_sku=\"\" aria-label=\"P\u0159idat do ko\u0161\u00edku: \u201cPsilocybin 1kg\u201d\" rel=\"nofollow\" data-success_message=\"\u201ePsilocybin 1kg\u201c byl p\u0159id\u00e1n do va\u0161eho ko\u0161\u00edku\" data-no-translation=\"\" data-trp-gettext=\"\" data-no-translation-aria-label=\"\" data-no-translation-data-success_message=\"\">P\u0159idat do ko\u0161\u00edku<\/a>\t<span id=\"woocommerce_loop_add_to_cart_link_describedby_749\" class=\"screen-reader-text\"><br \/>\n\t\t\t<\/span><\/p>","protected":false},"featured_media":750,"comment_status":"open","ping_status":"closed","template":"","meta":{"_uag_custom_page_level_css":""},"product_brand":[],"product_cat":[29],"product_tag":[85,88,86,82,81,84,90,83,87,89],"class_list":{"0":"post-749","1":"product","2":"type-product","3":"status-publish","4":"has-post-thumbnail","6":"product_cat-psychedelics","7":"product_tag-dream-shrooms","8":"product_tag-enlightenment-shrooms","9":"product_tag-mindful-mushrooms","10":"product_tag-mushroom-magic","11":"product_tag-psilocybin-bliss","12":"product_tag-psilocybin-essence","13":"product_tag-psilocybin-journey","14":"product_tag-psychedelic-shrooms","15":"product_tag-psychoactive-fungi","16":"product_tag-visionary-mushrooms","18":"first","19":"instock","20":"sale","21":"shipping-taxable","22":"purchasable","23":"product-type-simple"},"yoast_head":"<!-- This site is optimized with the Yoast SEO plugin v27.1.1 - https:\/\/yoast.com\/product\/yoast-seo-wordpress\/ -->\n<title>Buy Psilocybin Mushrooms Powder Online | FRCS Research<\/title>\n<meta name=\"description\" content=\"Order psilocybin mushrooms powder online at FRCS Research. Discover its therapeutic potential for anxiety and depression.\" \/>\n<meta name=\"robots\" content=\"index, follow, max-snippet:-1, max-image-preview:large, max-video-preview:-1\" \/>\n<link rel=\"canonical\" href=\"https:\/\/frcs-research.com\/cs\/product\/koupit-psilocybin\/\" \/>\n<meta property=\"og:locale\" content=\"cs_CZ\" \/>\n<meta property=\"og:type\" content=\"article\" \/>\n<meta property=\"og:title\" content=\"Buy Psilocybin Mushrooms Powder Online | FRCS Research\" \/>\n<meta property=\"og:description\" content=\"Order psilocybin mushrooms powder online at FRCS Research. Discover its therapeutic potential for anxiety and depression.\" \/>\n<meta property=\"og:url\" content=\"https:\/\/frcs-research.com\/cs\/product\/koupit-psilocybin\/\" \/>\n<meta property=\"og:site_name\" content=\"wholesale supplier of research chemicals, 4mmc, 3mmc, MDPHP, Alpha PVP and more\" \/>\n<meta property=\"article:modified_time\" content=\"2026-04-23T23:02:51+00:00\" \/>\n<meta property=\"og:image\" content=\"https:\/\/frcs-research.com\/wp-content\/uploads\/2024\/10\/OIP-4.jpg\" \/>\n\t<meta property=\"og:image:width\" content=\"474\" \/>\n\t<meta property=\"og:image:height\" content=\"548\" \/>\n\t<meta property=\"og:image:type\" content=\"image\/jpeg\" \/>\n<meta name=\"twitter:card\" content=\"summary_large_image\" \/>\n<meta name=\"twitter:label1\" content=\"Cena\" \/>\n\t<meta name=\"twitter:data1\" content=\"&euro;3,800.00\" \/>\n\t<meta name=\"twitter:label2\" content=\"Dostupnost\" \/>\n\t<meta name=\"twitter:data2\" content=\"Skladem\" \/>\n<script type=\"application\/ld+json\" class=\"yoast-schema-graph\">{\"@context\":\"https:\/\/schema.org\",\"@graph\":[{\"@type\":[\"WebPage\",\"ItemPage\"],\"@id\":\"https:\/\/frcs-research.com\/product\/buy-psilocybin\/\",\"url\":\"https:\/\/frcs-research.com\/product\/buy-psilocybin\/\",\"name\":\"Buy Psilocybin Mushrooms Powder Online | FRCS Research\",\"isPartOf\":{\"@id\":\"https:\/\/frcs-research.com\/#website\"},\"primaryImageOfPage\":{\"@id\":\"https:\/\/frcs-research.com\/product\/buy-psilocybin\/#primaryimage\"},\"image\":{\"@id\":\"https:\/\/frcs-research.com\/product\/buy-psilocybin\/#primaryimage\"},\"thumbnailUrl\":\"https:\/\/frcs-research.com\/wp-content\/uploads\/2024\/10\/OIP-4.jpg\",\"datePublished\":\"2024-10-12T22:33:45+00:00\",\"dateModified\":\"2026-04-23T23:02:51+00:00\",\"description\":\"Order psilocybin mushrooms powder online at FRCS Research. Discover its therapeutic potential for anxiety and depression.\",\"breadcrumb\":{\"@id\":\"https:\/\/frcs-research.com\/product\/buy-psilocybin\/#breadcrumb\"},\"inLanguage\":\"cs\",\"potentialAction\":[{\"@type\":\"ReadAction\",\"target\":[\"https:\/\/frcs-research.com\/product\/buy-psilocybin\/\"]}]},{\"@type\":\"ImageObject\",\"inLanguage\":\"cs\",\"@id\":\"https:\/\/frcs-research.com\/product\/buy-psilocybin\/#primaryimage\",\"url\":\"https:\/\/frcs-research.com\/wp-content\/uploads\/2024\/10\/OIP-4.jpg\",\"contentUrl\":\"https:\/\/frcs-research.com\/wp-content\/uploads\/2024\/10\/OIP-4.jpg\",\"width\":474,\"height\":548,\"caption\":\"Buy Psilocybin\"},{\"@type\":\"BreadcrumbList\",\"@id\":\"https:\/\/frcs-research.com\/product\/buy-psilocybin\/#breadcrumb\",\"itemListElement\":[{\"@type\":\"ListItem\",\"position\":1,\"name\":\"Home\",\"item\":\"https:\/\/frcs-research.com\/\"},{\"@type\":\"ListItem\",\"position\":2,\"name\":\"Shop\",\"item\":\"https:\/\/frcs-research.com\/shop\/\"},{\"@type\":\"ListItem\",\"position\":3,\"name\":\"Psilocybin 1kg\"}]},{\"@type\":\"WebSite\",\"@id\":\"https:\/\/frcs-research.com\/#website\",\"url\":\"https:\/\/frcs-research.com\/\",\"name\":\"wholesale supplier of research chemicals, 4mmc, 3mmc, MDPHP, Alpha PVP and more\",\"description\":\"Wholesale research chemicals\",\"potentialAction\":[{\"@type\":\"SearchAction\",\"target\":{\"@type\":\"EntryPoint\",\"urlTemplate\":\"https:\/\/frcs-research.com\/?s={search_term_string}\"},\"query-input\":{\"@type\":\"PropertyValueSpecification\",\"valueRequired\":true,\"valueName\":\"search_term_string\"}}],\"inLanguage\":\"cs\"}]}<\/script>\n<meta property=\"product:price:amount\" content=\"3800.00\" \/>\n<meta property=\"product:price:currency\" content=\"EUR\" \/>\n<meta property=\"og:availability\" content=\"instock\" \/>\n<meta property=\"product:availability\" content=\"instock\" \/>\n<meta property=\"product:condition\" content=\"new\" \/>\n<!-- \/ Yoast SEO plugin. -->","yoast_head_json":{"title":"Koupit Psilocybin houby pr\u00e1\u0161ek online | V\u00fdzkum FRCS","description":"Objednejte si pr\u00e1\u0161ek z psilocybinov\u00fdch hub online na FRCS Research. Objevte jeho terapeutick\u00fd potenci\u00e1l p\u0159i \u00fazkosti a depresi.","robots":{"index":"index","follow":"follow","max-snippet":"max-snippet:-1","max-image-preview":"max-image-preview:large","max-video-preview":"max-video-preview:-1"},"canonical":"https:\/\/frcs-research.com\/cs\/product\/koupit-psilocybin\/","og_locale":"cs_CZ","og_type":"article","og_title":"Buy Psilocybin Mushrooms Powder Online | FRCS Research","og_description":"Order psilocybin mushrooms powder online at FRCS Research. Discover its therapeutic potential for anxiety and depression.","og_url":"https:\/\/frcs-research.com\/cs\/product\/koupit-psilocybin\/","og_site_name":"wholesale supplier of research chemicals, 4mmc, 3mmc, MDPHP, Alpha PVP and more","article_modified_time":"2026-04-23T23:02:51+00:00","og_image":[{"width":474,"height":548,"url":"https:\/\/frcs-research.com\/wp-content\/uploads\/2024\/10\/OIP-4.jpg","type":"image\/jpeg"}],"twitter_card":"summary_large_image","twitter_misc":{"Cena":"&euro;3,800.00","Dostupnost":"Skladem"},"schema":{"@context":"https:\/\/schema.org","@graph":[{"@type":["WebPage","ItemPage"],"@id":"https:\/\/frcs-research.com\/product\/buy-psilocybin\/","url":"https:\/\/frcs-research.com\/product\/buy-psilocybin\/","name":"Koupit Psilocybin houby pr\u00e1\u0161ek online | V\u00fdzkum FRCS","isPartOf":{"@id":"https:\/\/frcs-research.com\/#website"},"primaryImageOfPage":{"@id":"https:\/\/frcs-research.com\/product\/buy-psilocybin\/#primaryimage"},"image":{"@id":"https:\/\/frcs-research.com\/product\/buy-psilocybin\/#primaryimage"},"thumbnailUrl":"https:\/\/frcs-research.com\/wp-content\/uploads\/2024\/10\/OIP-4.jpg","datePublished":"2024-10-12T22:33:45+00:00","dateModified":"2026-04-23T23:02:51+00:00","description":"Objednejte si pr\u00e1\u0161ek z psilocybinov\u00fdch hub online na FRCS Research. Objevte jeho terapeutick\u00fd potenci\u00e1l p\u0159i \u00fazkosti a depresi.","breadcrumb":{"@id":"https:\/\/frcs-research.com\/product\/buy-psilocybin\/#breadcrumb"},"inLanguage":"cs","potentialAction":[{"@type":"ReadAction","target":["https:\/\/frcs-research.com\/product\/buy-psilocybin\/"]}]},{"@type":"ImageObject","inLanguage":"cs","@id":"https:\/\/frcs-research.com\/product\/buy-psilocybin\/#primaryimage","url":"https:\/\/frcs-research.com\/wp-content\/uploads\/2024\/10\/OIP-4.jpg","contentUrl":"https:\/\/frcs-research.com\/wp-content\/uploads\/2024\/10\/OIP-4.jpg","width":474,"height":548,"caption":"Buy Psilocybin"},{"@type":"BreadcrumbList","@id":"https:\/\/frcs-research.com\/product\/buy-psilocybin\/#breadcrumb","itemListElement":[{"@type":"ListItem","position":1,"name":"Home","item":"https:\/\/frcs-research.com\/"},{"@type":"ListItem","position":2,"name":"Shop","item":"https:\/\/frcs-research.com\/shop\/"},{"@type":"ListItem","position":3,"name":"Psilocybin 1kg"}]},{"@type":"WebSite","@id":"https:\/\/frcs-research.com\/#website","url":"https:\/\/frcs-research.com\/","name":"velkoobchodn\u00ed dodavatel v\u00fdzkumn\u00fdch chemik\u00e1li\u00ed, 4mmc, 3mmc, MDPHP, Alpha PVP a dal\u0161\u00ed","description":"Velkoobchodn\u00ed v\u00fdzkum chemik\u00e1li\u00ed","potentialAction":[{"@type":"SearchAction","target":{"@type":"EntryPoint","urlTemplate":"https:\/\/frcs-research.com\/?s={search_term_string}"},"query-input":{"@type":"PropertyValueSpecification","valueRequired":true,"valueName":"search_term_string"}}],"inLanguage":"cs"}]},"product_price_amount":"3800.00","product_price_currency":"EUR","og_availability":"instock","product_availability":"instock","product_condition":"new"},"uagb_featured_image_src":{"full":["https:\/\/frcs-research.com\/wp-content\/uploads\/2024\/10\/OIP-4.jpg",474,548,false],"thumbnail":["https:\/\/frcs-research.com\/wp-content\/uploads\/2024\/10\/OIP-4-150x150.jpg",150,150,true],"medium":["https:\/\/frcs-research.com\/wp-content\/uploads\/2024\/10\/OIP-4-259x300.jpg",259,300,true],"medium_large":["https:\/\/frcs-research.com\/wp-content\/uploads\/2024\/10\/OIP-4.jpg",474,548,false],"large":["https:\/\/frcs-research.com\/wp-content\/uploads\/2024\/10\/OIP-4.jpg",474,548,false],"1536x1536":["https:\/\/frcs-research.com\/wp-content\/uploads\/2024\/10\/OIP-4.jpg",474,548,false],"2048x2048":["https:\/\/frcs-research.com\/wp-content\/uploads\/2024\/10\/OIP-4.jpg",474,548,false],"trp-custom-language-flag":["https:\/\/frcs-research.com\/wp-content\/uploads\/2024\/10\/OIP-4.jpg",10,12,false],"post-thumbnail":["https:\/\/frcs-research.com\/wp-content\/uploads\/2024\/10\/OIP-4.jpg",474,548,false],"elite-commerce-slider":["https:\/\/frcs-research.com\/wp-content\/uploads\/2024\/10\/OIP-4.jpg",474,548,false],"elite-commerce-hero":["https:\/\/frcs-research.com\/wp-content\/uploads\/2024\/10\/OIP-4.jpg",474,548,false],"elite-commerce-portfolio":["https:\/\/frcs-research.com\/wp-content\/uploads\/2024\/10\/OIP-4.jpg",389,450,false],"woocommerce_thumbnail":["https:\/\/frcs-research.com\/wp-content\/uploads\/2024\/10\/OIP-4-300x300.jpg",300,300,true],"woocommerce_single":["https:\/\/frcs-research.com\/wp-content\/uploads\/2024\/10\/OIP-4.jpg",474,548,false],"woocommerce_gallery_thumbnail":["https:\/\/frcs-research.com\/wp-content\/uploads\/2024\/10\/OIP-4-100x100.jpg",100,100,true]},"uagb_author_info":{"display_name":"Richard Wood","author_link":"https:\/\/frcs-research.com\/cs\/author\/"},"uagb_comment_info":775,"uagb_excerpt":"Buy Psilocybin Mushrooms Powder Online | FRCS Research If you want to buy psilocybin for research purposes, look no further than psilocybin mushrooms. This naturally occurring psychedelic compound, found in&hellip;&euro;4,000.00 P\u016fvodn\u00ed cena byla: &euro;4,000.00.&euro;3,800.00Aktu\u00e1ln\u00ed cena je: &euro;3,800.00.P\u0159idat do ko\u0161\u00edku","_links":{"self":[{"href":"https:\/\/frcs-research.com\/cs\/wp-json\/wp\/v2\/product\/749","targetHints":{"allow":["GET"]}}],"collection":[{"href":"https:\/\/frcs-research.com\/cs\/wp-json\/wp\/v2\/product"}],"about":[{"href":"https:\/\/frcs-research.com\/cs\/wp-json\/wp\/v2\/types\/product"}],"replies":[{"embeddable":true,"href":"https:\/\/frcs-research.com\/cs\/wp-json\/wp\/v2\/comments?post=749"}],"wp:featuredmedia":[{"embeddable":true,"href":"https:\/\/frcs-research.com\/cs\/wp-json\/wp\/v2\/media\/750"}],"wp:attachment":[{"href":"https:\/\/frcs-research.com\/cs\/wp-json\/wp\/v2\/media?parent=749"}],"wp:term":[{"taxonomy":"product_brand","embeddable":true,"href":"https:\/\/frcs-research.com\/cs\/wp-json\/wp\/v2\/product_brand?post=749"},{"taxonomy":"product_cat","embeddable":true,"href":"https:\/\/frcs-research.com\/cs\/wp-json\/wp\/v2\/product_cat?post=749"},{"taxonomy":"product_tag","embeddable":true,"href":"https:\/\/frcs-research.com\/cs\/wp-json\/wp\/v2\/product_tag?post=749"}],"curies":[{"name":"wp","href":"https:\/\/api.w.org\/{rel}","templated":true}]}}