{"id":751,"date":"2024-10-12T22:37:14","date_gmt":"2024-10-12T22:37:14","guid":{"rendered":"https:\/\/frcs-research.com\/?post_type=product&#038;p=751"},"modified":"2026-04-23T10:32:23","modified_gmt":"2026-04-23T10:32:23","slug":"koupit-dmt-online","status":"publish","type":"product","link":"https:\/\/frcs-research.com\/cs\/product\/koupit-dmt-online\/","title":{"rendered":"N,N-dimethyltryptamin (DMT) 1 kg"},"content":{"rendered":"<h4>Koupit DMT pr\u00e1\u0161ek pro v\u00fdzkum | V\u00fdzkum FRCS<\/h4>\n<h4><\/h4>\n<p>Pro ty, kte\u0159\u00ed cht\u011bj\u00ed <strong>koupit DMT online<\/strong>, <strong>N,N-dimethyltryptamin<\/strong> (DMT) je siln\u00e1 psychedelick\u00e1 slou\u010denina zn\u00e1m\u00e1 pro sv\u00e9 intenzivn\u00ed a kr\u00e1tkodob\u00e9 \u00fa\u010dinky. DMT nalezen\u00fd v r\u016fzn\u00fdch rostlin\u00e1ch je zn\u00e1m\u00fd t\u00edm, \u017ee vyvol\u00e1v\u00e1 hlubok\u00e9 zm\u011bny ve v\u011bdom\u00ed a vn\u00edm\u00e1n\u00ed.<\/p>\n<p>DMT p\u016fsob\u00ed na serotoninov\u00e9 receptory, co\u017e vede k z\u00e1\u017eitk\u016fm charakterizovan\u00fdm \u017eiv\u00fdmi vizu\u00e1ln\u00edmi a sluchov\u00fdmi halucinacemi. Jeho jedine\u010dn\u00e9 vlastnosti podn\u00edtily z\u00e1jem o zkoum\u00e1n\u00ed jeho potenci\u00e1ln\u00edch terapeutick\u00fdch p\u0159\u00ednos\u016f, zejm\u00e9na p\u0159i l\u00e9\u010db\u011b \u00fazkosti a deprese. Jak se v\u00fdzkum DMT roz\u0161i\u0159uje, popt\u00e1vka po vysoce \u010dist\u00e9m DMT pro v\u011bdeck\u00e9 studium st\u00e1le roste.<\/p>\n<p>Na <strong>V\u00fdzkum FRCS<\/strong>, nab\u00edz\u00edme vysoce kvalitn\u00ed pr\u00e1\u0161ek DMT, speci\u00e1ln\u011b vyvinut\u00fd pro v\u00fdzkumn\u00e9 \u00fa\u010dely. Na\u0161e DMT poch\u00e1z\u00ed od renomovan\u00fdch dodavatel\u016f, co\u017e zaji\u0161\u0165uje, \u017ee obdr\u017e\u00edte produkt, kter\u00fd spl\u0148uje nejvy\u0161\u0161\u00ed standardy \u010distoty a kvality.<\/p>\n<h4>Kl\u00ed\u010dov\u00e1 slova: koupit DMT online, koupit DMT pr\u00e1\u0161ek, vysoce kvalitn\u00ed DMT pro v\u00fdzkum, chemik\u00e1lie pro v\u00fdzkum DMT.<\/h4>\n<p>&nbsp;<\/p>\n<p>&nbsp;<\/p>","protected":false},"excerpt":{"rendered":"<p>Buy DMT Powder for Research | FRCS Research For those seeking to buy DMT online, N,N-Dimethyltryptamine (DMT) is a powerful psychedelic compound renowned for its intense and short-lived effects. Found&hellip;<\/p>\n<p class=\"product woocommerce add_to_cart_inline\" style=\"border:4px solid #ccc; padding: 12px;\"><del aria-hidden=\"true\"><span class=\"woocommerce-Price-amount amount\"><bdi><span class=\"woocommerce-Price-currencySymbol\">&euro;<\/span>6,000.00<\/bdi><\/span><\/del> <span class=\"screen-reader-text\" data-no-translation=\"\" data-trp-gettext=\"\">P\u016fvodn\u00ed cena byla: &euro;6,000.00.<\/span><ins aria-hidden=\"true\"><span class=\"woocommerce-Price-amount amount\"><bdi><span class=\"woocommerce-Price-currencySymbol\">&euro;<\/span>5,700.00<\/bdi><\/span><\/ins><span class=\"screen-reader-text\" data-no-translation=\"\" data-trp-gettext=\"\">Aktu\u00e1ln\u00ed cena je: &euro;5,700.00.<\/span><a href=\"\/cs\/wp-json\/wp\/v2\/product\/751?add-to-cart=751\" aria-describedby=\"woocommerce_loop_add_to_cart_link_describedby_751\" data-quantity=\"1\" class=\"button product_type_simple add_to_cart_button ajax_add_to_cart\" data-product_id=\"751\" data-product_sku=\"\" aria-label=\"P\u0159idat do ko\u0161\u00edku: \u201cN,N-Dimethyltryptamine (DMT) 1kg\u201d\" rel=\"nofollow\" data-success_message=\"\u201eN,N-Dimethyltryptamine (DMT) 1kg\u201c byl p\u0159id\u00e1n do va\u0161eho ko\u0161\u00edku\" data-no-translation=\"\" data-trp-gettext=\"\" data-no-translation-aria-label=\"\" data-no-translation-data-success_message=\"\">P\u0159idat do ko\u0161\u00edku<\/a>\t<span id=\"woocommerce_loop_add_to_cart_link_describedby_751\" class=\"screen-reader-text\"><br \/>\n\t\t\t<\/span><\/p>","protected":false},"featured_media":752,"comment_status":"open","ping_status":"closed","template":"","meta":{"_uag_custom_page_level_css":""},"product_brand":[],"product_cat":[29],"product_tag":[173,175,168,177,171,176,174,169,172,170],"class_list":{"0":"post-751","1":"product","2":"type-product","3":"status-publish","4":"has-post-thumbnail","6":"product_cat-psychedelics","7":"product_tag-best-place-to-buy-dmt","8":"product_tag-buy-dmt-in-the-usa","9":"product_tag-buy-dmt-online","10":"product_tag-buy-dmt-online-legally","11":"product_tag-dmt-for-sale","12":"product_tag-dmt-shipping","13":"product_tag-dmt-vendor","14":"product_tag-order-dmt-crystals","15":"product_tag-purchase-dmt-legally","16":"product_tag-where-to-buy-dmt","18":"first","19":"instock","20":"sale","21":"shipping-taxable","22":"purchasable","23":"product-type-simple"},"yoast_head":"<!-- This site is optimized with the Yoast SEO plugin v27.1.1 - https:\/\/yoast.com\/product\/yoast-seo-wordpress\/ -->\n<title>N,N-Dimethyltryptamine (DMT) 1kg - wholesale supplier of research chemicals, 4mmc, 3mmc, MDPHP, Alpha PVP and more<\/title>\n<meta name=\"description\" content=\"Buy DMT powder for research purposes at FRCS Research. Explore its potential therapeutic benefits with our high-quality product.\" \/>\n<meta name=\"robots\" content=\"index, follow, max-snippet:-1, max-image-preview:large, max-video-preview:-1\" \/>\n<link rel=\"canonical\" href=\"https:\/\/frcs-research.com\/cs\/product\/koupit-dmt-online\/\" \/>\n<meta property=\"og:locale\" content=\"cs_CZ\" \/>\n<meta property=\"og:type\" content=\"article\" \/>\n<meta property=\"og:title\" content=\"N,N-Dimethyltryptamine (DMT) 1kg - wholesale supplier of research chemicals, 4mmc, 3mmc, MDPHP, Alpha PVP and more\" \/>\n<meta property=\"og:description\" content=\"Buy DMT powder for research purposes at FRCS Research. Explore its potential therapeutic benefits with our high-quality product.\" \/>\n<meta property=\"og:url\" content=\"https:\/\/frcs-research.com\/cs\/product\/koupit-dmt-online\/\" \/>\n<meta property=\"og:site_name\" content=\"wholesale supplier of research chemicals, 4mmc, 3mmc, MDPHP, Alpha PVP and more\" \/>\n<meta property=\"article:modified_time\" content=\"2026-04-23T10:32:23+00:00\" \/>\n<meta property=\"og:image\" content=\"https:\/\/frcs-research.com\/wp-content\/uploads\/2024\/10\/zircon-sand-500x500-1.webp\" \/>\n\t<meta property=\"og:image:width\" content=\"500\" \/>\n\t<meta property=\"og:image:height\" content=\"500\" \/>\n\t<meta property=\"og:image:type\" content=\"image\/webp\" \/>\n<meta name=\"twitter:card\" content=\"summary_large_image\" \/>\n<meta name=\"twitter:label1\" content=\"Cena\" \/>\n\t<meta name=\"twitter:data1\" content=\"&euro;5,700.00\" \/>\n\t<meta name=\"twitter:label2\" content=\"Dostupnost\" \/>\n\t<meta name=\"twitter:data2\" content=\"Skladem\" \/>\n<script type=\"application\/ld+json\" class=\"yoast-schema-graph\">{\"@context\":\"https:\/\/schema.org\",\"@graph\":[{\"@type\":[\"WebPage\",\"ItemPage\"],\"@id\":\"https:\/\/frcs-research.com\/product\/buy-dmt-online\/\",\"url\":\"https:\/\/frcs-research.com\/product\/buy-dmt-online\/\",\"name\":\"N,N-Dimethyltryptamine (DMT) 1kg - wholesale supplier of research chemicals, 4mmc, 3mmc, MDPHP, Alpha PVP and more\",\"isPartOf\":{\"@id\":\"https:\/\/frcs-research.com\/#website\"},\"primaryImageOfPage\":{\"@id\":\"https:\/\/frcs-research.com\/product\/buy-dmt-online\/#primaryimage\"},\"image\":{\"@id\":\"https:\/\/frcs-research.com\/product\/buy-dmt-online\/#primaryimage\"},\"thumbnailUrl\":\"https:\/\/frcs-research.com\/wp-content\/uploads\/2024\/10\/zircon-sand-500x500-1.webp\",\"datePublished\":\"2024-10-12T22:37:14+00:00\",\"dateModified\":\"2026-04-23T10:32:23+00:00\",\"description\":\"Buy DMT powder for research purposes at FRCS Research. Explore its potential therapeutic benefits with our high-quality product.\",\"breadcrumb\":{\"@id\":\"https:\/\/frcs-research.com\/product\/buy-dmt-online\/#breadcrumb\"},\"inLanguage\":\"cs\",\"potentialAction\":[{\"@type\":\"ReadAction\",\"target\":[\"https:\/\/frcs-research.com\/product\/buy-dmt-online\/\"]}]},{\"@type\":\"ImageObject\",\"inLanguage\":\"cs\",\"@id\":\"https:\/\/frcs-research.com\/product\/buy-dmt-online\/#primaryimage\",\"url\":\"https:\/\/frcs-research.com\/wp-content\/uploads\/2024\/10\/zircon-sand-500x500-1.webp\",\"contentUrl\":\"https:\/\/frcs-research.com\/wp-content\/uploads\/2024\/10\/zircon-sand-500x500-1.webp\",\"width\":500,\"height\":500,\"caption\":\"buy DMT online\"},{\"@type\":\"BreadcrumbList\",\"@id\":\"https:\/\/frcs-research.com\/product\/buy-dmt-online\/#breadcrumb\",\"itemListElement\":[{\"@type\":\"ListItem\",\"position\":1,\"name\":\"Home\",\"item\":\"https:\/\/frcs-research.com\/\"},{\"@type\":\"ListItem\",\"position\":2,\"name\":\"Shop\",\"item\":\"https:\/\/frcs-research.com\/shop\/\"},{\"@type\":\"ListItem\",\"position\":3,\"name\":\"N,N-Dimethyltryptamine (DMT) 1kg\"}]},{\"@type\":\"WebSite\",\"@id\":\"https:\/\/frcs-research.com\/#website\",\"url\":\"https:\/\/frcs-research.com\/\",\"name\":\"wholesale supplier of research chemicals, 4mmc, 3mmc, MDPHP, Alpha PVP and more\",\"description\":\"Wholesale research chemicals\",\"potentialAction\":[{\"@type\":\"SearchAction\",\"target\":{\"@type\":\"EntryPoint\",\"urlTemplate\":\"https:\/\/frcs-research.com\/?s={search_term_string}\"},\"query-input\":{\"@type\":\"PropertyValueSpecification\",\"valueRequired\":true,\"valueName\":\"search_term_string\"}}],\"inLanguage\":\"cs\"}]}<\/script>\n<meta property=\"product:price:amount\" content=\"5700.00\" \/>\n<meta property=\"product:price:currency\" content=\"EUR\" \/>\n<meta property=\"og:availability\" content=\"instock\" \/>\n<meta property=\"product:availability\" content=\"instock\" \/>\n<meta property=\"product:condition\" content=\"new\" \/>\n<!-- \/ Yoast SEO plugin. -->","yoast_head_json":{"title":"N,N-Dimethyltryptamine (DMT) 1kg - wholesale supplier of research chemicals, 4mmc, 3mmc, MDPHP, Alpha PVP and more","description":"Koupit DMT pr\u00e1\u0161ek pro v\u00fdzkumn\u00e9 \u00fa\u010dely ve FRCS Research. Prozkoumejte jeho potenci\u00e1ln\u00ed terapeutick\u00e9 v\u00fdhody s na\u0161\u00edm vysoce kvalitn\u00edm produktem.","robots":{"index":"index","follow":"follow","max-snippet":"max-snippet:-1","max-image-preview":"max-image-preview:large","max-video-preview":"max-video-preview:-1"},"canonical":"https:\/\/frcs-research.com\/cs\/product\/koupit-dmt-online\/","og_locale":"cs_CZ","og_type":"article","og_title":"N,N-Dimethyltryptamine (DMT) 1kg - wholesale supplier of research chemicals, 4mmc, 3mmc, MDPHP, Alpha PVP and more","og_description":"Buy DMT powder for research purposes at FRCS Research. Explore its potential therapeutic benefits with our high-quality product.","og_url":"https:\/\/frcs-research.com\/cs\/product\/koupit-dmt-online\/","og_site_name":"wholesale supplier of research chemicals, 4mmc, 3mmc, MDPHP, Alpha PVP and more","article_modified_time":"2026-04-23T10:32:23+00:00","og_image":[{"width":500,"height":500,"url":"https:\/\/frcs-research.com\/wp-content\/uploads\/2024\/10\/zircon-sand-500x500-1.webp","type":"image\/webp"}],"twitter_card":"summary_large_image","twitter_misc":{"Cena":"&euro;5,700.00","Dostupnost":"Skladem"},"schema":{"@context":"https:\/\/schema.org","@graph":[{"@type":["WebPage","ItemPage"],"@id":"https:\/\/frcs-research.com\/product\/buy-dmt-online\/","url":"https:\/\/frcs-research.com\/product\/buy-dmt-online\/","name":"N,N-Dimethyltryptamine (DMT) 1kg - wholesale supplier of research chemicals, 4mmc, 3mmc, MDPHP, Alpha PVP and more","isPartOf":{"@id":"https:\/\/frcs-research.com\/#website"},"primaryImageOfPage":{"@id":"https:\/\/frcs-research.com\/product\/buy-dmt-online\/#primaryimage"},"image":{"@id":"https:\/\/frcs-research.com\/product\/buy-dmt-online\/#primaryimage"},"thumbnailUrl":"https:\/\/frcs-research.com\/wp-content\/uploads\/2024\/10\/zircon-sand-500x500-1.webp","datePublished":"2024-10-12T22:37:14+00:00","dateModified":"2026-04-23T10:32:23+00:00","description":"Koupit DMT pr\u00e1\u0161ek pro v\u00fdzkumn\u00e9 \u00fa\u010dely ve FRCS Research. Prozkoumejte jeho potenci\u00e1ln\u00ed terapeutick\u00e9 v\u00fdhody s na\u0161\u00edm vysoce kvalitn\u00edm produktem.","breadcrumb":{"@id":"https:\/\/frcs-research.com\/product\/buy-dmt-online\/#breadcrumb"},"inLanguage":"cs","potentialAction":[{"@type":"ReadAction","target":["https:\/\/frcs-research.com\/product\/buy-dmt-online\/"]}]},{"@type":"ImageObject","inLanguage":"cs","@id":"https:\/\/frcs-research.com\/product\/buy-dmt-online\/#primaryimage","url":"https:\/\/frcs-research.com\/wp-content\/uploads\/2024\/10\/zircon-sand-500x500-1.webp","contentUrl":"https:\/\/frcs-research.com\/wp-content\/uploads\/2024\/10\/zircon-sand-500x500-1.webp","width":500,"height":500,"caption":"buy DMT online"},{"@type":"BreadcrumbList","@id":"https:\/\/frcs-research.com\/product\/buy-dmt-online\/#breadcrumb","itemListElement":[{"@type":"ListItem","position":1,"name":"Home","item":"https:\/\/frcs-research.com\/"},{"@type":"ListItem","position":2,"name":"Shop","item":"https:\/\/frcs-research.com\/shop\/"},{"@type":"ListItem","position":3,"name":"N,N-Dimethyltryptamine (DMT) 1kg"}]},{"@type":"WebSite","@id":"https:\/\/frcs-research.com\/#website","url":"https:\/\/frcs-research.com\/","name":"velkoobchodn\u00ed dodavatel v\u00fdzkumn\u00fdch chemik\u00e1li\u00ed, 4mmc, 3mmc, MDPHP, Alpha PVP a dal\u0161\u00ed","description":"Velkoobchodn\u00ed v\u00fdzkum chemik\u00e1li\u00ed","potentialAction":[{"@type":"SearchAction","target":{"@type":"EntryPoint","urlTemplate":"https:\/\/frcs-research.com\/?s={search_term_string}"},"query-input":{"@type":"PropertyValueSpecification","valueRequired":true,"valueName":"search_term_string"}}],"inLanguage":"cs"}]},"product_price_amount":"5700.00","product_price_currency":"EUR","og_availability":"instock","product_availability":"instock","product_condition":"new"},"uagb_featured_image_src":{"full":["https:\/\/frcs-research.com\/wp-content\/uploads\/2024\/10\/zircon-sand-500x500-1.webp",500,500,false],"thumbnail":["https:\/\/frcs-research.com\/wp-content\/uploads\/2024\/10\/zircon-sand-500x500-1-150x150.webp",150,150,true],"medium":["https:\/\/frcs-research.com\/wp-content\/uploads\/2024\/10\/zircon-sand-500x500-1-300x300.webp",300,300,true],"medium_large":["https:\/\/frcs-research.com\/wp-content\/uploads\/2024\/10\/zircon-sand-500x500-1.webp",500,500,false],"large":["https:\/\/frcs-research.com\/wp-content\/uploads\/2024\/10\/zircon-sand-500x500-1.webp",500,500,false],"1536x1536":["https:\/\/frcs-research.com\/wp-content\/uploads\/2024\/10\/zircon-sand-500x500-1.webp",500,500,false],"2048x2048":["https:\/\/frcs-research.com\/wp-content\/uploads\/2024\/10\/zircon-sand-500x500-1.webp",500,500,false],"trp-custom-language-flag":["https:\/\/frcs-research.com\/wp-content\/uploads\/2024\/10\/zircon-sand-500x500-1.webp",12,12,false],"post-thumbnail":["https:\/\/frcs-research.com\/wp-content\/uploads\/2024\/10\/zircon-sand-500x500-1.webp",500,500,false],"elite-commerce-slider":["https:\/\/frcs-research.com\/wp-content\/uploads\/2024\/10\/zircon-sand-500x500-1.webp",500,500,false],"elite-commerce-hero":["https:\/\/frcs-research.com\/wp-content\/uploads\/2024\/10\/zircon-sand-500x500-1.webp",500,500,false],"elite-commerce-portfolio":["https:\/\/frcs-research.com\/wp-content\/uploads\/2024\/10\/zircon-sand-500x500-1.webp",400,400,false],"woocommerce_thumbnail":["https:\/\/frcs-research.com\/wp-content\/uploads\/2024\/10\/zircon-sand-500x500-1-300x300.webp",300,300,true],"woocommerce_single":["https:\/\/frcs-research.com\/wp-content\/uploads\/2024\/10\/zircon-sand-500x500-1.webp",500,500,false],"woocommerce_gallery_thumbnail":["https:\/\/frcs-research.com\/wp-content\/uploads\/2024\/10\/zircon-sand-500x500-1-100x100.webp",100,100,true]},"uagb_author_info":{"display_name":"Richard Wood","author_link":"https:\/\/frcs-research.com\/cs\/author\/"},"uagb_comment_info":760,"uagb_excerpt":"Buy DMT Powder for Research | FRCS Research For those seeking to buy DMT online, N,N-Dimethyltryptamine (DMT) is a powerful psychedelic compound renowned for its intense and short-lived effects. Found&hellip;&euro;6,000.00 P\u016fvodn\u00ed cena byla: &euro;6,000.00.&euro;5,700.00Aktu\u00e1ln\u00ed cena je: &euro;5,700.00.P\u0159idat do ko\u0161\u00edku","_links":{"self":[{"href":"https:\/\/frcs-research.com\/cs\/wp-json\/wp\/v2\/product\/751","targetHints":{"allow":["GET"]}}],"collection":[{"href":"https:\/\/frcs-research.com\/cs\/wp-json\/wp\/v2\/product"}],"about":[{"href":"https:\/\/frcs-research.com\/cs\/wp-json\/wp\/v2\/types\/product"}],"replies":[{"embeddable":true,"href":"https:\/\/frcs-research.com\/cs\/wp-json\/wp\/v2\/comments?post=751"}],"wp:featuredmedia":[{"embeddable":true,"href":"https:\/\/frcs-research.com\/cs\/wp-json\/wp\/v2\/media\/752"}],"wp:attachment":[{"href":"https:\/\/frcs-research.com\/cs\/wp-json\/wp\/v2\/media?parent=751"}],"wp:term":[{"taxonomy":"product_brand","embeddable":true,"href":"https:\/\/frcs-research.com\/cs\/wp-json\/wp\/v2\/product_brand?post=751"},{"taxonomy":"product_cat","embeddable":true,"href":"https:\/\/frcs-research.com\/cs\/wp-json\/wp\/v2\/product_cat?post=751"},{"taxonomy":"product_tag","embeddable":true,"href":"https:\/\/frcs-research.com\/cs\/wp-json\/wp\/v2\/product_tag?post=751"}],"curies":[{"name":"wp","href":"https:\/\/api.w.org\/{rel}","templated":true}]}}