{"id":753,"date":"2024-10-12T22:39:09","date_gmt":"2024-10-12T22:39:09","guid":{"rendered":"https:\/\/frcs-research.com\/?post_type=product&#038;p=753"},"modified":"2026-04-22T13:02:47","modified_gmt":"2026-04-22T13:02:47","slug":"koupit-2c-b-prasek","status":"publish","type":"product","link":"https:\/\/frcs-research.com\/cs\/product\/koupit-2c-b-prasek\/","title":{"rendered":"2C-B (4-Bromo-2,5-dimethoxyphenethylamine) 50g"},"content":{"rendered":"<h4>Koupit 2C-B pr\u00e1\u0161ek online pro v\u00fdzkum | V\u00fdzkum FRCS<\/h4>\n<h4><\/h4>\n<p>Pokud v\u00e1s zaj\u00edm\u00e1 <strong>n\u00e1kup 2C-B online<\/strong>, <strong>2C-B<\/strong> je syntetick\u00e9 psychedelikum zn\u00e1m\u00e9 pro svou jedine\u010dnou kombinaci halucinogenn\u00edch a entaktogenn\u00edch \u00fa\u010dink\u016f. 2C-B, p\u016fvodn\u011b vyvinut\u00fd v 70. letech 20. stolet\u00ed, z\u00edskal popularitu pro sv\u00e9 potenci\u00e1ln\u00ed terapeutick\u00e9 aplikace a je b\u011b\u017en\u011b studov\u00e1n v klinick\u00fdch podm\u00ednk\u00e1ch.<\/p>\n<table>\n<thead>\n<tr>\n<th><strong>Vlastnictv\u00ed<\/strong><\/th>\n<th><strong>Specifikace<\/strong><\/th>\n<\/tr>\n<\/thead>\n<tbody>\n<tr>\n<td><strong>Chemick\u00fd n\u00e1zev<\/strong><\/td>\n<td>2,5-dimethoxy-4-bromfenethylamin<\/td>\n<\/tr>\n<tr>\n<td><strong>Molekul\u00e1rn\u00ed vzorec<\/strong><\/td>\n<td>C10H14BrN02<\/td>\n<\/tr>\n<tr>\n<td><strong>Molekulov\u00e1 hmotnost<\/strong><\/td>\n<td>260,13 g\/mol<\/td>\n<\/tr>\n<tr>\n<td><strong>Vzhled<\/strong><\/td>\n<td>Obvykle se vyskytuje jako b\u00edl\u00fd nebo t\u00e9m\u011b\u0159 b\u00edl\u00fd krystalick\u00fd pr\u00e1\u0161ek nebo v lisovan\u00fdch tablet\u00e1ch<\/td>\n<\/tr>\n<tr>\n<td><strong>Rozpustnost<\/strong><\/td>\n<td>Rozpustn\u00fd v ethanolu a dal\u0161\u00edch pol\u00e1rn\u00edch organick\u00fdch rozpou\u0161t\u011bdlech; omezen\u00e1 rozpustnost ve vod\u011b<\/td>\n<\/tr>\n<tr>\n<td><strong>Bod t\u00e1n\u00ed<\/strong><\/td>\n<td>P\u0159ibli\u017en\u011b 238-240 \u00b0C<\/td>\n<\/tr>\n<tr>\n<td><strong>Chemick\u00e1 struktura<\/strong><\/td>\n<td>Fenethylaminov\u00fd hlavn\u00ed \u0159et\u011bzec s bromem p\u0159ipojen\u00fdm k benzenov\u00e9mu kruhu v poloze 4 a dv\u011bma methoxy skupinami v poloh\u00e1ch 2 a 5<\/td>\n<\/tr>\n<tr>\n<td><strong>Mechanismus p\u016fsoben\u00ed<\/strong><\/td>\n<td>P\u016fsob\u00ed jako a <strong>\u010d\u00e1ste\u010dn\u00fd agonista<\/strong> na <strong>5-HT2A<\/strong> a <strong>5-HT2C receptory<\/strong>s dal\u0161\u00edmi \u00fa\u010dinky na dopaminov\u00e9 receptory<\/td>\n<\/tr>\n<tr>\n<td><strong>Efekty<\/strong><\/td>\n<td>M\u00edrn\u00e9 a\u017e st\u0159edn\u00ed zrakov\u00e9 halucinace, zv\u00fdrazn\u011bn\u00ed barev a zvuk\u016f, euforie, empatogenn\u00ed \u00fa\u010dinky, zm\u011bn\u011bn\u00e9 vn\u00edm\u00e1n\u00ed prostoru a \u010dasu<\/td>\n<\/tr>\n<tr>\n<td><strong>N\u00e1stup \u00fa\u010dink\u016f<\/strong><\/td>\n<td>Obvykle <strong>20-90 minut<\/strong> p\u0159i peror\u00e1ln\u00edm pod\u00e1n\u00ed<\/td>\n<\/tr>\n<tr>\n<td><strong>Doba trv\u00e1n\u00ed efekt\u016f<\/strong><\/td>\n<td>Zhruba <strong>4-8 hodin<\/strong>v z\u00e1vislosti na d\u00e1vce a individu\u00e1ln\u00edch faktorech<\/td>\n<\/tr>\n<tr>\n<td><strong>Rozsah d\u00e1vkov\u00e1n\u00ed<\/strong><\/td>\n<td>B\u011b\u017en\u00e9 peror\u00e1ln\u00ed d\u00e1vkov\u00e1n\u00ed se pohybuje od <strong>10-25 mg<\/strong>; \u00fa\u010dinky se v\u00fdrazn\u011b li\u0161\u00ed podle d\u00e1vky<\/td>\n<\/tr>\n<tr>\n<td><strong>Bezpe\u010dnost a vedlej\u0161\u00ed \u00fa\u010dinky<\/strong><\/td>\n<td>Mo\u017en\u00e9 vedlej\u0161\u00ed \u00fa\u010dinky zahrnuj\u00ed nevolnost, \u00fazkost, tachykardii, pocen\u00ed a zmatenost; vy\u0161\u0161\u00ed d\u00e1vky zvy\u0161uj\u00ed riziko ne\u017e\u00e1douc\u00edch \u00fa\u010dink\u016f<\/td>\n<\/tr>\n<tr>\n<td><strong>Pr\u00e1vn\u00ed stav<\/strong><\/td>\n<td>Klasifikov\u00e1no jako a <strong>L\u00e1tka seznamu I<\/strong> v mnoha zem\u00edch, ale leg\u00e1lnost se celosv\u011btov\u011b li\u0161\u00ed<\/td>\n<\/tr>\n<\/tbody>\n<\/table>\n<p>V\u00fdzkum ukazuje, \u017ee 2C-B m\u016f\u017ee zlep\u0161it emocion\u00e1ln\u00ed spojen\u00ed a zv\u00fd\u0161it smyslov\u00e9 vn\u00edm\u00e1n\u00ed, co\u017e z n\u011bj d\u011bl\u00e1 zaj\u00edmav\u00fd p\u0159edm\u011bt pro psychology i v\u00fdzkumn\u00edky. Jeho \u00fa\u010dinky jsou obvykle m\u00edrn\u011bj\u0161\u00ed ne\u017e u jin\u00fdch psychedelik, co\u017e p\u0159isp\u00edv\u00e1 k jeho p\u0159ita\u017elivosti v terapeutick\u00fdch prost\u0159ed\u00edch.<\/p>\n<p>Na <strong>V\u00fdzkum FRCS<\/strong>, poskytujeme vysoce kvalitn\u00ed pr\u00e1\u0161ek 2C-B, vhodn\u00fd pro v\u011bdeck\u00fd v\u00fdzkum a anal\u00fdzu. N\u00e1\u0161 z\u00e1vazek k \u010distot\u011b zaji\u0161\u0165uje, \u017ee obdr\u017e\u00edte produkt, kter\u00fd je perfektn\u00ed pro va\u0161e studium \u00fa\u010dink\u016f psychedelik.<\/p>\n<p>&nbsp;<\/p>","protected":false},"excerpt":{"rendered":"<p>Buy 2C-B Powder Online for Research | FRCS Research If you&#8217;re interested in buying 2C-B online, 2C-B is a synthetic psychedelic known for its unique combination of hallucinogenic and entactogenic&hellip;<\/p>\n<p class=\"product woocommerce add_to_cart_inline\" style=\"border:4px solid #ccc; padding: 12px;\"><del aria-hidden=\"true\"><span class=\"woocommerce-Price-amount amount\"><bdi><span class=\"woocommerce-Price-currencySymbol\">&euro;<\/span>260.00<\/bdi><\/span><\/del> <span class=\"screen-reader-text\" data-no-translation=\"\" data-trp-gettext=\"\">P\u016fvodn\u00ed cena byla: &euro;260.00.<\/span><ins aria-hidden=\"true\"><span class=\"woocommerce-Price-amount amount\"><bdi><span class=\"woocommerce-Price-currencySymbol\">&euro;<\/span>250.00<\/bdi><\/span><\/ins><span class=\"screen-reader-text\" data-no-translation=\"\" data-trp-gettext=\"\">Aktu\u00e1ln\u00ed cena je: &euro;250.00.<\/span><a href=\"\/cs\/wp-json\/wp\/v2\/product\/753?add-to-cart=753\" aria-describedby=\"woocommerce_loop_add_to_cart_link_describedby_753\" data-quantity=\"1\" class=\"button product_type_simple add_to_cart_button ajax_add_to_cart\" data-product_id=\"753\" data-product_sku=\"\" aria-label=\"P\u0159idat do ko\u0161\u00edku: \u201c2C-B (4-Bromo-2,5-dimethoxyphenethylamine) 50g\u201d\" rel=\"nofollow\" data-success_message=\"\u201e2C-B (4-Bromo-2,5-dimethoxyphenethylamine) 50g\u201c byl p\u0159id\u00e1n do va\u0161eho ko\u0161\u00edku\" data-no-translation=\"\" data-trp-gettext=\"\" data-no-translation-aria-label=\"\" data-no-translation-data-success_message=\"\">P\u0159idat do ko\u0161\u00edku<\/a>\t<span id=\"woocommerce_loop_add_to_cart_link_describedby_753\" class=\"screen-reader-text\"><br \/>\n\t\t\t<\/span><\/p>","protected":false},"featured_media":754,"comment_status":"open","ping_status":"closed","template":"","meta":{"_uag_custom_page_level_css":""},"product_brand":[],"product_cat":[29],"product_tag":[108,103,102,101,110,106,109,107,105,104],"class_list":{"0":"post-753","1":"product","2":"type-product","3":"status-publish","4":"has-post-thumbnail","6":"product_cat-psychedelics","7":"product_tag-108","8":"product_tag-2c-b-crystal","9":"product_tag-2c-b-powder","10":"product_tag-2c-b-fly","11":"product_tag-2c-bromine","12":"product_tag-4-bromo-2","13":"product_tag-5-dimethoxy-4-bromophenethylamine","14":"product_tag-5-dimethoxyphenethylamine","15":"product_tag-pink-champagne","16":"product_tag-psychedelic-phenethylamine","18":"first","19":"instock","20":"sale","21":"shipping-taxable","22":"purchasable","23":"product-type-simple"},"yoast_head":"<!-- This site is optimized with the Yoast SEO plugin v27.1.1 - https:\/\/yoast.com\/product\/yoast-seo-wordpress\/ -->\n<title>Buy 2C-B Powder Online for Research | FRCS Research<\/title>\n<meta name=\"description\" content=\"Order 2C-B powder online from FRCS Research for your research needs. Discover its unique effects in therapeutic applications. Fast, secure shipping available\" \/>\n<meta name=\"robots\" content=\"index, follow, max-snippet:-1, max-image-preview:large, max-video-preview:-1\" \/>\n<link rel=\"canonical\" href=\"https:\/\/frcs-research.com\/cs\/product\/koupit-2c-b-prasek\/\" \/>\n<meta property=\"og:locale\" content=\"cs_CZ\" \/>\n<meta property=\"og:type\" content=\"article\" \/>\n<meta property=\"og:title\" content=\"Buy 2C-B Powder Online for Research | FRCS Research\" \/>\n<meta property=\"og:description\" content=\"Order 2C-B powder online from FRCS Research for your research needs. Discover its unique effects in therapeutic applications. Fast, secure shipping available\" \/>\n<meta property=\"og:url\" content=\"https:\/\/frcs-research.com\/cs\/product\/koupit-2c-b-prasek\/\" \/>\n<meta property=\"og:site_name\" content=\"wholesale supplier of research chemicals, 4mmc, 3mmc, MDPHP, Alpha PVP and more\" \/>\n<meta property=\"article:modified_time\" content=\"2026-04-22T13:02:47+00:00\" \/>\n<meta property=\"og:image\" content=\"https:\/\/frcs-research.com\/wp-content\/uploads\/2024\/10\/R.jpg\" \/>\n\t<meta property=\"og:image:width\" content=\"524\" \/>\n\t<meta property=\"og:image:height\" content=\"424\" \/>\n\t<meta property=\"og:image:type\" content=\"image\/jpeg\" \/>\n<meta name=\"twitter:card\" content=\"summary_large_image\" \/>\n<meta name=\"twitter:label1\" content=\"Cena\" \/>\n\t<meta name=\"twitter:data1\" content=\"&euro;250.00\" \/>\n\t<meta name=\"twitter:label2\" content=\"Dostupnost\" \/>\n\t<meta name=\"twitter:data2\" content=\"Skladem\" \/>\n<script type=\"application\/ld+json\" class=\"yoast-schema-graph\">{\"@context\":\"https:\/\/schema.org\",\"@graph\":[{\"@type\":[\"WebPage\",\"ItemPage\"],\"@id\":\"https:\/\/frcs-research.com\/product\/buy-2c-b-powder\/\",\"url\":\"https:\/\/frcs-research.com\/product\/buy-2c-b-powder\/\",\"name\":\"Buy 2C-B Powder Online for Research | FRCS Research\",\"isPartOf\":{\"@id\":\"https:\/\/frcs-research.com\/#website\"},\"primaryImageOfPage\":{\"@id\":\"https:\/\/frcs-research.com\/product\/buy-2c-b-powder\/#primaryimage\"},\"image\":{\"@id\":\"https:\/\/frcs-research.com\/product\/buy-2c-b-powder\/#primaryimage\"},\"thumbnailUrl\":\"https:\/\/frcs-research.com\/wp-content\/uploads\/2024\/10\/R.jpg\",\"datePublished\":\"2024-10-12T22:39:09+00:00\",\"dateModified\":\"2026-04-22T13:02:47+00:00\",\"description\":\"Order 2C-B powder online from FRCS Research for your research needs. Discover its unique effects in therapeutic applications. Fast, secure shipping available\",\"breadcrumb\":{\"@id\":\"https:\/\/frcs-research.com\/product\/buy-2c-b-powder\/#breadcrumb\"},\"inLanguage\":\"cs\",\"potentialAction\":[{\"@type\":\"ReadAction\",\"target\":[\"https:\/\/frcs-research.com\/product\/buy-2c-b-powder\/\"]}]},{\"@type\":\"ImageObject\",\"inLanguage\":\"cs\",\"@id\":\"https:\/\/frcs-research.com\/product\/buy-2c-b-powder\/#primaryimage\",\"url\":\"https:\/\/frcs-research.com\/wp-content\/uploads\/2024\/10\/R.jpg\",\"contentUrl\":\"https:\/\/frcs-research.com\/wp-content\/uploads\/2024\/10\/R.jpg\",\"width\":524,\"height\":424,\"caption\":\"Buy 2C-B Powder\"},{\"@type\":\"BreadcrumbList\",\"@id\":\"https:\/\/frcs-research.com\/product\/buy-2c-b-powder\/#breadcrumb\",\"itemListElement\":[{\"@type\":\"ListItem\",\"position\":1,\"name\":\"Home\",\"item\":\"https:\/\/frcs-research.com\/\"},{\"@type\":\"ListItem\",\"position\":2,\"name\":\"Shop\",\"item\":\"https:\/\/frcs-research.com\/shop\/\"},{\"@type\":\"ListItem\",\"position\":3,\"name\":\"2C-B (4-Bromo-2,5-dimethoxyphenethylamine) 50g\"}]},{\"@type\":\"WebSite\",\"@id\":\"https:\/\/frcs-research.com\/#website\",\"url\":\"https:\/\/frcs-research.com\/\",\"name\":\"wholesale supplier of research chemicals, 4mmc, 3mmc, MDPHP, Alpha PVP and more\",\"description\":\"Wholesale research chemicals\",\"potentialAction\":[{\"@type\":\"SearchAction\",\"target\":{\"@type\":\"EntryPoint\",\"urlTemplate\":\"https:\/\/frcs-research.com\/?s={search_term_string}\"},\"query-input\":{\"@type\":\"PropertyValueSpecification\",\"valueRequired\":true,\"valueName\":\"search_term_string\"}}],\"inLanguage\":\"cs\"}]}<\/script>\n<meta property=\"product:price:amount\" content=\"250.00\" \/>\n<meta property=\"product:price:currency\" content=\"EUR\" \/>\n<meta property=\"og:availability\" content=\"instock\" \/>\n<meta property=\"product:availability\" content=\"instock\" \/>\n<meta property=\"product:condition\" content=\"new\" \/>\n<!-- \/ Yoast SEO plugin. -->","yoast_head_json":{"title":"Koupit 2C-B pr\u00e1\u0161ek online pro v\u00fdzkum | V\u00fdzkum FRCS","description":"Objednejte si pr\u00e1\u0161ek 2C-B online od spole\u010dnosti FRCS Research pro pot\u0159eby va\u0161eho v\u00fdzkumu. Objevte jeho jedine\u010dn\u00e9 \u00fa\u010dinky v terapeutick\u00fdch aplikac\u00edch. Rychl\u00e9, bezpe\u010dn\u00e9 dod\u00e1n\u00ed k dispozici","robots":{"index":"index","follow":"follow","max-snippet":"max-snippet:-1","max-image-preview":"max-image-preview:large","max-video-preview":"max-video-preview:-1"},"canonical":"https:\/\/frcs-research.com\/cs\/product\/koupit-2c-b-prasek\/","og_locale":"cs_CZ","og_type":"article","og_title":"Buy 2C-B Powder Online for Research | FRCS Research","og_description":"Order 2C-B powder online from FRCS Research for your research needs. Discover its unique effects in therapeutic applications. Fast, secure shipping available","og_url":"https:\/\/frcs-research.com\/cs\/product\/koupit-2c-b-prasek\/","og_site_name":"wholesale supplier of research chemicals, 4mmc, 3mmc, MDPHP, Alpha PVP and more","article_modified_time":"2026-04-22T13:02:47+00:00","og_image":[{"width":524,"height":424,"url":"https:\/\/frcs-research.com\/wp-content\/uploads\/2024\/10\/R.jpg","type":"image\/jpeg"}],"twitter_card":"summary_large_image","twitter_misc":{"Cena":"&euro;250.00","Dostupnost":"Skladem"},"schema":{"@context":"https:\/\/schema.org","@graph":[{"@type":["WebPage","ItemPage"],"@id":"https:\/\/frcs-research.com\/product\/buy-2c-b-powder\/","url":"https:\/\/frcs-research.com\/product\/buy-2c-b-powder\/","name":"Koupit 2C-B pr\u00e1\u0161ek online pro v\u00fdzkum | V\u00fdzkum FRCS","isPartOf":{"@id":"https:\/\/frcs-research.com\/#website"},"primaryImageOfPage":{"@id":"https:\/\/frcs-research.com\/product\/buy-2c-b-powder\/#primaryimage"},"image":{"@id":"https:\/\/frcs-research.com\/product\/buy-2c-b-powder\/#primaryimage"},"thumbnailUrl":"https:\/\/frcs-research.com\/wp-content\/uploads\/2024\/10\/R.jpg","datePublished":"2024-10-12T22:39:09+00:00","dateModified":"2026-04-22T13:02:47+00:00","description":"Objednejte si pr\u00e1\u0161ek 2C-B online od spole\u010dnosti FRCS Research pro pot\u0159eby va\u0161eho v\u00fdzkumu. Objevte jeho jedine\u010dn\u00e9 \u00fa\u010dinky v terapeutick\u00fdch aplikac\u00edch. Rychl\u00e9, bezpe\u010dn\u00e9 dod\u00e1n\u00ed k dispozici","breadcrumb":{"@id":"https:\/\/frcs-research.com\/product\/buy-2c-b-powder\/#breadcrumb"},"inLanguage":"cs","potentialAction":[{"@type":"ReadAction","target":["https:\/\/frcs-research.com\/product\/buy-2c-b-powder\/"]}]},{"@type":"ImageObject","inLanguage":"cs","@id":"https:\/\/frcs-research.com\/product\/buy-2c-b-powder\/#primaryimage","url":"https:\/\/frcs-research.com\/wp-content\/uploads\/2024\/10\/R.jpg","contentUrl":"https:\/\/frcs-research.com\/wp-content\/uploads\/2024\/10\/R.jpg","width":524,"height":424,"caption":"Buy 2C-B Powder"},{"@type":"BreadcrumbList","@id":"https:\/\/frcs-research.com\/product\/buy-2c-b-powder\/#breadcrumb","itemListElement":[{"@type":"ListItem","position":1,"name":"Home","item":"https:\/\/frcs-research.com\/"},{"@type":"ListItem","position":2,"name":"Shop","item":"https:\/\/frcs-research.com\/shop\/"},{"@type":"ListItem","position":3,"name":"2C-B (4-Bromo-2,5-dimethoxyphenethylamine) 50g"}]},{"@type":"WebSite","@id":"https:\/\/frcs-research.com\/#website","url":"https:\/\/frcs-research.com\/","name":"velkoobchodn\u00ed dodavatel v\u00fdzkumn\u00fdch chemik\u00e1li\u00ed, 4mmc, 3mmc, MDPHP, Alpha PVP a dal\u0161\u00ed","description":"Velkoobchodn\u00ed v\u00fdzkum chemik\u00e1li\u00ed","potentialAction":[{"@type":"SearchAction","target":{"@type":"EntryPoint","urlTemplate":"https:\/\/frcs-research.com\/?s={search_term_string}"},"query-input":{"@type":"PropertyValueSpecification","valueRequired":true,"valueName":"search_term_string"}}],"inLanguage":"cs"}]},"product_price_amount":"250.00","product_price_currency":"EUR","og_availability":"instock","product_availability":"instock","product_condition":"new"},"uagb_featured_image_src":{"full":["https:\/\/frcs-research.com\/wp-content\/uploads\/2024\/10\/R.jpg",524,424,false],"thumbnail":["https:\/\/frcs-research.com\/wp-content\/uploads\/2024\/10\/R-150x150.jpg",150,150,true],"medium":["https:\/\/frcs-research.com\/wp-content\/uploads\/2024\/10\/R-300x243.jpg",300,243,true],"medium_large":["https:\/\/frcs-research.com\/wp-content\/uploads\/2024\/10\/R.jpg",524,424,false],"large":["https:\/\/frcs-research.com\/wp-content\/uploads\/2024\/10\/R.jpg",524,424,false],"1536x1536":["https:\/\/frcs-research.com\/wp-content\/uploads\/2024\/10\/R.jpg",524,424,false],"2048x2048":["https:\/\/frcs-research.com\/wp-content\/uploads\/2024\/10\/R.jpg",524,424,false],"trp-custom-language-flag":["https:\/\/frcs-research.com\/wp-content\/uploads\/2024\/10\/R.jpg",15,12,false],"post-thumbnail":["https:\/\/frcs-research.com\/wp-content\/uploads\/2024\/10\/R.jpg",524,424,false],"elite-commerce-slider":["https:\/\/frcs-research.com\/wp-content\/uploads\/2024\/10\/R.jpg",524,424,false],"elite-commerce-hero":["https:\/\/frcs-research.com\/wp-content\/uploads\/2024\/10\/R.jpg",524,424,false],"elite-commerce-portfolio":["https:\/\/frcs-research.com\/wp-content\/uploads\/2024\/10\/R.jpg",400,324,false],"woocommerce_thumbnail":["https:\/\/frcs-research.com\/wp-content\/uploads\/2024\/10\/R-300x300.jpg",300,300,true],"woocommerce_single":["https:\/\/frcs-research.com\/wp-content\/uploads\/2024\/10\/R.jpg",524,424,false],"woocommerce_gallery_thumbnail":["https:\/\/frcs-research.com\/wp-content\/uploads\/2024\/10\/R-100x100.jpg",100,100,true]},"uagb_author_info":{"display_name":"Richard Wood","author_link":"https:\/\/frcs-research.com\/cs\/author\/"},"uagb_comment_info":806,"uagb_excerpt":"Buy 2C-B Powder Online for Research | FRCS Research If you&#8217;re interested in buying 2C-B online, 2C-B is a synthetic psychedelic known for its unique combination of hallucinogenic and entactogenic&hellip;&euro;260.00 P\u016fvodn\u00ed cena byla: &euro;260.00.&euro;250.00Aktu\u00e1ln\u00ed cena je: &euro;250.00.P\u0159idat do ko\u0161\u00edku","_links":{"self":[{"href":"https:\/\/frcs-research.com\/cs\/wp-json\/wp\/v2\/product\/753","targetHints":{"allow":["GET"]}}],"collection":[{"href":"https:\/\/frcs-research.com\/cs\/wp-json\/wp\/v2\/product"}],"about":[{"href":"https:\/\/frcs-research.com\/cs\/wp-json\/wp\/v2\/types\/product"}],"replies":[{"embeddable":true,"href":"https:\/\/frcs-research.com\/cs\/wp-json\/wp\/v2\/comments?post=753"}],"wp:featuredmedia":[{"embeddable":true,"href":"https:\/\/frcs-research.com\/cs\/wp-json\/wp\/v2\/media\/754"}],"wp:attachment":[{"href":"https:\/\/frcs-research.com\/cs\/wp-json\/wp\/v2\/media?parent=753"}],"wp:term":[{"taxonomy":"product_brand","embeddable":true,"href":"https:\/\/frcs-research.com\/cs\/wp-json\/wp\/v2\/product_brand?post=753"},{"taxonomy":"product_cat","embeddable":true,"href":"https:\/\/frcs-research.com\/cs\/wp-json\/wp\/v2\/product_cat?post=753"},{"taxonomy":"product_tag","embeddable":true,"href":"https:\/\/frcs-research.com\/cs\/wp-json\/wp\/v2\/product_tag?post=753"}],"curies":[{"name":"wp","href":"https:\/\/api.w.org\/{rel}","templated":true}]}}