{"id":807,"date":"2024-10-13T09:49:18","date_gmt":"2024-10-13T09:49:18","guid":{"rendered":"https:\/\/frcs-research.com\/?post_type=product&#038;p=807"},"modified":"2026-04-05T22:22:36","modified_gmt":"2026-04-05T22:22:36","slug":"koupit-diablo-k2-sprej","status":"publish","type":"product","link":"https:\/\/frcs-research.com\/cs\/product\/koupit-diablo-k2-sprej\/","title":{"rendered":"Diablo K2 sprej"},"content":{"rendered":"<h1><strong>Koupit Diablo K2 sprej online \u2013 nejsiln\u011bj\u0161\u00ed sprej K2 na prodej na FRCSResearch<\/strong><\/h1>\n<p>Hled\u00e1 se <strong>nejsiln\u011bj\u0161\u00ed sprej K2<\/strong> na trhu? <strong>Diablo K2 sprej<\/strong> je va\u0161e kone\u010dn\u00e1 volba! Na <strong>FRCResearch<\/strong>, nab\u00edz\u00edme pr\u00e9miov\u00e9 <strong>Prod\u00e1m sprej Diablo K2<\/strong>, poskytuj\u00edc\u00ed siln\u00fd a dlouhotrvaj\u00edc\u00ed z\u00e1\u017eitek, kter\u00fd nem\u00e1 obdoby. A\u0165 u\u017e jste zku\u0161en\u00fd u\u017eivatel nebo nov\u00e1\u010dek ve sv\u011bt\u011b <strong>K2 spreje na ko\u0159en\u00ed<\/strong>, tento produkt slibuje, \u017ee dod\u00e1 intenzitu, po kter\u00e9 tou\u017e\u00edte.<\/p>\n<hr \/>\n<h3>Pro\u010d si koupit Diablo K2 Spray?<\/h3>\n<p><strong>Diablo K2 sprej<\/strong> je zn\u00e1m\u00fd t\u00edm, \u017ee je jedn\u00edm z nejmocn\u011bj\u0161\u00edch <strong>K2 spreje na ko\u0159en\u00ed<\/strong> k dispozici. Zn\u00e1m\u00fd pro sv\u00e9 rychle p\u016fsob\u00edc\u00ed \u00fa\u010dinky a siln\u00fd vysok\u00fd v\u00fdkon, je ide\u00e1ln\u00ed pro ty, kte\u0159\u00ed hledaj\u00ed siln\u00fd, mysl m\u011bn\u00edc\u00ed z\u00e1\u017eitek. Zde je d\u016fvod, pro\u010d byste m\u011bli <strong>koupit sprej Diablo K2 online<\/strong> z <strong>FRCResearch<\/strong>:<\/p>\n<ul>\n<li><strong>Extr\u00e9mn\u011b potentn\u00ed<\/strong>: Jeden z <strong>nejsiln\u011bj\u0161\u00ed spreje na ko\u0159en\u00ed K2<\/strong> na trhu, ur\u010den\u00fd pro zku\u0161en\u00e9 u\u017eivatele.<\/li>\n<li><strong>Dlouhotrvaj\u00edc\u00ed \u00fa\u010dinky<\/strong>: U\u017eijte si trvalou euforii a relaxaci <strong>Diablo K2<\/strong> poskytuje, poskytuje bezkonkuren\u010dn\u00ed vysokou.<\/li>\n<li><strong>Diskr\u00e9tn\u00ed a bezpe\u010dn\u00e1 doprava<\/strong>: V\u0161echny objedn\u00e1vky jsou odes\u00edl\u00e1ny s p\u00e9\u010d\u00ed a zaji\u0161\u0165uj\u00ed va\u0161e soukrom\u00ed.<\/li>\n<li><strong>Laboratorn\u011b testov\u00e1no na kvalitu<\/strong>: N\u00e1\u0161 <a href=\"https:\/\/frcs-research.com\/cs\/product-category\/synteticke-kanabinoidy\/koreni-a-k2\/\"><strong>K2 spreje<\/strong><\/a> jsou laboratorn\u011b testov\u00e1ny, aby byly zaru\u010deny nejvy\u0161\u0161\u00ed standardy kvality a bezpe\u010dnosti.<\/li>\n<\/ul>\n<hr \/>\n<h3>Diablo K2 Spray \u2013 To nejlep\u0161\u00ed z produkt\u016f K2 Spice<\/h3>\n<p>Pokud hled\u00e1te <strong>nejlep\u0161\u00ed sprej na ko\u0159en\u00ed K2<\/strong>, <strong>Diablo K2<\/strong> by m\u011bl b\u00fdt na za\u010d\u00e1tku va\u0161eho seznamu. Tento vysoce \u00fa\u010dinn\u00fd produkt si z\u00edskal pov\u011bst jednoho z nejintenzivn\u011bj\u0161\u00edch syntetick\u00fdch kanabinoid\u016f na trhu. Jen s mal\u00fdm mno\u017estv\u00edm m\u016f\u017eete za\u017e\u00edt vrchol, kter\u00fd trv\u00e1 hodiny.<\/p>\n<p><strong>Kl\u00ed\u010dov\u00e9 vlastnosti Diablo K2 Spray<\/strong>:<\/p>\n<ul>\n<li>Jeden z <strong>nejsiln\u011bj\u0161\u00ed spreje K2 na prodej<\/strong><\/li>\n<li>Ide\u00e1ln\u00ed pro ty, kte\u0159\u00ed hledaj\u00ed a <strong>z\u00e1konn\u00e1 vysok\u00e1<\/strong> a intenzivn\u00edmi \u00fa\u010dinky<\/li>\n<li>Rychle p\u016fsob\u00edc\u00ed slo\u017een\u00ed pro okam\u017eit\u00e9 v\u00fdsledky<\/li>\n<li>Ide\u00e1ln\u00ed pro pou\u017eit\u00ed na <strong>pap\u00edr K2<\/strong> nebo <strong>bylinn\u00e9 kadidlo<\/strong><\/li>\n<\/ul>\n<hr \/>\n<h3>Kde koupit Diablo K2 Spray online?<\/h3>\n<p>M\u016f\u017eete snadno <strong>koupit sprej Diablo K2<\/strong> z <strong>FRCResearch<\/strong>, v\u00e1\u0161 d\u016fv\u011bryhodn\u00fd zdroj pro produkty K2 nejvy\u0161\u0161\u00ed kvality. S na\u0161\u00edm jednoduch\u00fdm, bezpe\u010dn\u00fdm procesem pokladny a diskr\u00e9tn\u00edmi mo\u017enostmi dopravy m\u016f\u017eete nakupovat <strong>Diablo K2 sprej<\/strong> nikdy nebylo jednodu\u0161\u0161\u00ed.<\/p>\n<p>Na <strong>FRCResearch<\/strong>, ch\u00e1peme va\u0161i pot\u0159ebu spolehliv\u00e9ho zdroje <strong>koupit sprej na ko\u0159en\u00ed K2 online<\/strong>. Zajist\u00edme, aby ka\u017ed\u00e1 l\u00e1hev <strong>Diablo K2 sprej<\/strong> spl\u0148uje p\u0159\u00edsn\u00e9 normy kvality, tak\u017ee si m\u016f\u017eete vychutnat to nejlep\u0161\u00ed <strong>K2 ko\u0159en\u00ed<\/strong> zku\u0161enosti k dispozici.<\/p>\n<hr \/>\n<h3>Nakupujte Diablo K2 Spray na FRCSResearch<\/h3>\n<p><strong>FRCResearch<\/strong> je nejlep\u0161\u00ed m\u00edsto <strong>koupit sprej Diablo K2 online<\/strong>. Skladujeme pouze tu nejvy\u0161\u0161\u00ed kvalitu <strong>K2 spreje na ko\u0159en\u00ed<\/strong>, kter\u00e1 v\u00e1m nab\u00edz\u00ed to nejlep\u0161\u00ed <strong>bylinn\u00e9 kadidlo<\/strong> a <a href=\"https:\/\/frcs-research.com\/cs\/product-category\/synteticke-kanabinoidy\/koreni-a-k2\/\"><strong>Produkty K2<\/strong><\/a> na trhu. Na\u0161e konkurenceschopn\u00e9 ceny, rychl\u00e9 dod\u00e1n\u00ed a z\u00e1vazek kvality z n\u00e1s \u010din\u00ed nejlep\u0161\u00ed volbu pro kupuj\u00edc\u00ed K2.<\/p>\n<hr \/>\n<h3>Pro\u010d zvolit FRCSResearch?<\/h3>\n<ul>\n<li><strong>Nejsiln\u011bj\u0161\u00ed sprej K2 na prodej<\/strong>: Specializujeme se na produkty K2 s vysokou \u00fa\u010dinnost\u00ed, jako jsou <strong>Diablo K2 sprej<\/strong>.<\/li>\n<li><strong>Dostupn\u00e9 ceny<\/strong>: Z\u00edskejte spreje na ko\u0159en\u00ed K2 pr\u00e9miov\u00e9 kvality za konkuren\u010dn\u00ed ceny.<\/li>\n<li><strong>Diskr\u00e9tn\u00ed doprava<\/strong>: V\u0161echny objedn\u00e1vky jsou vy\u0159izov\u00e1ny d\u016fv\u011brn\u011b a rychle doru\u010deny.<\/li>\n<li><strong>Spolehliv\u00fd zdroj<\/strong>: Jsme d\u016fv\u011bryhodn\u00fdm dodavatelem pro v\u0161echny typy <strong>K2 ko\u0159en\u00ed<\/strong> produkt\u016f, v\u010detn\u011b <strong>K2 sprej na pap\u00edr<\/strong> a <strong>Kadidlo K2<\/strong>.<\/li>\n<\/ul>\n<hr \/>\n<h3>Kupte si sprej Diablo K2 je\u0161t\u011b dnes!<\/h3>\n<p>Ne\u010dekejte! <strong>Koupit Diablo K2 sprej online<\/strong> nyn\u00ed v <strong>FRCResearch<\/strong> a za\u017eijte nejsiln\u011bj\u0161\u00ed a nejspolehliv\u011bj\u0161\u00ed sprej na ko\u0159en\u00ed K2, kter\u00fd je k dispozici. A\u0165 u\u017e jste \u010dast\u00fdm u\u017eivatelem nebo to jen zkou\u0161\u00edte <strong>Sprej na ko\u0159en\u00ed K2<\/strong> poprv\u00e9 si zamilujete siln\u00e9 a dlouhotrvaj\u00edc\u00ed \u00fa\u010dinky <strong>Diablo K2<\/strong>. Objednejte je\u0161t\u011b dnes pro rychl\u00e9, diskr\u00e9tn\u00ed odesl\u00e1n\u00ed a nejlep\u0161\u00ed ceny na trhu.<\/p>","protected":false},"excerpt":{"rendered":"<p>Buy Diablo K2 Spray Online \u2013 The Strongest K2 Spray for Sale at FRCSResearch Looking for the strongest K2 spray on the market? Diablo K2 Spray is your ultimate choice!&hellip;<\/p>\n<p class=\"product woocommerce add_to_cart_inline\" style=\"border:4px solid #ccc; padding: 12px;\"><del aria-hidden=\"true\"><span class=\"woocommerce-Price-amount amount\"><bdi><span class=\"woocommerce-Price-currencySymbol\">&euro;<\/span>250.00<\/bdi><\/span><\/del> <span class=\"screen-reader-text\" data-no-translation=\"\" data-trp-gettext=\"\">P\u016fvodn\u00ed cena byla: &euro;250.00.<\/span><ins aria-hidden=\"true\"><span class=\"woocommerce-Price-amount amount\"><bdi><span class=\"woocommerce-Price-currencySymbol\">&euro;<\/span>245.00<\/bdi><\/span><\/ins><span class=\"screen-reader-text\" data-no-translation=\"\" data-trp-gettext=\"\">Aktu\u00e1ln\u00ed cena je: &euro;245.00.<\/span><a href=\"\/cs\/wp-json\/wp\/v2\/product\/807?add-to-cart=807\" aria-describedby=\"woocommerce_loop_add_to_cart_link_describedby_807\" data-quantity=\"1\" class=\"button product_type_simple add_to_cart_button ajax_add_to_cart\" data-product_id=\"807\" data-product_sku=\"\" aria-label=\"P\u0159idat do ko\u0161\u00edku: \u201cDiablo K2 Spray\u201d\" rel=\"nofollow\" data-success_message=\"\u201eDiablo K2 Spray\u201c byl p\u0159id\u00e1n do va\u0161eho ko\u0161\u00edku\" data-no-translation=\"\" data-trp-gettext=\"\" data-no-translation-aria-label=\"\" data-no-translation-data-success_message=\"\">P\u0159idat do ko\u0161\u00edku<\/a>\t<span id=\"woocommerce_loop_add_to_cart_link_describedby_807\" class=\"screen-reader-text\"><br \/>\n\t\t\t<\/span><\/p>","protected":false},"featured_media":808,"comment_status":"open","ping_status":"closed","template":"","meta":{"_uag_custom_page_level_css":""},"product_brand":[],"product_cat":[124],"product_tag":[],"class_list":{"0":"post-807","1":"product","2":"type-product","3":"status-publish","4":"has-post-thumbnail","6":"product_cat-spice-and-k2","8":"first","9":"instock","10":"sale","11":"shipping-taxable","12":"purchasable","13":"product-type-simple"},"yoast_head":"<!-- This site is optimized with the Yoast SEO plugin v27.1.1 - https:\/\/yoast.com\/product\/yoast-seo-wordpress\/ -->\n<title>Buy Diablo K2 Spray Online \u2013 Strongest K2 Spice Spray for Sale<\/title>\n<meta name=\"description\" content=\"Purchase the strongest Diablo K2 spray online at FRCSResearch. Enjoy potent, long-lasting effects from the best K2 spice spray on the market. Fast, discreet shipping available.\" \/>\n<meta name=\"robots\" content=\"index, follow, max-snippet:-1, max-image-preview:large, max-video-preview:-1\" \/>\n<link rel=\"canonical\" href=\"https:\/\/frcs-research.com\/cs\/product\/koupit-diablo-k2-sprej\/\" \/>\n<meta property=\"og:locale\" content=\"cs_CZ\" \/>\n<meta property=\"og:type\" content=\"article\" \/>\n<meta property=\"og:title\" content=\"Buy Diablo K2 Spray Online \u2013 Strongest K2 Spice Spray for Sale\" \/>\n<meta property=\"og:description\" content=\"Purchase the strongest Diablo K2 spray online at FRCSResearch. Enjoy potent, long-lasting effects from the best K2 spice spray on the market. Fast, discreet shipping available.\" \/>\n<meta property=\"og:url\" content=\"https:\/\/frcs-research.com\/cs\/product\/koupit-diablo-k2-sprej\/\" \/>\n<meta property=\"og:site_name\" content=\"wholesale supplier of research chemicals, 4mmc, 3mmc, MDPHP, Alpha PVP and more\" \/>\n<meta property=\"article:modified_time\" content=\"2026-04-05T22:22:36+00:00\" \/>\n<meta property=\"og:image\" content=\"https:\/\/frcs-research.com\/wp-content\/uploads\/2024\/10\/Diablo-K2-spice-spray-768x687-1.jpeg\" \/>\n\t<meta property=\"og:image:width\" content=\"768\" \/>\n\t<meta property=\"og:image:height\" content=\"687\" \/>\n\t<meta property=\"og:image:type\" content=\"image\/jpeg\" \/>\n<meta name=\"twitter:card\" content=\"summary_large_image\" \/>\n<meta name=\"twitter:label1\" content=\"Cena\" \/>\n\t<meta name=\"twitter:data1\" content=\"&euro;245.00\" \/>\n\t<meta name=\"twitter:label2\" content=\"Dostupnost\" \/>\n\t<meta name=\"twitter:data2\" content=\"Skladem\" \/>\n<script type=\"application\/ld+json\" class=\"yoast-schema-graph\">{\"@context\":\"https:\/\/schema.org\",\"@graph\":[{\"@type\":[\"WebPage\",\"ItemPage\"],\"@id\":\"https:\/\/frcs-research.com\/product\/buy-diablo-k2-spray\/\",\"url\":\"https:\/\/frcs-research.com\/product\/buy-diablo-k2-spray\/\",\"name\":\"Buy Diablo K2 Spray Online \u2013 Strongest K2 Spice Spray for Sale\",\"isPartOf\":{\"@id\":\"https:\/\/frcs-research.com\/#website\"},\"primaryImageOfPage\":{\"@id\":\"https:\/\/frcs-research.com\/product\/buy-diablo-k2-spray\/#primaryimage\"},\"image\":{\"@id\":\"https:\/\/frcs-research.com\/product\/buy-diablo-k2-spray\/#primaryimage\"},\"thumbnailUrl\":\"https:\/\/frcs-research.com\/wp-content\/uploads\/2024\/10\/Diablo-K2-spice-spray-768x687-1.jpeg\",\"datePublished\":\"2024-10-13T09:49:18+00:00\",\"dateModified\":\"2026-04-05T22:22:36+00:00\",\"description\":\"Purchase the strongest Diablo K2 spray online at FRCSResearch. Enjoy potent, long-lasting effects from the best K2 spice spray on the market. Fast, discreet shipping available.\",\"breadcrumb\":{\"@id\":\"https:\/\/frcs-research.com\/product\/buy-diablo-k2-spray\/#breadcrumb\"},\"inLanguage\":\"cs\",\"potentialAction\":[{\"@type\":\"ReadAction\",\"target\":[\"https:\/\/frcs-research.com\/product\/buy-diablo-k2-spray\/\"]}]},{\"@type\":\"ImageObject\",\"inLanguage\":\"cs\",\"@id\":\"https:\/\/frcs-research.com\/product\/buy-diablo-k2-spray\/#primaryimage\",\"url\":\"https:\/\/frcs-research.com\/wp-content\/uploads\/2024\/10\/Diablo-K2-spice-spray-768x687-1.jpeg\",\"contentUrl\":\"https:\/\/frcs-research.com\/wp-content\/uploads\/2024\/10\/Diablo-K2-spice-spray-768x687-1.jpeg\",\"width\":768,\"height\":687,\"caption\":\"Diablo K2 Spray\"},{\"@type\":\"BreadcrumbList\",\"@id\":\"https:\/\/frcs-research.com\/product\/buy-diablo-k2-spray\/#breadcrumb\",\"itemListElement\":[{\"@type\":\"ListItem\",\"position\":1,\"name\":\"Home\",\"item\":\"https:\/\/frcs-research.com\/\"},{\"@type\":\"ListItem\",\"position\":2,\"name\":\"Shop\",\"item\":\"https:\/\/frcs-research.com\/shop\/\"},{\"@type\":\"ListItem\",\"position\":3,\"name\":\"Diablo K2 Spray\"}]},{\"@type\":\"WebSite\",\"@id\":\"https:\/\/frcs-research.com\/#website\",\"url\":\"https:\/\/frcs-research.com\/\",\"name\":\"wholesale supplier of research chemicals, 4mmc, 3mmc, MDPHP, Alpha PVP and more\",\"description\":\"Wholesale research chemicals\",\"potentialAction\":[{\"@type\":\"SearchAction\",\"target\":{\"@type\":\"EntryPoint\",\"urlTemplate\":\"https:\/\/frcs-research.com\/?s={search_term_string}\"},\"query-input\":{\"@type\":\"PropertyValueSpecification\",\"valueRequired\":true,\"valueName\":\"search_term_string\"}}],\"inLanguage\":\"cs\"}]}<\/script>\n<meta property=\"product:price:amount\" content=\"245.00\" \/>\n<meta property=\"product:price:currency\" content=\"EUR\" \/>\n<meta property=\"og:availability\" content=\"instock\" \/>\n<meta property=\"product:availability\" content=\"instock\" \/>\n<meta property=\"product:condition\" content=\"new\" \/>\n<!-- \/ Yoast SEO plugin. -->","yoast_head_json":{"title":"Koupit Diablo K2 sprej online \u2013 nejsiln\u011bj\u0161\u00ed sprej na ko\u0159en\u00ed K2 na prodej","description":"Kupte si nejsiln\u011bj\u0161\u00ed sprej Diablo K2 online na FRCSResearch. U\u017eijte si siln\u00e9, dlouhotrvaj\u00edc\u00ed \u00fa\u010dinky nejlep\u0161\u00edho spreje na ko\u0159en\u00ed K2 na trhu. Mo\u017enost rychl\u00e9ho, diskr\u00e9tn\u00edho odesl\u00e1n\u00ed.","robots":{"index":"index","follow":"follow","max-snippet":"max-snippet:-1","max-image-preview":"max-image-preview:large","max-video-preview":"max-video-preview:-1"},"canonical":"https:\/\/frcs-research.com\/cs\/product\/koupit-diablo-k2-sprej\/","og_locale":"cs_CZ","og_type":"article","og_title":"Buy Diablo K2 Spray Online \u2013 Strongest K2 Spice Spray for Sale","og_description":"Purchase the strongest Diablo K2 spray online at FRCSResearch. Enjoy potent, long-lasting effects from the best K2 spice spray on the market. Fast, discreet shipping available.","og_url":"https:\/\/frcs-research.com\/cs\/product\/koupit-diablo-k2-sprej\/","og_site_name":"wholesale supplier of research chemicals, 4mmc, 3mmc, MDPHP, Alpha PVP and more","article_modified_time":"2026-04-05T22:22:36+00:00","og_image":[{"width":768,"height":687,"url":"https:\/\/frcs-research.com\/wp-content\/uploads\/2024\/10\/Diablo-K2-spice-spray-768x687-1.jpeg","type":"image\/jpeg"}],"twitter_card":"summary_large_image","twitter_misc":{"Cena":"&euro;245.00","Dostupnost":"Skladem"},"schema":{"@context":"https:\/\/schema.org","@graph":[{"@type":["WebPage","ItemPage"],"@id":"https:\/\/frcs-research.com\/product\/buy-diablo-k2-spray\/","url":"https:\/\/frcs-research.com\/product\/buy-diablo-k2-spray\/","name":"Koupit Diablo K2 sprej online \u2013 nejsiln\u011bj\u0161\u00ed sprej na ko\u0159en\u00ed K2 na prodej","isPartOf":{"@id":"https:\/\/frcs-research.com\/#website"},"primaryImageOfPage":{"@id":"https:\/\/frcs-research.com\/product\/buy-diablo-k2-spray\/#primaryimage"},"image":{"@id":"https:\/\/frcs-research.com\/product\/buy-diablo-k2-spray\/#primaryimage"},"thumbnailUrl":"https:\/\/frcs-research.com\/wp-content\/uploads\/2024\/10\/Diablo-K2-spice-spray-768x687-1.jpeg","datePublished":"2024-10-13T09:49:18+00:00","dateModified":"2026-04-05T22:22:36+00:00","description":"Kupte si nejsiln\u011bj\u0161\u00ed sprej Diablo K2 online na FRCSResearch. U\u017eijte si siln\u00e9, dlouhotrvaj\u00edc\u00ed \u00fa\u010dinky nejlep\u0161\u00edho spreje na ko\u0159en\u00ed K2 na trhu. Mo\u017enost rychl\u00e9ho, diskr\u00e9tn\u00edho odesl\u00e1n\u00ed.","breadcrumb":{"@id":"https:\/\/frcs-research.com\/product\/buy-diablo-k2-spray\/#breadcrumb"},"inLanguage":"cs","potentialAction":[{"@type":"ReadAction","target":["https:\/\/frcs-research.com\/product\/buy-diablo-k2-spray\/"]}]},{"@type":"ImageObject","inLanguage":"cs","@id":"https:\/\/frcs-research.com\/product\/buy-diablo-k2-spray\/#primaryimage","url":"https:\/\/frcs-research.com\/wp-content\/uploads\/2024\/10\/Diablo-K2-spice-spray-768x687-1.jpeg","contentUrl":"https:\/\/frcs-research.com\/wp-content\/uploads\/2024\/10\/Diablo-K2-spice-spray-768x687-1.jpeg","width":768,"height":687,"caption":"Diablo K2 Spray"},{"@type":"BreadcrumbList","@id":"https:\/\/frcs-research.com\/product\/buy-diablo-k2-spray\/#breadcrumb","itemListElement":[{"@type":"ListItem","position":1,"name":"Home","item":"https:\/\/frcs-research.com\/"},{"@type":"ListItem","position":2,"name":"Shop","item":"https:\/\/frcs-research.com\/shop\/"},{"@type":"ListItem","position":3,"name":"Diablo K2 Spray"}]},{"@type":"WebSite","@id":"https:\/\/frcs-research.com\/#website","url":"https:\/\/frcs-research.com\/","name":"velkoobchodn\u00ed dodavatel v\u00fdzkumn\u00fdch chemik\u00e1li\u00ed, 4mmc, 3mmc, MDPHP, Alpha PVP a dal\u0161\u00ed","description":"Velkoobchodn\u00ed v\u00fdzkum chemik\u00e1li\u00ed","potentialAction":[{"@type":"SearchAction","target":{"@type":"EntryPoint","urlTemplate":"https:\/\/frcs-research.com\/?s={search_term_string}"},"query-input":{"@type":"PropertyValueSpecification","valueRequired":true,"valueName":"search_term_string"}}],"inLanguage":"cs"}]},"product_price_amount":"245.00","product_price_currency":"EUR","og_availability":"instock","product_availability":"instock","product_condition":"new"},"uagb_featured_image_src":{"full":["https:\/\/frcs-research.com\/wp-content\/uploads\/2024\/10\/Diablo-K2-spice-spray-768x687-1.jpeg",768,687,false],"thumbnail":["https:\/\/frcs-research.com\/wp-content\/uploads\/2024\/10\/Diablo-K2-spice-spray-768x687-1-150x150.jpeg",150,150,true],"medium":["https:\/\/frcs-research.com\/wp-content\/uploads\/2024\/10\/Diablo-K2-spice-spray-768x687-1-300x268.jpeg",300,268,true],"medium_large":["https:\/\/frcs-research.com\/wp-content\/uploads\/2024\/10\/Diablo-K2-spice-spray-768x687-1.jpeg",768,687,false],"large":["https:\/\/frcs-research.com\/wp-content\/uploads\/2024\/10\/Diablo-K2-spice-spray-768x687-1.jpeg",768,687,false],"1536x1536":["https:\/\/frcs-research.com\/wp-content\/uploads\/2024\/10\/Diablo-K2-spice-spray-768x687-1.jpeg",768,687,false],"2048x2048":["https:\/\/frcs-research.com\/wp-content\/uploads\/2024\/10\/Diablo-K2-spice-spray-768x687-1.jpeg",768,687,false],"trp-custom-language-flag":["https:\/\/frcs-research.com\/wp-content\/uploads\/2024\/10\/Diablo-K2-spice-spray-768x687-1.jpeg",13,12,false],"post-thumbnail":["https:\/\/frcs-research.com\/wp-content\/uploads\/2024\/10\/Diablo-K2-spice-spray-768x687-1.jpeg",693,620,false],"elite-commerce-slider":["https:\/\/frcs-research.com\/wp-content\/uploads\/2024\/10\/Diablo-K2-spice-spray-768x687-1.jpeg",768,687,false],"elite-commerce-hero":["https:\/\/frcs-research.com\/wp-content\/uploads\/2024\/10\/Diablo-K2-spice-spray-768x687-1.jpeg",600,537,false],"elite-commerce-portfolio":["https:\/\/frcs-research.com\/wp-content\/uploads\/2024\/10\/Diablo-K2-spice-spray-768x687-1.jpeg",400,358,false],"woocommerce_thumbnail":["https:\/\/frcs-research.com\/wp-content\/uploads\/2024\/10\/Diablo-K2-spice-spray-768x687-1-300x300.jpeg",300,300,true],"woocommerce_single":["https:\/\/frcs-research.com\/wp-content\/uploads\/2024\/10\/Diablo-K2-spice-spray-768x687-1-600x537.jpeg",600,537,true],"woocommerce_gallery_thumbnail":["https:\/\/frcs-research.com\/wp-content\/uploads\/2024\/10\/Diablo-K2-spice-spray-768x687-1-100x100.jpeg",100,100,true]},"uagb_author_info":{"display_name":"Richard Wood","author_link":"https:\/\/frcs-research.com\/cs\/author\/"},"uagb_comment_info":807,"uagb_excerpt":"Buy Diablo K2 Spray Online \u2013 The Strongest K2 Spray for Sale at FRCSResearch Looking for the strongest K2 spray on the market? Diablo K2 Spray is your ultimate choice!&hellip;&euro;250.00 P\u016fvodn\u00ed cena byla: &euro;250.00.&euro;245.00Aktu\u00e1ln\u00ed cena je: &euro;245.00.P\u0159idat do ko\u0161\u00edku","_links":{"self":[{"href":"https:\/\/frcs-research.com\/cs\/wp-json\/wp\/v2\/product\/807","targetHints":{"allow":["GET"]}}],"collection":[{"href":"https:\/\/frcs-research.com\/cs\/wp-json\/wp\/v2\/product"}],"about":[{"href":"https:\/\/frcs-research.com\/cs\/wp-json\/wp\/v2\/types\/product"}],"replies":[{"embeddable":true,"href":"https:\/\/frcs-research.com\/cs\/wp-json\/wp\/v2\/comments?post=807"}],"wp:featuredmedia":[{"embeddable":true,"href":"https:\/\/frcs-research.com\/cs\/wp-json\/wp\/v2\/media\/808"}],"wp:attachment":[{"href":"https:\/\/frcs-research.com\/cs\/wp-json\/wp\/v2\/media?parent=807"}],"wp:term":[{"taxonomy":"product_brand","embeddable":true,"href":"https:\/\/frcs-research.com\/cs\/wp-json\/wp\/v2\/product_brand?post=807"},{"taxonomy":"product_cat","embeddable":true,"href":"https:\/\/frcs-research.com\/cs\/wp-json\/wp\/v2\/product_cat?post=807"},{"taxonomy":"product_tag","embeddable":true,"href":"https:\/\/frcs-research.com\/cs\/wp-json\/wp\/v2\/product_tag?post=807"}],"curies":[{"name":"wp","href":"https:\/\/api.w.org\/{rel}","templated":true}]}}