{"id":810,"date":"2024-10-13T10:00:39","date_gmt":"2024-10-13T10:00:39","guid":{"rendered":"https:\/\/frcs-research.com\/?post_type=product&#038;p=810"},"modified":"2026-04-04T05:02:26","modified_gmt":"2026-04-04T05:02:26","slug":"koupit-cloud-9-liquid-k2","status":"publish","type":"product","link":"https:\/\/frcs-research.com\/cs\/product\/koupit-cloud-9-liquid-k2\/","title":{"rendered":"Cloud 9 Liquid K2 Spray"},"content":{"rendered":"<h1><strong>Kupte si Cloud 9 Liquid K2 Spray online \u2013 Premium K2 Spice Spray na prodej na FRCSResearch<\/strong><\/h1>\n<p>Hled\u00e1te plynul\u00fd a v\u00fdkonn\u00fd z\u00e1\u017eitek z K2? <strong>Cloud 9 Liquid K2 Spray<\/strong> je jednou z nejlep\u0161\u00edch mo\u017enost\u00ed mezi u\u017eivateli K2 a nab\u00edz\u00ed siln\u00fd, mysl m\u011bn\u00edc\u00ed zvuk, kter\u00fd nikde jinde nenajdete. Na <strong>FRCResearch<\/strong>, m\u016f\u017eete <strong>kupte si sprej Cloud 9 Liquid K2<\/strong> online s jistotou, s v\u011bdom\u00edm, \u017ee z\u00edsk\u00e1v\u00e1te nejvy\u0161\u0161\u00ed kvalitu <strong>Sprej na ko\u0159en\u00ed K2<\/strong> k dispozici. A\u0165 u\u017e jste zku\u0161en\u00fd u\u017eivatel nebo nov\u00e1\u010dek ve sv\u011bt\u011b <strong>Produkty K2<\/strong>Cloud 9 p\u0159in\u00e1\u0161\u00ed euforick\u00fd, dlouhotrvaj\u00edc\u00ed \u00fa\u010dinek, kter\u00fd je p\u0159\u00edjemn\u00fd i relaxa\u010dn\u00ed.<\/p>\n<hr \/>\n<h3>Pro\u010d si koupit Cloud 9 Liquid K2 Spray?<\/h3>\n<p><strong>Cloud 9 Liquid K2 Spray<\/strong> vynik\u00e1 jako jeden z nejobl\u00edben\u011bj\u0161\u00edch <strong>K2 spreje na ko\u0159en\u00ed<\/strong> pro jeho vysokou \u00fa\u010dinnost a vyv\u00e1\u017een\u00fd z\u00e1\u017eitek. Tento produkt nab\u00edz\u00ed jedine\u010dnou sm\u011bs \u00fa\u010dink\u016f, d\u00edky \u010demu\u017e je obl\u00edben\u00fd mezi t\u011bmi, kte\u0159\u00ed cht\u011bj\u00ed dos\u00e1hnout klidn\u00e9ho, ale euforick\u00e9ho stavu. Kdy\u017e vy <strong>kupte si sprej Cloud 9 K2 online<\/strong>, z\u00edsk\u00e1te produkt, kter\u00fd dod\u00e1v\u00e1:<\/p>\n<ul>\n<li><strong>Vyv\u00e1\u017een\u00e1 potence<\/strong>: Dostate\u010dn\u011b siln\u00fd, aby poskytl hlubok\u00fd, pohlcuj\u00edc\u00ed zvuk, ale dostate\u010dn\u011b hladk\u00fd pro uvoln\u011bn\u011bj\u0161\u00ed z\u00e1\u017eitek.<\/li>\n<li><strong>Dlouhotrvaj\u00edc\u00ed \u00fa\u010dinky<\/strong>: \u00da\u010dinky <strong>Sprej Cloud 9 K2<\/strong> vydr\u017e\u00ed hodiny a zajist\u00ed, \u017ee z ka\u017ed\u00e9ho pou\u017eit\u00ed vyt\u011b\u017e\u00edte maximum.<\/li>\n<li><strong>V\u0161estrann\u00e9 pou\u017eit\u00ed<\/strong>: Ide\u00e1ln\u00ed pro pou\u017eit\u00ed na <strong>pap\u00edr K2<\/strong> nebo jako dopln\u011bk k va\u0161emu obl\u00edben\u00e9mu <a href=\"https:\/\/frcs-research.com\/cs\/product-category\/synteticke-kanabinoidy\/koreni-a-k2\/\"><strong>bylinn\u00e9 kadidlo<\/strong><\/a>.<\/li>\n<li><strong>Pr\u00e9miov\u00e1 kvalita<\/strong>: Odeb\u00edr\u00e1me pouze tu nejvy\u0161\u0161\u00ed kvalitu <strong>K2 ko\u0159en\u00ed<\/strong> produkty, kter\u00e9 v\u00e1m zajist\u00ed to nejlep\u0161\u00ed <strong>K2 sprej<\/strong> na trhu.<\/li>\n<\/ul>\n<hr \/>\n<h3>Cloud 9 Liquid K2 Spray na prodej \u2013 D\u016fv\u011bryhodn\u00fd produkt<\/h3>\n<p>Kdy\u017e na to p\u0159ijde <strong>n\u00e1kup spreje na ko\u0159en\u00ed K2 online<\/strong>, <strong>Cloud 9 Liquid K2 Spray<\/strong> je jedn\u00edm z nejspolehliv\u011bj\u0161\u00edch dostupn\u00fdch produkt\u016f. Zn\u00e1m\u00fd pro svou st\u00e1lou s\u00edlu a hladk\u00e9 \u00fa\u010dinky, je ide\u00e1ln\u00ed jak pro relaxaci, tak pro povznesen\u00ed. Tento v\u0161estrann\u00fd produkt lze nast\u0159\u00edkat <strong>bylinn\u00e9 kadidlo<\/strong>, <strong>pap\u00edr K2<\/strong>, nebo pou\u017e\u00edt samostatn\u011b pro siln\u00fd z\u00e1\u017eitek.<\/p>\n<p><strong>Vlastnosti Cloud 9 Liquid K2 Spray<\/strong>:<\/p>\n<ul>\n<li>Jeden z <strong>nejobl\u00edben\u011bj\u0161\u00ed spreje K2<\/strong> na prodej<\/li>\n<li>Snadn\u00e9 pou\u017eit\u00ed na <strong>Pap\u00edr s infuz\u00ed K2<\/strong> nebo <strong>bylinn\u00e9 kadidlo<\/strong><\/li>\n<li>Poskytuje klidn\u00e9, euforick\u00e9 vzru\u0161en\u00ed<\/li>\n<li>Laboratorn\u011b testov\u00e1no na bezpe\u010dnost a \u00fa\u010dinnost<\/li>\n<\/ul>\n<hr \/>\n<h3>Pro\u010d nakupovat od FRCSResearch?<\/h3>\n<p>Na <strong>FRCResearch<\/strong>, jsme odhodl\u00e1ni poskytovat nejlep\u0161\u00ed kvalitu <strong>K2 spreje na ko\u0159en\u00ed<\/strong> na prodej v\u010d <strong>Cloud 9 Liquid K2 Spray<\/strong>. Kdy\u017e vy <strong>koupit sprej K2 online<\/strong> od n\u00e1s m\u016f\u017eete o\u010dek\u00e1vat:<\/p>\n<ul>\n<li><strong>Produkty pr\u00e9miov\u00e9 kvality<\/strong>: Na\u0161e produkty K2, v\u010detn\u011b <strong>Cloud 9 sprej<\/strong>, jsou testov\u00e1ny na \u010distotu a \u00fa\u010dinnost, aby bylo zaji\u0161t\u011bno, \u017ee z\u00edsk\u00e1te ten nejlep\u0161\u00ed z\u00e1\u017eitek.<\/li>\n<li><strong>Diskr\u00e9tn\u00ed a rychl\u00e9 odesl\u00e1n\u00ed<\/strong>: Va\u0161e soukrom\u00ed je na\u0161\u00ed prioritou. Nab\u00edz\u00edme bezpe\u010dnou a diskr\u00e9tn\u00ed p\u0159epravu v\u0161ech objedn\u00e1vek.<\/li>\n<li><strong>Dostupn\u00e9 ceny<\/strong>: Hled\u00e1te nejlep\u0161\u00ed nab\u00eddky? Nab\u00edz\u00edme <strong>Sprej Cloud 9 K2<\/strong> za konkurenceschopn\u00e9 ceny bez kompromis\u016f v kvalit\u011b.<\/li>\n<\/ul>\n<hr \/>\n<h3>Jak pou\u017e\u00edvat Cloud 9 Liquid K2 Spray<\/h3>\n<p>Pou\u017eit\u00ed <strong>Cloud 9 Liquid K2 Spray<\/strong> je jednoduch\u00fd a pohodln\u00fd. A\u0165 u\u017e to aplikujete na <strong>pap\u00edr K2<\/strong> nebo jej p\u0159idat do <strong>bylinn\u00e9 kadidlo<\/strong>, k dosa\u017een\u00ed po\u017eadovan\u00fdch \u00fa\u010dink\u016f sta\u010d\u00ed jen mal\u00e9 mno\u017estv\u00ed. To z n\u011bj d\u011bl\u00e1 vysoce efektivn\u00ed a n\u00e1kladov\u011b efektivn\u00ed mo\u017enost pro ty, kte\u0159\u00ed hledaj\u00ed siln\u00fd a spolehliv\u00fd high.<\/p>\n<hr \/>\n<h3>Kde koupit Cloud 9 Liquid K2 Spray online?<\/h3>\n<p>Pokud hled\u00e1te kam <strong>kupte si Cloud 9 Liquid K2 Spray<\/strong>, nehledejte nic jin\u00e9ho ne\u017e <strong>FRCResearch<\/strong>. Usnad\u0148ujeme n\u00e1kup t\u00e9to obl\u00edben\u00e9 <strong>Sprej na ko\u0159en\u00ed K2<\/strong> online, nab\u00edz\u00ed rychl\u00e9 dod\u00e1n\u00ed a bezpe\u010dn\u00e9 mo\u017enosti platby. Nav\u00edc jsou v\u0161echny na\u0161e produkty testov\u00e1ny, aby bylo zaji\u0161t\u011bno, \u017ee spl\u0148uj\u00ed nejvy\u0161\u0161\u00ed standardy kvality.<\/p>\n<hr \/>\n<h3>Nakupujte Cloud 9 Liquid K2 Spray je\u0161t\u011b dnes!<\/h3>\n<p>Jste p\u0159ipraveni pozvednout sv\u016fj z\u00e1\u017eitek z K2? <strong>Koupit Cloud 9 Liquid K2 Spray<\/strong> z <strong>FRCResearch<\/strong> dnes a u\u017eijte si jeden z nejlep\u0161\u00edch <strong>K2 spreje na ko\u0159en\u00ed<\/strong> k dispozici. A\u0165 u\u017e jste \u010dast\u00fdm u\u017eivatelem nebo pr\u00e1v\u011b za\u010d\u00edn\u00e1te, zamilujete si hladk\u00e9, euforick\u00e9 efekty <strong>Oblak 9<\/strong> poskytuje. Objednejte nyn\u00ed pro rychl\u00e9, diskr\u00e9tn\u00ed doru\u010den\u00ed a bezkonkuren\u010dn\u00ed ceny!<\/p>\n<hr \/>\n<p><strong>Integrovan\u00e1 kl\u00ed\u010dov\u00e1 slova<\/strong>:<\/p>\n<ul>\n<li>Kupte si Cloud 9 Liquid K2 sprej online,<\/li>\n<li>Prod\u00e1m sprej Cloud 9 K2,<\/li>\n<li>Nejsiln\u011bj\u0161\u00ed sprej na ko\u0159en\u00ed K2,<\/li>\n<li>Kde koupit Cloud 9 K2 sprej,<\/li>\n<li>Cloud 9 Liquid K2 Spray,<\/li>\n<li>K2 sprej na ko\u0159en\u00ed online,<\/li>\n<li>K2 sprej na pap\u00edr,<\/li>\n<li>K2 bylinn\u00e9 kadidlo,<\/li>\n<\/ul>","protected":false},"excerpt":{"rendered":"<p>Buy Cloud 9 Liquid K2 Spray Online \u2013 Premium K2 Spice Spray for Sale at FRCSResearch Looking for a smooth and powerful K2 experience? Cloud 9 Liquid K2 Spray is&hellip;<\/p>\n<p class=\"product woocommerce add_to_cart_inline\" style=\"border:4px solid #ccc; padding: 12px;\"><del aria-hidden=\"true\"><span class=\"woocommerce-Price-amount amount\"><bdi><span class=\"woocommerce-Price-currencySymbol\">&euro;<\/span>270.00<\/bdi><\/span><\/del> <span class=\"screen-reader-text\" data-no-translation=\"\" data-trp-gettext=\"\">P\u016fvodn\u00ed cena byla: &euro;270.00.<\/span><ins aria-hidden=\"true\"><span class=\"woocommerce-Price-amount amount\"><bdi><span class=\"woocommerce-Price-currencySymbol\">&euro;<\/span>250.00<\/bdi><\/span><\/ins><span class=\"screen-reader-text\" data-no-translation=\"\" data-trp-gettext=\"\">Aktu\u00e1ln\u00ed cena je: &euro;250.00.<\/span><a href=\"\/cs\/wp-json\/wp\/v2\/product\/810?add-to-cart=810\" aria-describedby=\"woocommerce_loop_add_to_cart_link_describedby_810\" data-quantity=\"1\" class=\"button product_type_simple add_to_cart_button ajax_add_to_cart\" data-product_id=\"810\" data-product_sku=\"\" aria-label=\"P\u0159idat do ko\u0161\u00edku: \u201cCloud 9 Liquid K2 Spray\u201d\" rel=\"nofollow\" data-success_message=\"\u201eCloud 9 Liquid K2 Spray\u201c byl p\u0159id\u00e1n do va\u0161eho ko\u0161\u00edku\" data-no-translation=\"\" data-trp-gettext=\"\" data-no-translation-aria-label=\"\" data-no-translation-data-success_message=\"\">P\u0159idat do ko\u0161\u00edku<\/a>\t<span id=\"woocommerce_loop_add_to_cart_link_describedby_810\" class=\"screen-reader-text\"><br \/>\n\t\t\t<\/span><\/p>","protected":false},"featured_media":811,"comment_status":"open","ping_status":"closed","template":"","meta":{"_uag_custom_page_level_css":""},"product_brand":[],"product_cat":[124],"product_tag":[125,126,129,132,130,131,127,128],"class_list":{"0":"post-810","1":"product","2":"type-product","3":"status-publish","4":"has-post-thumbnail","6":"product_cat-spice-and-k2","7":"product_tag-buy-cloud-9-liquid-k2-spray-online","8":"product_tag-cloud-9-k2-spray-for-sale","9":"product_tag-cloud-9-liquid-k2-spray","10":"product_tag-k2-herbal-incense","11":"product_tag-k2-spice-spray-online","12":"product_tag-k2-spray-on-paper","13":"product_tag-strongest-k2-spice-spray","14":"product_tag-where-to-buy-cloud-9-k2-spray","16":"first","17":"instock","18":"sale","19":"shipping-taxable","20":"purchasable","21":"product-type-simple"},"yoast_head":"<!-- This site is optimized with the Yoast SEO plugin v27.1.1 - https:\/\/yoast.com\/product\/yoast-seo-wordpress\/ -->\n<title>Buy Cloud 9 Liquid K2 Spray for sale Online \u2013 Buy K2 Spice Spray<\/title>\n<meta name=\"description\" content=\"Purchase Cloud 9 Liquid K2 Spray online at FRCSResearch. Experience the smooth, potent effects of this top-rated K2 spice spray.\" \/>\n<meta name=\"robots\" content=\"index, follow, max-snippet:-1, max-image-preview:large, max-video-preview:-1\" \/>\n<link rel=\"canonical\" href=\"https:\/\/frcs-research.com\/cs\/product\/koupit-cloud-9-liquid-k2\/\" \/>\n<meta property=\"og:locale\" content=\"cs_CZ\" \/>\n<meta property=\"og:type\" content=\"article\" \/>\n<meta property=\"og:title\" content=\"Buy Cloud 9 Liquid K2 Spray for sale Online \u2013 Buy K2 Spice Spray\" \/>\n<meta property=\"og:description\" content=\"Purchase Cloud 9 Liquid K2 Spray online at FRCSResearch. Experience the smooth, potent effects of this top-rated K2 spice spray.\" \/>\n<meta property=\"og:url\" content=\"https:\/\/frcs-research.com\/cs\/product\/koupit-cloud-9-liquid-k2\/\" \/>\n<meta property=\"og:site_name\" content=\"wholesale supplier of research chemicals, 4mmc, 3mmc, MDPHP, Alpha PVP and more\" \/>\n<meta property=\"article:modified_time\" content=\"2026-04-04T05:02:26+00:00\" \/>\n<meta property=\"og:image\" content=\"https:\/\/frcs-research.com\/wp-content\/uploads\/2024\/10\/Magical-quick-dry-200ml-potion-gallery_2_1.webp\" \/>\n\t<meta property=\"og:image:width\" content=\"900\" \/>\n\t<meta property=\"og:image:height\" content=\"1000\" \/>\n\t<meta property=\"og:image:type\" content=\"image\/webp\" \/>\n<meta name=\"twitter:card\" content=\"summary_large_image\" \/>\n<meta name=\"twitter:label1\" content=\"Cena\" \/>\n\t<meta name=\"twitter:data1\" content=\"&euro;250.00\" \/>\n\t<meta name=\"twitter:label2\" content=\"Dostupnost\" \/>\n\t<meta name=\"twitter:data2\" content=\"Skladem\" \/>\n<script type=\"application\/ld+json\" class=\"yoast-schema-graph\">{\"@context\":\"https:\/\/schema.org\",\"@graph\":[{\"@type\":[\"WebPage\",\"ItemPage\"],\"@id\":\"https:\/\/frcs-research.com\/product\/buy-cloud-9-liquid-k2\/\",\"url\":\"https:\/\/frcs-research.com\/product\/buy-cloud-9-liquid-k2\/\",\"name\":\"Buy Cloud 9 Liquid K2 Spray for sale Online \u2013 Buy K2 Spice Spray\",\"isPartOf\":{\"@id\":\"https:\/\/frcs-research.com\/#website\"},\"primaryImageOfPage\":{\"@id\":\"https:\/\/frcs-research.com\/product\/buy-cloud-9-liquid-k2\/#primaryimage\"},\"image\":{\"@id\":\"https:\/\/frcs-research.com\/product\/buy-cloud-9-liquid-k2\/#primaryimage\"},\"thumbnailUrl\":\"https:\/\/frcs-research.com\/wp-content\/uploads\/2024\/10\/Magical-quick-dry-200ml-potion-gallery_2_1.webp\",\"datePublished\":\"2024-10-13T10:00:39+00:00\",\"dateModified\":\"2026-04-04T05:02:26+00:00\",\"description\":\"Purchase Cloud 9 Liquid K2 Spray online at FRCSResearch. Experience the smooth, potent effects of this top-rated K2 spice spray.\",\"breadcrumb\":{\"@id\":\"https:\/\/frcs-research.com\/product\/buy-cloud-9-liquid-k2\/#breadcrumb\"},\"inLanguage\":\"cs\",\"potentialAction\":[{\"@type\":\"ReadAction\",\"target\":[\"https:\/\/frcs-research.com\/product\/buy-cloud-9-liquid-k2\/\"]}]},{\"@type\":\"ImageObject\",\"inLanguage\":\"cs\",\"@id\":\"https:\/\/frcs-research.com\/product\/buy-cloud-9-liquid-k2\/#primaryimage\",\"url\":\"https:\/\/frcs-research.com\/wp-content\/uploads\/2024\/10\/Magical-quick-dry-200ml-potion-gallery_2_1.webp\",\"contentUrl\":\"https:\/\/frcs-research.com\/wp-content\/uploads\/2024\/10\/Magical-quick-dry-200ml-potion-gallery_2_1.webp\",\"width\":900,\"height\":1000,\"caption\":\"Cloud 9 Liquid K2 Spray\"},{\"@type\":\"BreadcrumbList\",\"@id\":\"https:\/\/frcs-research.com\/product\/buy-cloud-9-liquid-k2\/#breadcrumb\",\"itemListElement\":[{\"@type\":\"ListItem\",\"position\":1,\"name\":\"Home\",\"item\":\"https:\/\/frcs-research.com\/\"},{\"@type\":\"ListItem\",\"position\":2,\"name\":\"Shop\",\"item\":\"https:\/\/frcs-research.com\/shop\/\"},{\"@type\":\"ListItem\",\"position\":3,\"name\":\"Cloud 9 Liquid K2 Spray\"}]},{\"@type\":\"WebSite\",\"@id\":\"https:\/\/frcs-research.com\/#website\",\"url\":\"https:\/\/frcs-research.com\/\",\"name\":\"wholesale supplier of research chemicals, 4mmc, 3mmc, MDPHP, Alpha PVP and more\",\"description\":\"Wholesale research chemicals\",\"potentialAction\":[{\"@type\":\"SearchAction\",\"target\":{\"@type\":\"EntryPoint\",\"urlTemplate\":\"https:\/\/frcs-research.com\/?s={search_term_string}\"},\"query-input\":{\"@type\":\"PropertyValueSpecification\",\"valueRequired\":true,\"valueName\":\"search_term_string\"}}],\"inLanguage\":\"cs\"}]}<\/script>\n<meta property=\"product:price:amount\" content=\"250.00\" \/>\n<meta property=\"product:price:currency\" content=\"EUR\" \/>\n<meta property=\"og:availability\" content=\"instock\" \/>\n<meta property=\"product:availability\" content=\"instock\" \/>\n<meta property=\"product:condition\" content=\"new\" \/>\n<!-- \/ Yoast SEO plugin. -->","yoast_head_json":{"title":"Koupit Cloud 9 Liquid K2 Spray na prodej online \u2013 Koupit K2 Spice Spray Spray","description":"Kupte si Cloud 9 Liquid K2 Spray online na FRCSResearch. Za\u017eijte hladk\u00e9, siln\u00e9 \u00fa\u010dinky tohoto nejl\u00e9pe hodnocen\u00e9ho spreje na ko\u0159en\u00ed K2.","robots":{"index":"index","follow":"follow","max-snippet":"max-snippet:-1","max-image-preview":"max-image-preview:large","max-video-preview":"max-video-preview:-1"},"canonical":"https:\/\/frcs-research.com\/cs\/product\/koupit-cloud-9-liquid-k2\/","og_locale":"cs_CZ","og_type":"article","og_title":"Buy Cloud 9 Liquid K2 Spray for sale Online \u2013 Buy K2 Spice Spray","og_description":"Purchase Cloud 9 Liquid K2 Spray online at FRCSResearch. Experience the smooth, potent effects of this top-rated K2 spice spray.","og_url":"https:\/\/frcs-research.com\/cs\/product\/koupit-cloud-9-liquid-k2\/","og_site_name":"wholesale supplier of research chemicals, 4mmc, 3mmc, MDPHP, Alpha PVP and more","article_modified_time":"2026-04-04T05:02:26+00:00","og_image":[{"width":900,"height":1000,"url":"https:\/\/frcs-research.com\/wp-content\/uploads\/2024\/10\/Magical-quick-dry-200ml-potion-gallery_2_1.webp","type":"image\/webp"}],"twitter_card":"summary_large_image","twitter_misc":{"Cena":"&euro;250.00","Dostupnost":"Skladem"},"schema":{"@context":"https:\/\/schema.org","@graph":[{"@type":["WebPage","ItemPage"],"@id":"https:\/\/frcs-research.com\/product\/buy-cloud-9-liquid-k2\/","url":"https:\/\/frcs-research.com\/product\/buy-cloud-9-liquid-k2\/","name":"Koupit Cloud 9 Liquid K2 Spray na prodej online \u2013 Koupit K2 Spice Spray Spray","isPartOf":{"@id":"https:\/\/frcs-research.com\/#website"},"primaryImageOfPage":{"@id":"https:\/\/frcs-research.com\/product\/buy-cloud-9-liquid-k2\/#primaryimage"},"image":{"@id":"https:\/\/frcs-research.com\/product\/buy-cloud-9-liquid-k2\/#primaryimage"},"thumbnailUrl":"https:\/\/frcs-research.com\/wp-content\/uploads\/2024\/10\/Magical-quick-dry-200ml-potion-gallery_2_1.webp","datePublished":"2024-10-13T10:00:39+00:00","dateModified":"2026-04-04T05:02:26+00:00","description":"Kupte si Cloud 9 Liquid K2 Spray online na FRCSResearch. Za\u017eijte hladk\u00e9, siln\u00e9 \u00fa\u010dinky tohoto nejl\u00e9pe hodnocen\u00e9ho spreje na ko\u0159en\u00ed K2.","breadcrumb":{"@id":"https:\/\/frcs-research.com\/product\/buy-cloud-9-liquid-k2\/#breadcrumb"},"inLanguage":"cs","potentialAction":[{"@type":"ReadAction","target":["https:\/\/frcs-research.com\/product\/buy-cloud-9-liquid-k2\/"]}]},{"@type":"ImageObject","inLanguage":"cs","@id":"https:\/\/frcs-research.com\/product\/buy-cloud-9-liquid-k2\/#primaryimage","url":"https:\/\/frcs-research.com\/wp-content\/uploads\/2024\/10\/Magical-quick-dry-200ml-potion-gallery_2_1.webp","contentUrl":"https:\/\/frcs-research.com\/wp-content\/uploads\/2024\/10\/Magical-quick-dry-200ml-potion-gallery_2_1.webp","width":900,"height":1000,"caption":"Cloud 9 Liquid K2 Spray"},{"@type":"BreadcrumbList","@id":"https:\/\/frcs-research.com\/product\/buy-cloud-9-liquid-k2\/#breadcrumb","itemListElement":[{"@type":"ListItem","position":1,"name":"Home","item":"https:\/\/frcs-research.com\/"},{"@type":"ListItem","position":2,"name":"Shop","item":"https:\/\/frcs-research.com\/shop\/"},{"@type":"ListItem","position":3,"name":"Cloud 9 Liquid K2 Spray"}]},{"@type":"WebSite","@id":"https:\/\/frcs-research.com\/#website","url":"https:\/\/frcs-research.com\/","name":"velkoobchodn\u00ed dodavatel v\u00fdzkumn\u00fdch chemik\u00e1li\u00ed, 4mmc, 3mmc, MDPHP, Alpha PVP a dal\u0161\u00ed","description":"Velkoobchodn\u00ed v\u00fdzkum chemik\u00e1li\u00ed","potentialAction":[{"@type":"SearchAction","target":{"@type":"EntryPoint","urlTemplate":"https:\/\/frcs-research.com\/?s={search_term_string}"},"query-input":{"@type":"PropertyValueSpecification","valueRequired":true,"valueName":"search_term_string"}}],"inLanguage":"cs"}]},"product_price_amount":"250.00","product_price_currency":"EUR","og_availability":"instock","product_availability":"instock","product_condition":"new"},"uagb_featured_image_src":{"full":["https:\/\/frcs-research.com\/wp-content\/uploads\/2024\/10\/Magical-quick-dry-200ml-potion-gallery_2_1.webp",900,1000,false],"thumbnail":["https:\/\/frcs-research.com\/wp-content\/uploads\/2024\/10\/Magical-quick-dry-200ml-potion-gallery_2_1-150x150.webp",150,150,true],"medium":["https:\/\/frcs-research.com\/wp-content\/uploads\/2024\/10\/Magical-quick-dry-200ml-potion-gallery_2_1-270x300.webp",270,300,true],"medium_large":["https:\/\/frcs-research.com\/wp-content\/uploads\/2024\/10\/Magical-quick-dry-200ml-potion-gallery_2_1-768x853.webp",768,853,true],"large":["https:\/\/frcs-research.com\/wp-content\/uploads\/2024\/10\/Magical-quick-dry-200ml-potion-gallery_2_1.webp",900,1000,false],"1536x1536":["https:\/\/frcs-research.com\/wp-content\/uploads\/2024\/10\/Magical-quick-dry-200ml-potion-gallery_2_1.webp",900,1000,false],"2048x2048":["https:\/\/frcs-research.com\/wp-content\/uploads\/2024\/10\/Magical-quick-dry-200ml-potion-gallery_2_1.webp",900,1000,false],"trp-custom-language-flag":["https:\/\/frcs-research.com\/wp-content\/uploads\/2024\/10\/Magical-quick-dry-200ml-potion-gallery_2_1.webp",11,12,false],"post-thumbnail":["https:\/\/frcs-research.com\/wp-content\/uploads\/2024\/10\/Magical-quick-dry-200ml-potion-gallery_2_1.webp",558,620,false],"elite-commerce-slider":["https:\/\/frcs-research.com\/wp-content\/uploads\/2024\/10\/Magical-quick-dry-200ml-potion-gallery_2_1.webp",900,1000,false],"elite-commerce-hero":["https:\/\/frcs-research.com\/wp-content\/uploads\/2024\/10\/Magical-quick-dry-200ml-potion-gallery_2_1.webp",585,650,false],"elite-commerce-portfolio":["https:\/\/frcs-research.com\/wp-content\/uploads\/2024\/10\/Magical-quick-dry-200ml-potion-gallery_2_1.webp",400,444,false],"woocommerce_thumbnail":["https:\/\/frcs-research.com\/wp-content\/uploads\/2024\/10\/Magical-quick-dry-200ml-potion-gallery_2_1-300x300.webp",300,300,true],"woocommerce_single":["https:\/\/frcs-research.com\/wp-content\/uploads\/2024\/10\/Magical-quick-dry-200ml-potion-gallery_2_1-600x667.webp",600,667,true],"woocommerce_gallery_thumbnail":["https:\/\/frcs-research.com\/wp-content\/uploads\/2024\/10\/Magical-quick-dry-200ml-potion-gallery_2_1-100x100.webp",100,100,true]},"uagb_author_info":{"display_name":"Richard Wood","author_link":"https:\/\/frcs-research.com\/cs\/author\/"},"uagb_comment_info":730,"uagb_excerpt":"Buy Cloud 9 Liquid K2 Spray Online \u2013 Premium K2 Spice Spray for Sale at FRCSResearch Looking for a smooth and powerful K2 experience? Cloud 9 Liquid K2 Spray is&hellip;&euro;270.00 P\u016fvodn\u00ed cena byla: &euro;270.00.&euro;250.00Aktu\u00e1ln\u00ed cena je: &euro;250.00.P\u0159idat do ko\u0161\u00edku","_links":{"self":[{"href":"https:\/\/frcs-research.com\/cs\/wp-json\/wp\/v2\/product\/810","targetHints":{"allow":["GET"]}}],"collection":[{"href":"https:\/\/frcs-research.com\/cs\/wp-json\/wp\/v2\/product"}],"about":[{"href":"https:\/\/frcs-research.com\/cs\/wp-json\/wp\/v2\/types\/product"}],"replies":[{"embeddable":true,"href":"https:\/\/frcs-research.com\/cs\/wp-json\/wp\/v2\/comments?post=810"}],"wp:featuredmedia":[{"embeddable":true,"href":"https:\/\/frcs-research.com\/cs\/wp-json\/wp\/v2\/media\/811"}],"wp:attachment":[{"href":"https:\/\/frcs-research.com\/cs\/wp-json\/wp\/v2\/media?parent=810"}],"wp:term":[{"taxonomy":"product_brand","embeddable":true,"href":"https:\/\/frcs-research.com\/cs\/wp-json\/wp\/v2\/product_brand?post=810"},{"taxonomy":"product_cat","embeddable":true,"href":"https:\/\/frcs-research.com\/cs\/wp-json\/wp\/v2\/product_cat?post=810"},{"taxonomy":"product_tag","embeddable":true,"href":"https:\/\/frcs-research.com\/cs\/wp-json\/wp\/v2\/product_tag?post=810"}],"curies":[{"name":"wp","href":"https:\/\/api.w.org\/{rel}","templated":true}]}}