{"id":812,"date":"2024-10-13T10:07:47","date_gmt":"2024-10-13T10:07:47","guid":{"rendered":"https:\/\/frcs-research.com\/?post_type=product&#038;p=812"},"modified":"2026-04-04T10:42:41","modified_gmt":"2026-04-04T10:42:41","slug":"sprej-ak-47-k2","status":"publish","type":"product","link":"https:\/\/frcs-research.com\/cs\/product\/sprej-ak-47-k2\/","title":{"rendered":"AK-47 K2 Spray 20ml"},"content":{"rendered":"<h1><strong>Koupit sprej AK-47 K2 online \u2013 za\u017eijte s\u00edlu nejsiln\u011bj\u0161\u00edho spreje na ko\u0159en\u00ed K2 na FRCSResearch<\/strong><\/h1>\n<p>Pokud hled\u00e1te intenzivn\u00ed a siln\u00fd z\u00e1\u017eitek z K2, <strong>AK-47 K2 sprej<\/strong> je produkt pro v\u00e1s! AK-47, zn\u00e1m\u00fd svou vysokou potenc\u00ed a v\u00fdjime\u010dn\u00fdmi \u00fa\u010dinky, je jedn\u00edm z nejvyhled\u00e1van\u011bj\u0161\u00edch <strong>K2 spreje na ko\u0159en\u00ed<\/strong> na trhu. Na <strong>FRCResearch<\/strong>, nab\u00edz\u00edme v\u00e1m mo\u017enost <strong>kupte si sprej AK-47 K2 online<\/strong>, zaji\u0161\u0165uj\u00edc\u00ed, \u017ee m\u00e1te p\u0159\u00edstup k produkt\u016fm nejvy\u0161\u0161\u00ed kvality, kter\u00e9 p\u0159in\u00e1\u0161ej\u00ed v\u00fdsledky, po kter\u00fdch tou\u017e\u00edte.<\/p>\n<hr \/>\n<h3>Pro\u010d zvolit sprej AK-47 K2?<\/h3>\n<p><strong>AK-47 K2 sprej<\/strong> je zn\u00e1m\u00fd pro sv\u00e9 robustn\u00ed efekty, d\u00edky \u010demu\u017e je obl\u00edben\u00fd mezi nad\u0161enci K2. A\u0165 u\u017e jste zku\u0161en\u00fd u\u017eivatel nebo zkou\u0161\u00edte K2 poprv\u00e9, tento produkt zaru\u010duje siln\u00fd a nezapomenuteln\u00fd z\u00e1\u017eitek. Tady je to, co d\u011bl\u00e1 <strong>AK-47 K2 sprej<\/strong> vy\u010dn\u00edvat:<\/p>\n<ul>\n<li><strong>Intenzivn\u00ed potence<\/strong>: AK-47 K2 Spray, zn\u00e1m\u00fd svou vysokou \u00farovn\u00ed \u00fa\u010dinnosti, nab\u00edz\u00ed jednu z nejsiln\u011bj\u0161\u00edch v\u00fd\u0161ek dostupn\u00fdch na trhu K2.<\/li>\n<li><strong>Dlouhotrvaj\u00edc\u00ed \u00fa\u010dinky<\/strong>: U\u017eijte si hodiny euforie a relaxace, kter\u00e9 tento pr\u00e9miov\u00fd sprej K2 poskytuje.<\/li>\n<li><strong>V\u0161estrann\u00e9 pou\u017eit\u00ed<\/strong>: Ide\u00e1ln\u00ed pro n\u00e1st\u0159ik <strong>Pap\u00edr s infuz\u00ed K2<\/strong> nebo jako samostatn\u00fd produkt pro okam\u017eit\u00e9 \u00fa\u010dinky.<\/li>\n<li><strong>Zaji\u0161t\u011bn\u00ed kvality<\/strong>: Na\u0161e produkty K2, v\u010detn\u011b AK-47, jsou testov\u00e1ny v laborato\u0159i, aby bylo zaji\u0161t\u011bno, \u017ee spl\u0148uj\u00ed nejvy\u0161\u0161\u00ed standardy bezpe\u010dnosti a kvality.<\/li>\n<\/ul>\n<hr \/>\n<h3>Vlastnosti spreje AK-47 K2<\/h3>\n<p>Kdy\u017e vy <strong>kupte si sprej AK-47 K2 online<\/strong>, z\u00edsk\u00e1v\u00e1te produkt, kter\u00fd p\u0159in\u00e1\u0161\u00ed:<\/p>\n<ul>\n<li><strong>Snadn\u00e1 aplikace<\/strong>: Form\u00e1t spreje usnad\u0148uje aplikaci na pap\u00edr nebo jin\u00e9 rostlinn\u00e9 produkty.<\/li>\n<li><strong>Mocn\u00fd z\u00e1\u017eitek<\/strong>: U\u017eivatel\u00e9 hl\u00e1s\u00ed intenzivn\u00ed pocity euforie a relaxace, tak\u017ee je ide\u00e1ln\u00ed pro uvoln\u011bn\u00ed po dlouh\u00e9m dni.<\/li>\n<li><strong>D\u016fv\u011bryhodn\u00e1 zna\u010dka<\/strong>: AK-47 je uzn\u00e1van\u00e9 jm\u00e9no v komunit\u011b K2, zn\u00e1m\u00e9 pro svou konzistenci a kvalitu.<\/li>\n<\/ul>\n<hr \/>\n<h3>Kde koupit AK-47 K2 sprej online?<\/h3>\n<p>M\u016f\u017eete snadno <strong>koupit sprej AK-47 K2<\/strong> z <strong>FRCResearch<\/strong>, v\u00e1\u0161 d\u016fv\u011bryhodn\u00fd online zdroj vysoce kvalitn\u00edch produkt\u016f K2. Na\u0161e webov\u00e9 str\u00e1nky nab\u00edzej\u00ed p\u0159\u00edmou zku\u0161enost s nakupov\u00e1n\u00edm a umo\u017e\u0148uj\u00ed v\u00e1m proch\u00e1zet na\u0161i \u0161irokou nab\u00eddku <a href=\"https:\/\/frcs-research.com\/cs\/product-category\/synteticke-kanabinoidy\/koreni-a-k2\/\"><strong>K2 spreje na ko\u0159en\u00ed<\/strong><\/a> a prove\u010fte sv\u016fj n\u00e1kup bezpe\u010dn\u011b.<\/p>\n<p>Na <strong>FRCResearch<\/strong>, up\u0159ednost\u0148ujeme spokojenost z\u00e1kazn\u00edk\u016f t\u00edm, \u017ee nab\u00edz\u00edme:<\/p>\n<ul>\n<li><strong>Diskr\u00e9tn\u00ed doprava<\/strong>: Va\u0161e soukrom\u00ed je pro n\u00e1s d\u016fle\u017eit\u00e9. V\u0161echny objedn\u00e1vky jsou odes\u00edl\u00e1ny bezpe\u010dn\u011b a diskr\u00e9tn\u011b.<\/li>\n<li><strong>Konkuren\u010dn\u00ed ceny<\/strong>: Poskytujeme nejlep\u0161\u00ed ceny za vysoce kvalitn\u00ed produkty K2 a zaji\u0161\u0165ujeme, \u017ee za sv\u00e9 pen\u00edze z\u00edsk\u00e1te maxim\u00e1ln\u00ed hodnotu.<\/li>\n<li><strong>Rychl\u00e9 dod\u00e1n\u00ed<\/strong>: U\u017eijte si rychl\u00e9 dodac\u00ed lh\u016fty, abyste mohli za\u010d\u00edt pou\u017e\u00edvat K2 co nejd\u0159\u00edve.<\/li>\n<\/ul>\n<hr \/>\n<h3>Jak pou\u017e\u00edvat sprej AK-47 K2<\/h3>\n<p>Pou\u017eit\u00ed <strong>AK-47 K2 sprej<\/strong> je p\u0159\u00edmo\u010dar\u00fd. Jednodu\u0161e nast\u0159\u00edkejte mal\u00e9 mno\u017estv\u00ed <strong>pap\u00edr K2<\/strong> nebo po\u017eadovan\u00fd rostlinn\u00fd produkt a chv\u00edli po\u010dkejte, ne\u017e se \u00fa\u010dinky projev\u00ed. Trochu jde o dlouhou cestu, d\u00edky \u010demu\u017e je to cenov\u011b v\u00fdhodn\u00e1 mo\u017enost pro ty, kte\u0159\u00ed cht\u011bj\u00ed prozkoumat z\u00e1\u017eitek z K2.<\/p>\n<hr \/>\n<h3>Nakupte sprej AK-47 K2 je\u0161t\u011b dnes!<\/h3>\n<p>Nenechte si uj\u00edt p\u0159\u00edle\u017eitost pozvednout sv\u016fj z\u00e1\u017eitek z K2. <strong>Koupit sprej AK-47 K2 online<\/strong> z <strong>FRCResearch<\/strong> dnes a zjist\u011bte, pro\u010d je tento \u00fa\u010dinn\u00fd produkt obl\u00edben\u00fd mezi u\u017eivateli K2. D\u00edky rychl\u00e9, diskr\u00e9tn\u00ed p\u0159eprav\u011b a nep\u0159ekonateln\u00e9 kvalit\u011b n\u00e1m m\u016f\u017eete d\u016fv\u011b\u0159ovat, \u017ee dod\u00e1me to nejlep\u0161\u00ed <strong>K2 spreje na ko\u0159en\u00ed<\/strong> k dispozici.<\/p>\n<p>Objednejte si nyn\u00ed a za\u017eijte siln\u00e9 \u00fa\u010dinky <strong>AK-47 K2 sprej<\/strong>!<\/p>\n<hr \/>\n<p><strong>Integrovan\u00e1 kl\u00ed\u010dov\u00e1 slova<\/strong>:<\/p>\n<ul>\n<li>Koupit sprej AK-47 K2 online<\/li>\n<li>Prod\u00e1m sprej AK-47 K2<\/li>\n<li>Nejsiln\u011bj\u0161\u00ed sprej na ko\u0159en\u00ed K2<\/li>\n<li>K2 sprej na pap\u00edr<\/li>\n<li>Kde koupit sprej AK-47 K2<\/li>\n<li>K2 sprej na ko\u0159en\u00ed online<\/li>\n<li>Pr\u00e9miov\u00e9 produkty K2<\/li>\n<\/ul>","protected":false},"excerpt":{"rendered":"<p>Buy AK-47 K2 Spray Online \u2013 Experience the Potency of the Strongest K2 Spice Spray at FRCSResearch If you\u2019re looking for an intense and powerful K2 experience, AK-47 K2 Spray&hellip;<\/p>\n<p class=\"product woocommerce add_to_cart_inline\" style=\"border:4px solid #ccc; padding: 12px;\"><del aria-hidden=\"true\"><span class=\"woocommerce-Price-amount amount\"><bdi><span class=\"woocommerce-Price-currencySymbol\">&euro;<\/span>90.00<\/bdi><\/span><\/del> <span class=\"screen-reader-text\" data-no-translation=\"\" data-trp-gettext=\"\">P\u016fvodn\u00ed cena byla: &euro;90.00.<\/span><ins aria-hidden=\"true\"><span class=\"woocommerce-Price-amount amount\"><bdi><span class=\"woocommerce-Price-currencySymbol\">&euro;<\/span>80.00<\/bdi><\/span><\/ins><span class=\"screen-reader-text\" data-no-translation=\"\" data-trp-gettext=\"\">Aktu\u00e1ln\u00ed cena je: &euro;80.00.<\/span><a href=\"\/cs\/wp-json\/wp\/v2\/product\/812?add-to-cart=812\" aria-describedby=\"woocommerce_loop_add_to_cart_link_describedby_812\" data-quantity=\"1\" class=\"button product_type_simple add_to_cart_button ajax_add_to_cart\" data-product_id=\"812\" data-product_sku=\"\" aria-label=\"P\u0159idat do ko\u0161\u00edku: \u201cAK-47 K2 Spray 20ml\u201d\" rel=\"nofollow\" data-success_message=\"\u201eAK-47 K2 Spray 20ml\u201c byl p\u0159id\u00e1n do va\u0161eho ko\u0161\u00edku\" data-no-translation=\"\" data-trp-gettext=\"\" data-no-translation-aria-label=\"\" data-no-translation-data-success_message=\"\">P\u0159idat do ko\u0161\u00edku<\/a>\t<span id=\"woocommerce_loop_add_to_cart_link_describedby_812\" class=\"screen-reader-text\"><br \/>\n\t\t\t<\/span><\/p>","protected":false},"featured_media":813,"comment_status":"open","ping_status":"closed","template":"","meta":{"_uag_custom_page_level_css":""},"product_brand":[],"product_cat":[124],"product_tag":[],"class_list":{"0":"post-812","1":"product","2":"type-product","3":"status-publish","4":"has-post-thumbnail","6":"product_cat-spice-and-k2","8":"first","9":"instock","10":"sale","11":"shipping-taxable","12":"purchasable","13":"product-type-simple"},"yoast_head":"<!-- This site is optimized with the Yoast SEO plugin v27.1.1 - https:\/\/yoast.com\/product\/yoast-seo-wordpress\/ -->\n<title>Buy AK-47 K2 Spray Online \u2013 Strongest K2 Spice Spray for Sale<\/title>\n<meta name=\"description\" content=\"Buy AK-47 K2 Spray online at FRCSResearch. Experience intense potency and long-lasting effects from this top-rated K2 spice spray.\" \/>\n<meta name=\"robots\" content=\"index, follow, max-snippet:-1, max-image-preview:large, max-video-preview:-1\" \/>\n<link rel=\"canonical\" href=\"https:\/\/frcs-research.com\/cs\/product\/sprej-ak-47-k2\/\" \/>\n<meta property=\"og:locale\" content=\"cs_CZ\" \/>\n<meta property=\"og:type\" content=\"article\" \/>\n<meta property=\"og:title\" content=\"Buy AK-47 K2 Spray Online \u2013 Strongest K2 Spice Spray for Sale\" \/>\n<meta property=\"og:description\" content=\"Buy AK-47 K2 Spray online at FRCSResearch. Experience intense potency and long-lasting effects from this top-rated K2 spice spray.\" \/>\n<meta property=\"og:url\" content=\"https:\/\/frcs-research.com\/cs\/product\/sprej-ak-47-k2\/\" \/>\n<meta property=\"og:site_name\" content=\"wholesale supplier of research chemicals, 4mmc, 3mmc, MDPHP, Alpha PVP and more\" \/>\n<meta property=\"article:modified_time\" content=\"2026-04-04T10:42:41+00:00\" \/>\n<meta property=\"og:image\" content=\"https:\/\/frcs-research.com\/wp-content\/uploads\/2024\/10\/terpenes-e-liquid-ak-47.jpg\" \/>\n\t<meta property=\"og:image:width\" content=\"250\" \/>\n\t<meta property=\"og:image:height\" content=\"250\" \/>\n\t<meta property=\"og:image:type\" content=\"image\/jpeg\" \/>\n<meta name=\"twitter:card\" content=\"summary_large_image\" \/>\n<meta name=\"twitter:label1\" content=\"Cena\" \/>\n\t<meta name=\"twitter:data1\" content=\"&euro;80.00\" \/>\n\t<meta name=\"twitter:label2\" content=\"Dostupnost\" \/>\n\t<meta name=\"twitter:data2\" content=\"Skladem\" \/>\n<script type=\"application\/ld+json\" class=\"yoast-schema-graph\">{\"@context\":\"https:\/\/schema.org\",\"@graph\":[{\"@type\":[\"WebPage\",\"ItemPage\"],\"@id\":\"https:\/\/frcs-research.com\/product\/ak-47-k2-spray\/\",\"url\":\"https:\/\/frcs-research.com\/product\/ak-47-k2-spray\/\",\"name\":\"Buy AK-47 K2 Spray Online \u2013 Strongest K2 Spice Spray for Sale\",\"isPartOf\":{\"@id\":\"https:\/\/frcs-research.com\/#website\"},\"primaryImageOfPage\":{\"@id\":\"https:\/\/frcs-research.com\/product\/ak-47-k2-spray\/#primaryimage\"},\"image\":{\"@id\":\"https:\/\/frcs-research.com\/product\/ak-47-k2-spray\/#primaryimage\"},\"thumbnailUrl\":\"https:\/\/frcs-research.com\/wp-content\/uploads\/2024\/10\/terpenes-e-liquid-ak-47.jpg\",\"datePublished\":\"2024-10-13T10:07:47+00:00\",\"dateModified\":\"2026-04-04T10:42:41+00:00\",\"description\":\"Buy AK-47 K2 Spray online at FRCSResearch. Experience intense potency and long-lasting effects from this top-rated K2 spice spray.\",\"breadcrumb\":{\"@id\":\"https:\/\/frcs-research.com\/product\/ak-47-k2-spray\/#breadcrumb\"},\"inLanguage\":\"cs\",\"potentialAction\":[{\"@type\":\"ReadAction\",\"target\":[\"https:\/\/frcs-research.com\/product\/ak-47-k2-spray\/\"]}]},{\"@type\":\"ImageObject\",\"inLanguage\":\"cs\",\"@id\":\"https:\/\/frcs-research.com\/product\/ak-47-k2-spray\/#primaryimage\",\"url\":\"https:\/\/frcs-research.com\/wp-content\/uploads\/2024\/10\/terpenes-e-liquid-ak-47.jpg\",\"contentUrl\":\"https:\/\/frcs-research.com\/wp-content\/uploads\/2024\/10\/terpenes-e-liquid-ak-47.jpg\",\"width\":250,\"height\":250,\"caption\":\"Buy AK-47 K2 Spray Online\"},{\"@type\":\"BreadcrumbList\",\"@id\":\"https:\/\/frcs-research.com\/product\/ak-47-k2-spray\/#breadcrumb\",\"itemListElement\":[{\"@type\":\"ListItem\",\"position\":1,\"name\":\"Home\",\"item\":\"https:\/\/frcs-research.com\/\"},{\"@type\":\"ListItem\",\"position\":2,\"name\":\"Shop\",\"item\":\"https:\/\/frcs-research.com\/shop\/\"},{\"@type\":\"ListItem\",\"position\":3,\"name\":\"AK-47 K2 Spray 20ml\"}]},{\"@type\":\"WebSite\",\"@id\":\"https:\/\/frcs-research.com\/#website\",\"url\":\"https:\/\/frcs-research.com\/\",\"name\":\"wholesale supplier of research chemicals, 4mmc, 3mmc, MDPHP, Alpha PVP and more\",\"description\":\"Wholesale research chemicals\",\"potentialAction\":[{\"@type\":\"SearchAction\",\"target\":{\"@type\":\"EntryPoint\",\"urlTemplate\":\"https:\/\/frcs-research.com\/?s={search_term_string}\"},\"query-input\":{\"@type\":\"PropertyValueSpecification\",\"valueRequired\":true,\"valueName\":\"search_term_string\"}}],\"inLanguage\":\"cs\"}]}<\/script>\n<meta property=\"product:price:amount\" content=\"80.00\" \/>\n<meta property=\"product:price:currency\" content=\"EUR\" \/>\n<meta property=\"og:availability\" content=\"instock\" \/>\n<meta property=\"product:availability\" content=\"instock\" \/>\n<meta property=\"product:condition\" content=\"new\" \/>\n<!-- \/ Yoast SEO plugin. -->","yoast_head_json":{"title":"Koupit sprej AK-47 K2 online \u2013 nejsiln\u011bj\u0161\u00ed sprej na ko\u0159en\u00ed K2 na prodej","description":"Kupte si sprej AK-47 K2 online na FRCSResearch. Za\u017eijte intenzivn\u00ed s\u00edlu a dlouhotrvaj\u00edc\u00ed \u00fa\u010dinky tohoto nejl\u00e9pe hodnocen\u00e9ho spreje na ko\u0159en\u00ed K2.","robots":{"index":"index","follow":"follow","max-snippet":"max-snippet:-1","max-image-preview":"max-image-preview:large","max-video-preview":"max-video-preview:-1"},"canonical":"https:\/\/frcs-research.com\/cs\/product\/sprej-ak-47-k2\/","og_locale":"cs_CZ","og_type":"article","og_title":"Buy AK-47 K2 Spray Online \u2013 Strongest K2 Spice Spray for Sale","og_description":"Buy AK-47 K2 Spray online at FRCSResearch. Experience intense potency and long-lasting effects from this top-rated K2 spice spray.","og_url":"https:\/\/frcs-research.com\/cs\/product\/sprej-ak-47-k2\/","og_site_name":"wholesale supplier of research chemicals, 4mmc, 3mmc, MDPHP, Alpha PVP and more","article_modified_time":"2026-04-04T10:42:41+00:00","og_image":[{"width":250,"height":250,"url":"https:\/\/frcs-research.com\/wp-content\/uploads\/2024\/10\/terpenes-e-liquid-ak-47.jpg","type":"image\/jpeg"}],"twitter_card":"summary_large_image","twitter_misc":{"Cena":"&euro;80.00","Dostupnost":"Skladem"},"schema":{"@context":"https:\/\/schema.org","@graph":[{"@type":["WebPage","ItemPage"],"@id":"https:\/\/frcs-research.com\/product\/ak-47-k2-spray\/","url":"https:\/\/frcs-research.com\/product\/ak-47-k2-spray\/","name":"Koupit sprej AK-47 K2 online \u2013 nejsiln\u011bj\u0161\u00ed sprej na ko\u0159en\u00ed K2 na prodej","isPartOf":{"@id":"https:\/\/frcs-research.com\/#website"},"primaryImageOfPage":{"@id":"https:\/\/frcs-research.com\/product\/ak-47-k2-spray\/#primaryimage"},"image":{"@id":"https:\/\/frcs-research.com\/product\/ak-47-k2-spray\/#primaryimage"},"thumbnailUrl":"https:\/\/frcs-research.com\/wp-content\/uploads\/2024\/10\/terpenes-e-liquid-ak-47.jpg","datePublished":"2024-10-13T10:07:47+00:00","dateModified":"2026-04-04T10:42:41+00:00","description":"Kupte si sprej AK-47 K2 online na FRCSResearch. Za\u017eijte intenzivn\u00ed s\u00edlu a dlouhotrvaj\u00edc\u00ed \u00fa\u010dinky tohoto nejl\u00e9pe hodnocen\u00e9ho spreje na ko\u0159en\u00ed K2.","breadcrumb":{"@id":"https:\/\/frcs-research.com\/product\/ak-47-k2-spray\/#breadcrumb"},"inLanguage":"cs","potentialAction":[{"@type":"ReadAction","target":["https:\/\/frcs-research.com\/product\/ak-47-k2-spray\/"]}]},{"@type":"ImageObject","inLanguage":"cs","@id":"https:\/\/frcs-research.com\/product\/ak-47-k2-spray\/#primaryimage","url":"https:\/\/frcs-research.com\/wp-content\/uploads\/2024\/10\/terpenes-e-liquid-ak-47.jpg","contentUrl":"https:\/\/frcs-research.com\/wp-content\/uploads\/2024\/10\/terpenes-e-liquid-ak-47.jpg","width":250,"height":250,"caption":"Buy AK-47 K2 Spray Online"},{"@type":"BreadcrumbList","@id":"https:\/\/frcs-research.com\/product\/ak-47-k2-spray\/#breadcrumb","itemListElement":[{"@type":"ListItem","position":1,"name":"Home","item":"https:\/\/frcs-research.com\/"},{"@type":"ListItem","position":2,"name":"Shop","item":"https:\/\/frcs-research.com\/shop\/"},{"@type":"ListItem","position":3,"name":"AK-47 K2 Spray 20ml"}]},{"@type":"WebSite","@id":"https:\/\/frcs-research.com\/#website","url":"https:\/\/frcs-research.com\/","name":"velkoobchodn\u00ed dodavatel v\u00fdzkumn\u00fdch chemik\u00e1li\u00ed, 4mmc, 3mmc, MDPHP, Alpha PVP a dal\u0161\u00ed","description":"Velkoobchodn\u00ed v\u00fdzkum chemik\u00e1li\u00ed","potentialAction":[{"@type":"SearchAction","target":{"@type":"EntryPoint","urlTemplate":"https:\/\/frcs-research.com\/?s={search_term_string}"},"query-input":{"@type":"PropertyValueSpecification","valueRequired":true,"valueName":"search_term_string"}}],"inLanguage":"cs"}]},"product_price_amount":"80.00","product_price_currency":"EUR","og_availability":"instock","product_availability":"instock","product_condition":"new"},"uagb_featured_image_src":{"full":["https:\/\/frcs-research.com\/wp-content\/uploads\/2024\/10\/terpenes-e-liquid-ak-47.jpg",250,250,false],"thumbnail":["https:\/\/frcs-research.com\/wp-content\/uploads\/2024\/10\/terpenes-e-liquid-ak-47-150x150.jpg",150,150,true],"medium":["https:\/\/frcs-research.com\/wp-content\/uploads\/2024\/10\/terpenes-e-liquid-ak-47.jpg",250,250,false],"medium_large":["https:\/\/frcs-research.com\/wp-content\/uploads\/2024\/10\/terpenes-e-liquid-ak-47.jpg",250,250,false],"large":["https:\/\/frcs-research.com\/wp-content\/uploads\/2024\/10\/terpenes-e-liquid-ak-47.jpg",250,250,false],"1536x1536":["https:\/\/frcs-research.com\/wp-content\/uploads\/2024\/10\/terpenes-e-liquid-ak-47.jpg",250,250,false],"2048x2048":["https:\/\/frcs-research.com\/wp-content\/uploads\/2024\/10\/terpenes-e-liquid-ak-47.jpg",250,250,false],"trp-custom-language-flag":["https:\/\/frcs-research.com\/wp-content\/uploads\/2024\/10\/terpenes-e-liquid-ak-47.jpg",12,12,false],"post-thumbnail":["https:\/\/frcs-research.com\/wp-content\/uploads\/2024\/10\/terpenes-e-liquid-ak-47.jpg",250,250,false],"elite-commerce-slider":["https:\/\/frcs-research.com\/wp-content\/uploads\/2024\/10\/terpenes-e-liquid-ak-47.jpg",250,250,false],"elite-commerce-hero":["https:\/\/frcs-research.com\/wp-content\/uploads\/2024\/10\/terpenes-e-liquid-ak-47.jpg",250,250,false],"elite-commerce-portfolio":["https:\/\/frcs-research.com\/wp-content\/uploads\/2024\/10\/terpenes-e-liquid-ak-47.jpg",250,250,false],"woocommerce_thumbnail":["https:\/\/frcs-research.com\/wp-content\/uploads\/2024\/10\/terpenes-e-liquid-ak-47.jpg",250,250,false],"woocommerce_single":["https:\/\/frcs-research.com\/wp-content\/uploads\/2024\/10\/terpenes-e-liquid-ak-47.jpg",250,250,false],"woocommerce_gallery_thumbnail":["https:\/\/frcs-research.com\/wp-content\/uploads\/2024\/10\/terpenes-e-liquid-ak-47-100x100.jpg",100,100,true]},"uagb_author_info":{"display_name":"Richard Wood","author_link":"https:\/\/frcs-research.com\/cs\/author\/"},"uagb_comment_info":753,"uagb_excerpt":"Buy AK-47 K2 Spray Online \u2013 Experience the Potency of the Strongest K2 Spice Spray at FRCSResearch If you\u2019re looking for an intense and powerful K2 experience, AK-47 K2 Spray&hellip;&euro;90.00 P\u016fvodn\u00ed cena byla: &euro;90.00.&euro;80.00Aktu\u00e1ln\u00ed cena je: &euro;80.00.P\u0159idat do ko\u0161\u00edku","_links":{"self":[{"href":"https:\/\/frcs-research.com\/cs\/wp-json\/wp\/v2\/product\/812","targetHints":{"allow":["GET"]}}],"collection":[{"href":"https:\/\/frcs-research.com\/cs\/wp-json\/wp\/v2\/product"}],"about":[{"href":"https:\/\/frcs-research.com\/cs\/wp-json\/wp\/v2\/types\/product"}],"replies":[{"embeddable":true,"href":"https:\/\/frcs-research.com\/cs\/wp-json\/wp\/v2\/comments?post=812"}],"wp:featuredmedia":[{"embeddable":true,"href":"https:\/\/frcs-research.com\/cs\/wp-json\/wp\/v2\/media\/813"}],"wp:attachment":[{"href":"https:\/\/frcs-research.com\/cs\/wp-json\/wp\/v2\/media?parent=812"}],"wp:term":[{"taxonomy":"product_brand","embeddable":true,"href":"https:\/\/frcs-research.com\/cs\/wp-json\/wp\/v2\/product_brand?post=812"},{"taxonomy":"product_cat","embeddable":true,"href":"https:\/\/frcs-research.com\/cs\/wp-json\/wp\/v2\/product_cat?post=812"},{"taxonomy":"product_tag","embeddable":true,"href":"https:\/\/frcs-research.com\/cs\/wp-json\/wp\/v2\/product_tag?post=812"}],"curies":[{"name":"wp","href":"https:\/\/api.w.org\/{rel}","templated":true}]}}