{"id":814,"date":"2024-10-13T10:16:09","date_gmt":"2024-10-13T10:16:09","guid":{"rendered":"https:\/\/frcs-research.com\/?post_type=product&#038;p=814"},"modified":"2026-04-04T06:53:05","modified_gmt":"2026-04-04T06:53:05","slug":"koupit-papir-k2","status":"publish","type":"product","link":"https:\/\/frcs-research.com\/cs\/product\/koupit-papir-k2\/","title":{"rendered":"K2 Paper 1sheet"},"content":{"rendered":"<h1><strong>V\u00edtejte ve FRCSResearch \u2013 v\u00e1\u0161 d\u016fv\u011bryhodn\u00fd zdroj pro ty nejsiln\u011bj\u0161\u00ed produkty K2<\/strong><\/h1>\n<p>Na <strong>FRCResearch<\/strong>, specializujeme se na poskytov\u00e1n\u00ed <strong>nejsiln\u011bj\u0161\u00ed sprej K2 na pap\u00edr<\/strong> a dal\u0161\u00ed vysoce kvalitn\u00ed produkty K2. A\u0165 u\u017e chcete zlep\u0161it sv\u00e9 z\u00e1\u017eitky <strong>Pap\u00edr s infuz\u00ed K2<\/strong> nebo hledat <strong>nejsiln\u011bj\u0161\u00ed sprej K2 na prodej<\/strong>, vy\u0159e\u0161ili jsme v\u00e1s. Na\u0161\u00edm posl\u00e1n\u00edm je dod\u00e1vat v\u00fdjime\u010dn\u00e9 produkty za dostupn\u00e9 ceny p\u0159i zaji\u0161t\u011bn\u00ed nejvy\u0161\u0161\u00ed kvality a bezpe\u010dnostn\u00edch standard\u016f.<\/p>\n<hr \/>\n<h3>Objevte nejsiln\u011bj\u0161\u00ed sprej K2 na prodej<\/h3>\n<p>Hled\u00e1 se <strong>nejsiln\u011bj\u0161\u00ed sprej K2 na prodej<\/strong>? Jste na spr\u00e1vn\u00e9m m\u00edst\u011b! N\u00e1\u0161 v\u00fdb\u011br zahrnuje r\u016fzn\u00e9 vysoce \u00fa\u010dinn\u00e9 l\u00e1tky <a href=\"https:\/\/frcs-research.com\/cs\/product-category\/synteticke-kanabinoidy\/koreni-a-k2\/\">K2 spreje<\/a> navr\u017eeny tak, aby poskytovaly intenzivn\u00ed a dlouhotrvaj\u00edc\u00ed z\u00e1\u017eitek. Zde je d\u016fvod, pro\u010d byste si m\u011bli vybrat <strong>FRCResearch<\/strong> pro va\u0161e pot\u0159eby K2:<\/p>\n<ul>\n<li><strong>Vysoce kvalitn\u00ed spreje K2<\/strong>: Na\u0161e spreje jsou navr\u017eeny tak, aby poskytovaly siln\u00e9 \u00fa\u010dinky a zajistily, \u017ee z n\u00e1kupu vyt\u011b\u017e\u00edte maximum.<\/li>\n<li><strong>V\u0161estrann\u00e9 mo\u017enosti<\/strong>: Pou\u017eijte na\u0161e K2 spreje na <strong>Pap\u00edr s infuz\u00ed K2<\/strong> pro v\u011bt\u0161\u00ed pohodl\u00ed a \u00fa\u010dinnost.<\/li>\n<\/ul>\n<hr \/>\n<h3>Prozkoumejte n\u00e1\u0161 infuzn\u00ed pap\u00edr K2 na prodej<\/h3>\n<p>Nab\u00edz\u00edme r\u016fzn\u00e9 <strong>Prod\u00e1m pap\u00edr napln\u011bn\u00fd K2<\/strong>, navr\u017een\u00fd tak, aby maximalizoval v\u00e1\u0161 z\u00e1\u017eitek z K2. N\u00e1\u0161 pap\u00edr je ide\u00e1ln\u00ed pro ty, kte\u0159\u00ed cht\u011bj\u00ed diskr\u00e9tn\u00ed a snadn\u00fd zp\u016fsob, jak si u\u017e\u00edt K2. Zde je to, co m\u016f\u017eete o\u010dek\u00e1vat, kdy\u017e u n\u00e1s nakupujete:<\/p>\n<ul>\n<li><strong>Levn\u00fd infuzn\u00ed pap\u00edr K2<\/strong>: Kvalita nemus\u00ed zruinovat banku. Nab\u00edz\u00edme konkurenceschopn\u00e9 ceny <strong>Pap\u00edr s infuz\u00ed K2<\/strong>, \u010d\u00edm\u017e je p\u0159\u00edstupn\u00fd v\u0161em.<\/li>\n<li><strong>Nejsiln\u011bj\u0161\u00ed dostupn\u00fd pap\u00edr K2<\/strong>: N\u00e1\u0161 pap\u00edr napln\u011bn\u00fd K2 je navr\u017een tak, aby poskytoval nejsiln\u011bj\u0161\u00ed efekty a zajistil v\u00e1m siln\u00fd a p\u0159\u00edjemn\u00fd z\u00e1\u017eitek.<\/li>\n<\/ul>\n<hr \/>\n<h3>Kde koupit pap\u00edr K2<\/h3>\n<p>Pokud se div\u00edte <strong>kde koupit pap\u00edr K2<\/strong>, u\u017e nehledejte! <strong>FRCResearch<\/strong> poskytuje jednoduch\u00fd n\u00e1kupn\u00ed z\u00e1\u017eitek se \u0161irok\u00fdm v\u00fdb\u011brem produkt\u016f K2:<\/p>\n<ul>\n<li><strong>K2 v\u011bze\u0148sk\u00fd pap\u00edr<\/strong>: Nab\u00edz\u00edme jedine\u010dnou mo\u017enost <strong>koupit v\u011bze\u0148sk\u00fd pap\u00edr K2 online<\/strong>, ide\u00e1ln\u00ed pro ty, kte\u0159\u00ed hledaj\u00ed konkr\u00e9tn\u00ed p\u0159\u00edpady pou\u017eit\u00ed. N\u00e1\u0161 v\u011bze\u0148sk\u00fd pap\u00edr je navr\u017een pro snadnou aplikaci a efektivn\u00ed pou\u017eit\u00ed.<\/li>\n<li><strong>K2 Spice Kde koupit<\/strong>: Na\u0161e webov\u00e9 str\u00e1nky jsou va\u0161\u00edm jedin\u00fdm kontaktn\u00edm m\u00edstem pro v\u0161echny v\u011bci K2. A\u0165 u\u017e pot\u0159ebujete spreje, infuzn\u00ed pap\u00edr nebo jin\u00e9 produkty K2, v\u0161echny je najdete na jednom pohodln\u00e9m m\u00edst\u011b.<\/li>\n<\/ul>\n<hr \/>\n<h3>Pro\u010d zvolit FRCSResearch?<\/h3>\n<p>Na <strong>FRCResearch<\/strong>, jsme odhodl\u00e1ni poskytovat nejlep\u0161\u00ed produkty K2 na trhu. Zde je d\u016fvod, pro\u010d byste m\u011bli nakupovat u n\u00e1s:<\/p>\n<ul>\n<li><strong>Zaji\u0161t\u011bn\u00ed kvality<\/strong>: V\u0161echny na\u0161e produkty jsou testov\u00e1ny na bezpe\u010dnost a \u00fa\u010dinnost, co\u017e zaji\u0161\u0165uje, \u017ee dostanete jen to nejlep\u0161\u00ed.<\/li>\n<li><strong>Diskr\u00e9tn\u00ed doprava<\/strong>: V\u00e1\u017e\u00edme si va\u0161eho soukrom\u00ed. V\u0161echny objedn\u00e1vky jsou odes\u00edl\u00e1ny diskr\u00e9tn\u011b, co\u017e zaji\u0161\u0165uje d\u016fv\u011brnost.<\/li>\n<li><strong>Spokojenost z\u00e1kazn\u00edk\u016f<\/strong>: Na\u0161\u00ed nejvy\u0161\u0161\u00ed prioritou je va\u0161e spokojenost. Sna\u017e\u00edme se poskytovat v\u00fdjime\u010dn\u00fd z\u00e1\u017eitek z nakupov\u00e1n\u00ed.<\/li>\n<\/ul>\n<hr \/>\n<h3>Nakupujte ty nejsiln\u011bj\u0161\u00ed produkty K2 je\u0161t\u011b dnes!<\/h3>\n<p>Jste p\u0159ipraveni pozvednout sv\u00e9 zku\u0161enosti? <strong>Kupte si pap\u00edr K2 a nejsiln\u011bj\u0161\u00ed spreje K2<\/strong> z <strong>FRCResearch<\/strong> dnes! S na\u0161\u00edm \u0161irok\u00fdm v\u00fdb\u011brem, konkuren\u010dn\u00edmi cenami a z\u00e1vazkem kvality najdete v\u0161e, co pot\u0159ebujete pro dokonal\u00fd z\u00e1\u017eitek z K2. Ne\u010dekejte \u2013 objednejte nyn\u00ed a objevte to nejlep\u0161\u00ed z produkt\u016f K2!<\/p>\n<hr \/>\n<p><strong>Integrovan\u00e1 kl\u00ed\u010dov\u00e1 slova<\/strong>:<\/p>\n<ul>\n<li>Nejsiln\u011bj\u0161\u00ed sprej K2 na pap\u00edr,<\/li>\n<li>Nejsiln\u011bj\u0161\u00ed sprej K2 na prodej,<\/li>\n<li>Prod\u00e1m infuzn\u00ed pap\u00edr K2,<\/li>\n<li>Levn\u00fd infuzn\u00ed pap\u00edr K2,<\/li>\n<li>Kde koupit pap\u00edr K2,<\/li>\n<li>Nejpevn\u011bj\u0161\u00ed pap\u00edr K2,<\/li>\n<li>Koupit v\u011bze\u0148sk\u00fd pap\u00edr K2 online,<\/li>\n<\/ul>","protected":false},"excerpt":{"rendered":"<p>Welcome to FRCSResearch \u2013 Your Trusted Source for the Strongest K2 Products At FRCSResearch, we specialize in providing the strongest K2 spray on paper and other high-quality K2 products. Whether&hellip;<\/p>\n<p class=\"product woocommerce add_to_cart_inline\" style=\"border:4px solid #ccc; padding: 12px;\"><del aria-hidden=\"true\"><span class=\"woocommerce-Price-amount amount\"><bdi><span class=\"woocommerce-Price-currencySymbol\">&euro;<\/span>130.00<\/bdi><\/span><\/del> <span class=\"screen-reader-text\" data-no-translation=\"\" data-trp-gettext=\"\">P\u016fvodn\u00ed cena byla: &euro;130.00.<\/span><ins aria-hidden=\"true\"><span class=\"woocommerce-Price-amount amount\"><bdi><span class=\"woocommerce-Price-currencySymbol\">&euro;<\/span>120.00<\/bdi><\/span><\/ins><span class=\"screen-reader-text\" data-no-translation=\"\" data-trp-gettext=\"\">Aktu\u00e1ln\u00ed cena je: &euro;120.00.<\/span><a href=\"\/cs\/wp-json\/wp\/v2\/product\/814?add-to-cart=814\" aria-describedby=\"woocommerce_loop_add_to_cart_link_describedby_814\" data-quantity=\"1\" class=\"button product_type_simple add_to_cart_button ajax_add_to_cart\" data-product_id=\"814\" data-product_sku=\"\" aria-label=\"P\u0159idat do ko\u0161\u00edku: \u201cK2 Paper 1sheet\u201d\" rel=\"nofollow\" data-success_message=\"\u201eK2 Paper 1sheet\u201c byl p\u0159id\u00e1n do va\u0161eho ko\u0161\u00edku\" data-no-translation=\"\" data-trp-gettext=\"\" data-no-translation-aria-label=\"\" data-no-translation-data-success_message=\"\">P\u0159idat do ko\u0161\u00edku<\/a>\t<span id=\"woocommerce_loop_add_to_cart_link_describedby_814\" class=\"screen-reader-text\"><br \/>\n\t\t\t<\/span><\/p>","protected":false},"featured_media":816,"comment_status":"open","ping_status":"closed","template":"","meta":{"_uag_custom_page_level_css":""},"product_brand":[],"product_cat":[124],"product_tag":[139,136,135,138,134,133,137],"class_list":{"0":"post-814","1":"product","2":"type-product","3":"status-publish","4":"has-post-thumbnail","6":"product_cat-spice-and-k2","7":"product_tag-buy-k2-jail-paper-online","8":"product_tag-cheap-k2-infused-paper","9":"product_tag-k2-infused-paper-for-sale","10":"product_tag-strongest-k2-paper","11":"product_tag-strongest-k2-spray-for-sale","12":"product_tag-strongest-k2-spray-on-paper","13":"product_tag-where-to-buy-k2-paper","15":"first","16":"instock","17":"sale","18":"shipping-taxable","19":"purchasable","20":"product-type-simple"},"yoast_head":"<!-- This site is optimized with the Yoast SEO plugin v27.1.1 - https:\/\/yoast.com\/product\/yoast-seo-wordpress\/ -->\n<title>Where to buy K2 paper, Strongest K2 Spray<\/title>\n<meta name=\"description\" content=\"Buy k2 paper and K2-infused paper for sale at FRCSResearch. Enjoy affordable prices on high-quality K2 products, including cheap K2 infused paper and K2 jail paper.\" \/>\n<meta name=\"robots\" content=\"index, follow, max-snippet:-1, max-image-preview:large, max-video-preview:-1\" \/>\n<link rel=\"canonical\" href=\"https:\/\/frcs-research.com\/cs\/product\/koupit-papir-k2\/\" \/>\n<meta property=\"og:locale\" content=\"cs_CZ\" \/>\n<meta property=\"og:type\" content=\"article\" \/>\n<meta property=\"og:title\" content=\"Where to buy K2 paper, Strongest K2 Spray\" \/>\n<meta property=\"og:description\" content=\"Buy k2 paper and K2-infused paper for sale at FRCSResearch. Enjoy affordable prices on high-quality K2 products, including cheap K2 infused paper and K2 jail paper.\" \/>\n<meta property=\"og:url\" content=\"https:\/\/frcs-research.com\/cs\/product\/koupit-papir-k2\/\" \/>\n<meta property=\"og:site_name\" content=\"wholesale supplier of research chemicals, 4mmc, 3mmc, MDPHP, Alpha PVP and more\" \/>\n<meta property=\"article:modified_time\" content=\"2026-04-04T06:53:05+00:00\" \/>\n<meta property=\"og:image\" content=\"https:\/\/frcs-research.com\/wp-content\/uploads\/2024\/10\/225407533669842a25f6c2922768036.jpg\" \/>\n\t<meta property=\"og:image:width\" content=\"614\" \/>\n\t<meta property=\"og:image:height\" content=\"768\" \/>\n\t<meta property=\"og:image:type\" content=\"image\/jpeg\" \/>\n<meta name=\"twitter:card\" content=\"summary_large_image\" \/>\n<meta name=\"twitter:label1\" content=\"Cena\" \/>\n\t<meta name=\"twitter:data1\" content=\"&euro;120.00\" \/>\n\t<meta name=\"twitter:label2\" content=\"Dostupnost\" \/>\n\t<meta name=\"twitter:data2\" content=\"Skladem\" \/>\n<script type=\"application\/ld+json\" class=\"yoast-schema-graph\">{\"@context\":\"https:\/\/schema.org\",\"@graph\":[{\"@type\":[\"WebPage\",\"ItemPage\"],\"@id\":\"https:\/\/frcs-research.com\/product\/buy-k2-paper\/\",\"url\":\"https:\/\/frcs-research.com\/product\/buy-k2-paper\/\",\"name\":\"Where to buy K2 paper, Strongest K2 Spray\",\"isPartOf\":{\"@id\":\"https:\/\/frcs-research.com\/#website\"},\"primaryImageOfPage\":{\"@id\":\"https:\/\/frcs-research.com\/product\/buy-k2-paper\/#primaryimage\"},\"image\":{\"@id\":\"https:\/\/frcs-research.com\/product\/buy-k2-paper\/#primaryimage\"},\"thumbnailUrl\":\"https:\/\/frcs-research.com\/wp-content\/uploads\/2024\/10\/225407533669842a25f6c2922768036.jpg\",\"datePublished\":\"2024-10-13T10:16:09+00:00\",\"dateModified\":\"2026-04-04T06:53:05+00:00\",\"description\":\"Buy k2 paper and K2-infused paper for sale at FRCSResearch. Enjoy affordable prices on high-quality K2 products, including cheap K2 infused paper and K2 jail paper.\",\"breadcrumb\":{\"@id\":\"https:\/\/frcs-research.com\/product\/buy-k2-paper\/#breadcrumb\"},\"inLanguage\":\"cs\",\"potentialAction\":[{\"@type\":\"ReadAction\",\"target\":[\"https:\/\/frcs-research.com\/product\/buy-k2-paper\/\"]}]},{\"@type\":\"ImageObject\",\"inLanguage\":\"cs\",\"@id\":\"https:\/\/frcs-research.com\/product\/buy-k2-paper\/#primaryimage\",\"url\":\"https:\/\/frcs-research.com\/wp-content\/uploads\/2024\/10\/225407533669842a25f6c2922768036.jpg\",\"contentUrl\":\"https:\/\/frcs-research.com\/wp-content\/uploads\/2024\/10\/225407533669842a25f6c2922768036.jpg\",\"width\":614,\"height\":768},{\"@type\":\"BreadcrumbList\",\"@id\":\"https:\/\/frcs-research.com\/product\/buy-k2-paper\/#breadcrumb\",\"itemListElement\":[{\"@type\":\"ListItem\",\"position\":1,\"name\":\"Home\",\"item\":\"https:\/\/frcs-research.com\/\"},{\"@type\":\"ListItem\",\"position\":2,\"name\":\"Shop\",\"item\":\"https:\/\/frcs-research.com\/shop\/\"},{\"@type\":\"ListItem\",\"position\":3,\"name\":\"K2 Paper 1sheet\"}]},{\"@type\":\"WebSite\",\"@id\":\"https:\/\/frcs-research.com\/#website\",\"url\":\"https:\/\/frcs-research.com\/\",\"name\":\"wholesale supplier of research chemicals, 4mmc, 3mmc, MDPHP, Alpha PVP and more\",\"description\":\"Wholesale research chemicals\",\"potentialAction\":[{\"@type\":\"SearchAction\",\"target\":{\"@type\":\"EntryPoint\",\"urlTemplate\":\"https:\/\/frcs-research.com\/?s={search_term_string}\"},\"query-input\":{\"@type\":\"PropertyValueSpecification\",\"valueRequired\":true,\"valueName\":\"search_term_string\"}}],\"inLanguage\":\"cs\"}]}<\/script>\n<meta property=\"product:price:amount\" content=\"120.00\" \/>\n<meta property=\"product:price:currency\" content=\"EUR\" \/>\n<meta property=\"og:availability\" content=\"instock\" \/>\n<meta property=\"product:availability\" content=\"instock\" \/>\n<meta property=\"product:condition\" content=\"new\" \/>\n<!-- \/ Yoast SEO plugin. -->","yoast_head_json":{"title":"Kde koupit pap\u00edr K2, Nejsiln\u011bj\u0161\u00ed sprej K2","description":"Kupte si pap\u00edr k2 a pap\u00edr napu\u0161t\u011bn\u00fd K2 na prodej na FRCResearch. U\u017eijte si dostupn\u00e9 ceny vysoce kvalitn\u00edch produkt\u016f K2, v\u010detn\u011b levn\u00e9ho infuzn\u00edho pap\u00edru K2 a v\u011bze\u0148sk\u00e9ho pap\u00edru K2.","robots":{"index":"index","follow":"follow","max-snippet":"max-snippet:-1","max-image-preview":"max-image-preview:large","max-video-preview":"max-video-preview:-1"},"canonical":"https:\/\/frcs-research.com\/cs\/product\/koupit-papir-k2\/","og_locale":"cs_CZ","og_type":"article","og_title":"Where to buy K2 paper, Strongest K2 Spray","og_description":"Buy k2 paper and K2-infused paper for sale at FRCSResearch. Enjoy affordable prices on high-quality K2 products, including cheap K2 infused paper and K2 jail paper.","og_url":"https:\/\/frcs-research.com\/cs\/product\/koupit-papir-k2\/","og_site_name":"wholesale supplier of research chemicals, 4mmc, 3mmc, MDPHP, Alpha PVP and more","article_modified_time":"2026-04-04T06:53:05+00:00","og_image":[{"width":614,"height":768,"url":"https:\/\/frcs-research.com\/wp-content\/uploads\/2024\/10\/225407533669842a25f6c2922768036.jpg","type":"image\/jpeg"}],"twitter_card":"summary_large_image","twitter_misc":{"Cena":"&euro;120.00","Dostupnost":"Skladem"},"schema":{"@context":"https:\/\/schema.org","@graph":[{"@type":["WebPage","ItemPage"],"@id":"https:\/\/frcs-research.com\/product\/buy-k2-paper\/","url":"https:\/\/frcs-research.com\/product\/buy-k2-paper\/","name":"Kde koupit pap\u00edr K2, Nejsiln\u011bj\u0161\u00ed sprej K2","isPartOf":{"@id":"https:\/\/frcs-research.com\/#website"},"primaryImageOfPage":{"@id":"https:\/\/frcs-research.com\/product\/buy-k2-paper\/#primaryimage"},"image":{"@id":"https:\/\/frcs-research.com\/product\/buy-k2-paper\/#primaryimage"},"thumbnailUrl":"https:\/\/frcs-research.com\/wp-content\/uploads\/2024\/10\/225407533669842a25f6c2922768036.jpg","datePublished":"2024-10-13T10:16:09+00:00","dateModified":"2026-04-04T06:53:05+00:00","description":"Kupte si pap\u00edr k2 a pap\u00edr napu\u0161t\u011bn\u00fd K2 na prodej na FRCResearch. U\u017eijte si dostupn\u00e9 ceny vysoce kvalitn\u00edch produkt\u016f K2, v\u010detn\u011b levn\u00e9ho infuzn\u00edho pap\u00edru K2 a v\u011bze\u0148sk\u00e9ho pap\u00edru K2.","breadcrumb":{"@id":"https:\/\/frcs-research.com\/product\/buy-k2-paper\/#breadcrumb"},"inLanguage":"cs","potentialAction":[{"@type":"ReadAction","target":["https:\/\/frcs-research.com\/product\/buy-k2-paper\/"]}]},{"@type":"ImageObject","inLanguage":"cs","@id":"https:\/\/frcs-research.com\/product\/buy-k2-paper\/#primaryimage","url":"https:\/\/frcs-research.com\/wp-content\/uploads\/2024\/10\/225407533669842a25f6c2922768036.jpg","contentUrl":"https:\/\/frcs-research.com\/wp-content\/uploads\/2024\/10\/225407533669842a25f6c2922768036.jpg","width":614,"height":768},{"@type":"BreadcrumbList","@id":"https:\/\/frcs-research.com\/product\/buy-k2-paper\/#breadcrumb","itemListElement":[{"@type":"ListItem","position":1,"name":"Home","item":"https:\/\/frcs-research.com\/"},{"@type":"ListItem","position":2,"name":"Shop","item":"https:\/\/frcs-research.com\/shop\/"},{"@type":"ListItem","position":3,"name":"K2 Paper 1sheet"}]},{"@type":"WebSite","@id":"https:\/\/frcs-research.com\/#website","url":"https:\/\/frcs-research.com\/","name":"velkoobchodn\u00ed dodavatel v\u00fdzkumn\u00fdch chemik\u00e1li\u00ed, 4mmc, 3mmc, MDPHP, Alpha PVP a dal\u0161\u00ed","description":"Velkoobchodn\u00ed v\u00fdzkum chemik\u00e1li\u00ed","potentialAction":[{"@type":"SearchAction","target":{"@type":"EntryPoint","urlTemplate":"https:\/\/frcs-research.com\/?s={search_term_string}"},"query-input":{"@type":"PropertyValueSpecification","valueRequired":true,"valueName":"search_term_string"}}],"inLanguage":"cs"}]},"product_price_amount":"120.00","product_price_currency":"EUR","og_availability":"instock","product_availability":"instock","product_condition":"new"},"uagb_featured_image_src":{"full":["https:\/\/frcs-research.com\/wp-content\/uploads\/2024\/10\/225407533669842a25f6c2922768036.jpg",614,768,false],"thumbnail":["https:\/\/frcs-research.com\/wp-content\/uploads\/2024\/10\/225407533669842a25f6c2922768036-150x150.jpg",150,150,true],"medium":["https:\/\/frcs-research.com\/wp-content\/uploads\/2024\/10\/225407533669842a25f6c2922768036-240x300.jpg",240,300,true],"medium_large":["https:\/\/frcs-research.com\/wp-content\/uploads\/2024\/10\/225407533669842a25f6c2922768036.jpg",614,768,false],"large":["https:\/\/frcs-research.com\/wp-content\/uploads\/2024\/10\/225407533669842a25f6c2922768036.jpg",614,768,false],"1536x1536":["https:\/\/frcs-research.com\/wp-content\/uploads\/2024\/10\/225407533669842a25f6c2922768036.jpg",614,768,false],"2048x2048":["https:\/\/frcs-research.com\/wp-content\/uploads\/2024\/10\/225407533669842a25f6c2922768036.jpg",614,768,false],"trp-custom-language-flag":["https:\/\/frcs-research.com\/wp-content\/uploads\/2024\/10\/225407533669842a25f6c2922768036.jpg",10,12,false],"post-thumbnail":["https:\/\/frcs-research.com\/wp-content\/uploads\/2024\/10\/225407533669842a25f6c2922768036.jpg",496,620,false],"elite-commerce-slider":["https:\/\/frcs-research.com\/wp-content\/uploads\/2024\/10\/225407533669842a25f6c2922768036.jpg",614,768,false],"elite-commerce-hero":["https:\/\/frcs-research.com\/wp-content\/uploads\/2024\/10\/225407533669842a25f6c2922768036.jpg",520,650,false],"elite-commerce-portfolio":["https:\/\/frcs-research.com\/wp-content\/uploads\/2024\/10\/225407533669842a25f6c2922768036.jpg",360,450,false],"woocommerce_thumbnail":["https:\/\/frcs-research.com\/wp-content\/uploads\/2024\/10\/225407533669842a25f6c2922768036-300x300.jpg",300,300,true],"woocommerce_single":["https:\/\/frcs-research.com\/wp-content\/uploads\/2024\/10\/225407533669842a25f6c2922768036-600x750.jpg",600,750,true],"woocommerce_gallery_thumbnail":["https:\/\/frcs-research.com\/wp-content\/uploads\/2024\/10\/225407533669842a25f6c2922768036-100x100.jpg",100,100,true]},"uagb_author_info":{"display_name":"Richard Wood","author_link":"https:\/\/frcs-research.com\/cs\/author\/"},"uagb_comment_info":773,"uagb_excerpt":"Welcome to FRCSResearch \u2013 Your Trusted Source for the Strongest K2 Products At FRCSResearch, we specialize in providing the strongest K2 spray on paper and other high-quality K2 products. Whether&hellip;&euro;130.00 P\u016fvodn\u00ed cena byla: &euro;130.00.&euro;120.00Aktu\u00e1ln\u00ed cena je: &euro;120.00.P\u0159idat do ko\u0161\u00edku","_links":{"self":[{"href":"https:\/\/frcs-research.com\/cs\/wp-json\/wp\/v2\/product\/814","targetHints":{"allow":["GET"]}}],"collection":[{"href":"https:\/\/frcs-research.com\/cs\/wp-json\/wp\/v2\/product"}],"about":[{"href":"https:\/\/frcs-research.com\/cs\/wp-json\/wp\/v2\/types\/product"}],"replies":[{"embeddable":true,"href":"https:\/\/frcs-research.com\/cs\/wp-json\/wp\/v2\/comments?post=814"}],"wp:featuredmedia":[{"embeddable":true,"href":"https:\/\/frcs-research.com\/cs\/wp-json\/wp\/v2\/media\/816"}],"wp:attachment":[{"href":"https:\/\/frcs-research.com\/cs\/wp-json\/wp\/v2\/media?parent=814"}],"wp:term":[{"taxonomy":"product_brand","embeddable":true,"href":"https:\/\/frcs-research.com\/cs\/wp-json\/wp\/v2\/product_brand?post=814"},{"taxonomy":"product_cat","embeddable":true,"href":"https:\/\/frcs-research.com\/cs\/wp-json\/wp\/v2\/product_cat?post=814"},{"taxonomy":"product_tag","embeddable":true,"href":"https:\/\/frcs-research.com\/cs\/wp-json\/wp\/v2\/product_tag?post=814"}],"curies":[{"name":"wp","href":"https:\/\/api.w.org\/{rel}","templated":true}]}}