{"id":817,"date":"2024-10-13T10:30:41","date_gmt":"2024-10-13T10:30:41","guid":{"rendered":"https:\/\/frcs-research.com\/?post_type=product&#038;p=817"},"modified":"2026-04-03T19:52:22","modified_gmt":"2026-04-03T19:52:22","slug":"koupit-k2-bylinne-kadidlo-online","status":"publish","type":"product","link":"https:\/\/frcs-research.com\/cs\/product\/koupit-k2-bylinne-kadidlo-online\/","title":{"rendered":"K2 bylinn\u00e9 kadidlo"},"content":{"rendered":"<h1><strong>Kupte si bylinn\u00e9 kadidlo K2 online \u2013 za\u017eijte to nejlep\u0161\u00ed z aromatick\u00fdch sm\u011bs\u00ed na FRCSResearch<\/strong><\/h1>\n<p>Jste p\u0159ipraveni pozvednout sv\u016fj relaxa\u010dn\u00ed z\u00e1\u017eitek? Nehledejte nic jin\u00e9ho ne\u017e <strong>K2 bylinn\u00e9 kadidlo<\/strong>! Na <strong>F<a href=\"https:\/\/frcs-research.com\/cs\/\">RCResearch<\/a><\/strong>, poskytujeme nejvy\u0161\u0161\u00ed kvalitu <strong>K2 bylinn\u00e9 kadidlo<\/strong> na prodej, co\u017e v\u00e1m umo\u017en\u00ed vychutnat si bohatou, aromatickou sm\u011bs, kter\u00e1 zlep\u0161\u00ed va\u0161i n\u00e1ladu a prost\u0159ed\u00ed. Na\u0161e produkty K2 jsou vytvo\u0159eny tak, aby zajistily maxim\u00e1ln\u00ed spokojenost, a\u0165 u\u017e odpo\u010d\u00edv\u00e1te po dlouh\u00e9m dni nebo p\u0159ipravujete n\u00e1ladu na zvl\u00e1\u0161tn\u00ed p\u0159\u00edle\u017eitost.<\/p>\n<hr \/>\n<h3>Pro\u010d koupit K2 bylinn\u00e9 kadidlo?<\/h3>\n<p>Kdy\u017e vy <strong>koupit K2 bylinn\u00e9 kadidlo<\/strong>, vyb\u00edr\u00e1te v\u0161estrann\u00fd produkt, kter\u00fd kombinuje relaxaci a z\u00e1bavu. Zde je to, \u010d\u00edm na\u0161e bylinn\u00e9 kadidlo K2 vynik\u00e1:<\/p>\n<ul>\n<li><strong>Bohat\u00e9 aromatick\u00e9 sm\u011bsi<\/strong>: Na\u0161e kadidlo obsahuje jedine\u010dnou kombinaci bylinn\u00fdch p\u0159\u00edsad, kter\u00e9 vytv\u00e1\u0159ej\u00ed podmanivou v\u016fni, ide\u00e1ln\u00ed pro ka\u017ed\u00e9 prost\u0159ed\u00ed.<\/li>\n<li><strong>Siln\u00e9 \u00fa\u010dinky<\/strong>: U\u017eivatel\u00e9 miluj\u00ed relaxa\u010dn\u00ed \u00fa\u010dinky na\u0161eho bylinn\u00e9ho kadidla K2, kter\u00e9 m\u016f\u017ee pomoci zm\u00edrnit stres a podpo\u0159it pocit klidu.<\/li>\n<li><strong>Pohodln\u00e9 a snadn\u00e9 pou\u017eit\u00ed<\/strong>: Jednodu\u0161e zapalte kadidlo a nechte uklid\u0148uj\u00edc\u00ed v\u016fni naplnit v\u00e1\u0161 prostor, tak\u017ee je ide\u00e1ln\u00ed pro meditaci, j\u00f3gu nebo neform\u00e1ln\u00ed setk\u00e1n\u00ed.<\/li>\n<\/ul>\n<hr \/>\n<h3>Jak si objednat K2 bylinn\u00e9 kadidlo online<\/h3>\n<p>Objedn\u00e1v\u00e1n\u00ed <strong>K2 bylinn\u00e9 kadidlo<\/strong> z <strong>FRCResearch<\/strong> je jednoduch\u00fd a pohodln\u00fd. Zde je n\u00e1vod, jak zadat objedn\u00e1vku a u\u017e\u00edt si pr\u00e9miov\u00fd aromatick\u00fd z\u00e1\u017eitek:<\/p>\n<ol>\n<li><strong>Prohl\u00e9dn\u011bte si n\u00e1\u0161 v\u00fdb\u011br<\/strong>: Prozkoumejte na\u0161i \u0161irokou \u0161k\u00e1lu <strong>K2 bylinn\u00e9 kadidlo<\/strong> produkty, z nich\u017e ka\u017ed\u00fd je navr\u017een tak, aby vyhovoval r\u016fzn\u00fdm preferenc\u00edm a pot\u0159eb\u00e1m.<\/li>\n<li><strong>Vyberte sv\u00e9 obl\u00edben\u00e9<\/strong>: Vyberte si bylinn\u00e9 kadidlo K2, kter\u00e9 nejl\u00e9pe vyhovuje va\u0161\u00ed chuti a po\u017eadavk\u016fm.<\/li>\n<li><strong>Snadn\u00e1 pokladna<\/strong>: N\u00e1\u0161 u\u017eivatelsky p\u0159\u00edv\u011btiv\u00fd proces placen\u00ed zaji\u0161\u0165uje hladkou transakci, tak\u017ee sv\u00e9 kadidlo m\u016f\u017eete z\u00edskat rychle a bezpe\u010dn\u011b.<\/li>\n<li><strong>Rychl\u00e9, diskr\u00e9tn\u00ed dod\u00e1n\u00ed<\/strong>: U\u017eijte si rychl\u00e9 doru\u010den\u00ed a\u017e k va\u0161im dve\u0159\u00edm se v\u0161emi objedn\u00e1vkami zas\u00edlan\u00fdmi diskr\u00e9tn\u011b, aby bylo chr\u00e1n\u011bno va\u0161e soukrom\u00ed.<\/li>\n<\/ol>\n<hr \/>\n<h3>Pro\u010d zvolit FRCResearch pro K2 Herbal Kadidlo?<\/h3>\n<p>Na <strong>FRCResearch<\/strong>, jsme hrd\u00ed na to, \u017ee jsme d\u016fv\u011bryhodn\u00fdm zdrojem vysok\u00e9 kvality <strong>K2 bylinn\u00e9 kadidlo<\/strong>. Zde je d\u016fvod, pro\u010d se na\u0161i z\u00e1kazn\u00edci st\u00e1le vracej\u00ed:<\/p>\n<ul>\n<li><strong>Zaji\u0161t\u011bn\u00ed kvality<\/strong>: V\u0161echny na\u0161e produkty K2 proch\u00e1zej\u00ed p\u0159\u00edsn\u00fdm testov\u00e1n\u00edm kvality a bezpe\u010dnosti, tak\u017ee si m\u016f\u017eete u\u017e\u00edvat klid na ka\u017ed\u00fd n\u00e1kup.<\/li>\n<li><strong>Konkuren\u010dn\u00ed ceny<\/strong>: Nab\u00edz\u00edme jedny z nejlep\u0161\u00edch cen za <strong>K2 bylinn\u00e9 kadidlo<\/strong>, co\u017e usnad\u0148uje nalezen\u00ed mo\u017enosti, kter\u00e1 vyhovuje va\u0161emu rozpo\u010dtu.<\/li>\n<li><strong>Spokojenost z\u00e1kazn\u00edk\u016f<\/strong>: N\u00e1\u0161 specializovan\u00fd t\u00fdm z\u00e1kaznick\u00fdch slu\u017eeb je v\u017edy p\u0159ipraven v\u00e1m pomoci a zajistit, \u017ee budete m\u00edt bezprobl\u00e9mov\u00e9 nakupov\u00e1n\u00ed.<\/li>\n<\/ul>\n<hr \/>\n<h3>Kupte si bylinn\u00e9 kadidlo K2 je\u0161t\u011b dnes!<\/h3>\n<p>Jste p\u0159ipraveni zm\u011bnit svou relaxa\u010dn\u00ed rutinu? <strong>Koupit bylinn\u00e9 kadidlo K2 online<\/strong> na <strong>FRCResearch<\/strong> a objevte perfektn\u00ed aromatickou sm\u011bs, kter\u00e1 pozvedne v\u00e1\u0161 prostor. D\u00edky na\u0161emu nep\u0159ekonateln\u00e9mu v\u00fdb\u011bru a oddanosti kvalit\u011b n\u00e1m m\u016f\u017eete d\u016fv\u011b\u0159ovat, \u017ee dod\u00e1v\u00e1me ty nejlep\u0161\u00ed dostupn\u00e9 produkty K2. Ne\u010dekejte \u2013 objednejte si je\u0161t\u011b dnes a pono\u0159te se do sv\u011bta uklid\u0148uj\u00edc\u00edch v\u016fn\u00ed a uklid\u0148uj\u00edc\u00edch \u00fa\u010dink\u016f!<\/p>\n<p>&nbsp;<\/p>","protected":false},"excerpt":{"rendered":"<p>Buy K2 Herbal Incense Online \u2013 Experience the Best in Aromatic Blends at FRCSResearch Are you ready to elevate your relaxation experience? Look no further than K2 Herbal Incense! At&hellip;<\/p>\n<p class=\"product woocommerce add_to_cart_inline\" style=\"border:4px solid #ccc; padding: 12px;\"><a href=\"https:\/\/frcs-research.com\/cs\/product\/koupit-k2-bylinne-kadidlo-online\/\" aria-describedby=\"woocommerce_loop_add_to_cart_link_describedby_817\" data-quantity=\"1\" class=\"button product_type_simple\" data-product_id=\"817\" data-product_sku=\"\" aria-label=\"Zjistit v\u00edce o \u201eK2 Herbal Incense\u201c\" rel=\"nofollow\" data-success_message=\"\" data-no-translation=\"\" data-trp-gettext=\"\" data-no-translation-aria-label=\"\">\u010ct\u011bte v\u00edce<\/a>\t<span id=\"woocommerce_loop_add_to_cart_link_describedby_817\" class=\"screen-reader-text\"><br \/>\n\t\t\t<\/span><\/p>","protected":false},"featured_media":818,"comment_status":"open","ping_status":"closed","template":"","meta":{"_uag_custom_page_level_css":""},"product_brand":[],"product_cat":[25],"product_tag":[143,140,145,144,141,146,142],"class_list":{"0":"post-817","1":"product","2":"type-product","3":"status-publish","4":"has-post-thumbnail","6":"product_cat-synthetic-cannabinoids","7":"product_tag-best-k2-incense","8":"product_tag-buy-k2-herbal-incense","9":"product_tag-buy-k2-incense-stick-online","10":"product_tag-high-quality-k2-products","11":"product_tag-k2-herbal-incense-for-sale","12":"product_tag-k2-incense-where-to-buy","13":"product_tag-order-k2-herbal-incense-online","15":"first","16":"instock","17":"shipping-taxable","18":"product-type-simple"},"yoast_head":"<!-- This site is optimized with the Yoast SEO plugin v27.1.1 - https:\/\/yoast.com\/product\/yoast-seo-wordpress\/ -->\n<title>Buy K2 Herbal Incense Online \u2013 Premium Aromatic Blends<\/title>\n<meta name=\"description\" content=\"Discover the best K2 herbal incense for sale at FRCSResearch. Enjoy rich aromas and potent effects with fast, discreet shipping. Order now for an elevated experience!\" \/>\n<meta name=\"robots\" content=\"index, follow, max-snippet:-1, max-image-preview:large, max-video-preview:-1\" \/>\n<link rel=\"canonical\" href=\"https:\/\/frcs-research.com\/cs\/product\/koupit-k2-bylinne-kadidlo-online\/\" \/>\n<meta property=\"og:locale\" content=\"cs_CZ\" \/>\n<meta property=\"og:type\" content=\"article\" \/>\n<meta property=\"og:title\" content=\"Buy K2 Herbal Incense Online \u2013 Premium Aromatic Blends\" \/>\n<meta property=\"og:description\" content=\"Discover the best K2 herbal incense for sale at FRCSResearch. Enjoy rich aromas and potent effects with fast, discreet shipping. Order now for an elevated experience!\" \/>\n<meta property=\"og:url\" content=\"https:\/\/frcs-research.com\/cs\/product\/koupit-k2-bylinne-kadidlo-online\/\" \/>\n<meta property=\"og:site_name\" content=\"wholesale supplier of research chemicals, 4mmc, 3mmc, MDPHP, Alpha PVP and more\" \/>\n<meta property=\"article:modified_time\" content=\"2026-04-03T19:52:22+00:00\" \/>\n<meta property=\"og:image\" content=\"https:\/\/frcs-research.com\/wp-content\/uploads\/2024\/10\/images-3.jpg\" \/>\n\t<meta property=\"og:image:width\" content=\"241\" \/>\n\t<meta property=\"og:image:height\" content=\"209\" \/>\n\t<meta property=\"og:image:type\" content=\"image\/jpeg\" \/>\n<meta name=\"twitter:card\" content=\"summary_large_image\" \/>\n<meta name=\"twitter:label1\" content=\"Cena\" \/>\n\t<meta name=\"twitter:data1\" content=\"\" \/>\n\t<meta name=\"twitter:label2\" content=\"Dostupnost\" \/>\n\t<meta name=\"twitter:data2\" content=\"Skladem\" \/>\n<script type=\"application\/ld+json\" class=\"yoast-schema-graph\">{\"@context\":\"https:\/\/schema.org\",\"@graph\":[{\"@type\":[\"WebPage\",\"ItemPage\"],\"@id\":\"https:\/\/frcs-research.com\/product\/buy-k2-herbal-incense-online\/\",\"url\":\"https:\/\/frcs-research.com\/product\/buy-k2-herbal-incense-online\/\",\"name\":\"Buy K2 Herbal Incense Online \u2013 Premium Aromatic Blends\",\"isPartOf\":{\"@id\":\"https:\/\/frcs-research.com\/#website\"},\"primaryImageOfPage\":{\"@id\":\"https:\/\/frcs-research.com\/product\/buy-k2-herbal-incense-online\/#primaryimage\"},\"image\":{\"@id\":\"https:\/\/frcs-research.com\/product\/buy-k2-herbal-incense-online\/#primaryimage\"},\"thumbnailUrl\":\"https:\/\/frcs-research.com\/wp-content\/uploads\/2024\/10\/images-3.jpg\",\"datePublished\":\"2024-10-13T10:30:41+00:00\",\"dateModified\":\"2026-04-03T19:52:22+00:00\",\"description\":\"Discover the best K2 herbal incense for sale at FRCSResearch. Enjoy rich aromas and potent effects with fast, discreet shipping. Order now for an elevated experience!\",\"breadcrumb\":{\"@id\":\"https:\/\/frcs-research.com\/product\/buy-k2-herbal-incense-online\/#breadcrumb\"},\"inLanguage\":\"cs\",\"potentialAction\":[{\"@type\":\"ReadAction\",\"target\":[\"https:\/\/frcs-research.com\/product\/buy-k2-herbal-incense-online\/\"]}]},{\"@type\":\"ImageObject\",\"inLanguage\":\"cs\",\"@id\":\"https:\/\/frcs-research.com\/product\/buy-k2-herbal-incense-online\/#primaryimage\",\"url\":\"https:\/\/frcs-research.com\/wp-content\/uploads\/2024\/10\/images-3.jpg\",\"contentUrl\":\"https:\/\/frcs-research.com\/wp-content\/uploads\/2024\/10\/images-3.jpg\",\"width\":241,\"height\":209,\"caption\":\"Buy K2 Herbal Incense\"},{\"@type\":\"BreadcrumbList\",\"@id\":\"https:\/\/frcs-research.com\/product\/buy-k2-herbal-incense-online\/#breadcrumb\",\"itemListElement\":[{\"@type\":\"ListItem\",\"position\":1,\"name\":\"Home\",\"item\":\"https:\/\/frcs-research.com\/\"},{\"@type\":\"ListItem\",\"position\":2,\"name\":\"Shop\",\"item\":\"https:\/\/frcs-research.com\/shop\/\"},{\"@type\":\"ListItem\",\"position\":3,\"name\":\"K2 Herbal Incense\"}]},{\"@type\":\"WebSite\",\"@id\":\"https:\/\/frcs-research.com\/#website\",\"url\":\"https:\/\/frcs-research.com\/\",\"name\":\"wholesale supplier of research chemicals, 4mmc, 3mmc, MDPHP, Alpha PVP and more\",\"description\":\"Wholesale research chemicals\",\"potentialAction\":[{\"@type\":\"SearchAction\",\"target\":{\"@type\":\"EntryPoint\",\"urlTemplate\":\"https:\/\/frcs-research.com\/?s={search_term_string}\"},\"query-input\":{\"@type\":\"PropertyValueSpecification\",\"valueRequired\":true,\"valueName\":\"search_term_string\"}}],\"inLanguage\":\"cs\"}]}<\/script>\n<meta property=\"product:price:currency\" content=\"EUR\" \/>\n<meta property=\"og:availability\" content=\"instock\" \/>\n<meta property=\"product:availability\" content=\"instock\" \/>\n<meta property=\"product:condition\" content=\"new\" \/>\n<!-- \/ Yoast SEO plugin. -->","yoast_head_json":{"title":"Kupte si K2 bylinn\u00e9 kadidlo online \u2013 pr\u00e9miov\u00e9 aromatick\u00e9 sm\u011bsi","description":"Objevte nejlep\u0161\u00ed bylinn\u00e9 kadidlo K2 na prodej na FRCSResearch. U\u017eijte si bohat\u00e9 aroma a siln\u00e9 \u00fa\u010dinky s rychlou a diskr\u00e9tn\u00ed dopravou. Objednejte si nyn\u00ed pro lep\u0161\u00ed z\u00e1\u017eitek!","robots":{"index":"index","follow":"follow","max-snippet":"max-snippet:-1","max-image-preview":"max-image-preview:large","max-video-preview":"max-video-preview:-1"},"canonical":"https:\/\/frcs-research.com\/cs\/product\/koupit-k2-bylinne-kadidlo-online\/","og_locale":"cs_CZ","og_type":"article","og_title":"Buy K2 Herbal Incense Online \u2013 Premium Aromatic Blends","og_description":"Discover the best K2 herbal incense for sale at FRCSResearch. Enjoy rich aromas and potent effects with fast, discreet shipping. Order now for an elevated experience!","og_url":"https:\/\/frcs-research.com\/cs\/product\/koupit-k2-bylinne-kadidlo-online\/","og_site_name":"wholesale supplier of research chemicals, 4mmc, 3mmc, MDPHP, Alpha PVP and more","article_modified_time":"2026-04-03T19:52:22+00:00","og_image":[{"width":241,"height":209,"url":"https:\/\/frcs-research.com\/wp-content\/uploads\/2024\/10\/images-3.jpg","type":"image\/jpeg"}],"twitter_card":"summary_large_image","twitter_misc":{"Cena":"","Dostupnost":"Skladem"},"schema":{"@context":"https:\/\/schema.org","@graph":[{"@type":["WebPage","ItemPage"],"@id":"https:\/\/frcs-research.com\/product\/buy-k2-herbal-incense-online\/","url":"https:\/\/frcs-research.com\/product\/buy-k2-herbal-incense-online\/","name":"Kupte si K2 bylinn\u00e9 kadidlo online \u2013 pr\u00e9miov\u00e9 aromatick\u00e9 sm\u011bsi","isPartOf":{"@id":"https:\/\/frcs-research.com\/#website"},"primaryImageOfPage":{"@id":"https:\/\/frcs-research.com\/product\/buy-k2-herbal-incense-online\/#primaryimage"},"image":{"@id":"https:\/\/frcs-research.com\/product\/buy-k2-herbal-incense-online\/#primaryimage"},"thumbnailUrl":"https:\/\/frcs-research.com\/wp-content\/uploads\/2024\/10\/images-3.jpg","datePublished":"2024-10-13T10:30:41+00:00","dateModified":"2026-04-03T19:52:22+00:00","description":"Objevte nejlep\u0161\u00ed bylinn\u00e9 kadidlo K2 na prodej na FRCSResearch. U\u017eijte si bohat\u00e9 aroma a siln\u00e9 \u00fa\u010dinky s rychlou a diskr\u00e9tn\u00ed dopravou. Objednejte si nyn\u00ed pro lep\u0161\u00ed z\u00e1\u017eitek!","breadcrumb":{"@id":"https:\/\/frcs-research.com\/product\/buy-k2-herbal-incense-online\/#breadcrumb"},"inLanguage":"cs","potentialAction":[{"@type":"ReadAction","target":["https:\/\/frcs-research.com\/product\/buy-k2-herbal-incense-online\/"]}]},{"@type":"ImageObject","inLanguage":"cs","@id":"https:\/\/frcs-research.com\/product\/buy-k2-herbal-incense-online\/#primaryimage","url":"https:\/\/frcs-research.com\/wp-content\/uploads\/2024\/10\/images-3.jpg","contentUrl":"https:\/\/frcs-research.com\/wp-content\/uploads\/2024\/10\/images-3.jpg","width":241,"height":209,"caption":"Buy K2 Herbal Incense"},{"@type":"BreadcrumbList","@id":"https:\/\/frcs-research.com\/product\/buy-k2-herbal-incense-online\/#breadcrumb","itemListElement":[{"@type":"ListItem","position":1,"name":"Home","item":"https:\/\/frcs-research.com\/"},{"@type":"ListItem","position":2,"name":"Shop","item":"https:\/\/frcs-research.com\/shop\/"},{"@type":"ListItem","position":3,"name":"K2 Herbal Incense"}]},{"@type":"WebSite","@id":"https:\/\/frcs-research.com\/#website","url":"https:\/\/frcs-research.com\/","name":"velkoobchodn\u00ed dodavatel v\u00fdzkumn\u00fdch chemik\u00e1li\u00ed, 4mmc, 3mmc, MDPHP, Alpha PVP a dal\u0161\u00ed","description":"Velkoobchodn\u00ed v\u00fdzkum chemik\u00e1li\u00ed","potentialAction":[{"@type":"SearchAction","target":{"@type":"EntryPoint","urlTemplate":"https:\/\/frcs-research.com\/?s={search_term_string}"},"query-input":{"@type":"PropertyValueSpecification","valueRequired":true,"valueName":"search_term_string"}}],"inLanguage":"cs"}]},"product_price_currency":"EUR","og_availability":"instock","product_availability":"instock","product_condition":"new"},"uagb_featured_image_src":{"full":["https:\/\/frcs-research.com\/wp-content\/uploads\/2024\/10\/images-3.jpg",241,209,false],"thumbnail":["https:\/\/frcs-research.com\/wp-content\/uploads\/2024\/10\/images-3-150x150.jpg",150,150,true],"medium":["https:\/\/frcs-research.com\/wp-content\/uploads\/2024\/10\/images-3.jpg",241,209,false],"medium_large":["https:\/\/frcs-research.com\/wp-content\/uploads\/2024\/10\/images-3.jpg",241,209,false],"large":["https:\/\/frcs-research.com\/wp-content\/uploads\/2024\/10\/images-3.jpg",241,209,false],"1536x1536":["https:\/\/frcs-research.com\/wp-content\/uploads\/2024\/10\/images-3.jpg",241,209,false],"2048x2048":["https:\/\/frcs-research.com\/wp-content\/uploads\/2024\/10\/images-3.jpg",241,209,false],"trp-custom-language-flag":["https:\/\/frcs-research.com\/wp-content\/uploads\/2024\/10\/images-3.jpg",14,12,false],"post-thumbnail":["https:\/\/frcs-research.com\/wp-content\/uploads\/2024\/10\/images-3.jpg",241,209,false],"elite-commerce-slider":["https:\/\/frcs-research.com\/wp-content\/uploads\/2024\/10\/images-3.jpg",241,209,false],"elite-commerce-hero":["https:\/\/frcs-research.com\/wp-content\/uploads\/2024\/10\/images-3.jpg",241,209,false],"elite-commerce-portfolio":["https:\/\/frcs-research.com\/wp-content\/uploads\/2024\/10\/images-3.jpg",241,209,false],"woocommerce_thumbnail":["https:\/\/frcs-research.com\/wp-content\/uploads\/2024\/10\/images-3.jpg",241,209,false],"woocommerce_single":["https:\/\/frcs-research.com\/wp-content\/uploads\/2024\/10\/images-3.jpg",241,209,false],"woocommerce_gallery_thumbnail":["https:\/\/frcs-research.com\/wp-content\/uploads\/2024\/10\/images-3-100x100.jpg",100,100,true]},"uagb_author_info":{"display_name":"Richard Wood","author_link":"https:\/\/frcs-research.com\/cs\/author\/"},"uagb_comment_info":749,"uagb_excerpt":"Buy K2 Herbal Incense Online \u2013 Experience the Best in Aromatic Blends at FRCSResearch Are you ready to elevate your relaxation experience? Look no further than K2 Herbal Incense! At&hellip;\u010ct\u011bte v\u00edce","_links":{"self":[{"href":"https:\/\/frcs-research.com\/cs\/wp-json\/wp\/v2\/product\/817","targetHints":{"allow":["GET"]}}],"collection":[{"href":"https:\/\/frcs-research.com\/cs\/wp-json\/wp\/v2\/product"}],"about":[{"href":"https:\/\/frcs-research.com\/cs\/wp-json\/wp\/v2\/types\/product"}],"replies":[{"embeddable":true,"href":"https:\/\/frcs-research.com\/cs\/wp-json\/wp\/v2\/comments?post=817"}],"wp:featuredmedia":[{"embeddable":true,"href":"https:\/\/frcs-research.com\/cs\/wp-json\/wp\/v2\/media\/818"}],"wp:attachment":[{"href":"https:\/\/frcs-research.com\/cs\/wp-json\/wp\/v2\/media?parent=817"}],"wp:term":[{"taxonomy":"product_brand","embeddable":true,"href":"https:\/\/frcs-research.com\/cs\/wp-json\/wp\/v2\/product_brand?post=817"},{"taxonomy":"product_cat","embeddable":true,"href":"https:\/\/frcs-research.com\/cs\/wp-json\/wp\/v2\/product_cat?post=817"},{"taxonomy":"product_tag","embeddable":true,"href":"https:\/\/frcs-research.com\/cs\/wp-json\/wp\/v2\/product_tag?post=817"}],"curies":[{"name":"wp","href":"https:\/\/api.w.org\/{rel}","templated":true}]}}