{"id":878,"date":"2024-10-17T22:18:05","date_gmt":"2024-10-17T22:18:05","guid":{"rendered":"https:\/\/frcs-research.com\/?post_type=product&#038;p=878"},"modified":"2026-04-05T15:52:35","modified_gmt":"2026-04-05T15:52:35","slug":"kupte-mi-3-pcpy","status":"publish","type":"product","link":"https:\/\/frcs-research.com\/cs\/product\/kupte-mi-3-pcpy\/","title":{"rendered":"3-ME-PCPy HCL Powder 1g"},"content":{"rendered":"<h3>Nejlep\u0161\u00ed pr\u016fvodce n\u00e1kupem 3-ME-PCPy HCL pr\u00e1\u0161ku online<\/h3>\n<p>Hled\u00e1te spolehliv\u00fd zdroj <strong>koupit 3-ME-PCPy online<\/strong>? U\u017e nehledejte! Tato p\u0159\u00edru\u010dka v\u00e1m poskytuje v\u0161echny z\u00e1kladn\u00ed informace, kter\u00e9 pot\u0159ebujete k bezpe\u010dn\u00e9mu a informovan\u00e9mu n\u00e1kupu. Vzhledem k tomu, \u017ee z\u00e1jem o v\u00fdzkum chemick\u00fdch l\u00e1tek pokra\u010duje, ch\u00e1peme, kde a jak <strong>objednat 3-ME-PCPy HCL<\/strong> je z\u00e1sadn\u00ed jak pro v\u00fdzkumn\u00edky, tak pro nad\u0161ence.<\/p>\n<h4>Co je 3-ME-PCPy HCL?<\/h4>\n<p>3-ME-PCPy (3-Methyl-PCPy) je nov\u00e1 disociativn\u00ed v\u00fdzkumn\u00e1 chemick\u00e1 l\u00e1tka, kter\u00e1 pat\u0159\u00ed do t\u0159\u00eddy arylcyklohexylamin\u016f. Tato slou\u010denina je zn\u00e1m\u00e1 sv\u00fdmi potenci\u00e1ln\u00edmi \u00fa\u010dinky, kter\u00e9 mohou b\u00fdt disociativn\u00ed i stimula\u010dn\u00ed povahy. Proto\u017ee sd\u00edl\u00ed podobnosti s jin\u00fdmi l\u00e1tkami, jako je 3-Me-PCP, v\u011bdci se st\u00e1le v\u00edce zaj\u00edmaj\u00ed o jeho jedine\u010dn\u00e9 vlastnosti pro v\u011bdeck\u00e9 studie.<\/p>\n<h4>Pro\u010d byste m\u011bli zv\u00e1\u017eit n\u00e1kup 3-ME-PCPy<\/h4>\n<p>D\u016fvod\u016f je n\u011bkolik <strong>koupit pr\u00e1\u0161ek 3-ME-PCPy<\/strong>:<\/p>\n<ul>\n<li><strong>V\u00fdzkumn\u00e9 aplikace<\/strong>: 3-ME-PCPy je \u010dasto zkoum\u00e1n pro sv\u00e9 farmakologick\u00e9 \u00fa\u010dinky, co\u017e z n\u011bj \u010din\u00ed cenn\u00fd p\u0159\u00ednos pro v\u011bdeck\u00e9 studie.<\/li>\n<li><strong>Kvalita a \u010distota<\/strong>: N\u00e1kup od renomovan\u00fdch dodavatel\u016f zaji\u0161\u0165uje, \u017ee obdr\u017e\u00edte vysoce kvalitn\u00ed produkt, kter\u00fd odpov\u00edd\u00e1 standard\u016fm v\u00fdzkumu.<\/li>\n<li><strong>Soulad s pr\u00e1vn\u00edmi p\u0159edpisy<\/strong>: N\u00e1kup od zaveden\u00fdch prodejc\u016f m\u016f\u017ee poskytnout klid, pokud jde o pr\u00e1vn\u00ed status slou\u010deniny ve va\u0161\u00ed oblasti.<\/li>\n<\/ul>\n<h4>Jak nakupovat 3-ME-PCPy online bezpe\u010dn\u011b<\/h4>\n<p>P\u0159i pohledu na <strong>koupit 3-ME-PCPy HCL<\/strong>, zva\u017ete n\u00e1sleduj\u00edc\u00ed tipy:<\/p>\n<ol>\n<li><strong>Najd\u011bte d\u016fv\u011bryhodn\u00e9 dodavatele<\/strong>: Hledejte webov\u00e9 str\u00e1nky, kter\u00e9 se specializuj\u00ed na v\u00fdzkum chemick\u00fdch l\u00e1tek. Zajist\u011bte, aby m\u011bl prodejce kladn\u00e9 recenze a solidn\u00ed pov\u011bst v r\u00e1mci komunity. Hledejte kl\u00ed\u010dov\u00e1 slova jako <strong>&quot;3-ME-PCPy prodejci&quot;<\/strong> naj\u00edt spolehliv\u00e9 dodavatele.<\/li>\n<li><strong>Zkontrolujte podrobnosti o produktu<\/strong>: P\u0159ed n\u00e1kupem si pozorn\u011b p\u0159e\u010dt\u011bte popis produktu. Ujist\u011bte se, \u017ee prodejce poskytuje podrobn\u00e9 informace o \u010distot\u011b a specifikac\u00edch 3-ME-PCPy, kter\u00e9 nab\u00edz\u00ed.<\/li>\n<li><strong>Mo\u017enosti bezpe\u010dn\u00e9 platby<\/strong>: Up\u0159ednostn\u011bte dodavatele, kte\u0159\u00ed nab\u00edzej\u00ed bezpe\u010dn\u00e9 platebn\u00ed metody pro ochranu va\u0161ich finan\u010dn\u00edch informac\u00ed. Tento krok je rozhoduj\u00edc\u00ed p\u0159i pohledu na <strong>koupit v\u00fdzkumn\u00e9 chemik\u00e1lie 3-ME-PCPy<\/strong> online.<\/li>\n<li><strong>Doprava a doru\u010den\u00ed<\/strong>: Mo\u017enosti rychl\u00e9 dopravy jsou z\u00e1sadn\u00ed. Hledejte dodavatele, kte\u0159\u00ed poskytuj\u00ed <strong>3-ME-PCPy rychl\u00e9 dod\u00e1n\u00ed<\/strong> aby se minimalizovaly \u010dekac\u00ed doby. Mnoho prodejc\u016f nab\u00edz\u00ed doru\u010den\u00ed do druh\u00e9ho dne v r\u00e1mci Evropy.<\/li>\n<li><strong>Prozkoumejte v\u00edce mo\u017enost\u00ed<\/strong>: Nespokojte se s prvn\u00edm prodejcem, kter\u00e9ho najdete. Porovnejte ceny a recenze od r\u016fzn\u00fdch dodavatel\u016f, abyste se ujistili, \u017ee z\u00edsk\u00e1te tu nejlep\u0161\u00ed nab\u00eddku <strong>3-ME-PCPy HCL<\/strong> n\u00e1kup.<\/li>\n<\/ol>\n<h4>Souvisej\u00edc\u00ed kl\u00ed\u010dov\u00e1 slova pro v\u00e1\u0161 v\u00fdzkum<\/h4>\n<p>Chcete-li zlep\u0161it sv\u00e9 vyhled\u00e1v\u00e1n\u00ed a objevit dal\u0161\u00ed mo\u017enosti, zahr\u0148te do sv\u00fdch dotaz\u016f tato souvisej\u00edc\u00ed kl\u00ed\u010dov\u00e1 slova:<\/p>\n<ul>\n<li>Koupit pr\u00e1\u0161ek 3-ME-PCPy Europe<\/li>\n<li>Kde koupit 3-ME-PCPy HCL<\/li>\n<li>3-ME-PCPy na prodej<\/li>\n<li>Online dodavatel 3-ME-PCPy<\/li>\n<\/ul>\n<p>Pou\u017eit\u00edm t\u011bchto kl\u00ed\u010dov\u00fdch slov z\u00edsk\u00e1te \u0161ir\u0161\u00ed \u0161k\u00e1lu mo\u017enost\u00ed a informac\u00ed o tom, kde tuto slou\u010deninu bezpe\u010dn\u011b zakoupit.<\/p>\n<h4>Z\u00e1v\u011br<\/h4>\n<p>N\u00e1kup pr\u00e1\u0161ku 3-ME-PCPy HCL nemus\u00ed b\u00fdt skli\u010duj\u00edc\u00ed \u00fakol. Dodr\u017eov\u00e1n\u00edm tip\u016f uveden\u00fdch v t\u00e9to p\u0159\u00edru\u010dce a pou\u017e\u00edv\u00e1n\u00edm spr\u00e1vn\u00fdch kl\u00ed\u010dov\u00fdch slov se m\u016f\u017eete s jistotou pohybovat na online trhu. A\u0165 u\u017e jste v\u00fdzkumn\u00edk nebo jste jen zv\u011bdav\u00ed na jeho \u00fa\u010dinky, proveden\u00ed nezbytn\u00fdch opat\u0159en\u00ed zajist\u00ed bezprobl\u00e9mov\u00fd n\u00e1kup.<\/p>\n<p>Za\u010dn\u011bte hledat je\u0161t\u011b dnes a prozkoumejte vzru\u0161uj\u00edc\u00ed sv\u011bt 3-ME-PCPy!<\/p>","protected":false},"excerpt":{"rendered":"<p>The Ultimate Guide to Buying 3-ME-PCPy HCL Powder Online Are you searching for a reliable source to buy 3-ME-PCPy online? Look no further! This guide provides you with all the&hellip;<\/p>\n<p class=\"product woocommerce add_to_cart_inline\" style=\"border:4px solid #ccc; padding: 12px;\"><del aria-hidden=\"true\"><span class=\"woocommerce-Price-amount amount\"><bdi><span class=\"woocommerce-Price-currencySymbol\">&euro;<\/span>30.00<\/bdi><\/span><\/del> <span class=\"screen-reader-text\" data-no-translation=\"\" data-trp-gettext=\"\">P\u016fvodn\u00ed cena byla: &euro;30.00.<\/span><ins aria-hidden=\"true\"><span class=\"woocommerce-Price-amount amount\"><bdi><span class=\"woocommerce-Price-currencySymbol\">&euro;<\/span>25.00<\/bdi><\/span><\/ins><span class=\"screen-reader-text\" data-no-translation=\"\" data-trp-gettext=\"\">Aktu\u00e1ln\u00ed cena je: &euro;25.00.<\/span><a href=\"\/cs\/wp-json\/wp\/v2\/product\/878?add-to-cart=878\" aria-describedby=\"woocommerce_loop_add_to_cart_link_describedby_878\" data-quantity=\"1\" class=\"button product_type_simple add_to_cart_button ajax_add_to_cart\" data-product_id=\"878\" data-product_sku=\"\" aria-label=\"P\u0159idat do ko\u0161\u00edku: \u201c3-ME-PCPy HCL Powder 1g\u201d\" rel=\"nofollow\" data-success_message=\"\u201e3-ME-PCPy HCL Powder 1g\u201c byl p\u0159id\u00e1n do va\u0161eho ko\u0161\u00edku\" data-no-translation=\"\" data-trp-gettext=\"\" data-no-translation-aria-label=\"\" data-no-translation-data-success_message=\"\">P\u0159idat do ko\u0161\u00edku<\/a>\t<span id=\"woocommerce_loop_add_to_cart_link_describedby_878\" class=\"screen-reader-text\"><br \/>\n\t\t\t<\/span><\/p>","protected":false},"featured_media":879,"comment_status":"open","ping_status":"closed","template":"","meta":{"_uag_custom_page_level_css":""},"product_brand":[],"product_cat":[28],"product_tag":[],"class_list":{"0":"post-878","1":"product","2":"type-product","3":"status-publish","4":"has-post-thumbnail","6":"product_cat-dissociatives","8":"first","9":"instock","10":"sale","11":"shipping-taxable","12":"purchasable","13":"product-type-simple"},"yoast_head":"<!-- This site is optimized with the Yoast SEO plugin v27.1.1 - https:\/\/yoast.com\/product\/yoast-seo-wordpress\/ -->\n<title>Buy 3-ME-PCPy HCL Powder Online<\/title>\n<meta name=\"description\" content=\"Looking to buy 3-ME-PCPy HCL powder online? Discover how to purchase this dissociative research chemical safely and legally. Explore trusted vendors, secure payment options, and fast shipping for your research needs!\" \/>\n<meta name=\"robots\" content=\"index, follow, max-snippet:-1, max-image-preview:large, max-video-preview:-1\" \/>\n<link rel=\"canonical\" href=\"https:\/\/frcs-research.com\/cs\/product\/kupte-mi-3-pcpy\/\" \/>\n<meta property=\"og:locale\" content=\"cs_CZ\" \/>\n<meta property=\"og:type\" content=\"article\" \/>\n<meta property=\"og:title\" content=\"Buy 3-ME-PCPy HCL Powder Online\" \/>\n<meta property=\"og:description\" content=\"Looking to buy 3-ME-PCPy HCL powder online? Discover how to purchase this dissociative research chemical safely and legally. Explore trusted vendors, secure payment options, and fast shipping for your research needs!\" \/>\n<meta property=\"og:url\" content=\"https:\/\/frcs-research.com\/cs\/product\/kupte-mi-3-pcpy\/\" \/>\n<meta property=\"og:site_name\" content=\"wholesale supplier of research chemicals, 4mmc, 3mmc, MDPHP, Alpha PVP and more\" \/>\n<meta property=\"article:modified_time\" content=\"2026-04-05T15:52:35+00:00\" \/>\n<meta property=\"og:image\" content=\"https:\/\/frcs-research.com\/wp-content\/uploads\/2024\/10\/bimatoprost-500x500-1.webp\" \/>\n\t<meta property=\"og:image:width\" content=\"500\" \/>\n\t<meta property=\"og:image:height\" content=\"500\" \/>\n\t<meta property=\"og:image:type\" content=\"image\/webp\" \/>\n<meta name=\"twitter:card\" content=\"summary_large_image\" \/>\n<meta name=\"twitter:label1\" content=\"Cena\" \/>\n\t<meta name=\"twitter:data1\" content=\"&euro;25.00\" \/>\n\t<meta name=\"twitter:label2\" content=\"Dostupnost\" \/>\n\t<meta name=\"twitter:data2\" content=\"Skladem\" \/>\n<script type=\"application\/ld+json\" class=\"yoast-schema-graph\">{\"@context\":\"https:\/\/schema.org\",\"@graph\":[{\"@type\":[\"WebPage\",\"ItemPage\"],\"@id\":\"https:\/\/frcs-research.com\/product\/buy-3-me-pcpy\/\",\"url\":\"https:\/\/frcs-research.com\/product\/buy-3-me-pcpy\/\",\"name\":\"Buy 3-ME-PCPy HCL Powder Online\",\"isPartOf\":{\"@id\":\"https:\/\/frcs-research.com\/#website\"},\"primaryImageOfPage\":{\"@id\":\"https:\/\/frcs-research.com\/product\/buy-3-me-pcpy\/#primaryimage\"},\"image\":{\"@id\":\"https:\/\/frcs-research.com\/product\/buy-3-me-pcpy\/#primaryimage\"},\"thumbnailUrl\":\"https:\/\/frcs-research.com\/wp-content\/uploads\/2024\/10\/bimatoprost-500x500-1.webp\",\"datePublished\":\"2024-10-17T22:18:05+00:00\",\"dateModified\":\"2026-04-05T15:52:35+00:00\",\"description\":\"Looking to buy 3-ME-PCPy HCL powder online? Discover how to purchase this dissociative research chemical safely and legally. Explore trusted vendors, secure payment options, and fast shipping for your research needs!\",\"breadcrumb\":{\"@id\":\"https:\/\/frcs-research.com\/product\/buy-3-me-pcpy\/#breadcrumb\"},\"inLanguage\":\"cs\",\"potentialAction\":[{\"@type\":\"ReadAction\",\"target\":[\"https:\/\/frcs-research.com\/product\/buy-3-me-pcpy\/\"]}]},{\"@type\":\"ImageObject\",\"inLanguage\":\"cs\",\"@id\":\"https:\/\/frcs-research.com\/product\/buy-3-me-pcpy\/#primaryimage\",\"url\":\"https:\/\/frcs-research.com\/wp-content\/uploads\/2024\/10\/bimatoprost-500x500-1.webp\",\"contentUrl\":\"https:\/\/frcs-research.com\/wp-content\/uploads\/2024\/10\/bimatoprost-500x500-1.webp\",\"width\":500,\"height\":500,\"caption\":\"Buy 3-ME-PCPy HCL Powder\"},{\"@type\":\"BreadcrumbList\",\"@id\":\"https:\/\/frcs-research.com\/product\/buy-3-me-pcpy\/#breadcrumb\",\"itemListElement\":[{\"@type\":\"ListItem\",\"position\":1,\"name\":\"Home\",\"item\":\"https:\/\/frcs-research.com\/\"},{\"@type\":\"ListItem\",\"position\":2,\"name\":\"Shop\",\"item\":\"https:\/\/frcs-research.com\/shop\/\"},{\"@type\":\"ListItem\",\"position\":3,\"name\":\"3-ME-PCPy HCL Powder 1g\"}]},{\"@type\":\"WebSite\",\"@id\":\"https:\/\/frcs-research.com\/#website\",\"url\":\"https:\/\/frcs-research.com\/\",\"name\":\"wholesale supplier of research chemicals, 4mmc, 3mmc, MDPHP, Alpha PVP and more\",\"description\":\"Wholesale research chemicals\",\"potentialAction\":[{\"@type\":\"SearchAction\",\"target\":{\"@type\":\"EntryPoint\",\"urlTemplate\":\"https:\/\/frcs-research.com\/?s={search_term_string}\"},\"query-input\":{\"@type\":\"PropertyValueSpecification\",\"valueRequired\":true,\"valueName\":\"search_term_string\"}}],\"inLanguage\":\"cs\"}]}<\/script>\n<meta property=\"product:price:amount\" content=\"25.00\" \/>\n<meta property=\"product:price:currency\" content=\"EUR\" \/>\n<meta property=\"og:availability\" content=\"instock\" \/>\n<meta property=\"product:availability\" content=\"instock\" \/>\n<meta property=\"product:condition\" content=\"new\" \/>\n<!-- \/ Yoast SEO plugin. -->","yoast_head_json":{"title":"Koupit 3-ME-PCPy HCL pr\u00e1\u0161ek online","description":"Chcete si koupit pr\u00e1\u0161ek 3-ME-PCPy HCL online? Zjist\u011bte, jak bezpe\u010dn\u011b a leg\u00e1ln\u011b zakoupit tuto disociativn\u00ed v\u00fdzkumnou chemickou l\u00e1tku. Prozkoumejte d\u016fv\u011bryhodn\u00e9 dodavatele, bezpe\u010dn\u00e9 mo\u017enosti platby a rychl\u00e9 dod\u00e1n\u00ed pro pot\u0159eby va\u0161eho v\u00fdzkumu!","robots":{"index":"index","follow":"follow","max-snippet":"max-snippet:-1","max-image-preview":"max-image-preview:large","max-video-preview":"max-video-preview:-1"},"canonical":"https:\/\/frcs-research.com\/cs\/product\/kupte-mi-3-pcpy\/","og_locale":"cs_CZ","og_type":"article","og_title":"Buy 3-ME-PCPy HCL Powder Online","og_description":"Looking to buy 3-ME-PCPy HCL powder online? Discover how to purchase this dissociative research chemical safely and legally. Explore trusted vendors, secure payment options, and fast shipping for your research needs!","og_url":"https:\/\/frcs-research.com\/cs\/product\/kupte-mi-3-pcpy\/","og_site_name":"wholesale supplier of research chemicals, 4mmc, 3mmc, MDPHP, Alpha PVP and more","article_modified_time":"2026-04-05T15:52:35+00:00","og_image":[{"width":500,"height":500,"url":"https:\/\/frcs-research.com\/wp-content\/uploads\/2024\/10\/bimatoprost-500x500-1.webp","type":"image\/webp"}],"twitter_card":"summary_large_image","twitter_misc":{"Cena":"&euro;25.00","Dostupnost":"Skladem"},"schema":{"@context":"https:\/\/schema.org","@graph":[{"@type":["WebPage","ItemPage"],"@id":"https:\/\/frcs-research.com\/product\/buy-3-me-pcpy\/","url":"https:\/\/frcs-research.com\/product\/buy-3-me-pcpy\/","name":"Koupit 3-ME-PCPy HCL pr\u00e1\u0161ek online","isPartOf":{"@id":"https:\/\/frcs-research.com\/#website"},"primaryImageOfPage":{"@id":"https:\/\/frcs-research.com\/product\/buy-3-me-pcpy\/#primaryimage"},"image":{"@id":"https:\/\/frcs-research.com\/product\/buy-3-me-pcpy\/#primaryimage"},"thumbnailUrl":"https:\/\/frcs-research.com\/wp-content\/uploads\/2024\/10\/bimatoprost-500x500-1.webp","datePublished":"2024-10-17T22:18:05+00:00","dateModified":"2026-04-05T15:52:35+00:00","description":"Chcete si koupit pr\u00e1\u0161ek 3-ME-PCPy HCL online? Zjist\u011bte, jak bezpe\u010dn\u011b a leg\u00e1ln\u011b zakoupit tuto disociativn\u00ed v\u00fdzkumnou chemickou l\u00e1tku. Prozkoumejte d\u016fv\u011bryhodn\u00e9 dodavatele, bezpe\u010dn\u00e9 mo\u017enosti platby a rychl\u00e9 dod\u00e1n\u00ed pro pot\u0159eby va\u0161eho v\u00fdzkumu!","breadcrumb":{"@id":"https:\/\/frcs-research.com\/product\/buy-3-me-pcpy\/#breadcrumb"},"inLanguage":"cs","potentialAction":[{"@type":"ReadAction","target":["https:\/\/frcs-research.com\/product\/buy-3-me-pcpy\/"]}]},{"@type":"ImageObject","inLanguage":"cs","@id":"https:\/\/frcs-research.com\/product\/buy-3-me-pcpy\/#primaryimage","url":"https:\/\/frcs-research.com\/wp-content\/uploads\/2024\/10\/bimatoprost-500x500-1.webp","contentUrl":"https:\/\/frcs-research.com\/wp-content\/uploads\/2024\/10\/bimatoprost-500x500-1.webp","width":500,"height":500,"caption":"Buy 3-ME-PCPy HCL Powder"},{"@type":"BreadcrumbList","@id":"https:\/\/frcs-research.com\/product\/buy-3-me-pcpy\/#breadcrumb","itemListElement":[{"@type":"ListItem","position":1,"name":"Home","item":"https:\/\/frcs-research.com\/"},{"@type":"ListItem","position":2,"name":"Shop","item":"https:\/\/frcs-research.com\/shop\/"},{"@type":"ListItem","position":3,"name":"3-ME-PCPy HCL Powder 1g"}]},{"@type":"WebSite","@id":"https:\/\/frcs-research.com\/#website","url":"https:\/\/frcs-research.com\/","name":"velkoobchodn\u00ed dodavatel v\u00fdzkumn\u00fdch chemik\u00e1li\u00ed, 4mmc, 3mmc, MDPHP, Alpha PVP a dal\u0161\u00ed","description":"Velkoobchodn\u00ed v\u00fdzkum chemik\u00e1li\u00ed","potentialAction":[{"@type":"SearchAction","target":{"@type":"EntryPoint","urlTemplate":"https:\/\/frcs-research.com\/?s={search_term_string}"},"query-input":{"@type":"PropertyValueSpecification","valueRequired":true,"valueName":"search_term_string"}}],"inLanguage":"cs"}]},"product_price_amount":"25.00","product_price_currency":"EUR","og_availability":"instock","product_availability":"instock","product_condition":"new"},"uagb_featured_image_src":{"full":["https:\/\/frcs-research.com\/wp-content\/uploads\/2024\/10\/bimatoprost-500x500-1.webp",500,500,false],"thumbnail":["https:\/\/frcs-research.com\/wp-content\/uploads\/2024\/10\/bimatoprost-500x500-1-150x150.webp",150,150,true],"medium":["https:\/\/frcs-research.com\/wp-content\/uploads\/2024\/10\/bimatoprost-500x500-1-300x300.webp",300,300,true],"medium_large":["https:\/\/frcs-research.com\/wp-content\/uploads\/2024\/10\/bimatoprost-500x500-1.webp",500,500,false],"large":["https:\/\/frcs-research.com\/wp-content\/uploads\/2024\/10\/bimatoprost-500x500-1.webp",500,500,false],"1536x1536":["https:\/\/frcs-research.com\/wp-content\/uploads\/2024\/10\/bimatoprost-500x500-1.webp",500,500,false],"2048x2048":["https:\/\/frcs-research.com\/wp-content\/uploads\/2024\/10\/bimatoprost-500x500-1.webp",500,500,false],"trp-custom-language-flag":["https:\/\/frcs-research.com\/wp-content\/uploads\/2024\/10\/bimatoprost-500x500-1.webp",12,12,false],"post-thumbnail":["https:\/\/frcs-research.com\/wp-content\/uploads\/2024\/10\/bimatoprost-500x500-1.webp",500,500,false],"elite-commerce-slider":["https:\/\/frcs-research.com\/wp-content\/uploads\/2024\/10\/bimatoprost-500x500-1.webp",500,500,false],"elite-commerce-hero":["https:\/\/frcs-research.com\/wp-content\/uploads\/2024\/10\/bimatoprost-500x500-1.webp",500,500,false],"elite-commerce-portfolio":["https:\/\/frcs-research.com\/wp-content\/uploads\/2024\/10\/bimatoprost-500x500-1.webp",400,400,false],"woocommerce_thumbnail":["https:\/\/frcs-research.com\/wp-content\/uploads\/2024\/10\/bimatoprost-500x500-1-300x300.webp",300,300,true],"woocommerce_single":["https:\/\/frcs-research.com\/wp-content\/uploads\/2024\/10\/bimatoprost-500x500-1.webp",500,500,false],"woocommerce_gallery_thumbnail":["https:\/\/frcs-research.com\/wp-content\/uploads\/2024\/10\/bimatoprost-500x500-1-100x100.webp",100,100,true]},"uagb_author_info":{"display_name":"cho","author_link":"https:\/\/frcs-research.com\/cs\/author\/"},"uagb_comment_info":789,"uagb_excerpt":"The Ultimate Guide to Buying 3-ME-PCPy HCL Powder Online Are you searching for a reliable source to buy 3-ME-PCPy online? Look no further! This guide provides you with all the&hellip;&euro;30.00 P\u016fvodn\u00ed cena byla: &euro;30.00.&euro;25.00Aktu\u00e1ln\u00ed cena je: &euro;25.00.P\u0159idat do ko\u0161\u00edku","_links":{"self":[{"href":"https:\/\/frcs-research.com\/cs\/wp-json\/wp\/v2\/product\/878","targetHints":{"allow":["GET"]}}],"collection":[{"href":"https:\/\/frcs-research.com\/cs\/wp-json\/wp\/v2\/product"}],"about":[{"href":"https:\/\/frcs-research.com\/cs\/wp-json\/wp\/v2\/types\/product"}],"replies":[{"embeddable":true,"href":"https:\/\/frcs-research.com\/cs\/wp-json\/wp\/v2\/comments?post=878"}],"wp:featuredmedia":[{"embeddable":true,"href":"https:\/\/frcs-research.com\/cs\/wp-json\/wp\/v2\/media\/879"}],"wp:attachment":[{"href":"https:\/\/frcs-research.com\/cs\/wp-json\/wp\/v2\/media?parent=878"}],"wp:term":[{"taxonomy":"product_brand","embeddable":true,"href":"https:\/\/frcs-research.com\/cs\/wp-json\/wp\/v2\/product_brand?post=878"},{"taxonomy":"product_cat","embeddable":true,"href":"https:\/\/frcs-research.com\/cs\/wp-json\/wp\/v2\/product_cat?post=878"},{"taxonomy":"product_tag","embeddable":true,"href":"https:\/\/frcs-research.com\/cs\/wp-json\/wp\/v2\/product_tag?post=878"}],"curies":[{"name":"wp","href":"https:\/\/api.w.org\/{rel}","templated":true}]}}