{"id":884,"date":"2024-10-18T10:47:54","date_gmt":"2024-10-18T10:47:54","guid":{"rendered":"https:\/\/frcs-research.com\/?post_type=product&#038;p=884"},"modified":"2026-04-23T12:22:27","modified_gmt":"2026-04-23T12:22:27","slug":"koupit-cisty-kokain-online","status":"publish","type":"product","link":"https:\/\/frcs-research.com\/cs\/product\/koupit-cisty-kokain-online\/","title":{"rendered":"Cocaine 1g"},"content":{"rendered":"<h1>Porozum\u011bn\u00ed kokainu: Co pot\u0159ebujete v\u011bd\u011bt<\/h1>\n<p>Kokain je siln\u00fd stimulant z\u00edsk\u00e1van\u00fd z list\u016f rostliny koky, kter\u00e1 se vyskytuje p\u0159edev\u0161\u00edm v Ji\u017en\u00ed Americe. Kokain, zn\u00e1m\u00fd pro sv\u00e9 euforick\u00e9 \u00fa\u010dinky a potenci\u00e1l ke zneu\u017e\u00edv\u00e1n\u00ed, si z\u00edskal pozornost jak pro sv\u00e9 rekrea\u010dn\u00ed u\u017e\u00edv\u00e1n\u00ed, tak pro v\u00fdznamn\u00e1 zdravotn\u00ed rizika. V tomto p\u0159\u00edsp\u011bvku na blogu prozkoum\u00e1me, kde koupit kokain, jeho \u00fa\u010dinky a nebezpe\u010d\u00ed spojen\u00e1 s jeho u\u017e\u00edv\u00e1n\u00edm.<\/p>\n<h2>Co je kokain?<\/h2>\n<p>Kokain je stimulant centr\u00e1ln\u00edho nervov\u00e9ho syst\u00e9mu, kter\u00fd zvy\u0161uje energii a bd\u011blost. B\u011b\u017en\u011b se vyskytuje ve dvou form\u00e1ch: kokain hydrochlorid (b\u00edl\u00fd pr\u00e1\u0161ek) a voln\u00fd nebo crack kokain (pevn\u00e1 forma). Mnoho jednotlivc\u016f je zv\u011bdav\u00fdch, kam j\u00edt <a href=\"https:\/\/frcs-research.com\/cs\/product\/koupit-cisty-kokain-online\/\"><strong>koupit kokain online<\/strong><\/a>, co\u017e je vede k r\u016fzn\u00fdm dodavatel\u016fm. Rozhodnut\u00ed u\u017e\u00edvat kokain by v\u0161ak m\u011blo b\u00fdt u\u010din\u011bno s pe\u010dliv\u00fdm zv\u00e1\u017een\u00edm mo\u017en\u00fdch rizik.<\/p>\n<h2>Hled\u00e1n\u00ed kokainu<\/h2>\n<p>P\u0159i hled\u00e1n\u00ed l\u00e1tek, jako je kokain, mnoho u\u017eivatel\u016f \u010dasto hled\u00e1 mo\u017enosti <a href=\"https:\/\/frcs-research.com\/cs\/product\/koupit-cisty-kokain-online\/\"><strong>koupit \u010dist\u00fd kokain<\/strong><\/a>. Vzestup online tr\u017ei\u0161\u0165 usnadnil jednotlivc\u016fm vyhled\u00e1v\u00e1n\u00ed t\u011bchto l\u00e1tek. Kl\u00ed\u010dov\u00e1 slova jako <a href=\"https:\/\/frcs-research.com\/cs\/product-tag\/kokain-na-prodej\/\"><strong>kokain na prodej<\/strong><\/a> a <a href=\"https:\/\/frcs-research.com\/cs\/product-tag\/objednat-kokain-online\/\"><strong>objednat kokain online<\/strong><\/a> jsou \u010dasto pou\u017e\u00edv\u00e1ny t\u011bmi, kte\u0159\u00ed zkoumaj\u00ed sv\u00e9 mo\u017enosti.<\/p>\n<h3>Prodejci a dodavatel\u00e9 kokainu<\/h3>\n<p>Existuj\u00ed r\u016fzn\u00e9 <a href=\"https:\/\/frcs-research.com\/cs\/product-tag\/duveryhodneho-dodavatele-kokainu\/\"><strong>prodejci kokainu<\/strong><\/a> a online platformy, kde jednotlivci tvrd\u00ed, \u017ee prod\u00e1vaj\u00ed kokain. Mnoho lid\u00ed by se mohlo divit: \u201eCo je to? <a href=\"https:\/\/frcs-research.com\/cs\/product-tag\/nejlepsi-misto-pro-nakup-kokainu\/\"><strong>nejlep\u0161\u00ed m\u00edsto pro n\u00e1kup kokainu<\/strong><\/a>?&quot; Realita je takov\u00e1, \u017ee tyto transakce \u010dasto p\u0159in\u00e1\u0161ej\u00ed zna\u010dn\u00e1 pr\u00e1vn\u00ed a zdravotn\u00ed rizika. U\u017eivatel\u00e9 mohou naj\u00edt <a href=\"https:\/\/frcs-research.com\/cs\/product-tag\/levny-kokain-na-prodej\/\"><strong>levn\u00fd kokain na prodej<\/strong><\/a>, ale kvalita a \u010distota t\u011bchto produkt\u016f m\u016f\u017ee b\u00fdt sporn\u00e1.<\/p>\n<p>Pro ty, kte\u0159\u00ed hledaj\u00ed <a href=\"https:\/\/frcs-research.com\/cs\/product-tag\/koupit-kokainovy-prasek\/\"><strong>koupit kokainov\u00fd pr\u00e1\u0161ek<\/strong><\/a>, je d\u016fle\u017eit\u00e9 b\u00fdt si v\u011bdom potenci\u00e1ln\u00edch nebezpe\u010d\u00ed spojen\u00fdch s t\u011bmito n\u00e1kupy. Zapojen\u00ed s an <strong>online dealer kokainu<\/strong> m\u016f\u017ee v\u00e9st k nespolehliv\u00fdm zdroj\u016fm a produkt\u016fm, kter\u00e9 mohou p\u0159edstavovat v\u00e1\u017en\u00e9 zdravotn\u00ed hrozby.<\/p>\n<h2>Rizika a d\u016fsledky<\/h2>\n<p>Zat\u00edmco mnoz\u00ed vyhled\u00e1vaj\u00ed kokain pro jeho povzbuzuj\u00edc\u00ed \u00fa\u010dinky, je d\u016fle\u017eit\u00e9 porozum\u011bt rizik\u016fm. U\u017e\u00edv\u00e1n\u00ed kokainu m\u016f\u017ee v\u00e9st k v\u00e1\u017en\u00fdm zdravotn\u00edm probl\u00e9m\u016fm, v\u010detn\u011b srde\u010dn\u00edch probl\u00e9m\u016f, respira\u010dn\u00edch probl\u00e9m\u016f a v\u00e1\u017en\u00fdch psychick\u00fdch \u00fa\u010dink\u016f. Z\u00e1vislost je nav\u00edc z\u00e1va\u017en\u00fdm probl\u00e9mem, p\u0159i\u010dem\u017e u mnoha u\u017eivatel\u016f se \u010dasem vyvine z\u00e1vislost na droze. Pochopen\u00ed nebezpe\u010d\u00ed kokainu je nezbytn\u00e9 pro informovan\u00e1 rozhodnut\u00ed.<\/p>\n<h3>Pr\u00e1vn\u00ed d\u016fsledky<\/h3>\n<p>V mnoha zem\u00edch, v\u010detn\u011b Spojen\u00fdch st\u00e1t\u016f, je kokain klasifikov\u00e1n jako droga Schedule II, co\u017e znamen\u00e1, \u017ee m\u00e1 vysok\u00fd potenci\u00e1l ke zneu\u017e\u00edv\u00e1n\u00ed a jeho dr\u017een\u00ed bez l\u00e9ka\u0159sk\u00e9ho p\u0159edpisu je nez\u00e1konn\u00e9. Ti, kte\u0159\u00ed hledaj\u00ed <a href=\"https:\/\/frcs-research.com\/cs\/product-tag\/legalne-koupit-kokain\/\"><strong>leg\u00e1ln\u011b koupit kokain<\/strong><\/a> mohou \u010delit v\u00e1\u017en\u00fdm pr\u00e1vn\u00edm n\u00e1sledk\u016fm. Ne\u017e se pokus\u00edte koupit kokain jak\u00fdmkoli zp\u016fsobem, je nezbytn\u00e9 zv\u00e1\u017eit pr\u00e1vn\u00ed d\u016fsledky.<\/p>\n<p>Mnoho u\u017eivatel\u016f hled\u00e1 <a href=\"https:\/\/frcs-research.com\/cs\/product-tag\/cocaine-delivery-service\/\"><strong>mo\u017enosti p\u0159epravy kokainu<\/strong><\/a> by si m\u011bli b\u00fdt v\u011bdomi toho, \u017ee pr\u00e1vn\u00ed rizika se mohou roz\u0161\u00ed\u0159it na p\u0159epravu a manipulaci, co\u017e m\u016f\u017ee v\u00e9st k trestn\u00edmu obvin\u011bn\u00ed.<\/p>\n<h2>Z\u00e1v\u011br<\/h2>\n<p>Na z\u00e1v\u011br, mnoho jednotlivc\u016f m\u016f\u017ee b\u00fdt v poku\u0161en\u00ed prozkoumat mo\u017enosti <a href=\"https:\/\/frcs-research.com\/cs\/product-tag\/nejlepsi-misto-pro-nakup-kokainu\/\"><strong>koupit kokain online<\/strong><\/a>, je d\u016fle\u017eit\u00e9 up\u0159ednost\u0148ovat bezpe\u010dnost a pov\u011bdom\u00ed. Hled\u00e1n\u00ed <a href=\"https:\/\/frcs-research.com\/cs\/product-tag\/cocaine-delivery-service\/\"><strong>slu\u017eby dod\u00e1vky kokainu<\/strong><\/a> nebo <a href=\"https:\/\/frcs-research.com\/cs\/product-tag\/online-obchod-s-kokainem\/\"><strong>online obchody s kokainem<\/strong><\/a> \u010dasto vede k nebezpe\u010dn\u00fdm situac\u00edm a neregulovan\u00fdm produkt\u016fm. Pochopen\u00ed rizik, pr\u00e1vn\u00edch d\u016fsledk\u016f a potenci\u00e1ln\u00edch zdravotn\u00edch \u00fa\u010dink\u016f spojen\u00fdch s u\u017e\u00edv\u00e1n\u00edm kokainu je z\u00e1sadn\u00ed. V\u017edy up\u0159ednost\u0148ujte sv\u00e9 blaho a \u010di\u0148te informovan\u00e1 rozhodnut\u00ed.<\/p>\n<p>Pokud m\u00e1te z\u00e1jem prozkoumat toto t\u00e9ma d\u00e1le, zva\u017ete p\u0159e\u010dten\u00ed o nebezpe\u010d\u00edch <a href=\"https:\/\/frcs-research.com\/cs\/product-tag\/cena-kokainu-online\/\"><strong>cena kokainu online<\/strong><\/a> nebo jak na to <a href=\"https:\/\/frcs-research.com\/cs\/product-tag\/kupovat-kokain-diskretne\/\"><strong>kupovat kokain diskr\u00e9tn\u011b<\/strong>.<\/a><\/p>","protected":false},"excerpt":{"rendered":"<p>Understanding Cocaine: What You Need to Know Cocaine is a powerful stimulant derived from the leaves of the coca plant, primarily found in South America. Known for its euphoric effects&hellip;<\/p>\n<p class=\"product woocommerce add_to_cart_inline\" style=\"border:4px solid #ccc; padding: 12px;\"><del aria-hidden=\"true\"><span class=\"woocommerce-Price-amount amount\"><bdi><span class=\"woocommerce-Price-currencySymbol\">&euro;<\/span>70.00<\/bdi><\/span><\/del> <span class=\"screen-reader-text\" data-no-translation=\"\" data-trp-gettext=\"\">P\u016fvodn\u00ed cena byla: &euro;70.00.<\/span><ins aria-hidden=\"true\"><span class=\"woocommerce-Price-amount amount\"><bdi><span class=\"woocommerce-Price-currencySymbol\">&euro;<\/span>55.00<\/bdi><\/span><\/ins><span class=\"screen-reader-text\" data-no-translation=\"\" data-trp-gettext=\"\">Aktu\u00e1ln\u00ed cena je: &euro;55.00.<\/span><a href=\"\/cs\/wp-json\/wp\/v2\/product\/884?add-to-cart=884\" aria-describedby=\"woocommerce_loop_add_to_cart_link_describedby_884\" data-quantity=\"1\" class=\"button product_type_simple add_to_cart_button ajax_add_to_cart\" data-product_id=\"884\" data-product_sku=\"\" aria-label=\"P\u0159idat do ko\u0161\u00edku: \u201cCocaine 1g\u201d\" rel=\"nofollow\" data-success_message=\"\u201eCocaine 1g\u201c byl p\u0159id\u00e1n do va\u0161eho ko\u0161\u00edku\" data-no-translation=\"\" data-trp-gettext=\"\" data-no-translation-aria-label=\"\" data-no-translation-data-success_message=\"\">P\u0159idat do ko\u0161\u00edku<\/a>\t<span id=\"woocommerce_loop_add_to_cart_link_describedby_884\" class=\"screen-reader-text\"><br \/>\n\t\t\t<\/span><\/p>","protected":false},"featured_media":886,"comment_status":"open","ping_status":"closed","template":"","meta":{"_uag_custom_page_level_css":""},"product_brand":[],"product_cat":[29],"product_tag":[299,306,297,287,293,290,296,301,294,288,303,305,298,295,292,300,289,302,304,291],"class_list":{"0":"post-884","1":"product","2":"type-product","3":"status-publish","4":"has-post-thumbnail","6":"product_cat-psychedelics","7":"product_tag-best-place-to-buy-cocaine","8":"product_tag-buy-cocaine-discreetly","9":"product_tag-buy-cocaine-legally","10":"product_tag-buy-cocaine-online","11":"product_tag-buy-cocaine-powder","12":"product_tag-buy-pure-cocaine","13":"product_tag-cheap-cocaine-for-sale","14":"product_tag-cocaine-buy-now","15":"product_tag-cocaine-delivery-service","16":"product_tag-cocaine-for-sale","17":"product_tag-cocaine-online-purchase","18":"product_tag-cocaine-price-online","19":"product_tag-cocaine-shipping-options","20":"product_tag-cocaine-shop-online","21":"product_tag-cocaine-vendors","22":"product_tag-online-cocaine-dealer","23":"product_tag-order-cocaine-online","24":"product_tag-order-pure-cocaine","25":"product_tag-trusted-cocaine-supplier","26":"product_tag-where-to-buy-cocaine","28":"first","29":"instock","30":"sale","31":"shipping-taxable","32":"purchasable","33":"product-type-simple"},"yoast_head":"<!-- This site is optimized with the Yoast SEO plugin v27.1.1 - https:\/\/yoast.com\/product\/yoast-seo-wordpress\/ -->\n<title>Buy pure cocaine online 98.8% pure. safe and discreet delivery<\/title>\n<meta name=\"description\" content=\"Looking to buy pure cocaine? Welcome to best shop to order 98.8% pure cocaine from trusted and reliable supplier. We have cheap and high quality cocaine\" \/>\n<meta name=\"robots\" content=\"index, follow, max-snippet:-1, max-image-preview:large, max-video-preview:-1\" \/>\n<link rel=\"canonical\" href=\"https:\/\/frcs-research.com\/cs\/product\/koupit-cisty-kokain-online\/\" \/>\n<meta property=\"og:locale\" content=\"cs_CZ\" \/>\n<meta property=\"og:type\" content=\"article\" \/>\n<meta property=\"og:title\" content=\"Buy pure cocaine online 98.8% pure. safe and discreet delivery\" \/>\n<meta property=\"og:description\" content=\"Looking to buy pure cocaine? Welcome to best shop to order 98.8% pure cocaine from trusted and reliable supplier. We have cheap and high quality cocaine\" \/>\n<meta property=\"og:url\" content=\"https:\/\/frcs-research.com\/cs\/product\/koupit-cisty-kokain-online\/\" \/>\n<meta property=\"og:site_name\" content=\"wholesale supplier of research chemicals, 4mmc, 3mmc, MDPHP, Alpha PVP and more\" \/>\n<meta property=\"article:modified_time\" content=\"2026-04-23T12:22:27+00:00\" \/>\n<meta property=\"og:image\" content=\"https:\/\/frcs-research.com\/wp-content\/uploads\/2024\/10\/photo_2024-09-27_07-19-09-2.jpg\" \/>\n\t<meta property=\"og:image:width\" content=\"960\" \/>\n\t<meta property=\"og:image:height\" content=\"1280\" \/>\n\t<meta property=\"og:image:type\" content=\"image\/jpeg\" \/>\n<meta name=\"twitter:card\" content=\"summary_large_image\" \/>\n<meta name=\"twitter:label1\" content=\"Cena\" \/>\n\t<meta name=\"twitter:data1\" content=\"&euro;55.00\" \/>\n\t<meta name=\"twitter:label2\" content=\"Dostupnost\" \/>\n\t<meta name=\"twitter:data2\" content=\"Skladem\" \/>\n<script type=\"application\/ld+json\" class=\"yoast-schema-graph\">{\"@context\":\"https:\/\/schema.org\",\"@graph\":[{\"@type\":[\"WebPage\",\"ItemPage\"],\"@id\":\"https:\/\/frcs-research.com\/product\/buy-pure-cocaine-online\/\",\"url\":\"https:\/\/frcs-research.com\/product\/buy-pure-cocaine-online\/\",\"name\":\"Buy pure cocaine online 98.8% pure. safe and discreet delivery\",\"isPartOf\":{\"@id\":\"https:\/\/frcs-research.com\/#website\"},\"primaryImageOfPage\":{\"@id\":\"https:\/\/frcs-research.com\/product\/buy-pure-cocaine-online\/#primaryimage\"},\"image\":{\"@id\":\"https:\/\/frcs-research.com\/product\/buy-pure-cocaine-online\/#primaryimage\"},\"thumbnailUrl\":\"https:\/\/frcs-research.com\/wp-content\/uploads\/2024\/10\/photo_2024-09-27_07-19-09-2.jpg\",\"datePublished\":\"2024-10-18T10:47:54+00:00\",\"dateModified\":\"2026-04-23T12:22:27+00:00\",\"description\":\"Looking to buy pure cocaine? Welcome to best shop to order 98.8% pure cocaine from trusted and reliable supplier. We have cheap and high quality cocaine\",\"breadcrumb\":{\"@id\":\"https:\/\/frcs-research.com\/product\/buy-pure-cocaine-online\/#breadcrumb\"},\"inLanguage\":\"cs\",\"potentialAction\":[{\"@type\":\"ReadAction\",\"target\":[\"https:\/\/frcs-research.com\/product\/buy-pure-cocaine-online\/\"]}]},{\"@type\":\"ImageObject\",\"inLanguage\":\"cs\",\"@id\":\"https:\/\/frcs-research.com\/product\/buy-pure-cocaine-online\/#primaryimage\",\"url\":\"https:\/\/frcs-research.com\/wp-content\/uploads\/2024\/10\/photo_2024-09-27_07-19-09-2.jpg\",\"contentUrl\":\"https:\/\/frcs-research.com\/wp-content\/uploads\/2024\/10\/photo_2024-09-27_07-19-09-2.jpg\",\"width\":960,\"height\":1280,\"caption\":\"Buy pure cocaine online\"},{\"@type\":\"BreadcrumbList\",\"@id\":\"https:\/\/frcs-research.com\/product\/buy-pure-cocaine-online\/#breadcrumb\",\"itemListElement\":[{\"@type\":\"ListItem\",\"position\":1,\"name\":\"Home\",\"item\":\"https:\/\/frcs-research.com\/\"},{\"@type\":\"ListItem\",\"position\":2,\"name\":\"Shop\",\"item\":\"https:\/\/frcs-research.com\/shop\/\"},{\"@type\":\"ListItem\",\"position\":3,\"name\":\"Cocaine 1g\"}]},{\"@type\":\"WebSite\",\"@id\":\"https:\/\/frcs-research.com\/#website\",\"url\":\"https:\/\/frcs-research.com\/\",\"name\":\"wholesale supplier of research chemicals, 4mmc, 3mmc, MDPHP, Alpha PVP and more\",\"description\":\"Wholesale research chemicals\",\"potentialAction\":[{\"@type\":\"SearchAction\",\"target\":{\"@type\":\"EntryPoint\",\"urlTemplate\":\"https:\/\/frcs-research.com\/?s={search_term_string}\"},\"query-input\":{\"@type\":\"PropertyValueSpecification\",\"valueRequired\":true,\"valueName\":\"search_term_string\"}}],\"inLanguage\":\"cs\"}]}<\/script>\n<meta property=\"product:price:amount\" content=\"55.00\" \/>\n<meta property=\"product:price:currency\" content=\"EUR\" \/>\n<meta property=\"og:availability\" content=\"instock\" \/>\n<meta property=\"product:availability\" content=\"instock\" \/>\n<meta property=\"product:condition\" content=\"new\" \/>\n<!-- \/ Yoast SEO plugin. -->","yoast_head_json":{"title":"Koupit \u010dist\u00fd kokain online 98.8% \u010dist\u00fd. bezpe\u010dn\u00e9 a diskr\u00e9tn\u00ed doru\u010den\u00ed","description":"Chcete si koupit \u010dist\u00fd kokain? V\u00edtejte v nejlep\u0161\u00edm obchod\u011b, kde si m\u016f\u017eete objednat \u010dist\u00fd kokain 98.8% od d\u016fv\u011bryhodn\u00e9ho a spolehliv\u00e9ho dodavatele. M\u00e1me levn\u00fd a kvalitn\u00ed kokain","robots":{"index":"index","follow":"follow","max-snippet":"max-snippet:-1","max-image-preview":"max-image-preview:large","max-video-preview":"max-video-preview:-1"},"canonical":"https:\/\/frcs-research.com\/cs\/product\/koupit-cisty-kokain-online\/","og_locale":"cs_CZ","og_type":"article","og_title":"Buy pure cocaine online 98.8% pure. safe and discreet delivery","og_description":"Looking to buy pure cocaine? Welcome to best shop to order 98.8% pure cocaine from trusted and reliable supplier. We have cheap and high quality cocaine","og_url":"https:\/\/frcs-research.com\/cs\/product\/koupit-cisty-kokain-online\/","og_site_name":"wholesale supplier of research chemicals, 4mmc, 3mmc, MDPHP, Alpha PVP and more","article_modified_time":"2026-04-23T12:22:27+00:00","og_image":[{"width":960,"height":1280,"url":"https:\/\/frcs-research.com\/wp-content\/uploads\/2024\/10\/photo_2024-09-27_07-19-09-2.jpg","type":"image\/jpeg"}],"twitter_card":"summary_large_image","twitter_misc":{"Cena":"&euro;55.00","Dostupnost":"Skladem"},"schema":{"@context":"https:\/\/schema.org","@graph":[{"@type":["WebPage","ItemPage"],"@id":"https:\/\/frcs-research.com\/product\/buy-pure-cocaine-online\/","url":"https:\/\/frcs-research.com\/product\/buy-pure-cocaine-online\/","name":"Koupit \u010dist\u00fd kokain online 98.8% \u010dist\u00fd. bezpe\u010dn\u00e9 a diskr\u00e9tn\u00ed doru\u010den\u00ed","isPartOf":{"@id":"https:\/\/frcs-research.com\/#website"},"primaryImageOfPage":{"@id":"https:\/\/frcs-research.com\/product\/buy-pure-cocaine-online\/#primaryimage"},"image":{"@id":"https:\/\/frcs-research.com\/product\/buy-pure-cocaine-online\/#primaryimage"},"thumbnailUrl":"https:\/\/frcs-research.com\/wp-content\/uploads\/2024\/10\/photo_2024-09-27_07-19-09-2.jpg","datePublished":"2024-10-18T10:47:54+00:00","dateModified":"2026-04-23T12:22:27+00:00","description":"Chcete si koupit \u010dist\u00fd kokain? V\u00edtejte v nejlep\u0161\u00edm obchod\u011b, kde si m\u016f\u017eete objednat \u010dist\u00fd kokain 98.8% od d\u016fv\u011bryhodn\u00e9ho a spolehliv\u00e9ho dodavatele. M\u00e1me levn\u00fd a kvalitn\u00ed kokain","breadcrumb":{"@id":"https:\/\/frcs-research.com\/product\/buy-pure-cocaine-online\/#breadcrumb"},"inLanguage":"cs","potentialAction":[{"@type":"ReadAction","target":["https:\/\/frcs-research.com\/product\/buy-pure-cocaine-online\/"]}]},{"@type":"ImageObject","inLanguage":"cs","@id":"https:\/\/frcs-research.com\/product\/buy-pure-cocaine-online\/#primaryimage","url":"https:\/\/frcs-research.com\/wp-content\/uploads\/2024\/10\/photo_2024-09-27_07-19-09-2.jpg","contentUrl":"https:\/\/frcs-research.com\/wp-content\/uploads\/2024\/10\/photo_2024-09-27_07-19-09-2.jpg","width":960,"height":1280,"caption":"Buy pure cocaine online"},{"@type":"BreadcrumbList","@id":"https:\/\/frcs-research.com\/product\/buy-pure-cocaine-online\/#breadcrumb","itemListElement":[{"@type":"ListItem","position":1,"name":"Home","item":"https:\/\/frcs-research.com\/"},{"@type":"ListItem","position":2,"name":"Shop","item":"https:\/\/frcs-research.com\/shop\/"},{"@type":"ListItem","position":3,"name":"Cocaine 1g"}]},{"@type":"WebSite","@id":"https:\/\/frcs-research.com\/#website","url":"https:\/\/frcs-research.com\/","name":"velkoobchodn\u00ed dodavatel v\u00fdzkumn\u00fdch chemik\u00e1li\u00ed, 4mmc, 3mmc, MDPHP, Alpha PVP a dal\u0161\u00ed","description":"Velkoobchodn\u00ed v\u00fdzkum chemik\u00e1li\u00ed","potentialAction":[{"@type":"SearchAction","target":{"@type":"EntryPoint","urlTemplate":"https:\/\/frcs-research.com\/?s={search_term_string}"},"query-input":{"@type":"PropertyValueSpecification","valueRequired":true,"valueName":"search_term_string"}}],"inLanguage":"cs"}]},"product_price_amount":"55.00","product_price_currency":"EUR","og_availability":"instock","product_availability":"instock","product_condition":"new"},"uagb_featured_image_src":{"full":["https:\/\/frcs-research.com\/wp-content\/uploads\/2024\/10\/photo_2024-09-27_07-19-09-2.jpg",960,1280,false],"thumbnail":["https:\/\/frcs-research.com\/wp-content\/uploads\/2024\/10\/photo_2024-09-27_07-19-09-2-150x150.jpg",150,150,true],"medium":["https:\/\/frcs-research.com\/wp-content\/uploads\/2024\/10\/photo_2024-09-27_07-19-09-2-225x300.jpg",225,300,true],"medium_large":["https:\/\/frcs-research.com\/wp-content\/uploads\/2024\/10\/photo_2024-09-27_07-19-09-2-768x1024.jpg",768,1024,true],"large":["https:\/\/frcs-research.com\/wp-content\/uploads\/2024\/10\/photo_2024-09-27_07-19-09-2-768x1024.jpg",768,1024,true],"1536x1536":["https:\/\/frcs-research.com\/wp-content\/uploads\/2024\/10\/photo_2024-09-27_07-19-09-2.jpg",960,1280,false],"2048x2048":["https:\/\/frcs-research.com\/wp-content\/uploads\/2024\/10\/photo_2024-09-27_07-19-09-2.jpg",960,1280,false],"trp-custom-language-flag":["https:\/\/frcs-research.com\/wp-content\/uploads\/2024\/10\/photo_2024-09-27_07-19-09-2.jpg",9,12,false],"post-thumbnail":["https:\/\/frcs-research.com\/wp-content\/uploads\/2024\/10\/photo_2024-09-27_07-19-09-2.jpg",465,620,false],"elite-commerce-slider":["https:\/\/frcs-research.com\/wp-content\/uploads\/2024\/10\/photo_2024-09-27_07-19-09-2.jpg",750,1000,false],"elite-commerce-hero":["https:\/\/frcs-research.com\/wp-content\/uploads\/2024\/10\/photo_2024-09-27_07-19-09-2.jpg",488,650,false],"elite-commerce-portfolio":["https:\/\/frcs-research.com\/wp-content\/uploads\/2024\/10\/photo_2024-09-27_07-19-09-2.jpg",338,450,false],"woocommerce_thumbnail":["https:\/\/frcs-research.com\/wp-content\/uploads\/2024\/10\/photo_2024-09-27_07-19-09-2-300x300.jpg",300,300,true],"woocommerce_single":["https:\/\/frcs-research.com\/wp-content\/uploads\/2024\/10\/photo_2024-09-27_07-19-09-2-600x800.jpg",600,800,true],"woocommerce_gallery_thumbnail":["https:\/\/frcs-research.com\/wp-content\/uploads\/2024\/10\/photo_2024-09-27_07-19-09-2-100x100.jpg",100,100,true]},"uagb_author_info":{"display_name":"cho","author_link":"https:\/\/frcs-research.com\/cs\/author\/"},"uagb_comment_info":825,"uagb_excerpt":"Understanding Cocaine: What You Need to Know Cocaine is a powerful stimulant derived from the leaves of the coca plant, primarily found in South America. Known for its euphoric effects&hellip;&euro;70.00 P\u016fvodn\u00ed cena byla: &euro;70.00.&euro;55.00Aktu\u00e1ln\u00ed cena je: &euro;55.00.P\u0159idat do ko\u0161\u00edku","_links":{"self":[{"href":"https:\/\/frcs-research.com\/cs\/wp-json\/wp\/v2\/product\/884","targetHints":{"allow":["GET"]}}],"collection":[{"href":"https:\/\/frcs-research.com\/cs\/wp-json\/wp\/v2\/product"}],"about":[{"href":"https:\/\/frcs-research.com\/cs\/wp-json\/wp\/v2\/types\/product"}],"replies":[{"embeddable":true,"href":"https:\/\/frcs-research.com\/cs\/wp-json\/wp\/v2\/comments?post=884"}],"wp:featuredmedia":[{"embeddable":true,"href":"https:\/\/frcs-research.com\/cs\/wp-json\/wp\/v2\/media\/886"}],"wp:attachment":[{"href":"https:\/\/frcs-research.com\/cs\/wp-json\/wp\/v2\/media?parent=884"}],"wp:term":[{"taxonomy":"product_brand","embeddable":true,"href":"https:\/\/frcs-research.com\/cs\/wp-json\/wp\/v2\/product_brand?post=884"},{"taxonomy":"product_cat","embeddable":true,"href":"https:\/\/frcs-research.com\/cs\/wp-json\/wp\/v2\/product_cat?post=884"},{"taxonomy":"product_tag","embeddable":true,"href":"https:\/\/frcs-research.com\/cs\/wp-json\/wp\/v2\/product_tag?post=884"}],"curies":[{"name":"wp","href":"https:\/\/api.w.org\/{rel}","templated":true}]}}