{"id":898,"date":"2024-10-18T14:56:42","date_gmt":"2024-10-18T14:56:42","guid":{"rendered":"https:\/\/frcs-research.com\/?post_type=product&#038;p=898"},"modified":"2026-04-19T03:04:19","modified_gmt":"2026-04-19T03:04:19","slug":"mdmb-butinaca-velkoobchod","status":"publish","type":"product","link":"https:\/\/frcs-research.com\/cs\/product\/mdmb-butinaca-velkoobchod\/","title":{"rendered":"MDMB-Butinaca 1kg"},"content":{"rendered":"<p><strong>Kone\u010dn\u00fd pr\u016fvodce velkoobchodem MDMB-Butinaca: Hromadn\u00e1 dod\u00e1vka, \u010distota a pr\u016fmyslov\u00e9 standardy<\/strong><\/p>\n<p>V posledn\u00edch letech si syntetick\u00e9 kanabinoidy z\u00edskaly v\u00fdznamnou pozornost v r\u016fzn\u00fdch pr\u016fmyslov\u00fdch odv\u011btv\u00edch, zejm\u00e9na ve v\u00fdzkumu a chemick\u00e9 anal\u00fdze. Jedna takov\u00e1 slou\u010denina, <strong>MDMB-Butinaca<\/strong>, se uk\u00e1zal jako kl\u00ed\u010dov\u00fd hr\u00e1\u010d d\u00edky sv\u00fdm jedine\u010dn\u00fdm vlastnostem. Pokud jste na trhu pro <strong>Hromadn\u00e9 objedn\u00e1vky MDMB-Butinaca<\/strong>, tato p\u0159\u00edru\u010dka pokryje v\u0161e, co pot\u0159ebujete v\u011bd\u011bt, od hled\u00e1n\u00ed spolehliv\u00e9ho <strong>Velkoobchodn\u00ed dodavatel MDMB-Butinaca<\/strong> abyste zajistili, \u017ee spln\u00edte v\u0161echny <strong>standardy dodr\u017eov\u00e1n\u00ed p\u0159edpis\u016f<\/strong>.<\/p>\n<h3>Co je MDMB-Butinaca?<\/h3>\n<p><strong>MDMB-Butinaca<\/strong>, zn\u00e1m\u00fd tak\u00e9 sv\u00fdm <strong>\u010c\u00edslo CAS<\/strong>, je siln\u00fd <strong>syntetick\u00fd kanabinoid<\/strong> pou\u017e\u00edv\u00e1 se p\u0159edev\u0161\u00edm ve v\u011bdeck\u00e9m v\u00fdzkumu. V\u00fdzkumn\u00edci a laborato\u0159e po cel\u00e9m sv\u011bt\u011b hledaj\u00ed <strong>MDMB-Butinaca pro v\u011bdeck\u00fd v\u00fdzkum<\/strong> d\u00edky sv\u00e9 schopnosti napodobovat \u00fa\u010dinky p\u0159\u00edrodn\u00edch kanabinoid\u016f. Jeho pou\u017eit\u00ed je v\u0161ak vysoce regulov\u00e1no, tak\u017ee je velmi d\u016fle\u017eit\u00e9 z\u00edskat od a <strong>certifikovan\u00fd dodavatel MDMB-Butinaca<\/strong>.<\/p>\n<h3>Pro\u010d zvolit MDMB-Butinaca?<\/h3>\n<p>Vysok\u00e1 <strong>\u010distota MDMB-Butinaca<\/strong> z n\u011bj \u010din\u00ed vyhled\u00e1vanou chemik\u00e1lii pro r\u016fzn\u00e9 aplikace, zejm\u00e9na p\u0159i studiu kanabinoid\u016f a jejich \u00fa\u010dink\u016f na lidsk\u00fd organismus. Kdy\u017e poch\u00e1z\u00ed z an <strong><a href=\"https:\/\/www.iso.org\/certification.html\">Certifikov\u00e1no ISO<\/a> Dodavatel MDMB-Butinaca<\/strong>, zaji\u0161\u0165uje spolehlivost a konzistenci produktu v prost\u0159ed\u00ed v\u00fdzkumu.<\/p>\n<h3>Jak naj\u00edt spolehliv\u00e9ho velkoobchodn\u00edho dodavatele MDMB-Butinaca<\/h3>\n<p>Kdy\u017e na to p\u0159ijde <strong>n\u00e1kup MDMB-Butinaca ve velk\u00e9m<\/strong>, v\u00fdb\u011br spr\u00e1vn\u00e9ho dodavatele je z\u00e1sadn\u00ed. Zde je to, co byste m\u011bli hledat:<\/p>\n<ol>\n<li><strong>Certifikace \u010distoty a bezpe\u010dnosti<\/strong>: Ujist\u011bte se, \u017ee v\u00e1\u0161 dodavatel poskytuje <strong>Certifik\u00e1ty \u010distoty MDMB-Butinaca<\/strong>. To zaru\u010duje, \u017ee sm\u011bs spl\u0148uje pr\u016fmyslov\u00e9 standardy a je bezpe\u010dn\u00e1 pro v\u00fdzkumn\u00e9 \u00fa\u010dely.<\/li>\n<li><strong>Soulad s p\u0159edpisy<\/strong>: Syntetick\u00e9 kanabinoidy jako MDMB-Butinaca podl\u00e9haj\u00ed p\u0159\u00edsn\u00fdm p\u0159edpis\u016fm. A <strong>dodavatel MDMB-Butinaca v souladu s p\u0159edpisy<\/strong> bude dodr\u017eovat z\u00e1konn\u00e9 normy, \u010d\u00edm\u017e se sn\u00ed\u017e\u00ed riziko nakl\u00e1d\u00e1n\u00ed s neschv\u00e1len\u00fdmi nebo nebezpe\u010dn\u00fdmi chemik\u00e1liemi.<\/li>\n<li><strong>Standardy vysok\u00e9 kvality<\/strong>: Partnerstv\u00ed s nab\u00eddkou dodavatel\u016f <strong>bezpe\u010dnostn\u011b testovan\u00e9 syntetick\u00e9 kanabinoidy<\/strong>. To zaji\u0161\u0165uje, \u017ee produkt pro\u0161el p\u0159\u00edsn\u00fdmi bezpe\u010dnostn\u00edmi kontrolami, tak\u017ee je vhodn\u00fd pro v\u00fdzkumn\u00e9 nebo pr\u016fmyslov\u00e9 aplikace.<\/li>\n<li><strong>Certifikace ISO<\/strong>: <strong>Certifikov\u00e1no ISO <a href=\"https:\/\/frcs-research.com\/cs\/product-tag\/prumyslove-dodavky-mdmb-butinaca\/\">Dodavatel\u00e9 MDMB-Butinaca<\/a><\/strong> dodr\u017eovat p\u0159\u00edsn\u00e9 protokoly k udr\u017een\u00ed kvality a bezpe\u010dnosti sv\u00fdch produkt\u016f. Hledejte dodavatele, kte\u0159\u00ed mohou nab\u00eddnout <strong>hromadn\u00e1 v\u00fdroba syntetick\u00fdch kanabinoid\u016f<\/strong> s normou ISO.<\/li>\n<\/ol>\n<h3>V\u00fdhody hromadn\u00fdch objedn\u00e1vek MDMB-Butinaca<\/h3>\n<p>Pro v\u00fdzkumn\u00e9 laborato\u0159e, akademick\u00e9 instituce a pr\u016fmyslov\u00e9 aplikace, <a href=\"https:\/\/frcs-research.com\/cs\/product-tag\/mdmb-butinaca-hromadna-objednavka\/\"><strong>Hromadn\u00e9 objedn\u00e1vky MDMB-Butinaca<\/strong><\/a> mohou b\u00fdt n\u00e1kladov\u011b efektivn\u00ed a \u010dasov\u011b \u00fasporn\u00e9. <strong>Velkoobchodn\u00ed dodavatel\u00e9 MDMB-Butinaca<\/strong> \u010dasto poskytuj\u00ed slevy na v\u011bt\u0161\u00ed mno\u017estv\u00ed, tak\u017ee je pro organizace dostupn\u011bj\u0161\u00ed prov\u00e1d\u011bt rozs\u00e1hl\u00fd v\u00fdzkum. Nav\u00edc m\u00edt <strong>MDMB-Butinaca ve velk\u00e9m<\/strong> zaji\u0161\u0165uje hladk\u00fd pr\u016fb\u011bh va\u0161ich projekt\u016f bez rizika nedostatku dod\u00e1vek.<\/p>\n<h3>MDMB-Butinaca pro v\u011bdeck\u00fd v\u00fdzkum<\/h3>\n<p>Rostouc\u00ed z\u00e1jem o kanabinoidy vedl ke zv\u00fd\u0161en\u00e9 popt\u00e1vce <strong>Laboratorn\u00ed produkty MDMB-Butinaca<\/strong>. Mnoho badatel\u016f se obrac\u00ed <strong>MDMB-Butinaca pro analytick\u00e9 standardy<\/strong>, co\u017e pom\u00e1h\u00e1 zajistit konzistentn\u00ed v\u00fdsledky ve studi\u00edch. N\u00e1kup <a href=\"https:\/\/frcs-research.com\/cs\/product-tag\/vysoka-cistota-mdmb-butinaca\/\"><strong>vysoce \u010dist\u00e1 MDMB-Butinaca<\/strong><\/a> od a <strong>spolehliv\u00fd velkododavatel<\/strong> je z\u00e1sadn\u00ed pro dosa\u017een\u00ed p\u0159esn\u00fdch v\u00fdsledk\u016f v jak\u00e9koli v\u011bdeck\u00e9 studii.<\/p>\n<h3>MDMB-Butinaca Industrial Supply<\/h3>\n<p>Krom\u011b sv\u00e9 role ve v\u00fdzkumu, <a href=\"https:\/\/frcs-research.com\/cs\/product-tag\/mdmb-butinaca-prasek-hromadne-dodavky\/\"><strong>Pr\u016fmyslov\u00e1 dod\u00e1vka MDMB-Butinaca<\/strong><\/a> je nezbytn\u00fd pro rozs\u00e1hl\u00e9 aplikace. Spol\u00e9h\u00e1 na to mnoho pr\u016fmyslov\u00fdch odv\u011btv\u00ed <strong>hromadn\u00e9 kanabinoidn\u00ed slou\u010deniny<\/strong> pro v\u00fdrobu a v\u00fdvoj produkt\u016f. Z\u00edsk\u00e1n\u00edm zdroj\u016f od a <strong>d\u016fv\u011bryhodn\u00fd v\u00fdrobce MDMB-Butinaca<\/strong>podniky mohou zajistit, \u017ee dost\u00e1vaj\u00ed <strong>vlastn\u00ed formulace MDMB-Butinaca<\/strong> p\u0159izp\u016fsoben\u00e9 jejich konkr\u00e9tn\u00edm pot\u0159eb\u00e1m.<\/p>\n<h3>V\u00fdb\u011br spr\u00e1vn\u00e9ho hromadn\u00e9ho distributora MDMB-Butinaca<\/h3>\n<p>S tolika dostupn\u00fdmi dodavateli je nezbytn\u00e9 spolupracovat s a <strong>seri\u00f3zn\u00ed <a href=\"https:\/\/frcs-research.com\/cs\/product-tag\/distributor-hromadneho-mdmb-butinaca\/\">Velkoobjemov\u00fd distributor MDMB-Butinaca<\/a><\/strong> kte\u0159\u00ed mohou vyhov\u011bt va\u0161im pot\u0159eb\u00e1m. \u0160pi\u010dkov\u00fd dodavatel nejen nab\u00eddne <a href=\"https:\/\/frcs-research.com\/cs\/product-tag\/prumyslove-dodavky-mdmb-butinaca\/\"><strong>Hromadn\u00e1 dod\u00e1vka pr\u00e1\u0161ku MDMB-Butinaca<\/strong><\/a> ale tak\u00e9 poskytnout <strong>vlastn\u00ed formulace MDMB-Butinaca<\/strong> v p\u0159\u00edpad\u011b pot\u0159eby.<\/p>\n<h3>Z\u00e1v\u011br<\/h3>\n<p>Jako popt\u00e1vka po <strong>syntetick\u00e9 kanabinoidy<\/strong> st\u00e1le roste, z\u00edsk\u00e1v\u00e1n\u00ed zdroj\u016f <strong>MDMB-Butinaca ve velk\u00e9m<\/strong> se stala z\u00e1sadn\u00ed pro v\u00fdzkumn\u00edky i pr\u016fmyslov\u00e1 odv\u011btv\u00ed. A\u0165 u\u017e hled\u00e1te <strong>Rozs\u00e1hl\u00e1 distribuce MDMB-Butinaca<\/strong> nebo pot\u0159ebujete a <strong>certifikovan\u00fd dodavatel MDMB-Butinaca<\/strong> pro va\u0161i laborato\u0159 m\u016f\u017ee nalezen\u00ed spr\u00e1vn\u00e9ho velkoobchodn\u00edho partnera znamenat velk\u00fd rozd\u00edl.<\/p>\n<p>Ujist\u011bte se, \u017ee v\u00e1\u0161 dodavatel nab\u00edz\u00ed <strong>vysoce \u010dist\u00e1 MDMB-Butinaca<\/strong> s nezbytn\u00fdm <strong>certifik\u00e1ty \u010distoty<\/strong> a dodr\u017euje p\u0159\u00edsn\u00e9 <strong>bezpe\u010dnostn\u00ed a regula\u010dn\u00ed normy<\/strong>. Dodr\u017eov\u00e1n\u00edm t\u011bchto tip\u016f m\u016f\u017eete s jistotou nakupovat <strong>MDMB-Butinaca ve velk\u00e9m<\/strong> pro jakoukoli aplikaci.<\/p>","protected":false},"excerpt":{"rendered":"<p>The Ultimate Guide to MDMB-Butinaca Wholesale: Bulk Supply, Purity, and Industry Standards In recent years, synthetic cannabinoids have gained significant attention in various industries, particularly in research and chemical analysis.&hellip;<\/p>\n<p class=\"product woocommerce add_to_cart_inline\" style=\"border:4px solid #ccc; padding: 12px;\"><del aria-hidden=\"true\"><span class=\"woocommerce-Price-amount amount\"><bdi><span class=\"woocommerce-Price-currencySymbol\">&euro;<\/span>550.00<\/bdi><\/span><\/del> <span class=\"screen-reader-text\" data-no-translation=\"\" data-trp-gettext=\"\">P\u016fvodn\u00ed cena byla: &euro;550.00.<\/span><ins aria-hidden=\"true\"><span class=\"woocommerce-Price-amount amount\"><bdi><span class=\"woocommerce-Price-currencySymbol\">&euro;<\/span>500.00<\/bdi><\/span><\/ins><span class=\"screen-reader-text\" data-no-translation=\"\" data-trp-gettext=\"\">Aktu\u00e1ln\u00ed cena je: &euro;500.00.<\/span><a href=\"\/cs\/wp-json\/wp\/v2\/product\/898?add-to-cart=898\" aria-describedby=\"woocommerce_loop_add_to_cart_link_describedby_898\" data-quantity=\"1\" class=\"button product_type_simple add_to_cart_button ajax_add_to_cart\" data-product_id=\"898\" data-product_sku=\"\" aria-label=\"P\u0159idat do ko\u0161\u00edku: \u201cMDMB-Butinaca 1kg\u201d\" rel=\"nofollow\" data-success_message=\"\u201eMDMB-Butinaca 1kg\u201c byl p\u0159id\u00e1n do va\u0161eho ko\u0161\u00edku\" data-no-translation=\"\" data-trp-gettext=\"\" data-no-translation-aria-label=\"\" data-no-translation-data-success_message=\"\">P\u0159idat do ko\u0161\u00edku<\/a>\t<span id=\"woocommerce_loop_add_to_cart_link_describedby_898\" class=\"screen-reader-text\"><br \/>\n\t\t\t<\/span><\/p>","protected":false},"featured_media":899,"comment_status":"open","ping_status":"closed","template":"","meta":{"_uag_custom_page_level_css":""},"product_brand":[],"product_cat":[25],"product_tag":[323,326,318,324,325,320,321,328,317,322,319,327],"class_list":{"0":"post-898","1":"product","2":"type-product","3":"status-publish","4":"has-post-thumbnail","6":"product_cat-synthetic-cannabinoids","7":"product_tag-bulk-mdmb-butinaca-distributor","8":"product_tag-high-purity-mdmb-butinaca","9":"product_tag-mdmb-butinaca-bulk-order","10":"product_tag-mdmb-butinaca-cas-number","11":"product_tag-mdmb-butinaca-industrial-supply","12":"product_tag-mdmb-butinaca-large-scale-distribution","13":"product_tag-mdmb-butinaca-manufacturer","14":"product_tag-mdmb-butinaca-powder-bulk-supply","15":"product_tag-mdmb-butinaca-wholesale-supplier","16":"product_tag-research-chemicals-wholesale","17":"product_tag-synthetic-cannabinoids-bulk","18":"product_tag-wholesale-synthetic-cannabinoids","20":"first","21":"instock","22":"sale","23":"shipping-taxable","24":"purchasable","25":"product-type-simple"},"yoast_head":"<!-- This site is optimized with the Yoast SEO plugin v27.1.1 - https:\/\/yoast.com\/product\/yoast-seo-wordpress\/ -->\n<title>MDMB-Butinaca Wholesale: Bulk Supply, High Purity, and Industry<\/title>\n<meta name=\"description\" content=\"Looking for a reliable MDMB-Butinaca wholesale supplier? Learn how to buy high-purity MDMB-Butinaca in bulk with safety certifications and regulatory compliance for research or industrial applications.\" \/>\n<meta name=\"robots\" content=\"index, follow, max-snippet:-1, max-image-preview:large, max-video-preview:-1\" \/>\n<link rel=\"canonical\" href=\"https:\/\/frcs-research.com\/cs\/product\/mdmb-butinaca-velkoobchod\/\" \/>\n<meta property=\"og:locale\" content=\"cs_CZ\" \/>\n<meta property=\"og:type\" content=\"article\" \/>\n<meta property=\"og:title\" content=\"MDMB-Butinaca Wholesale: Bulk Supply, High Purity, and Industry\" \/>\n<meta property=\"og:description\" content=\"Looking for a reliable MDMB-Butinaca wholesale supplier? Learn how to buy high-purity MDMB-Butinaca in bulk with safety certifications and regulatory compliance for research or industrial applications.\" \/>\n<meta property=\"og:url\" content=\"https:\/\/frcs-research.com\/cs\/product\/mdmb-butinaca-velkoobchod\/\" \/>\n<meta property=\"og:site_name\" content=\"wholesale supplier of research chemicals, 4mmc, 3mmc, MDPHP, Alpha PVP and more\" \/>\n<meta property=\"article:modified_time\" content=\"2026-04-19T03:04:19+00:00\" \/>\n<meta property=\"og:image\" content=\"https:\/\/frcs-research.com\/wp-content\/uploads\/2024\/10\/1711485862-2.jpg\" \/>\n\t<meta property=\"og:image:width\" content=\"768\" \/>\n\t<meta property=\"og:image:height\" content=\"1024\" \/>\n\t<meta property=\"og:image:type\" content=\"image\/jpeg\" \/>\n<meta name=\"twitter:card\" content=\"summary_large_image\" \/>\n<meta name=\"twitter:label1\" content=\"Cena\" \/>\n\t<meta name=\"twitter:data1\" content=\"&euro;500.00\" \/>\n\t<meta name=\"twitter:label2\" content=\"Dostupnost\" \/>\n\t<meta name=\"twitter:data2\" content=\"Skladem\" \/>\n<script type=\"application\/ld+json\" class=\"yoast-schema-graph\">{\"@context\":\"https:\/\/schema.org\",\"@graph\":[{\"@type\":[\"WebPage\",\"ItemPage\"],\"@id\":\"https:\/\/frcs-research.com\/product\/mdmb-butinaca-wholesale\/\",\"url\":\"https:\/\/frcs-research.com\/product\/mdmb-butinaca-wholesale\/\",\"name\":\"MDMB-Butinaca Wholesale: Bulk Supply, High Purity, and Industry\",\"isPartOf\":{\"@id\":\"https:\/\/frcs-research.com\/#website\"},\"primaryImageOfPage\":{\"@id\":\"https:\/\/frcs-research.com\/product\/mdmb-butinaca-wholesale\/#primaryimage\"},\"image\":{\"@id\":\"https:\/\/frcs-research.com\/product\/mdmb-butinaca-wholesale\/#primaryimage\"},\"thumbnailUrl\":\"https:\/\/frcs-research.com\/wp-content\/uploads\/2024\/10\/1711485862-2.jpg\",\"datePublished\":\"2024-10-18T14:56:42+00:00\",\"dateModified\":\"2026-04-19T03:04:19+00:00\",\"description\":\"Looking for a reliable MDMB-Butinaca wholesale supplier? Learn how to buy high-purity MDMB-Butinaca in bulk with safety certifications and regulatory compliance for research or industrial applications.\",\"breadcrumb\":{\"@id\":\"https:\/\/frcs-research.com\/product\/mdmb-butinaca-wholesale\/#breadcrumb\"},\"inLanguage\":\"cs\",\"potentialAction\":[{\"@type\":\"ReadAction\",\"target\":[\"https:\/\/frcs-research.com\/product\/mdmb-butinaca-wholesale\/\"]}]},{\"@type\":\"ImageObject\",\"inLanguage\":\"cs\",\"@id\":\"https:\/\/frcs-research.com\/product\/mdmb-butinaca-wholesale\/#primaryimage\",\"url\":\"https:\/\/frcs-research.com\/wp-content\/uploads\/2024\/10\/1711485862-2.jpg\",\"contentUrl\":\"https:\/\/frcs-research.com\/wp-content\/uploads\/2024\/10\/1711485862-2.jpg\",\"width\":768,\"height\":1024,\"caption\":\"MDMB-Butinaca Wholesale\"},{\"@type\":\"BreadcrumbList\",\"@id\":\"https:\/\/frcs-research.com\/product\/mdmb-butinaca-wholesale\/#breadcrumb\",\"itemListElement\":[{\"@type\":\"ListItem\",\"position\":1,\"name\":\"Home\",\"item\":\"https:\/\/frcs-research.com\/\"},{\"@type\":\"ListItem\",\"position\":2,\"name\":\"Shop\",\"item\":\"https:\/\/frcs-research.com\/shop\/\"},{\"@type\":\"ListItem\",\"position\":3,\"name\":\"MDMB-Butinaca 1kg\"}]},{\"@type\":\"WebSite\",\"@id\":\"https:\/\/frcs-research.com\/#website\",\"url\":\"https:\/\/frcs-research.com\/\",\"name\":\"wholesale supplier of research chemicals, 4mmc, 3mmc, MDPHP, Alpha PVP and more\",\"description\":\"Wholesale research chemicals\",\"potentialAction\":[{\"@type\":\"SearchAction\",\"target\":{\"@type\":\"EntryPoint\",\"urlTemplate\":\"https:\/\/frcs-research.com\/?s={search_term_string}\"},\"query-input\":{\"@type\":\"PropertyValueSpecification\",\"valueRequired\":true,\"valueName\":\"search_term_string\"}}],\"inLanguage\":\"cs\"}]}<\/script>\n<meta property=\"product:price:amount\" content=\"500.00\" \/>\n<meta property=\"product:price:currency\" content=\"EUR\" \/>\n<meta property=\"og:availability\" content=\"instock\" \/>\n<meta property=\"product:availability\" content=\"instock\" \/>\n<meta property=\"product:condition\" content=\"new\" \/>\n<!-- \/ Yoast SEO plugin. -->","yoast_head_json":{"title":"Velkoobchod MDMB-Butinaca: Hromadn\u00e9 dod\u00e1vky, vysok\u00e1 \u010distota a pr\u016fmysl","description":"Hled\u00e1te spolehliv\u00e9ho velkoobchodn\u00edho dodavatele MDMB-Butinaca? Nau\u010dte se, jak hromadn\u011b nakupovat vysoce \u010dist\u00fd MDMB-Butinaca s bezpe\u010dnostn\u00edmi certifikacemi a dodr\u017eov\u00e1n\u00edm p\u0159edpis\u016f pro v\u00fdzkum nebo pr\u016fmyslov\u00e9 aplikace.","robots":{"index":"index","follow":"follow","max-snippet":"max-snippet:-1","max-image-preview":"max-image-preview:large","max-video-preview":"max-video-preview:-1"},"canonical":"https:\/\/frcs-research.com\/cs\/product\/mdmb-butinaca-velkoobchod\/","og_locale":"cs_CZ","og_type":"article","og_title":"MDMB-Butinaca Wholesale: Bulk Supply, High Purity, and Industry","og_description":"Looking for a reliable MDMB-Butinaca wholesale supplier? Learn how to buy high-purity MDMB-Butinaca in bulk with safety certifications and regulatory compliance for research or industrial applications.","og_url":"https:\/\/frcs-research.com\/cs\/product\/mdmb-butinaca-velkoobchod\/","og_site_name":"wholesale supplier of research chemicals, 4mmc, 3mmc, MDPHP, Alpha PVP and more","article_modified_time":"2026-04-19T03:04:19+00:00","og_image":[{"width":768,"height":1024,"url":"https:\/\/frcs-research.com\/wp-content\/uploads\/2024\/10\/1711485862-2.jpg","type":"image\/jpeg"}],"twitter_card":"summary_large_image","twitter_misc":{"Cena":"&euro;500.00","Dostupnost":"Skladem"},"schema":{"@context":"https:\/\/schema.org","@graph":[{"@type":["WebPage","ItemPage"],"@id":"https:\/\/frcs-research.com\/product\/mdmb-butinaca-wholesale\/","url":"https:\/\/frcs-research.com\/product\/mdmb-butinaca-wholesale\/","name":"Velkoobchod MDMB-Butinaca: Hromadn\u00e9 dod\u00e1vky, vysok\u00e1 \u010distota a pr\u016fmysl","isPartOf":{"@id":"https:\/\/frcs-research.com\/#website"},"primaryImageOfPage":{"@id":"https:\/\/frcs-research.com\/product\/mdmb-butinaca-wholesale\/#primaryimage"},"image":{"@id":"https:\/\/frcs-research.com\/product\/mdmb-butinaca-wholesale\/#primaryimage"},"thumbnailUrl":"https:\/\/frcs-research.com\/wp-content\/uploads\/2024\/10\/1711485862-2.jpg","datePublished":"2024-10-18T14:56:42+00:00","dateModified":"2026-04-19T03:04:19+00:00","description":"Hled\u00e1te spolehliv\u00e9ho velkoobchodn\u00edho dodavatele MDMB-Butinaca? Nau\u010dte se, jak hromadn\u011b nakupovat vysoce \u010dist\u00fd MDMB-Butinaca s bezpe\u010dnostn\u00edmi certifikacemi a dodr\u017eov\u00e1n\u00edm p\u0159edpis\u016f pro v\u00fdzkum nebo pr\u016fmyslov\u00e9 aplikace.","breadcrumb":{"@id":"https:\/\/frcs-research.com\/product\/mdmb-butinaca-wholesale\/#breadcrumb"},"inLanguage":"cs","potentialAction":[{"@type":"ReadAction","target":["https:\/\/frcs-research.com\/product\/mdmb-butinaca-wholesale\/"]}]},{"@type":"ImageObject","inLanguage":"cs","@id":"https:\/\/frcs-research.com\/product\/mdmb-butinaca-wholesale\/#primaryimage","url":"https:\/\/frcs-research.com\/wp-content\/uploads\/2024\/10\/1711485862-2.jpg","contentUrl":"https:\/\/frcs-research.com\/wp-content\/uploads\/2024\/10\/1711485862-2.jpg","width":768,"height":1024,"caption":"MDMB-Butinaca Wholesale"},{"@type":"BreadcrumbList","@id":"https:\/\/frcs-research.com\/product\/mdmb-butinaca-wholesale\/#breadcrumb","itemListElement":[{"@type":"ListItem","position":1,"name":"Home","item":"https:\/\/frcs-research.com\/"},{"@type":"ListItem","position":2,"name":"Shop","item":"https:\/\/frcs-research.com\/shop\/"},{"@type":"ListItem","position":3,"name":"MDMB-Butinaca 1kg"}]},{"@type":"WebSite","@id":"https:\/\/frcs-research.com\/#website","url":"https:\/\/frcs-research.com\/","name":"velkoobchodn\u00ed dodavatel v\u00fdzkumn\u00fdch chemik\u00e1li\u00ed, 4mmc, 3mmc, MDPHP, Alpha PVP a dal\u0161\u00ed","description":"Velkoobchodn\u00ed v\u00fdzkum chemik\u00e1li\u00ed","potentialAction":[{"@type":"SearchAction","target":{"@type":"EntryPoint","urlTemplate":"https:\/\/frcs-research.com\/?s={search_term_string}"},"query-input":{"@type":"PropertyValueSpecification","valueRequired":true,"valueName":"search_term_string"}}],"inLanguage":"cs"}]},"product_price_amount":"500.00","product_price_currency":"EUR","og_availability":"instock","product_availability":"instock","product_condition":"new"},"uagb_featured_image_src":{"full":["https:\/\/frcs-research.com\/wp-content\/uploads\/2024\/10\/1711485862-2.jpg",768,1024,false],"thumbnail":["https:\/\/frcs-research.com\/wp-content\/uploads\/2024\/10\/1711485862-2-150x150.jpg",150,150,true],"medium":["https:\/\/frcs-research.com\/wp-content\/uploads\/2024\/10\/1711485862-2-225x300.jpg",225,300,true],"medium_large":["https:\/\/frcs-research.com\/wp-content\/uploads\/2024\/10\/1711485862-2.jpg",768,1024,false],"large":["https:\/\/frcs-research.com\/wp-content\/uploads\/2024\/10\/1711485862-2.jpg",768,1024,false],"1536x1536":["https:\/\/frcs-research.com\/wp-content\/uploads\/2024\/10\/1711485862-2.jpg",768,1024,false],"2048x2048":["https:\/\/frcs-research.com\/wp-content\/uploads\/2024\/10\/1711485862-2.jpg",768,1024,false],"trp-custom-language-flag":["https:\/\/frcs-research.com\/wp-content\/uploads\/2024\/10\/1711485862-2.jpg",9,12,false],"post-thumbnail":["https:\/\/frcs-research.com\/wp-content\/uploads\/2024\/10\/1711485862-2.jpg",465,620,false],"elite-commerce-slider":["https:\/\/frcs-research.com\/wp-content\/uploads\/2024\/10\/1711485862-2.jpg",750,1000,false],"elite-commerce-hero":["https:\/\/frcs-research.com\/wp-content\/uploads\/2024\/10\/1711485862-2.jpg",488,650,false],"elite-commerce-portfolio":["https:\/\/frcs-research.com\/wp-content\/uploads\/2024\/10\/1711485862-2.jpg",338,450,false],"woocommerce_thumbnail":["https:\/\/frcs-research.com\/wp-content\/uploads\/2024\/10\/1711485862-2-300x300.jpg",300,300,true],"woocommerce_single":["https:\/\/frcs-research.com\/wp-content\/uploads\/2024\/10\/1711485862-2-600x800.jpg",600,800,true],"woocommerce_gallery_thumbnail":["https:\/\/frcs-research.com\/wp-content\/uploads\/2024\/10\/1711485862-2-100x100.jpg",100,100,true]},"uagb_author_info":{"display_name":"cho","author_link":"https:\/\/frcs-research.com\/cs\/author\/"},"uagb_comment_info":755,"uagb_excerpt":"The Ultimate Guide to MDMB-Butinaca Wholesale: Bulk Supply, Purity, and Industry Standards In recent years, synthetic cannabinoids have gained significant attention in various industries, particularly in research and chemical analysis.&hellip;&euro;550.00 P\u016fvodn\u00ed cena byla: &euro;550.00.&euro;500.00Aktu\u00e1ln\u00ed cena je: &euro;500.00.P\u0159idat do ko\u0161\u00edku","_links":{"self":[{"href":"https:\/\/frcs-research.com\/cs\/wp-json\/wp\/v2\/product\/898","targetHints":{"allow":["GET"]}}],"collection":[{"href":"https:\/\/frcs-research.com\/cs\/wp-json\/wp\/v2\/product"}],"about":[{"href":"https:\/\/frcs-research.com\/cs\/wp-json\/wp\/v2\/types\/product"}],"replies":[{"embeddable":true,"href":"https:\/\/frcs-research.com\/cs\/wp-json\/wp\/v2\/comments?post=898"}],"wp:featuredmedia":[{"embeddable":true,"href":"https:\/\/frcs-research.com\/cs\/wp-json\/wp\/v2\/media\/899"}],"wp:attachment":[{"href":"https:\/\/frcs-research.com\/cs\/wp-json\/wp\/v2\/media?parent=898"}],"wp:term":[{"taxonomy":"product_brand","embeddable":true,"href":"https:\/\/frcs-research.com\/cs\/wp-json\/wp\/v2\/product_brand?post=898"},{"taxonomy":"product_cat","embeddable":true,"href":"https:\/\/frcs-research.com\/cs\/wp-json\/wp\/v2\/product_cat?post=898"},{"taxonomy":"product_tag","embeddable":true,"href":"https:\/\/frcs-research.com\/cs\/wp-json\/wp\/v2\/product_tag?post=898"}],"curies":[{"name":"wp","href":"https:\/\/api.w.org\/{rel}","templated":true}]}}