{"id":11,"date":"2024-10-06T20:27:37","date_gmt":"2024-10-06T20:27:37","guid":{"rendered":"https:\/\/frcs-research.com\/about\/"},"modified":"2024-10-13T00:30:47","modified_gmt":"2024-10-13T00:30:47","slug":"mdphp-freebase","status":"publish","type":"page","link":"https:\/\/frcs-research.com\/de\/mdphp-freebase\/","title":{"rendered":"MDPHP-FREIBASE"},"content":{"rendered":"<div class=\"wp-block-uagb-container uagb-block-ddbe5c65 alignfull uagb-is-root-container\"><div class=\"uagb-container-inner-blocks-wrap\">\n<div class=\"wp-block-uagb-advanced-heading uagb-block-fa4e7c56\"><h1 class=\"uagb-heading-text\">MDPHP online kaufen \u2013 Hochwertiges MDPHP f\u00fcr die Forschung bei FRCS Research<\/h1><p class=\"uagb-desc-text\">Wir freuen uns auf <strong>MDPHP online kaufen<\/strong>? Willkommen bei <strong><a href=\"https:\/\/frcs-research.com\/de\/\">FRCS-Forschung<\/a><\/strong>, Ihre vertrauensw\u00fcrdige Quelle f\u00fcr erstklassige, im Labor getestete <strong>MDPHP (3\u2032,4\u2032-Methylendioxy-\u03b1-pyrrolidinohexiophenon)<\/strong>Als f\u00fchrender Anbieter hochreiner <strong>Forschungschemikalien<\/strong>Wir bieten MDPHP f\u00fcr wissenschaftliche und analytische Forschungszwecke an und gew\u00e4hrleisten bei jeder Bestellung Sicherheit, Qualit\u00e4t und zuverl\u00e4ssige Ergebnisse.<\/p><\/div>\n<\/div><\/div>\n\n\n\n<div class=\"wp-block-uagb-container uagb-block-f4853f72 alignfull uagb-is-root-container\"><div class=\"uagb-container-inner-blocks-wrap\">\n<div class=\"wp-block-uagb-image uagb-block-066e3443 wp-block-uagb-image--layout-default wp-block-uagb-image--effect-static wp-block-uagb-image--align-none\"><figure class=\"wp-block-uagb-image__figure\"><img decoding=\"async\" srcset=\"https:\/\/frcs-research.com\/wp-content\/uploads\/2024\/10\/photo_2024-10-09_01-29-18-939x1024.jpg ,https:\/\/frcs-research.com\/wp-content\/uploads\/2024\/10\/photo_2024-10-09_01-29-18.jpg 780w, https:\/\/frcs-research.com\/wp-content\/uploads\/2024\/10\/photo_2024-10-09_01-29-18.jpg 360w\" sizes=\"auto, (max-width: 480px) 150px\" src=\"https:\/\/frcs-research.com\/wp-content\/uploads\/2024\/10\/photo_2024-10-09_01-29-18-939x1024.jpg\" alt=\"mdphp online kaufen\" class=\"uag-image-607\" width=\"560\" height=\"440\" title=\"Foto_2024-10-09_01-29-18\" loading=\"lazy\" role=\"img\"\/><\/figure><\/div>\n\n\n\n<div class=\"wp-block-uagb-container uagb-block-959de5be\">\n<div class=\"wp-block-uagb-advanced-heading uagb-block-a679106e\"><h2 class=\"uagb-heading-text\">Was ist MDPHP?<\/h2><p class=\"uagb-desc-text\"><strong>MDHP<\/strong> ist ein potenter <strong><a href=\"http:\/\/encrypted payment methods\">synthetisches Cathinon<\/a><\/strong> bekannt f\u00fcr seine <strong>stimulierende Eigenschaften<\/strong>Strukturell \u00e4hnlich wie andere Forschungschemikalien wie <strong><a href=\"https:\/\/frcs-research.com\/de\/product\/alpha-pvp-kaufen\/\">Alpha-PVP<\/a><\/strong> Und <strong><a href=\"https:\/\/frcs-research.com\/de\/product\/mdpv-methylendioxypyrovaleron\/\">MDPV<\/a><\/strong>, MDPHP wird h\u00e4ufig in Studien verwendet, die sich auf seine Auswirkungen konzentrieren auf <strong>Dopamin und Noradrenalin<\/strong> im Gehirn. Forscher und Labore untersuchen MDPHP, um seine Auswirkungen auf das zentrale Nervensystem zu verstehen, was es zu einer wichtigen Chemikalie f\u00fcr die Verhaltens-, neurologische und Psychostimulanzienforschung macht.<\/p><\/div>\n<\/div>\n<\/div><\/div>\n\n\n\n<div class=\"wp-block-uagb-container uagb-layout-grid uagb-block-395f69b9 alignfull uagb-is-root-container\"><div class=\"uagb-container-inner-blocks-wrap\">\n<div class=\"wp-block-uagb-advanced-heading uagb-block-992e1d53\"><h3 class=\"uagb-heading-text\">Warum sollten Sie sich beim Kauf von MDPHP f\u00fcr FRCS Research entscheiden?<\/h3><p class=\"uagb-desc-text\">Bei <strong>FRCS-Forschung<\/strong>, wir legen gr\u00f6\u00dften Wert auf die Qualit\u00e4t und Reinheit unserer Forschungschemikalien. Wenn Sie MDPHP bei uns kaufen, entscheiden Sie sich f\u00fcr:<br><strong>Hohe Reinheit<\/strong>: Unser <strong>MDHP<\/strong> wird von vertrauensw\u00fcrdigen Herstellern bezogen und in Laboren getestet, um sicherzustellen, dass es den h\u00f6chsten Standards f\u00fcr den Forschungsbereich entspricht.<br><strong>Sichere Eink\u00e4ufe<\/strong>: Wir bieten <strong>diskrete Verpackung<\/strong> Und <strong>sichere Zahlungsm\u00f6glichkeiten<\/strong> um Ihre Privatsph\u00e4re zu sch\u00fctzen und ein reibungsloses Einkaufserlebnis zu gew\u00e4hrleisten.<br><strong>Schneller weltweiter Versand<\/strong>: Mit zuverl\u00e4ssigen und <strong>schnelle lieferung<\/strong>, wir sorgen f\u00fcr Ihre <strong>MDPHP-Bestellung<\/strong> kommt sicher an, egal wo Sie sind.<\/p><\/div>\n\n\n\n<div class=\"wp-block-uagb-container uagb-block-6d4e5b67\">\n<div class=\"wp-block-uagb-advanced-heading uagb-block-bbe91d67\"><h3 class=\"uagb-heading-text\">Warum MDPHP f\u00fcr Forschungszwecke kaufen?<\/h3><\/div>\n\n\n\n<div class=\"wp-block-uagb-icon-list uagb-block-60b012d5\"><div class=\"uagb-icon-list__wrap\">\n<div class=\"wp-block-uagb-icon-list-child uagb-block-8bcb204e\"><a target=\"_self\" aria-label=\"MDPHP geh\u00f6rt zur Klasse der synthetischen Cathinone und ist daher ein interessantes Thema f\u00fcr eine Vielzahl wissenschaftlicher Studien. Forscher verwenden MDPHP, um folgende psychostimulierende Wirkungen zu untersuchen: Verstehen, wie MDPHP die Belohnungs- und Lustsysteme des Gehirns beeinflusst.\" rel=\"noopener noreferrer\" href=\"#\"> <\/a><span class=\"uagb-icon-list__source-wrap\"><svg xmlns=\"https:\/\/www.w3.org\/2000\/svg\" viewbox=\"0 0 512 512\"><path d=\"M0 256C0 114.6 114.6 0 256 0C397.4 0 512 114.6 512 256C512 397.4 397.4 512 256 512C114.6 512 0 397.4 0 256zM371.8 211.8C382.7 200.9 382.7 183.1 371.8 172.2C360.9 161.3 343.1 161.3 332.2 172.2L224 280.4L179.8 236.2C168.9 225.3 151.1 225.3 140.2 236.2C129.3 247.1 129.3 264.9 140.2 275.8L204.2 339.8C215.1 350.7 232.9 350.7 243.8 339.8L371.8 211.8z\"><\/path><\/svg><\/span><span class=\"uagb-icon-list__label\"><strong>MDHP<\/strong> ist Teil der <strong>synthetisches Cathinon<\/strong> Klasse von Chemikalien, was es zu einem interessanten Thema f\u00fcr eine Vielzahl wissenschaftlicher Studien macht. Forscher verwenden MDPHP, um Folgendes zu untersuchen:<br><strong>Psychostimulierende Wirkungen<\/strong>: Verstehen, wie <strong>MDHP<\/strong> beeinflusst die Belohnungs- und Lustsysteme des Gehirns.<\/span><\/div>\n\n\n\n<div class=\"wp-block-uagb-icon-list-child uagb-block-d18e95cd\"><a target=\"_self\" aria-label=\"Neurologische Bahnen: Erforschen Sie, wie MDPHP Neurotransmitter wie Dopamin und Noradrenalin beeinflusst. Wenn Sie fortgeschrittene Forschungen zu Cathinon-Derivaten durchf\u00fchren, ist MDPHP eine wertvolle Verbindung f\u00fcr die Untersuchung der Auswirkungen synthetischer Stimulanzien.\" rel=\"noopener noreferrer\" href=\"#\"> <\/a><span class=\"uagb-icon-list__source-wrap\"><svg xmlns=\"https:\/\/www.w3.org\/2000\/svg\" viewbox=\"0 0 512 512\"><path d=\"M0 256C0 114.6 114.6 0 256 0C397.4 0 512 114.6 512 256C512 397.4 397.4 512 256 512C114.6 512 0 397.4 0 256zM371.8 211.8C382.7 200.9 382.7 183.1 371.8 172.2C360.9 161.3 343.1 161.3 332.2 172.2L224 280.4L179.8 236.2C168.9 225.3 151.1 225.3 140.2 236.2C129.3 247.1 129.3 264.9 140.2 275.8L204.2 339.8C215.1 350.7 232.9 350.7 243.8 339.8L371.8 211.8z\"><\/path><\/svg><\/span><span class=\"uagb-icon-list__label\"><strong>Neurologische Bahnen<\/strong>: Erforschung des Einflusses von MDPHP auf Neurotransmitter wie <strong>Dopamin<\/strong> Und <strong>Noradrenalin<\/strong>.<br>Wenn Sie fortgeschrittene Forschung betreiben zu <strong>Cathinon-Derivate<\/strong>MDPHP ist eine wertvolle Verbindung zur Erforschung der Wirkung synthetischer Stimulanzien.<\/span><\/div>\n\n\n\n<div class=\"wp-block-uagb-icon-list-child uagb-block-fe34200d\"><a target=\"_self\" aria-label=\"Auswirkungen auf das Verhalten: Untersuchung der Auswirkungen der Verbindung auf Aktivit\u00e4t, Motivation und Konzentration.\" rel=\"noopener noreferrer\" href=\"#\"> <\/a><span class=\"uagb-icon-list__source-wrap\"><svg xmlns=\"https:\/\/www.w3.org\/2000\/svg\" viewbox=\"0 0 512 512\"><path d=\"M0 256C0 114.6 114.6 0 256 0C397.4 0 512 114.6 512 256C512 397.4 397.4 512 256 512C114.6 512 0 397.4 0 256zM371.8 211.8C382.7 200.9 382.7 183.1 371.8 172.2C360.9 161.3 343.1 161.3 332.2 172.2L224 280.4L179.8 236.2C168.9 225.3 151.1 225.3 140.2 236.2C129.3 247.1 129.3 264.9 140.2 275.8L204.2 339.8C215.1 350.7 232.9 350.7 243.8 339.8L371.8 211.8z\"><\/path><\/svg><\/span><span class=\"uagb-icon-list__label\"><strong>Auswirkungen auf das Verhalten<\/strong>: Untersuchung der Auswirkungen der Verbindung auf Aktivit\u00e4t, Motivation und Konzentration.<\/span><\/div>\n<\/div><\/div>\n<\/div>\n<\/div><\/div>\n\n\n\n<div class=\"wp-block-uagb-container uagb-layout-flex uagb-block-cd23d4e7 alignfull uagb-is-root-container\"><div class=\"uagb-container-inner-blocks-wrap\">\n<div class=\"wp-block-uagb-container uagb-block-38ac57af\">\n<div class=\"wp-block-uagb-advanced-heading uagb-block-ab8e889b\"><h2 class=\"uagb-heading-text\">MDPHP online kaufen \u2013 Was Sie von FRCS Research erwarten k\u00f6nnen<\/h2><p class=\"uagb-desc-text\">Bei <strong>FRCS-Forschung<\/strong>, wir garantieren Qualit\u00e4t und Sicherheit, wenn Sie MDPHP bei uns kaufen. Aus diesem Grund k\u00f6nnen Sie uns Ihre Forschungsanforderungen anvertrauen:<br><strong>Getestet und zertifiziert<\/strong>: Alle unsere Chemikalien, einschlie\u00dflich <strong>MDHP<\/strong>, werden auf Reinheit und Konsistenz getestet, um sicherzustellen, dass Sie bei Ihren Untersuchungen zuverl\u00e4ssige Ergebnisse erhalten.<br><strong>Sichere Transaktionen<\/strong>: Wir verwenden verschl\u00fcsselte Zahlungsmethoden und sichere Checkout-Prozesse, um sicherzustellen, dass Ihre Daten gesch\u00fctzt sind.<br><strong>Diskrete Lieferung<\/strong>: Wir wissen, wie wichtig Ihre Privatsph\u00e4re ist. Deshalb bieten wir weltweit einen diskreten und zuverl\u00e4ssigen Versand an.<\/p><\/div>\n\n\n\n<div class=\"wp-block-uagb-icon-list uagb-block-e61dcdb2\"><div class=\"uagb-icon-list__wrap\"><\/div><\/div>\n<\/div>\n\n\n\n<div class=\"wp-block-uagb-image alignright uagb-block-1bba2fd8 wp-block-uagb-image--layout-default wp-block-uagb-image--effect-static wp-block-uagb-image--align-right\"><figure class=\"wp-block-uagb-image__figure\"><img decoding=\"async\" srcset=\"https:\/\/frcs-research.com\/wp-content\/uploads\/2024\/10\/ghvkbjl-768x1024.jpg ,https:\/\/frcs-research.com\/wp-content\/uploads\/2024\/10\/ghvkbjl.jpg 780w, https:\/\/frcs-research.com\/wp-content\/uploads\/2024\/10\/ghvkbjl.jpg 360w\" sizes=\"auto, (max-width: 480px) 150px\" src=\"https:\/\/frcs-research.com\/wp-content\/uploads\/2024\/10\/ghvkbjl-768x1024.jpg\" alt=\"mdphp kaufen\" class=\"uag-image-609\" width=\"560\" height=\"448\" title=\"Abonnieren\" loading=\"lazy\" role=\"img\"\/><\/figure><\/div>\n<\/div><\/div>","protected":false},"excerpt":{"rendered":"<p>Buy MDPHP Online \u2013 High-Quality MDPHP for Research at FRCS Research Looking to buy MDPHP online? Welcome to FRCS Research, your trusted source for premium, lab-tested MDPHP (3&#8242;,4&#8242;-Methylenedioxy-\u03b1-pyrrolidinohexiophenone). As a&hellip;<a href=\"https:\/\/frcs-research.com\/de\/mdphp-freebase\/\" class=\"more-link\"><span class=\"more-button\">Continue reading<span class=\"screen-reader-text\">MDPHP-FREIBASE<\/span><\/span><\/a><\/p>","protected":false},"author":1,"featured_media":0,"parent":0,"menu_order":0,"comment_status":"closed","ping_status":"closed","template":"","meta":{"_uag_custom_page_level_css":"","footnotes":""},"class_list":["post-11","page","type-page","status-publish","hentry"],"yoast_head":"<!-- This site is optimized with the Yoast SEO plugin v27.1.1 - https:\/\/yoast.com\/product\/yoast-seo-wordpress\/ -->\n<title>Buy MDPHP Online \u2013 High-Quality Research Chemical<\/title>\n<meta name=\"description\" content=\"Buy premium MDPHP online at FRCS Research. Trusted source for lab-tested MDPHP for research purposes, offering secure payments and discreet worldwide shipping.\" \/>\n<meta name=\"robots\" content=\"index, follow, max-snippet:-1, max-image-preview:large, max-video-preview:-1\" \/>\n<link rel=\"canonical\" href=\"https:\/\/frcs-research.com\/de\/mdphp-freebase\/\" \/>\n<meta property=\"og:locale\" content=\"de_DE\" \/>\n<meta property=\"og:type\" content=\"article\" \/>\n<meta property=\"og:title\" content=\"Buy MDPHP Online \u2013 High-Quality Research Chemical\" \/>\n<meta property=\"og:description\" content=\"Buy premium MDPHP online at FRCS Research. Trusted source for lab-tested MDPHP for research purposes, offering secure payments and discreet worldwide shipping.\" \/>\n<meta property=\"og:url\" content=\"https:\/\/frcs-research.com\/de\/mdphp-freebase\/\" \/>\n<meta property=\"og:site_name\" content=\"wholesale supplier of research chemicals, 4mmc, 3mmc, MDPHP, Alpha PVP and more\" \/>\n<meta property=\"article:modified_time\" content=\"2024-10-13T00:30:47+00:00\" \/>\n<meta property=\"og:image\" content=\"https:\/\/frcs-research.com\/wp-content\/uploads\/2024\/10\/photo_2024-10-09_01-29-18-939x1024.jpg\" \/>\n<meta name=\"twitter:card\" content=\"summary_large_image\" \/>\n<meta name=\"twitter:label1\" content=\"Gesch\u00e4tzte Lesezeit\" \/>\n\t<meta name=\"twitter:data1\" content=\"3\u00a0Minuten\" \/>\n<script type=\"application\/ld+json\" class=\"yoast-schema-graph\">{\"@context\":\"https:\/\/schema.org\",\"@graph\":[{\"@type\":\"WebPage\",\"@id\":\"https:\/\/frcs-research.com\/mdphp-freebase\/\",\"url\":\"https:\/\/frcs-research.com\/mdphp-freebase\/\",\"name\":\"Buy MDPHP Online \u2013 High-Quality Research Chemical\",\"isPartOf\":{\"@id\":\"https:\/\/frcs-research.com\/#website\"},\"primaryImageOfPage\":{\"@id\":\"https:\/\/frcs-research.com\/mdphp-freebase\/#primaryimage\"},\"image\":{\"@id\":\"https:\/\/frcs-research.com\/mdphp-freebase\/#primaryimage\"},\"thumbnailUrl\":\"https:\/\/frcs-research.com\/wp-content\/uploads\/2024\/10\/photo_2024-10-09_01-29-18-939x1024.jpg\",\"datePublished\":\"2024-10-06T20:27:37+00:00\",\"dateModified\":\"2024-10-13T00:30:47+00:00\",\"description\":\"Buy premium MDPHP online at FRCS Research. Trusted source for lab-tested MDPHP for research purposes, offering secure payments and discreet worldwide shipping.\",\"breadcrumb\":{\"@id\":\"https:\/\/frcs-research.com\/mdphp-freebase\/#breadcrumb\"},\"inLanguage\":\"de\",\"potentialAction\":[{\"@type\":\"ReadAction\",\"target\":[\"https:\/\/frcs-research.com\/mdphp-freebase\/\"]}]},{\"@type\":\"ImageObject\",\"inLanguage\":\"de\",\"@id\":\"https:\/\/frcs-research.com\/mdphp-freebase\/#primaryimage\",\"url\":\"https:\/\/frcs-research.com\/wp-content\/uploads\/2024\/10\/photo_2024-10-09_01-29-18-939x1024.jpg\",\"contentUrl\":\"https:\/\/frcs-research.com\/wp-content\/uploads\/2024\/10\/photo_2024-10-09_01-29-18-939x1024.jpg\"},{\"@type\":\"BreadcrumbList\",\"@id\":\"https:\/\/frcs-research.com\/mdphp-freebase\/#breadcrumb\",\"itemListElement\":[{\"@type\":\"ListItem\",\"position\":1,\"name\":\"Home\",\"item\":\"https:\/\/frcs-research.com\/\"},{\"@type\":\"ListItem\",\"position\":2,\"name\":\"MDPHP FREEBASE\"}]},{\"@type\":\"WebSite\",\"@id\":\"https:\/\/frcs-research.com\/#website\",\"url\":\"https:\/\/frcs-research.com\/\",\"name\":\"wholesale supplier of research chemicals, 4mmc, 3mmc, MDPHP, Alpha PVP and more\",\"description\":\"Wholesale research chemicals\",\"potentialAction\":[{\"@type\":\"SearchAction\",\"target\":{\"@type\":\"EntryPoint\",\"urlTemplate\":\"https:\/\/frcs-research.com\/?s={search_term_string}\"},\"query-input\":{\"@type\":\"PropertyValueSpecification\",\"valueRequired\":true,\"valueName\":\"search_term_string\"}}],\"inLanguage\":\"de\"}]}<\/script>\n<!-- \/ Yoast SEO plugin. -->","yoast_head_json":{"title":"Kaufen Sie MDPHP online \u2013 Hochwertige Forschungschemikalien","description":"Kaufen Sie Premium-MDPHP online bei FRCS Research. Vertrauensw\u00fcrdige Quelle f\u00fcr im Labor getestetes MDPHP f\u00fcr Forschungszwecke, mit sicheren Zahlungen und diskretem weltweiten Versand.","robots":{"index":"index","follow":"follow","max-snippet":"max-snippet:-1","max-image-preview":"max-image-preview:large","max-video-preview":"max-video-preview:-1"},"canonical":"https:\/\/frcs-research.com\/de\/mdphp-freebase\/","og_locale":"de_DE","og_type":"article","og_title":"Buy MDPHP Online \u2013 High-Quality Research Chemical","og_description":"Buy premium MDPHP online at FRCS Research. Trusted source for lab-tested MDPHP for research purposes, offering secure payments and discreet worldwide shipping.","og_url":"https:\/\/frcs-research.com\/de\/mdphp-freebase\/","og_site_name":"wholesale supplier of research chemicals, 4mmc, 3mmc, MDPHP, Alpha PVP and more","article_modified_time":"2024-10-13T00:30:47+00:00","og_image":[{"url":"https:\/\/frcs-research.com\/wp-content\/uploads\/2024\/10\/photo_2024-10-09_01-29-18-939x1024.jpg","type":"","width":"","height":""}],"twitter_card":"summary_large_image","twitter_misc":{"Gesch\u00e4tzte Lesezeit":"3\u00a0Minuten"},"schema":{"@context":"https:\/\/schema.org","@graph":[{"@type":"WebPage","@id":"https:\/\/frcs-research.com\/mdphp-freebase\/","url":"https:\/\/frcs-research.com\/mdphp-freebase\/","name":"Kaufen Sie MDPHP online \u2013 Hochwertige Forschungschemikalien","isPartOf":{"@id":"https:\/\/frcs-research.com\/#website"},"primaryImageOfPage":{"@id":"https:\/\/frcs-research.com\/mdphp-freebase\/#primaryimage"},"image":{"@id":"https:\/\/frcs-research.com\/mdphp-freebase\/#primaryimage"},"thumbnailUrl":"https:\/\/frcs-research.com\/wp-content\/uploads\/2024\/10\/photo_2024-10-09_01-29-18-939x1024.jpg","datePublished":"2024-10-06T20:27:37+00:00","dateModified":"2024-10-13T00:30:47+00:00","description":"Kaufen Sie Premium-MDPHP online bei FRCS Research. Vertrauensw\u00fcrdige Quelle f\u00fcr im Labor getestetes MDPHP f\u00fcr Forschungszwecke, mit sicheren Zahlungen und diskretem weltweiten Versand.","breadcrumb":{"@id":"https:\/\/frcs-research.com\/mdphp-freebase\/#breadcrumb"},"inLanguage":"de","potentialAction":[{"@type":"ReadAction","target":["https:\/\/frcs-research.com\/mdphp-freebase\/"]}]},{"@type":"ImageObject","inLanguage":"de","@id":"https:\/\/frcs-research.com\/mdphp-freebase\/#primaryimage","url":"https:\/\/frcs-research.com\/wp-content\/uploads\/2024\/10\/photo_2024-10-09_01-29-18-939x1024.jpg","contentUrl":"https:\/\/frcs-research.com\/wp-content\/uploads\/2024\/10\/photo_2024-10-09_01-29-18-939x1024.jpg"},{"@type":"BreadcrumbList","@id":"https:\/\/frcs-research.com\/mdphp-freebase\/#breadcrumb","itemListElement":[{"@type":"ListItem","position":1,"name":"Home","item":"https:\/\/frcs-research.com\/"},{"@type":"ListItem","position":2,"name":"MDPHP FREEBASE"}]},{"@type":"WebSite","@id":"https:\/\/frcs-research.com\/#website","url":"https:\/\/frcs-research.com\/","name":"Gro\u00dfh\u00e4ndler f\u00fcr Forschungschemikalien, 4mmc, 3mmc, MDPHP, Alpha PVP und mehr","description":"Gro\u00dfhandel mit Forschungschemikalien","potentialAction":[{"@type":"SearchAction","target":{"@type":"EntryPoint","urlTemplate":"https:\/\/frcs-research.com\/?s={search_term_string}"},"query-input":{"@type":"PropertyValueSpecification","valueRequired":true,"valueName":"search_term_string"}}],"inLanguage":"de"}]}},"uagb_featured_image_src":{"full":false,"thumbnail":false,"medium":false,"medium_large":false,"large":false,"1536x1536":false,"2048x2048":false,"trp-custom-language-flag":false,"post-thumbnail":false,"elite-commerce-slider":false,"elite-commerce-hero":false,"elite-commerce-portfolio":false,"woocommerce_thumbnail":false,"woocommerce_single":false,"woocommerce_gallery_thumbnail":false},"uagb_author_info":{"display_name":"Richard Wood","author_link":"https:\/\/frcs-research.com\/de\/author\/expireddomains1000gmail-com\/"},"uagb_comment_info":0,"uagb_excerpt":"Buy MDPHP Online \u2013 High-Quality MDPHP for Research at FRCS Research Looking to buy MDPHP online? Welcome to FRCS Research, your trusted source for premium, lab-tested MDPHP (3&#8242;,4&#8242;-Methylenedioxy-\u03b1-pyrrolidinohexiophenone). As a&hellip;Continue readingMDPHP FREEBASE","_links":{"self":[{"href":"https:\/\/frcs-research.com\/de\/wp-json\/wp\/v2\/pages\/11","targetHints":{"allow":["GET"]}}],"collection":[{"href":"https:\/\/frcs-research.com\/de\/wp-json\/wp\/v2\/pages"}],"about":[{"href":"https:\/\/frcs-research.com\/de\/wp-json\/wp\/v2\/types\/page"}],"author":[{"embeddable":true,"href":"https:\/\/frcs-research.com\/de\/wp-json\/wp\/v2\/users\/1"}],"replies":[{"embeddable":true,"href":"https:\/\/frcs-research.com\/de\/wp-json\/wp\/v2\/comments?post=11"}],"version-history":[{"count":9,"href":"https:\/\/frcs-research.com\/de\/wp-json\/wp\/v2\/pages\/11\/revisions"}],"predecessor-version":[{"id":780,"href":"https:\/\/frcs-research.com\/de\/wp-json\/wp\/v2\/pages\/11\/revisions\/780"}],"wp:attachment":[{"href":"https:\/\/frcs-research.com\/de\/wp-json\/wp\/v2\/media?parent=11"}],"curies":[{"name":"wp","href":"https:\/\/api.w.org\/{rel}","templated":true}]}}