{"id":612,"date":"2024-10-08T23:48:06","date_gmt":"2024-10-08T23:48:06","guid":{"rendered":"https:\/\/frcs-research.com\/mdphp-freebase-2\/"},"modified":"2024-10-09T00:42:43","modified_gmt":"2024-10-09T00:42:43","slug":"flualprazolam-online-kaufen","status":"publish","type":"page","link":"https:\/\/frcs-research.com\/de\/flualprazolam-online-kaufen\/","title":{"rendered":"Kaufen Sie Flualprazolam online"},"content":{"rendered":"<h1 class=\"wp-block-heading\">Kaufen Sie Flualprazolam online \u2013 Hochwertiges Flualprazolam f\u00fcr die Forschung bei FRCS Research<\/h1>\n\n\n\n<div class=\"wp-block-uagb-container uagb-block-ddbe5c65 alignfull uagb-is-root-container\"><div class=\"uagb-container-inner-blocks-wrap\">\n<div class=\"wp-block-uagb-advanced-heading uagb-block-fa4e7c56\"><h1 class=\"uagb-heading-text\">Kaufen Sie Flualprazolam online \u2013 Hochwertiges Flualprazolam f\u00fcr die Forschung bei FRCS Research<\/h1><p class=\"uagb-desc-text\">M\u00f6chten Sie <strong>Flualprazolam online kaufen<\/strong> f\u00fcr Forschungszwecke? <strong>FRCS-Forschung<\/strong>sind wir stolz darauf, erstklassige Qualit\u00e4t anzubieten <strong>Flualprazolam<\/strong>, ein potentes Benzodiazepin-Analogon, f\u00fcr Labor und wissenschaftliche Forschung. Unser Fokus liegt auf der Bereitstellung <strong>hochreine Forschungschemikalien<\/strong> die den h\u00f6chsten Industriestandards entsprechen und sicherstellen, dass Ihre Forschung zuverl\u00e4ssige und konsistente Ergebnisse liefert.<\/p><\/div>\n<\/div><\/div>\n\n\n\n<div class=\"wp-block-uagb-container uagb-block-f4853f72 alignfull uagb-is-root-container\"><div class=\"uagb-container-inner-blocks-wrap\">\n<div class=\"wp-block-uagb-image uagb-block-066e3443 wp-block-uagb-image--layout-default wp-block-uagb-image--effect-static wp-block-uagb-image--align-none\"><figure class=\"wp-block-uagb-image__figure\"><img decoding=\"async\" srcset=\"https:\/\/frcs-research.com\/wp-content\/uploads\/2024\/10\/ket-powder.jpg ,https:\/\/frcs-research.com\/wp-content\/uploads\/2024\/10\/ket-powder.jpg 780w, https:\/\/frcs-research.com\/wp-content\/uploads\/2024\/10\/ket-powder.jpg 360w\" sizes=\"auto, (max-width: 480px) 150px\" src=\"https:\/\/frcs-research.com\/wp-content\/uploads\/2024\/10\/ket-powder.jpg\" alt=\"\" class=\"uag-image-616\" width=\"560\" height=\"440\" title=\"Ket-Pulver\" loading=\"lazy\" role=\"img\"\/><\/figure><\/div>\n\n\n\n<div class=\"wp-block-uagb-container uagb-block-959de5be\">\n<div class=\"wp-block-uagb-advanced-heading uagb-block-a679106e\"><h2 class=\"uagb-heading-text\">Was ist Flualprazolam?<\/h2><p class=\"uagb-desc-text\">Flualprazolam ist ein starkes Benzodiazepin-Derivat, das f\u00fcr seine beruhigenden, angstl\u00f6senden und hypnotischen Eigenschaften bekannt ist. Es ist strukturell mit Alprazolam (Xanax) verwandt, gilt aber als noch wirksamer. Forscher verwenden Flualprazolam, um seine Wirkung auf GABA-Rezeptoren und seine potenziellen Anwendungen bei der Behandlung von Angstzust\u00e4nden, Schlaflosigkeit und anderen Erkrankungen des zentralen Nervensystems zu untersuchen. Bei FRCS Research bieten wir Flualprazolam zum Verkauf an, um Forschern zu helfen, sein pharmakologisches Profil und seine potenziellen Auswirkungen auf Verhalten und Wahrnehmung besser zu verstehen.<\/p><\/div>\n<\/div>\n<\/div><\/div>\n\n\n\n<div class=\"wp-block-uagb-container uagb-layout-grid uagb-block-395f69b9 alignfull uagb-is-root-container\"><div class=\"uagb-container-inner-blocks-wrap\">\n<div class=\"wp-block-uagb-advanced-heading uagb-block-992e1d53\"><h3 class=\"uagb-heading-text\">Warum Flualprazolam von FRCS Research kaufen?<\/h3><p class=\"uagb-desc-text\">Beim Kauf <strong>Flualprazolam<\/strong> aus <strong>FRCS-Forschung<\/strong>entscheiden Sie sich f\u00fcr einen vertrauensw\u00fcrdigen und zuverl\u00e4ssigen Lieferanten. Das zeichnet uns aus:<br><strong>Hohe Reinheit<\/strong>: Unser <strong>Flualprazolam<\/strong> wird sorgf\u00e4ltig von renommierten Herstellern bezogen und strengen Tests unterzogen, um seine Reinheit und Wirksamkeit sicherzustellen.<br><strong>Sichere Bestellung<\/strong>: Wir bieten eine sichere Plattform mit verschl\u00fcsselten Zahlungsmethoden, die sicherstellen, dass Ihre Transaktion privat und gesch\u00fctzt ist.<br><strong>Diskreter Versand<\/strong>: Wir bieten <strong>diskrete Verpackung<\/strong> Und <strong>Weltweiter Versand<\/strong>, um sicherzustellen, dass Ihre <strong>Flualprazolam<\/strong> Bestellung kommt sicher und schnell an.<br><strong>Schnelle Lieferung<\/strong>: Eine schnelle und zuverl\u00e4ssige Lieferung steht bei uns an erster Stelle, damit Sie Ihre Forschungschemikalien schnell erhalten, egal, wo Sie sich befinden.<\/p><\/div>\n\n\n\n<div class=\"wp-block-uagb-container uagb-block-6d4e5b67\">\n<div class=\"wp-block-uagb-advanced-heading uagb-block-bbe91d67\"><h3 class=\"uagb-heading-text\">Flualprazolam f\u00fcr Forschungszwecke<\/h3><\/div>\n\n\n\n<div class=\"wp-block-uagb-icon-list uagb-block-60b012d5\"><div class=\"uagb-icon-list__wrap\">\n<div class=\"wp-block-uagb-icon-list-child uagb-block-8bcb204e\"><a target=\"_self\" aria-label=\"Flualprazolam ist eine beliebte Verbindung unter Forschern, die Benzodiazepin-Analoga untersuchen. Seine Wirksamkeit und Interaktion mit GABA-A-Rezeptoren machen es ideal f\u00fcr die Untersuchung angstl\u00f6sender, beruhigender und hypnotischer Wirkungen. Wenn Ihre Forschung die Untersuchung der Auswirkungen von Benzodiazepinen auf Angstzust\u00e4nde, Schlafst\u00f6rungen oder neurologische Erkrankungen umfasst, ist Flualprazolam eine wichtige Chemikalie f\u00fcr Ihre Experimente. Hauptmerkmale unseres Flualprazolam: Hohe Wirksamkeit: Eine wirksame Verbindung, die in Forschungsanwendungen konsistente Ergebnisse liefert. Ausschlie\u00dflich f\u00fcr Forschungszwecke: Unser Flualprazolam wird nur f\u00fcr den Laborgebrauch verkauft und ist nicht f\u00fcr den menschlichen Verzehr oder medizinische Zwecke bestimmt. Weltweite Verf\u00fcgbarkeit: Wir versenden Flualprazolam weltweit und stellen sicher, dass Forscher weltweit Zugang zu unseren hochwertigen Produkten haben.\" rel=\"noopener noreferrer\" href=\"#\"> <\/a><span class=\"uagb-icon-list__source-wrap\"><svg xmlns=\"https:\/\/www.w3.org\/2000\/svg\" viewbox=\"0 0 512 512\"><path d=\"M0 256C0 114.6 114.6 0 256 0C397.4 0 512 114.6 512 256C512 397.4 397.4 512 256 512C114.6 512 0 397.4 0 256zM371.8 211.8C382.7 200.9 382.7 183.1 371.8 172.2C360.9 161.3 343.1 161.3 332.2 172.2L224 280.4L179.8 236.2C168.9 225.3 151.1 225.3 140.2 236.2C129.3 247.1 129.3 264.9 140.2 275.8L204.2 339.8C215.1 350.7 232.9 350.7 243.8 339.8L371.8 211.8z\"><\/path><\/svg><\/span><span class=\"uagb-icon-list__label\">Flualprazolam ist eine beliebte Verbindung unter Forschern, die Benzodiazepin-Analoga untersuchen. Seine Wirksamkeit und Interaktion mit GABA-A-Rezeptoren machen es ideal f\u00fcr die Untersuchung angstl\u00f6sender, beruhigender und hypnotischer Wirkungen. Wenn Ihre Forschung die Untersuchung der Auswirkungen von Benzodiazepinen auf Angstzust\u00e4nde, Schlafst\u00f6rungen oder neurologische Erkrankungen umfasst, ist Flualprazolam eine wichtige Chemikalie f\u00fcr Ihre Experimente. Hauptmerkmale unseres Flualprazolam: Hohe Wirksamkeit: Eine wirksame Verbindung, die in Forschungsanwendungen konsistente Ergebnisse liefert. Ausschlie\u00dflich f\u00fcr Forschungszwecke: Unser Flualprazolam wird nur f\u00fcr den Laborgebrauch verkauft und ist nicht f\u00fcr den menschlichen Verzehr oder medizinische Zwecke bestimmt. Weltweite Verf\u00fcgbarkeit: Wir versenden Flualprazolam weltweit und stellen sicher, dass Forscher weltweit Zugang zu unseren hochwertigen Produkten haben.<\/span><\/div>\n<\/div><\/div>\n<\/div>\n<\/div><\/div>\n\n\n\n<div class=\"wp-block-uagb-container uagb-layout-flex uagb-block-cd23d4e7 alignfull uagb-is-root-container\"><div class=\"uagb-container-inner-blocks-wrap\">\n<div class=\"wp-block-uagb-container uagb-block-38ac57af\">\n<div class=\"wp-block-uagb-advanced-heading uagb-block-ab8e889b\"><h2 class=\"uagb-heading-text\">Bestellen Sie Flualprazolam sicher online<\/h2><p class=\"uagb-desc-text\">Wenn Sie bereit sind <strong>Flualprazolam online kaufen<\/strong>, <strong>FRCS-Forschung<\/strong> ist Ihr zuverl\u00e4ssiger Lieferant f\u00fcr <strong>hochreine Benzodiazepin-Analoga<\/strong>Mit einem Fokus auf <strong>Qualit\u00e4t<\/strong>, <strong>Sicherheit<\/strong>, Und <strong>diskreter Service<\/strong>, wir bieten eine sichere Umgebung f\u00fcr die Bestellung von Forschungschemikalien.<br>Darum k\u00f6nnen Sie vertrauen <strong>FRCS-Forschung<\/strong>:<br><strong>Sichere Transaktionen<\/strong>: Wir verwenden verschl\u00fcsselte Zahlungsmethoden, um sicherzustellen, dass Ihre Transaktion sicher und privat ist.<br><strong>Wettbewerbsf\u00e4hige Preise<\/strong>: Wir bieten einige der besten Preise f\u00fcr <strong>Flualprazolam<\/strong> und andere Forschungschemikalien ohne Kompromisse bei der Qualit\u00e4t.<br><strong>Schneller und diskreter Versand<\/strong>: Wir versenden Ihre Bestellungen diskret, um Ihre Privatsph\u00e4re zu sch\u00fctzen, und mit schneller Lieferung, um sicherzustellen, dass Ihre Forschung nicht verz\u00f6gert wird.<strong>Getestet und zertifiziert<\/strong>: Alle unsere Chemikalien, einschlie\u00dflich <strong>MDHP<\/strong>, werden auf Reinheit und Konsistenz getestet, um sicherzustellen, dass Sie bei Ihren Untersuchungen zuverl\u00e4ssige Ergebnisse erhalten.<br><strong>Sichere Transaktionen<\/strong>: Wir verwenden verschl\u00fcsselte Zahlungsmethoden und sichere Checkout-Prozesse, um sicherzustellen, dass Ihre Daten gesch\u00fctzt sind.<br><strong>Diskrete Lieferung<\/strong>: Wir wissen, wie wichtig Ihre Privatsph\u00e4re ist. Deshalb bieten wir weltweit einen diskreten und zuverl\u00e4ssigen Versand an.<\/p><\/div>\n\n\n\n<div class=\"wp-block-uagb-icon-list uagb-block-e61dcdb2\"><div class=\"uagb-icon-list__wrap\">\n<div class=\"wp-block-uagb-icon-list-child uagb-block-56a9cd56\"><span class=\"uagb-icon-list__source-wrap\"><svg xmlns=\"https:\/\/www.w3.org\/2000\/svg\" viewbox=\"0 0 512 512\"><path d=\"M256 0C114.6 0 0 114.6 0 256c0 141.4 114.6 256 256 256s256-114.6 256-256C512 114.6 397.4 0 256 0zM406.6 278.6l-103.1 103.1c-12.5 12.5-32.75 12.5-45.25 0s-12.5-32.75 0-45.25L306.8 288H128C110.3 288 96 273.7 96 256s14.31-32 32-32h178.8l-49.38-49.38c-12.5-12.5-12.5-32.75 0-45.25s32.75-12.5 45.25 0l103.1 103.1C414.6 241.3 416 251.1 416 256C416 260.9 414.6 270.7 406.6 278.6z\"><\/path><\/svg><\/span><span class=\"uagb-icon-list__label\">Listenelement<\/span><\/div>\n\n\n\n<div class=\"wp-block-uagb-icon-list-child uagb-block-5cb900a0\"><span class=\"uagb-icon-list__source-wrap\"><svg xmlns=\"https:\/\/www.w3.org\/2000\/svg\" viewbox=\"0 0 512 512\"><path d=\"M256 0C114.6 0 0 114.6 0 256c0 141.4 114.6 256 256 256s256-114.6 256-256C512 114.6 397.4 0 256 0zM406.6 278.6l-103.1 103.1c-12.5 12.5-32.75 12.5-45.25 0s-12.5-32.75 0-45.25L306.8 288H128C110.3 288 96 273.7 96 256s14.31-32 32-32h178.8l-49.38-49.38c-12.5-12.5-12.5-32.75 0-45.25s32.75-12.5 45.25 0l103.1 103.1C414.6 241.3 416 251.1 416 256C416 260.9 414.6 270.7 406.6 278.6z\"><\/path><\/svg><\/span><span class=\"uagb-icon-list__label\">Listenelement<\/span><\/div>\n\n\n\n<div class=\"wp-block-uagb-icon-list-child uagb-block-e14a2666\"><span class=\"uagb-icon-list__source-wrap\"><svg xmlns=\"https:\/\/www.w3.org\/2000\/svg\" viewbox=\"0 0 512 512\"><path d=\"M256 0C114.6 0 0 114.6 0 256c0 141.4 114.6 256 256 256s256-114.6 256-256C512 114.6 397.4 0 256 0zM406.6 278.6l-103.1 103.1c-12.5 12.5-32.75 12.5-45.25 0s-12.5-32.75 0-45.25L306.8 288H128C110.3 288 96 273.7 96 256s14.31-32 32-32h178.8l-49.38-49.38c-12.5-12.5-12.5-32.75 0-45.25s32.75-12.5 45.25 0l103.1 103.1C414.6 241.3 416 251.1 416 256C416 260.9 414.6 270.7 406.6 278.6z\"><\/path><\/svg><\/span><span class=\"uagb-icon-list__label\">Listenelement<\/span><\/div>\n<\/div><\/div>\n<\/div>\n\n\n\n<div class=\"wp-block-uagb-image alignright uagb-block-1bba2fd8 wp-block-uagb-image--layout-default wp-block-uagb-image--effect-static wp-block-uagb-image--align-right\"><figure class=\"wp-block-uagb-image__figure\"><img decoding=\"async\" srcset=\"https:\/\/frcs-research.com\/wp-content\/uploads\/2024\/10\/ghvkbjl-768x1024.jpg ,https:\/\/frcs-research.com\/wp-content\/uploads\/2024\/10\/ghvkbjl.jpg 780w, https:\/\/frcs-research.com\/wp-content\/uploads\/2024\/10\/ghvkbjl.jpg 360w\" sizes=\"auto, (max-width: 480px) 150px\" src=\"https:\/\/frcs-research.com\/wp-content\/uploads\/2024\/10\/ghvkbjl-768x1024.jpg\" alt=\"mdphp kaufen\" class=\"uag-image-609\" width=\"560\" height=\"448\" title=\"Abonnieren\" loading=\"lazy\" role=\"img\"\/><\/figure><\/div>\n<\/div><\/div>\n\n\n\n<p><\/p>","protected":false},"excerpt":{"rendered":"<p>Buy Flualprazolam Online \u2013 High-Quality Flualprazolam for Research at FRCS Research Buy Flualprazolam Online \u2013 High-Quality Flualprazolam for Research at FRCS Research Are you looking to buy Flualprazolam online for&hellip;<a href=\"https:\/\/frcs-research.com\/de\/flualprazolam-online-kaufen\/\" class=\"more-link\"><span class=\"more-button\">Continue reading<span class=\"screen-reader-text\">Kaufen Sie Flualprazolam online<\/span><\/span><\/a><\/p>","protected":false},"author":1,"featured_media":0,"parent":0,"menu_order":0,"comment_status":"closed","ping_status":"closed","template":"","meta":{"_uag_custom_page_level_css":"","footnotes":""},"class_list":["post-612","page","type-page","status-publish","hentry"],"yoast_head":"<!-- This site is optimized with the Yoast SEO plugin v27.1.1 - https:\/\/yoast.com\/product\/yoast-seo-wordpress\/ -->\n<title>Buy Flualprazolam Online \u2013 Premium Research Chemical<\/title>\n<meta name=\"description\" content=\"Buy high-purity Flualprazolam online at FRCS Research. Trusted supplier offering lab-tested Flualprazolam for research with secure payments and discreet worldwide shipping.\" \/>\n<meta name=\"robots\" content=\"index, follow, max-snippet:-1, max-image-preview:large, max-video-preview:-1\" \/>\n<link rel=\"canonical\" href=\"https:\/\/frcs-research.com\/de\/flualprazolam-online-kaufen\/\" \/>\n<meta property=\"og:locale\" content=\"de_DE\" \/>\n<meta property=\"og:type\" content=\"article\" \/>\n<meta property=\"og:title\" content=\"Buy Flualprazolam Online \u2013 Premium Research Chemical\" \/>\n<meta property=\"og:description\" content=\"Buy high-purity Flualprazolam online at FRCS Research. Trusted supplier offering lab-tested Flualprazolam for research with secure payments and discreet worldwide shipping.\" \/>\n<meta property=\"og:url\" content=\"https:\/\/frcs-research.com\/de\/flualprazolam-online-kaufen\/\" \/>\n<meta property=\"og:site_name\" content=\"wholesale supplier of research chemicals, 4mmc, 3mmc, MDPHP, Alpha PVP and more\" \/>\n<meta property=\"article:modified_time\" content=\"2024-10-09T00:42:43+00:00\" \/>\n<meta property=\"og:image\" content=\"https:\/\/frcs-research.com\/wp-content\/uploads\/2024\/10\/ket-powder.jpg\" \/>\n<meta name=\"twitter:card\" content=\"summary_large_image\" \/>\n<meta name=\"twitter:label1\" content=\"Gesch\u00e4tzte Lesezeit\" \/>\n\t<meta name=\"twitter:data1\" content=\"3\u00a0Minuten\" \/>\n<script type=\"application\/ld+json\" class=\"yoast-schema-graph\">{\"@context\":\"https:\/\/schema.org\",\"@graph\":[{\"@type\":\"WebPage\",\"@id\":\"https:\/\/frcs-research.com\/buy-flualprazolam-online\/\",\"url\":\"https:\/\/frcs-research.com\/buy-flualprazolam-online\/\",\"name\":\"Buy Flualprazolam Online \u2013 Premium Research Chemical\",\"isPartOf\":{\"@id\":\"https:\/\/frcs-research.com\/#website\"},\"primaryImageOfPage\":{\"@id\":\"https:\/\/frcs-research.com\/buy-flualprazolam-online\/#primaryimage\"},\"image\":{\"@id\":\"https:\/\/frcs-research.com\/buy-flualprazolam-online\/#primaryimage\"},\"thumbnailUrl\":\"https:\/\/frcs-research.com\/wp-content\/uploads\/2024\/10\/ket-powder.jpg\",\"datePublished\":\"2024-10-08T23:48:06+00:00\",\"dateModified\":\"2024-10-09T00:42:43+00:00\",\"description\":\"Buy high-purity Flualprazolam online at FRCS Research. Trusted supplier offering lab-tested Flualprazolam for research with secure payments and discreet worldwide shipping.\",\"breadcrumb\":{\"@id\":\"https:\/\/frcs-research.com\/buy-flualprazolam-online\/#breadcrumb\"},\"inLanguage\":\"de\",\"potentialAction\":[{\"@type\":\"ReadAction\",\"target\":[\"https:\/\/frcs-research.com\/buy-flualprazolam-online\/\"]}]},{\"@type\":\"ImageObject\",\"inLanguage\":\"de\",\"@id\":\"https:\/\/frcs-research.com\/buy-flualprazolam-online\/#primaryimage\",\"url\":\"https:\/\/frcs-research.com\/wp-content\/uploads\/2024\/10\/ket-powder.jpg\",\"contentUrl\":\"https:\/\/frcs-research.com\/wp-content\/uploads\/2024\/10\/ket-powder.jpg\"},{\"@type\":\"BreadcrumbList\",\"@id\":\"https:\/\/frcs-research.com\/buy-flualprazolam-online\/#breadcrumb\",\"itemListElement\":[{\"@type\":\"ListItem\",\"position\":1,\"name\":\"Home\",\"item\":\"https:\/\/frcs-research.com\/\"},{\"@type\":\"ListItem\",\"position\":2,\"name\":\"Buy Flualprazolam Online\"}]},{\"@type\":\"WebSite\",\"@id\":\"https:\/\/frcs-research.com\/#website\",\"url\":\"https:\/\/frcs-research.com\/\",\"name\":\"wholesale supplier of research chemicals, 4mmc, 3mmc, MDPHP, Alpha PVP and more\",\"description\":\"Wholesale research chemicals\",\"potentialAction\":[{\"@type\":\"SearchAction\",\"target\":{\"@type\":\"EntryPoint\",\"urlTemplate\":\"https:\/\/frcs-research.com\/?s={search_term_string}\"},\"query-input\":{\"@type\":\"PropertyValueSpecification\",\"valueRequired\":true,\"valueName\":\"search_term_string\"}}],\"inLanguage\":\"de\"}]}<\/script>\n<!-- \/ Yoast SEO plugin. -->","yoast_head_json":{"title":"Flualprazolam online kaufen \u2013 Premium-Forschungschemikalie","description":"Kaufen Sie hochreines Flualprazolam online bei FRCS Research. Vertrauensw\u00fcrdiger Lieferant, der im Labor getestetes Flualprazolam f\u00fcr Forschungszwecke mit sicherer Zahlung und diskretem weltweiten Versand anbietet.","robots":{"index":"index","follow":"follow","max-snippet":"max-snippet:-1","max-image-preview":"max-image-preview:large","max-video-preview":"max-video-preview:-1"},"canonical":"https:\/\/frcs-research.com\/de\/flualprazolam-online-kaufen\/","og_locale":"de_DE","og_type":"article","og_title":"Buy Flualprazolam Online \u2013 Premium Research Chemical","og_description":"Buy high-purity Flualprazolam online at FRCS Research. Trusted supplier offering lab-tested Flualprazolam for research with secure payments and discreet worldwide shipping.","og_url":"https:\/\/frcs-research.com\/de\/flualprazolam-online-kaufen\/","og_site_name":"wholesale supplier of research chemicals, 4mmc, 3mmc, MDPHP, Alpha PVP and more","article_modified_time":"2024-10-09T00:42:43+00:00","og_image":[{"url":"https:\/\/frcs-research.com\/wp-content\/uploads\/2024\/10\/ket-powder.jpg","type":"","width":"","height":""}],"twitter_card":"summary_large_image","twitter_misc":{"Gesch\u00e4tzte Lesezeit":"3\u00a0Minuten"},"schema":{"@context":"https:\/\/schema.org","@graph":[{"@type":"WebPage","@id":"https:\/\/frcs-research.com\/buy-flualprazolam-online\/","url":"https:\/\/frcs-research.com\/buy-flualprazolam-online\/","name":"Flualprazolam online kaufen \u2013 Premium-Forschungschemikalie","isPartOf":{"@id":"https:\/\/frcs-research.com\/#website"},"primaryImageOfPage":{"@id":"https:\/\/frcs-research.com\/buy-flualprazolam-online\/#primaryimage"},"image":{"@id":"https:\/\/frcs-research.com\/buy-flualprazolam-online\/#primaryimage"},"thumbnailUrl":"https:\/\/frcs-research.com\/wp-content\/uploads\/2024\/10\/ket-powder.jpg","datePublished":"2024-10-08T23:48:06+00:00","dateModified":"2024-10-09T00:42:43+00:00","description":"Kaufen Sie hochreines Flualprazolam online bei FRCS Research. Vertrauensw\u00fcrdiger Lieferant, der im Labor getestetes Flualprazolam f\u00fcr Forschungszwecke mit sicherer Zahlung und diskretem weltweiten Versand anbietet.","breadcrumb":{"@id":"https:\/\/frcs-research.com\/buy-flualprazolam-online\/#breadcrumb"},"inLanguage":"de","potentialAction":[{"@type":"ReadAction","target":["https:\/\/frcs-research.com\/buy-flualprazolam-online\/"]}]},{"@type":"ImageObject","inLanguage":"de","@id":"https:\/\/frcs-research.com\/buy-flualprazolam-online\/#primaryimage","url":"https:\/\/frcs-research.com\/wp-content\/uploads\/2024\/10\/ket-powder.jpg","contentUrl":"https:\/\/frcs-research.com\/wp-content\/uploads\/2024\/10\/ket-powder.jpg"},{"@type":"BreadcrumbList","@id":"https:\/\/frcs-research.com\/buy-flualprazolam-online\/#breadcrumb","itemListElement":[{"@type":"ListItem","position":1,"name":"Home","item":"https:\/\/frcs-research.com\/"},{"@type":"ListItem","position":2,"name":"Buy Flualprazolam Online"}]},{"@type":"WebSite","@id":"https:\/\/frcs-research.com\/#website","url":"https:\/\/frcs-research.com\/","name":"Gro\u00dfh\u00e4ndler f\u00fcr Forschungschemikalien, 4mmc, 3mmc, MDPHP, Alpha PVP und mehr","description":"Gro\u00dfhandel mit Forschungschemikalien","potentialAction":[{"@type":"SearchAction","target":{"@type":"EntryPoint","urlTemplate":"https:\/\/frcs-research.com\/?s={search_term_string}"},"query-input":{"@type":"PropertyValueSpecification","valueRequired":true,"valueName":"search_term_string"}}],"inLanguage":"de"}]}},"uagb_featured_image_src":{"full":false,"thumbnail":false,"medium":false,"medium_large":false,"large":false,"1536x1536":false,"2048x2048":false,"trp-custom-language-flag":false,"post-thumbnail":false,"elite-commerce-slider":false,"elite-commerce-hero":false,"elite-commerce-portfolio":false,"woocommerce_thumbnail":false,"woocommerce_single":false,"woocommerce_gallery_thumbnail":false},"uagb_author_info":{"display_name":"Richard Wood","author_link":"https:\/\/frcs-research.com\/de\/author\/expireddomains1000gmail-com\/"},"uagb_comment_info":0,"uagb_excerpt":"Buy Flualprazolam Online \u2013 High-Quality Flualprazolam for Research at FRCS Research Buy Flualprazolam Online \u2013 High-Quality Flualprazolam for Research at FRCS Research Are you looking to buy Flualprazolam online for&hellip;Continue readingBuy Flualprazolam Online","_links":{"self":[{"href":"https:\/\/frcs-research.com\/de\/wp-json\/wp\/v2\/pages\/612","targetHints":{"allow":["GET"]}}],"collection":[{"href":"https:\/\/frcs-research.com\/de\/wp-json\/wp\/v2\/pages"}],"about":[{"href":"https:\/\/frcs-research.com\/de\/wp-json\/wp\/v2\/types\/page"}],"author":[{"embeddable":true,"href":"https:\/\/frcs-research.com\/de\/wp-json\/wp\/v2\/users\/1"}],"replies":[{"embeddable":true,"href":"https:\/\/frcs-research.com\/de\/wp-json\/wp\/v2\/comments?post=612"}],"version-history":[{"count":6,"href":"https:\/\/frcs-research.com\/de\/wp-json\/wp\/v2\/pages\/612\/revisions"}],"predecessor-version":[{"id":645,"href":"https:\/\/frcs-research.com\/de\/wp-json\/wp\/v2\/pages\/612\/revisions\/645"}],"wp:attachment":[{"href":"https:\/\/frcs-research.com\/de\/wp-json\/wp\/v2\/media?parent=612"}],"curies":[{"name":"wp","href":"https:\/\/api.w.org\/{rel}","templated":true}]}}