{"id":1125,"date":"2026-01-29T18:52:34","date_gmt":"2026-01-29T18:52:34","guid":{"rendered":"https:\/\/frcs-research.com\/?post_type=product&#038;p=1125"},"modified":"2026-04-20T04:52:20","modified_gmt":"2026-04-20T04:52:20","slug":"white-girl-bath-salts","status":"publish","type":"product","link":"https:\/\/frcs-research.com\/de\/product\/white-girl-bath-salts\/","title":{"rendered":"White Girl Bath Salts"},"content":{"rendered":"<div id=\"tab-description\" class=\"woocommerce-Tabs-panel woocommerce-Tabs-panel--description panel entry-content active\" role=\"tabpanel\" aria-labelledby=\"tab-title-description\">\n<h3 style=\"text-align: center\"><strong>Buy White Girl Bath Salts<\/strong><\/h3>\n<p>White Girl Bath Salts from a trustworthy vendor. We offer bath salts and other research chemicals items of the finest quality. Using our bath salts will give you a pleasant, sensual unforgettable moments. However, our customers are assured of receiving the best quality on the market. We do, however, sell additional concentrated research and pharmaceuticals chemicals at reasonable costs both wholesale and retail.<\/p>\n<div><\/div>\n<div><strong>Our bath salts have a powerful scent.<\/strong><\/div>\n<div><\/div>\n<div style=\"text-align: left\">White Girl Bath\u00a0are made to increase the stimulation, <a href=\"https:\/\/researchchemicalshop.com\/shop\/\">vigor<\/a>, and ecstasy of your soul experience. For significant results, a very small amount is required. But you can add a tiny bit to a hot pipe hits different and naturally, which will make you feel incredibly energized and blissful. In spite of this, it is White Girl Salts Online<\/div>\n<h3><strong>Related products<\/strong><\/h3>\n<ul>\n<li>Below are some of our Original bath salts;<\/li>\n<li>Rave On Bath Salt<\/li>\n<li>Tranquility Concentrated Bath Salts 500mg<\/li>\n<\/ul>\n<ul>\n<li>Eight Ballz Bath Salts 500mg<\/li>\n<li>HOLLYWOOD-1 GRAM PREMIUM BATH SALTS<\/li>\n<li>DIAMOND DUST \u2013 500mg<\/li>\n<li>Drone V Novelty Powder 500mg<\/li>\n<li>Black Diamond Novelty Powder<\/li>\n<li>Eight Ballz \u2013 Novelty Powder<\/li>\n<li>Pump-it Powder 500mg<\/li>\n<li>White Rush Bath Salts 500mg<\/li>\n<li>Ivory Wave Ultra Bath Salts 500mg<\/li>\n<li>Ivory Wave bath salt 500mg<\/li>\n<li>Lady Bubbles Bath Salts 500mg<\/li>\n<li>Cloud 9 Bath Salts \u2013 500mg<\/li>\n<li>Heavenly Soak \u2013 Euphoric \u2013 Novelty Powder 500mg<\/li>\n<li>Heavenly Soak \u2013 Energy \u2013 Novelty Powder 500mg<\/li>\n<li>Sky \u2013 Novelty Powder \u2013 500mg<\/li>\n<li>Molly\u2019s Blend \u2013 Novelty Powder 500mg<\/li>\n<\/ul>\n<p><strong>Order White Girl Bath Salts online<\/strong><\/p>\n<ul>\n<li>Vanilla Sky Bath Salts 500mg,<\/li>\n<li>Fizz Concentrated Bath Salts 500mg,<\/li>\n<li>Bolivian Ivory Wave Recharge Bath Salts 500mg<a href=\"https:\/\/newlinepharmacy.uk\/shop\/\">,<\/a><\/li>\n<li>White Girl Concentrated Bath Salts 500mg,<\/li>\n<li>Tranquility Concentrated Bath Salts 500mg,<\/li>\n<li>X Rated Bath Salts 500mg<\/li>\n<li>Ivory Smooth Concentrated Bath Salts 500mg<\/li>\n<li>Blue Wave Bath Salts 50mg<\/li>\n<li>Blue Silk \u2013 Bath Salt 500mg<\/li>\n<li>Bolivian Bath Salts 500mg<\/li>\n<li>G Pheonix Bath Salts<\/li>\n<\/ul>\n<p>\u00a0<\/p>\n<ul>\n<li>White Girl Concentrated Bath Salts 500mg<\/li>\n<li>White Lady Bath Salts 500mg<\/li>\n<li>Bliss Concentrated Bath Salts 500mg<\/li>\n<li>Snow Leopard Bath Salts 500mg<\/li>\n<li>Lunar Wave Extra Bath Salts 500 Mg \u2013<\/li>\n<li>White Horse Concentrated Bath Salt 500mg<\/li>\n<li>Invigorating Bath Salts 500mg<\/li>\n<li>Cloud 10 Bath Salt 500mg<\/li>\n<li>Blue Magic \u2013 Bath Salts 500mg<\/li>\n<li>Scarface Bath Salt 500mg<\/li>\n<\/ul><\/div>","protected":false},"excerpt":{"rendered":"<p>Buy White Girl Bath Salts White Girl Bath Salts from a trustworthy vendor. We offer bath salts and other research chemicals items of the finest quality. Using our bath salts&hellip;<\/p>\n<p class=\"product woocommerce add_to_cart_inline\" style=\"border:4px solid #ccc; padding: 12px;\"><span class=\"woocommerce-Price-amount amount\" aria-hidden=\"true\"><bdi><span class=\"woocommerce-Price-currencySymbol\">&euro;<\/span>160.00<\/bdi><\/span> <span aria-hidden=\"true\"> \u2013 <\/span> <span class=\"woocommerce-Price-amount amount\" aria-hidden=\"true\"><bdi><span class=\"woocommerce-Price-currencySymbol\">&euro;<\/span>710.00<\/bdi><\/span><span class=\"screen-reader-text\" data-no-translation=\"\" data-trp-gettext=\"\">Preisspanne: &euro;160.00 bis &euro;710.00<\/span><a href=\"https:\/\/frcs-research.com\/de\/product\/white-girl-bath-salts\/\" aria-describedby=\"woocommerce_loop_add_to_cart_link_describedby_1125\" data-quantity=\"1\" class=\"button product_type_variable add_to_cart_button\" data-product_id=\"1125\" data-product_sku=\"\" aria-label=\"W\u00e4hle Optionen f\u00fcr \u201eWhite Girl Bath Salts\u201c\" rel=\"nofollow\" data-no-translation=\"\" data-trp-gettext=\"\" data-no-translation-aria-label=\"\">Ausf\u00fchrung w\u00e4hlen<\/a>\t<span id=\"woocommerce_loop_add_to_cart_link_describedby_1125\" class=\"screen-reader-text\"><br \/>\n\t\tDieses Produkt weist mehrere Varianten auf. Die Optionen k\u00f6nnen auf der Produktseite gew\u00e4hlt werden\t<\/span><\/p>","protected":false},"featured_media":1139,"comment_status":"closed","ping_status":"closed","template":"","meta":{"_uag_custom_page_level_css":""},"product_brand":[],"product_cat":[329],"product_tag":[330,331,332,333,334,384,385,338,339,340,341,342,343,344,345,349,350,351,352,353,354,386],"class_list":{"0":"post-1125","1":"product","2":"type-product","3":"status-publish","4":"has-post-thumbnail","6":"product_cat-bath-salts","7":"product_tag-bath-salts","8":"product_tag-bath-salts-drug","9":"product_tag-bath-salts-drugs","10":"product_tag-bath-salts-for-bath","11":"product_tag-best-bath-salts","12":"product_tag-buy-white-girl-bath-salts","13":"product_tag-buy-white-girl-bath-salts-online","14":"product_tag-cbd-bath-salts","15":"product_tag-diy-bath-salts","16":"product_tag-how-to-make-bath-salts","17":"product_tag-how-to-use-bath-salts","18":"product_tag-lavender-bath-salts","19":"product_tag-magnesium-bath-salts","20":"product_tag-people-on-bath-salts","21":"product_tag-smoking-bath-salts","22":"product_tag-vicks-bath-salts","23":"product_tag-what-are-bath-salts","24":"product_tag-what-are-bath-salts-drug","25":"product_tag-what-are-bath-salts-used-for","26":"product_tag-what-do-bath-salts-do","27":"product_tag-what-is-bath-salts","28":"product_tag-white-girl-bath-salts","30":"first","31":"instock","32":"shipping-taxable","33":"purchasable","34":"product-type-variable"},"yoast_head":"<!-- This site is optimized with the Yoast SEO plugin v27.1.1 - https:\/\/yoast.com\/product\/yoast-seo-wordpress\/ -->\n<title>White Girl Bath Salts - wholesale supplier of research chemicals, 4mmc, 3mmc, MDPHP, Alpha PVP and more<\/title>\n<meta name=\"robots\" content=\"index, follow, max-snippet:-1, max-image-preview:large, max-video-preview:-1\" \/>\n<link rel=\"canonical\" href=\"https:\/\/frcs-research.com\/de\/product\/white-girl-bath-salts\/\" \/>\n<meta property=\"og:locale\" content=\"de_DE\" \/>\n<meta property=\"og:type\" content=\"article\" \/>\n<meta property=\"og:title\" content=\"White Girl Bath Salts - wholesale supplier of research chemicals, 4mmc, 3mmc, MDPHP, Alpha PVP and more\" \/>\n<meta property=\"og:description\" content=\"Buy White Girl Bath Salts White Girl Bath Salts from a trustworthy vendor. We offer bath salts and other research chemicals items of the finest quality. Using our bath salts&hellip;&euro;160.00 \u2013 &euro;710.00Preisspanne: &euro;160.00 bis &euro;710.00Ausf\u00fchrung w\u00e4hlen  Dieses Produkt weist mehrere Varianten auf. Die Optionen k\u00f6nnen auf der Produktseite gew\u00e4hlt werden\" \/>\n<meta property=\"og:url\" content=\"https:\/\/frcs-research.com\/de\/product\/white-girl-bath-salts\/\" \/>\n<meta property=\"og:site_name\" content=\"wholesale supplier of research chemicals, 4mmc, 3mmc, MDPHP, Alpha PVP and more\" \/>\n<meta property=\"article:modified_time\" content=\"2026-04-20T04:52:20+00:00\" \/>\n<meta name=\"twitter:card\" content=\"summary_large_image\" \/>\n<meta name=\"twitter:label1\" content=\"Verf\u00fcgbarkeit\" \/>\n\t<meta name=\"twitter:data1\" content=\"Auf Lager\" \/>\n<script type=\"application\/ld+json\" class=\"yoast-schema-graph\">{\"@context\":\"https:\/\/schema.org\",\"@graph\":[{\"@type\":[\"WebPage\",\"ItemPage\"],\"@id\":\"https:\/\/frcs-research.com\/product\/white-girl-bath-salts\/\",\"url\":\"https:\/\/frcs-research.com\/product\/white-girl-bath-salts\/\",\"name\":\"White Girl Bath Salts - wholesale supplier of research chemicals, 4mmc, 3mmc, MDPHP, Alpha PVP and more\",\"isPartOf\":{\"@id\":\"https:\/\/frcs-research.com\/#website\"},\"primaryImageOfPage\":{\"@id\":\"https:\/\/frcs-research.com\/product\/white-girl-bath-salts\/#primaryimage\"},\"image\":{\"@id\":\"https:\/\/frcs-research.com\/product\/white-girl-bath-salts\/#primaryimage\"},\"thumbnailUrl\":\"https:\/\/frcs-research.com\/wp-content\/uploads\/2026\/01\/Buy-White-Girl-Bath-Salts.jpg\",\"datePublished\":\"2026-01-29T18:52:34+00:00\",\"dateModified\":\"2026-04-20T04:52:20+00:00\",\"breadcrumb\":{\"@id\":\"https:\/\/frcs-research.com\/product\/white-girl-bath-salts\/#breadcrumb\"},\"inLanguage\":\"de\",\"potentialAction\":[{\"@type\":\"ReadAction\",\"target\":[\"https:\/\/frcs-research.com\/product\/white-girl-bath-salts\/\"]}]},{\"@type\":\"ImageObject\",\"inLanguage\":\"de\",\"@id\":\"https:\/\/frcs-research.com\/product\/white-girl-bath-salts\/#primaryimage\",\"url\":\"https:\/\/frcs-research.com\/wp-content\/uploads\/2026\/01\/Buy-White-Girl-Bath-Salts.jpg\",\"contentUrl\":\"https:\/\/frcs-research.com\/wp-content\/uploads\/2026\/01\/Buy-White-Girl-Bath-Salts.jpg\",\"width\":200,\"height\":200},{\"@type\":\"BreadcrumbList\",\"@id\":\"https:\/\/frcs-research.com\/product\/white-girl-bath-salts\/#breadcrumb\",\"itemListElement\":[{\"@type\":\"ListItem\",\"position\":1,\"name\":\"Home\",\"item\":\"https:\/\/frcs-research.com\/\"},{\"@type\":\"ListItem\",\"position\":2,\"name\":\"Shop\",\"item\":\"https:\/\/frcs-research.com\/shop\/\"},{\"@type\":\"ListItem\",\"position\":3,\"name\":\"White Girl Bath Salts\"}]},{\"@type\":\"WebSite\",\"@id\":\"https:\/\/frcs-research.com\/#website\",\"url\":\"https:\/\/frcs-research.com\/\",\"name\":\"wholesale supplier of research chemicals, 4mmc, 3mmc, MDPHP, Alpha PVP and more\",\"description\":\"Wholesale research chemicals\",\"potentialAction\":[{\"@type\":\"SearchAction\",\"target\":{\"@type\":\"EntryPoint\",\"urlTemplate\":\"https:\/\/frcs-research.com\/?s={search_term_string}\"},\"query-input\":{\"@type\":\"PropertyValueSpecification\",\"valueRequired\":true,\"valueName\":\"search_term_string\"}}],\"inLanguage\":\"de\"}]}<\/script>\n<meta property=\"og:availability\" content=\"instock\" \/>\n<meta property=\"product:availability\" content=\"instock\" \/>\n<meta property=\"product:condition\" content=\"new\" \/>\n<!-- \/ Yoast SEO plugin. -->","yoast_head_json":{"title":"White Girl Bath Salts - wholesale supplier of research chemicals, 4mmc, 3mmc, MDPHP, Alpha PVP and more","robots":{"index":"index","follow":"follow","max-snippet":"max-snippet:-1","max-image-preview":"max-image-preview:large","max-video-preview":"max-video-preview:-1"},"canonical":"https:\/\/frcs-research.com\/de\/product\/white-girl-bath-salts\/","og_locale":"de_DE","og_type":"article","og_title":"White Girl Bath Salts - wholesale supplier of research chemicals, 4mmc, 3mmc, MDPHP, Alpha PVP and more","og_description":"Buy White Girl Bath Salts White Girl Bath Salts from a trustworthy vendor. We offer bath salts and other research chemicals items of the finest quality. Using our bath salts&hellip;&euro;160.00 \u2013 &euro;710.00Preisspanne: &euro;160.00 bis &euro;710.00Ausf\u00fchrung w\u00e4hlen  Dieses Produkt weist mehrere Varianten auf. Die Optionen k\u00f6nnen auf der Produktseite gew\u00e4hlt werden","og_url":"https:\/\/frcs-research.com\/de\/product\/white-girl-bath-salts\/","og_site_name":"wholesale supplier of research chemicals, 4mmc, 3mmc, MDPHP, Alpha PVP and more","article_modified_time":"2026-04-20T04:52:20+00:00","twitter_card":"summary_large_image","twitter_misc":{"Verf\u00fcgbarkeit":"Auf Lager"},"schema":{"@context":"https:\/\/schema.org","@graph":[{"@type":["WebPage","ItemPage"],"@id":"https:\/\/frcs-research.com\/product\/white-girl-bath-salts\/","url":"https:\/\/frcs-research.com\/product\/white-girl-bath-salts\/","name":"White Girl Bath Salts - wholesale supplier of research chemicals, 4mmc, 3mmc, MDPHP, Alpha PVP and more","isPartOf":{"@id":"https:\/\/frcs-research.com\/#website"},"primaryImageOfPage":{"@id":"https:\/\/frcs-research.com\/product\/white-girl-bath-salts\/#primaryimage"},"image":{"@id":"https:\/\/frcs-research.com\/product\/white-girl-bath-salts\/#primaryimage"},"thumbnailUrl":"https:\/\/frcs-research.com\/wp-content\/uploads\/2026\/01\/Buy-White-Girl-Bath-Salts.jpg","datePublished":"2026-01-29T18:52:34+00:00","dateModified":"2026-04-20T04:52:20+00:00","breadcrumb":{"@id":"https:\/\/frcs-research.com\/product\/white-girl-bath-salts\/#breadcrumb"},"inLanguage":"de","potentialAction":[{"@type":"ReadAction","target":["https:\/\/frcs-research.com\/product\/white-girl-bath-salts\/"]}]},{"@type":"ImageObject","inLanguage":"de","@id":"https:\/\/frcs-research.com\/product\/white-girl-bath-salts\/#primaryimage","url":"https:\/\/frcs-research.com\/wp-content\/uploads\/2026\/01\/Buy-White-Girl-Bath-Salts.jpg","contentUrl":"https:\/\/frcs-research.com\/wp-content\/uploads\/2026\/01\/Buy-White-Girl-Bath-Salts.jpg","width":200,"height":200},{"@type":"BreadcrumbList","@id":"https:\/\/frcs-research.com\/product\/white-girl-bath-salts\/#breadcrumb","itemListElement":[{"@type":"ListItem","position":1,"name":"Home","item":"https:\/\/frcs-research.com\/"},{"@type":"ListItem","position":2,"name":"Shop","item":"https:\/\/frcs-research.com\/shop\/"},{"@type":"ListItem","position":3,"name":"White Girl Bath Salts"}]},{"@type":"WebSite","@id":"https:\/\/frcs-research.com\/#website","url":"https:\/\/frcs-research.com\/","name":"Gro\u00dfh\u00e4ndler f\u00fcr Forschungschemikalien, 4mmc, 3mmc, MDPHP, Alpha PVP und mehr","description":"Gro\u00dfhandel mit Forschungschemikalien","potentialAction":[{"@type":"SearchAction","target":{"@type":"EntryPoint","urlTemplate":"https:\/\/frcs-research.com\/?s={search_term_string}"},"query-input":{"@type":"PropertyValueSpecification","valueRequired":true,"valueName":"search_term_string"}}],"inLanguage":"de"}]},"og_availability":"instock","product_availability":"instock","product_condition":"new"},"uagb_featured_image_src":{"full":["https:\/\/frcs-research.com\/wp-content\/uploads\/2026\/01\/Buy-White-Girl-Bath-Salts.jpg",200,200,false],"thumbnail":["https:\/\/frcs-research.com\/wp-content\/uploads\/2026\/01\/Buy-White-Girl-Bath-Salts-150x150.jpg",150,150,true],"medium":["https:\/\/frcs-research.com\/wp-content\/uploads\/2026\/01\/Buy-White-Girl-Bath-Salts.jpg",200,200,false],"medium_large":["https:\/\/frcs-research.com\/wp-content\/uploads\/2026\/01\/Buy-White-Girl-Bath-Salts.jpg",200,200,false],"large":["https:\/\/frcs-research.com\/wp-content\/uploads\/2026\/01\/Buy-White-Girl-Bath-Salts.jpg",200,200,false],"1536x1536":["https:\/\/frcs-research.com\/wp-content\/uploads\/2026\/01\/Buy-White-Girl-Bath-Salts.jpg",200,200,false],"2048x2048":["https:\/\/frcs-research.com\/wp-content\/uploads\/2026\/01\/Buy-White-Girl-Bath-Salts.jpg",200,200,false],"trp-custom-language-flag":["https:\/\/frcs-research.com\/wp-content\/uploads\/2026\/01\/Buy-White-Girl-Bath-Salts-12x12.jpg",12,12,true],"post-thumbnail":["https:\/\/frcs-research.com\/wp-content\/uploads\/2026\/01\/Buy-White-Girl-Bath-Salts.jpg",200,200,false],"elite-commerce-slider":["https:\/\/frcs-research.com\/wp-content\/uploads\/2026\/01\/Buy-White-Girl-Bath-Salts.jpg",200,200,false],"elite-commerce-hero":["https:\/\/frcs-research.com\/wp-content\/uploads\/2026\/01\/Buy-White-Girl-Bath-Salts.jpg",200,200,false],"elite-commerce-portfolio":["https:\/\/frcs-research.com\/wp-content\/uploads\/2026\/01\/Buy-White-Girl-Bath-Salts.jpg",200,200,false],"woocommerce_thumbnail":["https:\/\/frcs-research.com\/wp-content\/uploads\/2026\/01\/Buy-White-Girl-Bath-Salts.jpg",200,200,false],"woocommerce_single":["https:\/\/frcs-research.com\/wp-content\/uploads\/2026\/01\/Buy-White-Girl-Bath-Salts.jpg",200,200,false],"woocommerce_gallery_thumbnail":["https:\/\/frcs-research.com\/wp-content\/uploads\/2026\/01\/Buy-White-Girl-Bath-Salts-100x100.jpg",100,100,true]},"uagb_author_info":{"display_name":"Richard Wood","author_link":"https:\/\/frcs-research.com\/de\/author\/"},"uagb_comment_info":90,"uagb_excerpt":"Buy White Girl Bath Salts White Girl Bath Salts from a trustworthy vendor. We offer bath salts and other research chemicals items of the finest quality. Using our bath salts&hellip;&euro;160.00 \u2013 &euro;710.00Preisspanne: &euro;160.00 bis &euro;710.00Ausf\u00fchrung w\u00e4hlen Dieses Produkt weist mehrere Varianten auf. Die Optionen k\u00f6nnen auf der Produktseite gew\u00e4hlt werden","_links":{"self":[{"href":"https:\/\/frcs-research.com\/de\/wp-json\/wp\/v2\/product\/1125","targetHints":{"allow":["GET"]}}],"collection":[{"href":"https:\/\/frcs-research.com\/de\/wp-json\/wp\/v2\/product"}],"about":[{"href":"https:\/\/frcs-research.com\/de\/wp-json\/wp\/v2\/types\/product"}],"replies":[{"embeddable":true,"href":"https:\/\/frcs-research.com\/de\/wp-json\/wp\/v2\/comments?post=1125"}],"wp:featuredmedia":[{"embeddable":true,"href":"https:\/\/frcs-research.com\/de\/wp-json\/wp\/v2\/media\/1139"}],"wp:attachment":[{"href":"https:\/\/frcs-research.com\/de\/wp-json\/wp\/v2\/media?parent=1125"}],"wp:term":[{"taxonomy":"product_brand","embeddable":true,"href":"https:\/\/frcs-research.com\/de\/wp-json\/wp\/v2\/product_brand?post=1125"},{"taxonomy":"product_cat","embeddable":true,"href":"https:\/\/frcs-research.com\/de\/wp-json\/wp\/v2\/product_cat?post=1125"},{"taxonomy":"product_tag","embeddable":true,"href":"https:\/\/frcs-research.com\/de\/wp-json\/wp\/v2\/product_tag?post=1125"}],"curies":[{"name":"wp","href":"https:\/\/api.w.org\/{rel}","templated":true}]}}