{"id":1161,"date":"2026-01-29T18:52:55","date_gmt":"2026-01-29T18:52:55","guid":{"rendered":"https:\/\/frcs-research.com\/?post_type=product&#038;p=1161"},"modified":"2026-04-04T16:52:22","modified_gmt":"2026-04-04T16:52:22","slug":"alprazolam-2","status":"publish","type":"product","link":"https:\/\/frcs-research.com\/de\/product\/alprazolam-2\/","title":{"rendered":"Alprazolam"},"content":{"rendered":"<h2 style=\"text-align: center\"><strong>Alprazolam<\/strong><\/h2>\n<p>Alprazolam is a potent and benzodiazepine with a short-acting effect that calms the central nervous system. This is primarily used to treat anxiety and panic disorders. The Alprazolam demand is powered by increased geriatric population is vulnerable to depression and the prevalence of anxiety disorders, including phobia and generalized anxieties. \u00a0In addition , the <a href=\"https:\/\/researchchemicalshop.com\/shop\/\">rapid<\/a> and stressful lifestyle that leads to depression fuels growth in the industry. In addition, research and development work on Alprazolam. Is planned during the forecast period to explore new opportunities.<\/p>\n<h4><strong>Usage &#038;\u00a0<\/strong><b>Benefits\u00a0<\/b><\/h4>\n<p>It is used to treat anxiety and panic disorders. A drugs class called benzodiazepines is Alprazolam.\u00a0 In other words, this works by reducing excessive arousal in the brain. Alprazolam is also sometimes used to treat depression. In addition open space anxiety and premenstrual syndrome. It has been used in painful circumstances. Discuss with your doctor about the potential threats to your condition when using this drug<a href=\"https:\/\/kurvanadisposableshop.com\/shop\/\">.<\/a><\/p>\n<h4><strong>Dosage Tablets &#038; Powder<\/strong><\/h4>\n<p>It is available as a tablet.\u00a0 Further more, extended release tablet and orally decaying tablet (a tablet which quickly dissolves in the mouth). However the tablet is normally taken two or four times a day. In addition, orally disintegrating tablet and concentrated solutions. The remote tablet is taken once a day, usually in the morning.<\/p>\n<p>Firstly, Follow closely the notes on your prescription chart and ask your pharmacist or doctor. It has been\u00a0 described\u00a0 as something that you do not understand. Just as instructed, take alprazolam. Discuss with your doctor about the potential threats to your condition when using this drug. Above all,Use only the dropper which comes with the prescription to take the concentrated liquid. Draw the required dose in the dropper. Squirt the dropper in fluid or semi-solid foods like tea, milk, soda, apple soup.<\/p>","protected":false},"excerpt":{"rendered":"<p>Alprazolam Alprazolam is a potent and benzodiazepine with a short-acting effect that calms the central nervous system. This is primarily used to treat anxiety and panic disorders. The Alprazolam demand&hellip;<\/p>\n<p class=\"product woocommerce add_to_cart_inline\" style=\"border:4px solid #ccc; padding: 12px;\"><span class=\"woocommerce-Price-amount amount\" aria-hidden=\"true\"><bdi><span class=\"woocommerce-Price-currencySymbol\">&euro;<\/span>150.00<\/bdi><\/span> <span aria-hidden=\"true\"> \u2013 <\/span> <span class=\"woocommerce-Price-amount amount\" aria-hidden=\"true\"><bdi><span class=\"woocommerce-Price-currencySymbol\">&euro;<\/span>2,500.00<\/bdi><\/span><span class=\"screen-reader-text\" data-no-translation=\"\" data-trp-gettext=\"\">Preisspanne: &euro;150.00 bis &euro;2,500.00<\/span><a href=\"https:\/\/frcs-research.com\/de\/product\/alprazolam-2\/\" aria-describedby=\"woocommerce_loop_add_to_cart_link_describedby_1161\" data-quantity=\"1\" class=\"button product_type_variable add_to_cart_button\" data-product_id=\"1161\" data-product_sku=\"\" aria-label=\"W\u00e4hle Optionen f\u00fcr \u201eAlprazolam\u201c\" rel=\"nofollow\" data-no-translation=\"\" data-trp-gettext=\"\" data-no-translation-aria-label=\"\">Ausf\u00fchrung w\u00e4hlen<\/a>\t<span id=\"woocommerce_loop_add_to_cart_link_describedby_1161\" class=\"screen-reader-text\"><br \/>\n\t\tDieses Produkt weist mehrere Varianten auf. Die Optionen k\u00f6nnen auf der Produktseite gew\u00e4hlt werden\t<\/span><\/p>","protected":false},"featured_media":1175,"comment_status":"closed","ping_status":"closed","template":"","meta":{"_uag_custom_page_level_css":""},"product_brand":[],"product_cat":[25],"product_tag":[397,478,479,480,481,482,483,484,485,486,487,488,489,400,401,402,403,404,405,406,490,491,492,493,421,422,424,425,426,427,428,429,430,431,432,433,434,435,436,437,438,439,440,441,442,443,444,445,446,494,447,449,450,451,452,453,495,496,497,456],"class_list":{"0":"post-1161","1":"product","2":"type-product","3":"status-publish","4":"has-post-thumbnail","6":"product_cat-synthetic-cannabinoids","7":"product_tag-2c-research-chemical","8":"product_tag-alprazolam","9":"product_tag-alprazolam-25","10":"product_tag-alprazolam-1mg","11":"product_tag-alprazolam-2mg","12":"product_tag-alprazolam-brand-name","13":"product_tag-alprazolam-dosage","14":"product_tag-alprazolam-for-sleep","15":"product_tag-alprazolam-generic-name","16":"product_tag-alprazolam-para-que-sirve","17":"product_tag-alprazolam-side-effects","18":"product_tag-alprazolam-used-for","19":"product_tag-alprazolam-uses","20":"product_tag-buy-research-chemical","21":"product_tag-buy-research-chemicals","22":"product_tag-buy-research-chemicals-online","23":"product_tag-cabergoline-research-chemical","24":"product_tag-canadian-research-chemicals","25":"product_tag-domestic-research-chemicals","26":"product_tag-enclomiphene-research-chemical","27":"product_tag-how-alprazolam-works","28":"product_tag-how-to-take-alprazolam-for-sleep","29":"product_tag-is-alprazolam-a-controlled-substance","30":"product_tag-is-alprazolam-the-same-as-xanax","31":"product_tag-legal-research-chemicals","32":"product_tag-opioid-research-chemicals","33":"product_tag-order-research-chemicals","34":"product_tag-quality-research-chemicals","35":"product_tag-reddit-research-chemicals","36":"product_tag-research-chemical","37":"product_tag-research-chemical-drugs","38":"product_tag-research-chemical-forum","39":"product_tag-research-chemical-opiates","40":"product_tag-research-chemical-reddit","41":"product_tag-research-chemical-shop","42":"product_tag-research-chemical-sources","43":"product_tag-research-chemical-store","44":"product_tag-research-chemical-supply","45":"product_tag-research-chemical-vendor-usa","46":"product_tag-research-chemical-vendors","47":"product_tag-research-chemical-vendors-reddit","48":"product_tag-research-chemicals","49":"product_tag-research-chemicals-for-sale","50":"product_tag-research-chemicals-kopen","51":"product_tag-research-chemicals-online","52":"product_tag-research-chemicals-reddit","53":"product_tag-research-chemicals-sale","54":"product_tag-research-chemicals-store","55":"product_tag-semaglutide-research-chemical","56":"product_tag-side-effects-of-alprazolam","57":"product_tag-sunnyside-research-chemicals","58":"product_tag-tadalafil-research-chemical","59":"product_tag-tirzepatide-research-chemical","60":"product_tag-tirzepatide-research-chemical-for-sale","61":"product_tag-toronto-research-chemicals","62":"product_tag-what-are-research-chemicals","63":"product_tag-what-does-alprazolam-0-5-mg-do-to-you","64":"product_tag-what-is-alprazolam","65":"product_tag-what-is-alprazolam-used-for","66":"product_tag-where-to-buy-research-chemicals","68":"first","69":"instock","70":"shipping-taxable","71":"purchasable","72":"product-type-variable"},"yoast_head":"<!-- This site is optimized with the Yoast SEO plugin v27.1.1 - https:\/\/yoast.com\/product\/yoast-seo-wordpress\/ -->\n<title>Alprazolam - wholesale supplier of research chemicals, 4mmc, 3mmc, MDPHP, Alpha PVP and more<\/title>\n<meta name=\"robots\" content=\"index, follow, max-snippet:-1, max-image-preview:large, max-video-preview:-1\" \/>\n<link rel=\"canonical\" href=\"https:\/\/frcs-research.com\/de\/product\/alprazolam-2\/\" \/>\n<meta property=\"og:locale\" content=\"de_DE\" \/>\n<meta property=\"og:type\" content=\"article\" \/>\n<meta property=\"og:title\" content=\"Alprazolam - wholesale supplier of research chemicals, 4mmc, 3mmc, MDPHP, Alpha PVP and more\" \/>\n<meta property=\"og:description\" content=\"Alprazolam Alprazolam is a potent and benzodiazepine with a short-acting effect that calms the central nervous system. This is primarily used to treat anxiety and panic disorders. The Alprazolam demand&hellip;&euro;150.00 \u2013 &euro;2,500.00Preisspanne: &euro;150.00 bis &euro;2,500.00Ausf\u00fchrung w\u00e4hlen  Dieses Produkt weist mehrere Varianten auf. Die Optionen k\u00f6nnen auf der Produktseite gew\u00e4hlt werden\" \/>\n<meta property=\"og:url\" content=\"https:\/\/frcs-research.com\/de\/product\/alprazolam-2\/\" \/>\n<meta property=\"og:site_name\" content=\"wholesale supplier of research chemicals, 4mmc, 3mmc, MDPHP, Alpha PVP and more\" \/>\n<meta property=\"article:modified_time\" content=\"2026-04-04T16:52:22+00:00\" \/>\n<meta name=\"twitter:card\" content=\"summary_large_image\" \/>\n<meta name=\"twitter:label1\" content=\"Verf\u00fcgbarkeit\" \/>\n\t<meta name=\"twitter:data1\" content=\"Auf Lager\" \/>\n<script type=\"application\/ld+json\" class=\"yoast-schema-graph\">{\"@context\":\"https:\/\/schema.org\",\"@graph\":[{\"@type\":[\"WebPage\",\"ItemPage\"],\"@id\":\"https:\/\/frcs-research.com\/product\/alprazolam-2\/\",\"url\":\"https:\/\/frcs-research.com\/product\/alprazolam-2\/\",\"name\":\"Alprazolam - wholesale supplier of research chemicals, 4mmc, 3mmc, MDPHP, Alpha PVP and more\",\"isPartOf\":{\"@id\":\"https:\/\/frcs-research.com\/#website\"},\"primaryImageOfPage\":{\"@id\":\"https:\/\/frcs-research.com\/product\/alprazolam-2\/#primaryimage\"},\"image\":{\"@id\":\"https:\/\/frcs-research.com\/product\/alprazolam-2\/#primaryimage\"},\"thumbnailUrl\":\"https:\/\/frcs-research.com\/wp-content\/uploads\/2026\/01\/Alprazolam.jpg\",\"datePublished\":\"2026-01-29T18:52:55+00:00\",\"dateModified\":\"2026-04-04T16:52:22+00:00\",\"breadcrumb\":{\"@id\":\"https:\/\/frcs-research.com\/product\/alprazolam-2\/#breadcrumb\"},\"inLanguage\":\"de\",\"potentialAction\":[{\"@type\":\"ReadAction\",\"target\":[\"https:\/\/frcs-research.com\/product\/alprazolam-2\/\"]}]},{\"@type\":\"ImageObject\",\"inLanguage\":\"de\",\"@id\":\"https:\/\/frcs-research.com\/product\/alprazolam-2\/#primaryimage\",\"url\":\"https:\/\/frcs-research.com\/wp-content\/uploads\/2026\/01\/Alprazolam.jpg\",\"contentUrl\":\"https:\/\/frcs-research.com\/wp-content\/uploads\/2026\/01\/Alprazolam.jpg\",\"width\":363,\"height\":363},{\"@type\":\"BreadcrumbList\",\"@id\":\"https:\/\/frcs-research.com\/product\/alprazolam-2\/#breadcrumb\",\"itemListElement\":[{\"@type\":\"ListItem\",\"position\":1,\"name\":\"Home\",\"item\":\"https:\/\/frcs-research.com\/\"},{\"@type\":\"ListItem\",\"position\":2,\"name\":\"Shop\",\"item\":\"https:\/\/frcs-research.com\/shop\/\"},{\"@type\":\"ListItem\",\"position\":3,\"name\":\"Alprazolam\"}]},{\"@type\":\"WebSite\",\"@id\":\"https:\/\/frcs-research.com\/#website\",\"url\":\"https:\/\/frcs-research.com\/\",\"name\":\"wholesale supplier of research chemicals, 4mmc, 3mmc, MDPHP, Alpha PVP and more\",\"description\":\"Wholesale research chemicals\",\"potentialAction\":[{\"@type\":\"SearchAction\",\"target\":{\"@type\":\"EntryPoint\",\"urlTemplate\":\"https:\/\/frcs-research.com\/?s={search_term_string}\"},\"query-input\":{\"@type\":\"PropertyValueSpecification\",\"valueRequired\":true,\"valueName\":\"search_term_string\"}}],\"inLanguage\":\"de\"}]}<\/script>\n<meta property=\"og:availability\" content=\"instock\" \/>\n<meta property=\"product:availability\" content=\"instock\" \/>\n<meta property=\"product:condition\" content=\"new\" \/>\n<!-- \/ Yoast SEO plugin. -->","yoast_head_json":{"title":"Alprazolam - wholesale supplier of research chemicals, 4mmc, 3mmc, MDPHP, Alpha PVP and more","robots":{"index":"index","follow":"follow","max-snippet":"max-snippet:-1","max-image-preview":"max-image-preview:large","max-video-preview":"max-video-preview:-1"},"canonical":"https:\/\/frcs-research.com\/de\/product\/alprazolam-2\/","og_locale":"de_DE","og_type":"article","og_title":"Alprazolam - wholesale supplier of research chemicals, 4mmc, 3mmc, MDPHP, Alpha PVP and more","og_description":"Alprazolam Alprazolam is a potent and benzodiazepine with a short-acting effect that calms the central nervous system. This is primarily used to treat anxiety and panic disorders. The Alprazolam demand&hellip;&euro;150.00 \u2013 &euro;2,500.00Preisspanne: &euro;150.00 bis &euro;2,500.00Ausf\u00fchrung w\u00e4hlen  Dieses Produkt weist mehrere Varianten auf. Die Optionen k\u00f6nnen auf der Produktseite gew\u00e4hlt werden","og_url":"https:\/\/frcs-research.com\/de\/product\/alprazolam-2\/","og_site_name":"wholesale supplier of research chemicals, 4mmc, 3mmc, MDPHP, Alpha PVP and more","article_modified_time":"2026-04-04T16:52:22+00:00","twitter_card":"summary_large_image","twitter_misc":{"Verf\u00fcgbarkeit":"Auf Lager"},"schema":{"@context":"https:\/\/schema.org","@graph":[{"@type":["WebPage","ItemPage"],"@id":"https:\/\/frcs-research.com\/product\/alprazolam-2\/","url":"https:\/\/frcs-research.com\/product\/alprazolam-2\/","name":"Alprazolam - wholesale supplier of research chemicals, 4mmc, 3mmc, MDPHP, Alpha PVP and more","isPartOf":{"@id":"https:\/\/frcs-research.com\/#website"},"primaryImageOfPage":{"@id":"https:\/\/frcs-research.com\/product\/alprazolam-2\/#primaryimage"},"image":{"@id":"https:\/\/frcs-research.com\/product\/alprazolam-2\/#primaryimage"},"thumbnailUrl":"https:\/\/frcs-research.com\/wp-content\/uploads\/2026\/01\/Alprazolam.jpg","datePublished":"2026-01-29T18:52:55+00:00","dateModified":"2026-04-04T16:52:22+00:00","breadcrumb":{"@id":"https:\/\/frcs-research.com\/product\/alprazolam-2\/#breadcrumb"},"inLanguage":"de","potentialAction":[{"@type":"ReadAction","target":["https:\/\/frcs-research.com\/product\/alprazolam-2\/"]}]},{"@type":"ImageObject","inLanguage":"de","@id":"https:\/\/frcs-research.com\/product\/alprazolam-2\/#primaryimage","url":"https:\/\/frcs-research.com\/wp-content\/uploads\/2026\/01\/Alprazolam.jpg","contentUrl":"https:\/\/frcs-research.com\/wp-content\/uploads\/2026\/01\/Alprazolam.jpg","width":363,"height":363},{"@type":"BreadcrumbList","@id":"https:\/\/frcs-research.com\/product\/alprazolam-2\/#breadcrumb","itemListElement":[{"@type":"ListItem","position":1,"name":"Home","item":"https:\/\/frcs-research.com\/"},{"@type":"ListItem","position":2,"name":"Shop","item":"https:\/\/frcs-research.com\/shop\/"},{"@type":"ListItem","position":3,"name":"Alprazolam"}]},{"@type":"WebSite","@id":"https:\/\/frcs-research.com\/#website","url":"https:\/\/frcs-research.com\/","name":"Gro\u00dfh\u00e4ndler f\u00fcr Forschungschemikalien, 4mmc, 3mmc, MDPHP, Alpha PVP und mehr","description":"Gro\u00dfhandel mit Forschungschemikalien","potentialAction":[{"@type":"SearchAction","target":{"@type":"EntryPoint","urlTemplate":"https:\/\/frcs-research.com\/?s={search_term_string}"},"query-input":{"@type":"PropertyValueSpecification","valueRequired":true,"valueName":"search_term_string"}}],"inLanguage":"de"}]},"og_availability":"instock","product_availability":"instock","product_condition":"new"},"uagb_featured_image_src":{"full":["https:\/\/frcs-research.com\/wp-content\/uploads\/2026\/01\/Alprazolam.jpg",363,363,false],"thumbnail":["https:\/\/frcs-research.com\/wp-content\/uploads\/2026\/01\/Alprazolam-150x150.jpg",150,150,true],"medium":["https:\/\/frcs-research.com\/wp-content\/uploads\/2026\/01\/Alprazolam-300x300.jpg",300,300,true],"medium_large":["https:\/\/frcs-research.com\/wp-content\/uploads\/2026\/01\/Alprazolam.jpg",363,363,false],"large":["https:\/\/frcs-research.com\/wp-content\/uploads\/2026\/01\/Alprazolam.jpg",363,363,false],"1536x1536":["https:\/\/frcs-research.com\/wp-content\/uploads\/2026\/01\/Alprazolam.jpg",363,363,false],"2048x2048":["https:\/\/frcs-research.com\/wp-content\/uploads\/2026\/01\/Alprazolam.jpg",363,363,false],"trp-custom-language-flag":["https:\/\/frcs-research.com\/wp-content\/uploads\/2026\/01\/Alprazolam-12x12.jpg",12,12,true],"post-thumbnail":["https:\/\/frcs-research.com\/wp-content\/uploads\/2026\/01\/Alprazolam.jpg",363,363,false],"elite-commerce-slider":["https:\/\/frcs-research.com\/wp-content\/uploads\/2026\/01\/Alprazolam.jpg",363,363,false],"elite-commerce-hero":["https:\/\/frcs-research.com\/wp-content\/uploads\/2026\/01\/Alprazolam.jpg",363,363,false],"elite-commerce-portfolio":["https:\/\/frcs-research.com\/wp-content\/uploads\/2026\/01\/Alprazolam.jpg",363,363,false],"woocommerce_thumbnail":["https:\/\/frcs-research.com\/wp-content\/uploads\/2026\/01\/Alprazolam-300x300.jpg",300,300,true],"woocommerce_single":["https:\/\/frcs-research.com\/wp-content\/uploads\/2026\/01\/Alprazolam.jpg",363,363,false],"woocommerce_gallery_thumbnail":["https:\/\/frcs-research.com\/wp-content\/uploads\/2026\/01\/Alprazolam-100x100.jpg",100,100,true]},"uagb_author_info":{"display_name":"Richard Wood","author_link":"https:\/\/frcs-research.com\/de\/author\/"},"uagb_comment_info":86,"uagb_excerpt":"Alprazolam Alprazolam is a potent and benzodiazepine with a short-acting effect that calms the central nervous system. This is primarily used to treat anxiety and panic disorders. The Alprazolam demand&hellip;&euro;150.00 \u2013 &euro;2,500.00Preisspanne: &euro;150.00 bis &euro;2,500.00Ausf\u00fchrung w\u00e4hlen Dieses Produkt weist mehrere Varianten auf. Die Optionen k\u00f6nnen auf der Produktseite gew\u00e4hlt werden","_links":{"self":[{"href":"https:\/\/frcs-research.com\/de\/wp-json\/wp\/v2\/product\/1161","targetHints":{"allow":["GET"]}}],"collection":[{"href":"https:\/\/frcs-research.com\/de\/wp-json\/wp\/v2\/product"}],"about":[{"href":"https:\/\/frcs-research.com\/de\/wp-json\/wp\/v2\/types\/product"}],"replies":[{"embeddable":true,"href":"https:\/\/frcs-research.com\/de\/wp-json\/wp\/v2\/comments?post=1161"}],"wp:featuredmedia":[{"embeddable":true,"href":"https:\/\/frcs-research.com\/de\/wp-json\/wp\/v2\/media\/1175"}],"wp:attachment":[{"href":"https:\/\/frcs-research.com\/de\/wp-json\/wp\/v2\/media?parent=1161"}],"wp:term":[{"taxonomy":"product_brand","embeddable":true,"href":"https:\/\/frcs-research.com\/de\/wp-json\/wp\/v2\/product_brand?post=1161"},{"taxonomy":"product_cat","embeddable":true,"href":"https:\/\/frcs-research.com\/de\/wp-json\/wp\/v2\/product_cat?post=1161"},{"taxonomy":"product_tag","embeddable":true,"href":"https:\/\/frcs-research.com\/de\/wp-json\/wp\/v2\/product_tag?post=1161"}],"curies":[{"name":"wp","href":"https:\/\/api.w.org\/{rel}","templated":true}]}}