{"id":1252,"date":"2026-01-29T18:53:42","date_gmt":"2026-01-29T18:53:42","guid":{"rendered":"https:\/\/frcs-research.com\/?post_type=product&#038;p=1252"},"modified":"2026-04-21T01:32:25","modified_gmt":"2026-04-21T01:32:25","slug":"5-mapb","status":"publish","type":"product","link":"https:\/\/frcs-research.com\/de\/product\/5-mapb\/","title":{"rendered":"5-MAPB"},"content":{"rendered":"<h3 style=\"text-align: center\"><strong>5-MAPB<\/strong><\/h3>\n<p>5-MAPB offers crystal online is one of new research chemicals on the market and its legal status allow to sell it almost in any country. Furthermore, if you need to buy 5-MAPB analogue, this product could be perfect for your research or test. 5-MAPB is not for human consumption. Notwithstanding, its usage must be in proper laboratory conditions for forensic and research purposes only by professionnal scientists.<\/p>\n<p>MAPB is an entactogenic designer drug. This is an MDMA analogue. Nevertheless, if you are looking where to buy this product online, our vendors has the best offers for you. We sell only pure MAPB. If you buy MAPB many frauds offer low-quality products<a href=\"https:\/\/psychedelicshubs.com\/shop\/\">.\u00a0<\/a><br \/> <strong>Available Now In Our Shop<\/strong><\/p>\n<p>The following MAPB effects:<\/p>\n<ul>\n<li>The feeling of euphoria (users admitted that they felt happy and well-being);<\/li>\n<li>Communicational skills improved as well as self-confidence;<br \/> It has entactogenic effects;<\/li>\n<li>Consumers felt relaxed and there is no anxiety;<\/li>\n<li>Hallucinations are possible.<\/li>\n<\/ul>\n<p><strong>ORDER THIS PRODUCT ONLINE<\/strong><\/p>\n<p>When you order 5 MAPB crystals, it is necessary to understand that it is less known about 5-MAPB physiological and toxicological properties. MAPB is considered a grey area research chemical. You can read the product reviews on our website and visit wiki pages to learn more about this chemical\u2019s <a href=\"https:\/\/researchchemicalshop.com\/shop\/\">trip<\/a> reports.<\/p>\n<p><strong>VENDOR<\/strong><\/p>\n<p>Our MAPB vendor offers research chemicals 2016. However, on research chemical websites you can find both new cheap chemicals. Well-known designer drugs for sale online. Nevertheless, this product vendor sells only chemical research drugs legal in the country of your residence. Among a large number of research chemical vendors 2016 our company is a leader in US research chemicals wholesale. Your research chemicals order will be delivered safely and secure. Notwithstanding, Our research chemicals online store takes care of clients\u2019 confidentiality.<\/p>","protected":false},"excerpt":{"rendered":"<p>5-MAPB 5-MAPB offers crystal online is one of new research chemicals on the market and its legal status allow to sell it almost in any country. Furthermore, if you need&hellip;<\/p>\n<p class=\"product woocommerce add_to_cart_inline\" style=\"border:4px solid #ccc; padding: 12px;\"><span class=\"woocommerce-Price-amount amount\" aria-hidden=\"true\"><bdi><span class=\"woocommerce-Price-currencySymbol\">&euro;<\/span>175.00<\/bdi><\/span> <span aria-hidden=\"true\"> \u2013 <\/span> <span class=\"woocommerce-Price-amount amount\" aria-hidden=\"true\"><bdi><span class=\"woocommerce-Price-currencySymbol\">&euro;<\/span>2,800.00<\/bdi><\/span><span class=\"screen-reader-text\" data-no-translation=\"\" data-trp-gettext=\"\">Preisspanne: &euro;175.00 bis &euro;2,800.00<\/span><a href=\"https:\/\/frcs-research.com\/de\/product\/5-mapb\/\" aria-describedby=\"woocommerce_loop_add_to_cart_link_describedby_1252\" data-quantity=\"1\" class=\"button product_type_variable add_to_cart_button\" data-product_id=\"1252\" data-product_sku=\"\" aria-label=\"W\u00e4hle Optionen f\u00fcr \u201e5-MAPB\u201c\" rel=\"nofollow\" data-no-translation=\"\" data-trp-gettext=\"\" data-no-translation-aria-label=\"\">Ausf\u00fchrung w\u00e4hlen<\/a>\t<span id=\"woocommerce_loop_add_to_cart_link_describedby_1252\" class=\"screen-reader-text\"><br \/>\n\t\tDieses Produkt weist mehrere Varianten auf. Die Optionen k\u00f6nnen auf der Produktseite gew\u00e4hlt werden\t<\/span><\/p>","protected":false},"featured_media":1276,"comment_status":"closed","ping_status":"closed","template":"","meta":{"_uag_custom_page_level_css":""},"product_brand":[],"product_cat":[25],"product_tag":[397,653,654,655,656,657,658,659,660,661,662,663,664,665,666,667,400,401,402,403,404,405,406,668,669,670,421,671,422,424,425,426,672,427,428,429,430,431,432,433,434,435,436,437,438,439,440,441,442,443,444,445,446,447,449,450,451,452,453,456],"class_list":{"0":"post-1252","1":"product","2":"type-product","3":"status-publish","4":"has-post-thumbnail","6":"product_cat-synthetic-cannabinoids","7":"product_tag-2c-research-chemical","8":"product_tag-5-mapb","9":"product_tag-5-mapb-buy","10":"product_tag-5-mapb-for-sale","11":"product_tag-5-mapb-kopen","12":"product_tag-5-mapb-legal","13":"product_tag-5-mapb-legal-status-usa","14":"product_tag-5-mapb-review","15":"product_tag-5-mapb-vendor-reddit","16":"product_tag-5-mapb-vs-6-apb","17":"product_tag-5-mapb-vs-6-mapb","18":"product_tag-5-mapb-vs-mdma","19":"product_tag-5-mapb-5g","20":"product_tag-5-mapb-6-mapb","21":"product_tag-buy-5-mapb","22":"product_tag-buy-5-mapb-online","23":"product_tag-buy-research-chemical","24":"product_tag-buy-research-chemicals","25":"product_tag-buy-research-chemicals-online","26":"product_tag-cabergoline-research-chemical","27":"product_tag-canadian-research-chemicals","28":"product_tag-domestic-research-chemicals","29":"product_tag-enclomiphene-research-chemical","30":"product_tag-gr-5-mapb-for-sale","31":"product_tag-is-5-mapb-legal-in-us","32":"product_tag-is6-mapb-better-than-5-mapb","33":"product_tag-legal-research-chemicals","34":"product_tag-maxtc-5-mapb-4-fma-5-meo-mipt","35":"product_tag-opioid-research-chemicals","36":"product_tag-order-research-chemicals","37":"product_tag-quality-research-chemicals","38":"product_tag-reddit-research-chemicals","39":"product_tag-redosing-5-mapb","40":"product_tag-research-chemical","41":"product_tag-research-chemical-drugs","42":"product_tag-research-chemical-forum","43":"product_tag-research-chemical-opiates","44":"product_tag-research-chemical-reddit","45":"product_tag-research-chemical-shop","46":"product_tag-research-chemical-sources","47":"product_tag-research-chemical-store","48":"product_tag-research-chemical-supply","49":"product_tag-research-chemical-vendor-usa","50":"product_tag-research-chemical-vendors","51":"product_tag-research-chemical-vendors-reddit","52":"product_tag-research-chemicals","53":"product_tag-research-chemicals-for-sale","54":"product_tag-research-chemicals-kopen","55":"product_tag-research-chemicals-online","56":"product_tag-research-chemicals-reddit","57":"product_tag-research-chemicals-sale","58":"product_tag-research-chemicals-store","59":"product_tag-semaglutide-research-chemical","60":"product_tag-sunnyside-research-chemicals","61":"product_tag-tadalafil-research-chemical","62":"product_tag-tirzepatide-research-chemical","63":"product_tag-tirzepatide-research-chemical-for-sale","64":"product_tag-toronto-research-chemicals","65":"product_tag-what-are-research-chemicals","66":"product_tag-where-to-buy-research-chemicals","68":"first","69":"instock","70":"shipping-taxable","71":"purchasable","72":"product-type-variable"},"yoast_head":"<!-- This site is optimized with the Yoast SEO plugin v27.1.1 - https:\/\/yoast.com\/product\/yoast-seo-wordpress\/ -->\n<title>5-MAPB - wholesale supplier of research chemicals, 4mmc, 3mmc, MDPHP, Alpha PVP and more<\/title>\n<meta name=\"robots\" content=\"index, follow, max-snippet:-1, max-image-preview:large, max-video-preview:-1\" \/>\n<link rel=\"canonical\" href=\"https:\/\/frcs-research.com\/de\/product\/5-mapb\/\" \/>\n<meta property=\"og:locale\" content=\"de_DE\" \/>\n<meta property=\"og:type\" content=\"article\" \/>\n<meta property=\"og:title\" content=\"5-MAPB - wholesale supplier of research chemicals, 4mmc, 3mmc, MDPHP, Alpha PVP and more\" \/>\n<meta property=\"og:description\" content=\"5-MAPB 5-MAPB offers crystal online is one of new research chemicals on the market and its legal status allow to sell it almost in any country. Furthermore, if you need&hellip;&euro;175.00 \u2013 &euro;2,800.00Preisspanne: &euro;175.00 bis &euro;2,800.00Ausf\u00fchrung w\u00e4hlen  Dieses Produkt weist mehrere Varianten auf. Die Optionen k\u00f6nnen auf der Produktseite gew\u00e4hlt werden\" \/>\n<meta property=\"og:url\" content=\"https:\/\/frcs-research.com\/de\/product\/5-mapb\/\" \/>\n<meta property=\"og:site_name\" content=\"wholesale supplier of research chemicals, 4mmc, 3mmc, MDPHP, Alpha PVP and more\" \/>\n<meta property=\"article:modified_time\" content=\"2026-04-21T01:32:25+00:00\" \/>\n<meta name=\"twitter:card\" content=\"summary_large_image\" \/>\n<meta name=\"twitter:label1\" content=\"Verf\u00fcgbarkeit\" \/>\n\t<meta name=\"twitter:data1\" content=\"Auf Lager\" \/>\n<script type=\"application\/ld+json\" class=\"yoast-schema-graph\">{\"@context\":\"https:\/\/schema.org\",\"@graph\":[{\"@type\":[\"WebPage\",\"ItemPage\"],\"@id\":\"https:\/\/frcs-research.com\/product\/5-mapb\/\",\"url\":\"https:\/\/frcs-research.com\/product\/5-mapb\/\",\"name\":\"5-MAPB - wholesale supplier of research chemicals, 4mmc, 3mmc, MDPHP, Alpha PVP and more\",\"isPartOf\":{\"@id\":\"https:\/\/frcs-research.com\/#website\"},\"primaryImageOfPage\":{\"@id\":\"https:\/\/frcs-research.com\/product\/5-mapb\/#primaryimage\"},\"image\":{\"@id\":\"https:\/\/frcs-research.com\/product\/5-mapb\/#primaryimage\"},\"thumbnailUrl\":\"https:\/\/frcs-research.com\/wp-content\/uploads\/2026\/01\/5-MAPB.jpg\",\"datePublished\":\"2026-01-29T18:53:42+00:00\",\"dateModified\":\"2026-04-21T01:32:25+00:00\",\"breadcrumb\":{\"@id\":\"https:\/\/frcs-research.com\/product\/5-mapb\/#breadcrumb\"},\"inLanguage\":\"de\",\"potentialAction\":[{\"@type\":\"ReadAction\",\"target\":[\"https:\/\/frcs-research.com\/product\/5-mapb\/\"]}]},{\"@type\":\"ImageObject\",\"inLanguage\":\"de\",\"@id\":\"https:\/\/frcs-research.com\/product\/5-mapb\/#primaryimage\",\"url\":\"https:\/\/frcs-research.com\/wp-content\/uploads\/2026\/01\/5-MAPB.jpg\",\"contentUrl\":\"https:\/\/frcs-research.com\/wp-content\/uploads\/2026\/01\/5-MAPB.jpg\",\"width\":500,\"height\":400},{\"@type\":\"BreadcrumbList\",\"@id\":\"https:\/\/frcs-research.com\/product\/5-mapb\/#breadcrumb\",\"itemListElement\":[{\"@type\":\"ListItem\",\"position\":1,\"name\":\"Home\",\"item\":\"https:\/\/frcs-research.com\/\"},{\"@type\":\"ListItem\",\"position\":2,\"name\":\"Shop\",\"item\":\"https:\/\/frcs-research.com\/shop\/\"},{\"@type\":\"ListItem\",\"position\":3,\"name\":\"5-MAPB\"}]},{\"@type\":\"WebSite\",\"@id\":\"https:\/\/frcs-research.com\/#website\",\"url\":\"https:\/\/frcs-research.com\/\",\"name\":\"wholesale supplier of research chemicals, 4mmc, 3mmc, MDPHP, Alpha PVP and more\",\"description\":\"Wholesale research chemicals\",\"potentialAction\":[{\"@type\":\"SearchAction\",\"target\":{\"@type\":\"EntryPoint\",\"urlTemplate\":\"https:\/\/frcs-research.com\/?s={search_term_string}\"},\"query-input\":{\"@type\":\"PropertyValueSpecification\",\"valueRequired\":true,\"valueName\":\"search_term_string\"}}],\"inLanguage\":\"de\"}]}<\/script>\n<meta property=\"og:availability\" content=\"instock\" \/>\n<meta property=\"product:availability\" content=\"instock\" \/>\n<meta property=\"product:condition\" content=\"new\" \/>\n<!-- \/ Yoast SEO plugin. -->","yoast_head_json":{"title":"5-MAPB - wholesale supplier of research chemicals, 4mmc, 3mmc, MDPHP, Alpha PVP and more","robots":{"index":"index","follow":"follow","max-snippet":"max-snippet:-1","max-image-preview":"max-image-preview:large","max-video-preview":"max-video-preview:-1"},"canonical":"https:\/\/frcs-research.com\/de\/product\/5-mapb\/","og_locale":"de_DE","og_type":"article","og_title":"5-MAPB - wholesale supplier of research chemicals, 4mmc, 3mmc, MDPHP, Alpha PVP and more","og_description":"5-MAPB 5-MAPB offers crystal online is one of new research chemicals on the market and its legal status allow to sell it almost in any country. Furthermore, if you need&hellip;&euro;175.00 \u2013 &euro;2,800.00Preisspanne: &euro;175.00 bis &euro;2,800.00Ausf\u00fchrung w\u00e4hlen  Dieses Produkt weist mehrere Varianten auf. Die Optionen k\u00f6nnen auf der Produktseite gew\u00e4hlt werden","og_url":"https:\/\/frcs-research.com\/de\/product\/5-mapb\/","og_site_name":"wholesale supplier of research chemicals, 4mmc, 3mmc, MDPHP, Alpha PVP and more","article_modified_time":"2026-04-21T01:32:25+00:00","twitter_card":"summary_large_image","twitter_misc":{"Verf\u00fcgbarkeit":"Auf Lager"},"schema":{"@context":"https:\/\/schema.org","@graph":[{"@type":["WebPage","ItemPage"],"@id":"https:\/\/frcs-research.com\/product\/5-mapb\/","url":"https:\/\/frcs-research.com\/product\/5-mapb\/","name":"5-MAPB - wholesale supplier of research chemicals, 4mmc, 3mmc, MDPHP, Alpha PVP and more","isPartOf":{"@id":"https:\/\/frcs-research.com\/#website"},"primaryImageOfPage":{"@id":"https:\/\/frcs-research.com\/product\/5-mapb\/#primaryimage"},"image":{"@id":"https:\/\/frcs-research.com\/product\/5-mapb\/#primaryimage"},"thumbnailUrl":"https:\/\/frcs-research.com\/wp-content\/uploads\/2026\/01\/5-MAPB.jpg","datePublished":"2026-01-29T18:53:42+00:00","dateModified":"2026-04-21T01:32:25+00:00","breadcrumb":{"@id":"https:\/\/frcs-research.com\/product\/5-mapb\/#breadcrumb"},"inLanguage":"de","potentialAction":[{"@type":"ReadAction","target":["https:\/\/frcs-research.com\/product\/5-mapb\/"]}]},{"@type":"ImageObject","inLanguage":"de","@id":"https:\/\/frcs-research.com\/product\/5-mapb\/#primaryimage","url":"https:\/\/frcs-research.com\/wp-content\/uploads\/2026\/01\/5-MAPB.jpg","contentUrl":"https:\/\/frcs-research.com\/wp-content\/uploads\/2026\/01\/5-MAPB.jpg","width":500,"height":400},{"@type":"BreadcrumbList","@id":"https:\/\/frcs-research.com\/product\/5-mapb\/#breadcrumb","itemListElement":[{"@type":"ListItem","position":1,"name":"Home","item":"https:\/\/frcs-research.com\/"},{"@type":"ListItem","position":2,"name":"Shop","item":"https:\/\/frcs-research.com\/shop\/"},{"@type":"ListItem","position":3,"name":"5-MAPB"}]},{"@type":"WebSite","@id":"https:\/\/frcs-research.com\/#website","url":"https:\/\/frcs-research.com\/","name":"Gro\u00dfh\u00e4ndler f\u00fcr Forschungschemikalien, 4mmc, 3mmc, MDPHP, Alpha PVP und mehr","description":"Gro\u00dfhandel mit Forschungschemikalien","potentialAction":[{"@type":"SearchAction","target":{"@type":"EntryPoint","urlTemplate":"https:\/\/frcs-research.com\/?s={search_term_string}"},"query-input":{"@type":"PropertyValueSpecification","valueRequired":true,"valueName":"search_term_string"}}],"inLanguage":"de"}]},"og_availability":"instock","product_availability":"instock","product_condition":"new"},"uagb_featured_image_src":{"full":["https:\/\/frcs-research.com\/wp-content\/uploads\/2026\/01\/5-MAPB.jpg",500,400,false],"thumbnail":["https:\/\/frcs-research.com\/wp-content\/uploads\/2026\/01\/5-MAPB-150x150.jpg",150,150,true],"medium":["https:\/\/frcs-research.com\/wp-content\/uploads\/2026\/01\/5-MAPB-300x240.jpg",300,240,true],"medium_large":["https:\/\/frcs-research.com\/wp-content\/uploads\/2026\/01\/5-MAPB.jpg",500,400,false],"large":["https:\/\/frcs-research.com\/wp-content\/uploads\/2026\/01\/5-MAPB.jpg",500,400,false],"1536x1536":["https:\/\/frcs-research.com\/wp-content\/uploads\/2026\/01\/5-MAPB.jpg",500,400,false],"2048x2048":["https:\/\/frcs-research.com\/wp-content\/uploads\/2026\/01\/5-MAPB.jpg",500,400,false],"trp-custom-language-flag":["https:\/\/frcs-research.com\/wp-content\/uploads\/2026\/01\/5-MAPB-15x12.jpg",15,12,true],"post-thumbnail":["https:\/\/frcs-research.com\/wp-content\/uploads\/2026\/01\/5-MAPB.jpg",500,400,false],"elite-commerce-slider":["https:\/\/frcs-research.com\/wp-content\/uploads\/2026\/01\/5-MAPB.jpg",500,400,false],"elite-commerce-hero":["https:\/\/frcs-research.com\/wp-content\/uploads\/2026\/01\/5-MAPB.jpg",500,400,false],"elite-commerce-portfolio":["https:\/\/frcs-research.com\/wp-content\/uploads\/2026\/01\/5-MAPB-400x320.jpg",400,320,true],"woocommerce_thumbnail":["https:\/\/frcs-research.com\/wp-content\/uploads\/2026\/01\/5-MAPB-300x300.jpg",300,300,true],"woocommerce_single":["https:\/\/frcs-research.com\/wp-content\/uploads\/2026\/01\/5-MAPB.jpg",500,400,false],"woocommerce_gallery_thumbnail":["https:\/\/frcs-research.com\/wp-content\/uploads\/2026\/01\/5-MAPB-100x100.jpg",100,100,true]},"uagb_author_info":{"display_name":"Richard Wood","author_link":"https:\/\/frcs-research.com\/de\/author\/"},"uagb_comment_info":107,"uagb_excerpt":"5-MAPB 5-MAPB offers crystal online is one of new research chemicals on the market and its legal status allow to sell it almost in any country. Furthermore, if you need&hellip;&euro;175.00 \u2013 &euro;2,800.00Preisspanne: &euro;175.00 bis &euro;2,800.00Ausf\u00fchrung w\u00e4hlen Dieses Produkt weist mehrere Varianten auf. Die Optionen k\u00f6nnen auf der Produktseite gew\u00e4hlt werden","_links":{"self":[{"href":"https:\/\/frcs-research.com\/de\/wp-json\/wp\/v2\/product\/1252","targetHints":{"allow":["GET"]}}],"collection":[{"href":"https:\/\/frcs-research.com\/de\/wp-json\/wp\/v2\/product"}],"about":[{"href":"https:\/\/frcs-research.com\/de\/wp-json\/wp\/v2\/types\/product"}],"replies":[{"embeddable":true,"href":"https:\/\/frcs-research.com\/de\/wp-json\/wp\/v2\/comments?post=1252"}],"wp:featuredmedia":[{"embeddable":true,"href":"https:\/\/frcs-research.com\/de\/wp-json\/wp\/v2\/media\/1276"}],"wp:attachment":[{"href":"https:\/\/frcs-research.com\/de\/wp-json\/wp\/v2\/media?parent=1252"}],"wp:term":[{"taxonomy":"product_brand","embeddable":true,"href":"https:\/\/frcs-research.com\/de\/wp-json\/wp\/v2\/product_brand?post=1252"},{"taxonomy":"product_cat","embeddable":true,"href":"https:\/\/frcs-research.com\/de\/wp-json\/wp\/v2\/product_cat?post=1252"},{"taxonomy":"product_tag","embeddable":true,"href":"https:\/\/frcs-research.com\/de\/wp-json\/wp\/v2\/product_tag?post=1252"}],"curies":[{"name":"wp","href":"https:\/\/api.w.org\/{rel}","templated":true}]}}