{"id":1292,"date":"2026-01-29T18:53:57","date_gmt":"2026-01-29T18:53:57","guid":{"rendered":"https:\/\/frcs-research.com\/?post_type=product&#038;p=1292"},"modified":"2026-04-03T05:12:38","modified_gmt":"2026-04-03T05:12:38","slug":"2-fdck","status":"publish","type":"product","link":"https:\/\/frcs-research.com\/de\/product\/2-fdck\/","title":{"rendered":"2-Fdck"},"content":{"rendered":"<h3 style=\"text-align: center\"><strong>2-Fdck<\/strong><\/h3>\n<p>2-Fdck (AKA 2-Fluroketamine, Fluoroketamine, and 2-FK) is a synthetic dissociative substance of the arylcyclohexylamine chemical class. 2-Fluorodeschloroketamine is a new research chemical belonging to the arylcyclohexylamine class. 2-Fluorodeschloroketamine is also also a member of family of dissociative anesthetics. So 2-Fluorodeschloroketamine does share many chemical properties like Ketamine or 2-Fluorodeschloroketamine. 2-Fluorodeschloroketamine is currenctly enjoying much attention from the global research community.<\/p>\n<p>2-Fluorodeschloroketamine may function in the same way as Ketamine, however <a href=\"https:\/\/researchchemicalshop.com\/shop\/\">scientists<\/a> have been showing results ending with 2-Fluorodeschlorohydroxynorketamine (2-Fluoro-2\u2032-Oxo-3\u2032-HO-PCA) instead of Hydroxynorketamine (2-Chloro-2\u2032-Oxo-3\u2032-HO-PCA). You could expect it to have similar results, observing dissociative, anaesthetic, and hallucinogenic properties, though there is much that is still unknown about the potential of this chemical<a href=\"https:\/\/lostfarmediblesshop.com\/shop\/\">.<\/a><\/p>","protected":false},"excerpt":{"rendered":"<p>2-Fdck 2-Fdck (AKA 2-Fluroketamine, Fluoroketamine, and 2-FK) is a synthetic dissociative substance of the arylcyclohexylamine chemical class. 2-Fluorodeschloroketamine is a new research chemical belonging to the arylcyclohexylamine class. 2-Fluorodeschloroketamine is&hellip;<\/p>\n<p class=\"product woocommerce add_to_cart_inline\" style=\"border:4px solid #ccc; padding: 12px;\"><span class=\"woocommerce-Price-amount amount\" aria-hidden=\"true\"><bdi><span class=\"woocommerce-Price-currencySymbol\">&euro;<\/span>150.00<\/bdi><\/span> <span aria-hidden=\"true\"> \u2013 <\/span> <span class=\"woocommerce-Price-amount amount\" aria-hidden=\"true\"><bdi><span class=\"woocommerce-Price-currencySymbol\">&euro;<\/span>2,500.00<\/bdi><\/span><span class=\"screen-reader-text\" data-no-translation=\"\" data-trp-gettext=\"\">Preisspanne: &euro;150.00 bis &euro;2,500.00<\/span><a href=\"https:\/\/frcs-research.com\/de\/product\/2-fdck\/\" aria-describedby=\"woocommerce_loop_add_to_cart_link_describedby_1292\" data-quantity=\"1\" class=\"button product_type_variable add_to_cart_button\" data-product_id=\"1292\" data-product_sku=\"\" aria-label=\"W\u00e4hle Optionen f\u00fcr \u201e2-Fdck\u201c\" rel=\"nofollow\" data-no-translation=\"\" data-trp-gettext=\"\" data-no-translation-aria-label=\"\">Ausf\u00fchrung w\u00e4hlen<\/a>\t<span id=\"woocommerce_loop_add_to_cart_link_describedby_1292\" class=\"screen-reader-text\"><br \/>\n\t\tDieses Produkt weist mehrere Varianten auf. Die Optionen k\u00f6nnen auf der Produktseite gew\u00e4hlt werden\t<\/span><\/p>","protected":false},"featured_media":1311,"comment_status":"closed","ping_status":"closed","template":"","meta":{"_uag_custom_page_level_css":""},"product_brand":[],"product_cat":[25],"product_tag":[716,717,718,719,720,721,722,723,724,725,726,727,728,397,729,730,731,732,400,401,402,403,404,733,405,406,734,421,422,424,425,426,427,428,429,430,431,432,433,434,435,436,437,438,439,440,441,442,443,444,445,446,447,449,450,451,452,453,735,456],"class_list":{"0":"post-1292","1":"product","2":"type-product","3":"status-publish","4":"has-post-thumbnail","6":"product_cat-synthetic-cannabinoids","7":"product_tag-2-fdck","8":"product_tag-2-fdck-depression","9":"product_tag-2-fdck-dose","10":"product_tag-2-fdck-drug-test","11":"product_tag-2-fdck-dzialanie","12":"product_tag-2-fdck-erowid","13":"product_tag-2-fdck-kaufen","14":"product_tag-2-fdck-psychonaut-wiki","15":"product_tag-2-fdck-reddit","16":"product_tag-2-fdck-usa","17":"product_tag-2-fdck-vs-ketamine","18":"product_tag-2-fdck-hcl","19":"product_tag-2-fdck-pulver-und-kristall-online-kaufen","20":"product_tag-2c-research-chemical","21":"product_tag-2f-ketamine-2-fdck","22":"product_tag-bulk-2-fdck","23":"product_tag-buy-2-fdck","24":"product_tag-buy-2-fdck-hydrochloride","25":"product_tag-buy-research-chemical","26":"product_tag-buy-research-chemicals","27":"product_tag-buy-research-chemicals-online","28":"product_tag-cabergoline-research-chemical","29":"product_tag-canadian-research-chemicals","30":"product_tag-dck-and-2-fdck","31":"product_tag-domestic-research-chemicals","32":"product_tag-enclomiphene-research-chemical","33":"product_tag-kaufen-2-fdck","34":"product_tag-legal-research-chemicals","35":"product_tag-opioid-research-chemicals","36":"product_tag-order-research-chemicals","37":"product_tag-quality-research-chemicals","38":"product_tag-reddit-research-chemicals","39":"product_tag-research-chemical","40":"product_tag-research-chemical-drugs","41":"product_tag-research-chemical-forum","42":"product_tag-research-chemical-opiates","43":"product_tag-research-chemical-reddit","44":"product_tag-research-chemical-shop","45":"product_tag-research-chemical-sources","46":"product_tag-research-chemical-store","47":"product_tag-research-chemical-supply","48":"product_tag-research-chemical-vendor-usa","49":"product_tag-research-chemical-vendors","50":"product_tag-research-chemical-vendors-reddit","51":"product_tag-research-chemicals","52":"product_tag-research-chemicals-for-sale","53":"product_tag-research-chemicals-kopen","54":"product_tag-research-chemicals-online","55":"product_tag-research-chemicals-reddit","56":"product_tag-research-chemicals-sale","57":"product_tag-research-chemicals-store","58":"product_tag-semaglutide-research-chemical","59":"product_tag-sunnyside-research-chemicals","60":"product_tag-tadalafil-research-chemical","61":"product_tag-tirzepatide-research-chemical","62":"product_tag-tirzepatide-research-chemical-for-sale","63":"product_tag-toronto-research-chemicals","64":"product_tag-what-are-research-chemicals","65":"product_tag-what-is-2-fdck","66":"product_tag-where-to-buy-research-chemicals","68":"first","69":"instock","70":"shipping-taxable","71":"purchasable","72":"product-type-variable"},"yoast_head":"<!-- This site is optimized with the Yoast SEO plugin v27.1.1 - https:\/\/yoast.com\/product\/yoast-seo-wordpress\/ -->\n<title>2-Fdck - wholesale supplier of research chemicals, 4mmc, 3mmc, MDPHP, Alpha PVP and more<\/title>\n<meta name=\"robots\" content=\"index, follow, max-snippet:-1, max-image-preview:large, max-video-preview:-1\" \/>\n<link rel=\"canonical\" href=\"https:\/\/frcs-research.com\/de\/product\/2-fdck\/\" \/>\n<meta property=\"og:locale\" content=\"de_DE\" \/>\n<meta property=\"og:type\" content=\"article\" \/>\n<meta property=\"og:title\" content=\"2-Fdck - wholesale supplier of research chemicals, 4mmc, 3mmc, MDPHP, Alpha PVP and more\" \/>\n<meta property=\"og:description\" content=\"2-Fdck 2-Fdck (AKA 2-Fluroketamine, Fluoroketamine, and 2-FK) is a synthetic dissociative substance of the arylcyclohexylamine chemical class. 2-Fluorodeschloroketamine is a new research chemical belonging to the arylcyclohexylamine class. 2-Fluorodeschloroketamine is&hellip;&euro;150.00 \u2013 &euro;2,500.00Preisspanne: &euro;150.00 bis &euro;2,500.00Ausf\u00fchrung w\u00e4hlen  Dieses Produkt weist mehrere Varianten auf. Die Optionen k\u00f6nnen auf der Produktseite gew\u00e4hlt werden\" \/>\n<meta property=\"og:url\" content=\"https:\/\/frcs-research.com\/de\/product\/2-fdck\/\" \/>\n<meta property=\"og:site_name\" content=\"wholesale supplier of research chemicals, 4mmc, 3mmc, MDPHP, Alpha PVP and more\" \/>\n<meta property=\"article:modified_time\" content=\"2026-04-03T05:12:38+00:00\" \/>\n<meta name=\"twitter:card\" content=\"summary_large_image\" \/>\n<meta name=\"twitter:label1\" content=\"Verf\u00fcgbarkeit\" \/>\n\t<meta name=\"twitter:data1\" content=\"Auf Lager\" \/>\n<script type=\"application\/ld+json\" class=\"yoast-schema-graph\">{\"@context\":\"https:\/\/schema.org\",\"@graph\":[{\"@type\":[\"WebPage\",\"ItemPage\"],\"@id\":\"https:\/\/frcs-research.com\/product\/2-fdck\/\",\"url\":\"https:\/\/frcs-research.com\/product\/2-fdck\/\",\"name\":\"2-Fdck - wholesale supplier of research chemicals, 4mmc, 3mmc, MDPHP, Alpha PVP and more\",\"isPartOf\":{\"@id\":\"https:\/\/frcs-research.com\/#website\"},\"primaryImageOfPage\":{\"@id\":\"https:\/\/frcs-research.com\/product\/2-fdck\/#primaryimage\"},\"image\":{\"@id\":\"https:\/\/frcs-research.com\/product\/2-fdck\/#primaryimage\"},\"thumbnailUrl\":\"https:\/\/frcs-research.com\/wp-content\/uploads\/2026\/01\/2F-DCK.jpg\",\"datePublished\":\"2026-01-29T18:53:57+00:00\",\"dateModified\":\"2026-04-03T05:12:38+00:00\",\"breadcrumb\":{\"@id\":\"https:\/\/frcs-research.com\/product\/2-fdck\/#breadcrumb\"},\"inLanguage\":\"de\",\"potentialAction\":[{\"@type\":\"ReadAction\",\"target\":[\"https:\/\/frcs-research.com\/product\/2-fdck\/\"]}]},{\"@type\":\"ImageObject\",\"inLanguage\":\"de\",\"@id\":\"https:\/\/frcs-research.com\/product\/2-fdck\/#primaryimage\",\"url\":\"https:\/\/frcs-research.com\/wp-content\/uploads\/2026\/01\/2F-DCK.jpg\",\"contentUrl\":\"https:\/\/frcs-research.com\/wp-content\/uploads\/2026\/01\/2F-DCK.jpg\",\"width\":600,\"height\":600},{\"@type\":\"BreadcrumbList\",\"@id\":\"https:\/\/frcs-research.com\/product\/2-fdck\/#breadcrumb\",\"itemListElement\":[{\"@type\":\"ListItem\",\"position\":1,\"name\":\"Home\",\"item\":\"https:\/\/frcs-research.com\/\"},{\"@type\":\"ListItem\",\"position\":2,\"name\":\"Shop\",\"item\":\"https:\/\/frcs-research.com\/shop\/\"},{\"@type\":\"ListItem\",\"position\":3,\"name\":\"2-Fdck\"}]},{\"@type\":\"WebSite\",\"@id\":\"https:\/\/frcs-research.com\/#website\",\"url\":\"https:\/\/frcs-research.com\/\",\"name\":\"wholesale supplier of research chemicals, 4mmc, 3mmc, MDPHP, Alpha PVP and more\",\"description\":\"Wholesale research chemicals\",\"potentialAction\":[{\"@type\":\"SearchAction\",\"target\":{\"@type\":\"EntryPoint\",\"urlTemplate\":\"https:\/\/frcs-research.com\/?s={search_term_string}\"},\"query-input\":{\"@type\":\"PropertyValueSpecification\",\"valueRequired\":true,\"valueName\":\"search_term_string\"}}],\"inLanguage\":\"de\"}]}<\/script>\n<meta property=\"og:availability\" content=\"instock\" \/>\n<meta property=\"product:availability\" content=\"instock\" \/>\n<meta property=\"product:condition\" content=\"new\" \/>\n<!-- \/ Yoast SEO plugin. -->","yoast_head_json":{"title":"2-Fdck - wholesale supplier of research chemicals, 4mmc, 3mmc, MDPHP, Alpha PVP and more","robots":{"index":"index","follow":"follow","max-snippet":"max-snippet:-1","max-image-preview":"max-image-preview:large","max-video-preview":"max-video-preview:-1"},"canonical":"https:\/\/frcs-research.com\/de\/product\/2-fdck\/","og_locale":"de_DE","og_type":"article","og_title":"2-Fdck - wholesale supplier of research chemicals, 4mmc, 3mmc, MDPHP, Alpha PVP and more","og_description":"2-Fdck 2-Fdck (AKA 2-Fluroketamine, Fluoroketamine, and 2-FK) is a synthetic dissociative substance of the arylcyclohexylamine chemical class. 2-Fluorodeschloroketamine is a new research chemical belonging to the arylcyclohexylamine class. 2-Fluorodeschloroketamine is&hellip;&euro;150.00 \u2013 &euro;2,500.00Preisspanne: &euro;150.00 bis &euro;2,500.00Ausf\u00fchrung w\u00e4hlen  Dieses Produkt weist mehrere Varianten auf. Die Optionen k\u00f6nnen auf der Produktseite gew\u00e4hlt werden","og_url":"https:\/\/frcs-research.com\/de\/product\/2-fdck\/","og_site_name":"wholesale supplier of research chemicals, 4mmc, 3mmc, MDPHP, Alpha PVP and more","article_modified_time":"2026-04-03T05:12:38+00:00","twitter_card":"summary_large_image","twitter_misc":{"Verf\u00fcgbarkeit":"Auf Lager"},"schema":{"@context":"https:\/\/schema.org","@graph":[{"@type":["WebPage","ItemPage"],"@id":"https:\/\/frcs-research.com\/product\/2-fdck\/","url":"https:\/\/frcs-research.com\/product\/2-fdck\/","name":"2-Fdck - wholesale supplier of research chemicals, 4mmc, 3mmc, MDPHP, Alpha PVP and more","isPartOf":{"@id":"https:\/\/frcs-research.com\/#website"},"primaryImageOfPage":{"@id":"https:\/\/frcs-research.com\/product\/2-fdck\/#primaryimage"},"image":{"@id":"https:\/\/frcs-research.com\/product\/2-fdck\/#primaryimage"},"thumbnailUrl":"https:\/\/frcs-research.com\/wp-content\/uploads\/2026\/01\/2F-DCK.jpg","datePublished":"2026-01-29T18:53:57+00:00","dateModified":"2026-04-03T05:12:38+00:00","breadcrumb":{"@id":"https:\/\/frcs-research.com\/product\/2-fdck\/#breadcrumb"},"inLanguage":"de","potentialAction":[{"@type":"ReadAction","target":["https:\/\/frcs-research.com\/product\/2-fdck\/"]}]},{"@type":"ImageObject","inLanguage":"de","@id":"https:\/\/frcs-research.com\/product\/2-fdck\/#primaryimage","url":"https:\/\/frcs-research.com\/wp-content\/uploads\/2026\/01\/2F-DCK.jpg","contentUrl":"https:\/\/frcs-research.com\/wp-content\/uploads\/2026\/01\/2F-DCK.jpg","width":600,"height":600},{"@type":"BreadcrumbList","@id":"https:\/\/frcs-research.com\/product\/2-fdck\/#breadcrumb","itemListElement":[{"@type":"ListItem","position":1,"name":"Home","item":"https:\/\/frcs-research.com\/"},{"@type":"ListItem","position":2,"name":"Shop","item":"https:\/\/frcs-research.com\/shop\/"},{"@type":"ListItem","position":3,"name":"2-Fdck"}]},{"@type":"WebSite","@id":"https:\/\/frcs-research.com\/#website","url":"https:\/\/frcs-research.com\/","name":"Gro\u00dfh\u00e4ndler f\u00fcr Forschungschemikalien, 4mmc, 3mmc, MDPHP, Alpha PVP und mehr","description":"Gro\u00dfhandel mit Forschungschemikalien","potentialAction":[{"@type":"SearchAction","target":{"@type":"EntryPoint","urlTemplate":"https:\/\/frcs-research.com\/?s={search_term_string}"},"query-input":{"@type":"PropertyValueSpecification","valueRequired":true,"valueName":"search_term_string"}}],"inLanguage":"de"}]},"og_availability":"instock","product_availability":"instock","product_condition":"new"},"uagb_featured_image_src":{"full":["https:\/\/frcs-research.com\/wp-content\/uploads\/2026\/01\/2F-DCK.jpg",600,600,false],"thumbnail":["https:\/\/frcs-research.com\/wp-content\/uploads\/2026\/01\/2F-DCK-150x150.jpg",150,150,true],"medium":["https:\/\/frcs-research.com\/wp-content\/uploads\/2026\/01\/2F-DCK-300x300.jpg",300,300,true],"medium_large":["https:\/\/frcs-research.com\/wp-content\/uploads\/2026\/01\/2F-DCK.jpg",600,600,false],"large":["https:\/\/frcs-research.com\/wp-content\/uploads\/2026\/01\/2F-DCK.jpg",600,600,false],"1536x1536":["https:\/\/frcs-research.com\/wp-content\/uploads\/2026\/01\/2F-DCK.jpg",600,600,false],"2048x2048":["https:\/\/frcs-research.com\/wp-content\/uploads\/2026\/01\/2F-DCK.jpg",600,600,false],"trp-custom-language-flag":["https:\/\/frcs-research.com\/wp-content\/uploads\/2026\/01\/2F-DCK-12x12.jpg",12,12,true],"post-thumbnail":["https:\/\/frcs-research.com\/wp-content\/uploads\/2026\/01\/2F-DCK.jpg",600,600,false],"elite-commerce-slider":["https:\/\/frcs-research.com\/wp-content\/uploads\/2026\/01\/2F-DCK.jpg",600,600,false],"elite-commerce-hero":["https:\/\/frcs-research.com\/wp-content\/uploads\/2026\/01\/2F-DCK.jpg",600,600,false],"elite-commerce-portfolio":["https:\/\/frcs-research.com\/wp-content\/uploads\/2026\/01\/2F-DCK-400x400.jpg",400,400,true],"woocommerce_thumbnail":["https:\/\/frcs-research.com\/wp-content\/uploads\/2026\/01\/2F-DCK-300x300.jpg",300,300,true],"woocommerce_single":["https:\/\/frcs-research.com\/wp-content\/uploads\/2026\/01\/2F-DCK.jpg",600,600,false],"woocommerce_gallery_thumbnail":["https:\/\/frcs-research.com\/wp-content\/uploads\/2026\/01\/2F-DCK-100x100.jpg",100,100,true]},"uagb_author_info":{"display_name":"Richard Wood","author_link":"https:\/\/frcs-research.com\/de\/author\/"},"uagb_comment_info":73,"uagb_excerpt":"2-Fdck 2-Fdck (AKA 2-Fluroketamine, Fluoroketamine, and 2-FK) is a synthetic dissociative substance of the arylcyclohexylamine chemical class. 2-Fluorodeschloroketamine is a new research chemical belonging to the arylcyclohexylamine class. 2-Fluorodeschloroketamine is&hellip;&euro;150.00 \u2013 &euro;2,500.00Preisspanne: &euro;150.00 bis &euro;2,500.00Ausf\u00fchrung w\u00e4hlen Dieses Produkt weist mehrere Varianten auf. Die Optionen k\u00f6nnen auf der Produktseite gew\u00e4hlt werden","_links":{"self":[{"href":"https:\/\/frcs-research.com\/de\/wp-json\/wp\/v2\/product\/1292","targetHints":{"allow":["GET"]}}],"collection":[{"href":"https:\/\/frcs-research.com\/de\/wp-json\/wp\/v2\/product"}],"about":[{"href":"https:\/\/frcs-research.com\/de\/wp-json\/wp\/v2\/types\/product"}],"replies":[{"embeddable":true,"href":"https:\/\/frcs-research.com\/de\/wp-json\/wp\/v2\/comments?post=1292"}],"wp:featuredmedia":[{"embeddable":true,"href":"https:\/\/frcs-research.com\/de\/wp-json\/wp\/v2\/media\/1311"}],"wp:attachment":[{"href":"https:\/\/frcs-research.com\/de\/wp-json\/wp\/v2\/media?parent=1292"}],"wp:term":[{"taxonomy":"product_brand","embeddable":true,"href":"https:\/\/frcs-research.com\/de\/wp-json\/wp\/v2\/product_brand?post=1292"},{"taxonomy":"product_cat","embeddable":true,"href":"https:\/\/frcs-research.com\/de\/wp-json\/wp\/v2\/product_cat?post=1292"},{"taxonomy":"product_tag","embeddable":true,"href":"https:\/\/frcs-research.com\/de\/wp-json\/wp\/v2\/product_tag?post=1292"}],"curies":[{"name":"wp","href":"https:\/\/api.w.org\/{rel}","templated":true}]}}