{"id":1349,"date":"2026-01-29T18:54:25","date_gmt":"2026-01-29T18:54:25","guid":{"rendered":"https:\/\/frcs-research.com\/?post_type=product&#038;p=1349"},"modified":"2026-04-04T11:12:43","modified_gmt":"2026-04-04T11:12:43","slug":"pentylone","status":"publish","type":"product","link":"https:\/\/frcs-research.com\/de\/product\/pentylone\/","title":{"rendered":"Pentylone"},"content":{"rendered":"<h3 style=\"text-align: center\"><strong>Pentylone<\/strong><\/h3>\n<p>Pentylone belongs to phenethylamine and amphetamine chemical classes and has the molecular formula C<sub><small>13<\/small><\/sub>H<sub><small>17<\/small><\/sub>NO<sub><small>3<\/small><\/sub> \u2022 HCl. The formula weight has the value\u00a0<strong>271.7g\/mol<\/strong>. Monohydrochloride which belongs to a class of research chemicals called central nervous system stimulants<a href=\"https:\/\/psychedelicshubs.com\/shop\/\">.<\/a><\/p>\n<h2>How To Buy Pentylone Online?<\/h2>\n<p>We offers you the possibility to get it online without hassles or awkwardness. We work endlessly to make sure you save money every time you order online from our research chemicals shop. Our goal is to make our clients pay less and get more.<\/p>\n<h2>Product Information<\/h2>\n<table class=\"shop_attributes\" width=\"952\">\n<tbody>\n<tr>\n<th>Synonyms<\/th>\n<td>\u00a0 \u00a0\u03b2-Keto-Methylbenzodioxolylpentanamine, bk-MBDP<\/td>\n<\/tr>\n<tr>\n<th>IUPAC<\/th>\n<td>\u00a0\u00a0 1-\u200b(1,\u200b3-\u200bbenzodioxol-\u200b5-\u200byl)-\u200b2-\u200b(methylamino)-\u200b1-\u200bpentanone,\u200b monohydrochloride<\/td>\n<\/tr>\n<tr>\n<th>Formula<\/th>\n<td>\u00a0\u00a0 C13H17NO3 \u2022 <a href=\"https:\/\/researchchemicalshop.com\/shop\/\">HCl<\/a><\/td>\n<\/tr>\n<tr>\n<th>Molecular weight<\/th>\n<td>\u00a0\u00a0 271.7 g\/mol<\/td>\n<\/tr>\n<tr>\n<th>CAS<\/th>\n<td>\u00a0\u00a0 17763-01-8<\/td>\n<\/tr>\n<tr>\n<th>Aussehen<\/th>\n<td>\u00a0\u00a0 white &#038; crystalline<\/td>\n<\/tr>\n<tr>\n<th>Purity<\/th>\n<td>\u00a0\u00a0 \u226598%<\/td>\n<\/tr>\n<\/tbody>\n<\/table>","protected":false},"excerpt":{"rendered":"<p>Pentylone Pentylone belongs to phenethylamine and amphetamine chemical classes and has the molecular formula C13H17NO3 \u2022 HCl. The formula weight has the value\u00a0271.7g\/mol. Monohydrochloride which belongs to a class of&hellip;<\/p>\n<p class=\"product woocommerce add_to_cart_inline\" style=\"border:4px solid #ccc; padding: 12px;\"><span class=\"woocommerce-Price-amount amount\" aria-hidden=\"true\"><bdi><span class=\"woocommerce-Price-currencySymbol\">&euro;<\/span>160.00<\/bdi><\/span> <span aria-hidden=\"true\"> \u2013 <\/span> <span class=\"woocommerce-Price-amount amount\" aria-hidden=\"true\"><bdi><span class=\"woocommerce-Price-currencySymbol\">&euro;<\/span>2,600.00<\/bdi><\/span><span class=\"screen-reader-text\" data-no-translation=\"\" data-trp-gettext=\"\">Preisspanne: &euro;160.00 bis &euro;2,600.00<\/span><a href=\"https:\/\/frcs-research.com\/de\/product\/pentylone\/\" aria-describedby=\"woocommerce_loop_add_to_cart_link_describedby_1349\" data-quantity=\"1\" class=\"button product_type_variable add_to_cart_button\" data-product_id=\"1349\" data-product_sku=\"\" aria-label=\"W\u00e4hle Optionen f\u00fcr \u201ePentylone\u201c\" rel=\"nofollow\" data-no-translation=\"\" data-trp-gettext=\"\" data-no-translation-aria-label=\"\">Ausf\u00fchrung w\u00e4hlen<\/a>\t<span id=\"woocommerce_loop_add_to_cart_link_describedby_1349\" class=\"screen-reader-text\"><br \/>\n\t\tDieses Produkt weist mehrere Varianten auf. Die Optionen k\u00f6nnen auf der Produktseite gew\u00e4hlt werden\t<\/span><\/p>","protected":false},"featured_media":1378,"comment_status":"closed","ping_status":"closed","template":"","meta":{"_uag_custom_page_level_css":""},"product_brand":[],"product_cat":[25],"product_tag":[397,400,401,402,403,404,851,405,406,852,421,853,854,855,856,857,422,424,858,859,860,861,862,863,864,865,866,867,868,425,426,427,428,429,430,431,432,433,434,435,436,437,438,439,440,441,442,443,444,445,446,447,449,450,451,452,453,869,456],"class_list":{"0":"post-1349","1":"product","2":"type-product","3":"status-publish","4":"has-post-thumbnail","6":"product_cat-synthetic-cannabinoids","7":"product_tag-2c-research-chemical","8":"product_tag-buy-research-chemical","9":"product_tag-buy-research-chemicals","10":"product_tag-buy-research-chemicals-online","11":"product_tag-cabergoline-research-chemical","12":"product_tag-canadian-research-chemicals","13":"product_tag-dimethyl-pentylone-drug","14":"product_tag-domestic-research-chemicals","15":"product_tag-enclomiphene-research-chemical","16":"product_tag-ethyl-pentylone","17":"product_tag-legal-research-chemicals","18":"product_tag-n-butyl-pentylone","19":"product_tag-n-ethyl-pentylone","20":"product_tag-n-ethyl-pentylone-effects","21":"product_tag-n-ethyl-pentylone-reddit","22":"product_tag-nb-pentylone","23":"product_tag-opioid-research-chemicals","24":"product_tag-order-research-chemicals","25":"product_tag-pentylone","26":"product_tag-pentylone-dosage","27":"product_tag-pentylone-drug","28":"product_tag-pentylone-erowid","29":"product_tag-pentylone-overdose","30":"product_tag-pentylone-psychonaut","31":"product_tag-pentylone-reddit","32":"product_tag-pentylone-side-effects","33":"product_tag-pentylone-street-name","34":"product_tag-pentylone-suppliers","35":"product_tag-pentylone-toxicity","36":"product_tag-quality-research-chemicals","37":"product_tag-reddit-research-chemicals","38":"product_tag-research-chemical","39":"product_tag-research-chemical-drugs","40":"product_tag-research-chemical-forum","41":"product_tag-research-chemical-opiates","42":"product_tag-research-chemical-reddit","43":"product_tag-research-chemical-shop","44":"product_tag-research-chemical-sources","45":"product_tag-research-chemical-store","46":"product_tag-research-chemical-supply","47":"product_tag-research-chemical-vendor-usa","48":"product_tag-research-chemical-vendors","49":"product_tag-research-chemical-vendors-reddit","50":"product_tag-research-chemicals","51":"product_tag-research-chemicals-for-sale","52":"product_tag-research-chemicals-kopen","53":"product_tag-research-chemicals-online","54":"product_tag-research-chemicals-reddit","55":"product_tag-research-chemicals-sale","56":"product_tag-research-chemicals-store","57":"product_tag-semaglutide-research-chemical","58":"product_tag-sunnyside-research-chemicals","59":"product_tag-tadalafil-research-chemical","60":"product_tag-tirzepatide-research-chemical","61":"product_tag-tirzepatide-research-chemical-for-sale","62":"product_tag-toronto-research-chemicals","63":"product_tag-what-are-research-chemicals","64":"product_tag-what-is-pentylone","65":"product_tag-where-to-buy-research-chemicals","67":"first","68":"instock","69":"shipping-taxable","70":"purchasable","71":"product-type-variable"},"yoast_head":"<!-- This site is optimized with the Yoast SEO plugin v27.1.1 - https:\/\/yoast.com\/product\/yoast-seo-wordpress\/ -->\n<title>Pentylone - wholesale supplier of research chemicals, 4mmc, 3mmc, MDPHP, Alpha PVP and more<\/title>\n<meta name=\"robots\" content=\"index, follow, max-snippet:-1, max-image-preview:large, max-video-preview:-1\" \/>\n<link rel=\"canonical\" href=\"https:\/\/frcs-research.com\/de\/product\/pentylone\/\" \/>\n<meta property=\"og:locale\" content=\"de_DE\" \/>\n<meta property=\"og:type\" content=\"article\" \/>\n<meta property=\"og:title\" content=\"Pentylone - wholesale supplier of research chemicals, 4mmc, 3mmc, MDPHP, Alpha PVP and more\" \/>\n<meta property=\"og:description\" content=\"Pentylone Pentylone belongs to phenethylamine and amphetamine chemical classes and has the molecular formula C13H17NO3 \u2022 HCl. The formula weight has the value\u00a0271.7g\/mol. Monohydrochloride which belongs to a class of&hellip;&euro;160.00 \u2013 &euro;2,600.00Preisspanne: &euro;160.00 bis &euro;2,600.00Ausf\u00fchrung w\u00e4hlen  Dieses Produkt weist mehrere Varianten auf. Die Optionen k\u00f6nnen auf der Produktseite gew\u00e4hlt werden\" \/>\n<meta property=\"og:url\" content=\"https:\/\/frcs-research.com\/de\/product\/pentylone\/\" \/>\n<meta property=\"og:site_name\" content=\"wholesale supplier of research chemicals, 4mmc, 3mmc, MDPHP, Alpha PVP and more\" \/>\n<meta property=\"article:modified_time\" content=\"2026-04-04T11:12:43+00:00\" \/>\n<meta name=\"twitter:card\" content=\"summary_large_image\" \/>\n<meta name=\"twitter:label1\" content=\"Verf\u00fcgbarkeit\" \/>\n\t<meta name=\"twitter:data1\" content=\"Auf Lager\" \/>\n<script type=\"application\/ld+json\" class=\"yoast-schema-graph\">{\"@context\":\"https:\/\/schema.org\",\"@graph\":[{\"@type\":[\"WebPage\",\"ItemPage\"],\"@id\":\"https:\/\/frcs-research.com\/product\/pentylone\/\",\"url\":\"https:\/\/frcs-research.com\/product\/pentylone\/\",\"name\":\"Pentylone - wholesale supplier of research chemicals, 4mmc, 3mmc, MDPHP, Alpha PVP and more\",\"isPartOf\":{\"@id\":\"https:\/\/frcs-research.com\/#website\"},\"primaryImageOfPage\":{\"@id\":\"https:\/\/frcs-research.com\/product\/pentylone\/#primaryimage\"},\"image\":{\"@id\":\"https:\/\/frcs-research.com\/product\/pentylone\/#primaryimage\"},\"thumbnailUrl\":\"https:\/\/frcs-research.com\/wp-content\/uploads\/2026\/01\/Pentylone.jpg\",\"datePublished\":\"2026-01-29T18:54:25+00:00\",\"dateModified\":\"2026-04-04T11:12:43+00:00\",\"breadcrumb\":{\"@id\":\"https:\/\/frcs-research.com\/product\/pentylone\/#breadcrumb\"},\"inLanguage\":\"de\",\"potentialAction\":[{\"@type\":\"ReadAction\",\"target\":[\"https:\/\/frcs-research.com\/product\/pentylone\/\"]}]},{\"@type\":\"ImageObject\",\"inLanguage\":\"de\",\"@id\":\"https:\/\/frcs-research.com\/product\/pentylone\/#primaryimage\",\"url\":\"https:\/\/frcs-research.com\/wp-content\/uploads\/2026\/01\/Pentylone.jpg\",\"contentUrl\":\"https:\/\/frcs-research.com\/wp-content\/uploads\/2026\/01\/Pentylone.jpg\",\"width\":600,\"height\":600},{\"@type\":\"BreadcrumbList\",\"@id\":\"https:\/\/frcs-research.com\/product\/pentylone\/#breadcrumb\",\"itemListElement\":[{\"@type\":\"ListItem\",\"position\":1,\"name\":\"Home\",\"item\":\"https:\/\/frcs-research.com\/\"},{\"@type\":\"ListItem\",\"position\":2,\"name\":\"Shop\",\"item\":\"https:\/\/frcs-research.com\/shop\/\"},{\"@type\":\"ListItem\",\"position\":3,\"name\":\"Pentylone\"}]},{\"@type\":\"WebSite\",\"@id\":\"https:\/\/frcs-research.com\/#website\",\"url\":\"https:\/\/frcs-research.com\/\",\"name\":\"wholesale supplier of research chemicals, 4mmc, 3mmc, MDPHP, Alpha PVP and more\",\"description\":\"Wholesale research chemicals\",\"potentialAction\":[{\"@type\":\"SearchAction\",\"target\":{\"@type\":\"EntryPoint\",\"urlTemplate\":\"https:\/\/frcs-research.com\/?s={search_term_string}\"},\"query-input\":{\"@type\":\"PropertyValueSpecification\",\"valueRequired\":true,\"valueName\":\"search_term_string\"}}],\"inLanguage\":\"de\"}]}<\/script>\n<meta property=\"og:availability\" content=\"instock\" \/>\n<meta property=\"product:availability\" content=\"instock\" \/>\n<meta property=\"product:condition\" content=\"new\" \/>\n<!-- \/ Yoast SEO plugin. -->","yoast_head_json":{"title":"Pentylone - wholesale supplier of research chemicals, 4mmc, 3mmc, MDPHP, Alpha PVP and more","robots":{"index":"index","follow":"follow","max-snippet":"max-snippet:-1","max-image-preview":"max-image-preview:large","max-video-preview":"max-video-preview:-1"},"canonical":"https:\/\/frcs-research.com\/de\/product\/pentylone\/","og_locale":"de_DE","og_type":"article","og_title":"Pentylone - wholesale supplier of research chemicals, 4mmc, 3mmc, MDPHP, Alpha PVP and more","og_description":"Pentylone Pentylone belongs to phenethylamine and amphetamine chemical classes and has the molecular formula C13H17NO3 \u2022 HCl. The formula weight has the value\u00a0271.7g\/mol. Monohydrochloride which belongs to a class of&hellip;&euro;160.00 \u2013 &euro;2,600.00Preisspanne: &euro;160.00 bis &euro;2,600.00Ausf\u00fchrung w\u00e4hlen  Dieses Produkt weist mehrere Varianten auf. Die Optionen k\u00f6nnen auf der Produktseite gew\u00e4hlt werden","og_url":"https:\/\/frcs-research.com\/de\/product\/pentylone\/","og_site_name":"wholesale supplier of research chemicals, 4mmc, 3mmc, MDPHP, Alpha PVP and more","article_modified_time":"2026-04-04T11:12:43+00:00","twitter_card":"summary_large_image","twitter_misc":{"Verf\u00fcgbarkeit":"Auf Lager"},"schema":{"@context":"https:\/\/schema.org","@graph":[{"@type":["WebPage","ItemPage"],"@id":"https:\/\/frcs-research.com\/product\/pentylone\/","url":"https:\/\/frcs-research.com\/product\/pentylone\/","name":"Pentylone - wholesale supplier of research chemicals, 4mmc, 3mmc, MDPHP, Alpha PVP and more","isPartOf":{"@id":"https:\/\/frcs-research.com\/#website"},"primaryImageOfPage":{"@id":"https:\/\/frcs-research.com\/product\/pentylone\/#primaryimage"},"image":{"@id":"https:\/\/frcs-research.com\/product\/pentylone\/#primaryimage"},"thumbnailUrl":"https:\/\/frcs-research.com\/wp-content\/uploads\/2026\/01\/Pentylone.jpg","datePublished":"2026-01-29T18:54:25+00:00","dateModified":"2026-04-04T11:12:43+00:00","breadcrumb":{"@id":"https:\/\/frcs-research.com\/product\/pentylone\/#breadcrumb"},"inLanguage":"de","potentialAction":[{"@type":"ReadAction","target":["https:\/\/frcs-research.com\/product\/pentylone\/"]}]},{"@type":"ImageObject","inLanguage":"de","@id":"https:\/\/frcs-research.com\/product\/pentylone\/#primaryimage","url":"https:\/\/frcs-research.com\/wp-content\/uploads\/2026\/01\/Pentylone.jpg","contentUrl":"https:\/\/frcs-research.com\/wp-content\/uploads\/2026\/01\/Pentylone.jpg","width":600,"height":600},{"@type":"BreadcrumbList","@id":"https:\/\/frcs-research.com\/product\/pentylone\/#breadcrumb","itemListElement":[{"@type":"ListItem","position":1,"name":"Home","item":"https:\/\/frcs-research.com\/"},{"@type":"ListItem","position":2,"name":"Shop","item":"https:\/\/frcs-research.com\/shop\/"},{"@type":"ListItem","position":3,"name":"Pentylone"}]},{"@type":"WebSite","@id":"https:\/\/frcs-research.com\/#website","url":"https:\/\/frcs-research.com\/","name":"Gro\u00dfh\u00e4ndler f\u00fcr Forschungschemikalien, 4mmc, 3mmc, MDPHP, Alpha PVP und mehr","description":"Gro\u00dfhandel mit Forschungschemikalien","potentialAction":[{"@type":"SearchAction","target":{"@type":"EntryPoint","urlTemplate":"https:\/\/frcs-research.com\/?s={search_term_string}"},"query-input":{"@type":"PropertyValueSpecification","valueRequired":true,"valueName":"search_term_string"}}],"inLanguage":"de"}]},"og_availability":"instock","product_availability":"instock","product_condition":"new"},"uagb_featured_image_src":{"full":["https:\/\/frcs-research.com\/wp-content\/uploads\/2026\/01\/Pentylone.jpg",600,600,false],"thumbnail":["https:\/\/frcs-research.com\/wp-content\/uploads\/2026\/01\/Pentylone-150x150.jpg",150,150,true],"medium":["https:\/\/frcs-research.com\/wp-content\/uploads\/2026\/01\/Pentylone-300x300.jpg",300,300,true],"medium_large":["https:\/\/frcs-research.com\/wp-content\/uploads\/2026\/01\/Pentylone.jpg",600,600,false],"large":["https:\/\/frcs-research.com\/wp-content\/uploads\/2026\/01\/Pentylone.jpg",600,600,false],"1536x1536":["https:\/\/frcs-research.com\/wp-content\/uploads\/2026\/01\/Pentylone.jpg",600,600,false],"2048x2048":["https:\/\/frcs-research.com\/wp-content\/uploads\/2026\/01\/Pentylone.jpg",600,600,false],"trp-custom-language-flag":["https:\/\/frcs-research.com\/wp-content\/uploads\/2026\/01\/Pentylone-12x12.jpg",12,12,true],"post-thumbnail":["https:\/\/frcs-research.com\/wp-content\/uploads\/2026\/01\/Pentylone.jpg",600,600,false],"elite-commerce-slider":["https:\/\/frcs-research.com\/wp-content\/uploads\/2026\/01\/Pentylone.jpg",600,600,false],"elite-commerce-hero":["https:\/\/frcs-research.com\/wp-content\/uploads\/2026\/01\/Pentylone.jpg",600,600,false],"elite-commerce-portfolio":["https:\/\/frcs-research.com\/wp-content\/uploads\/2026\/01\/Pentylone-400x400.jpg",400,400,true],"woocommerce_thumbnail":["https:\/\/frcs-research.com\/wp-content\/uploads\/2026\/01\/Pentylone-300x300.jpg",300,300,true],"woocommerce_single":["https:\/\/frcs-research.com\/wp-content\/uploads\/2026\/01\/Pentylone.jpg",600,600,false],"woocommerce_gallery_thumbnail":["https:\/\/frcs-research.com\/wp-content\/uploads\/2026\/01\/Pentylone-100x100.jpg",100,100,true]},"uagb_author_info":{"display_name":"Richard Wood","author_link":"https:\/\/frcs-research.com\/de\/author\/"},"uagb_comment_info":77,"uagb_excerpt":"Pentylone Pentylone belongs to phenethylamine and amphetamine chemical classes and has the molecular formula C13H17NO3 \u2022 HCl. The formula weight has the value\u00a0271.7g\/mol. Monohydrochloride which belongs to a class of&hellip;&euro;160.00 \u2013 &euro;2,600.00Preisspanne: &euro;160.00 bis &euro;2,600.00Ausf\u00fchrung w\u00e4hlen Dieses Produkt weist mehrere Varianten auf. Die Optionen k\u00f6nnen auf der Produktseite gew\u00e4hlt werden","_links":{"self":[{"href":"https:\/\/frcs-research.com\/de\/wp-json\/wp\/v2\/product\/1349","targetHints":{"allow":["GET"]}}],"collection":[{"href":"https:\/\/frcs-research.com\/de\/wp-json\/wp\/v2\/product"}],"about":[{"href":"https:\/\/frcs-research.com\/de\/wp-json\/wp\/v2\/types\/product"}],"replies":[{"embeddable":true,"href":"https:\/\/frcs-research.com\/de\/wp-json\/wp\/v2\/comments?post=1349"}],"wp:featuredmedia":[{"embeddable":true,"href":"https:\/\/frcs-research.com\/de\/wp-json\/wp\/v2\/media\/1378"}],"wp:attachment":[{"href":"https:\/\/frcs-research.com\/de\/wp-json\/wp\/v2\/media?parent=1349"}],"wp:term":[{"taxonomy":"product_brand","embeddable":true,"href":"https:\/\/frcs-research.com\/de\/wp-json\/wp\/v2\/product_brand?post=1349"},{"taxonomy":"product_cat","embeddable":true,"href":"https:\/\/frcs-research.com\/de\/wp-json\/wp\/v2\/product_cat?post=1349"},{"taxonomy":"product_tag","embeddable":true,"href":"https:\/\/frcs-research.com\/de\/wp-json\/wp\/v2\/product_tag?post=1349"}],"curies":[{"name":"wp","href":"https:\/\/api.w.org\/{rel}","templated":true}]}}