{"id":1467,"date":"2026-01-29T18:55:15","date_gmt":"2026-01-29T18:55:15","guid":{"rendered":"https:\/\/frcs-research.com\/?post_type=product&#038;p=1467"},"modified":"2026-04-04T18:02:24","modified_gmt":"2026-04-04T18:02:24","slug":"buphedrone","status":"publish","type":"product","link":"https:\/\/frcs-research.com\/de\/product\/buphedrone\/","title":{"rendered":"Buphedrone"},"content":{"rendered":"<h3 style=\"text-align: center\"><strong>Buphedrone<\/strong><\/h3>\n<p>Buphedrone is a stimulant drug belonging to Substituted phenethylamine and cathinone family of prescription drugs. It is additionally connected in character to buy this drug amphetamine class of drugs as they are of same stimulant medication<a href=\"https:\/\/clickmedspharmacy.com\/shop\/\">.<\/a><\/p>\n<h2>How To Buy Buphedrone Online ?<\/h2>\n<p>We offers you the possibility to get it online without hassles or awkwardness. We work endlessly to make sure you save money every time you order online from our research chemicals <a href=\"https:\/\/researchchemicalshop.com\/shop\/\">Gesch\u00e4ft<\/a>. Our goal is to make our clients pay less and get more.<\/p>\n<h2>Product Information<\/h2>\n<table class=\"shop_attributes\" width=\"737\">\n<tbody>\n<tr>\n<th>Product name<\/th>\n<td>\u03b1-methylamino-butyrophenone (MABP)<\/td>\n<\/tr>\n<tr>\n<th>CAS<\/th>\n<td>408332-79-6<\/td>\n<\/tr>\n<tr>\n<th>PubChem CID<\/th>\n<td>53249194<\/td>\n<\/tr>\n<tr>\n<th>ChemSpider<\/th>\n<td>26286946<\/td>\n<\/tr>\n<tr>\n<th>Formula<\/th>\n<td>C11H15NO<\/td>\n<\/tr>\n<tr>\n<th>Molecular Mass<\/th>\n<td>177.242 g\/mol g\u00b7mol\u22121<\/td>\n<\/tr>\n<\/tbody>\n<\/table>","protected":false},"excerpt":{"rendered":"<p>Buphedrone Buphedrone is a stimulant drug belonging to Substituted phenethylamine and cathinone family of prescription drugs. It is additionally connected in character to buy this drug amphetamine class of drugs&hellip;<\/p>\n<p class=\"product woocommerce add_to_cart_inline\" style=\"border:4px solid #ccc; padding: 12px;\"><span class=\"woocommerce-Price-amount amount\" aria-hidden=\"true\"><bdi><span class=\"woocommerce-Price-currencySymbol\">&euro;<\/span>175.00<\/bdi><\/span> <span aria-hidden=\"true\"> \u2013 <\/span> <span class=\"woocommerce-Price-amount amount\" aria-hidden=\"true\"><bdi><span class=\"woocommerce-Price-currencySymbol\">&euro;<\/span>2,800.00<\/bdi><\/span><span class=\"screen-reader-text\" data-no-translation=\"\" data-trp-gettext=\"\">Preisspanne: &euro;175.00 bis &euro;2,800.00<\/span><a href=\"https:\/\/frcs-research.com\/de\/product\/buphedrone\/\" aria-describedby=\"woocommerce_loop_add_to_cart_link_describedby_1467\" data-quantity=\"1\" class=\"button product_type_variable add_to_cart_button\" data-product_id=\"1467\" data-product_sku=\"\" aria-label=\"W\u00e4hle Optionen f\u00fcr \u201eBuphedrone\u201c\" rel=\"nofollow\" data-no-translation=\"\" data-trp-gettext=\"\" data-no-translation-aria-label=\"\">Ausf\u00fchrung w\u00e4hlen<\/a>\t<span id=\"woocommerce_loop_add_to_cart_link_describedby_1467\" class=\"screen-reader-text\"><br \/>\n\t\tDieses Produkt weist mehrere Varianten auf. Die Optionen k\u00f6nnen auf der Produktseite gew\u00e4hlt werden\t<\/span><\/p>","protected":false},"featured_media":1483,"comment_status":"closed","ping_status":"closed","template":"","meta":{"_uag_custom_page_level_css":""},"product_brand":[],"product_cat":[25],"product_tag":[397,1094,1095,1096,1097,1098,1099,1100,1101,1102,1103,400,401,402,403,404,405,406,1104,421,422,424,425,426,427,428,429,430,431,432,433,434,435,436,437,438,439,440,441,442,443,444,445,446,447,449,450,451,452,453,1105,456],"class_list":{"0":"post-1467","1":"product","2":"type-product","3":"status-publish","4":"has-post-thumbnail","6":"product_cat-synthetic-cannabinoids","7":"product_tag-2c-research-chemical","8":"product_tag-buphedrone","9":"product_tag-buphedrone-buy","10":"product_tag-buphedrone-effects","11":"product_tag-buphedrone-erowid","12":"product_tag-buphedrone-experience","13":"product_tag-buphedrone-powder","14":"product_tag-buphedrone-reddit","15":"product_tag-buphedrone-street-name","16":"product_tag-buy-buphedrone-online","17":"product_tag-buy-buphedrone-powder-online","18":"product_tag-buy-research-chemical","19":"product_tag-buy-research-chemicals","20":"product_tag-buy-research-chemicals-online","21":"product_tag-cabergoline-research-chemical","22":"product_tag-canadian-research-chemicals","23":"product_tag-domestic-research-chemicals","24":"product_tag-enclomiphene-research-chemical","25":"product_tag-is-buphedrone-legal","26":"product_tag-legal-research-chemicals","27":"product_tag-opioid-research-chemicals","28":"product_tag-order-research-chemicals","29":"product_tag-quality-research-chemicals","30":"product_tag-reddit-research-chemicals","31":"product_tag-research-chemical","32":"product_tag-research-chemical-drugs","33":"product_tag-research-chemical-forum","34":"product_tag-research-chemical-opiates","35":"product_tag-research-chemical-reddit","36":"product_tag-research-chemical-shop","37":"product_tag-research-chemical-sources","38":"product_tag-research-chemical-store","39":"product_tag-research-chemical-supply","40":"product_tag-research-chemical-vendor-usa","41":"product_tag-research-chemical-vendors","42":"product_tag-research-chemical-vendors-reddit","43":"product_tag-research-chemicals","44":"product_tag-research-chemicals-for-sale","45":"product_tag-research-chemicals-kopen","46":"product_tag-research-chemicals-online","47":"product_tag-research-chemicals-reddit","48":"product_tag-research-chemicals-sale","49":"product_tag-research-chemicals-store","50":"product_tag-semaglutide-research-chemical","51":"product_tag-sunnyside-research-chemicals","52":"product_tag-tadalafil-research-chemical","53":"product_tag-tirzepatide-research-chemical","54":"product_tag-tirzepatide-research-chemical-for-sale","55":"product_tag-toronto-research-chemicals","56":"product_tag-what-are-research-chemicals","57":"product_tag-what-is-buphedrone","58":"product_tag-where-to-buy-research-chemicals","60":"first","61":"instock","62":"shipping-taxable","63":"purchasable","64":"product-type-variable"},"yoast_head":"<!-- This site is optimized with the Yoast SEO plugin v27.1.1 - https:\/\/yoast.com\/product\/yoast-seo-wordpress\/ -->\n<title>Buphedrone - wholesale supplier of research chemicals, 4mmc, 3mmc, MDPHP, Alpha PVP and more<\/title>\n<meta name=\"robots\" content=\"index, follow, max-snippet:-1, max-image-preview:large, max-video-preview:-1\" \/>\n<link rel=\"canonical\" href=\"https:\/\/frcs-research.com\/de\/product\/buphedrone\/\" \/>\n<meta property=\"og:locale\" content=\"de_DE\" \/>\n<meta property=\"og:type\" content=\"article\" \/>\n<meta property=\"og:title\" content=\"Buphedrone - wholesale supplier of research chemicals, 4mmc, 3mmc, MDPHP, Alpha PVP and more\" \/>\n<meta property=\"og:description\" content=\"Buphedrone Buphedrone is a stimulant drug belonging to Substituted phenethylamine and cathinone family of prescription drugs. It is additionally connected in character to buy this drug amphetamine class of drugs&hellip;&euro;175.00 \u2013 &euro;2,800.00Preisspanne: &euro;175.00 bis &euro;2,800.00Ausf\u00fchrung w\u00e4hlen  Dieses Produkt weist mehrere Varianten auf. Die Optionen k\u00f6nnen auf der Produktseite gew\u00e4hlt werden\" \/>\n<meta property=\"og:url\" content=\"https:\/\/frcs-research.com\/de\/product\/buphedrone\/\" \/>\n<meta property=\"og:site_name\" content=\"wholesale supplier of research chemicals, 4mmc, 3mmc, MDPHP, Alpha PVP and more\" \/>\n<meta property=\"article:modified_time\" content=\"2026-04-04T18:02:24+00:00\" \/>\n<meta name=\"twitter:card\" content=\"summary_large_image\" \/>\n<meta name=\"twitter:label1\" content=\"Verf\u00fcgbarkeit\" \/>\n\t<meta name=\"twitter:data1\" content=\"Auf Lager\" \/>\n<script type=\"application\/ld+json\" class=\"yoast-schema-graph\">{\"@context\":\"https:\/\/schema.org\",\"@graph\":[{\"@type\":[\"WebPage\",\"ItemPage\"],\"@id\":\"https:\/\/frcs-research.com\/product\/buphedrone\/\",\"url\":\"https:\/\/frcs-research.com\/product\/buphedrone\/\",\"name\":\"Buphedrone - wholesale supplier of research chemicals, 4mmc, 3mmc, MDPHP, Alpha PVP and more\",\"isPartOf\":{\"@id\":\"https:\/\/frcs-research.com\/#website\"},\"primaryImageOfPage\":{\"@id\":\"https:\/\/frcs-research.com\/product\/buphedrone\/#primaryimage\"},\"image\":{\"@id\":\"https:\/\/frcs-research.com\/product\/buphedrone\/#primaryimage\"},\"thumbnailUrl\":\"https:\/\/frcs-research.com\/wp-content\/uploads\/2026\/01\/Buphedrone.jpg\",\"datePublished\":\"2026-01-29T18:55:15+00:00\",\"dateModified\":\"2026-04-04T18:02:24+00:00\",\"breadcrumb\":{\"@id\":\"https:\/\/frcs-research.com\/product\/buphedrone\/#breadcrumb\"},\"inLanguage\":\"de\",\"potentialAction\":[{\"@type\":\"ReadAction\",\"target\":[\"https:\/\/frcs-research.com\/product\/buphedrone\/\"]}]},{\"@type\":\"ImageObject\",\"inLanguage\":\"de\",\"@id\":\"https:\/\/frcs-research.com\/product\/buphedrone\/#primaryimage\",\"url\":\"https:\/\/frcs-research.com\/wp-content\/uploads\/2026\/01\/Buphedrone.jpg\",\"contentUrl\":\"https:\/\/frcs-research.com\/wp-content\/uploads\/2026\/01\/Buphedrone.jpg\",\"width\":409,\"height\":650},{\"@type\":\"BreadcrumbList\",\"@id\":\"https:\/\/frcs-research.com\/product\/buphedrone\/#breadcrumb\",\"itemListElement\":[{\"@type\":\"ListItem\",\"position\":1,\"name\":\"Home\",\"item\":\"https:\/\/frcs-research.com\/\"},{\"@type\":\"ListItem\",\"position\":2,\"name\":\"Shop\",\"item\":\"https:\/\/frcs-research.com\/shop\/\"},{\"@type\":\"ListItem\",\"position\":3,\"name\":\"Buphedrone\"}]},{\"@type\":\"WebSite\",\"@id\":\"https:\/\/frcs-research.com\/#website\",\"url\":\"https:\/\/frcs-research.com\/\",\"name\":\"wholesale supplier of research chemicals, 4mmc, 3mmc, MDPHP, Alpha PVP and more\",\"description\":\"Wholesale research chemicals\",\"potentialAction\":[{\"@type\":\"SearchAction\",\"target\":{\"@type\":\"EntryPoint\",\"urlTemplate\":\"https:\/\/frcs-research.com\/?s={search_term_string}\"},\"query-input\":{\"@type\":\"PropertyValueSpecification\",\"valueRequired\":true,\"valueName\":\"search_term_string\"}}],\"inLanguage\":\"de\"}]}<\/script>\n<meta property=\"og:availability\" content=\"instock\" \/>\n<meta property=\"product:availability\" content=\"instock\" \/>\n<meta property=\"product:condition\" content=\"new\" \/>\n<!-- \/ Yoast SEO plugin. -->","yoast_head_json":{"title":"Buphedrone - wholesale supplier of research chemicals, 4mmc, 3mmc, MDPHP, Alpha PVP and more","robots":{"index":"index","follow":"follow","max-snippet":"max-snippet:-1","max-image-preview":"max-image-preview:large","max-video-preview":"max-video-preview:-1"},"canonical":"https:\/\/frcs-research.com\/de\/product\/buphedrone\/","og_locale":"de_DE","og_type":"article","og_title":"Buphedrone - wholesale supplier of research chemicals, 4mmc, 3mmc, MDPHP, Alpha PVP and more","og_description":"Buphedrone Buphedrone is a stimulant drug belonging to Substituted phenethylamine and cathinone family of prescription drugs. It is additionally connected in character to buy this drug amphetamine class of drugs&hellip;&euro;175.00 \u2013 &euro;2,800.00Preisspanne: &euro;175.00 bis &euro;2,800.00Ausf\u00fchrung w\u00e4hlen  Dieses Produkt weist mehrere Varianten auf. Die Optionen k\u00f6nnen auf der Produktseite gew\u00e4hlt werden","og_url":"https:\/\/frcs-research.com\/de\/product\/buphedrone\/","og_site_name":"wholesale supplier of research chemicals, 4mmc, 3mmc, MDPHP, Alpha PVP and more","article_modified_time":"2026-04-04T18:02:24+00:00","twitter_card":"summary_large_image","twitter_misc":{"Verf\u00fcgbarkeit":"Auf Lager"},"schema":{"@context":"https:\/\/schema.org","@graph":[{"@type":["WebPage","ItemPage"],"@id":"https:\/\/frcs-research.com\/product\/buphedrone\/","url":"https:\/\/frcs-research.com\/product\/buphedrone\/","name":"Buphedrone - wholesale supplier of research chemicals, 4mmc, 3mmc, MDPHP, Alpha PVP and more","isPartOf":{"@id":"https:\/\/frcs-research.com\/#website"},"primaryImageOfPage":{"@id":"https:\/\/frcs-research.com\/product\/buphedrone\/#primaryimage"},"image":{"@id":"https:\/\/frcs-research.com\/product\/buphedrone\/#primaryimage"},"thumbnailUrl":"https:\/\/frcs-research.com\/wp-content\/uploads\/2026\/01\/Buphedrone.jpg","datePublished":"2026-01-29T18:55:15+00:00","dateModified":"2026-04-04T18:02:24+00:00","breadcrumb":{"@id":"https:\/\/frcs-research.com\/product\/buphedrone\/#breadcrumb"},"inLanguage":"de","potentialAction":[{"@type":"ReadAction","target":["https:\/\/frcs-research.com\/product\/buphedrone\/"]}]},{"@type":"ImageObject","inLanguage":"de","@id":"https:\/\/frcs-research.com\/product\/buphedrone\/#primaryimage","url":"https:\/\/frcs-research.com\/wp-content\/uploads\/2026\/01\/Buphedrone.jpg","contentUrl":"https:\/\/frcs-research.com\/wp-content\/uploads\/2026\/01\/Buphedrone.jpg","width":409,"height":650},{"@type":"BreadcrumbList","@id":"https:\/\/frcs-research.com\/product\/buphedrone\/#breadcrumb","itemListElement":[{"@type":"ListItem","position":1,"name":"Home","item":"https:\/\/frcs-research.com\/"},{"@type":"ListItem","position":2,"name":"Shop","item":"https:\/\/frcs-research.com\/shop\/"},{"@type":"ListItem","position":3,"name":"Buphedrone"}]},{"@type":"WebSite","@id":"https:\/\/frcs-research.com\/#website","url":"https:\/\/frcs-research.com\/","name":"Gro\u00dfh\u00e4ndler f\u00fcr Forschungschemikalien, 4mmc, 3mmc, MDPHP, Alpha PVP und mehr","description":"Gro\u00dfhandel mit Forschungschemikalien","potentialAction":[{"@type":"SearchAction","target":{"@type":"EntryPoint","urlTemplate":"https:\/\/frcs-research.com\/?s={search_term_string}"},"query-input":{"@type":"PropertyValueSpecification","valueRequired":true,"valueName":"search_term_string"}}],"inLanguage":"de"}]},"og_availability":"instock","product_availability":"instock","product_condition":"new"},"uagb_featured_image_src":{"full":["https:\/\/frcs-research.com\/wp-content\/uploads\/2026\/01\/Buphedrone.jpg",409,650,false],"thumbnail":["https:\/\/frcs-research.com\/wp-content\/uploads\/2026\/01\/Buphedrone-150x150.jpg",150,150,true],"medium":["https:\/\/frcs-research.com\/wp-content\/uploads\/2026\/01\/Buphedrone-189x300.jpg",189,300,true],"medium_large":["https:\/\/frcs-research.com\/wp-content\/uploads\/2026\/01\/Buphedrone.jpg",409,650,false],"large":["https:\/\/frcs-research.com\/wp-content\/uploads\/2026\/01\/Buphedrone.jpg",409,650,false],"1536x1536":["https:\/\/frcs-research.com\/wp-content\/uploads\/2026\/01\/Buphedrone.jpg",409,650,false],"2048x2048":["https:\/\/frcs-research.com\/wp-content\/uploads\/2026\/01\/Buphedrone.jpg",409,650,false],"trp-custom-language-flag":["https:\/\/frcs-research.com\/wp-content\/uploads\/2026\/01\/Buphedrone-8x12.jpg",8,12,true],"post-thumbnail":["https:\/\/frcs-research.com\/wp-content\/uploads\/2026\/01\/Buphedrone-390x620.jpg",390,620,true],"elite-commerce-slider":["https:\/\/frcs-research.com\/wp-content\/uploads\/2026\/01\/Buphedrone.jpg",409,650,false],"elite-commerce-hero":["https:\/\/frcs-research.com\/wp-content\/uploads\/2026\/01\/Buphedrone.jpg",409,650,false],"elite-commerce-portfolio":["https:\/\/frcs-research.com\/wp-content\/uploads\/2026\/01\/Buphedrone-283x450.jpg",283,450,true],"woocommerce_thumbnail":["https:\/\/frcs-research.com\/wp-content\/uploads\/2026\/01\/Buphedrone-300x300.jpg",300,300,true],"woocommerce_single":["https:\/\/frcs-research.com\/wp-content\/uploads\/2026\/01\/Buphedrone.jpg",409,650,false],"woocommerce_gallery_thumbnail":["https:\/\/frcs-research.com\/wp-content\/uploads\/2026\/01\/Buphedrone-100x100.jpg",100,100,true]},"uagb_author_info":{"display_name":"Richard Wood","author_link":"https:\/\/frcs-research.com\/de\/author\/"},"uagb_comment_info":89,"uagb_excerpt":"Buphedrone Buphedrone is a stimulant drug belonging to Substituted phenethylamine and cathinone family of prescription drugs. It is additionally connected in character to buy this drug amphetamine class of drugs&hellip;&euro;175.00 \u2013 &euro;2,800.00Preisspanne: &euro;175.00 bis &euro;2,800.00Ausf\u00fchrung w\u00e4hlen Dieses Produkt weist mehrere Varianten auf. Die Optionen k\u00f6nnen auf der Produktseite gew\u00e4hlt werden","_links":{"self":[{"href":"https:\/\/frcs-research.com\/de\/wp-json\/wp\/v2\/product\/1467","targetHints":{"allow":["GET"]}}],"collection":[{"href":"https:\/\/frcs-research.com\/de\/wp-json\/wp\/v2\/product"}],"about":[{"href":"https:\/\/frcs-research.com\/de\/wp-json\/wp\/v2\/types\/product"}],"replies":[{"embeddable":true,"href":"https:\/\/frcs-research.com\/de\/wp-json\/wp\/v2\/comments?post=1467"}],"wp:featuredmedia":[{"embeddable":true,"href":"https:\/\/frcs-research.com\/de\/wp-json\/wp\/v2\/media\/1483"}],"wp:attachment":[{"href":"https:\/\/frcs-research.com\/de\/wp-json\/wp\/v2\/media?parent=1467"}],"wp:term":[{"taxonomy":"product_brand","embeddable":true,"href":"https:\/\/frcs-research.com\/de\/wp-json\/wp\/v2\/product_brand?post=1467"},{"taxonomy":"product_cat","embeddable":true,"href":"https:\/\/frcs-research.com\/de\/wp-json\/wp\/v2\/product_cat?post=1467"},{"taxonomy":"product_tag","embeddable":true,"href":"https:\/\/frcs-research.com\/de\/wp-json\/wp\/v2\/product_tag?post=1467"}],"curies":[{"name":"wp","href":"https:\/\/api.w.org\/{rel}","templated":true}]}}