{"id":699,"date":"2024-10-12T20:06:11","date_gmt":"2024-10-12T20:06:11","guid":{"rendered":"https:\/\/frcs-research.com\/?post_type=product&#038;p=699"},"modified":"2026-04-03T16:42:40","modified_gmt":"2026-04-03T16:42:40","slug":"diazepam-pulver-bestellen","status":"publish","type":"product","link":"https:\/\/frcs-research.com\/de\/product\/diazepam-pulver-bestellen\/","title":{"rendered":"Diazepam (Valium) Pulver"},"content":{"rendered":"<h1>Diazepam-Pulver online bestellen \u2013 Zuverl\u00e4ssige Angst- und Entspannungsbehandlung<\/h1>\n<p>Kaufen <strong>Diazepam-Pulver<\/strong> online, um Angstzust\u00e4nde und Muskelkr\u00e4mpfe wirksam zu behandeln. Dieses lang wirkende Benzodiazepin, bekannt als Valium, kann sicher gekauft werden. Kaufen Sie es jetzt f\u00fcr zuverl\u00e4ssige Beruhigung und Entspannung!\u201c<\/p>\n<p>Bei <a href=\"https:\/\/frcs-research.com\/de\/\">FRCSForschung<\/a>bieten wir hochwertige <strong>Diazepam-Pulver<\/strong> f\u00fcr diejenigen, die wirksame Linderung von Angstzust\u00e4nden, Muskelkr\u00e4mpfen und anderen Beschwerden suchen. Valium ist ein bew\u00e4hrtes Medikament mit lang anhaltender Wirkung, und unsere Pulverform gew\u00e4hrleistet eine genaue Dosierung f\u00fcr optimale Ergebnisse. Dank diskreter Verpackung und schnellem Versand k\u00f6nnen Sie Diazepam-Pulver vertrauensvoll kaufen. Entdecken Sie noch heute die Vorteile von Diazepam und erleben Sie die Ruhe, die Sie verdienen!<\/p>","protected":false},"excerpt":{"rendered":"<p>Order Diazepam Powder Online &#8211; Reliable Anxiety and Relaxation Purchase Diazepam powder online to effectively treat anxiety and muscle spasms. Known as Valium, this long-acting benzodiazepine is available for safe&hellip;<\/p>\n<p class=\"product woocommerce add_to_cart_inline\" style=\"border:4px solid #ccc; padding: 12px;\"><del aria-hidden=\"true\"><span class=\"woocommerce-Price-amount amount\"><bdi><span class=\"woocommerce-Price-currencySymbol\">&euro;<\/span>1,900.00<\/bdi><\/span><\/del> <span class=\"screen-reader-text\" data-no-translation=\"\" data-trp-gettext=\"\">Urspr\u00fcnglicher Preis war: &euro;1,900.00.<\/span><ins aria-hidden=\"true\"><span class=\"woocommerce-Price-amount amount\"><bdi><span class=\"woocommerce-Price-currencySymbol\">&euro;<\/span>1,700.00<\/bdi><\/span><\/ins><span class=\"screen-reader-text\" data-no-translation=\"\" data-trp-gettext=\"\">Der aktuelle Preis betr\u00e4gt: &euro;1,700.00.<\/span><a href=\"\/de\/wp-json\/wp\/v2\/product\/699?add-to-cart=699\" aria-describedby=\"woocommerce_loop_add_to_cart_link_describedby_699\" data-quantity=\"1\" class=\"button product_type_simple add_to_cart_button ajax_add_to_cart\" data-product_id=\"699\" data-product_sku=\"\" aria-label=\"In den Warenkorb legen: \u201eDiazepam (Valium) Powder\u201c\" rel=\"nofollow\" data-success_message=\"\u201eDiazepam (Valium) Powder\u201c wurde deinem Warenkorb hinzugef\u00fcgt\" data-no-translation=\"\" data-trp-gettext=\"\" data-no-translation-aria-label=\"\" data-no-translation-data-success_message=\"\">In den Warenkorb legen<\/a>\t<span id=\"woocommerce_loop_add_to_cart_link_describedby_699\" class=\"screen-reader-text\"><br \/>\n\t\t\t<\/span><\/p>","protected":false},"featured_media":700,"comment_status":"open","ping_status":"closed","template":"","meta":{"_uag_custom_page_level_css":""},"product_brand":[],"product_cat":[27],"product_tag":[],"class_list":{"0":"post-699","1":"product","2":"type-product","3":"status-publish","4":"has-post-thumbnail","6":"product_cat-benzodiazepine-analogs","8":"first","9":"instock","10":"sale","11":"shipping-taxable","12":"purchasable","13":"product-type-simple"},"yoast_head":"<!-- This site is optimized with the Yoast SEO plugin v27.1.1 - https:\/\/yoast.com\/product\/yoast-seo-wordpress\/ -->\n<title>Order Diazepam Powder Online - Reliable Anxiety and Relaxation<\/title>\n<meta name=\"description\" content=\"Purchase Diazepam powder online to effectively treat anxiety and muscle spasms. Known as Valium, this long-acting benzodiazepine is available for safe purchase\" \/>\n<meta name=\"robots\" content=\"index, follow, max-snippet:-1, max-image-preview:large, max-video-preview:-1\" \/>\n<link rel=\"canonical\" href=\"https:\/\/frcs-research.com\/de\/product\/diazepam-pulver-bestellen\/\" \/>\n<meta property=\"og:locale\" content=\"de_DE\" \/>\n<meta property=\"og:type\" content=\"article\" \/>\n<meta property=\"og:title\" content=\"Order Diazepam Powder Online - Reliable Anxiety and Relaxation\" \/>\n<meta property=\"og:description\" content=\"Purchase Diazepam powder online to effectively treat anxiety and muscle spasms. Known as Valium, this long-acting benzodiazepine is available for safe purchase\" \/>\n<meta property=\"og:url\" content=\"https:\/\/frcs-research.com\/de\/product\/diazepam-pulver-bestellen\/\" \/>\n<meta property=\"og:site_name\" content=\"wholesale supplier of research chemicals, 4mmc, 3mmc, MDPHP, Alpha PVP and more\" \/>\n<meta property=\"article:modified_time\" content=\"2026-04-03T16:42:40+00:00\" \/>\n<meta property=\"og:image\" content=\"https:\/\/frcs-research.com\/wp-content\/uploads\/2024\/10\/img-6933-500x500-1.webp\" \/>\n\t<meta property=\"og:image:width\" content=\"500\" \/>\n\t<meta property=\"og:image:height\" content=\"500\" \/>\n\t<meta property=\"og:image:type\" content=\"image\/webp\" \/>\n<meta name=\"twitter:card\" content=\"summary_large_image\" \/>\n<meta name=\"twitter:label1\" content=\"Preis\" \/>\n\t<meta name=\"twitter:data1\" content=\"&euro;1,700.00\" \/>\n\t<meta name=\"twitter:label2\" content=\"Verf\u00fcgbarkeit\" \/>\n\t<meta name=\"twitter:data2\" content=\"Auf Lager\" \/>\n<script type=\"application\/ld+json\" class=\"yoast-schema-graph\">{\"@context\":\"https:\/\/schema.org\",\"@graph\":[{\"@type\":[\"WebPage\",\"ItemPage\"],\"@id\":\"https:\/\/frcs-research.com\/product\/order-diazepam-powder\/\",\"url\":\"https:\/\/frcs-research.com\/product\/order-diazepam-powder\/\",\"name\":\"Order Diazepam Powder Online - Reliable Anxiety and Relaxation\",\"isPartOf\":{\"@id\":\"https:\/\/frcs-research.com\/#website\"},\"primaryImageOfPage\":{\"@id\":\"https:\/\/frcs-research.com\/product\/order-diazepam-powder\/#primaryimage\"},\"image\":{\"@id\":\"https:\/\/frcs-research.com\/product\/order-diazepam-powder\/#primaryimage\"},\"thumbnailUrl\":\"https:\/\/frcs-research.com\/wp-content\/uploads\/2024\/10\/img-6933-500x500-1.webp\",\"datePublished\":\"2024-10-12T20:06:11+00:00\",\"dateModified\":\"2026-04-03T16:42:40+00:00\",\"description\":\"Purchase Diazepam powder online to effectively treat anxiety and muscle spasms. Known as Valium, this long-acting benzodiazepine is available for safe purchase\",\"breadcrumb\":{\"@id\":\"https:\/\/frcs-research.com\/product\/order-diazepam-powder\/#breadcrumb\"},\"inLanguage\":\"de\",\"potentialAction\":[{\"@type\":\"ReadAction\",\"target\":[\"https:\/\/frcs-research.com\/product\/order-diazepam-powder\/\"]}]},{\"@type\":\"ImageObject\",\"inLanguage\":\"de\",\"@id\":\"https:\/\/frcs-research.com\/product\/order-diazepam-powder\/#primaryimage\",\"url\":\"https:\/\/frcs-research.com\/wp-content\/uploads\/2024\/10\/img-6933-500x500-1.webp\",\"contentUrl\":\"https:\/\/frcs-research.com\/wp-content\/uploads\/2024\/10\/img-6933-500x500-1.webp\",\"width\":500,\"height\":500,\"caption\":\"Purchase Diazepam powder\"},{\"@type\":\"BreadcrumbList\",\"@id\":\"https:\/\/frcs-research.com\/product\/order-diazepam-powder\/#breadcrumb\",\"itemListElement\":[{\"@type\":\"ListItem\",\"position\":1,\"name\":\"Home\",\"item\":\"https:\/\/frcs-research.com\/\"},{\"@type\":\"ListItem\",\"position\":2,\"name\":\"Shop\",\"item\":\"https:\/\/frcs-research.com\/shop\/\"},{\"@type\":\"ListItem\",\"position\":3,\"name\":\"Diazepam (Valium) Powder\"}]},{\"@type\":\"WebSite\",\"@id\":\"https:\/\/frcs-research.com\/#website\",\"url\":\"https:\/\/frcs-research.com\/\",\"name\":\"wholesale supplier of research chemicals, 4mmc, 3mmc, MDPHP, Alpha PVP and more\",\"description\":\"Wholesale research chemicals\",\"potentialAction\":[{\"@type\":\"SearchAction\",\"target\":{\"@type\":\"EntryPoint\",\"urlTemplate\":\"https:\/\/frcs-research.com\/?s={search_term_string}\"},\"query-input\":{\"@type\":\"PropertyValueSpecification\",\"valueRequired\":true,\"valueName\":\"search_term_string\"}}],\"inLanguage\":\"de\"}]}<\/script>\n<meta property=\"product:price:amount\" content=\"1700.00\" \/>\n<meta property=\"product:price:currency\" content=\"EUR\" \/>\n<meta property=\"og:availability\" content=\"instock\" \/>\n<meta property=\"product:availability\" content=\"instock\" \/>\n<meta property=\"product:condition\" content=\"new\" \/>\n<!-- \/ Yoast SEO plugin. -->","yoast_head_json":{"title":"Diazepam-Pulver online bestellen \u2013 Zuverl\u00e4ssige Mittel gegen Angst und Entspannung","description":"Kaufen Sie Diazepam-Pulver online, um Angstzust\u00e4nde und Muskelkr\u00e4mpfe wirksam zu behandeln. Dieses lang wirkende Benzodiazepin, bekannt als Valium, ist sicher erh\u00e4ltlich","robots":{"index":"index","follow":"follow","max-snippet":"max-snippet:-1","max-image-preview":"max-image-preview:large","max-video-preview":"max-video-preview:-1"},"canonical":"https:\/\/frcs-research.com\/de\/product\/diazepam-pulver-bestellen\/","og_locale":"de_DE","og_type":"article","og_title":"Order Diazepam Powder Online - Reliable Anxiety and Relaxation","og_description":"Purchase Diazepam powder online to effectively treat anxiety and muscle spasms. Known as Valium, this long-acting benzodiazepine is available for safe purchase","og_url":"https:\/\/frcs-research.com\/de\/product\/diazepam-pulver-bestellen\/","og_site_name":"wholesale supplier of research chemicals, 4mmc, 3mmc, MDPHP, Alpha PVP and more","article_modified_time":"2026-04-03T16:42:40+00:00","og_image":[{"width":500,"height":500,"url":"https:\/\/frcs-research.com\/wp-content\/uploads\/2024\/10\/img-6933-500x500-1.webp","type":"image\/webp"}],"twitter_card":"summary_large_image","twitter_misc":{"Preis":"&euro;1,700.00","Verf\u00fcgbarkeit":"Auf Lager"},"schema":{"@context":"https:\/\/schema.org","@graph":[{"@type":["WebPage","ItemPage"],"@id":"https:\/\/frcs-research.com\/product\/order-diazepam-powder\/","url":"https:\/\/frcs-research.com\/product\/order-diazepam-powder\/","name":"Diazepam-Pulver online bestellen \u2013 Zuverl\u00e4ssige Mittel gegen Angst und Entspannung","isPartOf":{"@id":"https:\/\/frcs-research.com\/#website"},"primaryImageOfPage":{"@id":"https:\/\/frcs-research.com\/product\/order-diazepam-powder\/#primaryimage"},"image":{"@id":"https:\/\/frcs-research.com\/product\/order-diazepam-powder\/#primaryimage"},"thumbnailUrl":"https:\/\/frcs-research.com\/wp-content\/uploads\/2024\/10\/img-6933-500x500-1.webp","datePublished":"2024-10-12T20:06:11+00:00","dateModified":"2026-04-03T16:42:40+00:00","description":"Kaufen Sie Diazepam-Pulver online, um Angstzust\u00e4nde und Muskelkr\u00e4mpfe wirksam zu behandeln. Dieses lang wirkende Benzodiazepin, bekannt als Valium, ist sicher erh\u00e4ltlich","breadcrumb":{"@id":"https:\/\/frcs-research.com\/product\/order-diazepam-powder\/#breadcrumb"},"inLanguage":"de","potentialAction":[{"@type":"ReadAction","target":["https:\/\/frcs-research.com\/product\/order-diazepam-powder\/"]}]},{"@type":"ImageObject","inLanguage":"de","@id":"https:\/\/frcs-research.com\/product\/order-diazepam-powder\/#primaryimage","url":"https:\/\/frcs-research.com\/wp-content\/uploads\/2024\/10\/img-6933-500x500-1.webp","contentUrl":"https:\/\/frcs-research.com\/wp-content\/uploads\/2024\/10\/img-6933-500x500-1.webp","width":500,"height":500,"caption":"Purchase Diazepam powder"},{"@type":"BreadcrumbList","@id":"https:\/\/frcs-research.com\/product\/order-diazepam-powder\/#breadcrumb","itemListElement":[{"@type":"ListItem","position":1,"name":"Home","item":"https:\/\/frcs-research.com\/"},{"@type":"ListItem","position":2,"name":"Shop","item":"https:\/\/frcs-research.com\/shop\/"},{"@type":"ListItem","position":3,"name":"Diazepam (Valium) Powder"}]},{"@type":"WebSite","@id":"https:\/\/frcs-research.com\/#website","url":"https:\/\/frcs-research.com\/","name":"Gro\u00dfh\u00e4ndler f\u00fcr Forschungschemikalien, 4mmc, 3mmc, MDPHP, Alpha PVP und mehr","description":"Gro\u00dfhandel mit Forschungschemikalien","potentialAction":[{"@type":"SearchAction","target":{"@type":"EntryPoint","urlTemplate":"https:\/\/frcs-research.com\/?s={search_term_string}"},"query-input":{"@type":"PropertyValueSpecification","valueRequired":true,"valueName":"search_term_string"}}],"inLanguage":"de"}]},"product_price_amount":"1700.00","product_price_currency":"EUR","og_availability":"instock","product_availability":"instock","product_condition":"new"},"uagb_featured_image_src":{"full":["https:\/\/frcs-research.com\/wp-content\/uploads\/2024\/10\/img-6933-500x500-1.webp",500,500,false],"thumbnail":["https:\/\/frcs-research.com\/wp-content\/uploads\/2024\/10\/img-6933-500x500-1-150x150.webp",150,150,true],"medium":["https:\/\/frcs-research.com\/wp-content\/uploads\/2024\/10\/img-6933-500x500-1-300x300.webp",300,300,true],"medium_large":["https:\/\/frcs-research.com\/wp-content\/uploads\/2024\/10\/img-6933-500x500-1.webp",500,500,false],"large":["https:\/\/frcs-research.com\/wp-content\/uploads\/2024\/10\/img-6933-500x500-1.webp",500,500,false],"1536x1536":["https:\/\/frcs-research.com\/wp-content\/uploads\/2024\/10\/img-6933-500x500-1.webp",500,500,false],"2048x2048":["https:\/\/frcs-research.com\/wp-content\/uploads\/2024\/10\/img-6933-500x500-1.webp",500,500,false],"trp-custom-language-flag":["https:\/\/frcs-research.com\/wp-content\/uploads\/2024\/10\/img-6933-500x500-1.webp",12,12,false],"post-thumbnail":["https:\/\/frcs-research.com\/wp-content\/uploads\/2024\/10\/img-6933-500x500-1.webp",500,500,false],"elite-commerce-slider":["https:\/\/frcs-research.com\/wp-content\/uploads\/2024\/10\/img-6933-500x500-1.webp",500,500,false],"elite-commerce-hero":["https:\/\/frcs-research.com\/wp-content\/uploads\/2024\/10\/img-6933-500x500-1.webp",500,500,false],"elite-commerce-portfolio":["https:\/\/frcs-research.com\/wp-content\/uploads\/2024\/10\/img-6933-500x500-1.webp",400,400,false],"woocommerce_thumbnail":["https:\/\/frcs-research.com\/wp-content\/uploads\/2024\/10\/img-6933-500x500-1-300x300.webp",300,300,true],"woocommerce_single":["https:\/\/frcs-research.com\/wp-content\/uploads\/2024\/10\/img-6933-500x500-1.webp",500,500,false],"woocommerce_gallery_thumbnail":["https:\/\/frcs-research.com\/wp-content\/uploads\/2024\/10\/img-6933-500x500-1-100x100.webp",100,100,true]},"uagb_author_info":{"display_name":"Richard Wood","author_link":"https:\/\/frcs-research.com\/de\/author\/"},"uagb_comment_info":794,"uagb_excerpt":"Order Diazepam Powder Online &#8211; Reliable Anxiety and Relaxation Purchase Diazepam powder online to effectively treat anxiety and muscle spasms. Known as Valium, this long-acting benzodiazepine is available for safe&hellip;&euro;1,900.00 Urspr\u00fcnglicher Preis war: &euro;1,900.00.&euro;1,700.00Der aktuelle Preis betr\u00e4gt: &euro;1,700.00.In den Warenkorb legen","_links":{"self":[{"href":"https:\/\/frcs-research.com\/de\/wp-json\/wp\/v2\/product\/699","targetHints":{"allow":["GET"]}}],"collection":[{"href":"https:\/\/frcs-research.com\/de\/wp-json\/wp\/v2\/product"}],"about":[{"href":"https:\/\/frcs-research.com\/de\/wp-json\/wp\/v2\/types\/product"}],"replies":[{"embeddable":true,"href":"https:\/\/frcs-research.com\/de\/wp-json\/wp\/v2\/comments?post=699"}],"wp:featuredmedia":[{"embeddable":true,"href":"https:\/\/frcs-research.com\/de\/wp-json\/wp\/v2\/media\/700"}],"wp:attachment":[{"href":"https:\/\/frcs-research.com\/de\/wp-json\/wp\/v2\/media?parent=699"}],"wp:term":[{"taxonomy":"product_brand","embeddable":true,"href":"https:\/\/frcs-research.com\/de\/wp-json\/wp\/v2\/product_brand?post=699"},{"taxonomy":"product_cat","embeddable":true,"href":"https:\/\/frcs-research.com\/de\/wp-json\/wp\/v2\/product_cat?post=699"},{"taxonomy":"product_tag","embeddable":true,"href":"https:\/\/frcs-research.com\/de\/wp-json\/wp\/v2\/product_tag?post=699"}],"curies":[{"name":"wp","href":"https:\/\/api.w.org\/{rel}","templated":true}]}}