{"id":706,"date":"2024-10-12T20:29:28","date_gmt":"2024-10-12T20:29:28","guid":{"rendered":"https:\/\/frcs-research.com\/?post_type=product&#038;p=706"},"modified":"2026-04-04T00:02:30","modified_gmt":"2026-04-04T00:02:30","slug":"phenibutpulver-bestellen","status":"publish","type":"product","link":"https:\/\/frcs-research.com\/de\/product\/phenibutpulver-bestellen\/","title":{"rendered":"Phenibut Pulver"},"content":{"rendered":"<h1>Phenibut-Pulver online kaufen \u2013 Nat\u00fcrliches Mittel gegen Angstzust\u00e4nde und zur Stimmungsaufhellung<\/h1>\n<p>Befehl <strong>Phenibut-Pulver<\/strong> online als nat\u00fcrliche Alternative gegen Angstzust\u00e4nde und zur Steigerung der kognitiven Leistungsf\u00e4higkeit. Phenibut ist bei seri\u00f6sen Anbietern erh\u00e4ltlich. Kaufen Sie es noch heute und entdecken Sie seine Vorteile!\u201c<\/p>\n<p><strong>SEO-Skript:<\/strong><br \/>\nWillkommen bei <a href=\"https:\/\/frcs-research.com\/de\/\">FRCSForschung<\/a>, Ihre zuverl\u00e4ssige Quelle f\u00fcr <strong>Phenibut-Pulver<\/strong>! Dieses GABA-Analogon ist f\u00fcr seine F\u00e4higkeit bekannt, Angstzust\u00e4nde zu reduzieren und die Stimmung zu verbessern. Unser hochwertiges Phenibut-Pulver erm\u00f6glicht eine ma\u00dfgeschneiderte Dosierung, sodass Sie seine Vorteile voll aussch\u00f6pfen k\u00f6nnen. Ihre Sicherheit steht bei uns an erster Stelle, mit sicheren Transaktionen und diskreter Verpackung. Entdecken Sie die Vorteile von Phenibut und kaufen Sie Ihr Pulver noch heute!<\/p>","protected":false},"excerpt":{"rendered":"<p>Buy Phenibut Powder Online &#8211; Natural Anxiety and Mood Enhancement Order Phenibut powder online as a natural alternative for anxiety and cognitive enhancement. Available from reputable suppliers, buy Phenibut today&hellip;<\/p>\n<p class=\"product woocommerce add_to_cart_inline\" style=\"border:4px solid #ccc; padding: 12px;\"><del aria-hidden=\"true\"><span class=\"woocommerce-Price-amount amount\"><bdi><span class=\"woocommerce-Price-currencySymbol\">&euro;<\/span>1,900.00<\/bdi><\/span><\/del> <span class=\"screen-reader-text\" data-no-translation=\"\" data-trp-gettext=\"\">Urspr\u00fcnglicher Preis war: &euro;1,900.00.<\/span><ins aria-hidden=\"true\"><span class=\"woocommerce-Price-amount amount\"><bdi><span class=\"woocommerce-Price-currencySymbol\">&euro;<\/span>1,700.00<\/bdi><\/span><\/ins><span class=\"screen-reader-text\" data-no-translation=\"\" data-trp-gettext=\"\">Der aktuelle Preis betr\u00e4gt: &euro;1,700.00.<\/span><a href=\"\/de\/wp-json\/wp\/v2\/product\/706?add-to-cart=706\" aria-describedby=\"woocommerce_loop_add_to_cart_link_describedby_706\" data-quantity=\"1\" class=\"button product_type_simple add_to_cart_button ajax_add_to_cart\" data-product_id=\"706\" data-product_sku=\"\" aria-label=\"In den Warenkorb legen: \u201ePhenibut Powder\u201c\" rel=\"nofollow\" data-success_message=\"\u201ePhenibut Powder\u201c wurde deinem Warenkorb hinzugef\u00fcgt\" data-no-translation=\"\" data-trp-gettext=\"\" data-no-translation-aria-label=\"\" data-no-translation-data-success_message=\"\">In den Warenkorb legen<\/a>\t<span id=\"woocommerce_loop_add_to_cart_link_describedby_706\" class=\"screen-reader-text\"><br \/>\n\t\t\t<\/span><\/p>","protected":false},"featured_media":707,"comment_status":"open","ping_status":"closed","template":"","meta":{"_uag_custom_page_level_css":""},"product_brand":[],"product_cat":[27],"product_tag":[],"class_list":{"0":"post-706","1":"product","2":"type-product","3":"status-publish","4":"has-post-thumbnail","6":"product_cat-benzodiazepine-analogs","8":"first","9":"instock","10":"sale","11":"shipping-taxable","12":"purchasable","13":"product-type-simple"},"yoast_head":"<!-- This site is optimized with the Yoast SEO plugin v27.1.1 - https:\/\/yoast.com\/product\/yoast-seo-wordpress\/ -->\n<title>Buy Phenibut Powder Online - Natural Anxiety and Mood<\/title>\n<meta name=\"description\" content=\"Order Phenibut powder online as a natural alternative for anxiety and cognitive enhancement. Available from reputable suppliers\" \/>\n<meta name=\"robots\" content=\"index, follow, max-snippet:-1, max-image-preview:large, max-video-preview:-1\" \/>\n<link rel=\"canonical\" href=\"https:\/\/frcs-research.com\/de\/product\/phenibutpulver-bestellen\/\" \/>\n<meta property=\"og:locale\" content=\"de_DE\" \/>\n<meta property=\"og:type\" content=\"article\" \/>\n<meta property=\"og:title\" content=\"Buy Phenibut Powder Online - Natural Anxiety and Mood\" \/>\n<meta property=\"og:description\" content=\"Order Phenibut powder online as a natural alternative for anxiety and cognitive enhancement. Available from reputable suppliers\" \/>\n<meta property=\"og:url\" content=\"https:\/\/frcs-research.com\/de\/product\/phenibutpulver-bestellen\/\" \/>\n<meta property=\"og:site_name\" content=\"wholesale supplier of research chemicals, 4mmc, 3mmc, MDPHP, Alpha PVP and more\" \/>\n<meta property=\"article:modified_time\" content=\"2026-04-04T00:02:30+00:00\" \/>\n<meta property=\"og:image\" content=\"https:\/\/frcs-research.com\/wp-content\/uploads\/2024\/10\/141976235803521.jpg\" \/>\n\t<meta property=\"og:image:width\" content=\"750\" \/>\n\t<meta property=\"og:image:height\" content=\"750\" \/>\n\t<meta property=\"og:image:type\" content=\"image\/jpeg\" \/>\n<meta name=\"twitter:card\" content=\"summary_large_image\" \/>\n<meta name=\"twitter:label1\" content=\"Preis\" \/>\n\t<meta name=\"twitter:data1\" content=\"&euro;1,700.00\" \/>\n\t<meta name=\"twitter:label2\" content=\"Verf\u00fcgbarkeit\" \/>\n\t<meta name=\"twitter:data2\" content=\"Auf Lager\" \/>\n<script type=\"application\/ld+json\" class=\"yoast-schema-graph\">{\"@context\":\"https:\/\/schema.org\",\"@graph\":[{\"@type\":[\"WebPage\",\"ItemPage\"],\"@id\":\"https:\/\/frcs-research.com\/product\/order-phenibut-powder\/\",\"url\":\"https:\/\/frcs-research.com\/product\/order-phenibut-powder\/\",\"name\":\"Buy Phenibut Powder Online - Natural Anxiety and Mood\",\"isPartOf\":{\"@id\":\"https:\/\/frcs-research.com\/#website\"},\"primaryImageOfPage\":{\"@id\":\"https:\/\/frcs-research.com\/product\/order-phenibut-powder\/#primaryimage\"},\"image\":{\"@id\":\"https:\/\/frcs-research.com\/product\/order-phenibut-powder\/#primaryimage\"},\"thumbnailUrl\":\"https:\/\/frcs-research.com\/wp-content\/uploads\/2024\/10\/141976235803521.jpg\",\"datePublished\":\"2024-10-12T20:29:28+00:00\",\"dateModified\":\"2026-04-04T00:02:30+00:00\",\"description\":\"Order Phenibut powder online as a natural alternative for anxiety and cognitive enhancement. Available from reputable suppliers\",\"breadcrumb\":{\"@id\":\"https:\/\/frcs-research.com\/product\/order-phenibut-powder\/#breadcrumb\"},\"inLanguage\":\"de\",\"potentialAction\":[{\"@type\":\"ReadAction\",\"target\":[\"https:\/\/frcs-research.com\/product\/order-phenibut-powder\/\"]}]},{\"@type\":\"ImageObject\",\"inLanguage\":\"de\",\"@id\":\"https:\/\/frcs-research.com\/product\/order-phenibut-powder\/#primaryimage\",\"url\":\"https:\/\/frcs-research.com\/wp-content\/uploads\/2024\/10\/141976235803521.jpg\",\"contentUrl\":\"https:\/\/frcs-research.com\/wp-content\/uploads\/2024\/10\/141976235803521.jpg\",\"width\":750,\"height\":750,\"caption\":\"Order Phenibut powder\"},{\"@type\":\"BreadcrumbList\",\"@id\":\"https:\/\/frcs-research.com\/product\/order-phenibut-powder\/#breadcrumb\",\"itemListElement\":[{\"@type\":\"ListItem\",\"position\":1,\"name\":\"Home\",\"item\":\"https:\/\/frcs-research.com\/\"},{\"@type\":\"ListItem\",\"position\":2,\"name\":\"Shop\",\"item\":\"https:\/\/frcs-research.com\/shop\/\"},{\"@type\":\"ListItem\",\"position\":3,\"name\":\"Phenibut Powder\"}]},{\"@type\":\"WebSite\",\"@id\":\"https:\/\/frcs-research.com\/#website\",\"url\":\"https:\/\/frcs-research.com\/\",\"name\":\"wholesale supplier of research chemicals, 4mmc, 3mmc, MDPHP, Alpha PVP and more\",\"description\":\"Wholesale research chemicals\",\"potentialAction\":[{\"@type\":\"SearchAction\",\"target\":{\"@type\":\"EntryPoint\",\"urlTemplate\":\"https:\/\/frcs-research.com\/?s={search_term_string}\"},\"query-input\":{\"@type\":\"PropertyValueSpecification\",\"valueRequired\":true,\"valueName\":\"search_term_string\"}}],\"inLanguage\":\"de\"}]}<\/script>\n<meta property=\"product:price:amount\" content=\"1700.00\" \/>\n<meta property=\"product:price:currency\" content=\"EUR\" \/>\n<meta property=\"og:availability\" content=\"instock\" \/>\n<meta property=\"product:availability\" content=\"instock\" \/>\n<meta property=\"product:condition\" content=\"new\" \/>\n<!-- \/ Yoast SEO plugin. -->","yoast_head_json":{"title":"Phenibut-Pulver online kaufen \u2013 Nat\u00fcrliches Mittel gegen Angst und Stimmung","description":"Bestellen Sie Phenibut-Pulver online als nat\u00fcrliche Alternative gegen Angstzust\u00e4nde und zur Verbesserung der kognitiven F\u00e4higkeiten. Erh\u00e4ltlich bei seri\u00f6sen Lieferanten","robots":{"index":"index","follow":"follow","max-snippet":"max-snippet:-1","max-image-preview":"max-image-preview:large","max-video-preview":"max-video-preview:-1"},"canonical":"https:\/\/frcs-research.com\/de\/product\/phenibutpulver-bestellen\/","og_locale":"de_DE","og_type":"article","og_title":"Buy Phenibut Powder Online - Natural Anxiety and Mood","og_description":"Order Phenibut powder online as a natural alternative for anxiety and cognitive enhancement. Available from reputable suppliers","og_url":"https:\/\/frcs-research.com\/de\/product\/phenibutpulver-bestellen\/","og_site_name":"wholesale supplier of research chemicals, 4mmc, 3mmc, MDPHP, Alpha PVP and more","article_modified_time":"2026-04-04T00:02:30+00:00","og_image":[{"width":750,"height":750,"url":"https:\/\/frcs-research.com\/wp-content\/uploads\/2024\/10\/141976235803521.jpg","type":"image\/jpeg"}],"twitter_card":"summary_large_image","twitter_misc":{"Preis":"&euro;1,700.00","Verf\u00fcgbarkeit":"Auf Lager"},"schema":{"@context":"https:\/\/schema.org","@graph":[{"@type":["WebPage","ItemPage"],"@id":"https:\/\/frcs-research.com\/product\/order-phenibut-powder\/","url":"https:\/\/frcs-research.com\/product\/order-phenibut-powder\/","name":"Phenibut-Pulver online kaufen \u2013 Nat\u00fcrliches Mittel gegen Angst und Stimmung","isPartOf":{"@id":"https:\/\/frcs-research.com\/#website"},"primaryImageOfPage":{"@id":"https:\/\/frcs-research.com\/product\/order-phenibut-powder\/#primaryimage"},"image":{"@id":"https:\/\/frcs-research.com\/product\/order-phenibut-powder\/#primaryimage"},"thumbnailUrl":"https:\/\/frcs-research.com\/wp-content\/uploads\/2024\/10\/141976235803521.jpg","datePublished":"2024-10-12T20:29:28+00:00","dateModified":"2026-04-04T00:02:30+00:00","description":"Bestellen Sie Phenibut-Pulver online als nat\u00fcrliche Alternative gegen Angstzust\u00e4nde und zur Verbesserung der kognitiven F\u00e4higkeiten. Erh\u00e4ltlich bei seri\u00f6sen Lieferanten","breadcrumb":{"@id":"https:\/\/frcs-research.com\/product\/order-phenibut-powder\/#breadcrumb"},"inLanguage":"de","potentialAction":[{"@type":"ReadAction","target":["https:\/\/frcs-research.com\/product\/order-phenibut-powder\/"]}]},{"@type":"ImageObject","inLanguage":"de","@id":"https:\/\/frcs-research.com\/product\/order-phenibut-powder\/#primaryimage","url":"https:\/\/frcs-research.com\/wp-content\/uploads\/2024\/10\/141976235803521.jpg","contentUrl":"https:\/\/frcs-research.com\/wp-content\/uploads\/2024\/10\/141976235803521.jpg","width":750,"height":750,"caption":"Order Phenibut powder"},{"@type":"BreadcrumbList","@id":"https:\/\/frcs-research.com\/product\/order-phenibut-powder\/#breadcrumb","itemListElement":[{"@type":"ListItem","position":1,"name":"Home","item":"https:\/\/frcs-research.com\/"},{"@type":"ListItem","position":2,"name":"Shop","item":"https:\/\/frcs-research.com\/shop\/"},{"@type":"ListItem","position":3,"name":"Phenibut Powder"}]},{"@type":"WebSite","@id":"https:\/\/frcs-research.com\/#website","url":"https:\/\/frcs-research.com\/","name":"Gro\u00dfh\u00e4ndler f\u00fcr Forschungschemikalien, 4mmc, 3mmc, MDPHP, Alpha PVP und mehr","description":"Gro\u00dfhandel mit Forschungschemikalien","potentialAction":[{"@type":"SearchAction","target":{"@type":"EntryPoint","urlTemplate":"https:\/\/frcs-research.com\/?s={search_term_string}"},"query-input":{"@type":"PropertyValueSpecification","valueRequired":true,"valueName":"search_term_string"}}],"inLanguage":"de"}]},"product_price_amount":"1700.00","product_price_currency":"EUR","og_availability":"instock","product_availability":"instock","product_condition":"new"},"uagb_featured_image_src":{"full":["https:\/\/frcs-research.com\/wp-content\/uploads\/2024\/10\/141976235803521.jpg",750,750,false],"thumbnail":["https:\/\/frcs-research.com\/wp-content\/uploads\/2024\/10\/141976235803521-150x150.jpg",150,150,true],"medium":["https:\/\/frcs-research.com\/wp-content\/uploads\/2024\/10\/141976235803521-300x300.jpg",300,300,true],"medium_large":["https:\/\/frcs-research.com\/wp-content\/uploads\/2024\/10\/141976235803521.jpg",750,750,false],"large":["https:\/\/frcs-research.com\/wp-content\/uploads\/2024\/10\/141976235803521.jpg",750,750,false],"1536x1536":["https:\/\/frcs-research.com\/wp-content\/uploads\/2024\/10\/141976235803521.jpg",750,750,false],"2048x2048":["https:\/\/frcs-research.com\/wp-content\/uploads\/2024\/10\/141976235803521.jpg",750,750,false],"trp-custom-language-flag":["https:\/\/frcs-research.com\/wp-content\/uploads\/2024\/10\/141976235803521.jpg",12,12,false],"post-thumbnail":["https:\/\/frcs-research.com\/wp-content\/uploads\/2024\/10\/141976235803521.jpg",620,620,false],"elite-commerce-slider":["https:\/\/frcs-research.com\/wp-content\/uploads\/2024\/10\/141976235803521.jpg",750,750,false],"elite-commerce-hero":["https:\/\/frcs-research.com\/wp-content\/uploads\/2024\/10\/141976235803521.jpg",600,600,false],"elite-commerce-portfolio":["https:\/\/frcs-research.com\/wp-content\/uploads\/2024\/10\/141976235803521.jpg",400,400,false],"woocommerce_thumbnail":["https:\/\/frcs-research.com\/wp-content\/uploads\/2024\/10\/141976235803521-300x300.jpg",300,300,true],"woocommerce_single":["https:\/\/frcs-research.com\/wp-content\/uploads\/2024\/10\/141976235803521-600x600.jpg",600,600,true],"woocommerce_gallery_thumbnail":["https:\/\/frcs-research.com\/wp-content\/uploads\/2024\/10\/141976235803521-100x100.jpg",100,100,true]},"uagb_author_info":{"display_name":"Richard Wood","author_link":"https:\/\/frcs-research.com\/de\/author\/"},"uagb_comment_info":808,"uagb_excerpt":"Buy Phenibut Powder Online &#8211; Natural Anxiety and Mood Enhancement Order Phenibut powder online as a natural alternative for anxiety and cognitive enhancement. Available from reputable suppliers, buy Phenibut today&hellip;&euro;1,900.00 Urspr\u00fcnglicher Preis war: &euro;1,900.00.&euro;1,700.00Der aktuelle Preis betr\u00e4gt: &euro;1,700.00.In den Warenkorb legen","_links":{"self":[{"href":"https:\/\/frcs-research.com\/de\/wp-json\/wp\/v2\/product\/706","targetHints":{"allow":["GET"]}}],"collection":[{"href":"https:\/\/frcs-research.com\/de\/wp-json\/wp\/v2\/product"}],"about":[{"href":"https:\/\/frcs-research.com\/de\/wp-json\/wp\/v2\/types\/product"}],"replies":[{"embeddable":true,"href":"https:\/\/frcs-research.com\/de\/wp-json\/wp\/v2\/comments?post=706"}],"wp:featuredmedia":[{"embeddable":true,"href":"https:\/\/frcs-research.com\/de\/wp-json\/wp\/v2\/media\/707"}],"wp:attachment":[{"href":"https:\/\/frcs-research.com\/de\/wp-json\/wp\/v2\/media?parent=706"}],"wp:term":[{"taxonomy":"product_brand","embeddable":true,"href":"https:\/\/frcs-research.com\/de\/wp-json\/wp\/v2\/product_brand?post=706"},{"taxonomy":"product_cat","embeddable":true,"href":"https:\/\/frcs-research.com\/de\/wp-json\/wp\/v2\/product_cat?post=706"},{"taxonomy":"product_tag","embeddable":true,"href":"https:\/\/frcs-research.com\/de\/wp-json\/wp\/v2\/product_tag?post=706"}],"curies":[{"name":"wp","href":"https:\/\/api.w.org\/{rel}","templated":true}]}}