{"id":712,"date":"2024-10-12T21:03:28","date_gmt":"2024-10-12T21:03:28","guid":{"rendered":"https:\/\/frcs-research.com\/?post_type=product&#038;p=712"},"modified":"2026-04-19T02:52:25","modified_gmt":"2026-04-19T02:52:25","slug":"jwh-018-online-kaufen","status":"publish","type":"product","link":"https:\/\/frcs-research.com\/de\/product\/jwh-018-online-kaufen\/","title":{"rendered":"JWH-018"},"content":{"rendered":"<h1>Kaufen Sie JWH-018 online, JWH-018-Pulver zu verkaufen, erwerben Sie JWH-018-Forschungschemikalien<\/h1>\n<p><strong>JWH-018<\/strong> ist eines der urspr\u00fcnglichen und bekanntesten synthetischen Cannabinoide, das in der Forschung weit verbreitet ist. Es wird f\u00fcr seine F\u00e4higkeit, die psychoaktiven Wirkungen von THC nachzuahmen, hoch gesch\u00e4tzt, was es zu einer Schl\u00fcsselverbindung in der Erforschung von <strong>Cannabinoid-Rezeptoren<\/strong>. Unser <strong>JWH-018 Pulver<\/strong> ist verf\u00fcgbar f\u00fcr <strong>schneller, diskreter Versand<\/strong>, sodass Sie ein hochwertiges Produkt direkt an die Haust\u00fcr geliefert bekommen.<\/p>","protected":false},"excerpt":{"rendered":"<p>Buy JWH-018 online, JWH-018 powder for sale, purchase JWH-018 research chemicals JWH-018 is one of the original and most well-known synthetic cannabinoids, widely used in research. It is highly valued&hellip;<\/p>\n<p class=\"product woocommerce add_to_cart_inline\" style=\"border:4px solid #ccc; padding: 12px;\"><del aria-hidden=\"true\"><span class=\"woocommerce-Price-amount amount\"><bdi><span class=\"woocommerce-Price-currencySymbol\">&euro;<\/span>2,500.00<\/bdi><\/span><\/del> <span class=\"screen-reader-text\" data-no-translation=\"\" data-trp-gettext=\"\">Urspr\u00fcnglicher Preis war: &euro;2,500.00.<\/span><ins aria-hidden=\"true\"><span class=\"woocommerce-Price-amount amount\"><bdi><span class=\"woocommerce-Price-currencySymbol\">&euro;<\/span>2,350.00<\/bdi><\/span><\/ins><span class=\"screen-reader-text\" data-no-translation=\"\" data-trp-gettext=\"\">Der aktuelle Preis betr\u00e4gt: &euro;2,350.00.<\/span><a href=\"\/de\/wp-json\/wp\/v2\/product\/712?add-to-cart=712\" aria-describedby=\"woocommerce_loop_add_to_cart_link_describedby_712\" data-quantity=\"1\" class=\"button product_type_simple add_to_cart_button ajax_add_to_cart\" data-product_id=\"712\" data-product_sku=\"\" aria-label=\"In den Warenkorb legen: \u201eJWH-018\u201c\" rel=\"nofollow\" data-success_message=\"\u201eJWH-018\u201c wurde deinem Warenkorb hinzugef\u00fcgt\" data-no-translation=\"\" data-trp-gettext=\"\" data-no-translation-aria-label=\"\" data-no-translation-data-success_message=\"\">In den Warenkorb legen<\/a>\t<span id=\"woocommerce_loop_add_to_cart_link_describedby_712\" class=\"screen-reader-text\"><br \/>\n\t\t\t<\/span><\/p>","protected":false},"featured_media":713,"comment_status":"open","ping_status":"closed","template":"","meta":{"_uag_custom_page_level_css":""},"product_brand":[],"product_cat":[25],"product_tag":[],"class_list":{"0":"post-712","1":"product","2":"type-product","3":"status-publish","4":"has-post-thumbnail","6":"product_cat-synthetic-cannabinoids","8":"first","9":"instock","10":"sale","11":"shipping-taxable","12":"purchasable","13":"product-type-simple"},"yoast_head":"<!-- This site is optimized with the Yoast SEO plugin v27.1.1 - https:\/\/yoast.com\/product\/yoast-seo-wordpress\/ -->\n<title>Buy JWH-018 online now from FRCS Research<\/title>\n<meta name=\"description\" content=\"Buy JWH-018 powder online at FRCS Research. High-purity JWH-018 for sale with discreet worldwide shipping. Perfect for cannabinoid receptor research.\" \/>\n<meta name=\"robots\" content=\"index, follow, max-snippet:-1, max-image-preview:large, max-video-preview:-1\" \/>\n<link rel=\"canonical\" href=\"https:\/\/frcs-research.com\/de\/product\/jwh-018-online-kaufen\/\" \/>\n<meta property=\"og:locale\" content=\"de_DE\" \/>\n<meta property=\"og:type\" content=\"article\" \/>\n<meta property=\"og:title\" content=\"Buy JWH-018 online now from FRCS Research\" \/>\n<meta property=\"og:description\" content=\"Buy JWH-018 powder online at FRCS Research. High-purity JWH-018 for sale with discreet worldwide shipping. Perfect for cannabinoid receptor research.\" \/>\n<meta property=\"og:url\" content=\"https:\/\/frcs-research.com\/de\/product\/jwh-018-online-kaufen\/\" \/>\n<meta property=\"og:site_name\" content=\"wholesale supplier of research chemicals, 4mmc, 3mmc, MDPHP, Alpha PVP and more\" \/>\n<meta property=\"article:modified_time\" content=\"2026-04-19T02:52:25+00:00\" \/>\n<meta property=\"og:image\" content=\"https:\/\/frcs-research.com\/wp-content\/uploads\/2024\/10\/unnamed-file.jpg\" \/>\n\t<meta property=\"og:image:width\" content=\"300\" \/>\n\t<meta property=\"og:image:height\" content=\"202\" \/>\n\t<meta property=\"og:image:type\" content=\"image\/jpeg\" \/>\n<meta name=\"twitter:card\" content=\"summary_large_image\" \/>\n<meta name=\"twitter:label1\" content=\"Preis\" \/>\n\t<meta name=\"twitter:data1\" content=\"&euro;2,350.00\" \/>\n\t<meta name=\"twitter:label2\" content=\"Verf\u00fcgbarkeit\" \/>\n\t<meta name=\"twitter:data2\" content=\"Auf Lager\" \/>\n<script type=\"application\/ld+json\" class=\"yoast-schema-graph\">{\"@context\":\"https:\/\/schema.org\",\"@graph\":[{\"@type\":[\"WebPage\",\"ItemPage\"],\"@id\":\"https:\/\/frcs-research.com\/product\/buy-jwh-018-online\/\",\"url\":\"https:\/\/frcs-research.com\/product\/buy-jwh-018-online\/\",\"name\":\"Buy JWH-018 online now from FRCS Research\",\"isPartOf\":{\"@id\":\"https:\/\/frcs-research.com\/#website\"},\"primaryImageOfPage\":{\"@id\":\"https:\/\/frcs-research.com\/product\/buy-jwh-018-online\/#primaryimage\"},\"image\":{\"@id\":\"https:\/\/frcs-research.com\/product\/buy-jwh-018-online\/#primaryimage\"},\"thumbnailUrl\":\"https:\/\/frcs-research.com\/wp-content\/uploads\/2024\/10\/unnamed-file.jpg\",\"datePublished\":\"2024-10-12T21:03:28+00:00\",\"dateModified\":\"2026-04-19T02:52:25+00:00\",\"description\":\"Buy JWH-018 powder online at FRCS Research. High-purity JWH-018 for sale with discreet worldwide shipping. Perfect for cannabinoid receptor research.\",\"breadcrumb\":{\"@id\":\"https:\/\/frcs-research.com\/product\/buy-jwh-018-online\/#breadcrumb\"},\"inLanguage\":\"de\",\"potentialAction\":[{\"@type\":\"ReadAction\",\"target\":[\"https:\/\/frcs-research.com\/product\/buy-jwh-018-online\/\"]}]},{\"@type\":\"ImageObject\",\"inLanguage\":\"de\",\"@id\":\"https:\/\/frcs-research.com\/product\/buy-jwh-018-online\/#primaryimage\",\"url\":\"https:\/\/frcs-research.com\/wp-content\/uploads\/2024\/10\/unnamed-file.jpg\",\"contentUrl\":\"https:\/\/frcs-research.com\/wp-content\/uploads\/2024\/10\/unnamed-file.jpg\",\"width\":300,\"height\":202,\"caption\":\"buy JWH-018 online\"},{\"@type\":\"BreadcrumbList\",\"@id\":\"https:\/\/frcs-research.com\/product\/buy-jwh-018-online\/#breadcrumb\",\"itemListElement\":[{\"@type\":\"ListItem\",\"position\":1,\"name\":\"Home\",\"item\":\"https:\/\/frcs-research.com\/\"},{\"@type\":\"ListItem\",\"position\":2,\"name\":\"Shop\",\"item\":\"https:\/\/frcs-research.com\/shop\/\"},{\"@type\":\"ListItem\",\"position\":3,\"name\":\"JWH-018\"}]},{\"@type\":\"WebSite\",\"@id\":\"https:\/\/frcs-research.com\/#website\",\"url\":\"https:\/\/frcs-research.com\/\",\"name\":\"wholesale supplier of research chemicals, 4mmc, 3mmc, MDPHP, Alpha PVP and more\",\"description\":\"Wholesale research chemicals\",\"potentialAction\":[{\"@type\":\"SearchAction\",\"target\":{\"@type\":\"EntryPoint\",\"urlTemplate\":\"https:\/\/frcs-research.com\/?s={search_term_string}\"},\"query-input\":{\"@type\":\"PropertyValueSpecification\",\"valueRequired\":true,\"valueName\":\"search_term_string\"}}],\"inLanguage\":\"de\"}]}<\/script>\n<meta property=\"product:price:amount\" content=\"2350.00\" \/>\n<meta property=\"product:price:currency\" content=\"EUR\" \/>\n<meta property=\"og:availability\" content=\"instock\" \/>\n<meta property=\"product:availability\" content=\"instock\" \/>\n<meta property=\"product:condition\" content=\"new\" \/>\n<!-- \/ Yoast SEO plugin. -->","yoast_head_json":{"title":"Kaufen Sie JWH-018 jetzt online bei FRCS Research","description":"Kaufen Sie JWH-018-Pulver online bei FRCS Research. Hochreines JWH-018 zu verkaufen mit diskretem weltweiten Versand. Perfekt f\u00fcr die Cannabinoid-Rezeptorforschung.","robots":{"index":"index","follow":"follow","max-snippet":"max-snippet:-1","max-image-preview":"max-image-preview:large","max-video-preview":"max-video-preview:-1"},"canonical":"https:\/\/frcs-research.com\/de\/product\/jwh-018-online-kaufen\/","og_locale":"de_DE","og_type":"article","og_title":"Buy JWH-018 online now from FRCS Research","og_description":"Buy JWH-018 powder online at FRCS Research. High-purity JWH-018 for sale with discreet worldwide shipping. Perfect for cannabinoid receptor research.","og_url":"https:\/\/frcs-research.com\/de\/product\/jwh-018-online-kaufen\/","og_site_name":"wholesale supplier of research chemicals, 4mmc, 3mmc, MDPHP, Alpha PVP and more","article_modified_time":"2026-04-19T02:52:25+00:00","og_image":[{"width":300,"height":202,"url":"https:\/\/frcs-research.com\/wp-content\/uploads\/2024\/10\/unnamed-file.jpg","type":"image\/jpeg"}],"twitter_card":"summary_large_image","twitter_misc":{"Preis":"&euro;2,350.00","Verf\u00fcgbarkeit":"Auf Lager"},"schema":{"@context":"https:\/\/schema.org","@graph":[{"@type":["WebPage","ItemPage"],"@id":"https:\/\/frcs-research.com\/product\/buy-jwh-018-online\/","url":"https:\/\/frcs-research.com\/product\/buy-jwh-018-online\/","name":"Kaufen Sie JWH-018 jetzt online bei FRCS Research","isPartOf":{"@id":"https:\/\/frcs-research.com\/#website"},"primaryImageOfPage":{"@id":"https:\/\/frcs-research.com\/product\/buy-jwh-018-online\/#primaryimage"},"image":{"@id":"https:\/\/frcs-research.com\/product\/buy-jwh-018-online\/#primaryimage"},"thumbnailUrl":"https:\/\/frcs-research.com\/wp-content\/uploads\/2024\/10\/unnamed-file.jpg","datePublished":"2024-10-12T21:03:28+00:00","dateModified":"2026-04-19T02:52:25+00:00","description":"Kaufen Sie JWH-018-Pulver online bei FRCS Research. Hochreines JWH-018 zu verkaufen mit diskretem weltweiten Versand. Perfekt f\u00fcr die Cannabinoid-Rezeptorforschung.","breadcrumb":{"@id":"https:\/\/frcs-research.com\/product\/buy-jwh-018-online\/#breadcrumb"},"inLanguage":"de","potentialAction":[{"@type":"ReadAction","target":["https:\/\/frcs-research.com\/product\/buy-jwh-018-online\/"]}]},{"@type":"ImageObject","inLanguage":"de","@id":"https:\/\/frcs-research.com\/product\/buy-jwh-018-online\/#primaryimage","url":"https:\/\/frcs-research.com\/wp-content\/uploads\/2024\/10\/unnamed-file.jpg","contentUrl":"https:\/\/frcs-research.com\/wp-content\/uploads\/2024\/10\/unnamed-file.jpg","width":300,"height":202,"caption":"buy JWH-018 online"},{"@type":"BreadcrumbList","@id":"https:\/\/frcs-research.com\/product\/buy-jwh-018-online\/#breadcrumb","itemListElement":[{"@type":"ListItem","position":1,"name":"Home","item":"https:\/\/frcs-research.com\/"},{"@type":"ListItem","position":2,"name":"Shop","item":"https:\/\/frcs-research.com\/shop\/"},{"@type":"ListItem","position":3,"name":"JWH-018"}]},{"@type":"WebSite","@id":"https:\/\/frcs-research.com\/#website","url":"https:\/\/frcs-research.com\/","name":"Gro\u00dfh\u00e4ndler f\u00fcr Forschungschemikalien, 4mmc, 3mmc, MDPHP, Alpha PVP und mehr","description":"Gro\u00dfhandel mit Forschungschemikalien","potentialAction":[{"@type":"SearchAction","target":{"@type":"EntryPoint","urlTemplate":"https:\/\/frcs-research.com\/?s={search_term_string}"},"query-input":{"@type":"PropertyValueSpecification","valueRequired":true,"valueName":"search_term_string"}}],"inLanguage":"de"}]},"product_price_amount":"2350.00","product_price_currency":"EUR","og_availability":"instock","product_availability":"instock","product_condition":"new"},"uagb_featured_image_src":{"full":["https:\/\/frcs-research.com\/wp-content\/uploads\/2024\/10\/unnamed-file.jpg",300,202,false],"thumbnail":["https:\/\/frcs-research.com\/wp-content\/uploads\/2024\/10\/unnamed-file-150x150.jpg",150,150,true],"medium":["https:\/\/frcs-research.com\/wp-content\/uploads\/2024\/10\/unnamed-file.jpg",300,202,false],"medium_large":["https:\/\/frcs-research.com\/wp-content\/uploads\/2024\/10\/unnamed-file.jpg",300,202,false],"large":["https:\/\/frcs-research.com\/wp-content\/uploads\/2024\/10\/unnamed-file.jpg",300,202,false],"1536x1536":["https:\/\/frcs-research.com\/wp-content\/uploads\/2024\/10\/unnamed-file.jpg",300,202,false],"2048x2048":["https:\/\/frcs-research.com\/wp-content\/uploads\/2024\/10\/unnamed-file.jpg",300,202,false],"trp-custom-language-flag":["https:\/\/frcs-research.com\/wp-content\/uploads\/2024\/10\/unnamed-file.jpg",18,12,false],"post-thumbnail":["https:\/\/frcs-research.com\/wp-content\/uploads\/2024\/10\/unnamed-file.jpg",300,202,false],"elite-commerce-slider":["https:\/\/frcs-research.com\/wp-content\/uploads\/2024\/10\/unnamed-file.jpg",300,202,false],"elite-commerce-hero":["https:\/\/frcs-research.com\/wp-content\/uploads\/2024\/10\/unnamed-file.jpg",300,202,false],"elite-commerce-portfolio":["https:\/\/frcs-research.com\/wp-content\/uploads\/2024\/10\/unnamed-file.jpg",300,202,false],"woocommerce_thumbnail":["https:\/\/frcs-research.com\/wp-content\/uploads\/2024\/10\/unnamed-file.jpg",300,202,false],"woocommerce_single":["https:\/\/frcs-research.com\/wp-content\/uploads\/2024\/10\/unnamed-file.jpg",300,202,false],"woocommerce_gallery_thumbnail":["https:\/\/frcs-research.com\/wp-content\/uploads\/2024\/10\/unnamed-file-100x100.jpg",100,100,true]},"uagb_author_info":{"display_name":"Richard Wood","author_link":"https:\/\/frcs-research.com\/de\/author\/"},"uagb_comment_info":777,"uagb_excerpt":"Buy JWH-018 online, JWH-018 powder for sale, purchase JWH-018 research chemicals JWH-018 is one of the original and most well-known synthetic cannabinoids, widely used in research. It is highly valued&hellip;&euro;2,500.00 Urspr\u00fcnglicher Preis war: &euro;2,500.00.&euro;2,350.00Der aktuelle Preis betr\u00e4gt: &euro;2,350.00.In den Warenkorb legen","_links":{"self":[{"href":"https:\/\/frcs-research.com\/de\/wp-json\/wp\/v2\/product\/712","targetHints":{"allow":["GET"]}}],"collection":[{"href":"https:\/\/frcs-research.com\/de\/wp-json\/wp\/v2\/product"}],"about":[{"href":"https:\/\/frcs-research.com\/de\/wp-json\/wp\/v2\/types\/product"}],"replies":[{"embeddable":true,"href":"https:\/\/frcs-research.com\/de\/wp-json\/wp\/v2\/comments?post=712"}],"wp:featuredmedia":[{"embeddable":true,"href":"https:\/\/frcs-research.com\/de\/wp-json\/wp\/v2\/media\/713"}],"wp:attachment":[{"href":"https:\/\/frcs-research.com\/de\/wp-json\/wp\/v2\/media?parent=712"}],"wp:term":[{"taxonomy":"product_brand","embeddable":true,"href":"https:\/\/frcs-research.com\/de\/wp-json\/wp\/v2\/product_brand?post=712"},{"taxonomy":"product_cat","embeddable":true,"href":"https:\/\/frcs-research.com\/de\/wp-json\/wp\/v2\/product_cat?post=712"},{"taxonomy":"product_tag","embeddable":true,"href":"https:\/\/frcs-research.com\/de\/wp-json\/wp\/v2\/product_tag?post=712"}],"curies":[{"name":"wp","href":"https:\/\/api.w.org\/{rel}","templated":true}]}}